{"id":967,"date":"2021-02-16T18:29:02","date_gmt":"2021-02-16T18:29:02","guid":{"rendered":"http:\/\/new-tranthi.test\/san-pham\/gach-the\/"},"modified":"2024-11-14T08:59:07","modified_gmt":"2024-11-14T01:59:07","slug":"gia-gach-the-quang-nam","status":"publish","type":"product","link":"https:\/\/tranthi.vn\/quangnam\/gia-gach-the-quang-nam\/","title":{"rendered":"G\u1ea1ch Th\u1ebb"},"content":{"rendered":"<h1 style=\"text-align: center;\"><strong><span style=\"color: #ff0000; font-size: 18pt; font-family: 'times new roman', times, serif;\">G\u1ea0CH TH\u1eba<\/span><\/strong><\/h1>\n<p><span style=\"font-family: 'times new roman', times, serif; font-size: 14pt; color: #000000;\"><strong><em>G\u1ea1ch th\u1ebb<\/em><\/strong> l\u00e0 g\u1ea1ch chuy\u00ean d\u00f9ng \u0111\u1ec3 x\u00e2y m\u00f3ng v\u00e0 \u1ed1p t\u01b0\u1eddng, b\u1edfi t\u00ednh ch\u1ea5t \u0111\u1eb7c kh\u00f4ng c\u00f3 kho\u1ea3ng tr\u1ed1ng n\u00ean s\u1eed d\u1ee5ng l\u00e0m m\u00f3ng s\u1ebd r\u1ea5t ch\u1eafc ch\u1eafn, tuy nhi\u00ean gi\u00e1\u00a0 c\u1ee7a g\u1ea1ch th\u1ebb t\u1ea1i <a href=\"https:\/\/vi.wikipedia.org\/wiki\/Qu%E1%BA%A3ng_Nam\">Qu\u1ea3ng Nam<\/a>\u00a0cao h\u01a1n so v\u1edbi nh\u1eefng lo\u1ea1i g\u1ea1ch kh\u00e1c. V\u00e0 vi\u1ec7c thi c\u00f4ng c\u0169ng r\u1ea5t t\u1ed1n nh\u00e2n l\u1ef1c n\u00ean n\u1ebfu kh\u00f4ng ph\u1ea3i kh\u00e1ch h\u00e0ng y\u00eau c\u1ea7u th\u00ec nh\u1eefng th\u1ea7u thi c\u00f4ng s\u1ebd kh\u00f4ng s\u1eed d\u1ee5ng<\/span><\/p>\n<figure id=\"attachment_7636\" aria-describedby=\"caption-attachment-7636\" style=\"width: 341px\" class=\"wp-caption aligncenter\"><img loading=\"lazy\" decoding=\"async\" class=\" wp-image-7636\" src=\"https:\/\/tranthi.vn\/quangnam\/wp-content\/uploads\/2021\/02\/gach-the-tam-ky-hoi-an-quang-nam.jpg\" alt=\"g\u1ea1ch th\u1ebb tam k\u1ef3- h\u1ed9i an- qu\u1ea3ng nam\" width=\"341\" height=\"341\" srcset=\"https:\/\/tranthi.vn\/quangnam\/wp-content\/uploads\/2021\/02\/gach-the-tam-ky-hoi-an-quang-nam.jpg 250w, https:\/\/tranthi.vn\/quangnam\/wp-content\/uploads\/2021\/02\/gach-the-tam-ky-hoi-an-quang-nam-100x100.jpg 100w\" sizes=\"auto, (max-width: 341px) 100vw, 341px\" \/><figcaption id=\"caption-attachment-7636\" class=\"wp-caption-text\"><span style=\"font-family: 'times new roman', times, serif;\"><em>g\u1ea1ch th\u1ebb tam k\u1ef3- h\u1ed9i an- qu\u1ea3ng nam<\/em><\/span><\/figcaption><\/figure>\n<h2><span style=\"color: #ff0000;\"><strong><span style=\"font-family: 'times new roman', times, serif; font-size: 14pt;\">1. \u0110\u1eb6C \u0110I\u1ec2M G\u1ea0CH TH\u1eba<\/span><\/strong><\/span><\/h2>\n<p><span style=\"font-family: 'times new roman', times, serif; font-size: 14pt; color: #000000;\">K\u00edch th\u01b0\u1edbc: \u00a06\u00d724 cm (60x240x9 mm)<\/span><\/p>\n<p><span style=\"font-family: 'times new roman', times, serif; font-size: 14pt; color: #000000;\">M\u00e0u s\u1eafc: C\u00f3 2 m\u00e0u ch\u00ednh l\u00e0 m\u00e0u \u0111\u1ecf \u0111\u1eadm v\u00e0 m\u00e0u v\u00e0ng kem.<\/span><\/p>\n<p><span style=\"font-family: 'times new roman', times, serif; font-size: 14pt; color: #000000;\">Gi\u00e1 c\u1ea3: lo\u1ea1i 1: <span style=\"color: #ff0000;\">1.650\/vi\u00ean<\/span><\/span><\/p>\n<p><span style=\"font-family: 'times new roman', times, serif; font-size: 14pt; color: #000000;\">S\u1ed1 l\u01b0\u1ee3ng \u0111\u1ecbnh m\u1ee9c: 70 vi\u00ean\/m2.<\/span><\/p>\n<figure id=\"attachment_7637\" aria-describedby=\"caption-attachment-7637\" style=\"width: 512px\" class=\"wp-caption aligncenter\"><img loading=\"lazy\" decoding=\"async\" class=\"size-full wp-image-7637\" src=\"https:\/\/tranthi.vn\/quangnam\/wp-content\/uploads\/2021\/02\/gach-the-tam-ky-hoi-an-quang-nam-2.jpg\" alt=\"g\u1ea1ch th\u1ebb tam k\u1ef3- h\u1ed9i an- qu\u1ea3ng nam\" width=\"512\" height=\"356\" \/><figcaption id=\"caption-attachment-7637\" class=\"wp-caption-text\"><span style=\"font-family: 'times new roman', times, serif;\"><em>\u00a0 \u00a0 \u00a0 \u00a0 \u00a0 \u00a0 \u00a0 \u00a0 \u00a0 \u00a0 \u00a0 \u00a0 g\u1ea1ch th\u1ebb tam k\u1ef3- h\u1ed9i an- qu\u1ea3ng nam<\/em><\/span><\/figcaption><\/figure>\n<h2><strong><span style=\"font-family: 'times new roman', times, serif; font-size: 14pt; color: #ff0000;\">2. C\u00c1CH L\u1ef0A CH\u1eccN G\u1ea0CH TH\u1eba \u1ed0P T\u01af\u1edcNG<\/span><\/strong><\/h2>\n<p><span style=\"font-family: 'times new roman', times, serif; font-size: 14pt; color: #000000;\">Hi\u1ec7n nay, t\u1ea1i <a href=\"https:\/\/vi.wikipedia.org\/wiki\/Qu%E1%BA%A3ng_Nam\">Qu\u1ea3ng Nam<\/a>\u00a0th\u00ec g\u1ea1ch <em>th\u1ebb<\/em> c\u00f3 kh\u00e1 nhi\u1ec1u m\u00e0u \u0111\u1ec3 b\u1ea1n l\u01b0a ch\u1ecdn, v\u00e0 gi\u00e1 c\u1ea3 c\u0169ng chia theo t\u1eebng m\u1ee9c kh\u00e1c nhau. Vi\u1ec7c s\u1eed d\u1ee5ng g\u1ea1ch th\u1ebb trong vi\u1ec7c trang tr\u00ed nh\u00e0 gi\u00fap ng\u00f4i nh\u00e0 tr\u1edf n\u00ean sang tr\u1ecdng h\u01a1n. \u0110\u1ed3ng th\u1eddi c\u0169ng b\u1ea3o v\u1ec7 ng\u00f4i nh\u00e0 t\u1ed1t h\u01a1n v\u00e0 ch\u1ed1ng n\u00f3ng m\u1ed9t c\u00e1ch v\u00f4 c\u00f9ng hi\u1ec7u qu\u1ea3.<\/span><\/p>\n<p><span style=\"color: #008000;\"><em><strong><span style=\"font-family: 'times new roman', times, serif; font-size: 14pt;\">a) \u0110\u1ed1i v\u1edbi kh\u00f4ng gian ngo\u1ea1i th\u1ea5t<\/span><\/strong><\/em><\/span><\/p>\n<p><span style=\"font-family: 'times new roman', times, serif; font-size: 14pt; color: #000000;\">\u0110\u1ed1i v\u1edbi kh\u00f4ng gian ngo\u00e0i nh\u00e0 \u0111a s\u1ed1 s\u1ebd ch\u1ecdn g\u1ea1ch th\u1ebb c\u00f3 m\u00e0u \u0111\u1ecf t\u01b0\u01a1i ho\u1eb7c \u0111\u1ecf th\u1eabm. V\u00ec nh\u1eefng m\u00e0u n\u00e0y s\u1ebd khi\u1ebfn ng\u00f4i nh\u00e0 tr\u1edf n\u00ean n\u1ed5i b\u1eadt. \u0110\u1ed3ng th\u1eddi v\u1eabn gi\u1eef \u0111\u01b0\u1ee3c n\u00e9t \u0111\u1eb9p m\u1ed9c m\u1ea1c v\u00e0 gi\u1ea3n d\u1ecb cho ng\u00f4i nh\u00e0<\/span><\/p>\n<p><span style=\"font-family: 'times new roman', times, serif; font-size: 14pt; color: #000000;\"><img loading=\"lazy\" decoding=\"async\" class=\"alignnone size-medium wp-image-1039 aligncenter\" src=\"http:\/\/tranthi.vn\/quangnam\/wp-content\/uploads\/2021\/02\/02-400x400.jpg\" alt=\"\" width=\"400\" height=\"400\" srcset=\"https:\/\/tranthi.vn\/quangnam\/wp-content\/uploads\/2021\/02\/02-400x400.jpg 400w, https:\/\/tranthi.vn\/quangnam\/wp-content\/uploads\/2021\/02\/02-280x280.jpg 280w, https:\/\/tranthi.vn\/quangnam\/wp-content\/uploads\/2021\/02\/02-100x100.jpg 100w, https:\/\/tranthi.vn\/quangnam\/wp-content\/uploads\/2021\/02\/02.jpg 500w\" sizes=\"auto, (max-width: 400px) 100vw, 400px\" \/><\/span><\/p>\n<p style=\"text-align: center;\"><span style=\"color: #ff6600;\"><strong><em><span style=\"font-family: 'times new roman', times, serif; font-size: 14pt;\">Kh\u00f4ng gian m\u1ed9c m\u1ea1c v\u00e0 gi\u1ea3n d\u1ecb<\/span><\/em><\/strong><\/span><\/p>\n<p><span style=\"font-family: 'times new roman', times, serif; font-size: 14pt; color: #000000;\">N\u1ebfu b\u1ea1n l\u00e0 m\u1ed9t ng\u01b0\u1eddi nh\u1eb9 nh\u00e0ng th\u00edch m\u1ed9t v\u1ebb \u0111\u1eb9p tinh kh\u00f4i v\u00e0 trong tr\u1ebbo th\u00ec nh\u1eefng vi\u00ean <strong>g\u1ea1ch<\/strong> th\u1ebb m\u00e0u tr\u1eafng l\u00e0 s\u1ef1 l\u1ef1a ch\u1ecdn ho\u00e0n h\u1ea3o nh\u1ea5t r\u1ed3i<\/span><\/p>\n<p><span style=\"color: #008000;\"><strong><em><span style=\"font-family: 'times new roman', times, serif; font-size: 14pt;\"><img loading=\"lazy\" decoding=\"async\" class=\"alignnone size-full wp-image-1038 aligncenter\" src=\"http:\/\/tranthi.vn\/quangnam\/wp-content\/uploads\/2021\/02\/01.jpg\" alt=\"\" width=\"500\" height=\"375\" \/><\/span><\/em><\/strong><\/span><\/p>\n<p style=\"text-align: center;\"><span style=\"color: #ff6600;\"><strong><em><span style=\"font-family: 'times new roman', times, serif; font-size: 14pt;\">M\u00e0u tr\u1eafng mang \u0111\u1ebfn v\u1ebb \u0111\u1eb9p tinh kh\u00f4i v\u00e0 sang tr\u1ecdng cho ng\u00f4i nh\u00e0<\/span><\/em><\/strong><\/span><\/p>\n<p><span style=\"color: #008000;\"><strong><em><span style=\"font-family: 'times new roman', times, serif; font-size: 14pt;\">b) \u0110\u1ed1i v\u1edbi kh\u00f4ng gian n\u1ed9i th\u1ea5t<\/span><\/em><\/strong><\/span><\/p>\n<p><span style=\"font-family: 'times new roman', times, serif; font-size: 14pt; color: #000000;\">Vi\u1ec7c l\u1ef1a ch\u1ecdn m\u00e0u g\u1ea1ch \u1ed1p t\u01b0\u1eddng b\u00ean trong nh\u00e0 s\u1ebd kh\u00f3 h\u01a1n v\u00ec s\u1ebd ph\u1ee5 thu\u1ed9c v\u00e0o t\u1eebng kh\u00f4ng gian v\u00e0 \u0111\u1ed3 n\u1ed9i th\u1ea5t trong nh\u00e0.<\/span><\/p>\n<p><span style=\"font-family: 'times new roman', times, serif; font-size: 14pt; color: #000000;\">N\u1ebfu l\u00e0 ph\u00f2ng t\u1eafm, nh\u00e0 b\u1ebfp b\u1ea1n b\u00ean l\u1ef1a ch\u1ecdn nh\u1eefng vi\u00ean g\u1ea1ch m\u00e0u tr\u1eafng kem l\u00e0 th\u00edch h\u1ee3p nh\u1ea5t. N\u00f3 s\u1ebd \u0111em \u0111\u1ebfn cho kh\u00f4ng gian s\u1ef1 t\u01b0\u01a1i s\u00e1ng v\u00e0 s\u1ea1ch s\u1ebd<\/span><\/p>\n<p><span style=\"font-family: 'times new roman', times, serif; font-size: 14pt; color: #000000;\"><img loading=\"lazy\" decoding=\"async\" class=\"alignnone size-full wp-image-1042 aligncenter\" src=\"http:\/\/tranthi.vn\/quangnam\/wp-content\/uploads\/2021\/02\/unnamed.png\" alt=\"\" width=\"512\" height=\"356\" \/><\/span><\/p>\n<p style=\"text-align: center;\"><em><strong><span style=\"font-family: 'times new roman', times, serif; font-size: 14pt; color: #ff6600;\">N\u00ean c\u00f3 s\u1ef1 k\u1ebft h\u1ee3p h\u00e0i h\u00f2a gi\u1eefa t\u1eebng kh\u00f4ng gian<\/span><\/strong><\/em><\/p>\n<p><span style=\"font-family: 'times new roman', times, serif; font-size: 14pt; color: #000000;\">Tuy nhi\u00ean b\u1ea1n n\u00ean ch\u00fa \u00fd l\u1ef1a ch\u1ecdn m\u00e0u g\u1ea1ch ph\u00f9 h\u1ee3p v\u1edbi nh\u1eefng kh\u00f4ng gian li\u00ean k\u1ebft nhau \u0111\u1ec3 t\u1ea1o s\u1ef1 h\u00e0i h\u00f2a. Kh\u00f4ng n\u00ean qu\u00e1 c\u1ee9ng ng\u1eaft c\u1eaft \u0111\u00f4i t\u1eebng kh\u00f4ng gian t\u1eebng m\u00e0u s\u1ebd khi\u1ebfn ng\u00f4i nh\u00e0 tr\u1edf th\u00e0nh m\u1edb h\u1ed7n \u0111\u1ed9n<\/span><\/p>\n<p><iframe loading=\"lazy\" src=\"\/\/www.youtube.com\/embed\/Ma2N4aJ4fG8\" width=\"560\" height=\"314\" allowfullscreen=\"allowfullscreen\"><\/iframe><\/p>\n","protected":false},"excerpt":{"rendered":"<p><span style=\"font-family: 'times new roman', times, serif; font-size: 130%; color: #000000;\">\ud83d\ude1b V\u1eadn chuy\u1ec3n trong \u0111\u1ecba b\u00e0n<a href=\"https:\/\/vi.wikipedia.org\/wiki\/Qu%E1%BA%A3ng_Nam\"><span style=\"color: #008000;\"> Qu\u1ea3ng Nam<\/span><\/a><\/span><\/p>\n<p><span style=\"font-family: 'times new roman', times, serif; font-size: 130%; color: #000000;\">\ud83d\ude1b \u0110\u01a1n gi\u00e1 <span style=\"color: #008000;\"><strong><a style=\"color: #008000;\" href=\"http:\/\/www.tuynelkiengiang.com.vn\/san_pham\/gach_the\/productid\/1770\/moduleid\/103694\/gach-the\">g\u1ea1ch th\u1ebb<\/a><\/strong><\/span>:<strong><span style=\"color: #ff0000;\"> 2.70<\/span><span style=\"color: #ed1c24;\">0<\/span><em><span style=\"color: #ff0000;\">\/vi\u00ean<\/span><\/em><\/strong><\/span><\/p>\n<p><span style=\"font-family: 'times new roman', times, serif; font-size: 130%;\"><span style=\"color: #000000;\">\ud83d\ude1b\u00a0 k\u00edch th\u01b0\u1edbc: <\/span><strong><span style=\"color: #000000;\">200x90x50 &#8211; gi\u00e1 <span style=\"color: #000000;\"><span style=\"color: #ff0000;\">2.70<\/span><span style=\"color: #ed1c24;\">0<\/span><em><span style=\"color: #ff0000;\">\/vi\u00ean<\/span><\/em><\/span><br \/>\n<\/span><\/strong><\/span><\/p>\n<p><span style=\"font-family: 'times new roman', times, serif; font-size: 130%; color: #000000;\">\ud83d\ude1b K\u00edch th\u01b0\u1edbc:<strong> 175x45x80 &#8211;\u00a0 gi\u00e1<\/strong> <strong><span style=\"color: #ff0000;\">1.700\/vi\u00ean<\/span><\/strong><\/span><\/p>\n<p><span style=\"font-family: 'times new roman', times, serif; font-size: 130%; color: #000000;\">\ud83d\ude1b Ch\u01b0a bao g\u1ed3m chi ph\u00ed v\u1eadn chuy\u1ec3n v\u00e0 b\u1ed1c x\u1ebfp<\/span><\/p>\n<p><span style=\"font-family: 'times new roman', times, serif; font-size: 130%;\"><em><span style=\"color: #000000;\">ch\u00fa \u00fd: Gach th\u1ebb nung th\u1ee7 c\u00f4ng n\u00ean m\u00e0u s\u1eafc, k\u00edch th\u01b0\u1edbc gi\u1eefa c\u00e1c vi\u00ean g\u1ea1ch s\u1ebd kh\u00f4ng ho\u00e0n to\u00e0n \u0111\u1ec1u nhau, v\u1ec1 k\u00edch th\u01b0\u1edbc c\u00f3 th\u1ec3 l\u1ec7ch nhau 1 ho\u1eb7c 2mm, v\u1ec1 m\u00e0u s\u1eafc c\u00f3 th\u1ec3 \u0111\u1ecf \u0111\u1eadm, cam, c\u00f3 ph\u1ea5n tr\u1eafng gi\u1eefa c\u00e1c vi\u00ean g\u1ea1ch v\u00e0 c\u00e1c l\u00f4 g\u1ea1ch<\/span><\/em><\/span><\/p>\n","protected":false},"featured_media":4519,"comment_status":"open","ping_status":"closed","template":"","meta":[],"product_cat":[297,341,106],"product_tag":[],"class_list":{"0":"post-967","1":"product","2":"type-product","3":"status-publish","4":"has-post-thumbnail","6":"product_cat-gach-the","7":"product_cat-gach-xay-dung-gach-the-da-nang","8":"product_cat-gach-xay","10":"first","11":"instock","12":"sale","13":"shipping-taxable","14":"purchasable","15":"product-type-simple"},"yoast_head":"<!-- This site is optimized with the Yoast SEO Premium plugin v22.3 (Yoast SEO v22.8) - https:\/\/yoast.com\/wordpress\/plugins\/seo\/ -->\n<title>Gi\u00e1 g\u1ea1ch th\u1ebb \u0111\u1ea5t nung Qu\u1ea3ng Nam-0947.335.871- Tr\u1ea7n Th\u1ecb<\/title>\n<meta name=\"description\" content=\"G\u1ea1ch th\u1ebb l\u00e0 g\u1ea1ch chuy\u00ean d\u00f9ng \u0111\u1ec3 x\u00e2y m\u00f3ng v\u00e0 \u1ed1p t\u01b0\u1eddng. Tr\u1ea7n Th\u1ecb l\u00e0 nh\u00e0 ph\u00e2n ph\u1ed1i g\u1ea1ch 6 l\u1ed7 v\u00e0 g\u1ea1ch th\u1ebb t\u1ea1i Qu\u1ea3ng Nam, uy t\u00edn, ch\u1ea5t l\u01b0\u1ee3ng\" \/>\n<meta name=\"robots\" content=\"index, follow, max-snippet:-1, max-image-preview:large, max-video-preview:-1\" \/>\n<link rel=\"canonical\" href=\"https:\/\/tranthi.vn\/quangnam\/gia-gach-the-quang-nam\/\" \/>\n<meta property=\"og:locale\" content=\"vi_VN\" \/>\n<meta property=\"og:type\" content=\"article\" \/>\n<meta property=\"og:title\" content=\"G\u1ea1ch Th\u1ebb\" \/>\n<meta property=\"og:description\" content=\"G\u1ea1ch th\u1ebb l\u00e0 g\u1ea1ch chuy\u00ean d\u00f9ng \u0111\u1ec3 x\u00e2y m\u00f3ng v\u00e0 \u1ed1p t\u01b0\u1eddng. Tr\u1ea7n Th\u1ecb l\u00e0 nh\u00e0 ph\u00e2n ph\u1ed1i g\u1ea1ch 6 l\u1ed7 v\u00e0 g\u1ea1ch th\u1ebb t\u1ea1i Qu\u1ea3ng Nam, uy t\u00edn, ch\u1ea5t l\u01b0\u1ee3ng\" \/>\n<meta property=\"og:url\" content=\"https:\/\/tranthi.vn\/quangnam\/gia-gach-the-quang-nam\/\" \/>\n<meta property=\"og:site_name\" content=\"V\u1eadt Li\u1ec7u X\u00e2y D\u1ef1ng Tr\u1ea7n Th\u1ecb Chi Nh\u00e1nh Qu\u1ea3ng Nam\" \/>\n<meta property=\"article:modified_time\" content=\"2024-11-14T01:59:07+00:00\" \/>\n<meta property=\"og:image\" content=\"https:\/\/tranthi.vn\/quangnam\/wp-content\/uploads\/2021\/02\/gia-gach-the-lai-nghi-da-nang_optimized.jpg\" \/>\n\t<meta property=\"og:image:width\" content=\"512\" \/>\n\t<meta property=\"og:image:height\" content=\"356\" \/>\n\t<meta property=\"og:image:type\" content=\"image\/jpeg\" \/>\n<meta name=\"twitter:card\" content=\"summary_large_image\" \/>\n<meta name=\"twitter:label1\" content=\"Gi\u00e1\" \/>\n\t<meta name=\"twitter:data1\" content=\"2,700&nbsp;&#8363;\" \/>\n\t<meta name=\"twitter:label2\" content=\"Kh\u1ea3 d\u1ee5ng\" \/>\n\t<meta name=\"twitter:data2\" content=\"Trong kho\" \/>\n<script type=\"application\/ld+json\" class=\"yoast-schema-graph\">{\"@context\":\"https:\/\/schema.org\",\"@graph\":[{\"@type\":[\"WebPage\",\"ItemPage\"],\"@id\":\"https:\/\/tranthi.vn\/quangnam\/gia-gach-the-quang-nam\/\",\"url\":\"https:\/\/tranthi.vn\/quangnam\/gia-gach-the-quang-nam\/\",\"name\":\"Gi\u00e1 g\u1ea1ch th\u1ebb \u0111\u1ea5t nung Qu\u1ea3ng Nam-0947.335.871- Tr\u1ea7n Th\u1ecb\",\"isPartOf\":{\"@id\":\"https:\/\/tranthi.vn\/quangnam\/#website\"},\"primaryImageOfPage\":{\"@id\":\"https:\/\/tranthi.vn\/quangnam\/gia-gach-the-quang-nam\/#primaryimage\"},\"image\":{\"@id\":\"https:\/\/tranthi.vn\/quangnam\/gia-gach-the-quang-nam\/#primaryimage\"},\"thumbnailUrl\":\"https:\/\/tranthi.vn\/quangnam\/wp-content\/uploads\/2021\/02\/gia-gach-the-lai-nghi-da-nang_optimized.jpg\",\"datePublished\":\"2021-02-16T18:29:02+00:00\",\"dateModified\":\"2024-11-14T01:59:07+00:00\",\"description\":\"G\u1ea1ch th\u1ebb l\u00e0 g\u1ea1ch chuy\u00ean d\u00f9ng \u0111\u1ec3 x\u00e2y m\u00f3ng v\u00e0 \u1ed1p t\u01b0\u1eddng. Tr\u1ea7n Th\u1ecb l\u00e0 nh\u00e0 ph\u00e2n ph\u1ed1i g\u1ea1ch 6 l\u1ed7 v\u00e0 g\u1ea1ch th\u1ebb t\u1ea1i Qu\u1ea3ng Nam, uy t\u00edn, ch\u1ea5t l\u01b0\u1ee3ng\",\"breadcrumb\":{\"@id\":\"https:\/\/tranthi.vn\/quangnam\/gia-gach-the-quang-nam\/#breadcrumb\"},\"inLanguage\":\"vi\",\"potentialAction\":[{\"@type\":\"ReadAction\",\"target\":[\"https:\/\/tranthi.vn\/quangnam\/gia-gach-the-quang-nam\/\"]}]},{\"@type\":\"ImageObject\",\"inLanguage\":\"vi\",\"@id\":\"https:\/\/tranthi.vn\/quangnam\/gia-gach-the-quang-nam\/#primaryimage\",\"url\":\"https:\/\/tranthi.vn\/quangnam\/wp-content\/uploads\/2021\/02\/gia-gach-the-lai-nghi-da-nang_optimized.jpg\",\"contentUrl\":\"https:\/\/tranthi.vn\/quangnam\/wp-content\/uploads\/2021\/02\/gia-gach-the-lai-nghi-da-nang_optimized.jpg\",\"width\":512,\"height\":356},{\"@type\":\"BreadcrumbList\",\"@id\":\"https:\/\/tranthi.vn\/quangnam\/gia-gach-the-quang-nam\/#breadcrumb\",\"itemListElement\":[{\"@type\":\"ListItem\",\"position\":1,\"name\":\"Trang ch\u1ee7\",\"item\":\"https:\/\/tranthi.vn\/quangnam\/\"},{\"@type\":\"ListItem\",\"position\":2,\"name\":\"Shop\",\"item\":\"https:\/\/tranthi.vn\/quangnam\/shop\/\"},{\"@type\":\"ListItem\",\"position\":3,\"name\":\"G\u1ea1ch Th\u1ebb\"}]},{\"@type\":\"WebSite\",\"@id\":\"https:\/\/tranthi.vn\/quangnam\/#website\",\"url\":\"https:\/\/tranthi.vn\/quangnam\/\",\"name\":\"V\u1eadt Li\u1ec7u X\u00e2y D\u1ef1ng Tr\u1ea7n Th\u1ecb Chi Nh\u00e1nh Qu\u1ea3ng Nam\",\"description\":\"V\u1eadt Li\u1ec7u X\u00e2y D\u1ef1ng - Qu\u1ea3ng Nam\",\"potentialAction\":[{\"@type\":\"SearchAction\",\"target\":{\"@type\":\"EntryPoint\",\"urlTemplate\":\"https:\/\/tranthi.vn\/quangnam\/?s={search_term_string}\"},\"query-input\":\"required name=search_term_string\"}],\"inLanguage\":\"vi\"},{\"@type\":\"ImageObject\",\"inLanguage\":\"vi\",\"@id\":\"https:\/\/tranthi.vn\/quangnam\/gia-gach-the-quang-nam\/#local-main-organization-logo\",\"url\":\"\",\"contentUrl\":\"\",\"caption\":\"V\u1eadt Li\u1ec7u X\u00e2y D\u1ef1ng Tr\u1ea7n Th\u1ecb Chi Nh\u00e1nh Qu\u1ea3ng Nam\"}]}<\/script>\n<meta property=\"product:price:amount\" content=\"2700\" \/>\n<meta property=\"product:price:currency\" content=\"VND\" \/>\n<meta property=\"og:availability\" content=\"instock\" \/>\n<meta property=\"product:availability\" content=\"instock\" \/>\n<meta property=\"product:condition\" content=\"new\" \/>\n<!-- \/ Yoast SEO Premium plugin. -->","yoast_head_json":{"title":"Gi\u00e1 g\u1ea1ch th\u1ebb \u0111\u1ea5t nung Qu\u1ea3ng Nam-0947.335.871- Tr\u1ea7n Th\u1ecb","description":"G\u1ea1ch th\u1ebb l\u00e0 g\u1ea1ch chuy\u00ean d\u00f9ng \u0111\u1ec3 x\u00e2y m\u00f3ng v\u00e0 \u1ed1p t\u01b0\u1eddng. Tr\u1ea7n Th\u1ecb l\u00e0 nh\u00e0 ph\u00e2n ph\u1ed1i g\u1ea1ch 6 l\u1ed7 v\u00e0 g\u1ea1ch th\u1ebb t\u1ea1i Qu\u1ea3ng Nam, uy t\u00edn, ch\u1ea5t l\u01b0\u1ee3ng","robots":{"index":"index","follow":"follow","max-snippet":"max-snippet:-1","max-image-preview":"max-image-preview:large","max-video-preview":"max-video-preview:-1"},"canonical":"https:\/\/tranthi.vn\/quangnam\/gia-gach-the-quang-nam\/","og_locale":"vi_VN","og_type":"article","og_title":"G\u1ea1ch Th\u1ebb","og_description":"G\u1ea1ch th\u1ebb l\u00e0 g\u1ea1ch chuy\u00ean d\u00f9ng \u0111\u1ec3 x\u00e2y m\u00f3ng v\u00e0 \u1ed1p t\u01b0\u1eddng. Tr\u1ea7n Th\u1ecb l\u00e0 nh\u00e0 ph\u00e2n ph\u1ed1i g\u1ea1ch 6 l\u1ed7 v\u00e0 g\u1ea1ch th\u1ebb t\u1ea1i Qu\u1ea3ng Nam, uy t\u00edn, ch\u1ea5t l\u01b0\u1ee3ng","og_url":"https:\/\/tranthi.vn\/quangnam\/gia-gach-the-quang-nam\/","og_site_name":"V\u1eadt Li\u1ec7u X\u00e2y D\u1ef1ng Tr\u1ea7n Th\u1ecb Chi Nh\u00e1nh Qu\u1ea3ng Nam","article_modified_time":"2024-11-14T01:59:07+00:00","og_image":[{"width":512,"height":356,"url":"https:\/\/tranthi.vn\/quangnam\/wp-content\/uploads\/2021\/02\/gia-gach-the-lai-nghi-da-nang_optimized.jpg","type":"image\/jpeg"}],"twitter_card":"summary_large_image","twitter_misc":{"Gi\u00e1":"2,700&nbsp;&#8363;","Kh\u1ea3 d\u1ee5ng":"Trong kho"},"schema":{"@context":"https:\/\/schema.org","@graph":[{"@type":["WebPage","ItemPage"],"@id":"https:\/\/tranthi.vn\/quangnam\/gia-gach-the-quang-nam\/","url":"https:\/\/tranthi.vn\/quangnam\/gia-gach-the-quang-nam\/","name":"Gi\u00e1 g\u1ea1ch th\u1ebb \u0111\u1ea5t nung Qu\u1ea3ng Nam-0947.335.871- Tr\u1ea7n Th\u1ecb","isPartOf":{"@id":"https:\/\/tranthi.vn\/quangnam\/#website"},"primaryImageOfPage":{"@id":"https:\/\/tranthi.vn\/quangnam\/gia-gach-the-quang-nam\/#primaryimage"},"image":{"@id":"https:\/\/tranthi.vn\/quangnam\/gia-gach-the-quang-nam\/#primaryimage"},"thumbnailUrl":"https:\/\/tranthi.vn\/quangnam\/wp-content\/uploads\/2021\/02\/gia-gach-the-lai-nghi-da-nang_optimized.jpg","datePublished":"2021-02-16T18:29:02+00:00","dateModified":"2024-11-14T01:59:07+00:00","description":"G\u1ea1ch th\u1ebb l\u00e0 g\u1ea1ch chuy\u00ean d\u00f9ng \u0111\u1ec3 x\u00e2y m\u00f3ng v\u00e0 \u1ed1p t\u01b0\u1eddng. Tr\u1ea7n Th\u1ecb l\u00e0 nh\u00e0 ph\u00e2n ph\u1ed1i g\u1ea1ch 6 l\u1ed7 v\u00e0 g\u1ea1ch th\u1ebb t\u1ea1i Qu\u1ea3ng Nam, uy t\u00edn, ch\u1ea5t l\u01b0\u1ee3ng","breadcrumb":{"@id":"https:\/\/tranthi.vn\/quangnam\/gia-gach-the-quang-nam\/#breadcrumb"},"inLanguage":"vi","potentialAction":[{"@type":"ReadAction","target":["https:\/\/tranthi.vn\/quangnam\/gia-gach-the-quang-nam\/"]}]},{"@type":"ImageObject","inLanguage":"vi","@id":"https:\/\/tranthi.vn\/quangnam\/gia-gach-the-quang-nam\/#primaryimage","url":"https:\/\/tranthi.vn\/quangnam\/wp-content\/uploads\/2021\/02\/gia-gach-the-lai-nghi-da-nang_optimized.jpg","contentUrl":"https:\/\/tranthi.vn\/quangnam\/wp-content\/uploads\/2021\/02\/gia-gach-the-lai-nghi-da-nang_optimized.jpg","width":512,"height":356},{"@type":"BreadcrumbList","@id":"https:\/\/tranthi.vn\/quangnam\/gia-gach-the-quang-nam\/#breadcrumb","itemListElement":[{"@type":"ListItem","position":1,"name":"Trang ch\u1ee7","item":"https:\/\/tranthi.vn\/quangnam\/"},{"@type":"ListItem","position":2,"name":"Shop","item":"https:\/\/tranthi.vn\/quangnam\/shop\/"},{"@type":"ListItem","position":3,"name":"G\u1ea1ch Th\u1ebb"}]},{"@type":"WebSite","@id":"https:\/\/tranthi.vn\/quangnam\/#website","url":"https:\/\/tranthi.vn\/quangnam\/","name":"V\u1eadt Li\u1ec7u X\u00e2y D\u1ef1ng Tr\u1ea7n Th\u1ecb Chi Nh\u00e1nh Qu\u1ea3ng Nam","description":"V\u1eadt Li\u1ec7u X\u00e2y D\u1ef1ng - Qu\u1ea3ng Nam","potentialAction":[{"@type":"SearchAction","target":{"@type":"EntryPoint","urlTemplate":"https:\/\/tranthi.vn\/quangnam\/?s={search_term_string}"},"query-input":"required name=search_term_string"}],"inLanguage":"vi"},{"@type":"ImageObject","inLanguage":"vi","@id":"https:\/\/tranthi.vn\/quangnam\/gia-gach-the-quang-nam\/#local-main-organization-logo","url":"","contentUrl":"","caption":"V\u1eadt Li\u1ec7u X\u00e2y D\u1ef1ng Tr\u1ea7n Th\u1ecb Chi Nh\u00e1nh Qu\u1ea3ng Nam"}]},"product_price_amount":"2700","product_price_currency":"VND","og_availability":"instock","product_availability":"instock","product_condition":"new"},"_links":{"self":[{"href":"https:\/\/tranthi.vn\/quangnam\/wp-json\/wp\/v2\/product\/967","targetHints":{"allow":["GET"]}}],"collection":[{"href":"https:\/\/tranthi.vn\/quangnam\/wp-json\/wp\/v2\/product"}],"about":[{"href":"https:\/\/tranthi.vn\/quangnam\/wp-json\/wp\/v2\/types\/product"}],"replies":[{"embeddable":true,"href":"https:\/\/tranthi.vn\/quangnam\/wp-json\/wp\/v2\/comments?post=967"}],"wp:featuredmedia":[{"embeddable":true,"href":"https:\/\/tranthi.vn\/quangnam\/wp-json\/wp\/v2\/media\/4519"}],"wp:attachment":[{"href":"https:\/\/tranthi.vn\/quangnam\/wp-json\/wp\/v2\/media?parent=967"}],"wp:term":[{"taxonomy":"product_cat","embeddable":true,"href":"https:\/\/tranthi.vn\/quangnam\/wp-json\/wp\/v2\/product_cat?post=967"},{"taxonomy":"product_tag","embeddable":true,"href":"https:\/\/tranthi.vn\/quangnam\/wp-json\/wp\/v2\/product_tag?post=967"}],"curies":[{"name":"wp","href":"https:\/\/api.w.org\/{rel}","templated":true}]}}