{"id":954,"date":"2021-02-16T18:09:13","date_gmt":"2021-02-16T11:09:13","guid":{"rendered":"http:\/\/new-tranthi.test\/san-pham\/gach-lat-via-he-re-quat-mau-vang-gia-100-000-m\/"},"modified":"2023-09-12T14:44:19","modified_gmt":"2023-09-12T07:44:19","slug":"gach-lat-via-he-re-quat-mau-vang-gia-100-000-m","status":"publish","type":"product","link":"https:\/\/tranthi.vn\/quangnam\/gach-lat-via-he-re-quat-mau-vang-gia-100-000-m\/","title":{"rendered":"G\u1ea1ch R\u1ebd Qu\u1ea1t M\u00e0u V\u00e0ng 30&#215;30"},"content":{"rendered":"","protected":false},"excerpt":{"rendered":"<p><strong><span style=\"font-family: 'times new roman', times, serif; font-size: 130%;\">1M2 = 11 Vi\u00ean<\/span><\/strong><\/p>\n<p><span style=\"color: #000000; font-family: 'times new roman', times, serif; font-size: 14pt;\">\ud83d\ude1b \u0110\u01a1n v\u1ecb t\u00ednh: M\u00e9t<\/span><\/p>\n<p><span style=\"color: #000000; font-family: 'times new roman', times, serif; font-size: 14pt;\">\ud83d\ude1b \u0110\u01a1n gi\u00e1<em><strong>: <a href=\"http:\/\/tranthi.vn\/quangnam\/gach-lat-via-he-re-quat-mau-vang-gia-95-000-m\/\"><span style=\"color: #008000;\">G\u1ea1ch L\u00e1t V\u1ec9a H\u00e8 <\/span><\/a><\/strong><\/em>trong n\u1ed9i th\u00e0nh \u0110\u00e0 N\u1eb5ng<\/span><\/p>\n<p><span style=\"font-family: 'times new roman', times, serif; font-size: 120%; color: #000000;\">K\u00edch th\u01b0\u1edbc: 30&#215;30<\/span><\/p>\n<p><span style=\"color: #000000; font-family: 'times new roman', times, serif; font-size: 14pt;\"><strong>\u00a0Gi\u00e1:<span style=\"color: #ff0000;\"> 94.000\/M2<\/span><\/strong><\/span><\/p>\n<p><span style=\"color: #000000; font-family: 'times new roman', times, serif; font-size: 14pt;\">\ud83d\ude1b Mi\u1ec5n ph\u00ed giao h\u00e0ng tr\u00ea 50m<\/span><\/p>\n<p><span style=\"color: #000000; font-family: 'times new roman', times, serif; font-size: 14pt;\">\ud83d\ude1b D\u01b0\u1edbi 50m t\u00ednh phi v\u1eadn chuy\u1ec3n tu\u1ef3 v\u00e0o v\u1ecb tr\u00ed<\/span><\/p>\n<p><span style=\"color: #000000; font-family: 'times new roman', times, serif; font-size: 14pt;\">\ud83d\ude1b Giao h\u00e0ng trong \u0111\u1ecba b\u00e0n\u00a0<span style=\"color: #008000;\"><em><a style=\"color: #008000;\" href=\"https:\/\/fr.wikipedia.org\/wiki\/Da_Nang\"><strong>\u0110\u00e0 N\u1eb5ng<\/strong><\/a><\/em><\/span><\/span><\/p>\n<p><em><span style=\"color: #0000ff;\">(Ph\u00ed v\u1eadn chuy\u1ec3n t\u00f9y v\u1ecb tr\u00ed giao h\u00e0ng)<\/span><\/em><\/p>\n","protected":false},"featured_media":953,"comment_status":"open","ping_status":"closed","template":"","meta":[],"product_cat":[95,96],"product_tag":[],"class_list":{"0":"post-954","1":"product","2":"type-product","3":"status-publish","4":"has-post-thumbnail","6":"product_cat-gach-lat-via-he","7":"product_cat-gach-men","9":"first","10":"instock","11":"sale","12":"shipping-taxable","13":"purchasable","14":"product-type-simple"},"yoast_head":"<!-- This site is optimized with the Yoast SEO Premium plugin v22.3 (Yoast SEO v22.8) - https:\/\/yoast.com\/wordpress\/plugins\/seo\/ -->\n<title>G\u1ea1ch R\u1ebd Qu\u1ea1t M\u00e0u V\u00e0ng 30x30 - V\u1eadt Li\u1ec7u X\u00e2y D\u1ef1ng Tr\u1ea7n Th\u1ecb Chi Nh\u00e1nh Qu\u1ea3ng Nam<\/title>\n<meta name=\"robots\" content=\"index, follow, max-snippet:-1, max-image-preview:large, max-video-preview:-1\" \/>\n<link rel=\"canonical\" href=\"https:\/\/tranthi.vn\/quangnam\/gach-lat-via-he-re-quat-mau-vang-gia-100-000-m\/\" \/>\n<meta property=\"og:locale\" content=\"vi_VN\" \/>\n<meta property=\"og:type\" content=\"article\" \/>\n<meta property=\"og:title\" content=\"G\u1ea1ch R\u1ebd Qu\u1ea1t M\u00e0u V\u00e0ng 30x30\" \/>\n<meta property=\"og:description\" content=\"1M2 = 11 Vi\u00ean  \ud83d\ude1b \u0110\u01a1n v\u1ecb t\u00ednh: M\u00e9t  \ud83d\ude1b \u0110\u01a1n gi\u00e1: G\u1ea1ch L\u00e1t V\u1ec9a H\u00e8 trong n\u1ed9i th\u00e0nh \u0110\u00e0 N\u1eb5ng  K\u00edch th\u01b0\u1edbc: 30x30  \u00a0Gi\u00e1: 94.000\/M2  \ud83d\ude1b Mi\u1ec5n ph\u00ed giao h\u00e0ng tr\u00ea 50m  \ud83d\ude1b D\u01b0\u1edbi 50m t\u00ednh phi v\u1eadn chuy\u1ec3n tu\u1ef3 v\u00e0o v\u1ecb tr\u00ed  \ud83d\ude1b Giao h\u00e0ng trong \u0111\u1ecba b\u00e0n\u00a0\u0110\u00e0 N\u1eb5ng  (Ph\u00ed v\u1eadn chuy\u1ec3n t\u00f9y v\u1ecb tr\u00ed giao h\u00e0ng)\" \/>\n<meta property=\"og:url\" content=\"https:\/\/tranthi.vn\/quangnam\/gach-lat-via-he-re-quat-mau-vang-gia-100-000-m\/\" \/>\n<meta property=\"og:site_name\" content=\"V\u1eadt Li\u1ec7u X\u00e2y D\u1ef1ng Tr\u1ea7n Th\u1ecb Chi Nh\u00e1nh Qu\u1ea3ng Nam\" \/>\n<meta property=\"article:modified_time\" content=\"2023-09-12T07:44:19+00:00\" \/>\n<meta property=\"og:image\" content=\"https:\/\/tranthi.vn\/quangnam\/wp-content\/uploads\/2021\/02\/gach-lat-via-he-mau-vang.jpg\" \/>\n\t<meta property=\"og:image:width\" content=\"450\" \/>\n\t<meta property=\"og:image:height\" content=\"450\" \/>\n\t<meta property=\"og:image:type\" content=\"image\/jpeg\" \/>\n<meta name=\"twitter:card\" content=\"summary_large_image\" \/>\n<meta name=\"twitter:label1\" content=\"Gi\u00e1\" \/>\n\t<meta name=\"twitter:data1\" content=\"94,000&nbsp;&#8363;\" \/>\n\t<meta name=\"twitter:label2\" content=\"Kh\u1ea3 d\u1ee5ng\" \/>\n\t<meta name=\"twitter:data2\" content=\"Trong kho\" \/>\n<script type=\"application\/ld+json\" class=\"yoast-schema-graph\">{\"@context\":\"https:\/\/schema.org\",\"@graph\":[{\"@type\":[\"WebPage\",\"ItemPage\"],\"@id\":\"https:\/\/tranthi.vn\/quangnam\/gach-lat-via-he-re-quat-mau-vang-gia-100-000-m\/\",\"url\":\"https:\/\/tranthi.vn\/quangnam\/gach-lat-via-he-re-quat-mau-vang-gia-100-000-m\/\",\"name\":\"G\u1ea1ch R\u1ebd Qu\u1ea1t M\u00e0u V\u00e0ng 30x30 - V\u1eadt Li\u1ec7u X\u00e2y D\u1ef1ng Tr\u1ea7n Th\u1ecb Chi Nh\u00e1nh Qu\u1ea3ng Nam\",\"isPartOf\":{\"@id\":\"https:\/\/tranthi.vn\/quangnam\/#website\"},\"primaryImageOfPage\":{\"@id\":\"https:\/\/tranthi.vn\/quangnam\/gach-lat-via-he-re-quat-mau-vang-gia-100-000-m\/#primaryimage\"},\"image\":{\"@id\":\"https:\/\/tranthi.vn\/quangnam\/gach-lat-via-he-re-quat-mau-vang-gia-100-000-m\/#primaryimage\"},\"thumbnailUrl\":\"https:\/\/tranthi.vn\/quangnam\/wp-content\/uploads\/2021\/02\/gach-lat-via-he-mau-vang.jpg\",\"datePublished\":\"2021-02-16T11:09:13+00:00\",\"dateModified\":\"2023-09-12T07:44:19+00:00\",\"breadcrumb\":{\"@id\":\"https:\/\/tranthi.vn\/quangnam\/gach-lat-via-he-re-quat-mau-vang-gia-100-000-m\/#breadcrumb\"},\"inLanguage\":\"vi\",\"potentialAction\":[{\"@type\":\"ReadAction\",\"target\":[\"https:\/\/tranthi.vn\/quangnam\/gach-lat-via-he-re-quat-mau-vang-gia-100-000-m\/\"]}]},{\"@type\":\"ImageObject\",\"inLanguage\":\"vi\",\"@id\":\"https:\/\/tranthi.vn\/quangnam\/gach-lat-via-he-re-quat-mau-vang-gia-100-000-m\/#primaryimage\",\"url\":\"https:\/\/tranthi.vn\/quangnam\/wp-content\/uploads\/2021\/02\/gach-lat-via-he-mau-vang.jpg\",\"contentUrl\":\"https:\/\/tranthi.vn\/quangnam\/wp-content\/uploads\/2021\/02\/gach-lat-via-he-mau-vang.jpg\",\"width\":450,\"height\":450},{\"@type\":\"BreadcrumbList\",\"@id\":\"https:\/\/tranthi.vn\/quangnam\/gach-lat-via-he-re-quat-mau-vang-gia-100-000-m\/#breadcrumb\",\"itemListElement\":[{\"@type\":\"ListItem\",\"position\":1,\"name\":\"Trang ch\u1ee7\",\"item\":\"https:\/\/tranthi.vn\/quangnam\/\"},{\"@type\":\"ListItem\",\"position\":2,\"name\":\"Shop\",\"item\":\"https:\/\/tranthi.vn\/quangnam\/shop\/\"},{\"@type\":\"ListItem\",\"position\":3,\"name\":\"G\u1ea1ch R\u1ebd Qu\u1ea1t M\u00e0u V\u00e0ng 30&#215;30\"}]},{\"@type\":\"WebSite\",\"@id\":\"https:\/\/tranthi.vn\/quangnam\/#website\",\"url\":\"https:\/\/tranthi.vn\/quangnam\/\",\"name\":\"V\u1eadt Li\u1ec7u X\u00e2y D\u1ef1ng Tr\u1ea7n Th\u1ecb Chi Nh\u00e1nh Qu\u1ea3ng Nam\",\"description\":\"V\u1eadt Li\u1ec7u X\u00e2y D\u1ef1ng - Qu\u1ea3ng Nam\",\"potentialAction\":[{\"@type\":\"SearchAction\",\"target\":{\"@type\":\"EntryPoint\",\"urlTemplate\":\"https:\/\/tranthi.vn\/quangnam\/?s={search_term_string}\"},\"query-input\":\"required name=search_term_string\"}],\"inLanguage\":\"vi\"},{\"@type\":\"ImageObject\",\"inLanguage\":\"vi\",\"@id\":\"https:\/\/tranthi.vn\/quangnam\/gach-lat-via-he-re-quat-mau-vang-gia-100-000-m\/#local-main-organization-logo\",\"url\":\"\",\"contentUrl\":\"\",\"caption\":\"V\u1eadt Li\u1ec7u X\u00e2y D\u1ef1ng Tr\u1ea7n Th\u1ecb Chi Nh\u00e1nh Qu\u1ea3ng Nam\"}]}<\/script>\n<meta property=\"product:price:amount\" content=\"94000\" \/>\n<meta property=\"product:price:currency\" content=\"VND\" \/>\n<meta property=\"og:availability\" content=\"instock\" \/>\n<meta property=\"product:availability\" content=\"instock\" \/>\n<meta property=\"product:condition\" content=\"new\" \/>\n<!-- \/ Yoast SEO Premium plugin. -->","yoast_head_json":{"title":"G\u1ea1ch R\u1ebd Qu\u1ea1t M\u00e0u V\u00e0ng 30x30 - V\u1eadt Li\u1ec7u X\u00e2y D\u1ef1ng Tr\u1ea7n Th\u1ecb Chi Nh\u00e1nh Qu\u1ea3ng Nam","robots":{"index":"index","follow":"follow","max-snippet":"max-snippet:-1","max-image-preview":"max-image-preview:large","max-video-preview":"max-video-preview:-1"},"canonical":"https:\/\/tranthi.vn\/quangnam\/gach-lat-via-he-re-quat-mau-vang-gia-100-000-m\/","og_locale":"vi_VN","og_type":"article","og_title":"G\u1ea1ch R\u1ebd Qu\u1ea1t M\u00e0u V\u00e0ng 30x30","og_description":"1M2 = 11 Vi\u00ean  \ud83d\ude1b \u0110\u01a1n v\u1ecb t\u00ednh: M\u00e9t  \ud83d\ude1b \u0110\u01a1n gi\u00e1: G\u1ea1ch L\u00e1t V\u1ec9a H\u00e8 trong n\u1ed9i th\u00e0nh \u0110\u00e0 N\u1eb5ng  K\u00edch th\u01b0\u1edbc: 30x30  \u00a0Gi\u00e1: 94.000\/M2  \ud83d\ude1b Mi\u1ec5n ph\u00ed giao h\u00e0ng tr\u00ea 50m  \ud83d\ude1b D\u01b0\u1edbi 50m t\u00ednh phi v\u1eadn chuy\u1ec3n tu\u1ef3 v\u00e0o v\u1ecb tr\u00ed  \ud83d\ude1b Giao h\u00e0ng trong \u0111\u1ecba b\u00e0n\u00a0\u0110\u00e0 N\u1eb5ng  (Ph\u00ed v\u1eadn chuy\u1ec3n t\u00f9y v\u1ecb tr\u00ed giao h\u00e0ng)","og_url":"https:\/\/tranthi.vn\/quangnam\/gach-lat-via-he-re-quat-mau-vang-gia-100-000-m\/","og_site_name":"V\u1eadt Li\u1ec7u X\u00e2y D\u1ef1ng Tr\u1ea7n Th\u1ecb Chi Nh\u00e1nh Qu\u1ea3ng Nam","article_modified_time":"2023-09-12T07:44:19+00:00","og_image":[{"width":450,"height":450,"url":"https:\/\/tranthi.vn\/quangnam\/wp-content\/uploads\/2021\/02\/gach-lat-via-he-mau-vang.jpg","type":"image\/jpeg"}],"twitter_card":"summary_large_image","twitter_misc":{"Gi\u00e1":"94,000&nbsp;&#8363;","Kh\u1ea3 d\u1ee5ng":"Trong kho"},"schema":{"@context":"https:\/\/schema.org","@graph":[{"@type":["WebPage","ItemPage"],"@id":"https:\/\/tranthi.vn\/quangnam\/gach-lat-via-he-re-quat-mau-vang-gia-100-000-m\/","url":"https:\/\/tranthi.vn\/quangnam\/gach-lat-via-he-re-quat-mau-vang-gia-100-000-m\/","name":"G\u1ea1ch R\u1ebd Qu\u1ea1t M\u00e0u V\u00e0ng 30x30 - V\u1eadt Li\u1ec7u X\u00e2y D\u1ef1ng Tr\u1ea7n Th\u1ecb Chi Nh\u00e1nh Qu\u1ea3ng Nam","isPartOf":{"@id":"https:\/\/tranthi.vn\/quangnam\/#website"},"primaryImageOfPage":{"@id":"https:\/\/tranthi.vn\/quangnam\/gach-lat-via-he-re-quat-mau-vang-gia-100-000-m\/#primaryimage"},"image":{"@id":"https:\/\/tranthi.vn\/quangnam\/gach-lat-via-he-re-quat-mau-vang-gia-100-000-m\/#primaryimage"},"thumbnailUrl":"https:\/\/tranthi.vn\/quangnam\/wp-content\/uploads\/2021\/02\/gach-lat-via-he-mau-vang.jpg","datePublished":"2021-02-16T11:09:13+00:00","dateModified":"2023-09-12T07:44:19+00:00","breadcrumb":{"@id":"https:\/\/tranthi.vn\/quangnam\/gach-lat-via-he-re-quat-mau-vang-gia-100-000-m\/#breadcrumb"},"inLanguage":"vi","potentialAction":[{"@type":"ReadAction","target":["https:\/\/tranthi.vn\/quangnam\/gach-lat-via-he-re-quat-mau-vang-gia-100-000-m\/"]}]},{"@type":"ImageObject","inLanguage":"vi","@id":"https:\/\/tranthi.vn\/quangnam\/gach-lat-via-he-re-quat-mau-vang-gia-100-000-m\/#primaryimage","url":"https:\/\/tranthi.vn\/quangnam\/wp-content\/uploads\/2021\/02\/gach-lat-via-he-mau-vang.jpg","contentUrl":"https:\/\/tranthi.vn\/quangnam\/wp-content\/uploads\/2021\/02\/gach-lat-via-he-mau-vang.jpg","width":450,"height":450},{"@type":"BreadcrumbList","@id":"https:\/\/tranthi.vn\/quangnam\/gach-lat-via-he-re-quat-mau-vang-gia-100-000-m\/#breadcrumb","itemListElement":[{"@type":"ListItem","position":1,"name":"Trang ch\u1ee7","item":"https:\/\/tranthi.vn\/quangnam\/"},{"@type":"ListItem","position":2,"name":"Shop","item":"https:\/\/tranthi.vn\/quangnam\/shop\/"},{"@type":"ListItem","position":3,"name":"G\u1ea1ch R\u1ebd Qu\u1ea1t M\u00e0u V\u00e0ng 30&#215;30"}]},{"@type":"WebSite","@id":"https:\/\/tranthi.vn\/quangnam\/#website","url":"https:\/\/tranthi.vn\/quangnam\/","name":"V\u1eadt Li\u1ec7u X\u00e2y D\u1ef1ng Tr\u1ea7n Th\u1ecb Chi Nh\u00e1nh Qu\u1ea3ng Nam","description":"V\u1eadt Li\u1ec7u X\u00e2y D\u1ef1ng - Qu\u1ea3ng Nam","potentialAction":[{"@type":"SearchAction","target":{"@type":"EntryPoint","urlTemplate":"https:\/\/tranthi.vn\/quangnam\/?s={search_term_string}"},"query-input":"required name=search_term_string"}],"inLanguage":"vi"},{"@type":"ImageObject","inLanguage":"vi","@id":"https:\/\/tranthi.vn\/quangnam\/gach-lat-via-he-re-quat-mau-vang-gia-100-000-m\/#local-main-organization-logo","url":"","contentUrl":"","caption":"V\u1eadt Li\u1ec7u X\u00e2y D\u1ef1ng Tr\u1ea7n Th\u1ecb Chi Nh\u00e1nh Qu\u1ea3ng Nam"}]},"product_price_amount":"94000","product_price_currency":"VND","og_availability":"instock","product_availability":"instock","product_condition":"new"},"_links":{"self":[{"href":"https:\/\/tranthi.vn\/quangnam\/wp-json\/wp\/v2\/product\/954","targetHints":{"allow":["GET"]}}],"collection":[{"href":"https:\/\/tranthi.vn\/quangnam\/wp-json\/wp\/v2\/product"}],"about":[{"href":"https:\/\/tranthi.vn\/quangnam\/wp-json\/wp\/v2\/types\/product"}],"replies":[{"embeddable":true,"href":"https:\/\/tranthi.vn\/quangnam\/wp-json\/wp\/v2\/comments?post=954"}],"wp:featuredmedia":[{"embeddable":true,"href":"https:\/\/tranthi.vn\/quangnam\/wp-json\/wp\/v2\/media\/953"}],"wp:attachment":[{"href":"https:\/\/tranthi.vn\/quangnam\/wp-json\/wp\/v2\/media?parent=954"}],"wp:term":[{"taxonomy":"product_cat","embeddable":true,"href":"https:\/\/tranthi.vn\/quangnam\/wp-json\/wp\/v2\/product_cat?post=954"},{"taxonomy":"product_tag","embeddable":true,"href":"https:\/\/tranthi.vn\/quangnam\/wp-json\/wp\/v2\/product_tag?post=954"}],"curies":[{"name":"wp","href":"https:\/\/api.w.org\/{rel}","templated":true}]}}