{"id":869,"date":"2021-02-16T16:33:02","date_gmt":"2021-02-16T16:33:02","guid":{"rendered":"http:\/\/new-tranthi.test\/san-pham\/chong-tham-sika-tai-da-nang\/"},"modified":"2024-11-14T14:57:26","modified_gmt":"2024-11-14T07:57:26","slug":"chong-tham-sika-tai-hoi-an-tam-ky-quang-nam","status":"publish","type":"product","link":"https:\/\/tranthi.vn\/quangnam\/chong-tham-sika-tai-hoi-an-tam-ky-quang-nam\/","title":{"rendered":"Ch\u1ed1ng Th\u1ea5m Sika T\u1ea1i Qu\u1ea3ng Nam"},"content":{"rendered":"<h1 style=\"text-align: center;\"><span style=\"color: #ff0000;\"><strong><span style=\"font-family: 'times new roman', times, serif; font-size: 14pt;\">C\u00c1C S\u1ea2N PH\u1ea8M CH\u1ed0NG TH\u1ea4M SIKA T\u1ea0I QU\u1ea2NG NAM<\/span><\/strong><\/span><\/h1>\n<p><span style=\"font-family: 'times new roman', times, serif; font-size: 14pt; color: #000000;\"><strong><em>T\u1ea1i H\u1ed9i An-Tam K\u1ef3-Qu\u1ea3ng Nam\u00a0Sika<\/em><\/strong> l\u00e0 m\u1ed9t trong nh\u1eefng d\u00f2ng s\u1ea3n ph\u1ea9m <strong><em>ch\u1ed1ng th\u1ea5m<\/em><\/strong> \u0111\u1ea1t chu\u1ea9n, c\u00e1c d\u00f2ng s\u1ea3n ph\u1ea9m c\u1ee7a sika c\u0169ng v\u00f4 c\u00f9ng phong ph\u00fa \u0111\u00e1p \u1ee9ng \u0111\u1ea7y \u0111\u1ee7 nhu c\u1ea7u c\u1ee7a ng\u01b0\u1eddi s\u1eed d\u1ee5ng. D\u01b0\u1edbi \u0111\u00e2y Tr\u1ea7n Th\u1ecb s\u1ebd \u0111\u01b0a ra danh m\u1ee5c t\u1ea5t c\u1ea3 c\u00e1c s\u1ea3n ph\u1ea9m c\u1ee7a <a href=\"https:\/\/vnm.sika.com\/\"><em><strong>sika<\/strong><\/em><\/a> \u0111\u1ec3 qu\u00fd kh\u00e1ch h\u00e0ng tham kh\u1ea3o<\/span><\/p>\n<p style=\"text-align: center;\"><iframe loading=\"lazy\" src=\"\/\/www.youtube.com\/embed\/jHp6tjTw49E\" width=\"560\" height=\"314\" allowfullscreen=\"allowfullscreen\"><\/iframe><\/p>\n<h2><span style=\"color: #ff0000;\"><strong><span style=\"font-family: 'times new roman', times, serif; font-size: 14pt;\">1. DANH M\u1ee4C C\u00c1C S\u1ea2N PH\u1ea8M CH\u1ed0NG TH\u1ea4M C\u1ee6A SIKA<\/span><\/strong><\/span><\/h2>\n<ol>\n<li><span style=\"font-family: 'times new roman', times, serif; font-size: 14pt; color: #000000;\">Sika latex th: C\u00f4ng d\u1ee5ng d\u00f9ng ch\u1ed1ng th\u1ea5m s\u00e0n, s\u00e2n th\u01b0\u1ee3ng, x\u00ea n\u00f4, toilet. Lo\u1ea1i n\u00e0y c\u00f3 ch\u1ea5t l\u01b0\u1ee3ng trung b\u00ecnh v\u00e0 c\u00f3 3 \u0111\u01a1n v\u1ecb t\u00ednh 2l, 5l, 25l<\/span><\/li>\n<li><span style=\"font-family: 'times new roman', times, serif; font-size: 14pt; color: #000000;\">Sika latex: C\u00f4ng d\u1ee5ng d\u00f9ng ch\u1ed1ng th\u1ea5m s\u00e0n, t\u01b0\u1eddng, nh\u01b0ng t\u1ed1t h\u01a1n sika latex th c\u00f3 hai \u0111\u01a1n v\u1ecb t\u00ednh 5l, 25l<\/span><\/li>\n<li><span style=\"font-family: 'times new roman', times, serif; font-size: 14pt; color: #000000;\">Sika topseal 107: D\u00f9ng ch\u1ed1ng th\u1ea5m s\u00e0n, nh\u00e0 v\u1ec7 sinh, b\u1ec3 n\u01b0\u1edbc<\/span><\/li>\n<li><span style=\"font-family: 'times new roman', times, serif; font-size: 14pt; color: #000000;\">Sika proofmembrane: C\u00f4ng d\u1ee5ng d\u00f9ng ch\u1ed1ng th\u1ea5m s\u00e0n, c\u00f3 hai \u0111\u01a1n v\u1ecb t\u00ednh 6kg, 18kg<\/span><\/li>\n<li><span style=\"font-family: 'times new roman', times, serif; font-size: 14pt; color: #000000;\">Sika floot cheabdur: Lo\u1ea1i n\u00e0y l\u00e0 l\u1edbp s\u01a1n ph\u1ee7 d\u00f9ng \u0111\u1ec3 xoa l\u00ean n\u1ec1n c\u00f3 hai m\u00e0u xanh v\u00e0 b\u1ea1c \u0111\u01a1n v\u1ecb t\u00ednh 25kg\/bao<\/span><\/li>\n<li><span style=\"font-family: 'times new roman', times, serif; font-size: 14pt; color: #000000;\">Sika remmitool ch\u1ed1ng th\u1ea5m t\u01b0\u1eddng g\u1ed1c acrylic: C\u00f3 t\u00e1c d\u1ee5ng d\u00f9ng ch\u1ed1ng th\u1ea5m t\u01b0\u1eddng ngo\u00e0i nh\u01b0 ph\u00eda b\u00ean h\u00f4ng v\u00e0 sau l\u01b0ng \u0111\u01a1n v\u1ecb t\u00ednh 4kg, 2kg c\u00f3 3 m\u00e0u tr\u1eafng, v\u00e0ng, ghi<\/span><\/li>\n<li><span style=\"font-family: 'times new roman', times, serif; font-size: 130%; color: #000000;\">Sika lactic 590: ch\u1ed1ng th\u1ea5m s\u00e0n m\u00e1i c\u00f3 th\u1ec3 \u0111\u1ec3 l\u1ed9 thi\u00ean<\/span><\/li>\n<\/ol>\n<figure id=\"attachment_7693\" aria-describedby=\"caption-attachment-7693\" style=\"width: 378px\" class=\"wp-caption aligncenter\"><img loading=\"lazy\" decoding=\"async\" class=\" wp-image-7693\" src=\"https:\/\/tranthi.vn\/quangnam\/wp-content\/uploads\/2021\/02\/chong-tham-sika-top-seal-tai-tam-ky-hoi-an-quang-nam.jpg\" alt=\"ch\u1ed1ng th\u1ea5m sika top seal t\u1ea1i tam k\u1ef3- h\u1ed9i an- qu\u1ea3ng nam\" width=\"378\" height=\"378\" srcset=\"https:\/\/tranthi.vn\/quangnam\/wp-content\/uploads\/2021\/02\/chong-tham-sika-top-seal-tai-tam-ky-hoi-an-quang-nam.jpg 300w, https:\/\/tranthi.vn\/quangnam\/wp-content\/uploads\/2021\/02\/chong-tham-sika-top-seal-tai-tam-ky-hoi-an-quang-nam-100x100.jpg 100w\" sizes=\"auto, (max-width: 378px) 100vw, 378px\" \/><figcaption id=\"caption-attachment-7693\" class=\"wp-caption-text\"><span style=\"font-family: 'times new roman', times, serif;\">ch\u1ed1ng th\u1ea5m sika top seal t\u1ea1i tam k\u1ef3- h\u1ed9i an- qu\u1ea3ng nam<\/span><\/figcaption><\/figure>\n<p><span style=\"font-family: 'times new roman', times, serif; font-size: 14pt; color: #000000;\">\u00a0<\/span><\/p>\n<p style=\"text-align: center;\"><span style=\"color: #0000ff;\"><em><span style=\"font-family: 'times new roman', times, serif; font-size: 14pt;\">T\u1ed5ng h\u1ee3p c\u00e1c s\u1ea3n ph\u1ea9m ch\u1ed1ng th\u1ea5m c\u1ee7a sika<\/span><\/em><\/span><\/p>\n<p><span style=\"font-family: 'times new roman', times, serif; font-size: 14pt; color: #000000;\">Ngo\u00e0i c\u00e1c <span style=\"color: #008000;\"><a style=\"color: #008000;\" href=\"https:\/\/tranthi.vn\/quangnam\/danh-muc-san-pham\/chong-tham\/chong-tham-sika\/\"><strong><em>s\u1ea3n ph\u1ea9m ch\u1ed1ng th\u1ea5m sika<\/em><\/strong><\/a><\/span> c\u00f2n cung c\u1ea5p c\u00e1c danh m\u1ee5c s\u1ea3n ph\u1ea9m d\u01b0\u1edbi \u0111\u00e2y:<\/span><\/p>\n<ol>\n<li><span style=\"font-family: 'times new roman', times, serif; font-size: 14pt; color: #000000;\">Sika dur713 : C\u00f4ng d\u1ee5ng khoan c\u1ea5y s\u1eaft v\u00e0o b\u00ea t\u00f4ng \u0111\u01a1n v\u1ecb t\u00ednh 1kg\/b\u1ed9<\/span><\/li>\n<li><span style=\"font-family: 'times new roman', times, serif; font-size: 14pt; color: #000000;\">Sika dur 732: D\u00f9ng k\u1ebft n\u1ed1i b\u00ea t\u00f4ng m\u1edbi v\u00e0 c\u0169 1kg\/b\u1ed9<\/span><\/li>\n<li><span style=\"font-family: 'times new roman', times, serif; font-size: 14pt; color: #000000;\">Sika dur 752: C\u00f4ng d\u1ee5ng b\u01a1m v\u1ebft n\u1ee9t s\u00e0n b\u00ea t\u00f4ng<\/span><\/li>\n<li><span style=\"font-family: 'times new roman', times, serif; font-size: 14pt; color: #000000;\">Sika flex contrusction: D\u00f9ng tr\u00e1m khe b\u00ea t\u00f4ng v\u00e0 v\u1ebft n\u1ee9t<\/span><\/li>\n<li><span style=\"font-family: 'times new roman', times, serif; font-size: 14pt; color: #000000;\">Sika guout 214 -11: C\u00f4ng d\u1ee5ng d\u00f9ng l\u00e0m v\u1eefa r\u00f3t c\u1ed5 \u1ed1ng th\u00f4ng s\u00e0n \u0111\u01a1n v\u1ecb t\u00ednh 25kg\/bao<\/span><\/li>\n<li><span style=\"font-family: 'times new roman', times, serif; font-size: 14pt; color: #000000;\">Sika grout GP : V\u1eefa r\u00f3t c\u1ed5 \u1ed1ng th\u00f4ng s\u00e0n lo\u1ea1i th\u01b0\u1eddng 25kg\/bao<\/span><\/li>\n<\/ol>\n<p style=\"text-align: center;\"><iframe loading=\"lazy\" src=\"\/\/www.youtube.com\/embed\/Y0uZFldswJo\" width=\"560\" height=\"314\" allowfullscreen=\"allowfullscreen\"><\/iframe><\/p>\n<h2><span style=\"color: #ff0000;\"><strong><span style=\"font-family: 'times new roman', times, serif; font-size: 14pt;\">2. \u01afU NH\u01af\u1ee2C \u0110I\u1ec2M C\u1ee6A C\u00c1C S\u1ea2N PH\u1ea8M CH\u1ed0NG TH\u1ea4M SIKA<\/span><\/strong><\/span><\/h2>\n<figure id=\"attachment_7694\" aria-describedby=\"caption-attachment-7694\" style=\"width: 317px\" class=\"wp-caption aligncenter\"><img loading=\"lazy\" decoding=\"async\" class=\" wp-image-7694\" src=\"https:\/\/tranthi.vn\/quangnam\/wp-content\/uploads\/2021\/02\/chong-tham-sika-top-seal-tam-ky-hoi-an-quang-nam.jpg\" alt=\"ch\u1ed1ng th\u1ea5m sika top seal t\u1ea1i tam k\u1ef3- h\u1ed9i an- qu\u1ea3ng nam\" width=\"317\" height=\"280\" \/><figcaption id=\"caption-attachment-7694\" class=\"wp-caption-text\"><span style=\"font-family: 'times new roman', times, serif;\">ch\u1ed1ng th\u1ea5m sika top seal t\u1ea1i tam k\u1ef3- h\u1ed9i an- qu\u1ea3ng nam<\/span><\/figcaption><\/figure>\n<p><strong><span style=\"color: #008000; font-size: 14pt; font-family: 'times new roman', times, serif;\">+ \u01afu \u0111i\u1ec3m<\/span><\/strong><\/p>\n<p><span style=\"color: #000000; font-family: times new roman, times, serif;\"><span style=\"font-size: 18.6667px;\">L\u00e0 s\u1ea3n ph\u1ea9m <strong><em>ch\u1ed1ng th\u1ea5m<\/em><\/strong> \u0111\u01b0\u1ee3c \u0111\u00e1nh gi\u00e1 cao <strong><em>sika<\/em><\/strong> v\u1edbi nh\u1eefng \u01b0u \u0111i\u1ec3m n\u1ed5i tr\u1ed9i sau<\/span><\/span><\/p>\n<p><span style=\"font-family: 'times new roman', times, serif; font-size: 130%; color: #000000;\">+ Quy tr\u00ecnh thi c\u00f4ng d\u1ec5 d\u00e0ng, c\u00f3 h\u01b0\u1edbng d\u1eabn quy tr\u00ecnh thi c\u00f4ng \u0111\u1ea7y \u0111\u1ee7 v\u00e0 chi ti\u1ebft t\u1eeb h\u00e3ng<\/span><\/p>\n<p><span style=\"font-family: 'times new roman', times, serif; font-size: 130%; color: #000000;\">+ Kh\u1ea3 n\u0103ng th\u1ea9m th\u1ea5u t\u1ea1o th\u00e0nh l\u1edbp m\u00e0ng ch\u1ed1ng th\u1ea5m c\u1ef1c t\u1ed1t<\/span><\/p>\n<p><span style=\"font-family: 'times new roman', times, serif; font-size: 130%; color: #000000;\">+ An to\u00e0n cho ng\u01b0\u1eddi s\u1eed d\u1ee5ng kh\u00f4ng \u1ea3nh h\u01b0\u1edfng t\u1edbi m\u1ed1i tr\u01b0\u1eddng<\/span><\/p>\n<p><span style=\"font-family: 'times new roman', times, serif; font-size: 130%; color: #000000;\">+ \u1ee8ng d\u1ee5ng s\u1ea3n ph\u1ea9m cho nhi\u1ec1u v\u1ecb tr\u00ed nh\u01b0 s\u00e0n m\u00e0i, toilet, t\u1ea7ng h\u1ea7m&#8230;<\/span><\/p>\n<p><span style=\"font-family: 'times new roman', times, serif; font-size: 130%; color: #000000;\">+ M\u1ed7i s\u1ea3n ph\u1ea9m ch\u1ed1ng th\u1ea5m ph\u00f9 h\u1ee3p v\u00e0 ph\u00e1t huy hi\u1ec7u qu\u1ea3 cao \u1edf t\u1eebng v\u1ecb tr\u00ed s\u1eed d\u1ee5ng. Kh\u1ea3 n\u0103ng gi\u1ea3n n\u1edf t\u1ed1t gi\u00fap t\u0103ng tu\u1ed5i th\u1ecd c\u00f4ng tr\u00ecnh h\u1ea1n ch\u1ebf t\u00e1c \u0111\u1ed9ng c\u1ee7a n\u01b0\u1edbc<\/span><\/p>\n<p><span style=\"font-family: 'times new roman', times, serif; font-size: 130%; color: #000000;\">+ S\u1ea3n ph\u1ea9m kh\u00f4ng ch\u00e1y, kh\u00f4ng b\u1eaft l\u1eeda<\/span><\/p>\n<h3><span style=\"font-family: 'times new roman', times, serif; font-size: 14pt; color: #000000;\"><strong><em><img loading=\"lazy\" decoding=\"async\" class=\"size-full wp-image-840 aligncenter\" src=\"https:\/\/tranthi.vn\/quangnam\/wp-content\/uploads\/2021\/02\/chong-tham-san-sika-latex-th-tai-da-nang_optimized.jpg\" alt=\"\" width=\"225\" height=\"225\" srcset=\"https:\/\/tranthi.vn\/quangnam\/wp-content\/uploads\/2021\/02\/chong-tham-san-sika-latex-th-tai-da-nang_optimized.jpg 225w, https:\/\/tranthi.vn\/quangnam\/wp-content\/uploads\/2021\/02\/chong-tham-san-sika-latex-th-tai-da-nang_optimized-100x100.jpg 100w\" sizes=\"auto, (max-width: 225px) 100vw, 225px\" \/><\/em><\/strong><\/span><\/h3>\n<p style=\"text-align: center;\"><span style=\"font-size: 14pt; font-family: 'times new roman', times, serif;\"><em><span style=\"color: #0000ff;\">C\u00e1c s\u1ea3n ph\u1ea9m c\u1ee7a sika \u0111\u01b0\u1ee3c d\u00f9ng v\u00f4 c\u00f9ng ph\u1ed5 bi\u1ebfn<\/span><\/em><\/span><\/p>\n<h3><span style=\"font-family: 'times new roman', times, serif; font-size: 14pt; color: #008000;\"><strong><em>+ Nh\u01b0\u1ee3c \u0111i\u1ec3m\u00a0<\/em><\/strong><\/span><\/h3>\n<p><span style=\"font-family: 'times new roman', times, serif; font-size: 130%; color: #000000;\">+ S\u1ea3n ph\u1ea9m kh\u00f4ng \u0111\u00e0n h\u1ed3i s\u1ebd nhanh n\u1ee9t\u00a0<\/span><\/p>\n<p><span style=\"font-family: 'times new roman', times, serif; font-size: 130%; color: #000000;\">+ \u0110\u1ec3 \u0111\u1ea3m b\u1ea3o hi\u1ec7u qu\u1ea3 c\u1ea7n s\u1eed d\u1ee5ng \u0111\u1ea7y \u0111\u1ee7 c\u00f4ng \u0111o\u1ea1n v\u00e0 \u0111\u00fang quy tr\u00ecnh<\/span><\/p>\n<p><span style=\"font-family: 'times new roman', times, serif; font-size: 130%; color: #000000;\">+ Th\u1eddi gian thi c\u00f4ng l\u00e2u<\/span><\/p>\n<div id='gallery-1' class='gallery galleryid-869 gallery-columns-3 gallery-size-thumbnail'><figure class='gallery-item'>\n\t\t\t<div class='gallery-icon landscape'>\n\t\t\t\t<a href='https:\/\/tranthi.vn\/quangnam\/?attachment_id=4743#main'><img loading=\"lazy\" decoding=\"async\" width=\"97\" height=\"96\" src=\"https:\/\/tranthi.vn\/quangnam\/wp-content\/uploads\/2021\/02\/chong-tham-sika-tai-da-nang-1.jpg\" class=\"attachment-thumbnail size-thumbnail\" alt=\"ch\u1ed1ng th\u1ea5m sika t\u1ea1i \u0111\u00e0 n\u1eb5ng\" srcset=\"https:\/\/tranthi.vn\/quangnam\/wp-content\/uploads\/2021\/02\/chong-tham-sika-tai-da-nang-1.jpg 336w, https:\/\/tranthi.vn\/quangnam\/wp-content\/uploads\/2021\/02\/chong-tham-sika-tai-da-nang-1-100x100.jpg 100w\" sizes=\"auto, (max-width: 97px) 100vw, 97px\" \/><\/a>\n\t\t\t<\/div><\/figure><figure class='gallery-item'>\n\t\t\t<div class='gallery-icon landscape'>\n\t\t\t\t<a href='https:\/\/tranthi.vn\/quangnam\/?attachment_id=4744#main'><img loading=\"lazy\" decoding=\"async\" width=\"96\" height=\"96\" src=\"https:\/\/tranthi.vn\/quangnam\/wp-content\/uploads\/2021\/02\/chong-tham-sika-tai-da-nang-2.jpg\" class=\"attachment-thumbnail size-thumbnail\" alt=\"\" srcset=\"https:\/\/tranthi.vn\/quangnam\/wp-content\/uploads\/2021\/02\/chong-tham-sika-tai-da-nang-2.jpg 300w, https:\/\/tranthi.vn\/quangnam\/wp-content\/uploads\/2021\/02\/chong-tham-sika-tai-da-nang-2-100x100.jpg 100w\" sizes=\"auto, (max-width: 96px) 100vw, 96px\" \/><\/a>\n\t\t\t<\/div><\/figure><figure class='gallery-item'>\n\t\t\t<div class='gallery-icon landscape'>\n\t\t\t\t<a href='https:\/\/tranthi.vn\/quangnam\/?attachment_id=4745#main'><img loading=\"lazy\" decoding=\"async\" width=\"96\" height=\"96\" src=\"https:\/\/tranthi.vn\/quangnam\/wp-content\/uploads\/2021\/02\/chong-tham-sika-tai-da-nang-3.jpg\" class=\"attachment-thumbnail size-thumbnail\" alt=\"\" srcset=\"https:\/\/tranthi.vn\/quangnam\/wp-content\/uploads\/2021\/02\/chong-tham-sika-tai-da-nang-3.jpg 556w, https:\/\/tranthi.vn\/quangnam\/wp-content\/uploads\/2021\/02\/chong-tham-sika-tai-da-nang-3-400x400.jpg 400w, https:\/\/tranthi.vn\/quangnam\/wp-content\/uploads\/2021\/02\/chong-tham-sika-tai-da-nang-3-100x100.jpg 100w\" sizes=\"auto, (max-width: 96px) 100vw, 96px\" \/><\/a>\n\t\t\t<\/div><\/figure>\n\t\t<\/div>\n\n<p>&nbsp;<\/p>\n","protected":false},"excerpt":{"rendered":"<p>C\u00c1C S\u1ea2N PH\u1ea8M CH\u1ed0NG TH\u1ea4M SIKA T\u1ea0I QU\u1ea2NG NAM T\u1ea1i H\u1ed9i An-Tam K\u1ef3-Qu\u1ea3ng Nam\u00a0Sika l\u00e0 m\u1ed9t trong nh\u1eefng d\u00f2ng s\u1ea3n ph\u1ea9m ch\u1ed1ng th\u1ea5m \u0111\u1ea1t chu\u1ea9n, c\u00e1c d\u00f2ng s\u1ea3n ph\u1ea9m c\u1ee7a sika c\u0169ng v\u00f4 c\u00f9ng phong ph\u00fa \u0111\u00e1p \u1ee9ng \u0111\u1ea7y \u0111\u1ee7 nhu c\u1ea7u c\u1ee7a ng\u01b0\u1eddi s\u1eed d\u1ee5ng. D\u01b0\u1edbi \u0111\u00e2y Tr\u1ea7n Th\u1ecb s\u1ebd \u0111\u01b0a ra danh m\u1ee5c [&#8230;]\n","protected":false},"featured_media":4746,"comment_status":"open","ping_status":"closed","template":"","meta":[],"product_cat":[89,92],"product_tag":[],"class_list":{"0":"post-869","1":"product","2":"type-product","3":"status-publish","4":"has-post-thumbnail","6":"product_cat-chong-tham","7":"product_cat-chong-tham-sika","9":"first","10":"instock","11":"shipping-taxable","12":"product-type-simple"},"yoast_head":"<!-- This site is optimized with the Yoast SEO Premium plugin v22.3 (Yoast SEO v22.8) - https:\/\/yoast.com\/wordpress\/plugins\/seo\/ -->\n<title>Ch\u1ed1ng th\u1ea5m sika gi\u00e1 r\u1ebb t\u1ea1i Qu\u1ea3ng Nam-0947.335.871<\/title>\n<meta name=\"description\" content=\"Tr\u1ea7n Th\u1ecb - chuy\u00ean cung c\u1ea5p ch\u1ed1ng th\u1ea5m sika gi\u00e1 r\u1ebb t\u1ea1i H\u1ed9i An-Tam K\u1ef3-Qu\u1ea3ng Nam, cam k\u1ebft s\u1ea3n ph\u1ea9m ch\u00ednh h\u00e3ng, v\u1eadn chuy\u1ec3n t\u1eadn ch\u00e2n c\u00f4ng tr\u00ecnh\" \/>\n<meta name=\"robots\" content=\"index, follow, max-snippet:-1, max-image-preview:large, max-video-preview:-1\" \/>\n<link rel=\"canonical\" href=\"https:\/\/tranthi.vn\/quangnam\/chong-tham-sika-tai-hoi-an-tam-ky-quang-nam\/\" \/>\n<meta property=\"og:locale\" content=\"vi_VN\" \/>\n<meta property=\"og:type\" content=\"article\" \/>\n<meta property=\"og:title\" content=\"Ch\u1ed1ng Th\u1ea5m Sika T\u1ea1i Qu\u1ea3ng Nam\" \/>\n<meta property=\"og:description\" content=\"Tr\u1ea7n Th\u1ecb - chuy\u00ean cung c\u1ea5p ch\u1ed1ng th\u1ea5m sika gi\u00e1 r\u1ebb t\u1ea1i H\u1ed9i An-Tam K\u1ef3-Qu\u1ea3ng Nam, cam k\u1ebft s\u1ea3n ph\u1ea9m ch\u00ednh h\u00e3ng, v\u1eadn chuy\u1ec3n t\u1eadn ch\u00e2n c\u00f4ng tr\u00ecnh\" \/>\n<meta property=\"og:url\" content=\"https:\/\/tranthi.vn\/quangnam\/chong-tham-sika-tai-hoi-an-tam-ky-quang-nam\/\" \/>\n<meta property=\"og:site_name\" content=\"V\u1eadt Li\u1ec7u X\u00e2y D\u1ef1ng Tr\u1ea7n Th\u1ecb Chi Nh\u00e1nh Qu\u1ea3ng Nam\" \/>\n<meta property=\"article:modified_time\" content=\"2024-11-14T07:57:26+00:00\" \/>\n<meta property=\"og:image\" content=\"https:\/\/tranthi.vn\/quangnam\/wp-content\/uploads\/2021\/02\/chong-tham-sika-tai-da-nang-4.jpg\" \/>\n\t<meta property=\"og:image:width\" content=\"400\" \/>\n\t<meta property=\"og:image:height\" content=\"260\" \/>\n\t<meta property=\"og:image:type\" content=\"image\/jpeg\" \/>\n<meta name=\"twitter:card\" content=\"summary_large_image\" \/>\n<meta name=\"twitter:label1\" content=\"Gi\u00e1\" \/>\n\t<meta name=\"twitter:data1\" content=\"\" \/>\n\t<meta name=\"twitter:label2\" content=\"Kh\u1ea3 d\u1ee5ng\" \/>\n\t<meta name=\"twitter:data2\" content=\"Trong kho\" \/>\n<script type=\"application\/ld+json\" class=\"yoast-schema-graph\">{\"@context\":\"https:\/\/schema.org\",\"@graph\":[{\"@type\":[\"WebPage\",\"ItemPage\"],\"@id\":\"https:\/\/tranthi.vn\/quangnam\/chong-tham-sika-tai-hoi-an-tam-ky-quang-nam\/\",\"url\":\"https:\/\/tranthi.vn\/quangnam\/chong-tham-sika-tai-hoi-an-tam-ky-quang-nam\/\",\"name\":\"Ch\u1ed1ng th\u1ea5m sika gi\u00e1 r\u1ebb t\u1ea1i Qu\u1ea3ng Nam-0947.335.871\",\"isPartOf\":{\"@id\":\"https:\/\/tranthi.vn\/quangnam\/#website\"},\"primaryImageOfPage\":{\"@id\":\"https:\/\/tranthi.vn\/quangnam\/chong-tham-sika-tai-hoi-an-tam-ky-quang-nam\/#primaryimage\"},\"image\":{\"@id\":\"https:\/\/tranthi.vn\/quangnam\/chong-tham-sika-tai-hoi-an-tam-ky-quang-nam\/#primaryimage\"},\"thumbnailUrl\":\"https:\/\/tranthi.vn\/quangnam\/wp-content\/uploads\/2021\/02\/chong-tham-sika-tai-da-nang-4.jpg\",\"datePublished\":\"2021-02-16T16:33:02+00:00\",\"dateModified\":\"2024-11-14T07:57:26+00:00\",\"description\":\"Tr\u1ea7n Th\u1ecb - chuy\u00ean cung c\u1ea5p ch\u1ed1ng th\u1ea5m sika gi\u00e1 r\u1ebb t\u1ea1i H\u1ed9i An-Tam K\u1ef3-Qu\u1ea3ng Nam, cam k\u1ebft s\u1ea3n ph\u1ea9m ch\u00ednh h\u00e3ng, v\u1eadn chuy\u1ec3n t\u1eadn ch\u00e2n c\u00f4ng tr\u00ecnh\",\"breadcrumb\":{\"@id\":\"https:\/\/tranthi.vn\/quangnam\/chong-tham-sika-tai-hoi-an-tam-ky-quang-nam\/#breadcrumb\"},\"inLanguage\":\"vi\",\"potentialAction\":[{\"@type\":\"ReadAction\",\"target\":[\"https:\/\/tranthi.vn\/quangnam\/chong-tham-sika-tai-hoi-an-tam-ky-quang-nam\/\"]}]},{\"@type\":\"ImageObject\",\"inLanguage\":\"vi\",\"@id\":\"https:\/\/tranthi.vn\/quangnam\/chong-tham-sika-tai-hoi-an-tam-ky-quang-nam\/#primaryimage\",\"url\":\"https:\/\/tranthi.vn\/quangnam\/wp-content\/uploads\/2021\/02\/chong-tham-sika-tai-da-nang-4.jpg\",\"contentUrl\":\"https:\/\/tranthi.vn\/quangnam\/wp-content\/uploads\/2021\/02\/chong-tham-sika-tai-da-nang-4.jpg\",\"width\":400,\"height\":260,\"caption\":\"ch\u1ed1ng th\u1ea5m sika t\u1ea1i \u0111\u00e0 n\u1eb5ng\"},{\"@type\":\"BreadcrumbList\",\"@id\":\"https:\/\/tranthi.vn\/quangnam\/chong-tham-sika-tai-hoi-an-tam-ky-quang-nam\/#breadcrumb\",\"itemListElement\":[{\"@type\":\"ListItem\",\"position\":1,\"name\":\"Trang ch\u1ee7\",\"item\":\"https:\/\/tranthi.vn\/quangnam\/\"},{\"@type\":\"ListItem\",\"position\":2,\"name\":\"Shop\",\"item\":\"https:\/\/tranthi.vn\/quangnam\/shop\/\"},{\"@type\":\"ListItem\",\"position\":3,\"name\":\"Ch\u1ed1ng Th\u1ea5m Sika T\u1ea1i Qu\u1ea3ng Nam\"}]},{\"@type\":\"WebSite\",\"@id\":\"https:\/\/tranthi.vn\/quangnam\/#website\",\"url\":\"https:\/\/tranthi.vn\/quangnam\/\",\"name\":\"V\u1eadt Li\u1ec7u X\u00e2y D\u1ef1ng Tr\u1ea7n Th\u1ecb Chi Nh\u00e1nh Qu\u1ea3ng Nam\",\"description\":\"V\u1eadt Li\u1ec7u X\u00e2y D\u1ef1ng - Qu\u1ea3ng Nam\",\"potentialAction\":[{\"@type\":\"SearchAction\",\"target\":{\"@type\":\"EntryPoint\",\"urlTemplate\":\"https:\/\/tranthi.vn\/quangnam\/?s={search_term_string}\"},\"query-input\":\"required name=search_term_string\"}],\"inLanguage\":\"vi\"},{\"@type\":\"ImageObject\",\"inLanguage\":\"vi\",\"@id\":\"https:\/\/tranthi.vn\/quangnam\/chong-tham-sika-tai-hoi-an-tam-ky-quang-nam\/#local-main-organization-logo\",\"url\":\"\",\"contentUrl\":\"\",\"caption\":\"V\u1eadt Li\u1ec7u X\u00e2y D\u1ef1ng Tr\u1ea7n Th\u1ecb Chi Nh\u00e1nh Qu\u1ea3ng Nam\"}]}<\/script>\n<meta property=\"product:price:amount\" content=\"0\" \/>\n<meta property=\"product:price:currency\" content=\"VND\" \/>\n<meta property=\"og:availability\" content=\"instock\" \/>\n<meta property=\"product:availability\" content=\"instock\" \/>\n<meta property=\"product:condition\" content=\"new\" \/>\n<!-- \/ Yoast SEO Premium plugin. -->","yoast_head_json":{"title":"Ch\u1ed1ng th\u1ea5m sika gi\u00e1 r\u1ebb t\u1ea1i Qu\u1ea3ng Nam-0947.335.871","description":"Tr\u1ea7n Th\u1ecb - chuy\u00ean cung c\u1ea5p ch\u1ed1ng th\u1ea5m sika gi\u00e1 r\u1ebb t\u1ea1i H\u1ed9i An-Tam K\u1ef3-Qu\u1ea3ng Nam, cam k\u1ebft s\u1ea3n ph\u1ea9m ch\u00ednh h\u00e3ng, v\u1eadn chuy\u1ec3n t\u1eadn ch\u00e2n c\u00f4ng tr\u00ecnh","robots":{"index":"index","follow":"follow","max-snippet":"max-snippet:-1","max-image-preview":"max-image-preview:large","max-video-preview":"max-video-preview:-1"},"canonical":"https:\/\/tranthi.vn\/quangnam\/chong-tham-sika-tai-hoi-an-tam-ky-quang-nam\/","og_locale":"vi_VN","og_type":"article","og_title":"Ch\u1ed1ng Th\u1ea5m Sika T\u1ea1i Qu\u1ea3ng Nam","og_description":"Tr\u1ea7n Th\u1ecb - chuy\u00ean cung c\u1ea5p ch\u1ed1ng th\u1ea5m sika gi\u00e1 r\u1ebb t\u1ea1i H\u1ed9i An-Tam K\u1ef3-Qu\u1ea3ng Nam, cam k\u1ebft s\u1ea3n ph\u1ea9m ch\u00ednh h\u00e3ng, v\u1eadn chuy\u1ec3n t\u1eadn ch\u00e2n c\u00f4ng tr\u00ecnh","og_url":"https:\/\/tranthi.vn\/quangnam\/chong-tham-sika-tai-hoi-an-tam-ky-quang-nam\/","og_site_name":"V\u1eadt Li\u1ec7u X\u00e2y D\u1ef1ng Tr\u1ea7n Th\u1ecb Chi Nh\u00e1nh Qu\u1ea3ng Nam","article_modified_time":"2024-11-14T07:57:26+00:00","og_image":[{"width":400,"height":260,"url":"https:\/\/tranthi.vn\/quangnam\/wp-content\/uploads\/2021\/02\/chong-tham-sika-tai-da-nang-4.jpg","type":"image\/jpeg"}],"twitter_card":"summary_large_image","twitter_misc":{"Gi\u00e1":"","Kh\u1ea3 d\u1ee5ng":"Trong kho"},"schema":{"@context":"https:\/\/schema.org","@graph":[{"@type":["WebPage","ItemPage"],"@id":"https:\/\/tranthi.vn\/quangnam\/chong-tham-sika-tai-hoi-an-tam-ky-quang-nam\/","url":"https:\/\/tranthi.vn\/quangnam\/chong-tham-sika-tai-hoi-an-tam-ky-quang-nam\/","name":"Ch\u1ed1ng th\u1ea5m sika gi\u00e1 r\u1ebb t\u1ea1i Qu\u1ea3ng Nam-0947.335.871","isPartOf":{"@id":"https:\/\/tranthi.vn\/quangnam\/#website"},"primaryImageOfPage":{"@id":"https:\/\/tranthi.vn\/quangnam\/chong-tham-sika-tai-hoi-an-tam-ky-quang-nam\/#primaryimage"},"image":{"@id":"https:\/\/tranthi.vn\/quangnam\/chong-tham-sika-tai-hoi-an-tam-ky-quang-nam\/#primaryimage"},"thumbnailUrl":"https:\/\/tranthi.vn\/quangnam\/wp-content\/uploads\/2021\/02\/chong-tham-sika-tai-da-nang-4.jpg","datePublished":"2021-02-16T16:33:02+00:00","dateModified":"2024-11-14T07:57:26+00:00","description":"Tr\u1ea7n Th\u1ecb - chuy\u00ean cung c\u1ea5p ch\u1ed1ng th\u1ea5m sika gi\u00e1 r\u1ebb t\u1ea1i H\u1ed9i An-Tam K\u1ef3-Qu\u1ea3ng Nam, cam k\u1ebft s\u1ea3n ph\u1ea9m ch\u00ednh h\u00e3ng, v\u1eadn chuy\u1ec3n t\u1eadn ch\u00e2n c\u00f4ng tr\u00ecnh","breadcrumb":{"@id":"https:\/\/tranthi.vn\/quangnam\/chong-tham-sika-tai-hoi-an-tam-ky-quang-nam\/#breadcrumb"},"inLanguage":"vi","potentialAction":[{"@type":"ReadAction","target":["https:\/\/tranthi.vn\/quangnam\/chong-tham-sika-tai-hoi-an-tam-ky-quang-nam\/"]}]},{"@type":"ImageObject","inLanguage":"vi","@id":"https:\/\/tranthi.vn\/quangnam\/chong-tham-sika-tai-hoi-an-tam-ky-quang-nam\/#primaryimage","url":"https:\/\/tranthi.vn\/quangnam\/wp-content\/uploads\/2021\/02\/chong-tham-sika-tai-da-nang-4.jpg","contentUrl":"https:\/\/tranthi.vn\/quangnam\/wp-content\/uploads\/2021\/02\/chong-tham-sika-tai-da-nang-4.jpg","width":400,"height":260,"caption":"ch\u1ed1ng th\u1ea5m sika t\u1ea1i \u0111\u00e0 n\u1eb5ng"},{"@type":"BreadcrumbList","@id":"https:\/\/tranthi.vn\/quangnam\/chong-tham-sika-tai-hoi-an-tam-ky-quang-nam\/#breadcrumb","itemListElement":[{"@type":"ListItem","position":1,"name":"Trang ch\u1ee7","item":"https:\/\/tranthi.vn\/quangnam\/"},{"@type":"ListItem","position":2,"name":"Shop","item":"https:\/\/tranthi.vn\/quangnam\/shop\/"},{"@type":"ListItem","position":3,"name":"Ch\u1ed1ng Th\u1ea5m Sika T\u1ea1i Qu\u1ea3ng Nam"}]},{"@type":"WebSite","@id":"https:\/\/tranthi.vn\/quangnam\/#website","url":"https:\/\/tranthi.vn\/quangnam\/","name":"V\u1eadt Li\u1ec7u X\u00e2y D\u1ef1ng Tr\u1ea7n Th\u1ecb Chi Nh\u00e1nh Qu\u1ea3ng Nam","description":"V\u1eadt Li\u1ec7u X\u00e2y D\u1ef1ng - Qu\u1ea3ng Nam","potentialAction":[{"@type":"SearchAction","target":{"@type":"EntryPoint","urlTemplate":"https:\/\/tranthi.vn\/quangnam\/?s={search_term_string}"},"query-input":"required name=search_term_string"}],"inLanguage":"vi"},{"@type":"ImageObject","inLanguage":"vi","@id":"https:\/\/tranthi.vn\/quangnam\/chong-tham-sika-tai-hoi-an-tam-ky-quang-nam\/#local-main-organization-logo","url":"","contentUrl":"","caption":"V\u1eadt Li\u1ec7u X\u00e2y D\u1ef1ng Tr\u1ea7n Th\u1ecb Chi Nh\u00e1nh Qu\u1ea3ng Nam"}]},"product_price_currency":"VND","og_availability":"instock","product_availability":"instock","product_condition":"new"},"_links":{"self":[{"href":"https:\/\/tranthi.vn\/quangnam\/wp-json\/wp\/v2\/product\/869","targetHints":{"allow":["GET"]}}],"collection":[{"href":"https:\/\/tranthi.vn\/quangnam\/wp-json\/wp\/v2\/product"}],"about":[{"href":"https:\/\/tranthi.vn\/quangnam\/wp-json\/wp\/v2\/types\/product"}],"replies":[{"embeddable":true,"href":"https:\/\/tranthi.vn\/quangnam\/wp-json\/wp\/v2\/comments?post=869"}],"wp:featuredmedia":[{"embeddable":true,"href":"https:\/\/tranthi.vn\/quangnam\/wp-json\/wp\/v2\/media\/4746"}],"wp:attachment":[{"href":"https:\/\/tranthi.vn\/quangnam\/wp-json\/wp\/v2\/media?parent=869"}],"wp:term":[{"taxonomy":"product_cat","embeddable":true,"href":"https:\/\/tranthi.vn\/quangnam\/wp-json\/wp\/v2\/product_cat?post=869"},{"taxonomy":"product_tag","embeddable":true,"href":"https:\/\/tranthi.vn\/quangnam\/wp-json\/wp\/v2\/product_tag?post=869"}],"curies":[{"name":"wp","href":"https:\/\/api.w.org\/{rel}","templated":true}]}}