{"id":867,"date":"2021-02-16T16:33:01","date_gmt":"2021-02-16T09:33:01","guid":{"rendered":"http:\/\/new-tranthi.test\/san-pham\/sikament-r7-dong-ket-nhanh-7-ngay\/"},"modified":"2024-03-14T14:18:50","modified_gmt":"2024-03-14T07:18:50","slug":"sikament-r7-dong-ket-nhanh-7-ngay","status":"publish","type":"product","link":"https:\/\/tranthi.vn\/quangnam\/sikament-r7-dong-ket-nhanh-7-ngay\/","title":{"rendered":"Sikament R7 &#8211; 25L"},"content":{"rendered":"","protected":false},"excerpt":{"rendered":"<p><span style=\"font-family: 'times new roman', times, serif; font-size: 130%;\">Sikament R7 &#8211; 25L <\/span><\/p>\n<p><span style=\"font-family: 'times new roman', times, serif; font-size: 130%;\"><img decoding=\"async\" class=\"emoji\" draggable=\"false\" src=\"https:\/\/s.w.org\/images\/core\/emoji\/12.0.0-1\/svg\/1f61b.svg\" alt=\"\ud83d\ude1b\" \/> <span style=\"color: #282828;\">Ph\u1ee5 gia gi\u1ea3m n\u01b0\u1edbc v\u00e0 k\u00e9o d\u00e0i th\u1eddi gian ninh k\u1ebft cho b\u00ea t\u00f4ng<\/span><\/span><\/p>\n<p><span style=\"font-family: 'times new roman', times, serif; font-size: 130%;\"><img decoding=\"async\" class=\"emoji\" draggable=\"false\" src=\"https:\/\/s.w.org\/images\/core\/emoji\/12.0.0-1\/svg\/1f61b.svg\" alt=\"\ud83d\ude1b\" \/> <span style=\"color: #000000;\"><strong>\u1ee8ng d\u1ee5ng<\/strong>: D\u00f9ng \u0111\u1ec3 s\u1ea3n xu\u1ea5t b\u00ea t\u00f4ng ch\u1ea3y ho\u1eb7c th\u00fac \u0111\u1ea9y ninh k\u1ebft cho b\u00ea t\u00f4ng ch\u1ea5t l\u01b0\u1ee3ng cao c\u1ee7a c\u00e1c c\u1ea5u ki\u1ec7n nh\u01b0: t\u1ea5m s\u00e0n, n\u1ec1n m\u00f3ng, t\u01b0\u1eddng, c\u1ed9t, d\u1ea7m \u0111\u00e0 v\u00e0 c\u01b0\u1eddng \u0111\u1ed9 t\u1eeb 20-30 MPA<\/span><\/span><\/p>\n<p><span style=\"font-family: 'times new roman', times, serif; font-size: 130%;\"><img decoding=\"async\" class=\"emoji\" draggable=\"false\" src=\"https:\/\/s.w.org\/images\/core\/emoji\/12.0.0-1\/svg\/1f61b.svg\" alt=\"\ud83d\ude1b\" \/> <span style=\"color: #000000;\"><strong>\u0110\u1ecbnh m\u1ee9c<\/strong>: 0,4 &#8211; 0,6 l\u00edt\/100kg xi m\u0103ng<\/span><\/span><\/p>\n<p><span style=\"font-family: 'times new roman', times, serif; font-size: 130%; color: #000000;\"><img decoding=\"async\" class=\"emoji\" draggable=\"false\" src=\"https:\/\/s.w.org\/images\/core\/emoji\/12.0.0-1\/svg\/1f61b.svg\" alt=\"\ud83d\ude1b\" \/> \u0110\u01a1n v\u1ecb t\u00ednh: Th\u00f9ng 25kg<\/span><\/p>\n<p><span style=\"font-family: 'times new roman', times, serif; font-size: 130%; color: #000000;\"><img decoding=\"async\" class=\"emoji\" draggable=\"false\" src=\"https:\/\/s.w.org\/images\/core\/emoji\/12.0.0-1\/svg\/1f61b.svg\" alt=\"\ud83d\ude1b\" \/> \u0110\u01a1n gi\u00e1 sikament R7-25L gi\u00e1 :<strong><span style=\"color: #ff0000;\"> 545.000\/25l<\/span><\/strong><\/span><\/p>\n<p><span style=\"color: #0000ff; font-family: 'times new roman', times, serif; font-size: 130%;\"><em>( \u0110\u01a1n gi\u00e1 khi mua tr\u00ean 3 s\u1ea3n ph\u1ea9m )<\/em><\/span><\/p>\n<p><span style=\"font-family: 'times new roman', times, serif; font-size: 130%; color: #000000;\"><strong><span style=\"color: #ff0000;\"><img decoding=\"async\" class=\"emoji\" draggable=\"false\" src=\"https:\/\/s.w.org\/images\/core\/emoji\/12.0.0-1\/svg\/1f61b.svg\" alt=\"\ud83d\ude1b\" \/> <\/span><\/strong><span style=\"color: #ff0000;\"><span style=\"color: #282828;\">\u0110\u01a1n gi\u00e1 sikament R7-5L gi\u00e1 :<\/span><\/span><strong><span style=\"color: #ff0000;\"> 135.000\/5l<\/span><\/strong><\/span><\/p>\n<p><span style=\"color: #0000ff; font-family: 'times new roman', times, serif; font-size: 130%;\"><em>( \u0110\u01a1n gi\u00e1 khi mua tr\u00ean 5 s\u1ea3n ph\u1ea9m )<\/em><\/span><\/p>\n<p><span style=\"font-family: 'times new roman', times, serif; font-size: 130%;\"><img decoding=\"async\" class=\"emoji\" draggable=\"false\" src=\"https:\/\/s.w.org\/images\/core\/emoji\/12.0.0-1\/svg\/1f61b.svg\" alt=\"\ud83d\ude1b\" \/><span style=\"color: #000000;\">\u00a0 Giao h\u00e0ng trong \u0111\u1ecba b\u00e0n <em><a style=\"color: #000000;\" href=\"https:\/\/fr.wikipedia.org\/wiki\/Da_Nang\"><strong>\u0110\u00e0 N\u1eb5ng<\/strong><\/a><\/em><\/span><\/span><\/p>\n","protected":false},"featured_media":866,"comment_status":"open","ping_status":"closed","template":"","meta":[],"product_cat":[89,92],"product_tag":[],"class_list":{"0":"post-867","1":"product","2":"type-product","3":"status-publish","4":"has-post-thumbnail","6":"product_cat-chong-tham","7":"product_cat-chong-tham-sika","9":"first","10":"instock","11":"sale","12":"shipping-taxable","13":"purchasable","14":"product-type-simple"},"yoast_head":"<!-- This site is optimized with the Yoast SEO Premium plugin v22.3 (Yoast SEO v22.8) - https:\/\/yoast.com\/wordpress\/plugins\/seo\/ -->\n<title>Sikament R7 - 25L - V\u1eadt Li\u1ec7u X\u00e2y D\u1ef1ng Tr\u1ea7n Th\u1ecb Chi Nh\u00e1nh Qu\u1ea3ng Nam<\/title>\n<meta name=\"robots\" content=\"index, follow, max-snippet:-1, max-image-preview:large, max-video-preview:-1\" \/>\n<link rel=\"canonical\" href=\"https:\/\/tranthi.vn\/quangnam\/sikament-r7-dong-ket-nhanh-7-ngay\/\" \/>\n<meta property=\"og:locale\" content=\"vi_VN\" \/>\n<meta property=\"og:type\" content=\"article\" \/>\n<meta property=\"og:title\" content=\"Sikament R7 - 25L\" \/>\n<meta property=\"og:description\" content=\"Sikament R7 - 25L   Ph\u1ee5 gia gi\u1ea3m n\u01b0\u1edbc v\u00e0 k\u00e9o d\u00e0i th\u1eddi gian ninh k\u1ebft cho b\u00ea t\u00f4ng   \u1ee8ng d\u1ee5ng: D\u00f9ng \u0111\u1ec3 s\u1ea3n xu\u1ea5t b\u00ea t\u00f4ng ch\u1ea3y ho\u1eb7c th\u00fac \u0111\u1ea9y ninh k\u1ebft cho b\u00ea t\u00f4ng ch\u1ea5t l\u01b0\u1ee3ng cao c\u1ee7a c\u00e1c c\u1ea5u ki\u1ec7n nh\u01b0: t\u1ea5m s\u00e0n, n\u1ec1n m\u00f3ng, t\u01b0\u1eddng, c\u1ed9t, d\u1ea7m \u0111\u00e0 v\u00e0 c\u01b0\u1eddng \u0111\u1ed9 t\u1eeb 20-30 MPA   \u0110\u1ecbnh m\u1ee9c: 0,4 - 0,6 l\u00edt\/100kg xi m\u0103ng   \u0110\u01a1n v\u1ecb t\u00ednh: Th\u00f9ng 25kg   \u0110\u01a1n gi\u00e1 sikament R7-25L gi\u00e1 : 545.000\/25l  ( \u0110\u01a1n gi\u00e1 khi mua tr\u00ean 3 s\u1ea3n ph\u1ea9m )   \u0110\u01a1n gi\u00e1 sikament R7-5L gi\u00e1 : 135.000\/5l  ( \u0110\u01a1n gi\u00e1 khi mua tr\u00ean 5 s\u1ea3n ph\u1ea9m )  \u00a0 Giao h\u00e0ng trong \u0111\u1ecba b\u00e0n \u0110\u00e0 N\u1eb5ng\" \/>\n<meta property=\"og:url\" content=\"https:\/\/tranthi.vn\/quangnam\/sikament-r7-dong-ket-nhanh-7-ngay\/\" \/>\n<meta property=\"og:site_name\" content=\"V\u1eadt Li\u1ec7u X\u00e2y D\u1ef1ng Tr\u1ea7n Th\u1ecb Chi Nh\u00e1nh Qu\u1ea3ng Nam\" \/>\n<meta property=\"article:modified_time\" content=\"2024-03-14T07:18:50+00:00\" \/>\n<meta property=\"og:image\" content=\"https:\/\/tranthi.vn\/quangnam\/wp-content\/uploads\/2021\/02\/sika-latex-th-1.png\" \/>\n\t<meta property=\"og:image:width\" content=\"480\" \/>\n\t<meta property=\"og:image:height\" content=\"510\" \/>\n\t<meta property=\"og:image:type\" content=\"image\/png\" \/>\n<meta name=\"twitter:card\" content=\"summary_large_image\" \/>\n<meta name=\"twitter:label1\" content=\"Gi\u00e1\" \/>\n\t<meta name=\"twitter:data1\" content=\"545,000&nbsp;&#8363;\" \/>\n\t<meta name=\"twitter:label2\" content=\"Kh\u1ea3 d\u1ee5ng\" \/>\n\t<meta name=\"twitter:data2\" content=\"Trong kho\" \/>\n<script type=\"application\/ld+json\" class=\"yoast-schema-graph\">{\"@context\":\"https:\/\/schema.org\",\"@graph\":[{\"@type\":[\"WebPage\",\"ItemPage\"],\"@id\":\"https:\/\/tranthi.vn\/quangnam\/sikament-r7-dong-ket-nhanh-7-ngay\/\",\"url\":\"https:\/\/tranthi.vn\/quangnam\/sikament-r7-dong-ket-nhanh-7-ngay\/\",\"name\":\"Sikament R7 - 25L - V\u1eadt Li\u1ec7u X\u00e2y D\u1ef1ng Tr\u1ea7n Th\u1ecb Chi Nh\u00e1nh Qu\u1ea3ng Nam\",\"isPartOf\":{\"@id\":\"https:\/\/tranthi.vn\/quangnam\/#website\"},\"primaryImageOfPage\":{\"@id\":\"https:\/\/tranthi.vn\/quangnam\/sikament-r7-dong-ket-nhanh-7-ngay\/#primaryimage\"},\"image\":{\"@id\":\"https:\/\/tranthi.vn\/quangnam\/sikament-r7-dong-ket-nhanh-7-ngay\/#primaryimage\"},\"thumbnailUrl\":\"https:\/\/tranthi.vn\/quangnam\/wp-content\/uploads\/2021\/02\/sika-latex-th-1.png\",\"datePublished\":\"2021-02-16T09:33:01+00:00\",\"dateModified\":\"2024-03-14T07:18:50+00:00\",\"breadcrumb\":{\"@id\":\"https:\/\/tranthi.vn\/quangnam\/sikament-r7-dong-ket-nhanh-7-ngay\/#breadcrumb\"},\"inLanguage\":\"vi\",\"potentialAction\":[{\"@type\":\"ReadAction\",\"target\":[\"https:\/\/tranthi.vn\/quangnam\/sikament-r7-dong-ket-nhanh-7-ngay\/\"]}]},{\"@type\":\"ImageObject\",\"inLanguage\":\"vi\",\"@id\":\"https:\/\/tranthi.vn\/quangnam\/sikament-r7-dong-ket-nhanh-7-ngay\/#primaryimage\",\"url\":\"https:\/\/tranthi.vn\/quangnam\/wp-content\/uploads\/2021\/02\/sika-latex-th-1.png\",\"contentUrl\":\"https:\/\/tranthi.vn\/quangnam\/wp-content\/uploads\/2021\/02\/sika-latex-th-1.png\",\"width\":480,\"height\":510},{\"@type\":\"BreadcrumbList\",\"@id\":\"https:\/\/tranthi.vn\/quangnam\/sikament-r7-dong-ket-nhanh-7-ngay\/#breadcrumb\",\"itemListElement\":[{\"@type\":\"ListItem\",\"position\":1,\"name\":\"Trang ch\u1ee7\",\"item\":\"https:\/\/tranthi.vn\/quangnam\/\"},{\"@type\":\"ListItem\",\"position\":2,\"name\":\"Shop\",\"item\":\"https:\/\/tranthi.vn\/quangnam\/shop\/\"},{\"@type\":\"ListItem\",\"position\":3,\"name\":\"Sikament R7 &#8211; 25L\"}]},{\"@type\":\"WebSite\",\"@id\":\"https:\/\/tranthi.vn\/quangnam\/#website\",\"url\":\"https:\/\/tranthi.vn\/quangnam\/\",\"name\":\"V\u1eadt Li\u1ec7u X\u00e2y D\u1ef1ng Tr\u1ea7n Th\u1ecb Chi Nh\u00e1nh Qu\u1ea3ng Nam\",\"description\":\"V\u1eadt Li\u1ec7u X\u00e2y D\u1ef1ng - Qu\u1ea3ng Nam\",\"potentialAction\":[{\"@type\":\"SearchAction\",\"target\":{\"@type\":\"EntryPoint\",\"urlTemplate\":\"https:\/\/tranthi.vn\/quangnam\/?s={search_term_string}\"},\"query-input\":\"required name=search_term_string\"}],\"inLanguage\":\"vi\"},{\"@type\":\"ImageObject\",\"inLanguage\":\"vi\",\"@id\":\"https:\/\/tranthi.vn\/quangnam\/sikament-r7-dong-ket-nhanh-7-ngay\/#local-main-organization-logo\",\"url\":\"\",\"contentUrl\":\"\",\"caption\":\"V\u1eadt Li\u1ec7u X\u00e2y D\u1ef1ng Tr\u1ea7n Th\u1ecb Chi Nh\u00e1nh Qu\u1ea3ng Nam\"}]}<\/script>\n<meta property=\"product:price:amount\" content=\"545000\" \/>\n<meta property=\"product:price:currency\" content=\"VND\" \/>\n<meta property=\"og:availability\" content=\"instock\" \/>\n<meta property=\"product:availability\" content=\"instock\" \/>\n<meta property=\"product:condition\" content=\"new\" \/>\n<!-- \/ Yoast SEO Premium plugin. -->","yoast_head_json":{"title":"Sikament R7 - 25L - V\u1eadt Li\u1ec7u X\u00e2y D\u1ef1ng Tr\u1ea7n Th\u1ecb Chi Nh\u00e1nh Qu\u1ea3ng Nam","robots":{"index":"index","follow":"follow","max-snippet":"max-snippet:-1","max-image-preview":"max-image-preview:large","max-video-preview":"max-video-preview:-1"},"canonical":"https:\/\/tranthi.vn\/quangnam\/sikament-r7-dong-ket-nhanh-7-ngay\/","og_locale":"vi_VN","og_type":"article","og_title":"Sikament R7 - 25L","og_description":"Sikament R7 - 25L   Ph\u1ee5 gia gi\u1ea3m n\u01b0\u1edbc v\u00e0 k\u00e9o d\u00e0i th\u1eddi gian ninh k\u1ebft cho b\u00ea t\u00f4ng   \u1ee8ng d\u1ee5ng: D\u00f9ng \u0111\u1ec3 s\u1ea3n xu\u1ea5t b\u00ea t\u00f4ng ch\u1ea3y ho\u1eb7c th\u00fac \u0111\u1ea9y ninh k\u1ebft cho b\u00ea t\u00f4ng ch\u1ea5t l\u01b0\u1ee3ng cao c\u1ee7a c\u00e1c c\u1ea5u ki\u1ec7n nh\u01b0: t\u1ea5m s\u00e0n, n\u1ec1n m\u00f3ng, t\u01b0\u1eddng, c\u1ed9t, d\u1ea7m \u0111\u00e0 v\u00e0 c\u01b0\u1eddng \u0111\u1ed9 t\u1eeb 20-30 MPA   \u0110\u1ecbnh m\u1ee9c: 0,4 - 0,6 l\u00edt\/100kg xi m\u0103ng   \u0110\u01a1n v\u1ecb t\u00ednh: Th\u00f9ng 25kg   \u0110\u01a1n gi\u00e1 sikament R7-25L gi\u00e1 : 545.000\/25l  ( \u0110\u01a1n gi\u00e1 khi mua tr\u00ean 3 s\u1ea3n ph\u1ea9m )   \u0110\u01a1n gi\u00e1 sikament R7-5L gi\u00e1 : 135.000\/5l  ( \u0110\u01a1n gi\u00e1 khi mua tr\u00ean 5 s\u1ea3n ph\u1ea9m )  \u00a0 Giao h\u00e0ng trong \u0111\u1ecba b\u00e0n \u0110\u00e0 N\u1eb5ng","og_url":"https:\/\/tranthi.vn\/quangnam\/sikament-r7-dong-ket-nhanh-7-ngay\/","og_site_name":"V\u1eadt Li\u1ec7u X\u00e2y D\u1ef1ng Tr\u1ea7n Th\u1ecb Chi Nh\u00e1nh Qu\u1ea3ng Nam","article_modified_time":"2024-03-14T07:18:50+00:00","og_image":[{"width":480,"height":510,"url":"https:\/\/tranthi.vn\/quangnam\/wp-content\/uploads\/2021\/02\/sika-latex-th-1.png","type":"image\/png"}],"twitter_card":"summary_large_image","twitter_misc":{"Gi\u00e1":"545,000&nbsp;&#8363;","Kh\u1ea3 d\u1ee5ng":"Trong kho"},"schema":{"@context":"https:\/\/schema.org","@graph":[{"@type":["WebPage","ItemPage"],"@id":"https:\/\/tranthi.vn\/quangnam\/sikament-r7-dong-ket-nhanh-7-ngay\/","url":"https:\/\/tranthi.vn\/quangnam\/sikament-r7-dong-ket-nhanh-7-ngay\/","name":"Sikament R7 - 25L - V\u1eadt Li\u1ec7u X\u00e2y D\u1ef1ng Tr\u1ea7n Th\u1ecb Chi Nh\u00e1nh Qu\u1ea3ng Nam","isPartOf":{"@id":"https:\/\/tranthi.vn\/quangnam\/#website"},"primaryImageOfPage":{"@id":"https:\/\/tranthi.vn\/quangnam\/sikament-r7-dong-ket-nhanh-7-ngay\/#primaryimage"},"image":{"@id":"https:\/\/tranthi.vn\/quangnam\/sikament-r7-dong-ket-nhanh-7-ngay\/#primaryimage"},"thumbnailUrl":"https:\/\/tranthi.vn\/quangnam\/wp-content\/uploads\/2021\/02\/sika-latex-th-1.png","datePublished":"2021-02-16T09:33:01+00:00","dateModified":"2024-03-14T07:18:50+00:00","breadcrumb":{"@id":"https:\/\/tranthi.vn\/quangnam\/sikament-r7-dong-ket-nhanh-7-ngay\/#breadcrumb"},"inLanguage":"vi","potentialAction":[{"@type":"ReadAction","target":["https:\/\/tranthi.vn\/quangnam\/sikament-r7-dong-ket-nhanh-7-ngay\/"]}]},{"@type":"ImageObject","inLanguage":"vi","@id":"https:\/\/tranthi.vn\/quangnam\/sikament-r7-dong-ket-nhanh-7-ngay\/#primaryimage","url":"https:\/\/tranthi.vn\/quangnam\/wp-content\/uploads\/2021\/02\/sika-latex-th-1.png","contentUrl":"https:\/\/tranthi.vn\/quangnam\/wp-content\/uploads\/2021\/02\/sika-latex-th-1.png","width":480,"height":510},{"@type":"BreadcrumbList","@id":"https:\/\/tranthi.vn\/quangnam\/sikament-r7-dong-ket-nhanh-7-ngay\/#breadcrumb","itemListElement":[{"@type":"ListItem","position":1,"name":"Trang ch\u1ee7","item":"https:\/\/tranthi.vn\/quangnam\/"},{"@type":"ListItem","position":2,"name":"Shop","item":"https:\/\/tranthi.vn\/quangnam\/shop\/"},{"@type":"ListItem","position":3,"name":"Sikament R7 &#8211; 25L"}]},{"@type":"WebSite","@id":"https:\/\/tranthi.vn\/quangnam\/#website","url":"https:\/\/tranthi.vn\/quangnam\/","name":"V\u1eadt Li\u1ec7u X\u00e2y D\u1ef1ng Tr\u1ea7n Th\u1ecb Chi Nh\u00e1nh Qu\u1ea3ng Nam","description":"V\u1eadt Li\u1ec7u X\u00e2y D\u1ef1ng - Qu\u1ea3ng Nam","potentialAction":[{"@type":"SearchAction","target":{"@type":"EntryPoint","urlTemplate":"https:\/\/tranthi.vn\/quangnam\/?s={search_term_string}"},"query-input":"required name=search_term_string"}],"inLanguage":"vi"},{"@type":"ImageObject","inLanguage":"vi","@id":"https:\/\/tranthi.vn\/quangnam\/sikament-r7-dong-ket-nhanh-7-ngay\/#local-main-organization-logo","url":"","contentUrl":"","caption":"V\u1eadt Li\u1ec7u X\u00e2y D\u1ef1ng Tr\u1ea7n Th\u1ecb Chi Nh\u00e1nh Qu\u1ea3ng Nam"}]},"product_price_amount":"545000","product_price_currency":"VND","og_availability":"instock","product_availability":"instock","product_condition":"new"},"_links":{"self":[{"href":"https:\/\/tranthi.vn\/quangnam\/wp-json\/wp\/v2\/product\/867","targetHints":{"allow":["GET"]}}],"collection":[{"href":"https:\/\/tranthi.vn\/quangnam\/wp-json\/wp\/v2\/product"}],"about":[{"href":"https:\/\/tranthi.vn\/quangnam\/wp-json\/wp\/v2\/types\/product"}],"replies":[{"embeddable":true,"href":"https:\/\/tranthi.vn\/quangnam\/wp-json\/wp\/v2\/comments?post=867"}],"wp:featuredmedia":[{"embeddable":true,"href":"https:\/\/tranthi.vn\/quangnam\/wp-json\/wp\/v2\/media\/866"}],"wp:attachment":[{"href":"https:\/\/tranthi.vn\/quangnam\/wp-json\/wp\/v2\/media?parent=867"}],"wp:term":[{"taxonomy":"product_cat","embeddable":true,"href":"https:\/\/tranthi.vn\/quangnam\/wp-json\/wp\/v2\/product_cat?post=867"},{"taxonomy":"product_tag","embeddable":true,"href":"https:\/\/tranthi.vn\/quangnam\/wp-json\/wp\/v2\/product_tag?post=867"}],"curies":[{"name":"wp","href":"https:\/\/api.w.org\/{rel}","templated":true}]}}