{"id":863,"date":"2021-02-16T16:32:58","date_gmt":"2021-02-16T16:32:58","guid":{"rendered":"http:\/\/new-tranthi.test\/san-pham\/sika-monotop-610\/"},"modified":"2024-03-14T14:24:35","modified_gmt":"2024-03-14T07:24:35","slug":"sika-monotop-610","status":"publish","type":"product","link":"https:\/\/tranthi.vn\/quangnam\/sika-monotop-610\/","title":{"rendered":"Sika Monotop 615 25kg\/bao"},"content":{"rendered":"<p><span style=\"font-family: 'times new roman', times, serif; font-size: 130%; color: #000000;\">Sika monotop 615 c\u00f3 gi\u00e1 th\u00e0nh kh\u00e1 cao, v\u1edbi m\u1ee5c \u0111\u1ecbch s\u1eeda ch\u1eefa nh\u1eefng v\u1ecb tr\u00ed b\u00ea t\u00f4ng bi n\u1ee9t, bong tr\u00f3c. V\u1edbi kh\u1ea3 n\u0103ng k\u00e9t d\u00ednh cao v\u00e0 kh\u00f4ng b\u1ecb co ng\u00f3t s\u1eed d\u1ee5ng nonotop l\u00e0 m\u1ed9t ph\u01b0\u01a1ng \u00e1n hi\u1ec7u qu\u1ea3<\/span><\/p>\n<h2><span style=\"font-size: 100%; color: #ff0000;\"><strong><span style=\"font-family: 'times new roman', times, serif;\">1. C\u00f4ng d\u1ee5ng c\u1ee7a sika monotop 615<\/span><\/strong><\/span><\/h2>\n<ul>\n<li><span style=\"font-family: 'times new roman', times, serif; font-size: 130%; color: #000000;\">S\u1eeda\u00a0ch\u1eefa nhanh cho c\u00e1c b\u1ec1 m\u1eb7t th\u1eb3ng \u0111\u1ee9ng, m\u1eb7t n\u1eb1m ngang ho\u1eb7c tr\u00ean tr\u1ea7n cho v\u1eefa v\u00e0 b\u00ea t\u00f4ng \u1edf c\u1ea3 tr\u00ean v\u00e0 \u1edf d\u01b0\u1edbi m\u1eb7t \u0111\u1ea5t<\/span><\/li>\n<li><span style=\"font-family: 'times new roman', times, serif; font-size: 130%; color: #000000;\">V\u1eefa s\u1eeda ch\u1eefa v\u00e0 tr\u00e1m cho nh\u1eefng khu v\u1ef1c b\u1ecb c\u00e1c l\u1ed7 h\u1ed1c, r\u1ed7 t\u1ed5 ong\u2026<\/span><\/li>\n<li><span style=\"font-family: 'times new roman', times, serif; font-size: 130%; color: #000000;\">S\u1eed d\u1ee5ng ch\u1ee7 y\u1ebfu \u0111\u1ec3 s\u1eeda ch\u1eefa cho nh\u1eefng m\u1ea3ng b\u00ea t\u00f4ng h\u01b0 h\u1ea1i, tr\u00f3c v\u1ee1 do c\u1ed1t th\u00e9p b\u1ecb \u0103n m\u00f2n<\/span><\/li>\n<li><span style=\"font-family: 'times new roman', times, serif; font-size: 130%; color: #000000;\">S\u1eeda ch\u1eefa \u0111\u1ed3ng th\u1eddi l\u00e0m t\u0103ng kh\u1ea3 n\u0103ng kh\u00e1ng d\u1ea7u, ch\u1ea5t th\u1ea3i, h\u00f3a ch\u1ea5t&#8230;<\/span><\/li>\n<\/ul>\n<h2><span style=\"font-family: 'times new roman', times, serif; font-size: 100%; color: #ff0000;\"><strong>2. \u01afu \u0111i\u1ec3m sika monotop 615\u00a0<\/strong><\/span><\/h2>\n<ul>\n<li><span style=\"font-family: 'times new roman', times, serif; font-size: 130%; color: #000000;\">Thi c\u00f4ng nhanh v\u00e0 d\u1ec5 d\u00e0ng l\u00ean c\u00e1c b\u1ec1 m\u1eb7t s\u1ea1ch, ch\u1eafc v\u1edbi \u0111\u1ed9 d\u00e0y c\u00e1c l\u1edbp l\u00ean t\u1edbi 60 mm<\/span><\/li>\n<li><span style=\"font-family: 'times new roman', times, serif; font-size: 130%; color: #000000;\">Sika Monotop 615 HB c\u00f3 \u0111\u1ed9 k\u1ebft k\u00ednh tuy\u1ec7t h\u1ea3o, \u0111\u1eb7c bi\u1ec7t th\u00edch h\u1ee3p \u0111\u1ec3 thi c\u00f4ng tr\u00ean tr\u1ea7n v\u00e0 th\u1eb3ng \u0111\u1ee9ng<\/span><\/li>\n<li><span style=\"font-family: 'times new roman', times, serif; font-size: 130%; color: #000000;\">V\u00ec l\u00e0 h\u1ec7 th\u1ed1ng 1 th\u00e0nh ph\u1ea7n n\u00ean ch\u1ec9 c\u1ea7n th\u00eam n\u01b0\u1edbc s\u1ea1ch khi s\u1eed d\u1ee5ng.<\/span><\/li>\n<li><span style=\"font-family: 'times new roman', times, serif; font-size: 130%; color: #000000;\">T\u01b0\u01a1ng th\u00edch v\u1edbi \u0111\u1eb7c t\u00ednh gi\u00e3n n\u1edf theo nhi\u1ec7t c\u1ee7a b\u00ea t\u00f4ng.<\/span><\/li>\n<li><span style=\"font-family: 'times new roman', times, serif; font-size: 130%; color: #000000;\">Kh\u00f4ng c\u00f3 clorua, kh\u00f4ng \u0103n m\u00f2n c\u1ed1t th\u00e9p, kh\u00e1ng sulflat t\u1ed1t, kh\u00f4ng \u0111\u1ed9c, th\u00edch h\u1ee3p cho n\u01b0\u1edbc u\u1ed1ng.<\/span><\/li>\n<li><span style=\"font-family: 'times new roman', times, serif; font-size: 130%; color: #000000;\">C\u00f3 ch\u1ee9a c\u00e1c s\u1ee3i nh\u1ecf \u0111\u1ec3 ng\u0103n ng\u1eeba c\u00e1c v\u1ebft n\u1ee9t li ti.<\/span><\/li>\n<li><span style=\"font-family: 'times new roman', times, serif; font-size: 130%; color: #000000;\">Gi\u1ea3m t\u1ed1i thi\u1ec3u khuynh h\u01b0\u1edbng b\u1ecb co ng\u00f3t.<\/span><\/li>\n<\/ul>\n<h2><span style=\"font-family: 'times new roman', times, serif; font-size: 100%; color: #ff0000;\"><strong>3. H\u01b0\u1edbng d\u1eabn thi c\u00f4ng sika monotop 615\u00a0<\/strong><\/span><\/h2>\n<h3><span style=\"font-family: 'times new roman', times, serif; font-size: 100%; color: #008000;\"><u><strong>Chu\u1ea9n b\u1ecb b\u1ec1 m\u1eb7t:<\/strong><\/u><\/span><\/h3>\n<ul>\n<li><span style=\"font-family: 'times new roman', times, serif; font-size: 130%; color: #000000;\">T\u1ea5t c\u1ea3 c\u00e1c m\u1eb7t n\u1ec1n b\u00ea t\u00f4ng v\u00e0 v\u1eefa ph\u1ea3i ch\u1eafc s\u1ea1ch, kh\u00f4ng d\u00ednh d\u1ea7u m\u1ee1 v\u00e0 c\u00e1c ch\u1ea5t nhi\u1ec5m b\u1ea9n. C\u00e1c t\u1ea1p ch\u1ea5t d\u1ec5 bong tr\u00f3c v\u00e0 b\u1ee5i b\u1ea9n ph\u1ea3i \u0111\u01b0\u1ee3c lo\u1ea1i b\u1ecf.<\/span><\/li>\n<li><span style=\"font-family: 'times new roman', times, serif; font-size: 130%; color: #000000;\">\u0110\u1ed1i v\u1edbi nh\u1eefng di\u1ec7n t\u00edch l\u1edbn, n\u00ean s\u1eed d\u1ee5ng m\u00e1y th\u1ed5i c\u00e1t hay m\u00e1y b\u01a1m \u00e1p l\u1ef1c cao.<\/span><\/li>\n<li><span style=\"font-family: 'times new roman', times, serif; font-size: 130%; color: #000000;\">\u0110\u1ed1i v\u1edbi nh\u1eefng khu v\u1ef1c nh\u1ecf hay s\u1eeda ch\u1eefa c\u1ee5c b\u1ed9, c\u00f3 th\u1ec3 d\u00f9ng s\u00fang b\u1eafn ho\u1eb7c khoan \u0111\u1ee5c.<\/span><\/li>\n<li><span style=\"font-family: 'times new roman', times, serif; font-size: 130%; color: #000000;\">B\u1ec1 m\u1eb7t v\u1eefa v\u00e0 b\u00ea t\u00f4ng ph\u1ea3i c\u00f3 c\u01b0\u1eddng \u0111\u1ed9 n\u00e9n t\u1ed1i thi\u1ec3u l\u00e0 20 Mpa. N\u1ebfu nghi ng\u1edd th\u00ec th\u1eed l\u1ea1i b\u1eb1ng b\u00faa b\u00ea t\u00f4ng<\/span><\/li>\n<li><span style=\"font-family: 'times new roman', times, serif; font-size: 130%; color: #000000;\">B\u1ec1 m\u1eb7t ph\u1ea3i \u0111\u01b0\u1ee3c t\u01b0\u1edbi n\u01b0\u1edbc \u01b0\u1edbt \u0111\u1eabm cho \u0111\u1ebfn khi b\u00e3o h\u00f2a \u0111\u1ec1u to\u00e0n b\u1ed9 nh\u01b0ng kh\u00f4ng \u0111\u1ec3 \u0111\u1ecdng n\u01b0\u1edbc. \u0110i\u1ec1u n\u00e0y c\u00f3 ngh\u0129a l\u00e0 b\u00e3o h\u00f2a r\u00e1o b\u1ec1 m\u1eb7t v\u00e0 ph\u1ea3i l\u00e0m s\u1ea1ch h\u1ed3\u00a0xi m\u0103ng ho\u1eb7c b\u1ee5i b\u1ea9n \u0111\u01b0\u1ee3c t\u1ea1o ra trong qu\u00e1 tr\u00ecnh chu\u1ea9n b\u1ecb b\u1ec1 m\u1eb7t.<\/span><\/li>\n<li><span style=\"font-family: 'times new roman', times, serif; font-size: 130%; color: #000000;\">C\u1ed1t th\u00e9p ph\u1ea3i \u0111\u01b0\u1ee3c l\u00e0m s\u1ea1ch c\u00e1c l\u1edbp r\u1ec9 s\u00e9t v\u00e0 qu\u00e9t 2 l\u1edbp b\u1eb1ng\u00a0<a style=\"color: #000000;\" href=\"https:\/\/sikathanhcong.com\/san-pham\/sua-chua-va-bao-ve-be-tong\/sika-monotop-610.html\">Sika Monotop 610<\/a>.<\/span><\/li>\n<\/ul>\n<h3><span style=\"font-family: 'times new roman', times, serif; font-size: 100%; color: #008000;\"><u><strong>Qu\u00e9t l\u00f3t<\/strong><\/u><\/span><\/h3>\n<p><span style=\"font-family: 'times new roman', times, serif; font-size: 130%; color: #000000;\"><u><em>B\u00ea t\u00f4ng:<\/em><\/u><\/span><\/p>\n<ul>\n<li><span style=\"font-family: 'times new roman', times, serif; font-size: 130%; color: #000000;\">Tr\u01b0\u1edbc khi thi c\u00f4ng Sika Monotop 615 HB, ph\u1ea3i thi c\u00f4ng Sika Monotop 610 nh\u01b0 1 l\u1edbp qu\u00e9t n\u1ed1i.<\/span><\/li>\n<li><span style=\"font-family: 'times new roman', times, serif; font-size: 130%; color: #000000;\">Lu\u00f4n lu\u00f4n thi c\u00f4ng l\u00ean tr\u00ean l\u1edbp k\u1ebft n\u1ed1i \u0111ang c\u00f2n \u01b0\u1edbt (xem b\u1ea3ng h\u01b0\u1edbng d\u1eabn s\u1eed d\u1ee5ng Sika Monotop 610)<\/span><\/li>\n<\/ul>\n<p><span style=\"font-family: 'times new roman', times, serif; font-size: 130%; color: #000000;\"><u><em>C\u1ed1t th\u00e9p:<\/em><\/u><\/span><\/p>\n<ul>\n<li><span style=\"font-family: 'times new roman', times, serif; font-size: 130%; color: #000000;\">Qu\u00e9t 2 l\u1edbp\u00a0Sika Monotop 610\u00a0b\u1eb1ng ch\u1ed5i l\u00ean tr\u00ean b\u1ec1 m\u1eb7t th\u00e9p \u0111\u00e3 \u0111\u01b0\u1ee3c chu\u1ea9n b\u1ecb (xem b\u1ea3n h\u01b0\u1edbng d\u1eabn s\u1eed d\u1ee5ng thi c\u00f4ng Sika Monotop 610).<\/span><\/li>\n<\/ul>\n<h3><span style=\"font-family: 'times new roman', times, serif; font-size: 100%; color: #008000;\"><u><strong>Tr\u1ed9n<\/strong><\/u><\/span><\/h3>\n<ul>\n<li><span style=\"font-family: 'times new roman', times, serif; font-size: 130%; color: #000000;\">Sika Monotop 615 HB ph\u1ea3i \u0111\u01b0\u1ee3c tr\u1ed9n trong th\u00f9ng s\u1ea1ch b\u1eb1ng m\u00e1y tr\u1ed9n \u0111i\u1ec7n t\u1ed1c \u0111\u1ed9 th\u1ea5p t\u1ed1i \u0111a 500 v\u00f2ng\/ph\u00fat.<\/span><\/li>\n<li><span style=\"font-family: 'times new roman', times, serif; font-size: 130%; color: #000000;\">Cho l\u01b0\u1ee3ng n\u01b0\u1edbc c\u1ea7n thi\u1ebft (3.8 \u2013 3.9 l\u00edt n\u01b0\u1edbc cho 25 kg Sika Monotop 615 HB) v\u00e0o trong th\u00f9ng s\u1ea1ch v\u00e0 sau \u0111\u00f3 cho Sika Monotop 615 HB v\u00e0o t\u1eeb t\u1eeb trong khi v\u1eabn ti\u1ebfp t\u1ee5c tr\u1ed9n.<\/span><\/li>\n<li><span style=\"font-family: 'times new roman', times, serif; font-size: 130%; color: #000000;\">Tr\u1ed9n \u0111\u1ec1u h\u1ed7n h\u1ee3p trong \u00edt nh\u1ea5t 3 ph\u00fat.<\/span><\/li>\n<\/ul>\n<h3><span style=\"font-family: 'times new roman', times, serif; font-size: 100%; color: #008000;\"><u><strong>Thi c\u00f4ng Sika Monotop 615 HB<\/strong><\/u><\/span><\/h3>\n<ul>\n<li><span style=\"font-family: 'times new roman', times, serif; font-size: 130%; color: #000000;\">D\u00f9ng ch\u1ed5i thi c\u00f4ng l\u1edbp k\u1ebft n\u1ed1i l\u00ean tr\u00ean b\u1ec1 m\u1eb7t b\u00e3o h\u00f2a r\u00e1o.<\/span><\/li>\n<li><span style=\"font-family: 'times new roman', times, serif; font-size: 130%; color: #000000;\">Sau \u0111\u00f3, khi l\u1edbp k\u1ebft n\u1ed1i c\u00f2n \u01b0\u1edbt, thi c\u00f4ng l\u1edbp v\u1eefa \u0111\u00e3 tr\u1ed9n k\u1ef9 l\u00ean tr\u00ean b\u1ec1 m\u1eb7t, n\u00ean d\u00f9ng ph\u01b0\u01a1ng ph\u00e1p t\u00f4 tr\u00e1t h\u01a1n l\u00e0 \u0111\u1ec3 tr\u00e1m \u0111\u1ea7y c\u00e1c l\u1ed7 h\u1ed5ng.<\/span><\/li>\n<li><span style=\"font-family: 'times new roman', times, serif; font-size: 130%; color: #000000;\">\u0110\u1ea7m k\u1ef9, n\u00e9n ch\u1eb7t v\u1eadt li\u1ec7u t\u1ea1i m\u00e9p vi\u1ec1n n\u01a1i c\u1ea7n s\u1eeda ch\u1eefa v\u00e0 thi c\u00f4ng d\u1ea7n v\u00e0o ch\u00ednh gi\u1eefa.<\/span><\/li>\n<li><span style=\"font-family: 'times new roman', times, serif; font-size: 130%; color: #000000;\">N\u1ebfu chi\u1ec1u s\u00e2u c\u1ee7a n\u01a1i s\u1eeda ch\u1eefa v\u01b0\u1ee3t qu\u00e1 20mm, n\u00ean thi c\u00f4ng th\u00e0nh nhi\u1ec1u l\u1edbp v\u00e0 ph\u1ea3i ch\u1eafc ch\u1eafc ch\u1eafn l\u1edbp v\u1eefa tr\u01b0\u1edbc \u0111\u00f3 \u0111\u00e3 c\u1ee9ng v\u00e0 nh\u00e1m \u0111\u1ec3 k\u1ebft d\u00ednh t\u1ed1t.<\/span><\/li>\n<li><span style=\"font-family: 'times new roman', times, serif; font-size: 130%; color: #000000;\">Ho\u00e0n thi\u1ec7n c\u00e1c l\u1edbp b\u00ean d\u01b0\u1edbi b\u1eb1ng ch\u1ed5i c\u1ee9ng \u0111\u1ec3 t\u1ea1o s\u1ef1 k\u1ebft d\u00ednh t\u1ed1t v\u1edbi c\u00e1c l\u1edbp k\u1ebf ti\u1ebfp.<\/span><\/li>\n<li><span style=\"font-family: 'times new roman', times, serif; font-size: 130%; color: #000000;\">N\u1ebfu l\u1edbp thi c\u00f4ng tr\u01b0\u1edbc \u0111\u00f3 \u0111\u00e3 \u0111\u1ec3 qu\u00e1 48 gi\u1edd, d\u00f9ng s\u00fang l\u00e0m nh\u00e1m b\u1ec1 m\u1eb7t v\u00e0 l\u00e0m \u1ea9m.<\/span><\/li>\n<li><span style=\"font-family: 'times new roman', times, serif; font-size: 130%; color: #000000;\">L\u1edbp cu\u1ed1i c\u00f9ng c\u00f3 th\u1ec3 d\u00f9ng bay th\u00e9p n\u1ebfu c\u1ea7n<\/span><\/li>\n<\/ul>\n","protected":false},"excerpt":{"rendered":"<p><span style=\"font-family: 'times new roman', times, serif; font-size: 130%;\">Sika Monotop 615 25kg\/bao <\/span><\/p>\n<p><span style=\"font-family: 'times new roman', times, serif; font-size: 130%;\"><img loading=\"lazy\" decoding=\"async\" class=\"emoji\" draggable=\"false\" src=\"https:\/\/s.w.org\/images\/core\/emoji\/12.0.0-1\/svg\/1f61b.svg\" alt=\"\ud83d\ude1b\" width=\"12\" height=\"12\" \/> \u1ee8ng d\u1ee5ng: V\u1eefa s\u1eefa ch\u1eeda \u0111\u1ed9 d\u00e0y l\u00ean \u0111\u1ebfn 60mm ( thi c\u00f4ng tr\u00ean tr\u1ea7n )\u00a0<\/span><\/p>\n<p><span style=\"font-family: 'times new roman', times, serif; font-size: 130%;\"><img loading=\"lazy\" decoding=\"async\" class=\"emoji\" draggable=\"false\" src=\"https:\/\/s.w.org\/images\/core\/emoji\/12.0.0-1\/svg\/1f61b.svg\" alt=\"\ud83d\ude1b\" width=\"12\" height=\"12\" \/> Kh\u1ed1i l\u01b0\u1ee3ng th\u1ec3 t\u00edch:\u00a0 1 bao t\u01b0\u01a1ng \u0111\u01b0\u01a1ng 17 l\u00edt v\u1eefa<\/span><\/p>\n<p><span style=\"font-family: 'times new roman', times, serif; font-size: 130%;\"><span style=\"color: #000000;\"><img loading=\"lazy\" decoding=\"async\" class=\"emoji\" draggable=\"false\" src=\"https:\/\/s.w.org\/images\/core\/emoji\/12.0.0-1\/svg\/1f61b.svg\" alt=\"\ud83d\ude1b\" width=\"12\" height=\"12\" \/> Giao h\u00e0ng trong \u0111\u1ecba b\u00e0n\u00a0<span style=\"color: #008000;\"><em><a style=\"color: #008000;\" href=\"https:\/\/fr.wikipedia.org\/wiki\/Da_Nang\"><strong>\u0110\u00e0 N\u1eb5ng<\/strong><\/a><\/em><\/span><\/span><\/span><\/p>\n<p><span style=\"font-family: 'times new roman', times, serif; font-size: 130%; color: #000000;\"><img decoding=\"async\" class=\"emoji\" draggable=\"false\" src=\"https:\/\/s.w.org\/images\/core\/emoji\/12.0.0-1\/svg\/1f61b.svg\" alt=\"\ud83d\ude1b\" \/> \u0110\u01a1n v\u1ecb t\u00ednh: Bao 25kg<\/span><\/p>\n<p><span style=\"font-family: 'times new roman', times, serif; font-size: 130%; color: #000000;\"><img decoding=\"async\" class=\"emoji\" draggable=\"false\" src=\"https:\/\/s.w.org\/images\/core\/emoji\/12.0.0-1\/svg\/1f61b.svg\" alt=\"\ud83d\ude1b\" \/>\u00a0\u0110\u01a1n gi\u00e1\u00a0<span style=\"color: #008000;\"><a style=\"color: #008000;\" href=\"http:\/\/tranthi.vn\/quangnam\/?post_type=product&amp;p=4739&amp;preview=true\"><strong><em>Sika monotop 610<\/em><\/strong><\/a><\/span> gi\u00e1 : <strong><span style=\"color: #ff0000;\">1.425.000\/25kg<\/span><\/strong><\/span><\/p>\n<p><span style=\"font-family: 'times new roman', times, serif; font-size: 130%;\"><em>( \u0110\u01a1n gi\u00e1 \u00e1p d\u1ee5ng khi mua tr\u00ean 3 s\u1ea3n ph\u1ea9m )<\/em><\/span><\/p>\n<p>&nbsp;<\/p>\n<p>&nbsp;<\/p>\n","protected":false},"featured_media":862,"comment_status":"open","ping_status":"closed","template":"","meta":[],"product_cat":[15,89,92],"product_tag":[],"class_list":{"0":"post-863","1":"product","2":"type-product","3":"status-publish","4":"has-post-thumbnail","6":"product_cat-chua-phan-loai","7":"product_cat-chong-tham","8":"product_cat-chong-tham-sika","10":"first","11":"instock","12":"sale","13":"shipping-taxable","14":"purchasable","15":"product-type-simple"},"yoast_head":"<!-- This site is optimized with the Yoast SEO Premium plugin v22.3 (Yoast SEO v22.8) - https:\/\/yoast.com\/wordpress\/plugins\/seo\/ -->\n<title>Sika Monotop 615 25kg\/bao - V\u1eadt Li\u1ec7u X\u00e2y D\u1ef1ng Tr\u1ea7n Th\u1ecb Chi Nh\u00e1nh Qu\u1ea3ng Nam<\/title>\n<meta name=\"robots\" content=\"index, follow, max-snippet:-1, max-image-preview:large, max-video-preview:-1\" \/>\n<link rel=\"canonical\" href=\"https:\/\/tranthi.vn\/quangnam\/sika-monotop-610\/\" \/>\n<meta property=\"og:locale\" content=\"vi_VN\" \/>\n<meta property=\"og:type\" content=\"article\" \/>\n<meta property=\"og:title\" content=\"Sika Monotop 615 25kg\/bao\" \/>\n<meta property=\"og:description\" content=\"Sika Monotop 615 25kg\/bao   \u1ee8ng d\u1ee5ng: V\u1eefa s\u1eefa ch\u1eeda \u0111\u1ed9 d\u00e0y l\u00ean \u0111\u1ebfn 60mm ( thi c\u00f4ng tr\u00ean tr\u1ea7n )\u00a0   Kh\u1ed1i l\u01b0\u1ee3ng th\u1ec3 t\u00edch:\u00a0 1 bao t\u01b0\u01a1ng \u0111\u01b0\u01a1ng 17 l\u00edt v\u1eefa   Giao h\u00e0ng trong \u0111\u1ecba b\u00e0n\u00a0\u0110\u00e0 N\u1eb5ng   \u0110\u01a1n v\u1ecb t\u00ednh: Bao 25kg  \u00a0\u0110\u01a1n gi\u00e1\u00a0Sika monotop 610 gi\u00e1 : 1.425.000\/25kg  ( \u0110\u01a1n gi\u00e1 \u00e1p d\u1ee5ng khi mua tr\u00ean 3 s\u1ea3n ph\u1ea9m )  &nbsp;  &nbsp;\" \/>\n<meta property=\"og:url\" content=\"https:\/\/tranthi.vn\/quangnam\/sika-monotop-610\/\" \/>\n<meta property=\"og:site_name\" content=\"V\u1eadt Li\u1ec7u X\u00e2y D\u1ef1ng Tr\u1ea7n Th\u1ecb Chi Nh\u00e1nh Qu\u1ea3ng Nam\" \/>\n<meta property=\"article:modified_time\" content=\"2024-03-14T07:24:35+00:00\" \/>\n<meta property=\"og:image\" content=\"https:\/\/tranthi.vn\/quangnam\/wp-content\/uploads\/2021\/02\/sika-monotop.jpg\" \/>\n\t<meta property=\"og:image:width\" content=\"300\" \/>\n\t<meta property=\"og:image:height\" content=\"300\" \/>\n\t<meta property=\"og:image:type\" content=\"image\/jpeg\" \/>\n<meta name=\"twitter:card\" content=\"summary_large_image\" \/>\n<meta name=\"twitter:label1\" content=\"Gi\u00e1\" \/>\n\t<meta name=\"twitter:data1\" content=\"1,425,000&nbsp;&#8363;\" \/>\n\t<meta name=\"twitter:label2\" content=\"Kh\u1ea3 d\u1ee5ng\" \/>\n\t<meta name=\"twitter:data2\" content=\"Trong kho\" \/>\n<script type=\"application\/ld+json\" class=\"yoast-schema-graph\">{\"@context\":\"https:\/\/schema.org\",\"@graph\":[{\"@type\":[\"WebPage\",\"ItemPage\"],\"@id\":\"https:\/\/tranthi.vn\/quangnam\/sika-monotop-610\/\",\"url\":\"https:\/\/tranthi.vn\/quangnam\/sika-monotop-610\/\",\"name\":\"Sika Monotop 615 25kg\/bao - V\u1eadt Li\u1ec7u X\u00e2y D\u1ef1ng Tr\u1ea7n Th\u1ecb Chi Nh\u00e1nh Qu\u1ea3ng Nam\",\"isPartOf\":{\"@id\":\"https:\/\/tranthi.vn\/quangnam\/#website\"},\"primaryImageOfPage\":{\"@id\":\"https:\/\/tranthi.vn\/quangnam\/sika-monotop-610\/#primaryimage\"},\"image\":{\"@id\":\"https:\/\/tranthi.vn\/quangnam\/sika-monotop-610\/#primaryimage\"},\"thumbnailUrl\":\"https:\/\/tranthi.vn\/quangnam\/wp-content\/uploads\/2021\/02\/sika-monotop.jpg\",\"datePublished\":\"2021-02-16T16:32:58+00:00\",\"dateModified\":\"2024-03-14T07:24:35+00:00\",\"breadcrumb\":{\"@id\":\"https:\/\/tranthi.vn\/quangnam\/sika-monotop-610\/#breadcrumb\"},\"inLanguage\":\"vi\",\"potentialAction\":[{\"@type\":\"ReadAction\",\"target\":[\"https:\/\/tranthi.vn\/quangnam\/sika-monotop-610\/\"]}]},{\"@type\":\"ImageObject\",\"inLanguage\":\"vi\",\"@id\":\"https:\/\/tranthi.vn\/quangnam\/sika-monotop-610\/#primaryimage\",\"url\":\"https:\/\/tranthi.vn\/quangnam\/wp-content\/uploads\/2021\/02\/sika-monotop.jpg\",\"contentUrl\":\"https:\/\/tranthi.vn\/quangnam\/wp-content\/uploads\/2021\/02\/sika-monotop.jpg\",\"width\":300,\"height\":300},{\"@type\":\"BreadcrumbList\",\"@id\":\"https:\/\/tranthi.vn\/quangnam\/sika-monotop-610\/#breadcrumb\",\"itemListElement\":[{\"@type\":\"ListItem\",\"position\":1,\"name\":\"Trang ch\u1ee7\",\"item\":\"https:\/\/tranthi.vn\/quangnam\/\"},{\"@type\":\"ListItem\",\"position\":2,\"name\":\"Shop\",\"item\":\"https:\/\/tranthi.vn\/quangnam\/shop\/\"},{\"@type\":\"ListItem\",\"position\":3,\"name\":\"Sika Monotop 615 25kg\/bao\"}]},{\"@type\":\"WebSite\",\"@id\":\"https:\/\/tranthi.vn\/quangnam\/#website\",\"url\":\"https:\/\/tranthi.vn\/quangnam\/\",\"name\":\"V\u1eadt Li\u1ec7u X\u00e2y D\u1ef1ng Tr\u1ea7n Th\u1ecb Chi Nh\u00e1nh Qu\u1ea3ng Nam\",\"description\":\"V\u1eadt Li\u1ec7u X\u00e2y D\u1ef1ng - Qu\u1ea3ng Nam\",\"potentialAction\":[{\"@type\":\"SearchAction\",\"target\":{\"@type\":\"EntryPoint\",\"urlTemplate\":\"https:\/\/tranthi.vn\/quangnam\/?s={search_term_string}\"},\"query-input\":\"required name=search_term_string\"}],\"inLanguage\":\"vi\"},{\"@type\":\"ImageObject\",\"inLanguage\":\"vi\",\"@id\":\"https:\/\/tranthi.vn\/quangnam\/sika-monotop-610\/#local-main-organization-logo\",\"url\":\"\",\"contentUrl\":\"\",\"caption\":\"V\u1eadt Li\u1ec7u X\u00e2y D\u1ef1ng Tr\u1ea7n Th\u1ecb Chi Nh\u00e1nh Qu\u1ea3ng Nam\"}]}<\/script>\n<meta property=\"product:price:amount\" content=\"1425000\" \/>\n<meta property=\"product:price:currency\" content=\"VND\" \/>\n<meta property=\"og:availability\" content=\"instock\" \/>\n<meta property=\"product:availability\" content=\"instock\" \/>\n<meta property=\"product:condition\" content=\"new\" \/>\n<!-- \/ Yoast SEO Premium plugin. -->","yoast_head_json":{"title":"Sika Monotop 615 25kg\/bao - V\u1eadt Li\u1ec7u X\u00e2y D\u1ef1ng Tr\u1ea7n Th\u1ecb Chi Nh\u00e1nh Qu\u1ea3ng Nam","robots":{"index":"index","follow":"follow","max-snippet":"max-snippet:-1","max-image-preview":"max-image-preview:large","max-video-preview":"max-video-preview:-1"},"canonical":"https:\/\/tranthi.vn\/quangnam\/sika-monotop-610\/","og_locale":"vi_VN","og_type":"article","og_title":"Sika Monotop 615 25kg\/bao","og_description":"Sika Monotop 615 25kg\/bao   \u1ee8ng d\u1ee5ng: V\u1eefa s\u1eefa ch\u1eeda \u0111\u1ed9 d\u00e0y l\u00ean \u0111\u1ebfn 60mm ( thi c\u00f4ng tr\u00ean tr\u1ea7n )\u00a0   Kh\u1ed1i l\u01b0\u1ee3ng th\u1ec3 t\u00edch:\u00a0 1 bao t\u01b0\u01a1ng \u0111\u01b0\u01a1ng 17 l\u00edt v\u1eefa   Giao h\u00e0ng trong \u0111\u1ecba b\u00e0n\u00a0\u0110\u00e0 N\u1eb5ng   \u0110\u01a1n v\u1ecb t\u00ednh: Bao 25kg  \u00a0\u0110\u01a1n gi\u00e1\u00a0Sika monotop 610 gi\u00e1 : 1.425.000\/25kg  ( \u0110\u01a1n gi\u00e1 \u00e1p d\u1ee5ng khi mua tr\u00ean 3 s\u1ea3n ph\u1ea9m )  &nbsp;  &nbsp;","og_url":"https:\/\/tranthi.vn\/quangnam\/sika-monotop-610\/","og_site_name":"V\u1eadt Li\u1ec7u X\u00e2y D\u1ef1ng Tr\u1ea7n Th\u1ecb Chi Nh\u00e1nh Qu\u1ea3ng Nam","article_modified_time":"2024-03-14T07:24:35+00:00","og_image":[{"width":300,"height":300,"url":"https:\/\/tranthi.vn\/quangnam\/wp-content\/uploads\/2021\/02\/sika-monotop.jpg","type":"image\/jpeg"}],"twitter_card":"summary_large_image","twitter_misc":{"Gi\u00e1":"1,425,000&nbsp;&#8363;","Kh\u1ea3 d\u1ee5ng":"Trong kho"},"schema":{"@context":"https:\/\/schema.org","@graph":[{"@type":["WebPage","ItemPage"],"@id":"https:\/\/tranthi.vn\/quangnam\/sika-monotop-610\/","url":"https:\/\/tranthi.vn\/quangnam\/sika-monotop-610\/","name":"Sika Monotop 615 25kg\/bao - V\u1eadt Li\u1ec7u X\u00e2y D\u1ef1ng Tr\u1ea7n Th\u1ecb Chi Nh\u00e1nh Qu\u1ea3ng Nam","isPartOf":{"@id":"https:\/\/tranthi.vn\/quangnam\/#website"},"primaryImageOfPage":{"@id":"https:\/\/tranthi.vn\/quangnam\/sika-monotop-610\/#primaryimage"},"image":{"@id":"https:\/\/tranthi.vn\/quangnam\/sika-monotop-610\/#primaryimage"},"thumbnailUrl":"https:\/\/tranthi.vn\/quangnam\/wp-content\/uploads\/2021\/02\/sika-monotop.jpg","datePublished":"2021-02-16T16:32:58+00:00","dateModified":"2024-03-14T07:24:35+00:00","breadcrumb":{"@id":"https:\/\/tranthi.vn\/quangnam\/sika-monotop-610\/#breadcrumb"},"inLanguage":"vi","potentialAction":[{"@type":"ReadAction","target":["https:\/\/tranthi.vn\/quangnam\/sika-monotop-610\/"]}]},{"@type":"ImageObject","inLanguage":"vi","@id":"https:\/\/tranthi.vn\/quangnam\/sika-monotop-610\/#primaryimage","url":"https:\/\/tranthi.vn\/quangnam\/wp-content\/uploads\/2021\/02\/sika-monotop.jpg","contentUrl":"https:\/\/tranthi.vn\/quangnam\/wp-content\/uploads\/2021\/02\/sika-monotop.jpg","width":300,"height":300},{"@type":"BreadcrumbList","@id":"https:\/\/tranthi.vn\/quangnam\/sika-monotop-610\/#breadcrumb","itemListElement":[{"@type":"ListItem","position":1,"name":"Trang ch\u1ee7","item":"https:\/\/tranthi.vn\/quangnam\/"},{"@type":"ListItem","position":2,"name":"Shop","item":"https:\/\/tranthi.vn\/quangnam\/shop\/"},{"@type":"ListItem","position":3,"name":"Sika Monotop 615 25kg\/bao"}]},{"@type":"WebSite","@id":"https:\/\/tranthi.vn\/quangnam\/#website","url":"https:\/\/tranthi.vn\/quangnam\/","name":"V\u1eadt Li\u1ec7u X\u00e2y D\u1ef1ng Tr\u1ea7n Th\u1ecb Chi Nh\u00e1nh Qu\u1ea3ng Nam","description":"V\u1eadt Li\u1ec7u X\u00e2y D\u1ef1ng - Qu\u1ea3ng Nam","potentialAction":[{"@type":"SearchAction","target":{"@type":"EntryPoint","urlTemplate":"https:\/\/tranthi.vn\/quangnam\/?s={search_term_string}"},"query-input":"required name=search_term_string"}],"inLanguage":"vi"},{"@type":"ImageObject","inLanguage":"vi","@id":"https:\/\/tranthi.vn\/quangnam\/sika-monotop-610\/#local-main-organization-logo","url":"","contentUrl":"","caption":"V\u1eadt Li\u1ec7u X\u00e2y D\u1ef1ng Tr\u1ea7n Th\u1ecb Chi Nh\u00e1nh Qu\u1ea3ng Nam"}]},"product_price_amount":"1425000","product_price_currency":"VND","og_availability":"instock","product_availability":"instock","product_condition":"new"},"_links":{"self":[{"href":"https:\/\/tranthi.vn\/quangnam\/wp-json\/wp\/v2\/product\/863","targetHints":{"allow":["GET"]}}],"collection":[{"href":"https:\/\/tranthi.vn\/quangnam\/wp-json\/wp\/v2\/product"}],"about":[{"href":"https:\/\/tranthi.vn\/quangnam\/wp-json\/wp\/v2\/types\/product"}],"replies":[{"embeddable":true,"href":"https:\/\/tranthi.vn\/quangnam\/wp-json\/wp\/v2\/comments?post=863"}],"wp:featuredmedia":[{"embeddable":true,"href":"https:\/\/tranthi.vn\/quangnam\/wp-json\/wp\/v2\/media\/862"}],"wp:attachment":[{"href":"https:\/\/tranthi.vn\/quangnam\/wp-json\/wp\/v2\/media?parent=863"}],"wp:term":[{"taxonomy":"product_cat","embeddable":true,"href":"https:\/\/tranthi.vn\/quangnam\/wp-json\/wp\/v2\/product_cat?post=863"},{"taxonomy":"product_tag","embeddable":true,"href":"https:\/\/tranthi.vn\/quangnam\/wp-json\/wp\/v2\/product_tag?post=863"}],"curies":[{"name":"wp","href":"https:\/\/api.w.org\/{rel}","templated":true}]}}