{"id":861,"date":"2021-02-16T16:32:58","date_gmt":"2021-02-16T16:32:58","guid":{"rendered":"http:\/\/new-tranthi.test\/san-pham\/chong-tham-kova-ct11-thung-18l\/"},"modified":"2024-11-14T14:50:47","modified_gmt":"2024-11-14T07:50:47","slug":"chong-tham-kova-ct11-hoi-an-tam-ky-quang-nam","status":"publish","type":"product","link":"https:\/\/tranthi.vn\/quangnam\/chong-tham-kova-ct11-hoi-an-tam-ky-quang-nam\/","title":{"rendered":"Ch\u1ed1ng Th\u1ea5m Kova CT11A-Th\u00f9ng 20kg"},"content":{"rendered":"<h1 style=\"text-align: center;\"><span style=\"color: #ff0000; font-size: 130%; font-family: 'times new roman', times, serif;\"><strong>S\u01a1n Ch\u1ed1ng Th\u1ea5m Kova CT 11A T\u1ea1i H\u1ed9i An-Tam K\u1ef3-Qu\u1ea3ng Nam<\/strong><\/span><\/h1>\n<p><span style=\"font-family: 'times new roman', times, serif; font-size: 130%; color: #000000;\">T\u1ea1i <a href=\"https:\/\/vi.wikipedia.org\/wiki\/Qu%E1%BA%A3ng_Nam\"><strong><em>Qu\u1ea3ng Nam<\/em><\/strong><\/a> th\u00ec \u0111ang c\u00f3 hai lo\u1ea1i <strong><em>ch\u1ed1ng th\u1ea5m<\/em><\/strong> Kova b\u00e1n tr\u00ean th\u1ecb tr\u01b0\u1eddng, <a href=\"https:\/\/www.kovapaint.com\/\"><strong><em>Kova<\/em><\/strong><\/a> H\u00e0 N\u1ed9i v\u00e0 Kova S\u00e0i G\u00f2n, v\u00e0 <em><strong>CT11A<\/strong><\/em> v\u00e0 CT 11B, <strong><em>gi\u00e1<\/em><\/strong> c\u1ea3 c\u0169ng kh\u00e1c nhau \u1edf m\u1ed7i \u0111\u1ea1i l\u00fd . Kova th\u00edch h\u1ee3p cho nh\u1eefng c\u00f4ng tr\u00ecnh nh\u01b0 \u0111\u01b0\u1eddng h\u1ea7m, b\u1ec3 n\u01b0\u1edbc, b\u1ec3 b\u01a1i, h\u1ed3 c\u00e1, s\u00e0n s\u00e2n th\u01b0\u1ee3ng, n\u1ec1n nh\u00e0, b\u1edd t\u01b0\u1eddng, s\u00ea n\u00f4, s\u00e0n nh\u00e0 v\u1ec7 sinh,\u2026<\/span><\/p>\n<figure id=\"attachment_7691\" aria-describedby=\"caption-attachment-7691\" style=\"width: 400px\" class=\"wp-caption aligncenter\"><img loading=\"lazy\" decoding=\"async\" class=\"size-full wp-image-7691\" src=\"https:\/\/tranthi.vn\/quangnam\/wp-content\/uploads\/2021\/02\/kova-tai-tam-ky-hoi-an-quang-nam.jpg\" alt=\"kova t\u1ea1i tam k\u1ef3- h\u1ed9i an- qu\u1ea3ng nam\" width=\"400\" height=\"400\" srcset=\"https:\/\/tranthi.vn\/quangnam\/wp-content\/uploads\/2021\/02\/kova-tai-tam-ky-hoi-an-quang-nam.jpg 400w, https:\/\/tranthi.vn\/quangnam\/wp-content\/uploads\/2021\/02\/kova-tai-tam-ky-hoi-an-quang-nam-100x100.jpg 100w\" sizes=\"auto, (max-width: 400px) 100vw, 400px\" \/><figcaption id=\"caption-attachment-7691\" class=\"wp-caption-text\">kova t\u1ea1i tam k\u1ef3- h\u1ed9i an- qu\u1ea3ng nam<\/figcaption><\/figure>\n<h2><span style=\"font-size: 100%; font-family: 'times new roman', times, serif;\"><strong><span style=\"color: #ff0000;\">1. C\u00e1c \u0111\u1eb7c t\u00ednh n\u1ed5i b\u1eadt c\u1ee7a Kova <em>CT-11A<\/em>:<\/span><\/strong><\/span><\/h2>\n<p><span style=\"font-family: 'times new roman', times, serif; font-size: 130%;\">T\u1ea1i Qu\u1ea3ng Nam s\u1ea3n ph\u1ea9m <strong><em>ch\u1ed1ng th\u1ea5m kova ct11a<\/em> <\/strong>H\u00e0 N\u1ed9i \u0111\u01b0\u1ee3c chu\u1ed9ng h\u01a1n m\u1eb7c d\u00f9 gi\u00e1 th\u00e0nh cao h\u01a1n nh\u01b0ng \u0111\u1eb7c t\u00ednh s\u1ea3n ph\u1ea9m l\u1ea1i kh\u00e1 ph\u00f9 h\u1ee3p v\u1edbi kh\u00ed h\u1eadu Mi\u1ec1n Trung<\/span><\/p>\n<p><span style=\"font-size: 130%; font-family: 'times new roman', times, serif;\"><span style=\"color: #000000;\">&#8211; C\u00f3 t\u00e1c d\u1ee5ng ng\u0103n ch\u1eb7n s\u1ef1 th\u1ea5m n\u01b0\u1edbc t\u1eeb ngo\u00e0i v\u00e0o<br \/>\n<\/span><span style=\"color: #000000;\">&#8211; B\u00e1m d\u00ednh c\u1ef1c t\u1ed1t v\u1edbi t\u01b0\u1eddng ho\u1eb7c s\u00e0n b\u00ea t\u00f4ng, xi m\u0103ng.<br \/>\n<\/span><span style=\"color: #000000;\">&#8211; C\u00f3 kh\u1ea3 n\u0103ng ch\u1ecbu m\u00e0i m\u00f2n, kh\u00e1ng m\u1eb7n, kh\u00e1ng ki\u1ec1m cao.<br \/>\n<\/span><span style=\"color: #000000;\">&#8211; L\u00e0 s\u1ea3n ph\u1ea9m l\u1ecfng h\u1ec7 n\u01b0\u1edbc, \u0111\u01b0\u1ee3c d\u00f9ng \u0111\u1ec3 ch\u1ed1ng th\u1ea5m cho xi m\u0103ng. B\u00ea t\u00f4ng d\u01b0\u1edbi d\u1ea1ng h\u1ed7n h\u1ee3p v\u1edbi xi m\u0103ng theo t\u1ef7 l\u1ec7 1:1.<br \/>\n<\/span><span style=\"color: #000000;\">&#8211; S\u1ea3n ph\u1ea9m <a href=\"https:\/\/vi.wiktionary.org\/wiki\/s%C6%A1n#Ti%E1%BA%BFng_Vi%E1%BB%87t\"><em>s\u01a1n<\/em><\/a>\u00a0 <em><strong>Kova CT-11A<\/strong><\/em> kh\u00f4ng ch\u00e1y, kh\u00f4ng \u0111\u1ed9c h\u1ea1i, kh\u00f4ng ch\u1ee9a ch\u00ec, an to\u00e0n v\u1edbi ng\u01b0\u1eddi thi c\u00f4ng v\u00e0 s\u1eed d\u1ee5ng.<\/span><\/span><\/p>\n<h2><span style=\"font-size: 100%; font-family: 'times new roman', times, serif;\"><strong><span style=\"color: #ff0000;\">2. H\u01b0\u1edbng d\u1eabn thi c\u00f4ng ch\u1ed1ng th\u1ea5m kova CT 11a:<\/span><\/strong><\/span><\/h2>\n<p><span style=\"font-family: 'times new roman', times, serif; font-size: 130%; color: #000000;\"><strong><em>T\u1ea1i H\u1ed9i An-Tam K\u1ef3-<a href=\"https:\/\/vi.wikipedia.org\/wiki\/Qu%E1%BA%A3ng_Nam\">Qu\u1ea3ng Nam<\/a> Kova<\/em><\/strong> c\u00f3 2 d\u00f2ng l\u00e0 <strong><em>ch\u1ed1ng th\u1ea5m ct11a<\/em><\/strong> l\u00e0 H\u00e0 N\u1ed9i v\u00e0 S\u00e0i G\u00f2n,<strong><em> gi\u00e1<\/em><\/strong> c\u1ee7a 2 lo\u1ea1i n\u00e0y xung kh\u00e1c nhau. Ch\u1ea5t l\u01b0\u1ee3ng c\u0169ng t\u1ed1t, tuy nhi\u00ean Kova H\u00e0 N\u1ed9i th\u00edch h\u1ee3p h\u01a1n v\u1edbi \u0111i\u1ec1u ki\u1ec7n th\u1eddi ti\u1ebft mi\u1ec1n trung n\u00ean \u0111\u01b0\u1ee3c khuy\u1ebfn c\u00e1o s\u1eed d\u1ee5ng h\u01a1n<\/span><\/p>\n<h3><span style=\"font-size: 100%; font-family: 'times new roman', times, serif;\"><span style=\"color: #000000;\">a) D\u1ee5ng c\u1ee5 thi c\u00f4ng: <\/span><\/span><\/h3>\n<ul>\n<li><span style=\"font-size: 130%; font-family: 'times new roman', times, serif;\"><span style=\"color: #000000;\">C\u1ecd lo\u1ea1i l\u1edbn 25cm ho\u1eb7c rul\u00f4.<\/span><\/span><\/li>\n<\/ul>\n<h3><span style=\"font-size: 100%; font-family: 'times new roman', times, serif;\"><span style=\"color: #000000;\">b) Chu\u1ea9n b\u1ecb b\u1ec1 m\u1eb7t thi c\u00f4ng:<\/span><\/span><\/h3>\n<ul>\n<li><span style=\"color: #000000; font-family: times new roman, times, serif;\"><span style=\"font-size: 18.72px;\">Lo\u1ea1i b\u1ecf t\u1ea5t c\u1ea3 c\u00e1c l\u1edbp b\u1ee5i b\u1ea9n, r\u00eau m\u1ed1c l\u1edbp v\u1eefa d\u01b0 th\u1eeba tr\u00ean b\u1ec1 m\u1eb7t thi c\u00f4ng ( \u0111\u1ea3m b\u1ea3o b\u1ec1 m\u1eb7t thi c\u00f4ng s\u1ea1ch nh\u1ea5t c\u00f3 th\u1ec3)<\/span><\/span><\/li>\n<li><span style=\"font-size: 130%; font-family: 'times new roman', times, serif;\"><span style=\"color: #000000;\">N\u1ebfu l\u00e0 c\u00f4ng tr\u00ecnh m\u1edbi th\u00ec c\u1ea7n \u0111\u1ee3i cho k\u1ebft c\u1ea5u\u00a0 xi m\u0103ng \u0111\u1ea1t y\u00eau c\u1ea7u r\u1ed3i m\u1edbi ti\u1ebfn h\u00e0ng thi c\u00f4ng. T\u1ea7m 15 \u0111\u1ebfn 20 ng\u00e0y l\u00e0 \u0111\u01b0\u1ee3c<\/span><\/span><\/li>\n<li><span style=\"font-family: 'times new roman', times, serif; font-size: 130%; color: #000000;\">\u00a0\u0110\u1ec3 l\u1edbp ch\u1ed1ng th\u1ea5m k\u1ebft d\u00ednh t\u1ed1t v\u00e0 ti\u1ebft ki\u1ec7m c\u1ea7n l\u00e0m \u1ea9m b\u1ec1 m\u1eb7t s\u00e0n tr\u01b0\u1edbc khi thi c\u00f4ng<\/span><\/li>\n<\/ul>\n<p style=\"text-align: center;\"><iframe loading=\"lazy\" src=\"\/\/www.youtube.com\/embed\/H7VtLKoSOro\" width=\"560\" height=\"314\" allowfullscreen=\"allowfullscreen\"><\/iframe><\/p>\n<h3><span style=\"font-family: 'times new roman', times, serif; font-size: 100%; color: #000000;\">c) Ti\u1ebfn h\u00e0nh thi c\u00f4ng<\/span><\/h3>\n<p><span style=\"font-size: 130%; font-family: 'times new roman', times, serif;\"><span style=\"color: #000000;\">&#8211; B\u01b0\u1edbc 1: Pha h\u1ed7n h\u1ee3p CT-11A v\u00e0 xi m\u0103ng theo t\u1ef7 l\u1ec7 1:1. (1kg ct pha v\u1edbi 1kg xi m\u0103ng v\u00e0 m\u1ed9t l\u01b0\u1ee3ng n\u01b0\u1edbc v\u1eeba \u0111\u1ee7 \u0111\u1ec3 \u0111\u1ea3m b\u1ea3o t\u1ea1o \u0111\u01b0\u1ee3c \u0111\u1ed9 s\u1ec7t cho h\u1ed7n h\u1ee3p)<br \/>\n<\/span><span style=\"color: #000000;\">&#8211; B\u01b0\u1edbc 2: Pha h\u1ed7n h\u1ee3p\u00a0<a style=\"color: #000000;\" href=\"http:\/\/tranthi.vn\/quangnam\/vat-lieu-xay-dung\/xi-mang\"><strong>xi m\u0103ng<\/strong><\/a>\u00a0v\u1edbi n\u01b0\u1edbc tr\u01b0\u1edbc, khu\u1ea5y \u0111\u1ec1u cho nhuy\u1ec5n, sau \u0111\u00f3 tr\u1ed9n v\u1edbi CT-11A v\u00e0 khu\u1ea5y l\u1ea1i th\u1eadt \u0111\u1ec1u.<\/span><\/span><\/p>\n<p><img loading=\"lazy\" decoding=\"async\" class=\"size-full wp-image-7692\" src=\"https:\/\/tranthi.vn\/quangnam\/wp-content\/uploads\/2021\/02\/kova-tai-tam-ky-hoi-an-quang-nam-1.jpg\" alt=\"kova t\u1ea1i tam k\u1ef3- h\u1ed9i an - qu\u1ea3ng nam\" width=\"400\" height=\"250\" \/><\/p>\n<p style=\"text-align: center;\"><span style=\"font-size: 130%; font-family: 'times new roman', times, serif;\"><strong><em><span style=\"color: #008000;\">D\u00f9ng m\u00e1y tr\u1ed9n \u0111\u1ec3 h\u1ed7n h\u1ee3p \u0111\u01b0\u1ee3c \u0111\u1ec1u v\u00e0 m\u1ecbn h\u01a1n<\/span><\/em><\/strong><\/span><\/p>\n<p><span style=\"font-size: 130%; font-family: 'times new roman', times, serif;\"><span style=\"color: #000000;\">&#8211; B\u01b0\u1edbc 3: D\u00f9ng ch\u1ed5i c\u1ecd ho\u1eb7c rul\u00f4 ph\u1ee7 02 &#8211; 03 l\u1edbp h\u1ed7n h\u1ee3p tr\u00ean. M\u1ed7i l\u1edbp c\u00e1ch nhau 6 &#8211; 8 gi\u1edd.<br \/>\n<\/span><span style=\"color: #000000;\">&#8211; B\u01b0\u1edbc 4: \u0110\u1ec3 <em><strong>CT-11A<\/strong><\/em> kh\u00f4 1 &#8211; 2 ng\u00e0y tr\u01b0\u1edbc khi s\u01a1n ph\u1ee7 c\u00e1c l\u1edbp s\u01a1n kh\u00e1c. \u0110\u1ed9 c\u1ee9ng c\u1ee7a <a href=\"http:\/\/tranthi.vn\/quangnam\/danh-muc-san-pham\/son\/\"><em><strong>CT-11A<\/strong><\/em><\/a> \u0111\u1ea1t tuy\u1ec7t \u0111\u1ed1i sau 7 ng\u00e0y.<\/span><\/span><\/p>\n<h2><span style=\"font-family: 'times new roman', times, serif; font-size: 130%; color: #ff0000;\"><strong>4. L\u01b0u \u00dd Khi S\u1eed D\u1ee5ng Kova CT11-A:<\/strong><\/span><\/h2>\n<p><span style=\"font-size: 130%; font-family: 'times new roman', times, serif;\"><span style=\"color: #000000;\">&#8211; Tr\u00ean b\u1ec1 m\u1eb7t thi c\u00f4ng n\u1ebfu \u0111\u00e3 c\u00f3 s\u1eb5n v\u1ebft n\u1ee9t th\u00ec ph\u1ea3i d\u00f9ng ri\u00eang<strong><em> CT &#8211; 11A<\/em> <\/strong>tr\u00e1m v\u1ebft n\u1ee9t tr\u01b0\u1edbc<br \/>\n<\/span><\/span><\/p>\n<p><span style=\"font-size: 130%; font-family: 'times new roman', times, serif;\"><span style=\"color: #000000;\"><img loading=\"lazy\" decoding=\"async\" class=\"wp-image-2913 aligncenter\" src=\"https:\/\/tranthi.vn\/quangnam\/wp-content\/uploads\/2021\/02\/unnamed-1_optimized-1.jpg\" alt=\"\" width=\"353\" height=\"235\" \/><\/span><\/span><\/p>\n<p style=\"text-align: center;\"><span style=\"font-size: 130%; font-family: 'times new roman', times, serif;\"><em><strong><span style=\"color: #008000;\">X\u1eed l\u00fd c\u00e1c v\u1ebft n\u1ee9t tr\u01b0\u1edbc khi thi c\u00f4ng<\/span><\/strong><\/em><\/span><\/p>\n<p><span style=\"font-size: 130%; font-family: 'times new roman', times, serif;\"><span style=\"color: #000000;\">&#8211; N\u1ebfu \u0111\u00e3 tr\u1ed9n <em><strong>s\u01a1n <\/strong><strong><em>KOVA CT-11<\/em>A<\/strong><\/em> v\u1edbi xi m\u0103ng th\u00ec ph\u1ea3i d\u00f9ng trong v\u00f2ng 1 gi\u1edd<br \/>\n<\/span><span style=\"color: #000000;\">&#8211; B\u1ea3o qu\u1ea3n: L\u01b0u \u00fd n\u00ean \u0111\u1ec3 s\u1ea3n ph\u1ea9m n\u01a1i kh\u00f4 r\u00e1o, tho\u00e1ng m\u00e1t. \u0110\u1eady k\u00edn khi kh\u00f4ng d\u00f9ng h\u1ebft<br \/>\n<\/span><span style=\"color: #000000;\">&#8211; V\u1ec7 sinh d\u1ee5ng c\u1ee5 nh\u01b0 b\u00ecnh th\u01b0\u1eddng<\/span><\/span><\/p>\n<p><span style=\"font-family: 'times new roman', times, serif; font-size: 130%; color: #000000;\"><strong><em>T\u1ea1i Qu\u1ea3ng Nam <\/em><\/strong>th\u1eddi ti\u1ebft n\u1eafng r\u1ea5t g\u1eaft d\u00f9ng<strong><em> Ch\u1ed1ng th\u1ea5m Kova ct11a<\/em><\/strong> hay b\u1ea5t k\u1ef3 d\u00f2ng ch\u1ed1ng th\u1ea5m s\u00e2n th\u01b0\u1ee3ng n\u00e0o sau khi ch\u1ed1ng th\u1ea5m c\u00e1c b\u1ea1n l\u00ean ph\u1ee7 b\u1eb1ng \u0111\u00e1, men ho\u1eb7c v\u1eefa. Tuy\u1ec7t \u0111\u1ed1i kh\u00f4ng \u0111\u1ec3 l\u1ed9 thi\u00ean, v\u00ec nh\u1eefng h\u1ed7n h\u1ee3p ch\u1ed1ng th\u1ea5m n\u00e0y kh\u00f4ng kh\u00e1ng \u0111\u01b0\u1ee3c tia t\u1eed ngo\u1ea1i s\u1ebd m\u1ea5t t\u00e1c d\u1ee5ng v\u00e0 b\u1ecb n\u1ee9t.<\/span><\/p>\n<p><span style=\"font-family: 'times new roman', times, serif; font-size: 130%; color: #000000;\">T\u1ed1t nh\u1ea5t l\u00e0 c\u00e1c b\u1ea1n d\u00f9ng \u0111\u00e1 b\u00e1n s\u1ee9 \u0111\u1ec3 l\u00e1t l\u00ean th\u00ec kh\u1ea3 n\u0103ng ch\u1ed1ng th\u1ea5m s\u1ebd cao h\u01a1n<\/span><\/p>\n","protected":false},"excerpt":{"rendered":"<p><span style=\"font-family: 'times new roman', times, serif; font-size: 14pt; color: #000000;\">\ud83d\ude1b Giao h\u00e0ng trong \u0111\u1ecba b\u00e0n<span style=\"color: #ff0000;\"> H\u1ed9i An-Tam K\u1ef3-Qu\u1ea3ng Nam<\/span><\/span><\/p>\n<p><span style=\"font-family: 'times new roman', times, serif; font-size: 14pt; color: #000000;\">\ud83d\ude1b \u0110\u01a1n v\u1ecb t\u00ednh: th\u00f9ng<\/span><\/p>\n<p><span style=\"font-family: 'times new roman', times, serif; font-size: 14pt; color: #000000;\">\ud83d\ude1b \u0110\u01a1n gi\u00e1<em><strong>: <span style=\"color: #ff0000;\"><a style=\"color: #ff0000;\" href=\"http:\/\/tranthi.vn\/quangnam\/?post_type=product&amp;p=4174&amp;preview=true\">Ch\u1ed1ng th\u1ea5m kova ct11-A Qu\u1ea3ng Nam<\/a>\u00a0<\/span><\/strong><strong>\u00a0<\/strong><\/em>trong n\u1ed9i th\u00e0nh<\/span><\/p>\n<ul>\n<li><span style=\"font-family: 'times new roman', times, serif; font-size: 14pt;\">Th\u00f9ng 20kg: <strong><span style=\"color: #ff0000;\">2.940.000\u0111\/th\u00f9ng<\/span><\/strong> ( \u00e1p d\u1ee5ng cho s\u1ed1 l\u01b0\u1ee3ng tr\u00ean 5 th\u00f9ng)<\/span><\/li>\n<li><span style=\"font-family: 'times new roman', times, serif; font-size: 14pt;\">Th\u00f9ng 4kg: <span style=\"color: #ff0000;\"><strong>664.000\u0111\/lon<\/strong><\/span> ( \u00e1p d\u1ee5ng cho s\u1ed1 l\u01b0\u1ee3ng tr\u00ean 5 lon)<\/span><\/li>\n<\/ul>\n<p><span style=\"font-family: 'times new roman', times, serif; font-size: 14pt; color: #000000;\">\ud83d\ude1b Ngo\u00e0i ra Tr\u1ea7n Th\u1ecb c\u00f2n nh\u1eadn giao h\u00e0ng \u0111\u1ebfn c\u00e1c \u0111i\u1ec3m <strong><a style=\"color: #000000;\" href=\"https:\/\/vi.wikipedia.org\/wiki\/%C4%90%C3%B4ng_H%C3%A0\"><span style=\"color: #ff0000;\">\u0110\u00f4ng H\u00e0 Qu\u1ea3ng tr\u1ecb<\/span><\/a><\/strong><span style=\"color: #ff0000;\">, <strong><a style=\"color: #ff0000;\" href=\"https:\/\/vi.wikipedia.org\/wiki\/H%E1%BB%99i_An\">H\u1ed9i An<\/a><\/strong>, <strong><a style=\"color: #ff0000;\" href=\"https:\/\/vi.wikipedia.org\/wiki\/Tam_K%E1%BB%B3\">Tam k\u1ef3 Qu\u1ea3ng Nam<\/a><\/strong>,<strong><a style=\"color: #ff0000;\" href=\"https:\/\/vi.wikipedia.org\/wiki\/Hu%E1%BA%BF\"> Hu\u1ebf<\/a><\/strong> , <strong><a style=\"color: #ff0000;\" href=\"https:\/\/vi.wikipedia.org\/wiki\/Qu%E1%BA%A3ng_Ng%C3%A3i\">Qu\u1ea3ng Ng\u00e3i<\/a><\/strong><\/span> -Chi ph\u00ed v\u1eadn chuy\u1ec3n s\u1ebd t\u00ednh theo kho\u1ea3ng c\u00e1ch v\u00e0 s\u1ed1 l\u01b0\u1ee3ng h\u00e0ng h\u00f3a nh\u1eadp<\/span><\/p>\n<p>&nbsp;<\/p>\n","protected":false},"featured_media":860,"comment_status":"open","ping_status":"closed","template":"","meta":[],"product_cat":[89,91],"product_tag":[],"class_list":{"0":"post-861","1":"product","2":"type-product","3":"status-publish","4":"has-post-thumbnail","6":"product_cat-chong-tham","7":"product_cat-chong-tham-kova","9":"first","10":"instock","11":"sale","12":"shipping-taxable","13":"purchasable","14":"product-type-simple"},"yoast_head":"<!-- This site is optimized with the Yoast SEO Premium plugin v22.3 (Yoast SEO v22.8) - https:\/\/yoast.com\/wordpress\/plugins\/seo\/ -->\n<title>Gi\u00e1 ch\u1ed1ng th\u1ea5m kova ct11a t\u1ea1i Qu\u1ea3ng Nam-0947.335.871<\/title>\n<meta name=\"description\" content=\"Tr\u1ea7n Th\u1ecb - \u0111\u1ea1i l\u00fd ch\u1ed1ng th\u1ea5m kova ct11a t\u1ea1i \u1ed9i An, Tam K\u1ef3, Qu\u1ea3ng Nam ph\u1ee5c v\u1ee5 t\u1eadn ch\u00e2n c\u00f4ng tr\u00ecnh v\u1edbi gi\u00e1 r\u1ebb nh\u1ea5t th\u1ecb tr\u01b0\u1eddng\" \/>\n<meta name=\"robots\" content=\"index, follow, max-snippet:-1, max-image-preview:large, max-video-preview:-1\" \/>\n<link rel=\"canonical\" href=\"https:\/\/tranthi.vn\/quangnam\/chong-tham-kova-ct11-hoi-an-tam-ky-quang-nam\/\" \/>\n<meta property=\"og:locale\" content=\"vi_VN\" \/>\n<meta property=\"og:type\" content=\"article\" \/>\n<meta property=\"og:title\" content=\"Ch\u1ed1ng Th\u1ea5m Kova CT11A-Th\u00f9ng 20kg\" \/>\n<meta property=\"og:description\" content=\"Tr\u1ea7n Th\u1ecb - \u0111\u1ea1i l\u00fd ch\u1ed1ng th\u1ea5m kova ct11a t\u1ea1i \u1ed9i An, Tam K\u1ef3, Qu\u1ea3ng Nam ph\u1ee5c v\u1ee5 t\u1eadn ch\u00e2n c\u00f4ng tr\u00ecnh v\u1edbi gi\u00e1 r\u1ebb nh\u1ea5t th\u1ecb tr\u01b0\u1eddng\" \/>\n<meta property=\"og:url\" content=\"https:\/\/tranthi.vn\/quangnam\/chong-tham-kova-ct11-hoi-an-tam-ky-quang-nam\/\" \/>\n<meta property=\"og:site_name\" content=\"V\u1eadt Li\u1ec7u X\u00e2y D\u1ef1ng Tr\u1ea7n Th\u1ecb Chi Nh\u00e1nh Qu\u1ea3ng Nam\" \/>\n<meta property=\"article:modified_time\" content=\"2024-11-14T07:50:47+00:00\" \/>\n<meta property=\"og:image\" content=\"https:\/\/tranthi.vn\/quangnam\/wp-content\/uploads\/2021\/02\/gia-kova-ct11a-da-nang.jpg\" \/>\n\t<meta property=\"og:image:width\" content=\"400\" \/>\n\t<meta property=\"og:image:height\" content=\"400\" \/>\n\t<meta property=\"og:image:type\" content=\"image\/jpeg\" \/>\n<meta name=\"twitter:card\" content=\"summary_large_image\" \/>\n<meta name=\"twitter:label1\" content=\"Gi\u00e1\" \/>\n\t<meta name=\"twitter:data1\" content=\"2,940,000&nbsp;&#8363;\" \/>\n\t<meta name=\"twitter:label2\" content=\"Kh\u1ea3 d\u1ee5ng\" \/>\n\t<meta name=\"twitter:data2\" content=\"Trong kho\" \/>\n<script type=\"application\/ld+json\" class=\"yoast-schema-graph\">{\"@context\":\"https:\/\/schema.org\",\"@graph\":[{\"@type\":[\"WebPage\",\"ItemPage\"],\"@id\":\"https:\/\/tranthi.vn\/quangnam\/chong-tham-kova-ct11-hoi-an-tam-ky-quang-nam\/\",\"url\":\"https:\/\/tranthi.vn\/quangnam\/chong-tham-kova-ct11-hoi-an-tam-ky-quang-nam\/\",\"name\":\"Gi\u00e1 ch\u1ed1ng th\u1ea5m kova ct11a t\u1ea1i Qu\u1ea3ng Nam-0947.335.871\",\"isPartOf\":{\"@id\":\"https:\/\/tranthi.vn\/quangnam\/#website\"},\"primaryImageOfPage\":{\"@id\":\"https:\/\/tranthi.vn\/quangnam\/chong-tham-kova-ct11-hoi-an-tam-ky-quang-nam\/#primaryimage\"},\"image\":{\"@id\":\"https:\/\/tranthi.vn\/quangnam\/chong-tham-kova-ct11-hoi-an-tam-ky-quang-nam\/#primaryimage\"},\"thumbnailUrl\":\"https:\/\/tranthi.vn\/quangnam\/wp-content\/uploads\/2021\/02\/gia-kova-ct11a-da-nang.jpg\",\"datePublished\":\"2021-02-16T16:32:58+00:00\",\"dateModified\":\"2024-11-14T07:50:47+00:00\",\"description\":\"Tr\u1ea7n Th\u1ecb - \u0111\u1ea1i l\u00fd ch\u1ed1ng th\u1ea5m kova ct11a t\u1ea1i \u1ed9i An, Tam K\u1ef3, Qu\u1ea3ng Nam ph\u1ee5c v\u1ee5 t\u1eadn ch\u00e2n c\u00f4ng tr\u00ecnh v\u1edbi gi\u00e1 r\u1ebb nh\u1ea5t th\u1ecb tr\u01b0\u1eddng\",\"breadcrumb\":{\"@id\":\"https:\/\/tranthi.vn\/quangnam\/chong-tham-kova-ct11-hoi-an-tam-ky-quang-nam\/#breadcrumb\"},\"inLanguage\":\"vi\",\"potentialAction\":[{\"@type\":\"ReadAction\",\"target\":[\"https:\/\/tranthi.vn\/quangnam\/chong-tham-kova-ct11-hoi-an-tam-ky-quang-nam\/\"]}]},{\"@type\":\"ImageObject\",\"inLanguage\":\"vi\",\"@id\":\"https:\/\/tranthi.vn\/quangnam\/chong-tham-kova-ct11-hoi-an-tam-ky-quang-nam\/#primaryimage\",\"url\":\"https:\/\/tranthi.vn\/quangnam\/wp-content\/uploads\/2021\/02\/gia-kova-ct11a-da-nang.jpg\",\"contentUrl\":\"https:\/\/tranthi.vn\/quangnam\/wp-content\/uploads\/2021\/02\/gia-kova-ct11a-da-nang.jpg\",\"width\":400,\"height\":400,\"caption\":\"gia-kova-ct11a-da-nang.jpg\"},{\"@type\":\"BreadcrumbList\",\"@id\":\"https:\/\/tranthi.vn\/quangnam\/chong-tham-kova-ct11-hoi-an-tam-ky-quang-nam\/#breadcrumb\",\"itemListElement\":[{\"@type\":\"ListItem\",\"position\":1,\"name\":\"Trang ch\u1ee7\",\"item\":\"https:\/\/tranthi.vn\/quangnam\/\"},{\"@type\":\"ListItem\",\"position\":2,\"name\":\"Shop\",\"item\":\"https:\/\/tranthi.vn\/quangnam\/shop\/\"},{\"@type\":\"ListItem\",\"position\":3,\"name\":\"Ch\u1ed1ng Th\u1ea5m Kova CT11A-Th\u00f9ng 20kg\"}]},{\"@type\":\"WebSite\",\"@id\":\"https:\/\/tranthi.vn\/quangnam\/#website\",\"url\":\"https:\/\/tranthi.vn\/quangnam\/\",\"name\":\"V\u1eadt Li\u1ec7u X\u00e2y D\u1ef1ng Tr\u1ea7n Th\u1ecb Chi Nh\u00e1nh Qu\u1ea3ng Nam\",\"description\":\"V\u1eadt Li\u1ec7u X\u00e2y D\u1ef1ng - Qu\u1ea3ng Nam\",\"potentialAction\":[{\"@type\":\"SearchAction\",\"target\":{\"@type\":\"EntryPoint\",\"urlTemplate\":\"https:\/\/tranthi.vn\/quangnam\/?s={search_term_string}\"},\"query-input\":\"required name=search_term_string\"}],\"inLanguage\":\"vi\"},{\"@type\":\"ImageObject\",\"inLanguage\":\"vi\",\"@id\":\"https:\/\/tranthi.vn\/quangnam\/chong-tham-kova-ct11-hoi-an-tam-ky-quang-nam\/#local-main-organization-logo\",\"url\":\"\",\"contentUrl\":\"\",\"caption\":\"V\u1eadt Li\u1ec7u X\u00e2y D\u1ef1ng Tr\u1ea7n Th\u1ecb Chi Nh\u00e1nh Qu\u1ea3ng Nam\"}]}<\/script>\n<meta property=\"product:price:amount\" content=\"2940000\" \/>\n<meta property=\"product:price:currency\" content=\"VND\" \/>\n<meta property=\"og:availability\" content=\"instock\" \/>\n<meta property=\"product:availability\" content=\"instock\" \/>\n<meta property=\"product:condition\" content=\"new\" \/>\n<!-- \/ Yoast SEO Premium plugin. -->","yoast_head_json":{"title":"Gi\u00e1 ch\u1ed1ng th\u1ea5m kova ct11a t\u1ea1i Qu\u1ea3ng Nam-0947.335.871","description":"Tr\u1ea7n Th\u1ecb - \u0111\u1ea1i l\u00fd ch\u1ed1ng th\u1ea5m kova ct11a t\u1ea1i \u1ed9i An, Tam K\u1ef3, Qu\u1ea3ng Nam ph\u1ee5c v\u1ee5 t\u1eadn ch\u00e2n c\u00f4ng tr\u00ecnh v\u1edbi gi\u00e1 r\u1ebb nh\u1ea5t th\u1ecb tr\u01b0\u1eddng","robots":{"index":"index","follow":"follow","max-snippet":"max-snippet:-1","max-image-preview":"max-image-preview:large","max-video-preview":"max-video-preview:-1"},"canonical":"https:\/\/tranthi.vn\/quangnam\/chong-tham-kova-ct11-hoi-an-tam-ky-quang-nam\/","og_locale":"vi_VN","og_type":"article","og_title":"Ch\u1ed1ng Th\u1ea5m Kova CT11A-Th\u00f9ng 20kg","og_description":"Tr\u1ea7n Th\u1ecb - \u0111\u1ea1i l\u00fd ch\u1ed1ng th\u1ea5m kova ct11a t\u1ea1i \u1ed9i An, Tam K\u1ef3, Qu\u1ea3ng Nam ph\u1ee5c v\u1ee5 t\u1eadn ch\u00e2n c\u00f4ng tr\u00ecnh v\u1edbi gi\u00e1 r\u1ebb nh\u1ea5t th\u1ecb tr\u01b0\u1eddng","og_url":"https:\/\/tranthi.vn\/quangnam\/chong-tham-kova-ct11-hoi-an-tam-ky-quang-nam\/","og_site_name":"V\u1eadt Li\u1ec7u X\u00e2y D\u1ef1ng Tr\u1ea7n Th\u1ecb Chi Nh\u00e1nh Qu\u1ea3ng Nam","article_modified_time":"2024-11-14T07:50:47+00:00","og_image":[{"width":400,"height":400,"url":"https:\/\/tranthi.vn\/quangnam\/wp-content\/uploads\/2021\/02\/gia-kova-ct11a-da-nang.jpg","type":"image\/jpeg"}],"twitter_card":"summary_large_image","twitter_misc":{"Gi\u00e1":"2,940,000&nbsp;&#8363;","Kh\u1ea3 d\u1ee5ng":"Trong kho"},"schema":{"@context":"https:\/\/schema.org","@graph":[{"@type":["WebPage","ItemPage"],"@id":"https:\/\/tranthi.vn\/quangnam\/chong-tham-kova-ct11-hoi-an-tam-ky-quang-nam\/","url":"https:\/\/tranthi.vn\/quangnam\/chong-tham-kova-ct11-hoi-an-tam-ky-quang-nam\/","name":"Gi\u00e1 ch\u1ed1ng th\u1ea5m kova ct11a t\u1ea1i Qu\u1ea3ng Nam-0947.335.871","isPartOf":{"@id":"https:\/\/tranthi.vn\/quangnam\/#website"},"primaryImageOfPage":{"@id":"https:\/\/tranthi.vn\/quangnam\/chong-tham-kova-ct11-hoi-an-tam-ky-quang-nam\/#primaryimage"},"image":{"@id":"https:\/\/tranthi.vn\/quangnam\/chong-tham-kova-ct11-hoi-an-tam-ky-quang-nam\/#primaryimage"},"thumbnailUrl":"https:\/\/tranthi.vn\/quangnam\/wp-content\/uploads\/2021\/02\/gia-kova-ct11a-da-nang.jpg","datePublished":"2021-02-16T16:32:58+00:00","dateModified":"2024-11-14T07:50:47+00:00","description":"Tr\u1ea7n Th\u1ecb - \u0111\u1ea1i l\u00fd ch\u1ed1ng th\u1ea5m kova ct11a t\u1ea1i \u1ed9i An, Tam K\u1ef3, Qu\u1ea3ng Nam ph\u1ee5c v\u1ee5 t\u1eadn ch\u00e2n c\u00f4ng tr\u00ecnh v\u1edbi gi\u00e1 r\u1ebb nh\u1ea5t th\u1ecb tr\u01b0\u1eddng","breadcrumb":{"@id":"https:\/\/tranthi.vn\/quangnam\/chong-tham-kova-ct11-hoi-an-tam-ky-quang-nam\/#breadcrumb"},"inLanguage":"vi","potentialAction":[{"@type":"ReadAction","target":["https:\/\/tranthi.vn\/quangnam\/chong-tham-kova-ct11-hoi-an-tam-ky-quang-nam\/"]}]},{"@type":"ImageObject","inLanguage":"vi","@id":"https:\/\/tranthi.vn\/quangnam\/chong-tham-kova-ct11-hoi-an-tam-ky-quang-nam\/#primaryimage","url":"https:\/\/tranthi.vn\/quangnam\/wp-content\/uploads\/2021\/02\/gia-kova-ct11a-da-nang.jpg","contentUrl":"https:\/\/tranthi.vn\/quangnam\/wp-content\/uploads\/2021\/02\/gia-kova-ct11a-da-nang.jpg","width":400,"height":400,"caption":"gia-kova-ct11a-da-nang.jpg"},{"@type":"BreadcrumbList","@id":"https:\/\/tranthi.vn\/quangnam\/chong-tham-kova-ct11-hoi-an-tam-ky-quang-nam\/#breadcrumb","itemListElement":[{"@type":"ListItem","position":1,"name":"Trang ch\u1ee7","item":"https:\/\/tranthi.vn\/quangnam\/"},{"@type":"ListItem","position":2,"name":"Shop","item":"https:\/\/tranthi.vn\/quangnam\/shop\/"},{"@type":"ListItem","position":3,"name":"Ch\u1ed1ng Th\u1ea5m Kova CT11A-Th\u00f9ng 20kg"}]},{"@type":"WebSite","@id":"https:\/\/tranthi.vn\/quangnam\/#website","url":"https:\/\/tranthi.vn\/quangnam\/","name":"V\u1eadt Li\u1ec7u X\u00e2y D\u1ef1ng Tr\u1ea7n Th\u1ecb Chi Nh\u00e1nh Qu\u1ea3ng Nam","description":"V\u1eadt Li\u1ec7u X\u00e2y D\u1ef1ng - Qu\u1ea3ng Nam","potentialAction":[{"@type":"SearchAction","target":{"@type":"EntryPoint","urlTemplate":"https:\/\/tranthi.vn\/quangnam\/?s={search_term_string}"},"query-input":"required name=search_term_string"}],"inLanguage":"vi"},{"@type":"ImageObject","inLanguage":"vi","@id":"https:\/\/tranthi.vn\/quangnam\/chong-tham-kova-ct11-hoi-an-tam-ky-quang-nam\/#local-main-organization-logo","url":"","contentUrl":"","caption":"V\u1eadt Li\u1ec7u X\u00e2y D\u1ef1ng Tr\u1ea7n Th\u1ecb Chi Nh\u00e1nh Qu\u1ea3ng Nam"}]},"product_price_amount":"2940000","product_price_currency":"VND","og_availability":"instock","product_availability":"instock","product_condition":"new"},"_links":{"self":[{"href":"https:\/\/tranthi.vn\/quangnam\/wp-json\/wp\/v2\/product\/861","targetHints":{"allow":["GET"]}}],"collection":[{"href":"https:\/\/tranthi.vn\/quangnam\/wp-json\/wp\/v2\/product"}],"about":[{"href":"https:\/\/tranthi.vn\/quangnam\/wp-json\/wp\/v2\/types\/product"}],"replies":[{"embeddable":true,"href":"https:\/\/tranthi.vn\/quangnam\/wp-json\/wp\/v2\/comments?post=861"}],"wp:featuredmedia":[{"embeddable":true,"href":"https:\/\/tranthi.vn\/quangnam\/wp-json\/wp\/v2\/media\/860"}],"wp:attachment":[{"href":"https:\/\/tranthi.vn\/quangnam\/wp-json\/wp\/v2\/media?parent=861"}],"wp:term":[{"taxonomy":"product_cat","embeddable":true,"href":"https:\/\/tranthi.vn\/quangnam\/wp-json\/wp\/v2\/product_cat?post=861"},{"taxonomy":"product_tag","embeddable":true,"href":"https:\/\/tranthi.vn\/quangnam\/wp-json\/wp\/v2\/product_tag?post=861"}],"curies":[{"name":"wp","href":"https:\/\/api.w.org\/{rel}","templated":true}]}}