{"id":859,"date":"2021-02-16T16:32:57","date_gmt":"2021-02-16T09:32:57","guid":{"rendered":"http:\/\/new-tranthi.test\/san-pham\/vua-rot-co-ong-thong-san-sikagrout-gp\/"},"modified":"2024-03-14T14:26:22","modified_gmt":"2024-03-14T07:26:22","slug":"vua-rot-co-ong-thong-san-sikagrout-gp-da-nang","status":"publish","type":"product","link":"https:\/\/tranthi.vn\/quangnam\/vua-rot-co-ong-thong-san-sikagrout-gp-da-nang\/","title":{"rendered":"V\u1eefa R\u00f3t C\u1ed5 \u1ed0ng Th\u00f4ng S\u00e0n Sikagrout GP &#8211; 25kg"},"content":{"rendered":"<h1 style=\"text-align: center;\"><a href=\"https:\/\/tranthi.vn\/quangnam\/vua-rot-co-ong-thong-san-sikagrout-gp\/\"><span style=\"color: #ff0000;\"><strong><span style=\"font-family: 'times new roman', times, serif; font-size: 130%;\">V\u1eeeA R\u00d3T C\u1ed4 \u1ed0NG TH\u00d4NG S\u00c0N SIKAGROUT GP<\/span><\/strong><\/span><\/a><\/h1>\n<h2><span style=\"font-family: 'times new roman', times, serif; font-size: 120%; color: #ff0000;\"><strong>1. C\u00c1C \u1ee8NG D\u1ee4NG C\u1ee6A SIKAGROUT GP<\/strong><\/span><\/h2>\n<p><span style=\"font-family: 'times new roman', times, serif; font-size: 130%; color: #000000;\">Sikagrout\u00a0GP\u00a0th\u00edch h\u1ee3p cho c\u00e1c c\u00f4ng vi\u1ec7c r\u00f3t v\u1eefa sau:<\/span><\/p>\n<ul style=\"list-style-type: disc;\">\n<li><span style=\"font-family: 'times new roman', times, serif; font-size: 130%; color: #000000;\">N\u1ec1n m\u00f3ng m\u00e1y (kh\u00f4ng rung \u0111\u1ed9ng)<\/span><\/li>\n<li><span style=\"font-family: 'times new roman', times, serif; font-size: 130%; color: #000000;\">B\u1ec7 \u0111\u01b0\u1eddng ray<\/span><\/li>\n<li><span style=\"font-family: 'times new roman', times, serif; font-size: 130%; color: #000000;\">Tr\u1ee5 c\u1ed9t trong c\u00e1c k\u1ebft c\u1ea5u \u0111\u00fac s\u1eb5n<\/span><\/li>\n<li><span style=\"font-family: 'times new roman', times, serif; font-size: 130%; color: #000000;\">\u0110\u1ecbnh v\u1ecb bu l\u00f4ng<\/span><\/li>\n<li><span style=\"font-family: 'times new roman', times, serif; font-size: 130%; color: #000000;\">G\u1ed1i c\u1ea7u<\/span><\/li>\n<li><span style=\"font-family: 'times new roman', times, serif; font-size: 130%; color: #000000;\">C\u00e1c l\u1ed7 h\u1ed5ng<\/span><\/li>\n<li><span style=\"font-family: 'times new roman', times, serif; font-size: 130%; color: #000000;\">C\u00e1c khe h\u1edf<\/span><\/li>\n<li><span style=\"font-family: 'times new roman', times, serif; font-size: 130%; color: #000000;\">C\u00e1c h\u1ed1c t\u01b0\u1eddng<\/span><\/li>\n<li><span style=\"font-family: 'times new roman', times, serif; font-size: 130%; color: #000000;\">N\u01a1i s\u1eeda ch\u1eefa c\u1ea7n c\u01b0\u1eddng \u0111\u1ed9 cao.<\/span><\/li>\n<\/ul>\n<h2><span style=\"font-family: 'times new roman', times, serif; font-size: 120%; color: #ff0000;\"><strong>2. TH\u00d4NG TIN V\u1ec0 S\u1ea2N PH\u1ea8M <\/strong><strong>SIKAGROUT GP<\/strong><\/span><\/h2>\n<ul>\n<li><span style=\"font-family: 'times new roman', times, serif; font-size: 130%; color: #000000;\"><strong><u>D\u1ea1ng\/M\u00e0u<\/u><\/strong>: B\u1ed9t\/X\u00e1m b\u00ea t\u00f4ng<\/span><\/li>\n<li><span style=\"font-family: 'times new roman', times, serif; font-size: 130%; color: #000000;\"><strong><u>\u0110\u00f3ng g\u00f3i<\/u><\/strong>: 25 kg\/bao<\/span><\/li>\n<li><span style=\"font-family: 'times new roman', times, serif; font-size: 130%; color: #000000;\"><strong><u>L\u01b0u tr\u1eef<\/u><\/strong>:\u00a0n\u01a1i kh\u00f4 m\u00e1t c\u00f3 b\u00f3ng r\u00e2m<\/span><\/li>\n<li><span style=\"font-family: 'times new roman', times, serif; font-size: 130%; color: #000000;\"><strong><u>Th\u1eddi h\u1ea1n s\u1eed d\u1ee5ng<\/u><\/strong>: t\u1ed1i thi\u1ec3u 6 th\u00e1ng n\u1ebfu \u0111\u01b0\u1ee3c l\u01b0u tr\u1eef \u0111\u00fang c\u00e1ch trong bao b\u00ec nguy\u00ean ch\u01b0a m\u1edf.<\/span><\/li>\n<\/ul>\n<p>&nbsp;<\/p>\n<ul>\n<li><span style=\"font-family: 'times new roman', times, serif; font-size: 130%; color: #000000;\"><strong><u>Kh\u1ed1i l\u01b0\u1ee3ng th\u1ec3 t\u00edch<\/u><\/strong>:<\/span><\/li>\n<\/ul>\n<p><span style=\"font-family: 'times new roman', times, serif; font-size: 130%; color: #000000;\">\u00a0 \u00a0 \u00a0 \u00a0 \u00a0 \u00a0 \u00a0 \u00a0~ 1.60 kg\/l\u00edt (kh\u1ed1i l\u01b0\u1ee3ng \u0111\u1ed5 \u0111\u1ed1ng c\u1ee7a b\u1ed9t)<\/span><\/p>\n<p><span style=\"font-family: 'times new roman', times, serif; font-size: 130%; color: #000000;\">\u00a0 \u00a0 \u00a0 \u00a0 \u00a0 \u00a0 \u00a0 \u00a0~ 2.20 kg\/l\u00edt (kh\u1ed1i l\u01b0\u1ee3ng th\u1ec3 t\u00edch c\u1ee7a v\u1eefa m\u1edbi tr\u1ed9n)<\/span><\/p>\n<p>&nbsp;<\/p>\n<ul>\n<li><span style=\"font-family: 'times new roman', times, serif; font-size: 130%; color: #000000;\"><strong><u>T\u1ef7 l\u1ec7 tr\u1ed9n<\/u><\/strong>\u00a0(\u0111\u1ed9 s\u1ec7t c\u00f3 th\u1ec3 ch\u1ea3y \u0111\u01b0\u1ee3c):\u00a0 Sikagrout GP : N\u01b0\u1edbc = 1: 0.15 (theo kh\u1ed1i l\u01b0\u1ee3ng &#8211; \u0111\u1ed9 s\u1ec7t c\u00f3 th\u1ec3 ch\u1ea3y \u0111\u01b0\u1ee3c) v\u00e0 ~ 3.75 l\u00edt n\u01b0\u1edbc s\u1ea1ch cho m\u1ed9t bao 25 kg.<\/span><\/li>\n<\/ul>\n<p>&nbsp;<\/p>\n<ul>\n<li><span style=\"font-family: 'times new roman', times, serif; font-size: 130%; color: #000000;\"><strong><u>M\u1eadt \u0111\u1ed9 ti\u00eau th\u1ee5<\/u>:<\/strong>\u00a0\u00a0<\/span><\/li>\n<\/ul>\n<p><span style=\"font-family: 'times new roman', times, serif; font-size: 130%; color: #000000;\">\u00a0 \u00a0 \u00a0 \u00a0 &#8211; M\u1ed9t bao cho kho\u1ea3ng 13.1 l\u00edt v\u1eefa\u00a0c\u1ea7n kho\u1ea3ng 76 bao \u0111\u1ec3 t\u1ea1o 1m<sup>3<\/sup>\u00a0v\u1eefa<\/span><\/p>\n<p><span style=\"font-family: 'times new roman', times, serif; font-size: 130%; color: #000000;\">\u00a0 \u00a0 \u00a0 \u00a0 &#8211; Nhi\u1ec7t \u0111\u1ed9 thi c\u00f4ng:\u00a0t\u1ed1i thi\u1ec3u l\u00e0 10\u02daC &#8211; t\u1ed1i \u0111a\u00a0l\u00e0 40\u02daC<\/span><\/p>\n<p><span style=\"font-family: 'times new roman', times, serif; font-size: 130%; color: #000000;\">\u00a0 \u00a0 \u00a0 \u00a0 &#8211; L\u1ed7 h\u1ed5ng t\u1ed1i thi\u1ec3u\u00a0 Sikagrout\u00a0GP:\u00a010 mm<\/span><\/p>\n<h2><strong><span style=\"font-family: 'times new roman', times, serif; font-size: 120%; color: #ff0000;\">3. H\u01af\u1edaNG D\u1eaaN THI C\u00d4NG SIKAGROUT-GP<\/span><\/strong><\/h2>\n<h3><span style=\"font-family: 'times new roman', times, serif; font-size: 130%; color: #000000;\"><strong>Chu\u1ea9n b\u1ecb b\u1ec1 m\u1eb7t:<\/strong><\/span><\/h3>\n<ul>\n<li><span style=\"font-family: 'times new roman', times, serif; font-size: 130%; color: #000000;\">B\u1ec1 m\u1eb7t b\u00ea t\u00f4ng ph\u1ea3i s\u1ea1ch, \u0111\u1eb7c ch\u1eafc, kh\u00f4ng d\u00ednh d\u1ea7u m\u1ee1 v\u00e0 c\u00e1c t\u1ea1p ch\u1ea5t kh\u00e1c<\/span><\/li>\n<li><span style=\"font-family: 'times new roman', times, serif; font-size: 130%; color: #000000;\">C\u00e1c b\u1ec1 m\u1eb7t b\u1eb1ng kim lo\u1ea1i s\u1eaft v\u00e0 th\u00e9p ph\u1ea3i kh\u00f4ng c\u00f3 v\u1ea9y, r\u1ec9 s\u00e9t ho\u1eb7c d\u1ea7u m\u1ee1.<\/span><\/li>\n<li><span style=\"font-family: 'times new roman', times, serif; font-size: 130%; color: #000000;\">C\u00e1c b\u1ec1 m\u1eb7t h\u00fat n\u01b0\u1edbc ph\u1ea3i \u0111\u01b0\u1ee3c b\u00e3o h\u00f2a ho\u00e0n to\u00e0n, nh\u01b0ng kh\u00f4ng \u0111\u1ec3 \u0111\u1ecdng n\u01b0\u1edbc.<\/span><\/li>\n<\/ul>\n<h3><span style=\"font-family: 'times new roman', times, serif; font-size: 130%; color: #000000;\"><strong>Tr\u1ed9n<\/strong>:<\/span><\/h3>\n<ul>\n<li><span style=\"font-family: 'times new roman', times, serif; font-size: 130%; color: #000000;\">B\u1ed9t \u0111\u01b0\u1ee3c th\u00eam t\u1eeb t\u1eeb v\u00e0o n\u01b0\u1edbc \u0111\u00e3 \u0111\u01b0\u1ee3c \u0111\u1ecbnh l\u01b0\u1ee3ng tr\u01b0\u1edbc sao cho th\u00edch h\u1ee3p v\u1edbi \u0111\u1ed9 s\u1ec7t mong mu\u1ed1n.<\/span><\/li>\n<li><span style=\"font-family: 'times new roman', times, serif; font-size: 130%; color: #000000;\">Tr\u1ed9n b\u1eb1ng m\u00e1y tr\u1ed9n c\u00f3 c\u1ea7n tr\u1ed9n v\u1edbi t\u1ed1c \u0111\u1ed9 th\u1ea5p (t\u1ed1i \u0111a 500 v\u00f2ng\/ph\u00fat) \u00edt nh\u1ea5t 3 ph\u00fat cho \u0111\u1ebfn khi \u0111\u1ea1t \u0111\u01b0\u1ee3c \u0111\u1ed9 s\u1ec7t m\u1ecbn.<\/span><\/li>\n<li><span style=\"font-family: 'times new roman', times, serif; font-size: 130%; color: #000000;\">C\u00f3 th\u1ec3 s\u1eed d\u1ee5ng thi\u1ebft b\u1ecb tr\u1ed9n 2 c\u1ea7n lo\u1ea1i m\u00e1y tr\u1ed9n c\u01b0\u1ee1ng b\u1ee9c.<\/span><\/li>\n<\/ul>\n<h3><span style=\"font-family: 'times new roman', times, serif; font-size: 130%; color: #000000;\"><strong>Thi c\u00f4ng r\u00f3t v\u1eefa<\/strong>:<\/span><\/h3>\n<ul>\n<li><span style=\"font-family: 'times new roman', times, serif; font-size: 130%; color: #000000;\">R\u00f3t v\u1eefa sau khi tr\u1ed9n. ph\u1ea3i b\u1ea3o \u0111\u1ea3m kh\u00f4ng kh\u00ed b\u1ecb nh\u1ed1t trong v\u1eefa \u0111\u01b0\u1ee3c gi\u1ea3i tho\u00e1t h\u1ebft.<\/span><\/li>\n<li><span style=\"font-family: 'times new roman', times, serif; font-size: 130%; color: #000000;\">Khi r\u00f3t v\u1eefa v\u00e0o \u0111\u1ebf ph\u1ea3i duy tr\u00ec c\u1ed9t \u00e1p su\u1ea5t \u0111\u1ec3 gi\u1eef cho d\u00f2ng ch\u1ea3y c\u1ee7a v\u1eefa kh\u00f4ng b\u1ecb gi\u00e1n \u0111o\u1ea1n.<\/span><\/li>\n<li><span style=\"font-family: 'times new roman', times, serif; font-size: 130%; color: #000000;\">Ph\u1ea3i b\u1ea3o \u0111\u1ea3m v\u00e1n khu\u00f4n \u0111\u01b0\u1ee3c d\u1ef1ng ch\u1eafc ch\u1eafc v\u00e0 k\u00edn n\u01b0\u1edbc.<\/span><\/li>\n<li><span style=\"font-family: 'times new roman', times, serif; font-size: 130%; color: #000000;\">\u0110\u1ec3 \u0111\u1ea1t hi\u1ec7u qu\u1ea3 gi\u00e3n n\u1edf t\u1ed1i \u01b0u, thi c\u00f4ng v\u1eefa c\u00e0ng nhanh c\u00e0ng t\u1ed1t (t\u1ed1t nh\u1ea5t l\u00e0 trong v\u00f2ng 15 ph\u00fat sau khi tr\u1ed9n)<\/span><\/li>\n<\/ul>\n<p style=\"text-align: center;\"><iframe loading=\"lazy\" src=\"\/\/www.youtube.com\/embed\/4ITROxtH0BQ\" width=\"560\" height=\"314\" allowfullscreen=\"allowfullscreen\"><\/iframe><\/p>\n","protected":false},"excerpt":{"rendered":"<p><span style=\"font-family: 'times new roman', times, serif; font-size: 130%;\">V\u1eefa R\u00f3t C\u1ed5 \u1ed0ng Th\u00f4ng S\u00e0n Sikagrout GP &#8211; 25kg<\/span><\/p>\n<p><span style=\"font-family: 'times new roman', times, serif; font-size: 130%; color: #000000;\">\ud83d\ude1b V\u1eefa r\u00f3t g\u1ed1c xi m\u0103ng, kh\u00f4ng co ng\u00f3t, c\u00f3 th\u1ec3 b\u01a1m \u0111\u01b0\u1ee3c<\/span><\/p>\n<p><span style=\"font-family: 'times new roman', times, serif; font-size: 130%; color: #000000;\">\ud83d\ude1b \u1ee8ng d\u1ee5ng: R\u00f3t v\u1eefa v\u00e0o:\u00a0 m\u00f3ng m\u00e1y, b\u1ec7 t\u01b0\u1eddng ray, bu l\u00f4ng neo, tr\u1ee5 c\u1ea7u c\u00e1c khe h\u1edf, l\u1ed7 h\u1ed5ng, h\u1ed1c t\u01b0\u1eddng.<\/span><\/p>\n<p><span style=\"font-family: 'times new roman', times, serif; font-size: 130%; color: #000000;\">\ud83d\ude1b \u0110\u01a1n v\u1ecb t\u00ednh: Bao: 25kg<\/span><\/p>\n<p><span style=\"font-family: 'times new roman', times, serif; font-size: 130%; color: #000000;\">\ud83d\ude1b \u0110\u01a1n gi\u00e1 <span style=\"color: #0000ff;\"><a style=\"color: #0000ff;\" href=\"https:\/\/tranthi.vn\/quangnam\/?post_type=product&amp;p=2750&amp;preview=true\"><b><i>v\u1eefa r\u00f3t c\u1ed5 \u1ed1ng th\u00f4ng s\u00e0n sikagrout GP <\/i><\/b><\/a><\/span>trong n\u1ed9i th\u00e0nh Bao 25kg:<span style=\"color: #ff0000;\"><strong> 295.000\u0111<\/strong><\/span><\/span><\/p>\n<p><span style=\"font-family: 'times new roman', times, serif; font-size: 130%; color: #000000;\">\ud83d\ude1b \u0110\u01a1n gi\u00e1 <span style=\"color: #0000ff;\"><a style=\"color: #0000ff;\" href=\"https:\/\/tranthi.vn\/quangnam\/?post_type=product&amp;p=2750&amp;preview=true\"><b><i>v\u1eefa r\u00f3t c\u1ed5 \u1ed1ng th\u00f4ng s\u00e0n sikagrout GP <\/i><\/b><\/a><\/span>trong n\u1ed9i th\u00e0nh Bao 5kg:<span style=\"color: #ff0000;\"><strong> 95.000\u0111<\/strong><\/span><\/span><\/p>\n<p><span style=\"color: #000000; font-family: 'times new roman', times, serif; font-size: 130%;\"><em>( \u0110\u01a1n gi\u00e1 \u00e1p d\u1ee5ng khi mua tr\u00ean 5 s\u1ea3n ph\u1ea9m )<\/em><\/span><\/p>\n<p><span style=\"font-family: 'times new roman', times, serif; font-size: 130%; color: #000000;\">\ud83d\ude1b Giao h\u00e0ng trong \u0111\u1ecba b\u00e0n\u00a0<em><a style=\"color: #000000;\" href=\"https:\/\/fr.wikipedia.org\/wiki\/Da_Nang\"><strong>\u0110\u00e0 N\u1eb5ng<\/strong><\/a><\/em><\/span><\/p>\n","protected":false},"featured_media":858,"comment_status":"open","ping_status":"closed","template":"","meta":[],"product_cat":[89,92],"product_tag":[],"class_list":{"0":"post-859","1":"product","2":"type-product","3":"status-publish","4":"has-post-thumbnail","6":"product_cat-chong-tham","7":"product_cat-chong-tham-sika","9":"first","10":"instock","11":"sale","12":"shipping-taxable","13":"purchasable","14":"product-type-simple"},"yoast_head":"<!-- This site is optimized with the Yoast SEO Premium plugin v22.3 (Yoast SEO v22.8) - https:\/\/yoast.com\/wordpress\/plugins\/seo\/ -->\n<title>Gi\u00e1 V\u1eefa R\u00f3t C\u1ed5 \u1ed0ng Th\u00f4ng S\u00e0n Sikagrout GP \u0110\u00e0 N\u1eb5ng - 0903.595.049<\/title>\n<meta name=\"description\" content=\"Tr\u1ea7n Th\u1ecb chuy\u00ean cung c\u1ea5p v\u1eefa r\u00f3t c\u1ed5 \u1ed1ng th\u00f4ng s\u00e0n sikagrout gp gi\u00e1 t\u1ed1t t\u1ea1i \u0110\u00e0 N\u1eb5ng, lo\u1ea1i v\u1eefa kh\u00f4ng c\u00f3 ng\u00f3t th\u00edch h\u1ee3p cho nhi\u1ec1u v\u1ecb tr\u00ed\" \/>\n<meta name=\"robots\" content=\"index, follow, max-snippet:-1, max-image-preview:large, max-video-preview:-1\" \/>\n<link rel=\"canonical\" href=\"https:\/\/tranthi.vn\/quangnam\/vua-rot-co-ong-thong-san-sikagrout-gp-da-nang\/\" \/>\n<meta property=\"og:locale\" content=\"vi_VN\" \/>\n<meta property=\"og:type\" content=\"article\" \/>\n<meta property=\"og:title\" content=\"V\u1eefa R\u00f3t C\u1ed5 \u1ed0ng Th\u00f4ng S\u00e0n Sikagrout GP - 25kg\" \/>\n<meta property=\"og:description\" content=\"Tr\u1ea7n Th\u1ecb chuy\u00ean cung c\u1ea5p v\u1eefa r\u00f3t c\u1ed5 \u1ed1ng th\u00f4ng s\u00e0n sikagrout gp gi\u00e1 t\u1ed1t t\u1ea1i \u0110\u00e0 N\u1eb5ng, lo\u1ea1i v\u1eefa kh\u00f4ng c\u00f3 ng\u00f3t th\u00edch h\u1ee3p cho nhi\u1ec1u v\u1ecb tr\u00ed\" \/>\n<meta property=\"og:url\" content=\"https:\/\/tranthi.vn\/quangnam\/vua-rot-co-ong-thong-san-sikagrout-gp-da-nang\/\" \/>\n<meta property=\"og:site_name\" content=\"V\u1eadt Li\u1ec7u X\u00e2y D\u1ef1ng Tr\u1ea7n Th\u1ecb Chi Nh\u00e1nh Qu\u1ea3ng Nam\" \/>\n<meta property=\"article:modified_time\" content=\"2024-03-14T07:26:22+00:00\" \/>\n<meta property=\"og:image\" content=\"https:\/\/tranthi.vn\/quangnam\/wp-content\/uploads\/2021\/02\/sika-grout-vua-rot-co-ong-thong-san-tai-da-nang_optimized.jpg\" \/>\n\t<meta property=\"og:image:width\" content=\"300\" \/>\n\t<meta property=\"og:image:height\" content=\"300\" \/>\n\t<meta property=\"og:image:type\" content=\"image\/jpeg\" \/>\n<meta name=\"twitter:card\" content=\"summary_large_image\" \/>\n<meta name=\"twitter:label1\" content=\"Gi\u00e1\" \/>\n\t<meta name=\"twitter:data1\" content=\"290,000&nbsp;&#8363;\" \/>\n\t<meta name=\"twitter:label2\" content=\"Kh\u1ea3 d\u1ee5ng\" \/>\n\t<meta name=\"twitter:data2\" content=\"Trong kho\" \/>\n<script type=\"application\/ld+json\" class=\"yoast-schema-graph\">{\"@context\":\"https:\/\/schema.org\",\"@graph\":[{\"@type\":[\"WebPage\",\"ItemPage\"],\"@id\":\"https:\/\/tranthi.vn\/quangnam\/vua-rot-co-ong-thong-san-sikagrout-gp-da-nang\/\",\"url\":\"https:\/\/tranthi.vn\/quangnam\/vua-rot-co-ong-thong-san-sikagrout-gp-da-nang\/\",\"name\":\"Gi\u00e1 V\u1eefa R\u00f3t C\u1ed5 \u1ed0ng Th\u00f4ng S\u00e0n Sikagrout GP \u0110\u00e0 N\u1eb5ng - 0903.595.049\",\"isPartOf\":{\"@id\":\"https:\/\/tranthi.vn\/quangnam\/#website\"},\"primaryImageOfPage\":{\"@id\":\"https:\/\/tranthi.vn\/quangnam\/vua-rot-co-ong-thong-san-sikagrout-gp-da-nang\/#primaryimage\"},\"image\":{\"@id\":\"https:\/\/tranthi.vn\/quangnam\/vua-rot-co-ong-thong-san-sikagrout-gp-da-nang\/#primaryimage\"},\"thumbnailUrl\":\"https:\/\/tranthi.vn\/quangnam\/wp-content\/uploads\/2021\/02\/sika-grout-vua-rot-co-ong-thong-san-tai-da-nang_optimized.jpg\",\"datePublished\":\"2021-02-16T09:32:57+00:00\",\"dateModified\":\"2024-03-14T07:26:22+00:00\",\"description\":\"Tr\u1ea7n Th\u1ecb chuy\u00ean cung c\u1ea5p v\u1eefa r\u00f3t c\u1ed5 \u1ed1ng th\u00f4ng s\u00e0n sikagrout gp gi\u00e1 t\u1ed1t t\u1ea1i \u0110\u00e0 N\u1eb5ng, lo\u1ea1i v\u1eefa kh\u00f4ng c\u00f3 ng\u00f3t th\u00edch h\u1ee3p cho nhi\u1ec1u v\u1ecb tr\u00ed\",\"breadcrumb\":{\"@id\":\"https:\/\/tranthi.vn\/quangnam\/vua-rot-co-ong-thong-san-sikagrout-gp-da-nang\/#breadcrumb\"},\"inLanguage\":\"vi\",\"potentialAction\":[{\"@type\":\"ReadAction\",\"target\":[\"https:\/\/tranthi.vn\/quangnam\/vua-rot-co-ong-thong-san-sikagrout-gp-da-nang\/\"]}]},{\"@type\":\"ImageObject\",\"inLanguage\":\"vi\",\"@id\":\"https:\/\/tranthi.vn\/quangnam\/vua-rot-co-ong-thong-san-sikagrout-gp-da-nang\/#primaryimage\",\"url\":\"https:\/\/tranthi.vn\/quangnam\/wp-content\/uploads\/2021\/02\/sika-grout-vua-rot-co-ong-thong-san-tai-da-nang_optimized.jpg\",\"contentUrl\":\"https:\/\/tranthi.vn\/quangnam\/wp-content\/uploads\/2021\/02\/sika-grout-vua-rot-co-ong-thong-san-tai-da-nang_optimized.jpg\",\"width\":300,\"height\":300},{\"@type\":\"BreadcrumbList\",\"@id\":\"https:\/\/tranthi.vn\/quangnam\/vua-rot-co-ong-thong-san-sikagrout-gp-da-nang\/#breadcrumb\",\"itemListElement\":[{\"@type\":\"ListItem\",\"position\":1,\"name\":\"Trang ch\u1ee7\",\"item\":\"https:\/\/tranthi.vn\/quangnam\/\"},{\"@type\":\"ListItem\",\"position\":2,\"name\":\"Shop\",\"item\":\"https:\/\/tranthi.vn\/quangnam\/shop\/\"},{\"@type\":\"ListItem\",\"position\":3,\"name\":\"V\u1eefa R\u00f3t C\u1ed5 \u1ed0ng Th\u00f4ng S\u00e0n Sikagrout GP &#8211; 25kg\"}]},{\"@type\":\"WebSite\",\"@id\":\"https:\/\/tranthi.vn\/quangnam\/#website\",\"url\":\"https:\/\/tranthi.vn\/quangnam\/\",\"name\":\"V\u1eadt Li\u1ec7u X\u00e2y D\u1ef1ng Tr\u1ea7n Th\u1ecb Chi Nh\u00e1nh Qu\u1ea3ng Nam\",\"description\":\"V\u1eadt Li\u1ec7u X\u00e2y D\u1ef1ng - Qu\u1ea3ng Nam\",\"potentialAction\":[{\"@type\":\"SearchAction\",\"target\":{\"@type\":\"EntryPoint\",\"urlTemplate\":\"https:\/\/tranthi.vn\/quangnam\/?s={search_term_string}\"},\"query-input\":\"required name=search_term_string\"}],\"inLanguage\":\"vi\"},{\"@type\":\"ImageObject\",\"inLanguage\":\"vi\",\"@id\":\"https:\/\/tranthi.vn\/quangnam\/vua-rot-co-ong-thong-san-sikagrout-gp-da-nang\/#local-main-organization-logo\",\"url\":\"\",\"contentUrl\":\"\",\"caption\":\"V\u1eadt Li\u1ec7u X\u00e2y D\u1ef1ng Tr\u1ea7n Th\u1ecb Chi Nh\u00e1nh Qu\u1ea3ng Nam\"}]}<\/script>\n<meta property=\"product:price:amount\" content=\"290000\" \/>\n<meta property=\"product:price:currency\" content=\"VND\" \/>\n<meta property=\"og:availability\" content=\"instock\" \/>\n<meta property=\"product:availability\" content=\"instock\" \/>\n<meta property=\"product:condition\" content=\"new\" \/>\n<!-- \/ Yoast SEO Premium plugin. -->","yoast_head_json":{"title":"Gi\u00e1 V\u1eefa R\u00f3t C\u1ed5 \u1ed0ng Th\u00f4ng S\u00e0n Sikagrout GP \u0110\u00e0 N\u1eb5ng - 0903.595.049","description":"Tr\u1ea7n Th\u1ecb chuy\u00ean cung c\u1ea5p v\u1eefa r\u00f3t c\u1ed5 \u1ed1ng th\u00f4ng s\u00e0n sikagrout gp gi\u00e1 t\u1ed1t t\u1ea1i \u0110\u00e0 N\u1eb5ng, lo\u1ea1i v\u1eefa kh\u00f4ng c\u00f3 ng\u00f3t th\u00edch h\u1ee3p cho nhi\u1ec1u v\u1ecb tr\u00ed","robots":{"index":"index","follow":"follow","max-snippet":"max-snippet:-1","max-image-preview":"max-image-preview:large","max-video-preview":"max-video-preview:-1"},"canonical":"https:\/\/tranthi.vn\/quangnam\/vua-rot-co-ong-thong-san-sikagrout-gp-da-nang\/","og_locale":"vi_VN","og_type":"article","og_title":"V\u1eefa R\u00f3t C\u1ed5 \u1ed0ng Th\u00f4ng S\u00e0n Sikagrout GP - 25kg","og_description":"Tr\u1ea7n Th\u1ecb chuy\u00ean cung c\u1ea5p v\u1eefa r\u00f3t c\u1ed5 \u1ed1ng th\u00f4ng s\u00e0n sikagrout gp gi\u00e1 t\u1ed1t t\u1ea1i \u0110\u00e0 N\u1eb5ng, lo\u1ea1i v\u1eefa kh\u00f4ng c\u00f3 ng\u00f3t th\u00edch h\u1ee3p cho nhi\u1ec1u v\u1ecb tr\u00ed","og_url":"https:\/\/tranthi.vn\/quangnam\/vua-rot-co-ong-thong-san-sikagrout-gp-da-nang\/","og_site_name":"V\u1eadt Li\u1ec7u X\u00e2y D\u1ef1ng Tr\u1ea7n Th\u1ecb Chi Nh\u00e1nh Qu\u1ea3ng Nam","article_modified_time":"2024-03-14T07:26:22+00:00","og_image":[{"width":300,"height":300,"url":"https:\/\/tranthi.vn\/quangnam\/wp-content\/uploads\/2021\/02\/sika-grout-vua-rot-co-ong-thong-san-tai-da-nang_optimized.jpg","type":"image\/jpeg"}],"twitter_card":"summary_large_image","twitter_misc":{"Gi\u00e1":"290,000&nbsp;&#8363;","Kh\u1ea3 d\u1ee5ng":"Trong kho"},"schema":{"@context":"https:\/\/schema.org","@graph":[{"@type":["WebPage","ItemPage"],"@id":"https:\/\/tranthi.vn\/quangnam\/vua-rot-co-ong-thong-san-sikagrout-gp-da-nang\/","url":"https:\/\/tranthi.vn\/quangnam\/vua-rot-co-ong-thong-san-sikagrout-gp-da-nang\/","name":"Gi\u00e1 V\u1eefa R\u00f3t C\u1ed5 \u1ed0ng Th\u00f4ng S\u00e0n Sikagrout GP \u0110\u00e0 N\u1eb5ng - 0903.595.049","isPartOf":{"@id":"https:\/\/tranthi.vn\/quangnam\/#website"},"primaryImageOfPage":{"@id":"https:\/\/tranthi.vn\/quangnam\/vua-rot-co-ong-thong-san-sikagrout-gp-da-nang\/#primaryimage"},"image":{"@id":"https:\/\/tranthi.vn\/quangnam\/vua-rot-co-ong-thong-san-sikagrout-gp-da-nang\/#primaryimage"},"thumbnailUrl":"https:\/\/tranthi.vn\/quangnam\/wp-content\/uploads\/2021\/02\/sika-grout-vua-rot-co-ong-thong-san-tai-da-nang_optimized.jpg","datePublished":"2021-02-16T09:32:57+00:00","dateModified":"2024-03-14T07:26:22+00:00","description":"Tr\u1ea7n Th\u1ecb chuy\u00ean cung c\u1ea5p v\u1eefa r\u00f3t c\u1ed5 \u1ed1ng th\u00f4ng s\u00e0n sikagrout gp gi\u00e1 t\u1ed1t t\u1ea1i \u0110\u00e0 N\u1eb5ng, lo\u1ea1i v\u1eefa kh\u00f4ng c\u00f3 ng\u00f3t th\u00edch h\u1ee3p cho nhi\u1ec1u v\u1ecb tr\u00ed","breadcrumb":{"@id":"https:\/\/tranthi.vn\/quangnam\/vua-rot-co-ong-thong-san-sikagrout-gp-da-nang\/#breadcrumb"},"inLanguage":"vi","potentialAction":[{"@type":"ReadAction","target":["https:\/\/tranthi.vn\/quangnam\/vua-rot-co-ong-thong-san-sikagrout-gp-da-nang\/"]}]},{"@type":"ImageObject","inLanguage":"vi","@id":"https:\/\/tranthi.vn\/quangnam\/vua-rot-co-ong-thong-san-sikagrout-gp-da-nang\/#primaryimage","url":"https:\/\/tranthi.vn\/quangnam\/wp-content\/uploads\/2021\/02\/sika-grout-vua-rot-co-ong-thong-san-tai-da-nang_optimized.jpg","contentUrl":"https:\/\/tranthi.vn\/quangnam\/wp-content\/uploads\/2021\/02\/sika-grout-vua-rot-co-ong-thong-san-tai-da-nang_optimized.jpg","width":300,"height":300},{"@type":"BreadcrumbList","@id":"https:\/\/tranthi.vn\/quangnam\/vua-rot-co-ong-thong-san-sikagrout-gp-da-nang\/#breadcrumb","itemListElement":[{"@type":"ListItem","position":1,"name":"Trang ch\u1ee7","item":"https:\/\/tranthi.vn\/quangnam\/"},{"@type":"ListItem","position":2,"name":"Shop","item":"https:\/\/tranthi.vn\/quangnam\/shop\/"},{"@type":"ListItem","position":3,"name":"V\u1eefa R\u00f3t C\u1ed5 \u1ed0ng Th\u00f4ng S\u00e0n Sikagrout GP &#8211; 25kg"}]},{"@type":"WebSite","@id":"https:\/\/tranthi.vn\/quangnam\/#website","url":"https:\/\/tranthi.vn\/quangnam\/","name":"V\u1eadt Li\u1ec7u X\u00e2y D\u1ef1ng Tr\u1ea7n Th\u1ecb Chi Nh\u00e1nh Qu\u1ea3ng Nam","description":"V\u1eadt Li\u1ec7u X\u00e2y D\u1ef1ng - Qu\u1ea3ng Nam","potentialAction":[{"@type":"SearchAction","target":{"@type":"EntryPoint","urlTemplate":"https:\/\/tranthi.vn\/quangnam\/?s={search_term_string}"},"query-input":"required name=search_term_string"}],"inLanguage":"vi"},{"@type":"ImageObject","inLanguage":"vi","@id":"https:\/\/tranthi.vn\/quangnam\/vua-rot-co-ong-thong-san-sikagrout-gp-da-nang\/#local-main-organization-logo","url":"","contentUrl":"","caption":"V\u1eadt Li\u1ec7u X\u00e2y D\u1ef1ng Tr\u1ea7n Th\u1ecb Chi Nh\u00e1nh Qu\u1ea3ng Nam"}]},"product_price_amount":"290000","product_price_currency":"VND","og_availability":"instock","product_availability":"instock","product_condition":"new"},"_links":{"self":[{"href":"https:\/\/tranthi.vn\/quangnam\/wp-json\/wp\/v2\/product\/859","targetHints":{"allow":["GET"]}}],"collection":[{"href":"https:\/\/tranthi.vn\/quangnam\/wp-json\/wp\/v2\/product"}],"about":[{"href":"https:\/\/tranthi.vn\/quangnam\/wp-json\/wp\/v2\/types\/product"}],"replies":[{"embeddable":true,"href":"https:\/\/tranthi.vn\/quangnam\/wp-json\/wp\/v2\/comments?post=859"}],"wp:featuredmedia":[{"embeddable":true,"href":"https:\/\/tranthi.vn\/quangnam\/wp-json\/wp\/v2\/media\/858"}],"wp:attachment":[{"href":"https:\/\/tranthi.vn\/quangnam\/wp-json\/wp\/v2\/media?parent=859"}],"wp:term":[{"taxonomy":"product_cat","embeddable":true,"href":"https:\/\/tranthi.vn\/quangnam\/wp-json\/wp\/v2\/product_cat?post=859"},{"taxonomy":"product_tag","embeddable":true,"href":"https:\/\/tranthi.vn\/quangnam\/wp-json\/wp\/v2\/product_tag?post=859"}],"curies":[{"name":"wp","href":"https:\/\/api.w.org\/{rel}","templated":true}]}}