{"id":855,"date":"2021-02-16T16:32:53","date_gmt":"2021-02-16T09:32:53","guid":{"rendered":"http:\/\/new-tranthi.test\/san-pham\/son-chong-tham-tuong-sika-raintite-20kg\/"},"modified":"2024-03-14T14:30:26","modified_gmt":"2024-03-14T07:30:26","slug":"son-chong-tham-tuong-sika-raintite-tai-da-nang","status":"publish","type":"product","link":"https:\/\/tranthi.vn\/quangnam\/son-chong-tham-tuong-sika-raintite-tai-da-nang\/","title":{"rendered":"Ch\u1ed1ng Th\u1ea5m T\u01b0\u1eddng Sika Raintite-20kg"},"content":{"rendered":"<h1 style=\"text-align: center;\"><span style=\"color: #008000;\"><strong><span style=\"font-family: 'times new roman', times, serif; font-size: 18pt;\">CH\u1ed0NG TH\u1ea4M T\u01af\u1edcNG SIKA RAINTITE<\/span><\/strong><\/span><\/h1>\n<p><span style=\"font-family: 'times new roman', times, serif; font-size: 14pt;\"><span style=\"color: #008000;\"><em><strong>Ch\u1ed1ng Th\u1ea5m T\u01b0\u1eddng Sika Raintite t\u1ea1i \u0110\u00e0 N\u1eb5ng<\/strong><\/em><\/span> &#8211; T\u01b0\u1eddng nh\u00e0 b\u1ecb xu\u1ed1ng c\u1ea5p, l\u1edbp v\u1eefa da ph\u00eda ngo\u00e0i b\u1ecb r\u1ea1n n\u1ee9t, th\u1ea5m n\u01b0\u1edbc l\u00e0 nguy\u00ean nh\u00e2n g\u00e2y \u1ed1 m\u1ed1c b\u00ean trong t\u01b0\u1eddng, l\u00e0m bong r\u1ed9p c\u00e1c l\u1edbp s\u01a1n, t\u1ea1o m\u00f9i m\u1ed1c kh\u00f3 ch\u1ecbu. Ch\u00ednh v\u00ec v\u1eady, x\u1eed l\u00fd ch\u1ed1ng th\u1ea5m t\u01b0\u1eddng \u0111\u1ee9ng l\u00e0 gi\u1ea3i ph\u00e1p t\u1ed1t nh\u1ea5t hi\u1ec7n nay.<\/span><\/p>\n<h2><span style=\"font-size: 14pt; color: #ff0000; font-family: 'times new roman', times, serif;\"><strong>1. H\u01af\u1edaNG D\u1eaaN THI C\u00d4NG CH\u1ed0NG TH\u1ea4M T\u01af\u1edcNG\u00a0<\/strong><\/span><\/h2>\n<p><span style=\"color: #33cccc; font-family: 'times new roman', times, serif; font-size: 14pt;\"><strong>1. Chu\u1ea9n b\u1ecb b\u1ec1 m\u1eb7t<\/strong><\/span><\/p>\n<p><span style=\"font-family: 'times new roman', times, serif; font-size: 14pt;\">B\u1ec1 m\u1eb7t thi c\u00f4ng ph\u1ea3i s\u1ea1ch, \u0111\u1eb7t ch\u1eafc, \u0111\u00f4ng c\u1ee9ng ho\u00e0n to\u00e0n. Lo\u1ea1i b\u1ecf t\u1ea5t c\u1ea3 c\u00e1c m\u1ea3nh v\u1ee5n tr\u00ean b\u1ec1 m\u1eb7t b\u1eb1ng b\u00e0n ch\u1ea3i s\u1eaft. \u0110\u1ed1i v\u1edbi b\u1ec1 m\u1eb7t kim lo\u1ea1i ph\u1ea3i kh\u00f4ng b\u1ecb r\u1ec9.<\/span><\/p>\n<p><span style=\"color: #33cccc; font-family: 'times new roman', times, serif; font-size: 14pt;\"><strong>2. Thi c\u00f4ng<\/strong><\/span><\/p>\n<p><span style=\"font-family: 'times new roman', times, serif; font-size: 14pt;\">Kh\u00f4ng d\u00f9ng l\u1edbp gia c\u01b0\u1eddng: Sika RainTite \u0111\u01b0\u1ee3c thi c\u00f4ng hai l\u1edbp (0.3 \u2013 0.35kg\/m2\/ l\u1edbp) b\u1eb1ng c\u1ecd qu\u00e9t hay Rulo<\/span><\/p>\n<p><span style=\"font-family: 'times new roman', times, serif; font-size: 14pt;\">D\u00f9ng m\u00e0ng k\u1ebft h\u1ee3p: Sikalastic feece 120<\/span><\/p>\n<p><span style=\"font-family: 'times new roman', times, serif; font-size: 14pt;\">Thi c\u00f4ng l\u1edbp ph\u1ee7 ch\u1ed1ng th\u1ea5m ( 0.8 \u2013 1.0kg\/m2) Sika RainTite b\u1eb1ng c\u1ecd qu\u00e9t hay Rulo<\/span><\/p>\n<p style=\"text-align: center;\"><iframe loading=\"lazy\" src=\"\/\/www.youtube.com\/embed\/9b6AN-_jgW4?t=297s\" width=\"560\" height=\"314\" allowfullscreen=\"allowfullscreen\"><\/iframe><\/p>\n<p><span style=\"font-family: 'times new roman', times, serif; font-size: 14pt;\">D\u00e1n ch\u1eb7t l\u1edbp gia c\u01b0\u1eddng Sikalastic feece 120 d\u00ednh v\u00e0o l\u1edbp th\u1ee9 nh\u1ea5t khi l\u1edbp n\u00e0y c\u00f2n \u01b0\u1edbt. Ph\u1ea3i ch\u1eafc ch\u1eafn l\u1edbp gia c\u01b0\u1eddng SikaRainTite \u0111\u01b0\u1ee3c d\u00ednh ch\u1eb7t v\u00e0 kh\u00f4ng c\u00f3 b\u1ecdt kh\u00ed b\u00ean d\u01b0\u1edbi c\u0169ng nh\u01b0 n\u1ebfp g\u1ea5p. M\u1ed1i n\u1ed1i ph\u1ea3i \u0111\u01b0\u1ee3c ch\u1ed3ng l\u00ean t\u1ed1i thi\u1ec3u 50mm<\/span><\/p>\n<p><span style=\"font-family: 'times new roman', times, serif; font-size: 14pt;\">Thi c\u00f4ng l\u1edbp th\u1ee9 hai ( 0.8 \u2013 1.0kg\/m2) ph\u1ee7 \u0111\u1ec1u tr\u00ean to\u00e0n b\u1ec1 m\u1eb7t ngay khi l\u1edbp th\u1ee9 nh\u1ea5t c\u00f2n \u01b0\u1edbt<\/span><\/p>\n<p><span style=\"font-family: 'times new roman', times, serif; font-size: 14pt;\">Khi b\u1ec1 m\u1eb7t v\u1eeba kh\u00f4, thi c\u00f4ng l\u1edbp ho\u00e0n thi\u1ec7n ( 0.4kg\/m2).<\/span><\/p>\n<h2><span style=\"font-family: 'times new roman', times, serif; font-size: 14pt;\"><strong><span style=\"color: #ff0000;\">2. \u0110I\u1ec2M N\u1ed4I TR\u1ed8I C\u1ee6A SIKA RAINTITE\u00a0<\/span><\/strong><\/span><\/h2>\n<ul>\n<li><span style=\"font-family: 'times new roman', times, serif; font-size: 14pt;\">\u00a0 \u00a0 \u00a0 Ch\u1ecbu \u0111\u01b0\u1ee3c th\u1eddi ti\u1ebft v\u00e0 kh\u00e1ng tia UV, tia c\u1ef1c t\u00edm<\/span><\/li>\n<li><span style=\"font-family: 'times new roman', times, serif; font-size: 14pt;\">\u00a0 \u00a0 \u00a0 D\u1ec5 s\u1eed d\u1ee5ng v\u00e0 thi c\u00f4ng<\/span><\/li>\n<li><span style=\"font-family: 'times new roman', times, serif; font-size: 14pt;\">\u00a0 \u00a0 \u00a0 Kh\u00f4ng d\u00f9ng l\u1edbp l\u00f3t<\/span><\/li>\n<li><span style=\"font-family: 'times new roman', times, serif; font-size: 14pt;\">\u00a0 \u00a0 \u00a0 B\u00e1m d\u00ednh t\u1ed1t v\u1edbi nhi\u1ec1u lo\u1ea1i v\u1eadt li\u1ec7u<\/span><\/li>\n<li><span style=\"font-family: 'times new roman', times, serif; font-size: 14pt;\">\u00a0 \u00a0 \u00a0 \u0110\u00e0n h\u1ed3i t\u1ed1t<\/span><\/li>\n<li><span style=\"font-family: 'times new roman', times, serif; font-size: 14pt;\">\u00a0 \u00a0 \u00a0 Linh ho\u1ea1t<\/span><\/li>\n<li><span style=\"font-family: 'times new roman', times, serif; font-size: 14pt;\">\u00a0 \u00a0 \u00a0 Kh\u00f4ng \u0111\u1ed9c<\/span><\/li>\n<li><span style=\"font-family: 'times new roman', times, serif; font-size: 14pt;\">\u00a0 \u00a0 \u00a0 Kh\u00f4ng th\u00fac \u0111\u1ea9y s\u1ef1 ph\u00e1t tri\u1ec3n r\u00eau, n\u1ea5m<\/span><\/li>\n<\/ul>\n<p><span style=\"font-family: 'times new roman', times, serif; font-size: 14pt;\"><strong><a href=\"https:\/\/tranthi.vn\/quangnam\/\">Tr\u1ea7n Th\u1ecb<\/a><\/strong> l\u00e0 \u0111\u1ea1i l\u00fd <span style=\"color: #008000;\"><strong><em>Ch\u1ed1ng Th\u1ea5m T\u01b0\u1eddng Sika Raintite<\/em><\/strong><\/span>\u00a0 t\u1ea1i <em><strong><a href=\"https:\/\/fr.wikipedia.org\/wiki\/Da_Nang\">\u0110\u00e0 N\u1eb5ng<\/a>,\u00a0<\/strong><\/em> <strong>\u0110\u00f4ng H\u00e0 Qu\u1ea3ng tr\u1ecb<\/strong>, <strong>H\u1ed9i An<\/strong>, <strong>Tam k\u1ef3 Qu\u1ea3ng Nam<\/strong>,<strong> Hu\u1ebf<\/strong> , <strong>Qu\u1ea3ng Ng\u00e3i<\/strong> \u00a0Ph\u1ee5c v\u1ee5 t\u1eadn ch\u00e2n c\u00f4ng tr\u00ecnh v\u1edbi gi\u00e1 r\u1ebb nh\u1ea5t th\u1ecb tr\u01b0\u1eddng \u0110\u00e0 N\u1eb5ng.<\/span><\/p>\n","protected":false},"excerpt":{"rendered":"<p><strong><span style=\"font-family: 'times new roman', times, serif; font-size: 130%;\">Ch\u1ed1ng Th\u1ea5m T\u01b0\u1eddng Sika Raintite-20kg <\/span><\/strong><\/p>\n<p><span style=\"font-family: 'times new roman', times, serif; font-size: 130%; color: #000000;\">\ud83d\ude1b S\u1ea3n ph\u1ea9m ch\u1ed1ng th\u1ea5m g\u1ed1c acrylic\u00a0<\/span><\/p>\n<p><span style=\"font-family: 'times new roman', times, serif; font-size: 130%; color: #000000;\">\ud83d\ude1b \u1ee8ng d\u1ee5ng: Ch\u1ed1ng th\u1ea5m s\u00e0n m\u00e1i b\u00ea t\u00f4ng, t\u01b0\u1eddng ngo\u00e0i, b\u1ec1 m\u1eb7t ho\u00e0n thi\u1ec7n, ch\u00e2n t\u01b0\u1eddng tr\u00ean m\u00e1i<\/span><\/p>\n<p><span style=\"font-family: 'times new roman', times, serif; font-size: 130%; color: #000000;\">\ud83d\ude1b \u0110\u01a1n v\u1ecb t\u00ednh: <span style=\"color: #ed1c24;\">Th\u00f9ng: 20kg<\/span><\/span><\/p>\n<p><span style=\"font-family: 'times new roman', times, serif; font-size: 130%; color: #000000;\">\ud83d\ude1b \u0110\u01a1n gi\u00e1 <b><i><a style=\"color: #000000;\" href=\"https:\/\/tranthi.vn\/quangnam\/son-chong-tham-tuong-sika-raintite-20kg\">s\u01a1n ch\u1ed1ng th\u1ea5m t\u01b0\u1eddng sika raintite-20kg<\/a> <\/i><\/b>trong n\u1ed9i th\u00e0nh Th\u00f9ng 20kg:<span style=\"color: #ed1c24;\"><strong> 2.070.000\u0111<\/strong><\/span><\/span><\/p>\n<p><span style=\"font-family: 'times new roman', times, serif; font-size: 130%; color: #0000ff;\"><em>( \u0110\u01a1n gi\u00e1 \u00e1p d\u1ee5ng khi mua tr\u00ean 3 s\u1ea3n ph\u1ea9m )<\/em><\/span><\/p>\n<p><span style=\"font-family: 'times new roman', times, serif; font-size: 130%; color: #000000;\">\ud83d\ude1b Giao h\u00e0ng trong \u0111\u1ecba b\u00e0n\u00a0<em><a style=\"color: #000000;\" href=\"https:\/\/fr.wikipedia.org\/wiki\/Da_Nang\"><strong>\u0110\u00e0 N\u1eb5ng<\/strong><\/a><\/em><\/span><\/p>\n<p><span style=\"font-family: 'times new roman', times, serif; font-size: 130%; color: #000000;\">\ud83d\ude1b Ngo\u00e0i ra Tr\u1ea7n Th\u1ecb c\u00f2n nh\u1eadn giao h\u00e0ng \u0111\u1ebfn c\u00e1c \u0111i\u1ec3m <strong><a style=\"color: #000000;\" href=\"https:\/\/vi.wikipedia.org\/wiki\/%C4%90%C3%B4ng_H%C3%A0\">\u0110\u00f4ng H\u00e0 Qu\u1ea3ng tr\u1ecb<\/a><\/strong>, <strong><a style=\"color: #000000;\" href=\"https:\/\/vi.wikipedia.org\/wiki\/H%E1%BB%99i_An\">H\u1ed9i An<\/a><\/strong>, <strong><a style=\"color: #000000;\" href=\"https:\/\/vi.wikipedia.org\/wiki\/Tam_K%E1%BB%B3\">Tam k\u1ef3 Qu\u1ea3ng Nam<\/a><\/strong>,<strong><a style=\"color: #000000;\" href=\"https:\/\/vi.wikipedia.org\/wiki\/Hu%E1%BA%BF\"> Hu\u1ebf<\/a><\/strong> , <strong><a style=\"color: #000000;\" href=\"https:\/\/vi.wikipedia.org\/wiki\/Qu%E1%BA%A3ng_Ng%C3%A3i\">Qu\u1ea3ng Ng\u00e3i<\/a><\/strong> -Chi ph\u00ed v\u1eadn chuy\u1ec3n s\u1ebd t\u00ednh theo kho\u1ea3ng c\u00e1ch v\u00e0 s\u1ed1 l\u01b0\u1ee3ng h\u00e0ng h\u00f3a nh\u1eadp<\/span><\/p>\n","protected":false},"featured_media":854,"comment_status":"open","ping_status":"closed","template":"","meta":[],"product_cat":[89,92],"product_tag":[],"class_list":{"0":"post-855","1":"product","2":"type-product","3":"status-publish","4":"has-post-thumbnail","6":"product_cat-chong-tham","7":"product_cat-chong-tham-sika","9":"first","10":"instock","11":"sale","12":"shipping-taxable","13":"purchasable","14":"product-type-simple"},"yoast_head":"<!-- This site is optimized with the Yoast SEO Premium plugin v22.3 (Yoast SEO v22.8) - https:\/\/yoast.com\/wordpress\/plugins\/seo\/ -->\n<title>Gi\u00e1 sika Raintitle ch\u1ed1ng th\u1ea5m t\u01b0\u1eddng t\u1ea1i \u0110\u00e0 N\u1eb5ng-0903.595.049<\/title>\n<meta name=\"description\" content=\"Tr\u1ea7n Th\u1ecb-chuy\u00ean cung c\u1ea5p c\u00e1c s\u1ea3n ph\u1ea9m ch\u1ed1ng th\u1ea5m sika gi\u00e1 r\u1ebb t\u1ea1i \u0110\u00e0 N\u1eb5ng, sika ch\u1ed1ng th\u1ea5m t\u01b0\u1eddng Raintitle thi c\u00f4ng d\u1ec5 d\u00e0ng v\u00e0 nhanh ch\u00f3ng\" \/>\n<meta name=\"robots\" content=\"index, follow, max-snippet:-1, max-image-preview:large, max-video-preview:-1\" \/>\n<link rel=\"canonical\" href=\"https:\/\/tranthi.vn\/quangnam\/son-chong-tham-tuong-sika-raintite-tai-da-nang\/\" \/>\n<meta property=\"og:locale\" content=\"vi_VN\" \/>\n<meta property=\"og:type\" content=\"article\" \/>\n<meta property=\"og:title\" content=\"Ch\u1ed1ng Th\u1ea5m T\u01b0\u1eddng Sika Raintite-20kg\" \/>\n<meta property=\"og:description\" content=\"Tr\u1ea7n Th\u1ecb-chuy\u00ean cung c\u1ea5p c\u00e1c s\u1ea3n ph\u1ea9m ch\u1ed1ng th\u1ea5m sika gi\u00e1 r\u1ebb t\u1ea1i \u0110\u00e0 N\u1eb5ng, sika ch\u1ed1ng th\u1ea5m t\u01b0\u1eddng Raintitle thi c\u00f4ng d\u1ec5 d\u00e0ng v\u00e0 nhanh ch\u00f3ng\" \/>\n<meta property=\"og:url\" content=\"https:\/\/tranthi.vn\/quangnam\/son-chong-tham-tuong-sika-raintite-tai-da-nang\/\" \/>\n<meta property=\"og:site_name\" content=\"V\u1eadt Li\u1ec7u X\u00e2y D\u1ef1ng Tr\u1ea7n Th\u1ecb Chi Nh\u00e1nh Qu\u1ea3ng Nam\" \/>\n<meta property=\"article:modified_time\" content=\"2024-03-14T07:30:26+00:00\" \/>\n<meta property=\"og:image\" content=\"https:\/\/tranthi.vn\/quangnam\/wp-content\/uploads\/2021\/02\/son-sika-raintite-20kg-da-nang-1-300x300_optimized.jpg\" \/>\n\t<meta property=\"og:image:width\" content=\"300\" \/>\n\t<meta property=\"og:image:height\" content=\"300\" \/>\n\t<meta property=\"og:image:type\" content=\"image\/jpeg\" \/>\n<meta name=\"twitter:card\" content=\"summary_large_image\" \/>\n<meta name=\"twitter:label1\" content=\"Gi\u00e1\" \/>\n\t<meta name=\"twitter:data1\" content=\"2,070,000&nbsp;&#8363;\" \/>\n\t<meta name=\"twitter:label2\" content=\"Kh\u1ea3 d\u1ee5ng\" \/>\n\t<meta name=\"twitter:data2\" content=\"Trong kho\" \/>\n<script type=\"application\/ld+json\" class=\"yoast-schema-graph\">{\"@context\":\"https:\/\/schema.org\",\"@graph\":[{\"@type\":[\"WebPage\",\"ItemPage\"],\"@id\":\"https:\/\/tranthi.vn\/quangnam\/son-chong-tham-tuong-sika-raintite-tai-da-nang\/\",\"url\":\"https:\/\/tranthi.vn\/quangnam\/son-chong-tham-tuong-sika-raintite-tai-da-nang\/\",\"name\":\"Gi\u00e1 sika Raintitle ch\u1ed1ng th\u1ea5m t\u01b0\u1eddng t\u1ea1i \u0110\u00e0 N\u1eb5ng-0903.595.049\",\"isPartOf\":{\"@id\":\"https:\/\/tranthi.vn\/quangnam\/#website\"},\"primaryImageOfPage\":{\"@id\":\"https:\/\/tranthi.vn\/quangnam\/son-chong-tham-tuong-sika-raintite-tai-da-nang\/#primaryimage\"},\"image\":{\"@id\":\"https:\/\/tranthi.vn\/quangnam\/son-chong-tham-tuong-sika-raintite-tai-da-nang\/#primaryimage\"},\"thumbnailUrl\":\"https:\/\/tranthi.vn\/quangnam\/wp-content\/uploads\/2021\/02\/son-sika-raintite-20kg-da-nang-1-300x300_optimized.jpg\",\"datePublished\":\"2021-02-16T09:32:53+00:00\",\"dateModified\":\"2024-03-14T07:30:26+00:00\",\"description\":\"Tr\u1ea7n Th\u1ecb-chuy\u00ean cung c\u1ea5p c\u00e1c s\u1ea3n ph\u1ea9m ch\u1ed1ng th\u1ea5m sika gi\u00e1 r\u1ebb t\u1ea1i \u0110\u00e0 N\u1eb5ng, sika ch\u1ed1ng th\u1ea5m t\u01b0\u1eddng Raintitle thi c\u00f4ng d\u1ec5 d\u00e0ng v\u00e0 nhanh ch\u00f3ng\",\"breadcrumb\":{\"@id\":\"https:\/\/tranthi.vn\/quangnam\/son-chong-tham-tuong-sika-raintite-tai-da-nang\/#breadcrumb\"},\"inLanguage\":\"vi\",\"potentialAction\":[{\"@type\":\"ReadAction\",\"target\":[\"https:\/\/tranthi.vn\/quangnam\/son-chong-tham-tuong-sika-raintite-tai-da-nang\/\"]}]},{\"@type\":\"ImageObject\",\"inLanguage\":\"vi\",\"@id\":\"https:\/\/tranthi.vn\/quangnam\/son-chong-tham-tuong-sika-raintite-tai-da-nang\/#primaryimage\",\"url\":\"https:\/\/tranthi.vn\/quangnam\/wp-content\/uploads\/2021\/02\/son-sika-raintite-20kg-da-nang-1-300x300_optimized.jpg\",\"contentUrl\":\"https:\/\/tranthi.vn\/quangnam\/wp-content\/uploads\/2021\/02\/son-sika-raintite-20kg-da-nang-1-300x300_optimized.jpg\",\"width\":300,\"height\":300},{\"@type\":\"BreadcrumbList\",\"@id\":\"https:\/\/tranthi.vn\/quangnam\/son-chong-tham-tuong-sika-raintite-tai-da-nang\/#breadcrumb\",\"itemListElement\":[{\"@type\":\"ListItem\",\"position\":1,\"name\":\"Trang ch\u1ee7\",\"item\":\"https:\/\/tranthi.vn\/quangnam\/\"},{\"@type\":\"ListItem\",\"position\":2,\"name\":\"Shop\",\"item\":\"https:\/\/tranthi.vn\/quangnam\/shop\/\"},{\"@type\":\"ListItem\",\"position\":3,\"name\":\"Ch\u1ed1ng Th\u1ea5m T\u01b0\u1eddng Sika Raintite-20kg\"}]},{\"@type\":\"WebSite\",\"@id\":\"https:\/\/tranthi.vn\/quangnam\/#website\",\"url\":\"https:\/\/tranthi.vn\/quangnam\/\",\"name\":\"V\u1eadt Li\u1ec7u X\u00e2y D\u1ef1ng Tr\u1ea7n Th\u1ecb Chi Nh\u00e1nh Qu\u1ea3ng Nam\",\"description\":\"V\u1eadt Li\u1ec7u X\u00e2y D\u1ef1ng - Qu\u1ea3ng Nam\",\"potentialAction\":[{\"@type\":\"SearchAction\",\"target\":{\"@type\":\"EntryPoint\",\"urlTemplate\":\"https:\/\/tranthi.vn\/quangnam\/?s={search_term_string}\"},\"query-input\":\"required name=search_term_string\"}],\"inLanguage\":\"vi\"},{\"@type\":\"ImageObject\",\"inLanguage\":\"vi\",\"@id\":\"https:\/\/tranthi.vn\/quangnam\/son-chong-tham-tuong-sika-raintite-tai-da-nang\/#local-main-organization-logo\",\"url\":\"\",\"contentUrl\":\"\",\"caption\":\"V\u1eadt Li\u1ec7u X\u00e2y D\u1ef1ng Tr\u1ea7n Th\u1ecb Chi Nh\u00e1nh Qu\u1ea3ng Nam\"}]}<\/script>\n<meta property=\"product:price:amount\" content=\"2070000\" \/>\n<meta property=\"product:price:currency\" content=\"VND\" \/>\n<meta property=\"og:availability\" content=\"instock\" \/>\n<meta property=\"product:availability\" content=\"instock\" \/>\n<meta property=\"product:condition\" content=\"new\" \/>\n<!-- \/ Yoast SEO Premium plugin. -->","yoast_head_json":{"title":"Gi\u00e1 sika Raintitle ch\u1ed1ng th\u1ea5m t\u01b0\u1eddng t\u1ea1i \u0110\u00e0 N\u1eb5ng-0903.595.049","description":"Tr\u1ea7n Th\u1ecb-chuy\u00ean cung c\u1ea5p c\u00e1c s\u1ea3n ph\u1ea9m ch\u1ed1ng th\u1ea5m sika gi\u00e1 r\u1ebb t\u1ea1i \u0110\u00e0 N\u1eb5ng, sika ch\u1ed1ng th\u1ea5m t\u01b0\u1eddng Raintitle thi c\u00f4ng d\u1ec5 d\u00e0ng v\u00e0 nhanh ch\u00f3ng","robots":{"index":"index","follow":"follow","max-snippet":"max-snippet:-1","max-image-preview":"max-image-preview:large","max-video-preview":"max-video-preview:-1"},"canonical":"https:\/\/tranthi.vn\/quangnam\/son-chong-tham-tuong-sika-raintite-tai-da-nang\/","og_locale":"vi_VN","og_type":"article","og_title":"Ch\u1ed1ng Th\u1ea5m T\u01b0\u1eddng Sika Raintite-20kg","og_description":"Tr\u1ea7n Th\u1ecb-chuy\u00ean cung c\u1ea5p c\u00e1c s\u1ea3n ph\u1ea9m ch\u1ed1ng th\u1ea5m sika gi\u00e1 r\u1ebb t\u1ea1i \u0110\u00e0 N\u1eb5ng, sika ch\u1ed1ng th\u1ea5m t\u01b0\u1eddng Raintitle thi c\u00f4ng d\u1ec5 d\u00e0ng v\u00e0 nhanh ch\u00f3ng","og_url":"https:\/\/tranthi.vn\/quangnam\/son-chong-tham-tuong-sika-raintite-tai-da-nang\/","og_site_name":"V\u1eadt Li\u1ec7u X\u00e2y D\u1ef1ng Tr\u1ea7n Th\u1ecb Chi Nh\u00e1nh Qu\u1ea3ng Nam","article_modified_time":"2024-03-14T07:30:26+00:00","og_image":[{"width":300,"height":300,"url":"https:\/\/tranthi.vn\/quangnam\/wp-content\/uploads\/2021\/02\/son-sika-raintite-20kg-da-nang-1-300x300_optimized.jpg","type":"image\/jpeg"}],"twitter_card":"summary_large_image","twitter_misc":{"Gi\u00e1":"2,070,000&nbsp;&#8363;","Kh\u1ea3 d\u1ee5ng":"Trong kho"},"schema":{"@context":"https:\/\/schema.org","@graph":[{"@type":["WebPage","ItemPage"],"@id":"https:\/\/tranthi.vn\/quangnam\/son-chong-tham-tuong-sika-raintite-tai-da-nang\/","url":"https:\/\/tranthi.vn\/quangnam\/son-chong-tham-tuong-sika-raintite-tai-da-nang\/","name":"Gi\u00e1 sika Raintitle ch\u1ed1ng th\u1ea5m t\u01b0\u1eddng t\u1ea1i \u0110\u00e0 N\u1eb5ng-0903.595.049","isPartOf":{"@id":"https:\/\/tranthi.vn\/quangnam\/#website"},"primaryImageOfPage":{"@id":"https:\/\/tranthi.vn\/quangnam\/son-chong-tham-tuong-sika-raintite-tai-da-nang\/#primaryimage"},"image":{"@id":"https:\/\/tranthi.vn\/quangnam\/son-chong-tham-tuong-sika-raintite-tai-da-nang\/#primaryimage"},"thumbnailUrl":"https:\/\/tranthi.vn\/quangnam\/wp-content\/uploads\/2021\/02\/son-sika-raintite-20kg-da-nang-1-300x300_optimized.jpg","datePublished":"2021-02-16T09:32:53+00:00","dateModified":"2024-03-14T07:30:26+00:00","description":"Tr\u1ea7n Th\u1ecb-chuy\u00ean cung c\u1ea5p c\u00e1c s\u1ea3n ph\u1ea9m ch\u1ed1ng th\u1ea5m sika gi\u00e1 r\u1ebb t\u1ea1i \u0110\u00e0 N\u1eb5ng, sika ch\u1ed1ng th\u1ea5m t\u01b0\u1eddng Raintitle thi c\u00f4ng d\u1ec5 d\u00e0ng v\u00e0 nhanh ch\u00f3ng","breadcrumb":{"@id":"https:\/\/tranthi.vn\/quangnam\/son-chong-tham-tuong-sika-raintite-tai-da-nang\/#breadcrumb"},"inLanguage":"vi","potentialAction":[{"@type":"ReadAction","target":["https:\/\/tranthi.vn\/quangnam\/son-chong-tham-tuong-sika-raintite-tai-da-nang\/"]}]},{"@type":"ImageObject","inLanguage":"vi","@id":"https:\/\/tranthi.vn\/quangnam\/son-chong-tham-tuong-sika-raintite-tai-da-nang\/#primaryimage","url":"https:\/\/tranthi.vn\/quangnam\/wp-content\/uploads\/2021\/02\/son-sika-raintite-20kg-da-nang-1-300x300_optimized.jpg","contentUrl":"https:\/\/tranthi.vn\/quangnam\/wp-content\/uploads\/2021\/02\/son-sika-raintite-20kg-da-nang-1-300x300_optimized.jpg","width":300,"height":300},{"@type":"BreadcrumbList","@id":"https:\/\/tranthi.vn\/quangnam\/son-chong-tham-tuong-sika-raintite-tai-da-nang\/#breadcrumb","itemListElement":[{"@type":"ListItem","position":1,"name":"Trang ch\u1ee7","item":"https:\/\/tranthi.vn\/quangnam\/"},{"@type":"ListItem","position":2,"name":"Shop","item":"https:\/\/tranthi.vn\/quangnam\/shop\/"},{"@type":"ListItem","position":3,"name":"Ch\u1ed1ng Th\u1ea5m T\u01b0\u1eddng Sika Raintite-20kg"}]},{"@type":"WebSite","@id":"https:\/\/tranthi.vn\/quangnam\/#website","url":"https:\/\/tranthi.vn\/quangnam\/","name":"V\u1eadt Li\u1ec7u X\u00e2y D\u1ef1ng Tr\u1ea7n Th\u1ecb Chi Nh\u00e1nh Qu\u1ea3ng Nam","description":"V\u1eadt Li\u1ec7u X\u00e2y D\u1ef1ng - Qu\u1ea3ng Nam","potentialAction":[{"@type":"SearchAction","target":{"@type":"EntryPoint","urlTemplate":"https:\/\/tranthi.vn\/quangnam\/?s={search_term_string}"},"query-input":"required name=search_term_string"}],"inLanguage":"vi"},{"@type":"ImageObject","inLanguage":"vi","@id":"https:\/\/tranthi.vn\/quangnam\/son-chong-tham-tuong-sika-raintite-tai-da-nang\/#local-main-organization-logo","url":"","contentUrl":"","caption":"V\u1eadt Li\u1ec7u X\u00e2y D\u1ef1ng Tr\u1ea7n Th\u1ecb Chi Nh\u00e1nh Qu\u1ea3ng Nam"}]},"product_price_amount":"2070000","product_price_currency":"VND","og_availability":"instock","product_availability":"instock","product_condition":"new"},"_links":{"self":[{"href":"https:\/\/tranthi.vn\/quangnam\/wp-json\/wp\/v2\/product\/855","targetHints":{"allow":["GET"]}}],"collection":[{"href":"https:\/\/tranthi.vn\/quangnam\/wp-json\/wp\/v2\/product"}],"about":[{"href":"https:\/\/tranthi.vn\/quangnam\/wp-json\/wp\/v2\/types\/product"}],"replies":[{"embeddable":true,"href":"https:\/\/tranthi.vn\/quangnam\/wp-json\/wp\/v2\/comments?post=855"}],"wp:featuredmedia":[{"embeddable":true,"href":"https:\/\/tranthi.vn\/quangnam\/wp-json\/wp\/v2\/media\/854"}],"wp:attachment":[{"href":"https:\/\/tranthi.vn\/quangnam\/wp-json\/wp\/v2\/media?parent=855"}],"wp:term":[{"taxonomy":"product_cat","embeddable":true,"href":"https:\/\/tranthi.vn\/quangnam\/wp-json\/wp\/v2\/product_cat?post=855"},{"taxonomy":"product_tag","embeddable":true,"href":"https:\/\/tranthi.vn\/quangnam\/wp-json\/wp\/v2\/product_tag?post=855"}],"curies":[{"name":"wp","href":"https:\/\/api.w.org\/{rel}","templated":true}]}}