{"id":841,"date":"2021-02-16T16:32:47","date_gmt":"2021-02-16T09:32:47","guid":{"rendered":"http:\/\/new-tranthi.test\/san-pham\/son-chong-tham-san-thuong-sikalatex-th-5l\/"},"modified":"2024-03-13T16:48:15","modified_gmt":"2024-03-13T09:48:15","slug":"son-chong-tham-san-thuong-sikalatex-th-5l","status":"publish","type":"product","link":"https:\/\/tranthi.vn\/quangnam\/son-chong-tham-san-thuong-sikalatex-th-5l\/","title":{"rendered":"Ch\u1ed1ng Th\u1ea5m S\u00e0n Sikalatex TH &#8211; 5L"},"content":{"rendered":"<h1 style=\"text-align: center;\"><a href=\"https:\/\/tranthi.vn\/quangnam\/son-chong-tham-san-thuong-sikalatex-th-5l\/\"><span style=\"font-family: 'times new roman', times, serif; font-size: 130%; color: #ff0000;\"><strong>S\u01a0N CH\u1ed0NG TH\u1ea4M S\u00c0N\u00a0 SIKA LATEX TH<\/strong><\/span><\/a><\/h1>\n<p><span style=\"font-family: 'times new roman', times, serif; font-size: 130%;\"><strong><em>Ch\u1ed1ng Th\u1ea5m S\u00e0n Sikalatex TH<\/em><\/strong>\u00a0l\u00e0 ph\u1ee5 gia ch\u1ed1ng th\u1ea5m v\u00e0 t\u00e1c nh\u00e2n k\u1ebft n\u1ed1i cho v\u1eefa tr\u00e1t , n\u00ean n\u00f3 \u0111\u01b0\u1ee3c d\u00f9ng r\u1ea5t nhi\u1ec1u trong quy tr\u00ecnh ch\u1ed1ng th\u1ea5m.<\/span><\/p>\n<div class=\"module-content\">\n<h2><span style=\"font-family: 'times new roman', times, serif; font-size: 120%; color: #ff0000;\"><strong>1.H\u01af\u1edaNG D\u1eaaN S\u1eec D\u1ee4NG\u00a0<\/strong><\/span><\/h2>\n<p><span style=\"font-family: 'times new roman', times, serif; font-size: 130%;\"><strong><em>Ch\u1ed1ng Th\u1ea5m S\u00e0n Sikalatex TH<\/em><\/strong>\u00a0t\u01b0\u01a1ng \u0111\u1ed1i d\u1ec5 s\u1eed d\u1ee5ng, \u0111\u1ec3 \u0111\u1ea3m b\u1ea3o s\u1ea3n ph\u1ea9m ph\u00e1t huy \u0111\u01b0\u1ee3c h\u1ebft kh\u1ea3 n\u0103ng c\u1ee7a m\u00ecnh. Qu\u00fd kh\u00e1ch h\u00e0ng n\u00ean \u0111\u1ecdc qua h\u01b0\u1edbng d\u1eabn thi c\u00f4ng d\u01b0\u1edbi \u0111\u00e2y<\/span><\/p>\n<h3><span style=\"font-family: 'times new roman', times, serif; font-size: 130%;\"><strong>a. Chu\u1ea9n b\u1ecb b\u1ec1 m\u1eb7t:<\/strong><\/span><\/h3>\n<p><span style=\"font-family: 'times new roman', times, serif; font-size: 130%;\">B\u1ec1 m\u1eb7t b\u00ea t\u00f4ng ph\u1ea3i \u0111\u01b0\u1ee3c l\u00e0m s\u1ea1ch, kh\u00f4ng d\u00ednh d\u1ea7u m\u1ee1, b\u1ee5i xi m\u0103ng v\u00e0 c\u00e1c t\u1ea1p ch\u1ea5t b\u00e1m d\u00ednh kh\u00e1c.<\/span><br \/>\n<span style=\"font-family: 'times new roman', times, serif; font-size: 130%;\">B\u1ec1 m\u1eb7t h\u00fat n\u01b0\u1edbc ph\u1ea3i \u0111\u01b0\u1ee3c b\u00e3o h\u00f2a to\u00e0n b\u1ed9 nh\u01b0ng kh\u00f4ng \u0111\u1ec3 n\u01b0\u1edbc \u0111\u1ecdng l\u1ea1i<\/span><br \/>\n<span style=\"font-family: 'times new roman', times, serif; font-size: 130%;\">V\u1eadt li\u1ec7u:<\/span><br \/>\n<span style=\"font-family: 'times new roman', times, serif; font-size: 130%;\">C\u1ed1t li\u1ec7u ph\u1ea3i \u0111\u01b0\u1ee3c ch\u1ecdn l\u1ecdc t\u1ed1t v\u00e0 r\u1eeda s\u1ea1ch. C\u1ee1 h\u1ea1t c\u00e1t ph\u1ea3i t\u01b0\u01a1ng \u1ee9ng v\u1edbi \u0111\u1ed9 d\u00e0y c\u1ee7a l\u1edbp v\u1eefa v\u00e0 y\u00eau c\u1ea7u \u0111\u1ed9 m\u1ecbn c\u1ee7a b\u1ec1 m\u1eb7t.<\/span><\/p>\n<p><span style=\"font-family: 'times new roman', times, serif; font-size: 130%;\">S\u1eed d\u1ee5ng v\u00e0 thi c\u00f4ng Latex trong ch\u1ed1ng th\u1ea5m<\/span><\/p>\n<p><span style=\"font-family: 'times new roman', times, serif; font-size: 130%;\"><img loading=\"lazy\" decoding=\"async\" class=\"size-full wp-image-838 aligncenter\" src=\"http:\/\/tranthi.vn\/quangnam\/wp-content\/uploads\/2021\/02\/chong-tham-sika-latex-th-tai-da-nang_optimized.jpg\" sizes=\"auto, (max-width: 300px) 100vw, 300px\" srcset=\"https:\/\/tranthi.vn\/quangnam\/wp-content\/uploads\/2021\/02\/chong-tham-sika-latex-th-tai-da-nang_optimized.jpg 300w, https:\/\/tranthi.vn\/quangnam\/wp-content\/uploads\/2021\/02\/chong-tham-sika-latex-th-tai-da-nang_optimized-280x280.jpg 280w, https:\/\/tranthi.vn\/quangnam\/wp-content\/uploads\/2021\/02\/chong-tham-sika-latex-th-tai-da-nang_optimized-100x100.jpg 100w\" alt=\"\" width=\"300\" height=\"300\" \/><\/span><\/p>\n<p style=\"text-align: center;\"><span style=\"font-family: 'times new roman', times, serif; font-size: 130%;\"><strong><em>S\u01a1n Ch\u1ed1ng Th\u1ea5m S\u00e0n Th\u01b0\u1eddng Sikalatex TH<\/em><\/strong><\/span><\/p>\n<p><span style=\"font-family: 'times new roman', times, serif; font-size: 130%;\"><em>1.Ch\u1ea5t k\u1ebft n\u1ed1i cho l\u1edbp v\u1eefa tr\u00e1t\/ l\u1edbp k\u1ebft n\u1ed1i cho b\u00ea t\u00f4ng c\u0169 v\u00e0 m\u1edbi<\/em>\u2013 T\u1ec9 l\u1ec7 tr\u1ed9n c\u1ee7a ch\u1ea5t k\u1ebf n\u1ed1i l\u00e0 :<\/span><br \/>\n<span style=\"font-family: 'times new roman', times, serif; font-size: 130%;\">1 l\u00edt Latex TH + 1 l\u00edt n\u01b0\u1edbc + 4kg xi m\u0103ng = h\u1ed3 d\u1ea7u k\u1ebft n\u1ed1i.<\/span><br \/>\n<span style=\"font-family: 'times new roman', times, serif; font-size: 130%;\">Ph\u1ea7n h\u1ed3 d\u1ea7u k\u1ebft n\u1ed1i tr\u00ean c\u00f3 th\u1ec3 ph\u1ee7 kho\u1ea3ng 4m2<\/span><br \/>\n<span style=\"font-family: 'times new roman', times, serif; font-size: 130%;\">\u2013 C\u00e1ch s\u1eed d\u1ee5ng<\/span><br \/>\n<span style=\"font-family: 'times new roman', times, serif; font-size: 130%;\">Cho xi m\u0103ng v\u00e0o trong h\u1ed7n h\u1ee3p Latex TH \u2013 n\u01b0\u1edbc \u0111\u00e3 tr\u1ed9n s\u1eb5n v\u00e0 tr\u1ed9n cho \u0111\u1ebfn khi \u0111\u1ea1t \u0111\u01b0\u1ee3c \u0111\u1ed9 s\u1ec7t \u0111\u1ec1u nh\u01b0 kem. Thi c\u00f4ng l\u1edbp h\u1ed3 d\u1ea7u k\u1ebft n\u1ed1i Latex v\u1edbi chi\u1ec1u d\u00e0y 1-2mm l\u00ean tr\u00ean b\u1ec1 m\u1eb7t \u0111\u00e3 \u0111\u01b0\u1ee3c l\u00e0m \u01b0\u1edbt tr\u01b0\u1edbc.<\/span><br \/>\n<span style=\"font-family: 'times new roman', times, serif; font-size: 130%;\"><em>2. L\u1edbp tr\u00e1t s\u00e0n<\/em><\/span><br \/>\n<span style=\"font-family: 'times new roman', times, serif; font-size: 130%;\">\u2013 T\u1ec9 l\u1ec7 tr\u1ed9n:<\/span><br \/>\n<span style=\"font-family: 'times new roman', times, serif; font-size: 130%;\">Xi m\u0103ng: c\u00e1t = 1 : 2.5 =3 (theo kh\u1ed1i l\u01b0\u1ee3ng, c\u00e1t trong \u0111i\u1ec1u ki\u1ec7n SSD)<\/span><br \/>\n<span style=\"font-family: 'times new roman', times, serif; font-size: 130%;\">Xi m\u0103ng: c\u00e1t = 1: 3 = 3.7(theo th\u1ec3 t\u00edch, c\u00e1t trong \u0111i\u1ec1u ki\u1ec7n SSD)<\/span><br \/>\n<span style=\"font-family: 'times new roman', times, serif; font-size: 130%;\">\u0110i\u1ec1u ch\u1ec9nh \u0111\u1ed9 s\u1ec7t b\u1eb1ng h\u1ed7n h\u1ee3p n\u01b0\u1edbc v\u00e0 Sika Latex TH b\u1eb1ng c\u00e1ch s\u1eed d\u1ee5ng t\u1ec9 l\u1ec7 gi\u01b0a Sika Latex TH : n\u01b0\u1edbc= 1:3<\/span><\/p>\n<h3 class=\"article-content article-details\"><span style=\"font-family: 'times new roman', times, serif; font-size: 130%;\"><strong>b.Thi c\u00f4ng:<\/strong><\/span><\/h3>\n<p><span style=\"font-family: 'times new roman', times, serif; font-size: 130%;\">Thi c\u00f4ng l\u1edbp v\u1eefa\u00a0<em>ch\u1ed1ng th\u1ea5m<\/em>\u00a0ngay sau khi l\u1edbp h\u1ed3 d\u1ea7u k\u1ebft n\u1ed1i c\u00f2n \u01b0\u1edbt<\/span><br \/>\n<span style=\"font-family: 'times new roman', times, serif; font-size: 130%;\">L\u01b0u \u00fd v\u1ec1 thi c\u00f4ng\/ gi\u1edbi h\u1ea1n:<\/span><br \/>\n<span style=\"font-family: 'times new roman', times, serif; font-size: 130%;\">\u2013 Kh\u00f4ng bao gi\u1edd d\u00f9ng h\u1ed7n h\u1ee3p Sika Latex TH v\u1edbi n\u01b0\u1edbc l\u00e0m ch\u1ea5t k\u1ebft n\u1ed1i m\u00e0 kh\u00f4ng th\u00eam xi m\u0103ng<\/span><br \/>\n<span style=\"font-family: 'times new roman', times, serif; font-size: 130%;\">\u2013 N\u1ebfu th\u1eddi ti\u1ebft \u1ea5m ho\u1eb7c gi\u00f3 c\u1ea7n ph\u1ea3i ti\u1ebfn h\u00e0nh c\u00e1c bi\u1ec7n ph\u00e1p b\u1ea3o d\u01b0\u1ee1ng th\u00f4ng th\u01b0\u1eddng \u0111\u1ec3 tr\u00e1nh v\u1eefa b\u1ecb kh\u00f4 qu\u00e1 s\u1edbm.<\/span><br \/>\n<span style=\"font-family: 'times new roman', times, serif; font-size: 130%;\">\u2013 Lu\u00f4n lu\u00f4n b\u00e3o h\u00f2a b\u1ec1 m\u1eb7t h\u00fat n\u01b0\u1edbc nh\u01b0ng kh\u00f4ng \u0111\u1ec3 \u0111\u1ecdng n\u01b0\u1edbc. \u0110\u1ec3 \u0111\u1ecdng n\u01b0\u1edbc th\u00ec t\u00e1c d\u1ee5ng ch\u1ed1ng th\u1ea5m s\u1ebd kh\u00f4ng \u0111\u01b0\u1ee3c cao n\u1eefa<\/span><br \/>\n<span style=\"font-family: 'times new roman', times, serif; font-size: 130%;\">\u2013 N\u1ebfu thi c\u00f4ng nhi\u1ec1u l\u1edbp th\u00ec ph\u1ea3i thi c\u00f4ng l\u1edbp tr\u01b0\u1edbc n\u00f3 c\u00f2n \u01b0\u1edbt<\/span><br \/>\n<span style=\"font-family: 'times new roman', times, serif; font-size: 130%;\">\u2013 Trong tr\u01b0\u1eddng h\u1ee3p s\u1eed d\u1ee5ng cho k\u1ebft c\u1ea5u lu\u00f4n lu\u00f4n \u01b0\u1edbt (h\u1ed3 b\u01a1i\u2026). Ph\u1ea3i \u0111\u1ec3 l\u1edbp v\u1eefa Latex TH kh\u00f4 1 tu\u1ea7n tr\u01b0\u1edbc khi \u0111\u01b0a k\u1ebft c\u1ea5u v\u00e0o s\u1eed d\u1ee5ng ho\u1eb7c cho k\u1ebft c\u1ea5u ng\u1eadp trong n\u01b0\u1edbc v\u0129nh vi\u1ec5n.<\/span><\/p>\n<p style=\"text-align: center;\"><span style=\"font-family: 'times new roman', times, serif; font-size: 130%;\"><strong>Qu\u00fd kh\u00e1ch h\u00e0ng c\u00f3 th\u1ec3 tham kh\u1ea3o qua video h\u01b0\u1edbng d\u1eabn thi c\u00f4ng ch\u1ed1ng th\u1ea5m s\u00e0n d\u01b0\u1edbi \u0111\u00e2y<\/strong><\/span><\/p>\n<p style=\"text-align: center;\"><iframe loading=\"lazy\" src=\"\/\/www.youtube.com\/embed\/9b6AN-_jgW4\" width=\"560\" height=\"314\" allowfullscreen=\"allowfullscreen\"><\/iframe><\/p>\n<p><span style=\"font-family: 'times new roman', times, serif; font-size: 130%;\">V\u1edbi th\u1eddi ti\u1ebft t\u1ea1i\u00a0<em><strong><a href=\"https:\/\/fr.wikipedia.org\/wiki\/Da_Nang\">\u0110\u00e0 N\u1eb5ng<\/a>,\u00a0<\/strong><\/em>\u00a0<strong>\u0110\u00f4ng H\u00e0 Qu\u1ea3ng tr\u1ecb<\/strong>,\u00a0<strong>H\u1ed9i An<\/strong>,\u00a0<strong>Tam k\u1ef3 Qu\u1ea3ng Nam<\/strong>,<strong>\u00a0Hu\u1ebf<\/strong>\u00a0,\u00a0<strong>Qu\u1ea3ng Ng\u00e3i.\u00a0<\/strong>Th\u01b0\u1eddng m\u01b0a v\u00e0o th\u00e1ng 11,12 tr\u00e1nh thi c\u00f4ng ch\u1ed1ng th\u1ea5m \u0111\u1ec3 tr\u00e1nh \u1ea3nh h\u01b0\u1edfng \u0111\u1ebfn ch\u1ea5t l\u01b0\u1ee3ng t\u01b0\u1eddng s\u01a1n<\/span><\/p>\n<\/div>\n","protected":false},"excerpt":{"rendered":"<p><span style=\"font-family: 'times new roman', times, serif; font-size: 130%; color: #000000;\">\ud83d\ude1b Ph\u1ee5 gia ch\u1ed1ng th\u1ea5m v\u00e0 t\u00e1c nh\u00e2n k\u1ebft n\u1ed1i<\/span><\/p>\n<p><span style=\"font-family: 'times new roman', times, serif; font-size: 130%; color: #000000;\">\ud83d\ude1b<strong> \u1ee8ng d\u1ee5ng<\/strong>: Ch\u1ea5t nh\u0169 t\u01b0\u01a1ng cao su t\u1ed5ng h\u1ee3p \u0111\u01b0\u1ee3c th\u00eam v\u00e0o v\u1eefa xi m\u0103ng d\u00f9ng \u0111\u1ec3 t\u1ea1o: l\u1edbp h\u1ed3 d\u1ea7u, l\u1edbp v\u1eefa tr\u00e1t ch\u1ed1ng th\u1ea5m, l\u1edbp v\u1eefa c\u00e1n s\u00e0n, v\u1eefa x\u00e2y, d\u00e1n g\u1ea1ch<\/span><\/p>\n<p><span style=\"font-family: 'times new roman', times, serif; font-size: 130%; color: #000000;\">\ud83d\ude1b <strong>\u0110\u01a1n v\u1ecb t\u00ednh<\/strong>: Th\u00f9ng \u2013 05 l\u00edt thi c\u00f4ng \u0111\u01b0\u1ee3c kho\u1ea3ng 3m2<\/span><\/p>\n<p><span style=\"font-family: 'times new roman', times, serif; font-size: 130%;\">\ud83d\ude1b<span style=\"color: #000000;\"> \u0110\u01a1n gi\u00e1<\/span> <strong><em><a href=\"https:\/\/tranthi.vn\/quangnam\/?post_type=product&amp;p=2731&amp;preview=true\">s\u01a1n ch\u1ed1ng th\u1ea5m s\u00e0n th\u01b0\u1eddng sikalatex TH 5l<\/a><\/em> <\/strong><span style=\"color: #000000;\">trong n\u1ed9i th\u00e0nh Th\u00f9ng 05 l\u00edt: <strong><span style=\"color: #ff0000;\">320.000\u0111<\/span><\/strong><\/span><\/span><\/p>\n<p><span style=\"font-family: 'times new roman', times, serif; font-size: 130%;\">\ud83d\ude1b<span style=\"color: #000000;\"> \u0110\u01a1n gi\u00e1<\/span> <strong><em><a href=\"https:\/\/tranthi.vn\/quangnam\/?post_type=product&amp;p=2731&amp;preview=true\">s\u01a1n ch\u1ed1ng th\u1ea5m s\u00e0n th\u01b0\u1eddng sikalatex TH 2l<\/a><\/em> <\/strong><span style=\"color: #000000;\">trong n\u1ed9i th\u00e0nh Th\u00f9ng 02 l\u00edt: <strong><span style=\"color: #ed1c24;\">150<\/span><span style=\"color: #ff0000;\">.000\u0111<\/span><\/strong><\/span><\/span><\/p>\n<p><span style=\"font-family: 'times new roman', times, serif; font-size: 130%;\"><strong><em>( \u0110\u01a1n gi\u00e1 \u00e1p d\u1ee5ng khi mua tr\u00ean 5 s\u1ea3n ph\u1ea9m )<\/em><\/strong><\/span><\/p>\n<p><span style=\"font-family: 'times new roman', times, serif; font-size: 130%;\"><span style=\"color: #000000;\">\ud83d\ude1bGiao h\u00e0ng trong \u0111\u1ecba b\u00e0n<\/span> <em><a href=\"https:\/\/fr.wikipedia.org\/wiki\/Da_Nang\"><strong>\u0110\u00e0 N\u1eb5ng<\/strong><\/a><\/em><\/span><\/p>\n","protected":false},"featured_media":840,"comment_status":"open","ping_status":"closed","template":"","meta":[],"product_cat":[89,92],"product_tag":[],"class_list":{"0":"post-841","1":"product","2":"type-product","3":"status-publish","4":"has-post-thumbnail","6":"product_cat-chong-tham","7":"product_cat-chong-tham-sika","9":"first","10":"instock","11":"sale","12":"shipping-taxable","13":"purchasable","14":"product-type-simple"},"yoast_head":"<!-- This site is optimized with the Yoast SEO Premium plugin v22.3 (Yoast SEO v22.8) - https:\/\/yoast.com\/wordpress\/plugins\/seo\/ -->\n<title>Ch\u1ed1ng Th\u1ea5m S\u00e0n Sikalatex TH - 5L - V\u1eadt Li\u1ec7u X\u00e2y D\u1ef1ng Tr\u1ea7n Th\u1ecb Chi Nh\u00e1nh Qu\u1ea3ng Nam<\/title>\n<meta name=\"robots\" content=\"index, follow, max-snippet:-1, max-image-preview:large, max-video-preview:-1\" \/>\n<link rel=\"canonical\" href=\"https:\/\/tranthi.vn\/quangnam\/son-chong-tham-san-thuong-sikalatex-th-5l\/\" \/>\n<meta property=\"og:locale\" content=\"vi_VN\" \/>\n<meta property=\"og:type\" content=\"article\" \/>\n<meta property=\"og:title\" content=\"Ch\u1ed1ng Th\u1ea5m S\u00e0n Sikalatex TH - 5L\" \/>\n<meta property=\"og:description\" content=\"\ud83d\ude1b Ph\u1ee5 gia ch\u1ed1ng th\u1ea5m v\u00e0 t\u00e1c nh\u00e2n k\u1ebft n\u1ed1i  \ud83d\ude1b \u1ee8ng d\u1ee5ng: Ch\u1ea5t nh\u0169 t\u01b0\u01a1ng cao su t\u1ed5ng h\u1ee3p \u0111\u01b0\u1ee3c th\u00eam v\u00e0o v\u1eefa xi m\u0103ng d\u00f9ng \u0111\u1ec3 t\u1ea1o: l\u1edbp h\u1ed3 d\u1ea7u, l\u1edbp v\u1eefa tr\u00e1t ch\u1ed1ng th\u1ea5m, l\u1edbp v\u1eefa c\u00e1n s\u00e0n, v\u1eefa x\u00e2y, d\u00e1n g\u1ea1ch  \ud83d\ude1b \u0110\u01a1n v\u1ecb t\u00ednh: Th\u00f9ng \u2013 05 l\u00edt thi c\u00f4ng \u0111\u01b0\u1ee3c kho\u1ea3ng 3m2  \ud83d\ude1b \u0110\u01a1n gi\u00e1 s\u01a1n ch\u1ed1ng th\u1ea5m s\u00e0n th\u01b0\u1eddng sikalatex TH 5l trong n\u1ed9i th\u00e0nh Th\u00f9ng 05 l\u00edt: 320.000\u0111  \ud83d\ude1b \u0110\u01a1n gi\u00e1 s\u01a1n ch\u1ed1ng th\u1ea5m s\u00e0n th\u01b0\u1eddng sikalatex TH 2l trong n\u1ed9i th\u00e0nh Th\u00f9ng 02 l\u00edt: 150.000\u0111  ( \u0110\u01a1n gi\u00e1 \u00e1p d\u1ee5ng khi mua tr\u00ean 5 s\u1ea3n ph\u1ea9m )  \ud83d\ude1bGiao h\u00e0ng trong \u0111\u1ecba b\u00e0n \u0110\u00e0 N\u1eb5ng\" \/>\n<meta property=\"og:url\" content=\"https:\/\/tranthi.vn\/quangnam\/son-chong-tham-san-thuong-sikalatex-th-5l\/\" \/>\n<meta property=\"og:site_name\" content=\"V\u1eadt Li\u1ec7u X\u00e2y D\u1ef1ng Tr\u1ea7n Th\u1ecb Chi Nh\u00e1nh Qu\u1ea3ng Nam\" \/>\n<meta property=\"article:modified_time\" content=\"2024-03-13T09:48:15+00:00\" \/>\n<meta property=\"og:image\" content=\"https:\/\/tranthi.vn\/quangnam\/wp-content\/uploads\/2021\/02\/chong-tham-san-sika-latex-th-tai-da-nang_optimized.jpg\" \/>\n\t<meta property=\"og:image:width\" content=\"225\" \/>\n\t<meta property=\"og:image:height\" content=\"225\" \/>\n\t<meta property=\"og:image:type\" content=\"image\/jpeg\" \/>\n<meta name=\"twitter:card\" content=\"summary_large_image\" \/>\n<meta name=\"twitter:label1\" content=\"Gi\u00e1\" \/>\n\t<meta name=\"twitter:data1\" content=\"320,000&nbsp;&#8363;\" \/>\n\t<meta name=\"twitter:label2\" content=\"Kh\u1ea3 d\u1ee5ng\" \/>\n\t<meta name=\"twitter:data2\" content=\"Trong kho\" \/>\n<script type=\"application\/ld+json\" class=\"yoast-schema-graph\">{\"@context\":\"https:\/\/schema.org\",\"@graph\":[{\"@type\":[\"WebPage\",\"ItemPage\"],\"@id\":\"https:\/\/tranthi.vn\/quangnam\/son-chong-tham-san-thuong-sikalatex-th-5l\/\",\"url\":\"https:\/\/tranthi.vn\/quangnam\/son-chong-tham-san-thuong-sikalatex-th-5l\/\",\"name\":\"Ch\u1ed1ng Th\u1ea5m S\u00e0n Sikalatex TH - 5L - V\u1eadt Li\u1ec7u X\u00e2y D\u1ef1ng Tr\u1ea7n Th\u1ecb Chi Nh\u00e1nh Qu\u1ea3ng Nam\",\"isPartOf\":{\"@id\":\"https:\/\/tranthi.vn\/quangnam\/#website\"},\"primaryImageOfPage\":{\"@id\":\"https:\/\/tranthi.vn\/quangnam\/son-chong-tham-san-thuong-sikalatex-th-5l\/#primaryimage\"},\"image\":{\"@id\":\"https:\/\/tranthi.vn\/quangnam\/son-chong-tham-san-thuong-sikalatex-th-5l\/#primaryimage\"},\"thumbnailUrl\":\"https:\/\/tranthi.vn\/quangnam\/wp-content\/uploads\/2021\/02\/chong-tham-san-sika-latex-th-tai-da-nang_optimized.jpg\",\"datePublished\":\"2021-02-16T09:32:47+00:00\",\"dateModified\":\"2024-03-13T09:48:15+00:00\",\"breadcrumb\":{\"@id\":\"https:\/\/tranthi.vn\/quangnam\/son-chong-tham-san-thuong-sikalatex-th-5l\/#breadcrumb\"},\"inLanguage\":\"vi\",\"potentialAction\":[{\"@type\":\"ReadAction\",\"target\":[\"https:\/\/tranthi.vn\/quangnam\/son-chong-tham-san-thuong-sikalatex-th-5l\/\"]}]},{\"@type\":\"ImageObject\",\"inLanguage\":\"vi\",\"@id\":\"https:\/\/tranthi.vn\/quangnam\/son-chong-tham-san-thuong-sikalatex-th-5l\/#primaryimage\",\"url\":\"https:\/\/tranthi.vn\/quangnam\/wp-content\/uploads\/2021\/02\/chong-tham-san-sika-latex-th-tai-da-nang_optimized.jpg\",\"contentUrl\":\"https:\/\/tranthi.vn\/quangnam\/wp-content\/uploads\/2021\/02\/chong-tham-san-sika-latex-th-tai-da-nang_optimized.jpg\",\"width\":225,\"height\":225},{\"@type\":\"BreadcrumbList\",\"@id\":\"https:\/\/tranthi.vn\/quangnam\/son-chong-tham-san-thuong-sikalatex-th-5l\/#breadcrumb\",\"itemListElement\":[{\"@type\":\"ListItem\",\"position\":1,\"name\":\"Trang ch\u1ee7\",\"item\":\"https:\/\/tranthi.vn\/quangnam\/\"},{\"@type\":\"ListItem\",\"position\":2,\"name\":\"Shop\",\"item\":\"https:\/\/tranthi.vn\/quangnam\/shop\/\"},{\"@type\":\"ListItem\",\"position\":3,\"name\":\"Ch\u1ed1ng Th\u1ea5m S\u00e0n Sikalatex TH &#8211; 5L\"}]},{\"@type\":\"WebSite\",\"@id\":\"https:\/\/tranthi.vn\/quangnam\/#website\",\"url\":\"https:\/\/tranthi.vn\/quangnam\/\",\"name\":\"V\u1eadt Li\u1ec7u X\u00e2y D\u1ef1ng Tr\u1ea7n Th\u1ecb Chi Nh\u00e1nh Qu\u1ea3ng Nam\",\"description\":\"V\u1eadt Li\u1ec7u X\u00e2y D\u1ef1ng - Qu\u1ea3ng Nam\",\"potentialAction\":[{\"@type\":\"SearchAction\",\"target\":{\"@type\":\"EntryPoint\",\"urlTemplate\":\"https:\/\/tranthi.vn\/quangnam\/?s={search_term_string}\"},\"query-input\":\"required name=search_term_string\"}],\"inLanguage\":\"vi\"},{\"@type\":\"ImageObject\",\"inLanguage\":\"vi\",\"@id\":\"https:\/\/tranthi.vn\/quangnam\/son-chong-tham-san-thuong-sikalatex-th-5l\/#local-main-organization-logo\",\"url\":\"\",\"contentUrl\":\"\",\"caption\":\"V\u1eadt Li\u1ec7u X\u00e2y D\u1ef1ng Tr\u1ea7n Th\u1ecb Chi Nh\u00e1nh Qu\u1ea3ng Nam\"}]}<\/script>\n<meta property=\"product:price:amount\" content=\"320000\" \/>\n<meta property=\"product:price:currency\" content=\"VND\" \/>\n<meta property=\"og:availability\" content=\"instock\" \/>\n<meta property=\"product:availability\" content=\"instock\" \/>\n<meta property=\"product:condition\" content=\"new\" \/>\n<!-- \/ Yoast SEO Premium plugin. -->","yoast_head_json":{"title":"Ch\u1ed1ng Th\u1ea5m S\u00e0n Sikalatex TH - 5L - V\u1eadt Li\u1ec7u X\u00e2y D\u1ef1ng Tr\u1ea7n Th\u1ecb Chi Nh\u00e1nh Qu\u1ea3ng Nam","robots":{"index":"index","follow":"follow","max-snippet":"max-snippet:-1","max-image-preview":"max-image-preview:large","max-video-preview":"max-video-preview:-1"},"canonical":"https:\/\/tranthi.vn\/quangnam\/son-chong-tham-san-thuong-sikalatex-th-5l\/","og_locale":"vi_VN","og_type":"article","og_title":"Ch\u1ed1ng Th\u1ea5m S\u00e0n Sikalatex TH - 5L","og_description":"\ud83d\ude1b Ph\u1ee5 gia ch\u1ed1ng th\u1ea5m v\u00e0 t\u00e1c nh\u00e2n k\u1ebft n\u1ed1i  \ud83d\ude1b \u1ee8ng d\u1ee5ng: Ch\u1ea5t nh\u0169 t\u01b0\u01a1ng cao su t\u1ed5ng h\u1ee3p \u0111\u01b0\u1ee3c th\u00eam v\u00e0o v\u1eefa xi m\u0103ng d\u00f9ng \u0111\u1ec3 t\u1ea1o: l\u1edbp h\u1ed3 d\u1ea7u, l\u1edbp v\u1eefa tr\u00e1t ch\u1ed1ng th\u1ea5m, l\u1edbp v\u1eefa c\u00e1n s\u00e0n, v\u1eefa x\u00e2y, d\u00e1n g\u1ea1ch  \ud83d\ude1b \u0110\u01a1n v\u1ecb t\u00ednh: Th\u00f9ng \u2013 05 l\u00edt thi c\u00f4ng \u0111\u01b0\u1ee3c kho\u1ea3ng 3m2  \ud83d\ude1b \u0110\u01a1n gi\u00e1 s\u01a1n ch\u1ed1ng th\u1ea5m s\u00e0n th\u01b0\u1eddng sikalatex TH 5l trong n\u1ed9i th\u00e0nh Th\u00f9ng 05 l\u00edt: 320.000\u0111  \ud83d\ude1b \u0110\u01a1n gi\u00e1 s\u01a1n ch\u1ed1ng th\u1ea5m s\u00e0n th\u01b0\u1eddng sikalatex TH 2l trong n\u1ed9i th\u00e0nh Th\u00f9ng 02 l\u00edt: 150.000\u0111  ( \u0110\u01a1n gi\u00e1 \u00e1p d\u1ee5ng khi mua tr\u00ean 5 s\u1ea3n ph\u1ea9m )  \ud83d\ude1bGiao h\u00e0ng trong \u0111\u1ecba b\u00e0n \u0110\u00e0 N\u1eb5ng","og_url":"https:\/\/tranthi.vn\/quangnam\/son-chong-tham-san-thuong-sikalatex-th-5l\/","og_site_name":"V\u1eadt Li\u1ec7u X\u00e2y D\u1ef1ng Tr\u1ea7n Th\u1ecb Chi Nh\u00e1nh Qu\u1ea3ng Nam","article_modified_time":"2024-03-13T09:48:15+00:00","og_image":[{"width":225,"height":225,"url":"https:\/\/tranthi.vn\/quangnam\/wp-content\/uploads\/2021\/02\/chong-tham-san-sika-latex-th-tai-da-nang_optimized.jpg","type":"image\/jpeg"}],"twitter_card":"summary_large_image","twitter_misc":{"Gi\u00e1":"320,000&nbsp;&#8363;","Kh\u1ea3 d\u1ee5ng":"Trong kho"},"schema":{"@context":"https:\/\/schema.org","@graph":[{"@type":["WebPage","ItemPage"],"@id":"https:\/\/tranthi.vn\/quangnam\/son-chong-tham-san-thuong-sikalatex-th-5l\/","url":"https:\/\/tranthi.vn\/quangnam\/son-chong-tham-san-thuong-sikalatex-th-5l\/","name":"Ch\u1ed1ng Th\u1ea5m S\u00e0n Sikalatex TH - 5L - V\u1eadt Li\u1ec7u X\u00e2y D\u1ef1ng Tr\u1ea7n Th\u1ecb Chi Nh\u00e1nh Qu\u1ea3ng Nam","isPartOf":{"@id":"https:\/\/tranthi.vn\/quangnam\/#website"},"primaryImageOfPage":{"@id":"https:\/\/tranthi.vn\/quangnam\/son-chong-tham-san-thuong-sikalatex-th-5l\/#primaryimage"},"image":{"@id":"https:\/\/tranthi.vn\/quangnam\/son-chong-tham-san-thuong-sikalatex-th-5l\/#primaryimage"},"thumbnailUrl":"https:\/\/tranthi.vn\/quangnam\/wp-content\/uploads\/2021\/02\/chong-tham-san-sika-latex-th-tai-da-nang_optimized.jpg","datePublished":"2021-02-16T09:32:47+00:00","dateModified":"2024-03-13T09:48:15+00:00","breadcrumb":{"@id":"https:\/\/tranthi.vn\/quangnam\/son-chong-tham-san-thuong-sikalatex-th-5l\/#breadcrumb"},"inLanguage":"vi","potentialAction":[{"@type":"ReadAction","target":["https:\/\/tranthi.vn\/quangnam\/son-chong-tham-san-thuong-sikalatex-th-5l\/"]}]},{"@type":"ImageObject","inLanguage":"vi","@id":"https:\/\/tranthi.vn\/quangnam\/son-chong-tham-san-thuong-sikalatex-th-5l\/#primaryimage","url":"https:\/\/tranthi.vn\/quangnam\/wp-content\/uploads\/2021\/02\/chong-tham-san-sika-latex-th-tai-da-nang_optimized.jpg","contentUrl":"https:\/\/tranthi.vn\/quangnam\/wp-content\/uploads\/2021\/02\/chong-tham-san-sika-latex-th-tai-da-nang_optimized.jpg","width":225,"height":225},{"@type":"BreadcrumbList","@id":"https:\/\/tranthi.vn\/quangnam\/son-chong-tham-san-thuong-sikalatex-th-5l\/#breadcrumb","itemListElement":[{"@type":"ListItem","position":1,"name":"Trang ch\u1ee7","item":"https:\/\/tranthi.vn\/quangnam\/"},{"@type":"ListItem","position":2,"name":"Shop","item":"https:\/\/tranthi.vn\/quangnam\/shop\/"},{"@type":"ListItem","position":3,"name":"Ch\u1ed1ng Th\u1ea5m S\u00e0n Sikalatex TH &#8211; 5L"}]},{"@type":"WebSite","@id":"https:\/\/tranthi.vn\/quangnam\/#website","url":"https:\/\/tranthi.vn\/quangnam\/","name":"V\u1eadt Li\u1ec7u X\u00e2y D\u1ef1ng Tr\u1ea7n Th\u1ecb Chi Nh\u00e1nh Qu\u1ea3ng Nam","description":"V\u1eadt Li\u1ec7u X\u00e2y D\u1ef1ng - Qu\u1ea3ng Nam","potentialAction":[{"@type":"SearchAction","target":{"@type":"EntryPoint","urlTemplate":"https:\/\/tranthi.vn\/quangnam\/?s={search_term_string}"},"query-input":"required name=search_term_string"}],"inLanguage":"vi"},{"@type":"ImageObject","inLanguage":"vi","@id":"https:\/\/tranthi.vn\/quangnam\/son-chong-tham-san-thuong-sikalatex-th-5l\/#local-main-organization-logo","url":"","contentUrl":"","caption":"V\u1eadt Li\u1ec7u X\u00e2y D\u1ef1ng Tr\u1ea7n Th\u1ecb Chi Nh\u00e1nh Qu\u1ea3ng Nam"}]},"product_price_amount":"320000","product_price_currency":"VND","og_availability":"instock","product_availability":"instock","product_condition":"new"},"_links":{"self":[{"href":"https:\/\/tranthi.vn\/quangnam\/wp-json\/wp\/v2\/product\/841","targetHints":{"allow":["GET"]}}],"collection":[{"href":"https:\/\/tranthi.vn\/quangnam\/wp-json\/wp\/v2\/product"}],"about":[{"href":"https:\/\/tranthi.vn\/quangnam\/wp-json\/wp\/v2\/types\/product"}],"replies":[{"embeddable":true,"href":"https:\/\/tranthi.vn\/quangnam\/wp-json\/wp\/v2\/comments?post=841"}],"wp:featuredmedia":[{"embeddable":true,"href":"https:\/\/tranthi.vn\/quangnam\/wp-json\/wp\/v2\/media\/840"}],"wp:attachment":[{"href":"https:\/\/tranthi.vn\/quangnam\/wp-json\/wp\/v2\/media?parent=841"}],"wp:term":[{"taxonomy":"product_cat","embeddable":true,"href":"https:\/\/tranthi.vn\/quangnam\/wp-json\/wp\/v2\/product_cat?post=841"},{"taxonomy":"product_tag","embeddable":true,"href":"https:\/\/tranthi.vn\/quangnam\/wp-json\/wp\/v2\/product_tag?post=841"}],"curies":[{"name":"wp","href":"https:\/\/api.w.org\/{rel}","templated":true}]}}