{"id":837,"date":"2021-02-16T16:32:44","date_gmt":"2021-02-16T16:32:44","guid":{"rendered":"http:\/\/new-tranthi.test\/san-pham\/chong-tham-komic-smartflex\/"},"modified":"2024-11-14T15:26:18","modified_gmt":"2024-11-14T08:26:18","slug":"chong-tham-komic-smartflex-hoi-an-tam-ky-quang-nam","status":"publish","type":"product","link":"https:\/\/tranthi.vn\/quangnam\/chong-tham-komic-smartflex-hoi-an-tam-ky-quang-nam\/","title":{"rendered":"Ch\u1ed1ng Th\u1ea5m Komic Smartflex"},"content":{"rendered":"<h1 style=\"text-align: center;\"><span style=\"font-family: 'times new roman', times, serif; font-size: 130%; color: #000000;\"><strong><span style=\"color: #008000;\">Gi\u00e1 Ch\u1ed1ng Th\u1ea5m Komic Smart Flex Qu\u1ea3ng Nam<\/span><\/strong><\/span><\/h1>\n<p><span style=\"font-family: 'times new roman', times, serif; font-size: 130%; color: #000000;\"><strong><em>Komic smart flex<\/em><\/strong> l\u00e0 ch\u1ea5t <strong><em>ch\u1ed1ng th\u1ea5m<\/em><\/strong> g\u1ed1c xi m\u0103ng v\u00e0 polymers d\u1ea1ng l\u1ecfng, gi\u00e1 c\u1ee7a komic t\u1ea1i H\u1ed9i An, Tam K\u1ef3-<a href=\"https:\/\/vi.wikipedia.org\/wiki\/Qu%E1%BA%A3ng_Nam\"><strong><em>Qu\u1ea3ng Nam<\/em> <\/strong><\/a>l\u00e0 8<span style=\"color: #ff0000;\"><strong>50.000\/18l<\/strong>.<\/span> Komic sau khi thi c\u00f4ng s\u1ebd kh\u00f4 l\u1ea1i t\u1ea1o m\u1ed9t l\u1edbp m\u00e0ng ch\u1ed1ng th\u1ea5m c\u00f3 \u0111\u1ed9 \u0111\u00e0n h\u1ed3i cao. Ch\u1ea5t ch\u1ed1ng th\u1ea5m n\u00e0y kh\u00f4ng \u0111\u1ed9c h\u1ea1i v\u00e0 an to\u00e0n v\u1edbi ng\u01b0\u1eddi s\u1eed d\u1ee5ng<\/span><\/p>\n<figure id=\"attachment_7696\" aria-describedby=\"caption-attachment-7696\" style=\"width: 300px\" class=\"wp-caption aligncenter\"><img loading=\"lazy\" decoding=\"async\" class=\"size-full wp-image-7696\" src=\"https:\/\/tranthi.vn\/quangnam\/wp-content\/uploads\/2021\/02\/chong-tham-komix-tai-tam-ky-hoi-an-quang-nam.png\" alt=\"ch\u1ed1ng th\u1ea5m komix t\u1ea1i tam k\u1ef3- h\u1ed9i an- qu\u1ea3ng nam\" width=\"300\" height=\"300\" srcset=\"https:\/\/tranthi.vn\/quangnam\/wp-content\/uploads\/2021\/02\/chong-tham-komix-tai-tam-ky-hoi-an-quang-nam.png 300w, https:\/\/tranthi.vn\/quangnam\/wp-content\/uploads\/2021\/02\/chong-tham-komix-tai-tam-ky-hoi-an-quang-nam-100x100.png 100w\" sizes=\"auto, (max-width: 300px) 100vw, 300px\" \/><figcaption id=\"caption-attachment-7696\" class=\"wp-caption-text\"><span style=\"font-family: 'times new roman', times, serif;\">ch\u1ed1ng th\u1ea5m komix t\u1ea1i tam k\u1ef3- h\u1ed9i an- qu\u1ea3ng nam<\/span><\/figcaption><\/figure>\n<h2><span style=\"font-family: 'times new roman', times, serif; font-size: 130%; color: #ff0000;\"><strong>1. \u1ee8ng d\u1ee5ng c\u1ee7a <\/strong><\/span><span style=\"font-family: 'times new roman', times, serif; font-size: 130%; color: #ff0000;\"><strong>Komix Smart Flex<\/strong><\/span><\/h2>\n<p><span style=\"font-family: 'times new roman', times, serif; font-size: 130%; color: #000000;\"><span style=\"color: #008000;\"><a style=\"color: #008000;\" href=\"http:\/\/tranthi.vn\/quangnam\/chong-tham-komic-smartflex-da-nang\/\">Komic Smart Flex<\/a><\/span> \u0111\u01b0\u1ee3c d\u00f9ng cho c\u00e1c h\u1ea1ng m\u1ee5c c\u00f4ng tr\u00ecnh nh\u01b0 sau:<\/span><\/p>\n<ul>\n<li><span style=\"font-family: 'times new roman', times, serif; font-size: 130%; color: #000000;\">Ch\u1ed1ng th\u1ea5m nh\u00e0 v\u1ec7 sinh<\/span><\/li>\n<li><span style=\"font-family: 'times new roman', times, serif; font-size: 130%; color: #000000;\">Ch\u1ed1ng th\u1ea5m b\u1ec3 b\u01a1i, h\u1ed3 ch\u1ee9a n\u01b0\u1edbc<\/span><\/li>\n<li><span style=\"font-family: 'times new roman', times, serif; font-size: 130%; color: #000000;\">Ch\u1ed1ng th\u1ea5m s\u00e0n m\u00e1i, s\u00e2n th\u01b0\u1ee3ng<\/span><\/li>\n<li><span style=\"font-family: 'times new roman', times, serif; font-size: 130%; color: #000000;\">Ch\u1ed1ng th\u1ea5m t\u1ea7ng h\u1ea7m<\/span><\/li>\n<\/ul>\n<figure id=\"attachment_7695\" aria-describedby=\"caption-attachment-7695\" style=\"width: 400px\" class=\"wp-caption aligncenter\"><img loading=\"lazy\" decoding=\"async\" class=\"size-full wp-image-7695\" src=\"https:\/\/tranthi.vn\/quangnam\/wp-content\/uploads\/2021\/02\/chong-tham-komix-tai-tam-ky-hoi-an-quang-nam.jpg\" alt=\"ch\u1ed1ng th\u1ea5m komix t\u1ea1i tam k\u1ef3- h\u1ed9i an- qu\u1ea3ng nam\" width=\"400\" height=\"400\" srcset=\"https:\/\/tranthi.vn\/quangnam\/wp-content\/uploads\/2021\/02\/chong-tham-komix-tai-tam-ky-hoi-an-quang-nam.jpg 400w, https:\/\/tranthi.vn\/quangnam\/wp-content\/uploads\/2021\/02\/chong-tham-komix-tai-tam-ky-hoi-an-quang-nam-100x100.jpg 100w\" sizes=\"auto, (max-width: 400px) 100vw, 400px\" \/><figcaption id=\"caption-attachment-7695\" class=\"wp-caption-text\">ch\u1ed1ng th\u1ea5m komix t\u1ea1i tam k\u1ef3- h\u1ed9i an- qu\u1ea3ng nam<\/figcaption><\/figure>\n<p><span style=\"font-family: 'times new roman', times, serif; font-size: 130%; color: #000000;\">\u00a0<\/span><\/p>\n<h2><span style=\"font-family: 'times new roman', times, serif; font-size: 130%; color: #ff0000;\"><strong>2. H\u01b0\u1edbng d\u1eabn s\u1eed d\u1ee5ng <\/strong><\/span><span style=\"font-family: 'times new roman', times, serif; font-size: 130%; color: #ff0000;\"><strong>Komix Smart Flex<\/strong><\/span><\/h2>\n<h3><span style=\"font-family: 'times new roman', times, serif; font-size: 130%; color: #ff0000;\">a) C\u00e1ch pha tr\u1ed9n Smart Flex<\/span><\/h3>\n<ul>\n<li><span style=\"font-family: 'times new roman', times, serif; font-size: 130%; color: #000000;\">\u0110\u1ed5 th\u00e0nh ph\u1ea7n A c\u1ee7a\u00a0<strong>Smart Flex<\/strong>\u00a0v\u00e0o th\u00f9ng ch\u1ee9a s\u1ea1ch, d\u00f9ng m\u00e1y khu\u1ea5y t\u1ed1c \u0111\u1ed9 th\u1ea5p khu\u1ea5y \u0111\u1ec1u<\/span><\/li>\n<li><span style=\"font-family: 'times new roman', times, serif; font-size: 130%; color: #000000;\">Sau \u0111\u00f3 \u0111\u1ed5 t\u1eeb t\u1eeb th\u00e0nh ph\u1ea7n B v\u00e0o th\u00e0nh ph\u1ea7n A v\u00e0 tr\u1ed9n \u0111\u1ec1u cho \u0111\u1ebfn khi t\u1ea1o th\u00e0nh m\u1ed9t h\u1ed7n h\u1ee3p \u0111\u1ed3ng nh\u1ea5t<\/span><\/li>\n<\/ul>\n<h3><span style=\"font-family: 'times new roman', times, serif; font-size: 130%; color: #ff0000;\">b) Thi c\u00f4ng ch\u1ed1ng th\u1ea5m Smart Flex<\/span><\/h3>\n<ul>\n<li><span style=\"font-family: 'times new roman', times, serif; font-size: 130%; color: #000000;\">D\u00f9ng c\u1ecd ho\u1eb7c rulo \u0111\u1ec3 thi c\u00f4ng h\u1ed7n h\u1ee3p ch\u1ed1ng th\u1ea5m \u0111\u00e3 \u0111\u01b0\u1ee3c tr\u1ed9n s\u1eb5n\u00a0<\/span><\/li>\n<li><span style=\"font-family: 'times new roman', times, serif; font-size: 130%; color: #000000;\">Thi c\u00f4ng t\u1ed1i thi\u1ec3u hai l\u1edbp, l\u1edbp sau vu\u00f4ng g\u00f3c v\u1edbi l\u1edbp tr\u01b0\u1edbc<\/span><\/li>\n<li><span style=\"font-family: 'times new roman', times, serif; font-size: 130%; color: #000000;\">\u0110\u1ed1i v\u1edbi n\u01a1i c\u00f3 \u00e1p l\u1ef1c n\u01b0\u1edbc cao, ph\u1ea3i thi c\u00f4ng m\u1eb7t thu\u1eadn<\/span><\/li>\n<\/ul>\n<h3><span style=\"font-family: 'times new roman', times, serif; font-size: 130%; color: #ff0000;\">c) \u0110\u00f3ng r\u1eafn v\u00e0 b\u1ea3o v\u1ec7<\/span><\/h3>\n<ul>\n<li><span style=\"font-family: 'times new roman', times, serif; font-size: 130%; color: #000000;\">\u0110\u1ec3 c\u00f3 k\u1ebft qu\u1ea3 ch\u1ed1ng th\u1ea5m t\u1ed1t, c\u1ea7n c\u00e1n m\u1ed9t l\u1edbp v\u1eefa b\u1ea3o v\u1ec7\u00a0<strong>Smart Flex<\/strong>\u00a0tr\u00e1nh cho l\u1edbp ch\u1ed1ng th\u1ea5m b\u1ecb th\u1ee7ng ho\u1eb7c r\u00e1ch<\/span><\/li>\n<\/ul>\n<h2><span style=\"font-family: 'times new roman', times, serif; font-size: 130%; color: #0000ff;\"><strong>L\u01b0u \u00fd\u00a0<\/strong><\/span><\/h2>\n<ul>\n<li><span style=\"font-family: 'times new roman', times, serif; font-size: 130%; color: #000000;\">\u00a0V\u1edbi th\u1eddi ti\u1ebft t\u1ea1i<a href=\"https:\/\/vi.wikipedia.org\/wiki\/Qu%E1%BA%A3ng_Nam\"><span style=\"color: #008000;\"> Qu\u1ea3ng Nam<\/span><\/a>\u00a0Kh\u00f4ng n\u00ean thi c\u00f4ng <em><strong>ch\u1ed1ng th\u1ea5m komic Smart Flex<\/strong><\/em> khi tr\u1eddi qu\u00e1 n\u1eafng qu\u00e1 n\u00f3ng<\/span><\/li>\n<li><span style=\"font-family: 'times new roman', times, serif; font-size: 130%; color: #000000;\">Tr\u1ed9n v\u1eeba \u0111\u1ee7 l\u01b0\u1ee3ng v\u1eadt li\u1ec7u \u0111\u1ebb d\u00f9ng trong v\u00f2ng 1h \u0111\u1ebfn 2h<\/span><\/li>\n<li><span style=\"font-family: 'times new roman', times, serif; font-size: 130%; color: #000000;\">Sau khi thi c\u00f4ng xong c\u1ea7n r\u1eeda s\u1ea1ch d\u1ee5ng c\u1ee5 thi c\u00f4ng<\/span><\/li>\n<\/ul>\n<p style=\"text-align: center;\"><iframe loading=\"lazy\" src=\"\/\/www.youtube.com\/embed\/pGAyT72RqNs\" width=\"560\" height=\"314\" allowfullscreen=\"allowfullscreen\"><\/iframe><\/p>\n<p style=\"text-align: center;\"><strong><em><span style=\"font-size: 130%; font-family: 'times new roman', times, serif; color: #0000ff;\">Video h\u01b0\u1edbng d\u1eabn thi c\u00f4ng ch\u1ed1ng th\u1ea5m Komix\u00a0<\/span><\/em><\/strong><\/p>\n<h2><span style=\"font-family: 'times new roman', times, serif; font-size: 130%; color: #ff0000;\"><strong>3. \u01afu \u0111i\u1ec3m ch\u1ea5t ch\u1ed1ng th\u1ea5m Komix Smart Flex<\/strong><\/span><\/h2>\n<p><span style=\"font-family: 'times new roman', times, serif; font-size: 130%; color: #000000;\">B\u1ed9 s\u1ea3n ph\u1ea9m\u00a0ch\u1ea5t ch\u1ed1ng th\u1ea5m Komix Smart Flex\u00a0g\u1ed3m 2 th\u00e0nh ph\u1ea7n \u0111\u00f3ng g\u00f3i ri\u00eang l\u1ebb \u0111\u01b0\u1ee3c ch\u1ebf t\u1ea1o s\u1eb5n v\u00e0 ch\u1ec9 vi\u1ec7c tr\u1ed9n \u0111\u1ec1u \u0111\u1ec3 ch\u1ed1ng th\u1ea5m, c\u00f3 th\u1ec3 gia c\u00f4ng l\u00ean b\u1ec1 m\u1eb7t c\u1ea7n ch\u1ed1ng th\u1ea5m b\u1eb1ng m\u00e1y phun c\u00f4ng nghi\u1ec7p chuy\u00ean d\u1ee5ng<\/span><\/p>\n<p><span style=\"font-family: 'times new roman', times, serif; font-size: 130%; color: #000000;\">&#8211; D\u1ec5 tr\u1ed9n v\u00e0 d\u1ec5 thi c\u00f4ng<\/span><\/p>\n<p><span style=\"font-family: 'times new roman', times, serif; font-size: 130%; color: #000000;\">&#8211;\u00a0\u00a0<strong>Komix Smart Flex c<\/strong>\u00f3 \u0111\u1ed9 s\u1ec7t nh\u01b0 h\u1ed3 d\u1ea7u, c\u00f3 th\u1ec3 thi c\u00f4ng b\u1eb1ng bay.<\/span><\/p>\n<p><span style=\"font-family: 'times new roman', times, serif; font-size: 130%; color: #000000;\">&#8211;\u00a0<strong>Komix Smart Flex c\u00f3 kh\u1ea3 n\u0103ng k<\/strong>\u1ebft d\u00ednh t\u1ed1t v\u1edbi c\u00e1c b\u1ec1 m\u1eb7t \u0111\u1eb7c ch\u1eafc.<\/span><\/p>\n<p><span style=\"font-family: 'times new roman', times, serif; font-size: 130%; color: #000000;\">&#8211; Kh\u00f4ng th\u1ea5m n\u01b0\u1edbc<\/span><\/p>\n<p><span style=\"font-family: 'times new roman', times, serif; font-size: 130%; color: #000000;\">&#8211; L\u00e0 l\u1edbp c\u1ea3n hi\u1ec7u qu\u1ea3 ch\u1ed1ng l\u1ea1i qu\u00e1 tr\u00ecnh cacbonat h\u00f3a<\/span><\/p>\n<p><span style=\"font-family: 'times new roman', times, serif; font-size: 130%; color: #000000;\">&#8211; Kh\u00f4ng \u0111\u1ed9c,Kh\u00f4ng \u0103n m\u00f2n<\/span><\/p>\n<p><span style=\"font-family: 'times new roman', times, serif; font-size: 130%; color: #000000;\">&#8211; \u0110\u1ed9 \u0111\u00e0n h\u1ed3i nh\u1eb9<\/span><\/p>\n","protected":false},"excerpt":{"rendered":"<p><span style=\"font-family: 'times new roman', times, serif; font-size: 130%; color: #000000;\">\ud83d\ude1b \u0110\u01a1n v\u1ecb t\u00ednh: th\u00f9ng 21kg<\/span><\/p>\n<p><span style=\"font-family: 'times new roman', times, serif; font-size: 130%; color: #000000;\">\ud83d\ude1b \u0110\u1ecbnh m\u1ee9c: 1,5kg\/m2<\/span><\/p>\n<p><span style=\"font-family: 'times new roman', times, serif; font-size: 130%; color: #000000;\">\ud83d\ude1b \u0110\u01a1n gi\u00e1 <a style=\"color: #000000;\" href=\"https:\/\/tranthi.vn\/quangnam\/chong-tham-komic-smartflex-da-nang\"><strong>ch\u1ed1ng th\u1ea5m Komic Smartlex<\/strong><\/a>: <strong><span style=\"color: #ff0000;\">990.000\/th\u00f9ng ( \u00e1p d\u1ee5ng cho \u0111\u01a1n h\u00e0ng tr\u00ean 3 th\u00f9ng)<\/span><\/strong><\/span><\/p>\n<p><span style=\"font-family: 'times new roman', times, serif; font-size: 130%; color: #000000;\">\ud83d\ude1b <span style=\"color: #3366ff;\">V\u1eadn chuy\u1ec3n n\u1ed9i th\u00e0nh <a href=\"https:\/\/vi.wikipedia.org\/wiki\/Qu%E1%BA%A3ng_Nam\">Qu\u1ea3ng Nam<\/a><\/span><\/span><\/p>\n<p><span style=\"font-family: 'times new roman', times, serif; font-size: 130%; color: #000000;\">\ud83d\ude1b <em><span style=\"color: #0000ff;\">Ph\u00ed v\u1eadn chuy\u1ec3n tu\u1ef3 thu\u1ed9c v\u00e0o t\u1eebng v\u1ecb tr\u00ed<\/span><\/em><\/span><\/p>\n<p>&nbsp;<\/p>\n","protected":false},"featured_media":836,"comment_status":"open","ping_status":"closed","template":"","meta":[],"product_cat":[89,90],"product_tag":[],"class_list":{"0":"post-837","1":"product","2":"type-product","3":"status-publish","4":"has-post-thumbnail","6":"product_cat-chong-tham","7":"product_cat-chong-tham-komix-smartflex","9":"first","10":"instock","11":"sale","12":"shipping-taxable","13":"purchasable","14":"product-type-simple"},"yoast_head":"<!-- This site is optimized with the Yoast SEO Premium plugin v22.3 (Yoast SEO v22.8) - https:\/\/yoast.com\/wordpress\/plugins\/seo\/ -->\n<title>Gi\u00e1 Ch\u1ed1ng th\u1ea5m komic smart flex t\u1ea1i Qu\u1ea3ng Nam-0947.335.871<\/title>\n<meta name=\"description\" content=\"Tr\u1ea7n Th\u1ecb l\u00e0 \u0111\u1ea1i l\u00fd ch\u1ea5t ch\u1ed1ng th\u1ea5m komic smart flex t\u1ea1i Qu\u1ea3ng Nam-0947.335.871. Ph\u1ee5c v\u1ee5 t\u1eadn ch\u00e2n c\u00f4ng tr\u00ecnh v\u1edbi gi\u00e1 r\u1ebb nh\u1ea5t th\u1ecb tr\u01b0\u1eddng\" \/>\n<meta name=\"robots\" content=\"index, follow, max-snippet:-1, max-image-preview:large, max-video-preview:-1\" \/>\n<link rel=\"canonical\" href=\"https:\/\/tranthi.vn\/quangnam\/chong-tham-komic-smartflex-hoi-an-tam-ky-quang-nam\/\" \/>\n<meta property=\"og:locale\" content=\"vi_VN\" \/>\n<meta property=\"og:type\" content=\"article\" \/>\n<meta property=\"og:title\" content=\"Ch\u1ed1ng Th\u1ea5m Komic Smartflex\" \/>\n<meta property=\"og:description\" content=\"Tr\u1ea7n Th\u1ecb l\u00e0 \u0111\u1ea1i l\u00fd ch\u1ea5t ch\u1ed1ng th\u1ea5m komic smart flex t\u1ea1i Qu\u1ea3ng Nam-0947.335.871. Ph\u1ee5c v\u1ee5 t\u1eadn ch\u00e2n c\u00f4ng tr\u00ecnh v\u1edbi gi\u00e1 r\u1ebb nh\u1ea5t th\u1ecb tr\u01b0\u1eddng\" \/>\n<meta property=\"og:url\" content=\"https:\/\/tranthi.vn\/quangnam\/chong-tham-komic-smartflex-hoi-an-tam-ky-quang-nam\/\" \/>\n<meta property=\"og:site_name\" content=\"V\u1eadt Li\u1ec7u X\u00e2y D\u1ef1ng Tr\u1ea7n Th\u1ecb Chi Nh\u00e1nh Qu\u1ea3ng Nam\" \/>\n<meta property=\"article:modified_time\" content=\"2024-11-14T08:26:18+00:00\" \/>\n<meta property=\"og:image\" content=\"https:\/\/tranthi.vn\/quangnam\/wp-content\/uploads\/2021\/02\/gia-chong-tham-komix-tai-da-nang.jpg\" \/>\n\t<meta property=\"og:image:width\" content=\"400\" \/>\n\t<meta property=\"og:image:height\" content=\"400\" \/>\n\t<meta property=\"og:image:type\" content=\"image\/jpeg\" \/>\n<meta name=\"twitter:card\" content=\"summary_large_image\" \/>\n<meta name=\"twitter:label1\" content=\"Gi\u00e1\" \/>\n\t<meta name=\"twitter:data1\" content=\"990,000&nbsp;&#8363;\" \/>\n\t<meta name=\"twitter:label2\" content=\"Kh\u1ea3 d\u1ee5ng\" \/>\n\t<meta name=\"twitter:data2\" content=\"Trong kho\" \/>\n<script type=\"application\/ld+json\" class=\"yoast-schema-graph\">{\"@context\":\"https:\/\/schema.org\",\"@graph\":[{\"@type\":[\"WebPage\",\"ItemPage\"],\"@id\":\"https:\/\/tranthi.vn\/quangnam\/chong-tham-komic-smartflex-hoi-an-tam-ky-quang-nam\/\",\"url\":\"https:\/\/tranthi.vn\/quangnam\/chong-tham-komic-smartflex-hoi-an-tam-ky-quang-nam\/\",\"name\":\"Gi\u00e1 Ch\u1ed1ng th\u1ea5m komic smart flex t\u1ea1i Qu\u1ea3ng Nam-0947.335.871\",\"isPartOf\":{\"@id\":\"https:\/\/tranthi.vn\/quangnam\/#website\"},\"primaryImageOfPage\":{\"@id\":\"https:\/\/tranthi.vn\/quangnam\/chong-tham-komic-smartflex-hoi-an-tam-ky-quang-nam\/#primaryimage\"},\"image\":{\"@id\":\"https:\/\/tranthi.vn\/quangnam\/chong-tham-komic-smartflex-hoi-an-tam-ky-quang-nam\/#primaryimage\"},\"thumbnailUrl\":\"https:\/\/tranthi.vn\/quangnam\/wp-content\/uploads\/2021\/02\/gia-chong-tham-komix-tai-da-nang.jpg\",\"datePublished\":\"2021-02-16T16:32:44+00:00\",\"dateModified\":\"2024-11-14T08:26:18+00:00\",\"description\":\"Tr\u1ea7n Th\u1ecb l\u00e0 \u0111\u1ea1i l\u00fd ch\u1ea5t ch\u1ed1ng th\u1ea5m komic smart flex t\u1ea1i Qu\u1ea3ng Nam-0947.335.871. Ph\u1ee5c v\u1ee5 t\u1eadn ch\u00e2n c\u00f4ng tr\u00ecnh v\u1edbi gi\u00e1 r\u1ebb nh\u1ea5t th\u1ecb tr\u01b0\u1eddng\",\"breadcrumb\":{\"@id\":\"https:\/\/tranthi.vn\/quangnam\/chong-tham-komic-smartflex-hoi-an-tam-ky-quang-nam\/#breadcrumb\"},\"inLanguage\":\"vi\",\"potentialAction\":[{\"@type\":\"ReadAction\",\"target\":[\"https:\/\/tranthi.vn\/quangnam\/chong-tham-komic-smartflex-hoi-an-tam-ky-quang-nam\/\"]}]},{\"@type\":\"ImageObject\",\"inLanguage\":\"vi\",\"@id\":\"https:\/\/tranthi.vn\/quangnam\/chong-tham-komic-smartflex-hoi-an-tam-ky-quang-nam\/#primaryimage\",\"url\":\"https:\/\/tranthi.vn\/quangnam\/wp-content\/uploads\/2021\/02\/gia-chong-tham-komix-tai-da-nang.jpg\",\"contentUrl\":\"https:\/\/tranthi.vn\/quangnam\/wp-content\/uploads\/2021\/02\/gia-chong-tham-komix-tai-da-nang.jpg\",\"width\":400,\"height\":400},{\"@type\":\"BreadcrumbList\",\"@id\":\"https:\/\/tranthi.vn\/quangnam\/chong-tham-komic-smartflex-hoi-an-tam-ky-quang-nam\/#breadcrumb\",\"itemListElement\":[{\"@type\":\"ListItem\",\"position\":1,\"name\":\"Trang ch\u1ee7\",\"item\":\"https:\/\/tranthi.vn\/quangnam\/\"},{\"@type\":\"ListItem\",\"position\":2,\"name\":\"Shop\",\"item\":\"https:\/\/tranthi.vn\/quangnam\/shop\/\"},{\"@type\":\"ListItem\",\"position\":3,\"name\":\"Ch\u1ed1ng Th\u1ea5m Komic Smartflex\"}]},{\"@type\":\"WebSite\",\"@id\":\"https:\/\/tranthi.vn\/quangnam\/#website\",\"url\":\"https:\/\/tranthi.vn\/quangnam\/\",\"name\":\"V\u1eadt Li\u1ec7u X\u00e2y D\u1ef1ng Tr\u1ea7n Th\u1ecb Chi Nh\u00e1nh Qu\u1ea3ng Nam\",\"description\":\"V\u1eadt Li\u1ec7u X\u00e2y D\u1ef1ng - Qu\u1ea3ng Nam\",\"potentialAction\":[{\"@type\":\"SearchAction\",\"target\":{\"@type\":\"EntryPoint\",\"urlTemplate\":\"https:\/\/tranthi.vn\/quangnam\/?s={search_term_string}\"},\"query-input\":\"required name=search_term_string\"}],\"inLanguage\":\"vi\"},{\"@type\":\"ImageObject\",\"inLanguage\":\"vi\",\"@id\":\"https:\/\/tranthi.vn\/quangnam\/chong-tham-komic-smartflex-hoi-an-tam-ky-quang-nam\/#local-main-organization-logo\",\"url\":\"\",\"contentUrl\":\"\",\"caption\":\"V\u1eadt Li\u1ec7u X\u00e2y D\u1ef1ng Tr\u1ea7n Th\u1ecb Chi Nh\u00e1nh Qu\u1ea3ng Nam\"}]}<\/script>\n<meta property=\"product:price:amount\" content=\"990000\" \/>\n<meta property=\"product:price:currency\" content=\"VND\" \/>\n<meta property=\"og:availability\" content=\"instock\" \/>\n<meta property=\"product:availability\" content=\"instock\" \/>\n<meta property=\"product:condition\" content=\"new\" \/>\n<!-- \/ Yoast SEO Premium plugin. -->","yoast_head_json":{"title":"Gi\u00e1 Ch\u1ed1ng th\u1ea5m komic smart flex t\u1ea1i Qu\u1ea3ng Nam-0947.335.871","description":"Tr\u1ea7n Th\u1ecb l\u00e0 \u0111\u1ea1i l\u00fd ch\u1ea5t ch\u1ed1ng th\u1ea5m komic smart flex t\u1ea1i Qu\u1ea3ng Nam-0947.335.871. Ph\u1ee5c v\u1ee5 t\u1eadn ch\u00e2n c\u00f4ng tr\u00ecnh v\u1edbi gi\u00e1 r\u1ebb nh\u1ea5t th\u1ecb tr\u01b0\u1eddng","robots":{"index":"index","follow":"follow","max-snippet":"max-snippet:-1","max-image-preview":"max-image-preview:large","max-video-preview":"max-video-preview:-1"},"canonical":"https:\/\/tranthi.vn\/quangnam\/chong-tham-komic-smartflex-hoi-an-tam-ky-quang-nam\/","og_locale":"vi_VN","og_type":"article","og_title":"Ch\u1ed1ng Th\u1ea5m Komic Smartflex","og_description":"Tr\u1ea7n Th\u1ecb l\u00e0 \u0111\u1ea1i l\u00fd ch\u1ea5t ch\u1ed1ng th\u1ea5m komic smart flex t\u1ea1i Qu\u1ea3ng Nam-0947.335.871. Ph\u1ee5c v\u1ee5 t\u1eadn ch\u00e2n c\u00f4ng tr\u00ecnh v\u1edbi gi\u00e1 r\u1ebb nh\u1ea5t th\u1ecb tr\u01b0\u1eddng","og_url":"https:\/\/tranthi.vn\/quangnam\/chong-tham-komic-smartflex-hoi-an-tam-ky-quang-nam\/","og_site_name":"V\u1eadt Li\u1ec7u X\u00e2y D\u1ef1ng Tr\u1ea7n Th\u1ecb Chi Nh\u00e1nh Qu\u1ea3ng Nam","article_modified_time":"2024-11-14T08:26:18+00:00","og_image":[{"width":400,"height":400,"url":"https:\/\/tranthi.vn\/quangnam\/wp-content\/uploads\/2021\/02\/gia-chong-tham-komix-tai-da-nang.jpg","type":"image\/jpeg"}],"twitter_card":"summary_large_image","twitter_misc":{"Gi\u00e1":"990,000&nbsp;&#8363;","Kh\u1ea3 d\u1ee5ng":"Trong kho"},"schema":{"@context":"https:\/\/schema.org","@graph":[{"@type":["WebPage","ItemPage"],"@id":"https:\/\/tranthi.vn\/quangnam\/chong-tham-komic-smartflex-hoi-an-tam-ky-quang-nam\/","url":"https:\/\/tranthi.vn\/quangnam\/chong-tham-komic-smartflex-hoi-an-tam-ky-quang-nam\/","name":"Gi\u00e1 Ch\u1ed1ng th\u1ea5m komic smart flex t\u1ea1i Qu\u1ea3ng Nam-0947.335.871","isPartOf":{"@id":"https:\/\/tranthi.vn\/quangnam\/#website"},"primaryImageOfPage":{"@id":"https:\/\/tranthi.vn\/quangnam\/chong-tham-komic-smartflex-hoi-an-tam-ky-quang-nam\/#primaryimage"},"image":{"@id":"https:\/\/tranthi.vn\/quangnam\/chong-tham-komic-smartflex-hoi-an-tam-ky-quang-nam\/#primaryimage"},"thumbnailUrl":"https:\/\/tranthi.vn\/quangnam\/wp-content\/uploads\/2021\/02\/gia-chong-tham-komix-tai-da-nang.jpg","datePublished":"2021-02-16T16:32:44+00:00","dateModified":"2024-11-14T08:26:18+00:00","description":"Tr\u1ea7n Th\u1ecb l\u00e0 \u0111\u1ea1i l\u00fd ch\u1ea5t ch\u1ed1ng th\u1ea5m komic smart flex t\u1ea1i Qu\u1ea3ng Nam-0947.335.871. Ph\u1ee5c v\u1ee5 t\u1eadn ch\u00e2n c\u00f4ng tr\u00ecnh v\u1edbi gi\u00e1 r\u1ebb nh\u1ea5t th\u1ecb tr\u01b0\u1eddng","breadcrumb":{"@id":"https:\/\/tranthi.vn\/quangnam\/chong-tham-komic-smartflex-hoi-an-tam-ky-quang-nam\/#breadcrumb"},"inLanguage":"vi","potentialAction":[{"@type":"ReadAction","target":["https:\/\/tranthi.vn\/quangnam\/chong-tham-komic-smartflex-hoi-an-tam-ky-quang-nam\/"]}]},{"@type":"ImageObject","inLanguage":"vi","@id":"https:\/\/tranthi.vn\/quangnam\/chong-tham-komic-smartflex-hoi-an-tam-ky-quang-nam\/#primaryimage","url":"https:\/\/tranthi.vn\/quangnam\/wp-content\/uploads\/2021\/02\/gia-chong-tham-komix-tai-da-nang.jpg","contentUrl":"https:\/\/tranthi.vn\/quangnam\/wp-content\/uploads\/2021\/02\/gia-chong-tham-komix-tai-da-nang.jpg","width":400,"height":400},{"@type":"BreadcrumbList","@id":"https:\/\/tranthi.vn\/quangnam\/chong-tham-komic-smartflex-hoi-an-tam-ky-quang-nam\/#breadcrumb","itemListElement":[{"@type":"ListItem","position":1,"name":"Trang ch\u1ee7","item":"https:\/\/tranthi.vn\/quangnam\/"},{"@type":"ListItem","position":2,"name":"Shop","item":"https:\/\/tranthi.vn\/quangnam\/shop\/"},{"@type":"ListItem","position":3,"name":"Ch\u1ed1ng Th\u1ea5m Komic Smartflex"}]},{"@type":"WebSite","@id":"https:\/\/tranthi.vn\/quangnam\/#website","url":"https:\/\/tranthi.vn\/quangnam\/","name":"V\u1eadt Li\u1ec7u X\u00e2y D\u1ef1ng Tr\u1ea7n Th\u1ecb Chi Nh\u00e1nh Qu\u1ea3ng Nam","description":"V\u1eadt Li\u1ec7u X\u00e2y D\u1ef1ng - Qu\u1ea3ng Nam","potentialAction":[{"@type":"SearchAction","target":{"@type":"EntryPoint","urlTemplate":"https:\/\/tranthi.vn\/quangnam\/?s={search_term_string}"},"query-input":"required name=search_term_string"}],"inLanguage":"vi"},{"@type":"ImageObject","inLanguage":"vi","@id":"https:\/\/tranthi.vn\/quangnam\/chong-tham-komic-smartflex-hoi-an-tam-ky-quang-nam\/#local-main-organization-logo","url":"","contentUrl":"","caption":"V\u1eadt Li\u1ec7u X\u00e2y D\u1ef1ng Tr\u1ea7n Th\u1ecb Chi Nh\u00e1nh Qu\u1ea3ng Nam"}]},"product_price_amount":"990000","product_price_currency":"VND","og_availability":"instock","product_availability":"instock","product_condition":"new"},"_links":{"self":[{"href":"https:\/\/tranthi.vn\/quangnam\/wp-json\/wp\/v2\/product\/837","targetHints":{"allow":["GET"]}}],"collection":[{"href":"https:\/\/tranthi.vn\/quangnam\/wp-json\/wp\/v2\/product"}],"about":[{"href":"https:\/\/tranthi.vn\/quangnam\/wp-json\/wp\/v2\/types\/product"}],"replies":[{"embeddable":true,"href":"https:\/\/tranthi.vn\/quangnam\/wp-json\/wp\/v2\/comments?post=837"}],"wp:featuredmedia":[{"embeddable":true,"href":"https:\/\/tranthi.vn\/quangnam\/wp-json\/wp\/v2\/media\/836"}],"wp:attachment":[{"href":"https:\/\/tranthi.vn\/quangnam\/wp-json\/wp\/v2\/media?parent=837"}],"wp:term":[{"taxonomy":"product_cat","embeddable":true,"href":"https:\/\/tranthi.vn\/quangnam\/wp-json\/wp\/v2\/product_cat?post=837"},{"taxonomy":"product_tag","embeddable":true,"href":"https:\/\/tranthi.vn\/quangnam\/wp-json\/wp\/v2\/product_tag?post=837"}],"curies":[{"name":"wp","href":"https:\/\/api.w.org\/{rel}","templated":true}]}}