{"id":789,"date":"2021-02-16T15:14:19","date_gmt":"2021-02-16T08:14:19","guid":{"rendered":"http:\/\/new-tranthi.test\/san-pham\/bot-tret-jotun-ngoai-that-bao-40kg-mau-xam\/"},"modified":"2024-06-13T10:11:50","modified_gmt":"2024-06-13T03:11:50","slug":"gia-bot-tret-jotun-ngoai-that-da-nang","status":"publish","type":"product","link":"https:\/\/tranthi.vn\/quangnam\/gia-bot-tret-jotun-ngoai-that-da-nang\/","title":{"rendered":"B\u1ed9t Tr\u00e9t Jotun Ngo\u1ea1i Th\u1ea5t &#8211; Bao 40kg( m\u00e0u x\u00e1m)"},"content":{"rendered":"<h1 style=\"text-align: center;\"><a href=\"http:\/\/tranthi.vn\/quangnam\/gia-bot-tret-jotun-ngoai-that-da-nang\"><strong><span style=\"font-family: 'times new roman', times, serif; font-size: 18pt; color: #008000;\">B\u1ed8T TR\u00c9T JOTUN NGO\u1ea0I TH\u1ea4T<\/span><\/strong><\/a><\/h1>\n<p><span style=\"font-family: 'times new roman', times, serif; font-size: 14pt;\"><span style=\"color: #008000;\"><em><strong>B\u1ed9t Tr\u00e9t Jotun Ngo\u1ea1i Th\u1ea5t<\/strong><\/em><\/span> l\u00e0 b\u1ed9t tr\u00e9t d\u00f9ng cho b\u1ec1 trong c\u0169ng nh\u01b0 ngo\u00e0i nh\u00e0 c\u00f3 t\u00ednh n\u0103ng \u0111\u1ec3 t\u1ea1o ph\u1eb3ng c\u00e1c b\u1ec1 m\u1eb7t nh\u01b0 t\u01b0\u1eddng x\u00e2y h\u1ed3 v\u1eefa, b\u00ea t\u00f4ng, c\u00f3 th\u1ec3 che l\u1ea5p c\u00e1c l\u1ed7 nh\u1ecf v\u00e0 nh\u1eefng c\u00e1c khi\u1ebfm khuy\u1ebft kh\u00e1c tr\u00ean b\u1ec1 m\u1eb7t ngo\u1ea1i th\u1ea5t tr\u01b0\u1edbc khi ti\u1ebfn h\u00e0nh s\u01a1n l\u1edbp l\u00f3t v\u00e0 s\u01a1n ho\u00e0n thi\u1ec7n ph\u00eda tr\u00ean.<\/span><\/p>\n<h2><span style=\"font-family: 'times new roman', times, serif; font-size: 14pt;\"><strong><span style=\"color: #ff0000;\">1.B\u1ed8T TR\u00c9T T\u01af\u1edcNG JOTUN NGO\u1ea0I TH\u1ea4T C\u00d3 T\u1ed0T KH\u00d4NG?<\/span><\/strong><\/span><\/h2>\n<p><span style=\"font-family: 'times new roman', times, serif; font-size: 14pt;\">\u2013 Ch\u1ed1ng r\u1ea1n n\u1ee9t: B\u1ed9t tr\u00e9t T\u01b0\u1eddng Jotun n\u1ed9i v\u00e0 ngo\u1ea1i th\u1ea5t c\u00f3 nh\u1eefng li\u00ean k\u1ebft ch\u1eb7t ch\u1ebd v\u1edbi nhau. C\u00f3 kh\u1ea3 n\u0103ng ph\u1ee7 ho\u00e0n to\u00e0n v\u00e0 d\u00ednh ch\u1eb7t v\u00e0o b\u1ec1 m\u1eb7t nh\u01b0 b\u00ea t\u00f4ng, v\u1eefa xi m\u0103ng\u2026. L\u00e0m ph\u1eb3ng, b\u00edt k\u00edn nh\u1eefng v\u1ebft l\u1ed3i l\u00f5m tr\u00ean b\u1ec1 m\u1eb7t khi\u1ebfn t\u01b0\u1eddng m\u1ecbn m\u00e0ng, th\u00edch h\u1ee3p thi c\u00f4ng ti\u1ebfp c\u00e1c l\u1edbp s\u01a1n sau.<\/span><\/p>\n<p><span style=\"font-family: 'times new roman', times, serif; font-size: 14pt;\">\u2013 Ch\u1ed1ng \u1ea9m hi\u1ec7u qu\u1ea3: M\u00e0ng s\u01a1n c\u00f3 kh\u1ea3 n\u0103ng kh\u00e1ng n\u01b0\u1edbc hi\u1ec7u qu\u1ea3, t\u1eeb \u0111\u00f3 b\u1ea3o v\u1ec7 c\u00f4ng tr\u00ecnh t\u1ed1i \u01b0u. Ch\u1ed1ng l\u1ea1i c\u00e1c hi\u1ec7n t\u01b0\u1ee3ng r\u00eau m\u1ed1c, bong tr\u00f3c do th\u1eddi ti\u1ebft, n\u01b0\u1edbc m\u01b0a v\u00e0 c\u00e1c t\u00e1c nh\u00e2n kh\u00e1c mang l\u1ea1i.<\/span><\/p>\n<p><span style=\"font-family: 'times new roman', times, serif; font-size: 14pt;\"><a href=\"http:\/\/tranthi.vn\/quangnam\/gia-bot-tret-jotun-ngoai-that-da-nang\"><img loading=\"lazy\" decoding=\"async\" class=\"alignnone size-full wp-image-788 aligncenter\" src=\"http:\/\/tranthi.vn\/quangnam\/wp-content\/uploads\/2021\/02\/bot-tret-jotun-ngoai-that-1-300x300_optimized.jpg\" alt=\"\" width=\"300\" height=\"300\" srcset=\"https:\/\/tranthi.vn\/quangnam\/wp-content\/uploads\/2021\/02\/bot-tret-jotun-ngoai-that-1-300x300_optimized.jpg 300w, https:\/\/tranthi.vn\/quangnam\/wp-content\/uploads\/2021\/02\/bot-tret-jotun-ngoai-that-1-300x300_optimized-280x280.jpg 280w, https:\/\/tranthi.vn\/quangnam\/wp-content\/uploads\/2021\/02\/bot-tret-jotun-ngoai-that-1-300x300_optimized-100x100.jpg 100w\" sizes=\"auto, (max-width: 300px) 100vw, 300px\" \/><\/a><\/span><\/p>\n<p style=\"text-align: center;\"><span style=\"color: #ff0000; font-family: 'times new roman', times, serif; font-size: 14pt;\"><em>B\u1ed9t Tr\u00e9t Jotun Ngo\u1ea1i Th\u1ea5t<\/em><\/span><\/p>\n<p><span style=\"font-family: 'times new roman', times, serif; font-size: 14pt;\">\u2013 \u0110\u1ed9 b\u1ec1n cao: B\u1ed9t tr\u00e9t t\u01b0\u1eddng jotun l\u00e0 y\u1ebfu t\u1ed1 g\u00f3p ph\u1ea7n v\u00f4 c\u00f9ng quang tr\u1ecdng nh\u1eb1m t\u1ea1o cho m\u00e0ng s\u01a1n che ph\u1ee7 c\u1ef1c t\u1ed1t, kh\u00f4ng th\u1ea5m n\u01b0\u1edbc, ch\u1ed1ng n\u1ee9t n\u1ebb bong tr\u00f3c, ph\u1ed3ng r\u1ed9p. B\u00ean canh \u0111\u00f3, c\u00f3 th\u1ec3 lau ch\u00f9i m\u00e0ng s\u01a1n d\u1ec5 d\u00e0ng, khi\u1ebfn c\u00f4ng tr\u00ecnh lu\u00f4n \u0111\u1eb9p v\u00e0 b\u1ec1n nh\u01b0 m\u1edbi tr\u01b0\u1edbc c\u00e1c t\u00e1c \u0111\u1ed9ng t\u1eeb b\u00ean ngo\u00e0i.<\/span><\/p>\n<h3><span style=\"font-size: 14pt; color: #ff0000; font-family: 'times new roman', times, serif;\"><strong>2. C\u00c1CH D\u00d9NG &amp; B\u1ea2O QU\u1ea2N<\/strong><\/span><\/h3>\n<p><span style=\"color: #008080; font-family: 'times new roman', times, serif; font-size: 14pt;\"><strong>C\u00e1ch d\u00f9ng b\u1ed9t tr\u00e9t jotun:<\/strong><\/span><\/p>\n<p><span style=\"font-family: 'times new roman', times, serif; font-size: 14pt;\">\u2013 L\u00e0m s\u1ea1ch b\u1ec1 m\u1eb7t, lo\u1ea1i b\u1ecf xi m\u0103ng d\u1ea7u m\u1ee1, b\u1ee5i b\u1ea9n \u1edf tr\u00ean. C\u1ea7n s\u1eeda ch\u1eefa nh\u1eefng b\u1ec1 m\u1eb7t h\u01b0 h\u1ea1i, \u0111\u1ec3 kh\u00f4.<\/span><\/p>\n<p><span style=\"font-family: 'times new roman', times, serif; font-size: 14pt;\">\u2013 L\u00e0m \u1ea9m b\u1ec1 m\u1eb7t tr\u01b0\u1edbc khi thi c\u00f4ng<\/span><\/p>\n<p><span style=\"font-family: 'times new roman', times, serif; font-size: 14pt;\">\u2013 Thi c\u00f4ng trong \u0111i\u1ec1u ki\u1ec7n nhi\u1ec7t \u0111\u1ed9 kh\u00f4ng qu\u00e1 35 \u0111\u1ed9 C v\u00e0 c\u0169ng kh\u00f4ng d\u01b0\u1edbi 10 \u0111\u1ed9 C<\/span><\/p>\n<p><span style=\"font-family: 'times new roman', times, serif; font-size: 14pt;\">\u2013 D\u1ee5ng c\u1ee5 thi c\u00f4ng l\u00e0 bay, dao \u0111\u1ec3 tr\u00e9t<\/span><\/p>\n<p><span style=\"color: #008080; font-family: 'times new roman', times, serif; font-size: 14pt;\"><strong>B\u1ea3o qu\u1ea3n:<\/strong><\/span><\/p>\n<p><span style=\"font-family: 'times new roman', times, serif; font-size: 14pt;\">\u2013 B\u1ed9t tr\u00e9t t\u01b0\u1eddng jotun c\u1ea7n \u0111\u01b0\u1ee3c b\u1ea3o qu\u1ea3n \u0111\u00fang theo qui \u0111\u1ecbnh v\u1ec1 an to\u00e0n c\u1ee7a qu\u1ed1c gia.<\/span><\/p>\n<p><span style=\"font-family: 'times new roman', times, serif; font-size: 14pt;\">\u2013 \u0110\u1eb7t s\u1ea3n ph\u1ea9m t\u1ea1i n\u01a1i kh\u00f4 r\u00e1o, tho\u00e1ng gi\u00f3 v\u00e0 m\u00e1t m\u1ebb.<\/span><\/p>\n<p><span style=\"font-family: 'times new roman', times, serif; font-size: 14pt;\">\u2013 C\u00e1ch xa ngu\u1ed3n nhi\u1ec7t v\u00e0 nh\u1eefng thi\u1ebft b\u1ecb c\u00f3 th\u1ec3 ph\u00e1t l\u1eeda.<\/span><\/p>\n<h4><span style=\"font-family: 'times new roman', times, serif; font-size: 14pt;\"><strong><span style=\"color: #ff0000;\">3. C\u00c1CH THI C\u00d4NG B\u1ed8T TR\u00c9T T\u01af\u1edcNG JOTUN<\/span><\/strong><\/span><\/h4>\n<p><span style=\"font-family: 'times new roman', times, serif; font-size: 14pt;\">\u2013 Pha tr\u1ed9n n\u01b0\u1edbc v\u00e0 b\u1ed9t v\u1edbi t\u1ec9 l\u1ec7 :3 theo kh\u1ed1i l\u01b0\u1ee3ng b\u1eb1ng c\u00e1ch cho n\u01b0\u1edbc v\u00e0o th\u00f9ng tr\u01b0\u1edbc sau \u0111\u00f3 \u0111\u1ed5 b\u1ed9t tr\u00e9t t\u1eeb t\u1eeb v\u00e0o. D\u00f9ng m\u00e1y tr\u1ed9n \u0111\u1ec3 l\u00e0m nhuy\u1ec5n h\u1ed7n h\u1ee3p.<\/span><\/p>\n<p><span style=\"font-family: 'times new roman', times, serif; font-size: 14pt;\">\u2013 C\u1ea7n \u0111\u1ea3m b\u1ea3o thi c\u00f4ng trong v\u00f2ng 2 gi\u1edd sau khi tr\u1ed9n b\u00f4t<\/span><\/p>\n<p><span style=\"font-family: 'times new roman', times, serif; font-size: 14pt;\">\u2013 V\u1edbi th\u1eddi ti\u1ebft c\u1ee7a <a href=\"https:\/\/fr.wikipedia.org\/wiki\/Da_Nang\"><strong>\u0110\u00e0 N\u1eb5ng<\/strong><\/a> thi c\u00f4ng v\u1edbi 2 l\u1edbp b\u1ed9t tr\u00e9t Jotun n\u1ed9i v\u00e0 ngo\u1ea1i th\u1ea5t, m\u1ed7i l\u1edbp c\u00e1ch nhau t\u1eeb 4-8 ti\u1ebfng<\/span><\/p>\n<p><span style=\"font-family: 'times new roman', times, serif; font-size: 14pt;\">\u2013 s\u01a1n 1 L\u1edbp s\u01a1n l\u00f3t Jotun Majestic Primer ho\u1eb7c c\u00f3 th\u1ec3 d\u00f9ng Jotun Jotasealer 03<\/span><\/p>\n<p><span style=\"font-family: 'times new roman', times, serif; font-size: 14pt;\">\u2013 L\u1edbp s\u01a1n ho\u00e0n thi\u1ec7n l\u00e0 Jotun Jotaplast, Jotun Majestic Royale Matt, Jotun Strax Matt, hay Jotun Majestic Pearl Silk, s\u01a1n 2 l\u1edbp.<\/span><\/p>\n<p><span style=\"font-family: 'times new roman', times, serif; font-size: 14pt;\">\u2013 V\u1ec7 sinh c\u00e1c d\u1ee5ng c\u1ee5 sau khi s\u1eed d\u1ee5ng.<\/span><\/p>\n<p><span style=\"font-family: 'times new roman', times, serif; font-size: 14pt;\"><strong>Tr\u1ea7n Th\u1ecb<\/strong> l\u00e0 \u0111\u1ea1i l\u00fd S\u01a1n Nippon t\u1ea1i <em><strong><a href=\"https:\/\/fr.wikipedia.org\/wiki\/Da_Nang\">\u0110\u00e0 N\u1eb5ng<\/a>,\u00a0<\/strong><\/em> <strong>\u0110\u00f4ng H\u00e0 Qu\u1ea3ng tr\u1ecb<\/strong>, <strong>H\u1ed9i An<\/strong>, <strong>Tam k\u1ef3 Qu\u1ea3ng Nam<\/strong>,<strong> Hu\u1ebf<\/strong> , <strong>Qu\u1ea3ng Ng\u00e3i<\/strong> \u00a0Ph\u1ee5c v\u1ee5 t\u1eadn ch\u00e2n c\u00f4ng tr\u00ecnh v\u1edbi gi\u00e1 r\u1ebb nh\u1ea5t th\u1ecb tr\u01b0\u1eddng \u0110\u00e0 N\u1eb5ng.<\/span><\/p>\n","protected":false},"excerpt":{"rendered":"<p><span style=\"font-family: 'times new roman', times, serif; font-size: 130%; color: #0000ff;\"><strong>\ud83e\udd70\u01afu \u0111i\u1ec3m:<\/strong><\/span><\/p>\n<ul>\n<li><span style=\"font-family: 'times new roman', times, serif; font-size: 130%;\"><strong>T\u0103ng \u0111\u1ed9 l\u00ean m\u00e0u<\/strong><\/span><\/li>\n<li><span style=\"font-family: 'times new roman', times, serif; font-size: 130%;\"><strong>Ch\u1ed1ng r\u1ea1n n\u1ee9t<\/strong><\/span><\/li>\n<li><span style=\"font-family: 'times new roman', times, serif; font-size: 130%;\"><strong>L\u00e0m ph\u1eb3ng l\u00e1ng m\u1ecbn b\u1ec1 m\u1eb7n<\/strong><\/span><\/li>\n<li><span style=\"font-family: 'times new roman', times, serif; font-size: 130%;\"><strong>Thi c\u00f4ng d\u1ec5 d\u00e0ng hi\u1ec7u qu\u1ea3<\/strong><\/span><\/li>\n<\/ul>\n<p><span style=\"font-family: 'times new roman', times, serif; font-size: 130%;\">\ud83e\udd70Giao h\u00e0ng trong \u0111\u1ecba \u0111\u00e0n <a href=\"https:\/\/fr.wikipedia.org\/wiki\/Da_Nang\"><strong>\u0110\u00e0 N\u1eb5ng<\/strong><\/a><\/span><\/p>\n<p><span style=\"font-family: 'times new roman', times, serif; font-size: 130%;\">\ud83e\udd70\u0110\u01a1n v\u1ecb t\u00ednh:40kg<\/span><\/p>\n<p><span style=\"color: #d83131; font-family: 'times new roman', times, serif; font-size: 130%;\">\ud83e\udd70<\/span><span style=\"font-family: 'times new roman', times, serif; font-size: 130%;\">G\u00eda<\/span><span style=\"font-family: 'times new roman', times, serif; font-size: 130%;\">:<\/span><span style=\"color: #d83131; font-family: 'times new roman', times, serif; font-size: 130%;\"><strong> 360.000\u0111\u00a0<\/strong><\/span><\/p>\n<p><span style=\"font-family: 'times new roman', times, serif; font-size: 130%;\">\ud83e\udd70\u0110\u01a1n<a href=\"https:\/\/jotunmienbac.com.vn\/bot-ba-jotun-ngoai-that-40kg\"><strong> gi\u00e1 b\u1ed9t tr\u00e9t ngo\u1ea1i th\u1ea5t Jotun<\/strong><\/a> \u00e1p d\u1ee5ng khi mua t\u1eeb 5 s\u1ea3n ph\u1ea9m tr\u1edf l\u00ean\u00a0<\/span><\/p>\n<p><span style=\"font-family: 'times new roman', times, serif; font-size: 130%;\">\ud83e\udd70 Ngo\u00e0i ra Tr\u1ea7n Th\u1ecb c\u00f2n nh\u1eadn giao h\u00e0ng \u0111\u1ebfn c\u00e1c \u0111i\u1ec3m <strong><a href=\"https:\/\/vi.wikipedia.org\/wiki\/%C4%90%C3%B4ng_H%C3%A0\">\u0110\u00f4ng H\u00e0 Qu\u1ea3ng tr\u1ecb<\/a><\/strong>, <strong><a href=\"https:\/\/vi.wikipedia.org\/wiki\/H%E1%BB%99i_An\">H\u1ed9i An<\/a><\/strong>, <strong><a href=\"https:\/\/vi.wikipedia.org\/wiki\/Tam_K%E1%BB%B3\">Tam k\u1ef3 Qu\u1ea3ng Nam<\/a><\/strong>,<strong><a href=\"https:\/\/vi.wikipedia.org\/wiki\/Hu%E1%BA%BF\"> Hu\u1ebf<\/a><\/strong> , <strong><a href=\"https:\/\/vi.wikipedia.org\/wiki\/Qu%E1%BA%A3ng_Ng%C3%A3i\">Qu\u1ea3ng Ng\u00e3i<\/a><\/strong> -Chi ph\u00ed v\u1eadn chuy\u1ec3n s\u1ebd t\u00ednh theo kho\u1ea3ng c\u00e1ch v\u00e0 s\u1ed1 l\u01b0\u1ee3ng h\u00e0ng h\u00f3a nh\u1eadp<\/span><\/p>\n","protected":false},"featured_media":788,"comment_status":"open","ping_status":"closed","template":"","meta":[],"product_cat":[154,139,153],"product_tag":[],"class_list":{"0":"post-789","1":"product","2":"type-product","3":"status-publish","4":"has-post-thumbnail","6":"product_cat-bot-tret-jotun","7":"product_cat-son","8":"product_cat-son-jotun-tai-da-nang","10":"first","11":"instock","12":"sale","13":"featured","14":"shipping-taxable","15":"purchasable","16":"product-type-simple"},"yoast_head":"<!-- This site is optimized with the Yoast SEO Premium plugin v22.3 (Yoast SEO v22.8) - https:\/\/yoast.com\/wordpress\/plugins\/seo\/ -->\n<title>B\u1ed9t Tr\u00e9t Jotun Ngo\u1ea1i Th\u1ea5t - Bao 40kg( m\u00e0u x\u00e1m) - V\u1eadt Li\u1ec7u X\u00e2y D\u1ef1ng Tr\u1ea7n Th\u1ecb Chi Nh\u00e1nh Qu\u1ea3ng Nam<\/title>\n<meta name=\"robots\" content=\"index, follow, max-snippet:-1, max-image-preview:large, max-video-preview:-1\" \/>\n<link rel=\"canonical\" href=\"https:\/\/tranthi.vn\/quangnam\/gia-bot-tret-jotun-ngoai-that-da-nang\/\" \/>\n<meta property=\"og:locale\" content=\"vi_VN\" \/>\n<meta property=\"og:type\" content=\"article\" \/>\n<meta property=\"og:title\" content=\"B\u1ed9t Tr\u00e9t Jotun Ngo\u1ea1i Th\u1ea5t - Bao 40kg( m\u00e0u x\u00e1m)\" \/>\n<meta property=\"og:description\" content=\"\ud83e\udd70\u01afu \u0111i\u1ec3m:   T\u0103ng \u0111\u1ed9 l\u00ean m\u00e0u  Ch\u1ed1ng r\u1ea1n n\u1ee9t  L\u00e0m ph\u1eb3ng l\u00e1ng m\u1ecbn b\u1ec1 m\u1eb7n  Thi c\u00f4ng d\u1ec5 d\u00e0ng hi\u1ec7u qu\u1ea3  \ud83e\udd70Giao h\u00e0ng trong \u0111\u1ecba \u0111\u00e0n \u0110\u00e0 N\u1eb5ng  \ud83e\udd70\u0110\u01a1n v\u1ecb t\u00ednh:40kg  \ud83e\udd70G\u00eda: 360.000\u0111\u00a0  \ud83e\udd70\u0110\u01a1n gi\u00e1 b\u1ed9t tr\u00e9t ngo\u1ea1i th\u1ea5t Jotun \u00e1p d\u1ee5ng khi mua t\u1eeb 5 s\u1ea3n ph\u1ea9m tr\u1edf l\u00ean\u00a0  \ud83e\udd70 Ngo\u00e0i ra Tr\u1ea7n Th\u1ecb c\u00f2n nh\u1eadn giao h\u00e0ng \u0111\u1ebfn c\u00e1c \u0111i\u1ec3m \u0110\u00f4ng H\u00e0 Qu\u1ea3ng tr\u1ecb, H\u1ed9i An, Tam k\u1ef3 Qu\u1ea3ng Nam, Hu\u1ebf , Qu\u1ea3ng Ng\u00e3i -Chi ph\u00ed v\u1eadn chuy\u1ec3n s\u1ebd t\u00ednh theo kho\u1ea3ng c\u00e1ch v\u00e0 s\u1ed1 l\u01b0\u1ee3ng h\u00e0ng h\u00f3a nh\u1eadp\" \/>\n<meta property=\"og:url\" content=\"https:\/\/tranthi.vn\/quangnam\/gia-bot-tret-jotun-ngoai-that-da-nang\/\" \/>\n<meta property=\"og:site_name\" content=\"V\u1eadt Li\u1ec7u X\u00e2y D\u1ef1ng Tr\u1ea7n Th\u1ecb Chi Nh\u00e1nh Qu\u1ea3ng Nam\" \/>\n<meta property=\"article:modified_time\" content=\"2024-06-13T03:11:50+00:00\" \/>\n<meta property=\"og:image\" content=\"https:\/\/tranthi.vn\/quangnam\/wp-content\/uploads\/2021\/02\/bot-tret-jotun-ngoai-that-1-300x300_optimized.jpg\" \/>\n\t<meta property=\"og:image:width\" content=\"300\" \/>\n\t<meta property=\"og:image:height\" content=\"300\" \/>\n\t<meta property=\"og:image:type\" content=\"image\/jpeg\" \/>\n<meta name=\"twitter:card\" content=\"summary_large_image\" \/>\n<meta name=\"twitter:label1\" content=\"Gi\u00e1\" \/>\n\t<meta name=\"twitter:data1\" content=\"36,000&nbsp;&#8363;\" \/>\n\t<meta name=\"twitter:label2\" content=\"Kh\u1ea3 d\u1ee5ng\" \/>\n\t<meta name=\"twitter:data2\" content=\"Trong kho\" \/>\n<script type=\"application\/ld+json\" class=\"yoast-schema-graph\">{\"@context\":\"https:\/\/schema.org\",\"@graph\":[{\"@type\":[\"WebPage\",\"ItemPage\"],\"@id\":\"https:\/\/tranthi.vn\/quangnam\/gia-bot-tret-jotun-ngoai-that-da-nang\/\",\"url\":\"https:\/\/tranthi.vn\/quangnam\/gia-bot-tret-jotun-ngoai-that-da-nang\/\",\"name\":\"B\u1ed9t Tr\u00e9t Jotun Ngo\u1ea1i Th\u1ea5t - Bao 40kg( m\u00e0u x\u00e1m) - V\u1eadt Li\u1ec7u X\u00e2y D\u1ef1ng Tr\u1ea7n Th\u1ecb Chi Nh\u00e1nh Qu\u1ea3ng Nam\",\"isPartOf\":{\"@id\":\"https:\/\/tranthi.vn\/quangnam\/#website\"},\"primaryImageOfPage\":{\"@id\":\"https:\/\/tranthi.vn\/quangnam\/gia-bot-tret-jotun-ngoai-that-da-nang\/#primaryimage\"},\"image\":{\"@id\":\"https:\/\/tranthi.vn\/quangnam\/gia-bot-tret-jotun-ngoai-that-da-nang\/#primaryimage\"},\"thumbnailUrl\":\"https:\/\/tranthi.vn\/quangnam\/wp-content\/uploads\/2021\/02\/bot-tret-jotun-ngoai-that-1-300x300_optimized.jpg\",\"datePublished\":\"2021-02-16T08:14:19+00:00\",\"dateModified\":\"2024-06-13T03:11:50+00:00\",\"breadcrumb\":{\"@id\":\"https:\/\/tranthi.vn\/quangnam\/gia-bot-tret-jotun-ngoai-that-da-nang\/#breadcrumb\"},\"inLanguage\":\"vi\",\"potentialAction\":[{\"@type\":\"ReadAction\",\"target\":[\"https:\/\/tranthi.vn\/quangnam\/gia-bot-tret-jotun-ngoai-that-da-nang\/\"]}]},{\"@type\":\"ImageObject\",\"inLanguage\":\"vi\",\"@id\":\"https:\/\/tranthi.vn\/quangnam\/gia-bot-tret-jotun-ngoai-that-da-nang\/#primaryimage\",\"url\":\"https:\/\/tranthi.vn\/quangnam\/wp-content\/uploads\/2021\/02\/bot-tret-jotun-ngoai-that-1-300x300_optimized.jpg\",\"contentUrl\":\"https:\/\/tranthi.vn\/quangnam\/wp-content\/uploads\/2021\/02\/bot-tret-jotun-ngoai-that-1-300x300_optimized.jpg\",\"width\":300,\"height\":300},{\"@type\":\"BreadcrumbList\",\"@id\":\"https:\/\/tranthi.vn\/quangnam\/gia-bot-tret-jotun-ngoai-that-da-nang\/#breadcrumb\",\"itemListElement\":[{\"@type\":\"ListItem\",\"position\":1,\"name\":\"Trang ch\u1ee7\",\"item\":\"https:\/\/tranthi.vn\/quangnam\/\"},{\"@type\":\"ListItem\",\"position\":2,\"name\":\"Shop\",\"item\":\"https:\/\/tranthi.vn\/quangnam\/shop\/\"},{\"@type\":\"ListItem\",\"position\":3,\"name\":\"B\u1ed9t Tr\u00e9t Jotun Ngo\u1ea1i Th\u1ea5t &#8211; Bao 40kg( m\u00e0u x\u00e1m)\"}]},{\"@type\":\"WebSite\",\"@id\":\"https:\/\/tranthi.vn\/quangnam\/#website\",\"url\":\"https:\/\/tranthi.vn\/quangnam\/\",\"name\":\"V\u1eadt Li\u1ec7u X\u00e2y D\u1ef1ng Tr\u1ea7n Th\u1ecb Chi Nh\u00e1nh Qu\u1ea3ng Nam\",\"description\":\"V\u1eadt Li\u1ec7u X\u00e2y D\u1ef1ng - Qu\u1ea3ng Nam\",\"potentialAction\":[{\"@type\":\"SearchAction\",\"target\":{\"@type\":\"EntryPoint\",\"urlTemplate\":\"https:\/\/tranthi.vn\/quangnam\/?s={search_term_string}\"},\"query-input\":\"required name=search_term_string\"}],\"inLanguage\":\"vi\"},{\"@type\":\"ImageObject\",\"inLanguage\":\"vi\",\"@id\":\"https:\/\/tranthi.vn\/quangnam\/gia-bot-tret-jotun-ngoai-that-da-nang\/#local-main-organization-logo\",\"url\":\"\",\"contentUrl\":\"\",\"caption\":\"V\u1eadt Li\u1ec7u X\u00e2y D\u1ef1ng Tr\u1ea7n Th\u1ecb Chi Nh\u00e1nh Qu\u1ea3ng Nam\"}]}<\/script>\n<meta property=\"product:price:amount\" content=\"36000\" \/>\n<meta property=\"product:price:currency\" content=\"VND\" \/>\n<meta property=\"og:availability\" content=\"instock\" \/>\n<meta property=\"product:availability\" content=\"instock\" \/>\n<meta property=\"product:condition\" content=\"new\" \/>\n<!-- \/ Yoast SEO Premium plugin. -->","yoast_head_json":{"title":"B\u1ed9t Tr\u00e9t Jotun Ngo\u1ea1i Th\u1ea5t - Bao 40kg( m\u00e0u x\u00e1m) - V\u1eadt Li\u1ec7u X\u00e2y D\u1ef1ng Tr\u1ea7n Th\u1ecb Chi Nh\u00e1nh Qu\u1ea3ng Nam","robots":{"index":"index","follow":"follow","max-snippet":"max-snippet:-1","max-image-preview":"max-image-preview:large","max-video-preview":"max-video-preview:-1"},"canonical":"https:\/\/tranthi.vn\/quangnam\/gia-bot-tret-jotun-ngoai-that-da-nang\/","og_locale":"vi_VN","og_type":"article","og_title":"B\u1ed9t Tr\u00e9t Jotun Ngo\u1ea1i Th\u1ea5t - Bao 40kg( m\u00e0u x\u00e1m)","og_description":"\ud83e\udd70\u01afu \u0111i\u1ec3m:   T\u0103ng \u0111\u1ed9 l\u00ean m\u00e0u  Ch\u1ed1ng r\u1ea1n n\u1ee9t  L\u00e0m ph\u1eb3ng l\u00e1ng m\u1ecbn b\u1ec1 m\u1eb7n  Thi c\u00f4ng d\u1ec5 d\u00e0ng hi\u1ec7u qu\u1ea3  \ud83e\udd70Giao h\u00e0ng trong \u0111\u1ecba \u0111\u00e0n \u0110\u00e0 N\u1eb5ng  \ud83e\udd70\u0110\u01a1n v\u1ecb t\u00ednh:40kg  \ud83e\udd70G\u00eda: 360.000\u0111\u00a0  \ud83e\udd70\u0110\u01a1n gi\u00e1 b\u1ed9t tr\u00e9t ngo\u1ea1i th\u1ea5t Jotun \u00e1p d\u1ee5ng khi mua t\u1eeb 5 s\u1ea3n ph\u1ea9m tr\u1edf l\u00ean\u00a0  \ud83e\udd70 Ngo\u00e0i ra Tr\u1ea7n Th\u1ecb c\u00f2n nh\u1eadn giao h\u00e0ng \u0111\u1ebfn c\u00e1c \u0111i\u1ec3m \u0110\u00f4ng H\u00e0 Qu\u1ea3ng tr\u1ecb, H\u1ed9i An, Tam k\u1ef3 Qu\u1ea3ng Nam, Hu\u1ebf , Qu\u1ea3ng Ng\u00e3i -Chi ph\u00ed v\u1eadn chuy\u1ec3n s\u1ebd t\u00ednh theo kho\u1ea3ng c\u00e1ch v\u00e0 s\u1ed1 l\u01b0\u1ee3ng h\u00e0ng h\u00f3a nh\u1eadp","og_url":"https:\/\/tranthi.vn\/quangnam\/gia-bot-tret-jotun-ngoai-that-da-nang\/","og_site_name":"V\u1eadt Li\u1ec7u X\u00e2y D\u1ef1ng Tr\u1ea7n Th\u1ecb Chi Nh\u00e1nh Qu\u1ea3ng Nam","article_modified_time":"2024-06-13T03:11:50+00:00","og_image":[{"width":300,"height":300,"url":"https:\/\/tranthi.vn\/quangnam\/wp-content\/uploads\/2021\/02\/bot-tret-jotun-ngoai-that-1-300x300_optimized.jpg","type":"image\/jpeg"}],"twitter_card":"summary_large_image","twitter_misc":{"Gi\u00e1":"36,000&nbsp;&#8363;","Kh\u1ea3 d\u1ee5ng":"Trong kho"},"schema":{"@context":"https:\/\/schema.org","@graph":[{"@type":["WebPage","ItemPage"],"@id":"https:\/\/tranthi.vn\/quangnam\/gia-bot-tret-jotun-ngoai-that-da-nang\/","url":"https:\/\/tranthi.vn\/quangnam\/gia-bot-tret-jotun-ngoai-that-da-nang\/","name":"B\u1ed9t Tr\u00e9t Jotun Ngo\u1ea1i Th\u1ea5t - Bao 40kg( m\u00e0u x\u00e1m) - V\u1eadt Li\u1ec7u X\u00e2y D\u1ef1ng Tr\u1ea7n Th\u1ecb Chi Nh\u00e1nh Qu\u1ea3ng Nam","isPartOf":{"@id":"https:\/\/tranthi.vn\/quangnam\/#website"},"primaryImageOfPage":{"@id":"https:\/\/tranthi.vn\/quangnam\/gia-bot-tret-jotun-ngoai-that-da-nang\/#primaryimage"},"image":{"@id":"https:\/\/tranthi.vn\/quangnam\/gia-bot-tret-jotun-ngoai-that-da-nang\/#primaryimage"},"thumbnailUrl":"https:\/\/tranthi.vn\/quangnam\/wp-content\/uploads\/2021\/02\/bot-tret-jotun-ngoai-that-1-300x300_optimized.jpg","datePublished":"2021-02-16T08:14:19+00:00","dateModified":"2024-06-13T03:11:50+00:00","breadcrumb":{"@id":"https:\/\/tranthi.vn\/quangnam\/gia-bot-tret-jotun-ngoai-that-da-nang\/#breadcrumb"},"inLanguage":"vi","potentialAction":[{"@type":"ReadAction","target":["https:\/\/tranthi.vn\/quangnam\/gia-bot-tret-jotun-ngoai-that-da-nang\/"]}]},{"@type":"ImageObject","inLanguage":"vi","@id":"https:\/\/tranthi.vn\/quangnam\/gia-bot-tret-jotun-ngoai-that-da-nang\/#primaryimage","url":"https:\/\/tranthi.vn\/quangnam\/wp-content\/uploads\/2021\/02\/bot-tret-jotun-ngoai-that-1-300x300_optimized.jpg","contentUrl":"https:\/\/tranthi.vn\/quangnam\/wp-content\/uploads\/2021\/02\/bot-tret-jotun-ngoai-that-1-300x300_optimized.jpg","width":300,"height":300},{"@type":"BreadcrumbList","@id":"https:\/\/tranthi.vn\/quangnam\/gia-bot-tret-jotun-ngoai-that-da-nang\/#breadcrumb","itemListElement":[{"@type":"ListItem","position":1,"name":"Trang ch\u1ee7","item":"https:\/\/tranthi.vn\/quangnam\/"},{"@type":"ListItem","position":2,"name":"Shop","item":"https:\/\/tranthi.vn\/quangnam\/shop\/"},{"@type":"ListItem","position":3,"name":"B\u1ed9t Tr\u00e9t Jotun Ngo\u1ea1i Th\u1ea5t &#8211; Bao 40kg( m\u00e0u x\u00e1m)"}]},{"@type":"WebSite","@id":"https:\/\/tranthi.vn\/quangnam\/#website","url":"https:\/\/tranthi.vn\/quangnam\/","name":"V\u1eadt Li\u1ec7u X\u00e2y D\u1ef1ng Tr\u1ea7n Th\u1ecb Chi Nh\u00e1nh Qu\u1ea3ng Nam","description":"V\u1eadt Li\u1ec7u X\u00e2y D\u1ef1ng - Qu\u1ea3ng Nam","potentialAction":[{"@type":"SearchAction","target":{"@type":"EntryPoint","urlTemplate":"https:\/\/tranthi.vn\/quangnam\/?s={search_term_string}"},"query-input":"required name=search_term_string"}],"inLanguage":"vi"},{"@type":"ImageObject","inLanguage":"vi","@id":"https:\/\/tranthi.vn\/quangnam\/gia-bot-tret-jotun-ngoai-that-da-nang\/#local-main-organization-logo","url":"","contentUrl":"","caption":"V\u1eadt Li\u1ec7u X\u00e2y D\u1ef1ng Tr\u1ea7n Th\u1ecb Chi Nh\u00e1nh Qu\u1ea3ng Nam"}]},"product_price_amount":"36000","product_price_currency":"VND","og_availability":"instock","product_availability":"instock","product_condition":"new"},"_links":{"self":[{"href":"https:\/\/tranthi.vn\/quangnam\/wp-json\/wp\/v2\/product\/789","targetHints":{"allow":["GET"]}}],"collection":[{"href":"https:\/\/tranthi.vn\/quangnam\/wp-json\/wp\/v2\/product"}],"about":[{"href":"https:\/\/tranthi.vn\/quangnam\/wp-json\/wp\/v2\/types\/product"}],"replies":[{"embeddable":true,"href":"https:\/\/tranthi.vn\/quangnam\/wp-json\/wp\/v2\/comments?post=789"}],"wp:featuredmedia":[{"embeddable":true,"href":"https:\/\/tranthi.vn\/quangnam\/wp-json\/wp\/v2\/media\/788"}],"wp:attachment":[{"href":"https:\/\/tranthi.vn\/quangnam\/wp-json\/wp\/v2\/media?parent=789"}],"wp:term":[{"taxonomy":"product_cat","embeddable":true,"href":"https:\/\/tranthi.vn\/quangnam\/wp-json\/wp\/v2\/product_cat?post=789"},{"taxonomy":"product_tag","embeddable":true,"href":"https:\/\/tranthi.vn\/quangnam\/wp-json\/wp\/v2\/product_tag?post=789"}],"curies":[{"name":"wp","href":"https:\/\/api.w.org\/{rel}","templated":true}]}}