{"id":7574,"date":"2024-07-24T10:33:35","date_gmt":"2024-07-24T03:33:35","guid":{"rendered":"https:\/\/tranthi.vn\/quangnam\/?post_type=product&#038;p=7574"},"modified":"2024-07-31T13:31:04","modified_gmt":"2024-07-31T06:31:04","slug":"cua-nhom-co-thuong-gia-re-hoi-an-tam-ky-quang-nam","status":"publish","type":"product","link":"https:\/\/tranthi.vn\/quangnam\/cua-nhom-co-thuong-gia-re-hoi-an-tam-ky-quang-nam\/","title":{"rendered":"C\u1eeda Nh\u00f4m C\u1ecf Th\u01b0\u1eddng"},"content":{"rendered":"","protected":false},"excerpt":{"rendered":"","protected":false},"featured_media":0,"comment_status":"closed","ping_status":"closed","template":"","meta":[],"product_cat":[390],"product_tag":[],"class_list":{"0":"post-7574","1":"product","2":"type-product","3":"status-publish","5":"product_cat-thung-rac","7":"first","8":"instock","9":"shipping-taxable","10":"product-type-simple"},"yoast_head":"<!-- This site is optimized with the Yoast SEO Premium plugin v22.3 (Yoast SEO v22.8) - https:\/\/yoast.com\/wordpress\/plugins\/seo\/ -->\n<title>C\u1eeda nh\u00f4m c\u1ecf th\u01b0\u1eddng gi\u00e1 r\u1ebb t\u1ea1i Qu\u1ea3ng Nam-0947.335.871<\/title>\n<meta name=\"description\" content=\"C\u1eeda nh\u00f4m c\u1ecf th\u01b0\u1eddng gi\u00e1 r\u1ebb t\u1ea1i Qu\u1ea3ng Nam Tr\u1ea7n th\u1ecb. Cung c\u1ea5p h\u00e0ng ho\u00e1 uy t\u00edn ch\u1ea5t l\u01b0\u1ee3ng tham kh\u1ea3o t\u1ea1i web: tranthi.vn \u0111\u1ec3 bi\u1ebft th\u00eam chi ti\u1ebft\" \/>\n<meta name=\"robots\" content=\"index, follow, max-snippet:-1, max-image-preview:large, max-video-preview:-1\" \/>\n<link rel=\"canonical\" href=\"https:\/\/tranthi.vn\/quangnam\/cua-nhom-co-thuong-gia-re-hoi-an-tam-ky-quang-nam\/\" \/>\n<meta property=\"og:locale\" content=\"vi_VN\" \/>\n<meta property=\"og:type\" content=\"article\" \/>\n<meta property=\"og:title\" content=\"C\u1eeda Nh\u00f4m C\u1ecf Th\u01b0\u1eddng\" \/>\n<meta property=\"og:description\" content=\"C\u1eeda nh\u00f4m c\u1ecf th\u01b0\u1eddng gi\u00e1 r\u1ebb t\u1ea1i Qu\u1ea3ng Nam Tr\u1ea7n th\u1ecb. Cung c\u1ea5p h\u00e0ng ho\u00e1 uy t\u00edn ch\u1ea5t l\u01b0\u1ee3ng tham kh\u1ea3o t\u1ea1i web: tranthi.vn \u0111\u1ec3 bi\u1ebft th\u00eam chi ti\u1ebft\" \/>\n<meta property=\"og:url\" content=\"https:\/\/tranthi.vn\/quangnam\/cua-nhom-co-thuong-gia-re-hoi-an-tam-ky-quang-nam\/\" \/>\n<meta property=\"og:site_name\" content=\"V\u1eadt Li\u1ec7u X\u00e2y D\u1ef1ng Tr\u1ea7n Th\u1ecb Chi Nh\u00e1nh Qu\u1ea3ng Nam\" \/>\n<meta property=\"article:modified_time\" content=\"2024-07-31T06:31:04+00:00\" \/>\n<meta name=\"twitter:card\" content=\"summary_large_image\" \/>\n<meta name=\"twitter:label1\" content=\"Gi\u00e1\" \/>\n\t<meta name=\"twitter:data1\" content=\"\" \/>\n\t<meta name=\"twitter:label2\" content=\"Kh\u1ea3 d\u1ee5ng\" \/>\n\t<meta name=\"twitter:data2\" content=\"Trong kho\" \/>\n<script type=\"application\/ld+json\" class=\"yoast-schema-graph\">{\"@context\":\"https:\/\/schema.org\",\"@graph\":[{\"@type\":[\"WebPage\",\"ItemPage\"],\"@id\":\"https:\/\/tranthi.vn\/quangnam\/cua-nhom-co-thuong-gia-re-hoi-an-tam-ky-quang-nam\/\",\"url\":\"https:\/\/tranthi.vn\/quangnam\/cua-nhom-co-thuong-gia-re-hoi-an-tam-ky-quang-nam\/\",\"name\":\"C\u1eeda nh\u00f4m c\u1ecf th\u01b0\u1eddng gi\u00e1 r\u1ebb t\u1ea1i Qu\u1ea3ng Nam-0947.335.871\",\"isPartOf\":{\"@id\":\"https:\/\/tranthi.vn\/quangnam\/#website\"},\"datePublished\":\"2024-07-24T03:33:35+00:00\",\"dateModified\":\"2024-07-31T06:31:04+00:00\",\"description\":\"C\u1eeda nh\u00f4m c\u1ecf th\u01b0\u1eddng gi\u00e1 r\u1ebb t\u1ea1i Qu\u1ea3ng Nam Tr\u1ea7n th\u1ecb. Cung c\u1ea5p h\u00e0ng ho\u00e1 uy t\u00edn ch\u1ea5t l\u01b0\u1ee3ng tham kh\u1ea3o t\u1ea1i web: tranthi.vn \u0111\u1ec3 bi\u1ebft th\u00eam chi ti\u1ebft\",\"breadcrumb\":{\"@id\":\"https:\/\/tranthi.vn\/quangnam\/cua-nhom-co-thuong-gia-re-hoi-an-tam-ky-quang-nam\/#breadcrumb\"},\"inLanguage\":\"vi\",\"potentialAction\":[{\"@type\":\"ReadAction\",\"target\":[\"https:\/\/tranthi.vn\/quangnam\/cua-nhom-co-thuong-gia-re-hoi-an-tam-ky-quang-nam\/\"]}]},{\"@type\":\"BreadcrumbList\",\"@id\":\"https:\/\/tranthi.vn\/quangnam\/cua-nhom-co-thuong-gia-re-hoi-an-tam-ky-quang-nam\/#breadcrumb\",\"itemListElement\":[{\"@type\":\"ListItem\",\"position\":1,\"name\":\"Trang ch\u1ee7\",\"item\":\"https:\/\/tranthi.vn\/quangnam\/\"},{\"@type\":\"ListItem\",\"position\":2,\"name\":\"Shop\",\"item\":\"https:\/\/tranthi.vn\/quangnam\/shop\/\"},{\"@type\":\"ListItem\",\"position\":3,\"name\":\"C\u1eeda Nh\u00f4m C\u1ecf Th\u01b0\u1eddng\"}]},{\"@type\":\"WebSite\",\"@id\":\"https:\/\/tranthi.vn\/quangnam\/#website\",\"url\":\"https:\/\/tranthi.vn\/quangnam\/\",\"name\":\"V\u1eadt Li\u1ec7u X\u00e2y D\u1ef1ng Tr\u1ea7n Th\u1ecb Chi Nh\u00e1nh Qu\u1ea3ng Nam\",\"description\":\"V\u1eadt Li\u1ec7u X\u00e2y D\u1ef1ng - Qu\u1ea3ng Nam\",\"potentialAction\":[{\"@type\":\"SearchAction\",\"target\":{\"@type\":\"EntryPoint\",\"urlTemplate\":\"https:\/\/tranthi.vn\/quangnam\/?s={search_term_string}\"},\"query-input\":\"required name=search_term_string\"}],\"inLanguage\":\"vi\"},{\"@type\":\"ImageObject\",\"inLanguage\":\"vi\",\"@id\":\"https:\/\/tranthi.vn\/quangnam\/cua-nhom-co-thuong-gia-re-hoi-an-tam-ky-quang-nam\/#local-main-organization-logo\",\"url\":\"\",\"contentUrl\":\"\",\"caption\":\"V\u1eadt Li\u1ec7u X\u00e2y D\u1ef1ng Tr\u1ea7n Th\u1ecb Chi Nh\u00e1nh Qu\u1ea3ng Nam\"}]}<\/script>\n<meta property=\"product:price:amount\" content=\"0\" \/>\n<meta property=\"product:price:currency\" content=\"VND\" \/>\n<meta property=\"og:availability\" content=\"instock\" \/>\n<meta property=\"product:availability\" content=\"instock\" \/>\n<meta property=\"product:condition\" content=\"new\" \/>\n<!-- \/ Yoast SEO Premium plugin. -->","yoast_head_json":{"title":"C\u1eeda nh\u00f4m c\u1ecf th\u01b0\u1eddng gi\u00e1 r\u1ebb t\u1ea1i Qu\u1ea3ng Nam-0947.335.871","description":"C\u1eeda nh\u00f4m c\u1ecf th\u01b0\u1eddng gi\u00e1 r\u1ebb t\u1ea1i Qu\u1ea3ng Nam Tr\u1ea7n th\u1ecb. Cung c\u1ea5p h\u00e0ng ho\u00e1 uy t\u00edn ch\u1ea5t l\u01b0\u1ee3ng tham kh\u1ea3o t\u1ea1i web: tranthi.vn \u0111\u1ec3 bi\u1ebft th\u00eam chi ti\u1ebft","robots":{"index":"index","follow":"follow","max-snippet":"max-snippet:-1","max-image-preview":"max-image-preview:large","max-video-preview":"max-video-preview:-1"},"canonical":"https:\/\/tranthi.vn\/quangnam\/cua-nhom-co-thuong-gia-re-hoi-an-tam-ky-quang-nam\/","og_locale":"vi_VN","og_type":"article","og_title":"C\u1eeda Nh\u00f4m C\u1ecf Th\u01b0\u1eddng","og_description":"C\u1eeda nh\u00f4m c\u1ecf th\u01b0\u1eddng gi\u00e1 r\u1ebb t\u1ea1i Qu\u1ea3ng Nam Tr\u1ea7n th\u1ecb. Cung c\u1ea5p h\u00e0ng ho\u00e1 uy t\u00edn ch\u1ea5t l\u01b0\u1ee3ng tham kh\u1ea3o t\u1ea1i web: tranthi.vn \u0111\u1ec3 bi\u1ebft th\u00eam chi ti\u1ebft","og_url":"https:\/\/tranthi.vn\/quangnam\/cua-nhom-co-thuong-gia-re-hoi-an-tam-ky-quang-nam\/","og_site_name":"V\u1eadt Li\u1ec7u X\u00e2y D\u1ef1ng Tr\u1ea7n Th\u1ecb Chi Nh\u00e1nh Qu\u1ea3ng Nam","article_modified_time":"2024-07-31T06:31:04+00:00","twitter_card":"summary_large_image","twitter_misc":{"Gi\u00e1":"","Kh\u1ea3 d\u1ee5ng":"Trong kho"},"schema":{"@context":"https:\/\/schema.org","@graph":[{"@type":["WebPage","ItemPage"],"@id":"https:\/\/tranthi.vn\/quangnam\/cua-nhom-co-thuong-gia-re-hoi-an-tam-ky-quang-nam\/","url":"https:\/\/tranthi.vn\/quangnam\/cua-nhom-co-thuong-gia-re-hoi-an-tam-ky-quang-nam\/","name":"C\u1eeda nh\u00f4m c\u1ecf th\u01b0\u1eddng gi\u00e1 r\u1ebb t\u1ea1i Qu\u1ea3ng Nam-0947.335.871","isPartOf":{"@id":"https:\/\/tranthi.vn\/quangnam\/#website"},"datePublished":"2024-07-24T03:33:35+00:00","dateModified":"2024-07-31T06:31:04+00:00","description":"C\u1eeda nh\u00f4m c\u1ecf th\u01b0\u1eddng gi\u00e1 r\u1ebb t\u1ea1i Qu\u1ea3ng Nam Tr\u1ea7n th\u1ecb. Cung c\u1ea5p h\u00e0ng ho\u00e1 uy t\u00edn ch\u1ea5t l\u01b0\u1ee3ng tham kh\u1ea3o t\u1ea1i web: tranthi.vn \u0111\u1ec3 bi\u1ebft th\u00eam chi ti\u1ebft","breadcrumb":{"@id":"https:\/\/tranthi.vn\/quangnam\/cua-nhom-co-thuong-gia-re-hoi-an-tam-ky-quang-nam\/#breadcrumb"},"inLanguage":"vi","potentialAction":[{"@type":"ReadAction","target":["https:\/\/tranthi.vn\/quangnam\/cua-nhom-co-thuong-gia-re-hoi-an-tam-ky-quang-nam\/"]}]},{"@type":"BreadcrumbList","@id":"https:\/\/tranthi.vn\/quangnam\/cua-nhom-co-thuong-gia-re-hoi-an-tam-ky-quang-nam\/#breadcrumb","itemListElement":[{"@type":"ListItem","position":1,"name":"Trang ch\u1ee7","item":"https:\/\/tranthi.vn\/quangnam\/"},{"@type":"ListItem","position":2,"name":"Shop","item":"https:\/\/tranthi.vn\/quangnam\/shop\/"},{"@type":"ListItem","position":3,"name":"C\u1eeda Nh\u00f4m C\u1ecf Th\u01b0\u1eddng"}]},{"@type":"WebSite","@id":"https:\/\/tranthi.vn\/quangnam\/#website","url":"https:\/\/tranthi.vn\/quangnam\/","name":"V\u1eadt Li\u1ec7u X\u00e2y D\u1ef1ng Tr\u1ea7n Th\u1ecb Chi Nh\u00e1nh Qu\u1ea3ng Nam","description":"V\u1eadt Li\u1ec7u X\u00e2y D\u1ef1ng - Qu\u1ea3ng Nam","potentialAction":[{"@type":"SearchAction","target":{"@type":"EntryPoint","urlTemplate":"https:\/\/tranthi.vn\/quangnam\/?s={search_term_string}"},"query-input":"required name=search_term_string"}],"inLanguage":"vi"},{"@type":"ImageObject","inLanguage":"vi","@id":"https:\/\/tranthi.vn\/quangnam\/cua-nhom-co-thuong-gia-re-hoi-an-tam-ky-quang-nam\/#local-main-organization-logo","url":"","contentUrl":"","caption":"V\u1eadt Li\u1ec7u X\u00e2y D\u1ef1ng Tr\u1ea7n Th\u1ecb Chi Nh\u00e1nh Qu\u1ea3ng Nam"}]},"product_price_currency":"VND","og_availability":"instock","product_availability":"instock","product_condition":"new"},"_links":{"self":[{"href":"https:\/\/tranthi.vn\/quangnam\/wp-json\/wp\/v2\/product\/7574","targetHints":{"allow":["GET"]}}],"collection":[{"href":"https:\/\/tranthi.vn\/quangnam\/wp-json\/wp\/v2\/product"}],"about":[{"href":"https:\/\/tranthi.vn\/quangnam\/wp-json\/wp\/v2\/types\/product"}],"replies":[{"embeddable":true,"href":"https:\/\/tranthi.vn\/quangnam\/wp-json\/wp\/v2\/comments?post=7574"}],"wp:attachment":[{"href":"https:\/\/tranthi.vn\/quangnam\/wp-json\/wp\/v2\/media?parent=7574"}],"wp:term":[{"taxonomy":"product_cat","embeddable":true,"href":"https:\/\/tranthi.vn\/quangnam\/wp-json\/wp\/v2\/product_cat?post=7574"},{"taxonomy":"product_tag","embeddable":true,"href":"https:\/\/tranthi.vn\/quangnam\/wp-json\/wp\/v2\/product_tag?post=7574"}],"curies":[{"name":"wp","href":"https:\/\/api.w.org\/{rel}","templated":true}]}}