{"id":7552,"date":"2024-07-19T16:30:40","date_gmt":"2024-07-19T09:30:40","guid":{"rendered":"https:\/\/tranthi.vn\/quangnam\/?post_type=product&#038;p=7552"},"modified":"2024-11-18T14:42:07","modified_gmt":"2024-11-18T07:42:07","slug":"mau-da-granite-hoa-cuong-hoi-an-tam-ky-quang-nam","status":"publish","type":"product","link":"https:\/\/tranthi.vn\/quangnam\/mau-da-granite-hoa-cuong-hoi-an-tam-ky-quang-nam\/","title":{"rendered":"M\u1eabu \u0110\u00e1 Granite Hoa C\u01b0\u01a1ng"},"content":{"rendered":"<h1 style=\"text-align: center;\"><span style=\"font-size: 150%;\"><span style=\"font-family: 'times new roman', times, serif;\">M\u1eabu \u0110\u00e1 Granite Hoa C\u01b0\u01a1ng Qu\u1ea3ng Nam<\/span><\/span><\/h1>\n<h1><strong><span style=\"font-family: 'times new roman', times, serif; font-size: 130%;\">M\u1eabu \u0110\u00e1 Granite Hoa C\u01b0\u01a1ng-S\u1ef1 L\u1ef1a Ch\u1ecdn Ho\u00e0n H\u1ea3o Cho M\u1ecdi C\u00f4ng Tr\u00ecnh<\/span><\/strong><\/h1>\n<h3><span style=\"font-family: 'times new roman', times, serif; font-size: 130%;\">\u0110\u00e1 granite hoa c\u01b0\u01a1ng t\u1eeb l\u00e2u \u0111\u00e3 \u0111\u01b0\u1ee3c bi\u1ebft \u0111\u1ebfn l\u00e0 v\u1eadt li\u1ec7u x\u00e2y d\u1ef1ng cao c\u1ea5p, mang l\u1ea1i v\u1ebb \u0111\u1eb9p sang tr\u1ecdng v\u00e0 \u0111\u1ed9 b\u1ec1n v\u01b0\u1ee3t tr\u1ed9i. T\u1ea1i<a href=\"https:\/\/vi.wikipedia.org\/wiki\/Qu%E1%BA%A3ng_Nam\"><strong><em> Qu\u1ea3ng Nam<\/em><\/strong><\/a>, nhu c\u1ea7u s\u1eed d\u1ee5ng \u0111\u00e1 granite hoa c\u01b0\u01a1ng ng\u00e0y c\u00e0ng t\u0103ng cao, \u0111\u1eb7c bi\u1ec7t l\u00e0 c\u00e1c m\u1eabu \u0111\u00e1 granite hoa c\u01b0\u01a1ng gi\u00e1 r\u1ebb, ph\u00f9 h\u1ee3p v\u1edbi ng\u00e2n s\u00e1ch c\u1ee7a nhi\u1ec1u d\u1ef1 \u00e1n x\u00e2y d\u1ef1ng v\u00e0 c\u1ea3i t\u1ea1o n\u1ed9i th\u1ea5t.\u00a0<\/span><\/h3>\n<figure id=\"attachment_7854\" aria-describedby=\"caption-attachment-7854\" style=\"width: 300px\" class=\"wp-caption aligncenter\"><img loading=\"lazy\" decoding=\"async\" class=\"size-full wp-image-7854\" src=\"https:\/\/tranthi.vn\/quangnam\/wp-content\/uploads\/2024\/07\/da-granite-hoa-cuong-cau-thang-tai-tam-ky-hoi-an-quang-nam.png\" alt=\"\u0111\u00e1 granite hoa c\u01b0\u01a1ng c\u1ea7u thang t\u1ea1i tam k\u1ef3- h\u1ed9i an- qu\u1ea3ng nam\" width=\"300\" height=\"300\" srcset=\"https:\/\/tranthi.vn\/quangnam\/wp-content\/uploads\/2024\/07\/da-granite-hoa-cuong-cau-thang-tai-tam-ky-hoi-an-quang-nam.png 300w, https:\/\/tranthi.vn\/quangnam\/wp-content\/uploads\/2024\/07\/da-granite-hoa-cuong-cau-thang-tai-tam-ky-hoi-an-quang-nam-100x100.png 100w\" sizes=\"auto, (max-width: 300px) 100vw, 300px\" \/><figcaption id=\"caption-attachment-7854\" class=\"wp-caption-text\">\u0111\u00e1 granite hoa c\u01b0\u01a1ng c\u1ea7u thang t\u1ea1i tam k\u1ef3- h\u1ed9i an- qu\u1ea3ng nam<\/figcaption><\/figure>\n<h1><strong><span style=\"font-family: 'times new roman', times, serif; font-size: 130%;\">1. \u0110\u00e1 granite hoa c\u01b0\u01a1ng l\u00e0 g\u00ec?<\/span><\/strong><\/h1>\n<h3><span style=\"font-family: 'times new roman', times, serif; font-size: 130%;\">\u0110\u00e1 granite hoa c\u01b0\u01a1ng l\u00e0 lo\u1ea1i \u0111\u00e1 t\u1ef1 nhi\u00ean \u0111\u01b0\u1ee3c h\u00ecnh th\u00e0nh t\u1eeb qu\u00e1 tr\u00ecnh l\u00e0m m\u00e1t ch\u1eadm c\u1ee7a magma d\u01b0\u1edbi l\u00f2ng \u0111\u1ea5t. \u0110\u00e1 c\u00f3 c\u1ea5u tr\u00fac h\u1ea1t tinh th\u1ec3, \u0111\u1ed9 c\u1ee9ng cao v\u00e0 kh\u1ea3 n\u0103ng ch\u1ecbu l\u1ef1c t\u1ed1t, l\u00e0m cho n\u00f3 tr\u1edf th\u00e0nh v\u1eadt li\u1ec7u l\u00fd t\u01b0\u1edfng cho nhi\u1ec1u \u1ee9ng d\u1ee5ng trong x\u00e2y d\u1ef1ng nh\u01b0 l\u00e1t s\u00e0n, \u1ed1p t\u01b0\u1eddng, b\u1eadc c\u1ea7u thang, b\u00e0n b\u1ebfp v\u00e0 c\u00e1c c\u00f4ng tr\u00ecnh ngo\u1ea1i th\u1ea5t.<\/span><\/h3>\n<p style=\"text-align: center;\"><iframe loading=\"lazy\" src=\"\/\/www.youtube.com\/embed\/M_krMKwsUUc\" width=\"560\" height=\"314\" allowfullscreen=\"allowfullscreen\"><\/iframe><\/p>\n<h1><strong><span style=\"font-family: 'times new roman', times, serif; font-size: 130%;\">2. C\u00e1c m\u1eabu \u0111\u00e1 granite hoa c\u01b0\u01a1ng gi\u00e1 r\u1ebb\u00a0<\/span><\/strong><\/h1>\n<h3><span style=\"font-family: 'times new roman', times, serif; font-size: 130%;\">T\u1ea1i <a href=\"https:\/\/vi.wikipedia.org\/wiki\/Qu%E1%BA%A3ng_Nam\"><em>Qu\u1ea3ng Nam<\/em><\/a>, c\u00f3 nhi\u1ec1u m\u1eabu \u0111\u00e1 granite hoa c\u01b0\u01a1ng gi\u00e1 r\u1ebb m\u00e0 b\u1ea1n c\u00f3 th\u1ec3 l\u1ef1a ch\u1ecdn:<\/span><\/h3>\n<ul>\n<li>\n<h3><span style=\"font-family: 'times new roman', times, serif; font-size: 130%;\">\u0110\u00e1 granite \u0111en kim sa: V\u1edbi m\u00e0u \u0111en b\u00f3ng v\u00e0 c\u00e1c h\u1ea1t l\u1ea5p l\u00e1nh, \u0111\u00e1 granite \u0111en kim sa mang l\u1ea1i v\u1ebb \u0111\u1eb9p sang tr\u1ecdng v\u00e0 hi\u1ec7n \u0111\u1ea1i. \u0110\u00e2y l\u00e0 m\u1ed9t trong nh\u1eefng m\u1eabu \u0111\u00e1 \u0111\u01b0\u1ee3c \u01b0a chu\u1ed9ng nh\u1edd v\u00e0o gi\u00e1 th\u00e0nh ph\u1ea3i ch\u0103ng v\u00e0 t\u00ednh th\u1ea9m m\u1ef9 cao.<\/span><\/h3>\n<\/li>\n<li>\n<h3><span style=\"font-family: 'times new roman', times, serif; font-size: 130%;\">\u0110\u00e1 granite tr\u1eafng su\u1ed1i lau: M\u1eabu \u0111\u00e1 n\u00e0y c\u00f3 m\u00e0u tr\u1eafng tinh khi\u1ebft v\u1edbi c\u00e1c v\u00e2n x\u00e1m nh\u1eb9, t\u1ea1o c\u1ea3m gi\u00e1c thanh l\u1ecbch v\u00e0 tinh t\u1ebf. \u0110\u00e1 granite tr\u1eafng su\u1ed1i lau th\u00edch h\u1ee3p cho c\u00e1c kh\u00f4ng gian n\u1ed9i th\u1ea5t c\u1ea7n s\u1ef1 t\u01b0\u01a1i s\u00e1ng v\u00e0 r\u1ed9ng r\u00e3i.<\/span><\/h3>\n<\/li>\n<li>\n<h3><span style=\"font-family: 'times new roman', times, serif; font-size: 130%;\">\u0110\u00e1 granite \u0111\u1ecf B\u00ecnh \u0110\u1ecbnh: \u0110\u01b0\u1ee3c khai th\u00e1c t\u1eeb c\u00e1c m\u1ecf \u0111\u00e1 t\u1ea1i B\u00ecnh \u0110\u1ecbnh, m\u1eabu \u0111\u00e1 n\u00e0y c\u00f3 m\u00e0u \u0111\u1ecf t\u01b0\u01a1i s\u00e1ng v\u00e0 b\u1ec1n v\u1eefng. \u0110\u00e1 granite \u0111\u1ecf B\u00ecnh \u0110\u1ecbnh kh\u00f4ng ch\u1ec9 c\u00f3 gi\u00e1 th\u00e0nh h\u1ee3p l\u00fd m\u00e0 c\u00f2n mang l\u1ea1i n\u00e9t \u0111\u1eb9p \u0111\u1ed9c \u0111\u00e1o cho c\u00e1c c\u00f4ng tr\u00ecnh.<\/span><\/h3>\n<\/li>\n<li>\n<h3><span style=\"font-family: 'times new roman', times, serif; font-size: 130%;\">\u0110\u00e1 granite v\u00e0ng B\u00ecnh \u0110\u1ecbnh: V\u1edbi m\u00e0u v\u00e0ng \u1ea5m \u00e1p v\u00e0 hoa v\u0103n t\u1ef1 nhi\u00ean, \u0111\u00e1 granite v\u00e0ng B\u00ecnh \u0110\u1ecbnh l\u00e0 l\u1ef1a ch\u1ecdn ho\u00e0n h\u1ea3o cho c\u00e1c c\u00f4ng tr\u00ecnh c\u1ea7n s\u1ef1 n\u1ed5i b\u1eadt v\u00e0 \u1ea5m c\u00fang.<\/span><\/h3>\n<\/li>\n<li>\n<figure id=\"attachment_7855\" aria-describedby=\"caption-attachment-7855\" style=\"width: 300px\" class=\"wp-caption alignnone\"><img loading=\"lazy\" decoding=\"async\" class=\"wp-image-7855 size-full\" src=\"https:\/\/tranthi.vn\/quangnam\/wp-content\/uploads\/2024\/07\/da-grannit-hoa-cuong-tai-tam-ky-hoi-an-quang-nam.png\" alt=\"\u0111\u00e1 grannit hoa c\u01b0\u01a1ng t\u1ea1i tam k\u1ef3- h\u1ed9i an- qu\u1ea3ng nam\" width=\"300\" height=\"300\" srcset=\"https:\/\/tranthi.vn\/quangnam\/wp-content\/uploads\/2024\/07\/da-grannit-hoa-cuong-tai-tam-ky-hoi-an-quang-nam.png 300w, https:\/\/tranthi.vn\/quangnam\/wp-content\/uploads\/2024\/07\/da-grannit-hoa-cuong-tai-tam-ky-hoi-an-quang-nam-100x100.png 100w\" sizes=\"auto, (max-width: 300px) 100vw, 300px\" \/><figcaption id=\"caption-attachment-7855\" class=\"wp-caption-text\">\u0111\u00e1 grannit hoa c\u01b0\u01a1ng t\u1ea1i tam k\u1ef3- h\u1ed9i an- qu\u1ea3ng nam<\/figcaption><\/figure><\/li>\n<\/ul>\n<h1><strong><span style=\"font-family: 'times new roman', times, serif; font-size: 130%;\">3. \u01afu \u0111i\u1ec3m c\u1ee7a \u0111\u00e1 granite hoa c\u01b0\u01a1ng gi\u00e1 r\u1ebb<\/span><\/strong><\/h1>\n<ul>\n<li>\n<h3><span style=\"font-family: 'times new roman', times, serif; font-size: 130%;\">\u0110\u1ed9 b\u1ec1n cao: \u0110\u00e1 granite c\u00f3 \u0111\u1ed9 c\u1ee9ng v\u00e0 kh\u1ea3 n\u0103ng ch\u1ecbu l\u1ef1c t\u1ed1t, \u00edt b\u1ecb tr\u1ea7y x\u01b0\u1edbc v\u00e0 ch\u1ecbu \u0111\u01b0\u1ee3c c\u00e1c t\u00e1c \u0111\u1ed9ng m\u1ea1nh, gi\u00fap c\u00f4ng tr\u00ecnh b\u1ec1n v\u1eefng v\u1edbi th\u1eddi gian.<\/span><\/h3>\n<\/li>\n<li>\n<h3><span style=\"font-family: 'times new roman', times, serif; font-size: 130%;\">D\u1ec5 b\u1ea3o d\u01b0\u1ee1ng: B\u1ec1 m\u1eb7t \u0111\u00e1 granite \u00edt th\u1ea5m n\u01b0\u1edbc v\u00e0 d\u1ec5 d\u00e0ng lau ch\u00f9i, gi\u00fap duy tr\u00ec v\u1ebb \u0111\u1eb9p t\u1ef1 nhi\u00ean v\u00e0 s\u1ea1ch s\u1ebd cho kh\u00f4ng gian s\u1eed d\u1ee5ng.<\/span><\/h3>\n<\/li>\n<li>\n<h3><span style=\"font-family: 'times new roman', times, serif; font-size: 130%;\">T\u00ednh th\u1ea9m m\u1ef9 cao: \u0110\u00e1 granite c\u00f3 nhi\u1ec1u m\u00e0u s\u1eafc v\u00e0 hoa v\u0103n t\u1ef1 nhi\u00ean, mang l\u1ea1i v\u1ebb \u0111\u1eb9p sang tr\u1ecdng v\u00e0 \u0111a d\u1ea1ng cho m\u1ecdi phong c\u00e1ch thi\u1ebft k\u1ebf.<\/span><\/h3>\n<\/li>\n<li>\n<h3><span style=\"font-family: 'times new roman', times, serif; font-size: 130%;\">Gi\u00e1 c\u1ea3 h\u1ee3p l\u00fd: V\u1edbi s\u1ef1 \u0111a d\u1ea1ng v\u1ec1 ch\u1ee7ng lo\u1ea1i v\u00e0 ngu\u1ed3n g\u1ed1c, \u0111\u00e1 granite hoa c\u01b0\u01a1ng gi\u00e1 r\u1ebb t\u1ea1i \u0110\u00e0 N\u1eb5ng mang l\u1ea1i nhi\u1ec1u l\u1ef1a ch\u1ecdn ph\u00f9 h\u1ee3p v\u1edbi ng\u00e2n s\u00e1ch c\u1ee7a c\u00e1c d\u1ef1 \u00e1n x\u00e2y d\u1ef1ng.<\/span><\/h3>\n<\/li>\n<\/ul>\n<p style=\"text-align: center;\"><iframe loading=\"lazy\" src=\"\/\/www.youtube.com\/embed\/emn0i3dTbMQ\" width=\"560\" height=\"314\" allowfullscreen=\"allowfullscreen\"><\/iframe><\/p>\n<h1><strong><span style=\"font-family: 'times new roman', times, serif; font-size: 130%;\">4. L\u00fd do n\u00ean ch\u1ecdn \u0111\u00e1 granite hoa c\u01b0\u01a1ng gi\u00e1 r\u1ebb\u00a0<\/span><\/strong><\/h1>\n<ul>\n<li>\n<h3><span style=\"font-family: 'times new roman', times, serif; font-size: 130%;\">Ngu\u1ed3n cung d\u1ed3i d\u00e0o: <em><a href=\"https:\/\/vi.wikipedia.org\/wiki\/Qu%E1%BA%A3ng_Nam\">Qu\u1ea3ng Nam<\/a><\/em> l\u00e0 trung t\u00e2m th\u01b0\u01a1ng m\u1ea1i l\u1edbn v\u1edbi nhi\u1ec1u nh\u00e0 cung c\u1ea5p \u0111\u00e1 granite uy t\u00edn, \u0111\u1ea3m b\u1ea3o ch\u1ea5t l\u01b0\u1ee3ng v\u00e0 s\u1ed1 l\u01b0\u1ee3ng s\u1ea3n ph\u1ea9m.<\/span><\/h3>\n<\/li>\n<li>\n<h3><span style=\"font-family: 'times new roman', times, serif; font-size: 130%;\">D\u1ecbch v\u1ee5 chuy\u00ean nghi\u1ec7p: C\u00e1c nh\u00e0 cung c\u1ea5p t\u1ea1i \u0111\u00e2y cung c\u1ea5p d\u1ecbch v\u1ee5 t\u01b0 v\u1ea5n, l\u1eafp \u0111\u1eb7t v\u00e0 b\u1ea3o d\u01b0\u1ee1ng chuy\u00ean nghi\u1ec7p, gi\u00fap b\u1ea1n y\u00ean t\u00e2m trong qu\u00e1 tr\u00ecnh s\u1eed d\u1ee5ng.<\/span><\/h3>\n<\/li>\n<li>\n<h3><span style=\"font-family: 'times new roman', times, serif; font-size: 130%;\">Gi\u00e1 th\u00e0nh c\u1ea1nh tranh: Nh\u1edd v\u00e0o s\u1ef1 c\u1ea1nh tranh gi\u1eefa c\u00e1c nh\u00e0 cung c\u1ea5p, b\u1ea1n c\u00f3 th\u1ec3 d\u1ec5 d\u00e0ng t\u00ecm \u0111\u01b0\u1ee3c m\u1eabu \u0111\u00e1 granite hoa c\u01b0\u01a1ng gi\u00e1 r\u1ebb, ph\u00f9 h\u1ee3p v\u1edbi ng\u00e2n s\u00e1ch c\u1ee7a m\u00ecnh.<\/span><\/h3>\n<\/li>\n<\/ul>\n","protected":false},"excerpt":{"rendered":"<p>M\u1eabu \u0110\u00e1 Granite Hoa C\u01b0\u01a1ng Qu\u1ea3ng Nam M\u1eabu \u0110\u00e1 Granite Hoa C\u01b0\u01a1ng-S\u1ef1 L\u1ef1a Ch\u1ecdn Ho\u00e0n H\u1ea3o Cho M\u1ecdi C\u00f4ng Tr\u00ecnh \u0110\u00e1 granite hoa c\u01b0\u01a1ng t\u1eeb l\u00e2u \u0111\u00e3 \u0111\u01b0\u1ee3c bi\u1ebft \u0111\u1ebfn l\u00e0 v\u1eadt li\u1ec7u x\u00e2y d\u1ef1ng cao c\u1ea5p, mang l\u1ea1i v\u1ebb \u0111\u1eb9p sang tr\u1ecdng v\u00e0 \u0111\u1ed9 b\u1ec1n v\u01b0\u1ee3t tr\u1ed9i. T\u1ea1i Qu\u1ea3ng Nam, nhu c\u1ea7u s\u1eed d\u1ee5ng [&#8230;]\n","protected":false},"featured_media":0,"comment_status":"closed","ping_status":"closed","template":"","meta":[],"product_cat":[256],"product_tag":[454],"class_list":{"0":"post-7552","1":"product","2":"type-product","3":"status-publish","5":"product_cat-gach-op-lat","6":"product_tag-gia-mau-da-hoa-cuong-granite-tai-da-nang","8":"first","9":"instock","10":"shipping-taxable","11":"product-type-simple"},"yoast_head":"<!-- This site is optimized with the Yoast SEO Premium plugin v22.3 (Yoast SEO v22.8) - https:\/\/yoast.com\/wordpress\/plugins\/seo\/ -->\n<title>Gi\u00e1 m\u1eabu \u0111\u00e1 hoa c\u01b0\u01a1ng granite t\u1ea1i Qu\u1ea3ng Nam-0947.335.871<\/title>\n<meta name=\"description\" content=\"Gi\u00e1 m\u1eabu \u0111\u00e1 hoa c\u01b0\u01a1ng granite t\u1ea1i Qu\u1ea3ng Nam-0947.335.871 Tr\u1ea7n th\u1ecb. Cung c\u1ea5p h\u00e0ng ho\u00e1 uy t\u00edn ch\u1ea5t l\u01b0\u1ee3ng tham kh\u1ea3o t\u1ea1i web: tranthi.vn \u0111\u1ec3 bi\u1ebft th\u00eam chi ti\u1ebft\" \/>\n<meta name=\"robots\" content=\"index, follow, max-snippet:-1, max-image-preview:large, max-video-preview:-1\" \/>\n<link rel=\"canonical\" href=\"https:\/\/tranthi.vn\/quangnam\/mau-da-granite-hoa-cuong-hoi-an-tam-ky-quang-nam\/\" \/>\n<meta property=\"og:locale\" content=\"vi_VN\" \/>\n<meta property=\"og:type\" content=\"article\" \/>\n<meta property=\"og:title\" content=\"M\u1eabu \u0110\u00e1 Granite Hoa C\u01b0\u01a1ng\" \/>\n<meta property=\"og:description\" content=\"Gi\u00e1 m\u1eabu \u0111\u00e1 hoa c\u01b0\u01a1ng granite t\u1ea1i Qu\u1ea3ng Nam-0947.335.871 Tr\u1ea7n th\u1ecb. Cung c\u1ea5p h\u00e0ng ho\u00e1 uy t\u00edn ch\u1ea5t l\u01b0\u1ee3ng tham kh\u1ea3o t\u1ea1i web: tranthi.vn \u0111\u1ec3 bi\u1ebft th\u00eam chi ti\u1ebft\" \/>\n<meta property=\"og:url\" content=\"https:\/\/tranthi.vn\/quangnam\/mau-da-granite-hoa-cuong-hoi-an-tam-ky-quang-nam\/\" \/>\n<meta property=\"og:site_name\" content=\"V\u1eadt Li\u1ec7u X\u00e2y D\u1ef1ng Tr\u1ea7n Th\u1ecb Chi Nh\u00e1nh Qu\u1ea3ng Nam\" \/>\n<meta property=\"article:modified_time\" content=\"2024-11-18T07:42:07+00:00\" \/>\n<meta property=\"og:image\" content=\"https:\/\/tranthi.vn\/quangnam\/wp-content\/uploads\/2024\/07\/da-granite-hoa-cuong-cau-thang-tai-tam-ky-hoi-an-quang-nam.png\" \/>\n<meta name=\"twitter:card\" content=\"summary_large_image\" \/>\n<meta name=\"twitter:label1\" content=\"Gi\u00e1\" \/>\n\t<meta name=\"twitter:data1\" content=\"\" \/>\n\t<meta name=\"twitter:label2\" content=\"Kh\u1ea3 d\u1ee5ng\" \/>\n\t<meta name=\"twitter:data2\" content=\"Trong kho\" \/>\n<script type=\"application\/ld+json\" class=\"yoast-schema-graph\">{\"@context\":\"https:\/\/schema.org\",\"@graph\":[{\"@type\":[\"WebPage\",\"ItemPage\"],\"@id\":\"https:\/\/tranthi.vn\/quangnam\/mau-da-granite-hoa-cuong-hoi-an-tam-ky-quang-nam\/\",\"url\":\"https:\/\/tranthi.vn\/quangnam\/mau-da-granite-hoa-cuong-hoi-an-tam-ky-quang-nam\/\",\"name\":\"Gi\u00e1 m\u1eabu \u0111\u00e1 hoa c\u01b0\u01a1ng granite t\u1ea1i Qu\u1ea3ng Nam-0947.335.871\",\"isPartOf\":{\"@id\":\"https:\/\/tranthi.vn\/quangnam\/#website\"},\"primaryImageOfPage\":{\"@id\":\"https:\/\/tranthi.vn\/quangnam\/mau-da-granite-hoa-cuong-hoi-an-tam-ky-quang-nam\/#primaryimage\"},\"image\":{\"@id\":\"https:\/\/tranthi.vn\/quangnam\/mau-da-granite-hoa-cuong-hoi-an-tam-ky-quang-nam\/#primaryimage\"},\"thumbnailUrl\":\"https:\/\/tranthi.vn\/quangnam\/wp-content\/uploads\/2024\/07\/da-granite-hoa-cuong-cau-thang-tai-tam-ky-hoi-an-quang-nam.png\",\"datePublished\":\"2024-07-19T09:30:40+00:00\",\"dateModified\":\"2024-11-18T07:42:07+00:00\",\"description\":\"Gi\u00e1 m\u1eabu \u0111\u00e1 hoa c\u01b0\u01a1ng granite t\u1ea1i Qu\u1ea3ng Nam-0947.335.871 Tr\u1ea7n th\u1ecb. Cung c\u1ea5p h\u00e0ng ho\u00e1 uy t\u00edn ch\u1ea5t l\u01b0\u1ee3ng tham kh\u1ea3o t\u1ea1i web: tranthi.vn \u0111\u1ec3 bi\u1ebft th\u00eam chi ti\u1ebft\",\"breadcrumb\":{\"@id\":\"https:\/\/tranthi.vn\/quangnam\/mau-da-granite-hoa-cuong-hoi-an-tam-ky-quang-nam\/#breadcrumb\"},\"inLanguage\":\"vi\",\"potentialAction\":[{\"@type\":\"ReadAction\",\"target\":[\"https:\/\/tranthi.vn\/quangnam\/mau-da-granite-hoa-cuong-hoi-an-tam-ky-quang-nam\/\"]}]},{\"@type\":\"ImageObject\",\"inLanguage\":\"vi\",\"@id\":\"https:\/\/tranthi.vn\/quangnam\/mau-da-granite-hoa-cuong-hoi-an-tam-ky-quang-nam\/#primaryimage\",\"url\":\"https:\/\/tranthi.vn\/quangnam\/wp-content\/uploads\/2024\/07\/da-granite-hoa-cuong-cau-thang-tai-tam-ky-hoi-an-quang-nam.png\",\"contentUrl\":\"https:\/\/tranthi.vn\/quangnam\/wp-content\/uploads\/2024\/07\/da-granite-hoa-cuong-cau-thang-tai-tam-ky-hoi-an-quang-nam.png\",\"width\":300,\"height\":300,\"caption\":\"\u0111\u00e1 granite hoa c\u01b0\u01a1ng c\u1ea7u thang t\u1ea1i tam k\u1ef3- h\u1ed9i an- qu\u1ea3ng nam\"},{\"@type\":\"BreadcrumbList\",\"@id\":\"https:\/\/tranthi.vn\/quangnam\/mau-da-granite-hoa-cuong-hoi-an-tam-ky-quang-nam\/#breadcrumb\",\"itemListElement\":[{\"@type\":\"ListItem\",\"position\":1,\"name\":\"Trang ch\u1ee7\",\"item\":\"https:\/\/tranthi.vn\/quangnam\/\"},{\"@type\":\"ListItem\",\"position\":2,\"name\":\"Shop\",\"item\":\"https:\/\/tranthi.vn\/quangnam\/shop\/\"},{\"@type\":\"ListItem\",\"position\":3,\"name\":\"M\u1eabu \u0110\u00e1 Granite Hoa C\u01b0\u01a1ng\"}]},{\"@type\":\"WebSite\",\"@id\":\"https:\/\/tranthi.vn\/quangnam\/#website\",\"url\":\"https:\/\/tranthi.vn\/quangnam\/\",\"name\":\"V\u1eadt Li\u1ec7u X\u00e2y D\u1ef1ng Tr\u1ea7n Th\u1ecb Chi Nh\u00e1nh Qu\u1ea3ng Nam\",\"description\":\"V\u1eadt Li\u1ec7u X\u00e2y D\u1ef1ng - Qu\u1ea3ng Nam\",\"potentialAction\":[{\"@type\":\"SearchAction\",\"target\":{\"@type\":\"EntryPoint\",\"urlTemplate\":\"https:\/\/tranthi.vn\/quangnam\/?s={search_term_string}\"},\"query-input\":\"required name=search_term_string\"}],\"inLanguage\":\"vi\"},{\"@type\":\"ImageObject\",\"inLanguage\":\"vi\",\"@id\":\"https:\/\/tranthi.vn\/quangnam\/mau-da-granite-hoa-cuong-hoi-an-tam-ky-quang-nam\/#local-main-organization-logo\",\"url\":\"\",\"contentUrl\":\"\",\"caption\":\"V\u1eadt Li\u1ec7u X\u00e2y D\u1ef1ng Tr\u1ea7n Th\u1ecb Chi Nh\u00e1nh Qu\u1ea3ng Nam\"}]}<\/script>\n<meta property=\"product:price:amount\" content=\"0\" \/>\n<meta property=\"product:price:currency\" content=\"VND\" \/>\n<meta property=\"og:availability\" content=\"instock\" \/>\n<meta property=\"product:availability\" content=\"instock\" \/>\n<meta property=\"product:condition\" content=\"new\" \/>\n<!-- \/ Yoast SEO Premium plugin. -->","yoast_head_json":{"title":"Gi\u00e1 m\u1eabu \u0111\u00e1 hoa c\u01b0\u01a1ng granite t\u1ea1i Qu\u1ea3ng Nam-0947.335.871","description":"Gi\u00e1 m\u1eabu \u0111\u00e1 hoa c\u01b0\u01a1ng granite t\u1ea1i Qu\u1ea3ng Nam-0947.335.871 Tr\u1ea7n th\u1ecb. Cung c\u1ea5p h\u00e0ng ho\u00e1 uy t\u00edn ch\u1ea5t l\u01b0\u1ee3ng tham kh\u1ea3o t\u1ea1i web: tranthi.vn \u0111\u1ec3 bi\u1ebft th\u00eam chi ti\u1ebft","robots":{"index":"index","follow":"follow","max-snippet":"max-snippet:-1","max-image-preview":"max-image-preview:large","max-video-preview":"max-video-preview:-1"},"canonical":"https:\/\/tranthi.vn\/quangnam\/mau-da-granite-hoa-cuong-hoi-an-tam-ky-quang-nam\/","og_locale":"vi_VN","og_type":"article","og_title":"M\u1eabu \u0110\u00e1 Granite Hoa C\u01b0\u01a1ng","og_description":"Gi\u00e1 m\u1eabu \u0111\u00e1 hoa c\u01b0\u01a1ng granite t\u1ea1i Qu\u1ea3ng Nam-0947.335.871 Tr\u1ea7n th\u1ecb. Cung c\u1ea5p h\u00e0ng ho\u00e1 uy t\u00edn ch\u1ea5t l\u01b0\u1ee3ng tham kh\u1ea3o t\u1ea1i web: tranthi.vn \u0111\u1ec3 bi\u1ebft th\u00eam chi ti\u1ebft","og_url":"https:\/\/tranthi.vn\/quangnam\/mau-da-granite-hoa-cuong-hoi-an-tam-ky-quang-nam\/","og_site_name":"V\u1eadt Li\u1ec7u X\u00e2y D\u1ef1ng Tr\u1ea7n Th\u1ecb Chi Nh\u00e1nh Qu\u1ea3ng Nam","article_modified_time":"2024-11-18T07:42:07+00:00","og_image":[{"url":"https:\/\/tranthi.vn\/quangnam\/wp-content\/uploads\/2024\/07\/da-granite-hoa-cuong-cau-thang-tai-tam-ky-hoi-an-quang-nam.png"}],"twitter_card":"summary_large_image","twitter_misc":{"Gi\u00e1":"","Kh\u1ea3 d\u1ee5ng":"Trong kho"},"schema":{"@context":"https:\/\/schema.org","@graph":[{"@type":["WebPage","ItemPage"],"@id":"https:\/\/tranthi.vn\/quangnam\/mau-da-granite-hoa-cuong-hoi-an-tam-ky-quang-nam\/","url":"https:\/\/tranthi.vn\/quangnam\/mau-da-granite-hoa-cuong-hoi-an-tam-ky-quang-nam\/","name":"Gi\u00e1 m\u1eabu \u0111\u00e1 hoa c\u01b0\u01a1ng granite t\u1ea1i Qu\u1ea3ng Nam-0947.335.871","isPartOf":{"@id":"https:\/\/tranthi.vn\/quangnam\/#website"},"primaryImageOfPage":{"@id":"https:\/\/tranthi.vn\/quangnam\/mau-da-granite-hoa-cuong-hoi-an-tam-ky-quang-nam\/#primaryimage"},"image":{"@id":"https:\/\/tranthi.vn\/quangnam\/mau-da-granite-hoa-cuong-hoi-an-tam-ky-quang-nam\/#primaryimage"},"thumbnailUrl":"https:\/\/tranthi.vn\/quangnam\/wp-content\/uploads\/2024\/07\/da-granite-hoa-cuong-cau-thang-tai-tam-ky-hoi-an-quang-nam.png","datePublished":"2024-07-19T09:30:40+00:00","dateModified":"2024-11-18T07:42:07+00:00","description":"Gi\u00e1 m\u1eabu \u0111\u00e1 hoa c\u01b0\u01a1ng granite t\u1ea1i Qu\u1ea3ng Nam-0947.335.871 Tr\u1ea7n th\u1ecb. Cung c\u1ea5p h\u00e0ng ho\u00e1 uy t\u00edn ch\u1ea5t l\u01b0\u1ee3ng tham kh\u1ea3o t\u1ea1i web: tranthi.vn \u0111\u1ec3 bi\u1ebft th\u00eam chi ti\u1ebft","breadcrumb":{"@id":"https:\/\/tranthi.vn\/quangnam\/mau-da-granite-hoa-cuong-hoi-an-tam-ky-quang-nam\/#breadcrumb"},"inLanguage":"vi","potentialAction":[{"@type":"ReadAction","target":["https:\/\/tranthi.vn\/quangnam\/mau-da-granite-hoa-cuong-hoi-an-tam-ky-quang-nam\/"]}]},{"@type":"ImageObject","inLanguage":"vi","@id":"https:\/\/tranthi.vn\/quangnam\/mau-da-granite-hoa-cuong-hoi-an-tam-ky-quang-nam\/#primaryimage","url":"https:\/\/tranthi.vn\/quangnam\/wp-content\/uploads\/2024\/07\/da-granite-hoa-cuong-cau-thang-tai-tam-ky-hoi-an-quang-nam.png","contentUrl":"https:\/\/tranthi.vn\/quangnam\/wp-content\/uploads\/2024\/07\/da-granite-hoa-cuong-cau-thang-tai-tam-ky-hoi-an-quang-nam.png","width":300,"height":300,"caption":"\u0111\u00e1 granite hoa c\u01b0\u01a1ng c\u1ea7u thang t\u1ea1i tam k\u1ef3- h\u1ed9i an- qu\u1ea3ng nam"},{"@type":"BreadcrumbList","@id":"https:\/\/tranthi.vn\/quangnam\/mau-da-granite-hoa-cuong-hoi-an-tam-ky-quang-nam\/#breadcrumb","itemListElement":[{"@type":"ListItem","position":1,"name":"Trang ch\u1ee7","item":"https:\/\/tranthi.vn\/quangnam\/"},{"@type":"ListItem","position":2,"name":"Shop","item":"https:\/\/tranthi.vn\/quangnam\/shop\/"},{"@type":"ListItem","position":3,"name":"M\u1eabu \u0110\u00e1 Granite Hoa C\u01b0\u01a1ng"}]},{"@type":"WebSite","@id":"https:\/\/tranthi.vn\/quangnam\/#website","url":"https:\/\/tranthi.vn\/quangnam\/","name":"V\u1eadt Li\u1ec7u X\u00e2y D\u1ef1ng Tr\u1ea7n Th\u1ecb Chi Nh\u00e1nh Qu\u1ea3ng Nam","description":"V\u1eadt Li\u1ec7u X\u00e2y D\u1ef1ng - Qu\u1ea3ng Nam","potentialAction":[{"@type":"SearchAction","target":{"@type":"EntryPoint","urlTemplate":"https:\/\/tranthi.vn\/quangnam\/?s={search_term_string}"},"query-input":"required name=search_term_string"}],"inLanguage":"vi"},{"@type":"ImageObject","inLanguage":"vi","@id":"https:\/\/tranthi.vn\/quangnam\/mau-da-granite-hoa-cuong-hoi-an-tam-ky-quang-nam\/#local-main-organization-logo","url":"","contentUrl":"","caption":"V\u1eadt Li\u1ec7u X\u00e2y D\u1ef1ng Tr\u1ea7n Th\u1ecb Chi Nh\u00e1nh Qu\u1ea3ng Nam"}]},"product_price_currency":"VND","og_availability":"instock","product_availability":"instock","product_condition":"new"},"_links":{"self":[{"href":"https:\/\/tranthi.vn\/quangnam\/wp-json\/wp\/v2\/product\/7552","targetHints":{"allow":["GET"]}}],"collection":[{"href":"https:\/\/tranthi.vn\/quangnam\/wp-json\/wp\/v2\/product"}],"about":[{"href":"https:\/\/tranthi.vn\/quangnam\/wp-json\/wp\/v2\/types\/product"}],"replies":[{"embeddable":true,"href":"https:\/\/tranthi.vn\/quangnam\/wp-json\/wp\/v2\/comments?post=7552"}],"wp:attachment":[{"href":"https:\/\/tranthi.vn\/quangnam\/wp-json\/wp\/v2\/media?parent=7552"}],"wp:term":[{"taxonomy":"product_cat","embeddable":true,"href":"https:\/\/tranthi.vn\/quangnam\/wp-json\/wp\/v2\/product_cat?post=7552"},{"taxonomy":"product_tag","embeddable":true,"href":"https:\/\/tranthi.vn\/quangnam\/wp-json\/wp\/v2\/product_tag?post=7552"}],"curies":[{"name":"wp","href":"https:\/\/api.w.org\/{rel}","templated":true}]}}