{"id":7531,"date":"2024-07-19T11:27:37","date_gmt":"2024-07-19T04:27:37","guid":{"rendered":"https:\/\/tranthi.vn\/quangnam\/?post_type=product&#038;p=7531"},"modified":"2024-11-15T13:44:49","modified_gmt":"2024-11-15T06:44:49","slug":"chau-rua-chen-cong-nghiep-hoi-an-tam-ky-quang-nam","status":"publish","type":"product","link":"https:\/\/tranthi.vn\/quangnam\/chau-rua-chen-cong-nghiep-hoi-an-tam-ky-quang-nam\/","title":{"rendered":"Ch\u1eadu R\u1eeda Ch\u00e9n C\u00f4ng Nghi\u1ec7p"},"content":{"rendered":"<h1 style=\"text-align: center;\"><span style=\"font-size: 130%;\"><a href=\"https:\/\/tranthi.vn\/quangnam\/chau-rua-chen-cong-nghiep-da-nang\/\"><span style=\"font-family: 'times new roman', times, serif;\">Ch\u1eadu R\u1eeda Ch\u00e9n C\u00f4ng Nghi\u1ec7p<\/span><\/a><\/span><\/h1>\n<h1><span style=\"font-size: 130%;\"><strong><span style=\"font-family: 'times new roman', times, serif;\">Ch\u1eadu R\u1eeda Ch\u00e9n C\u00f4ng Nghi\u1ec7p <i>&#8211;<\/i>\u00a0Gi\u1ea3i Ph\u00e1p Ti\u1ec7n L\u1ee3i Cho Kh\u00f4ng Gian B\u1ebfp Hi\u1ec7n \u0110\u1ea1i<\/span><\/strong><\/span><\/h1>\n<h1><span style=\"font-family: 'times new roman', times, serif; font-size: 130%;\">Ch\u1eadu r\u1eeda ch\u00e9n c\u00f4ng nghi\u1ec7p \u0111ang tr\u1edf th\u00e0nh m\u1ed9t l\u1ef1a ch\u1ecdn ph\u1ed5 bi\u1ebfn cho c\u00e1c nh\u00e0 b\u1ebfp th\u01b0\u01a1ng m\u1ea1i v\u00e0 c\u00e1c c\u01a1 s\u1edf d\u1ecbch v\u1ee5 \u0103n u\u1ed1ng t\u1ea1i <a href=\"https:\/\/vi.wikipedia.org\/wiki\/Qu%E1%BA%A3ng_Nam\"><em>Qu\u1ea3ng Nam<\/em><\/a>. V\u1edbi thi\u1ebft k\u1ebf t\u1ed1i \u01b0u v\u00e0 t\u00ednh n\u0103ng v\u01b0\u1ee3t tr\u1ed9i, ch\u1eadu r\u1eeda ch\u00e9n c\u00f4ng nghi\u1ec7p mang l\u1ea1i s\u1ef1 ti\u1ec7n l\u1ee3i v\u00e0 hi\u1ec7u qu\u1ea3 trong vi\u1ec7c x\u1eed l\u00fd c\u00f4ng vi\u1ec7c r\u1eeda ch\u00e9n b\u00e1t v\u00e0 d\u1ee5ng c\u1ee5 n\u1ea5u \u0103n.\u00a0<\/span><\/h1>\n<figure id=\"attachment_7767\" aria-describedby=\"caption-attachment-7767\" style=\"width: 438px\" class=\"wp-caption aligncenter\"><img loading=\"lazy\" decoding=\"async\" class=\" wp-image-7767\" src=\"https:\/\/tranthi.vn\/quangnam\/wp-content\/uploads\/2024\/07\/chau-rua-chen-cong-nghiep-tai-tam-ky-hoi-an-quang-nam-2.png\" alt=\"ch\u1eadu r\u1eeda ch\u00e9n c\u00f4ng nghi\u1ec7p t\u1ea1i tam k\u1ef3- h\u1ed9i an- qu\u1ea3ng nam \" width=\"438\" height=\"438\" srcset=\"https:\/\/tranthi.vn\/quangnam\/wp-content\/uploads\/2024\/07\/chau-rua-chen-cong-nghiep-tai-tam-ky-hoi-an-quang-nam-2.png 300w, https:\/\/tranthi.vn\/quangnam\/wp-content\/uploads\/2024\/07\/chau-rua-chen-cong-nghiep-tai-tam-ky-hoi-an-quang-nam-2-100x100.png 100w\" sizes=\"auto, (max-width: 438px) 100vw, 438px\" \/><figcaption id=\"caption-attachment-7767\" class=\"wp-caption-text\">ch\u1eadu r\u1eeda ch\u00e9n c\u00f4ng nghi\u1ec7p t\u1ea1i tam k\u1ef3- h\u1ed9i an- qu\u1ea3ng nam<\/figcaption><\/figure>\n<h1><span style=\"font-size: 130%;\"><strong><span style=\"font-family: 'times new roman', times, serif;\">1. Ch\u1eadu r\u1eeda ch\u00e9n c\u00f4ng nghi\u1ec7p l\u00e0 g\u00ec?<\/span><\/strong><\/span><\/h1>\n<h3><span style=\"font-family: 'times new roman', times, serif; font-size: 130%;\">Ch\u1eadu r\u1eeda ch\u00e9n c\u00f4ng nghi\u1ec7p l\u00e0 thi\u1ebft b\u1ecb v\u1ec7 sinh \u0111\u01b0\u1ee3c thi\u1ebft k\u1ebf \u0111\u1eb7c bi\u1ec7t cho c\u00e1c m\u00f4i tr\u01b0\u1eddng l\u00e0m vi\u1ec7c v\u1edbi kh\u1ed1i l\u01b0\u1ee3ng c\u00f4ng vi\u1ec7c l\u1edbn nh\u01b0 nh\u00e0 h\u00e0ng, kh\u00e1ch s\u1ea1n, nh\u00e0 b\u1ebfp c\u00f4ng nghi\u1ec7p v\u00e0 c\u01a1 s\u1edf ch\u1ebf bi\u1ebfn th\u1ef1c ph\u1ea9m. Kh\u00e1c v\u1edbi ch\u1eadu r\u1eeda ch\u00e9n gia \u0111\u00ecnh, ch\u1eadu r\u1eeda ch\u00e9n c\u00f4ng nghi\u1ec7p th\u01b0\u1eddng c\u00f3 k\u00edch th\u01b0\u1edbc l\u1edbn h\u01a1n, \u0111\u01b0\u1ee3c l\u00e0m t\u1eeb v\u1eadt li\u1ec7u b\u1ec1n b\u1ec9 v\u00e0 c\u00f3 kh\u1ea3 n\u0103ng ch\u1ecbu l\u1ef1c cao, ph\u00f9 h\u1ee3p v\u1edbi nhu c\u1ea7u s\u1eed d\u1ee5ng n\u1eb7ng.<\/span><\/h3>\n<p style=\"text-align: center;\"><iframe loading=\"lazy\" src=\"\/\/www.youtube.com\/embed\/GdF5V2xUBxo\" width=\"560\" height=\"314\" allowfullscreen=\"allowfullscreen\"><\/iframe><\/p>\n<h1><span style=\"font-size: 130%;\"><strong><span style=\"font-family: 'times new roman', times, serif;\">2. \u01afu \u0111i\u1ec3m c\u1ee7a ch\u1eadu r\u1eeda ch\u00e9n c\u00f4ng nghi\u1ec7p<\/span><\/strong><\/span><\/h1>\n<h3><span style=\"font-family: 'times new roman', times, serif; font-size: 130%;\">Ch\u1eadu r\u1eeda ch\u00e9n c\u00f4ng nghi\u1ec7p mang l\u1ea1i nhi\u1ec1u l\u1ee3i \u00edch thi\u1ebft th\u1ef1c cho c\u00e1c c\u01a1 s\u1edf d\u1ecbch v\u1ee5 \u0103n u\u1ed1ng v\u00e0 nh\u00e0 b\u1ebfp th\u01b0\u01a1ng m\u1ea1i:<\/span><\/h3>\n<ul>\n<li>\n<h3><span style=\"font-family: 'times new roman', times, serif; font-size: 130%;\">K\u00edch th\u01b0\u1edbc l\u1edbn: Ch\u1eadu r\u1eeda ch\u00e9n c\u00f4ng nghi\u1ec7p th\u01b0\u1eddng c\u00f3 k\u00edch th\u01b0\u1edbc l\u1edbn, cho ph\u00e9p r\u1eeda nhi\u1ec1u ch\u00e9n b\u00e1t v\u00e0 d\u1ee5ng c\u1ee5 n\u1ea5u \u0103n c\u00f9ng l\u00fac, ti\u1ebft ki\u1ec7m th\u1eddi gian v\u00e0 c\u00f4ng s\u1ee9c.<\/span><\/h3>\n<\/li>\n<li>\n<h3><span style=\"font-family: 'times new roman', times, serif; font-size: 130%;\">Ch\u1ea5t li\u1ec7u b\u1ec1n b\u1ec9: Th\u01b0\u1eddng \u0111\u01b0\u1ee3c l\u00e0m t\u1eeb inox ch\u1ea5t l\u01b0\u1ee3ng cao, ch\u1eadu r\u1eeda ch\u00e9n c\u00f4ng nghi\u1ec7p c\u00f3 kh\u1ea3 n\u0103ng ch\u1ed1ng \u0103n m\u00f2n, ch\u1ecbu va \u0111\u1eadp v\u00e0 d\u1ec5 d\u00e0ng v\u1ec7 sinh, \u0111\u1ea3m b\u1ea3o \u0111\u1ed9 b\u1ec1n l\u00e2u d\u00e0i.<\/span><\/h3>\n<\/li>\n<li>\n<figure id=\"attachment_7768\" aria-describedby=\"caption-attachment-7768\" style=\"width: 373px\" class=\"wp-caption aligncenter\"><img loading=\"lazy\" decoding=\"async\" class=\"wp-image-7768 \" src=\"https:\/\/tranthi.vn\/quangnam\/wp-content\/uploads\/2024\/07\/chau-rua-chen-cong-nghiep-tai-tam-ky-hoi-an-quang-nam.png\" alt=\"ch\u1eadu r\u1eeda ch\u00e9n c\u00f4ng nghi\u1ec7p t\u1ea1i tam k\u1ef3- h\u1ed9i an- qu\u1ea3ng nam \" width=\"373\" height=\"373\" srcset=\"https:\/\/tranthi.vn\/quangnam\/wp-content\/uploads\/2024\/07\/chau-rua-chen-cong-nghiep-tai-tam-ky-hoi-an-quang-nam.png 300w, https:\/\/tranthi.vn\/quangnam\/wp-content\/uploads\/2024\/07\/chau-rua-chen-cong-nghiep-tai-tam-ky-hoi-an-quang-nam-100x100.png 100w\" sizes=\"auto, (max-width: 373px) 100vw, 373px\" \/><figcaption id=\"caption-attachment-7768\" class=\"wp-caption-text\">ch\u1eadu r\u1eeda ch\u00e9n c\u00f4ng nghi\u1ec7p t\u1ea1i tam k\u1ef3- h\u1ed9i an- qu\u1ea3ng nam<\/figcaption><\/figure><\/li>\n<li>\n<h3><span style=\"font-family: 'times new roman', times, serif; font-size: 130%;\">T\u00ednh n\u0103ng ti\u1ec7n l\u1ee3i: Nhi\u1ec1u m\u1eabu ch\u1eadu r\u1eeda ch\u00e9n c\u00f4ng nghi\u1ec7p \u0111\u01b0\u1ee3c trang b\u1ecb c\u00e1c t\u00ednh n\u0103ng ti\u1ec7n \u00edch nh\u01b0 v\u00f2i r\u1eeda \u0111a n\u0103ng, h\u1ec7 th\u1ed1ng x\u1ea3 n\u01b0\u1edbc hi\u1ec7u qu\u1ea3 v\u00e0 khu v\u1ef1c \u0111\u1ec3 r\u1eeda th\u1ef1c ph\u1ea9m, gi\u00fap t\u1ed1i \u01b0u h\u00f3a quy tr\u00ecnh l\u00e0m vi\u1ec7c.<\/span><\/h3>\n<\/li>\n<li>\n<h3><span style=\"font-family: 'times new roman', times, serif; font-size: 130%;\">D\u1ec5 d\u00e0ng l\u1eafp \u0111\u1eb7t v\u00e0 b\u1ea3o tr\u00ec: Ch\u1eadu r\u1eeda ch\u00e9n c\u00f4ng nghi\u1ec7p th\u01b0\u1eddng \u0111\u01b0\u1ee3c thi\u1ebft k\u1ebf \u0111\u1ec3 l\u1eafp \u0111\u1eb7t d\u1ec5 d\u00e0ng v\u00e0 b\u1ea3o tr\u00ec \u0111\u01a1n gi\u1ea3n, gi\u00fap gi\u1ea3m thi\u1ec3u th\u1eddi gian gi\u00e1n \u0111o\u1ea1n trong qu\u00e1 tr\u00ecnh s\u1eed d\u1ee5ng.<\/span><\/h3>\n<\/li>\n<li>\n<h3 style=\"text-align: center;\"><span style=\"font-family: 'times new roman', times, serif; font-size: 130%;\">An to\u00e0n v\u00e0 v\u1ec7 sinh: V\u1edbi thi\u1ebft k\u1ebf th\u00f4ng minh v\u00e0 ch\u1ea5t li\u1ec7u ch\u1ed1ng khu\u1ea9n, ch\u1eadu r\u1eeda ch\u00e9n c\u00f4ng nghi\u1ec7p gi\u00fap duy tr\u00ec m\u00f4i tr\u01b0\u1eddng v\u1ec7 sinh s\u1ea1ch s\u1ebd, b\u1ea3o v\u1ec7 s\u1ee9c kh\u1ecfe ng\u01b0\u1eddi s\u1eed d\u1ee5ng.<\/span><iframe loading=\"lazy\" src=\"\/\/www.youtube.com\/embed\/tRU547g8ip8\" width=\"560\" height=\"314\" allowfullscreen=\"allowfullscreen\"><\/iframe><\/h3>\n<\/li>\n<\/ul>\n<h1><span style=\"font-size: 130%;\"><strong><span style=\"font-family: 'times new roman', times, serif;\">3. L\u00fd do n\u00ean ch\u1ecdn mua ch\u1eadu r\u1eeda ch\u00e9n c\u00f4ng nghi\u1ec7p\u00a0<\/span><\/strong><\/span><\/h1>\n<h3><span style=\"font-family: 'times new roman', times, serif; font-size: 130%;\"><a href=\"https:\/\/vi.wikipedia.org\/wiki\/Qu%E1%BA%A3ng_Nam\"><em><strong>Qu\u1ea3ng Nam<\/strong><\/em><\/a>\u00a0l\u00e0 th\u00e0nh ph\u1ed1 ph\u00e1t tri\u1ec3n v\u1edbi nhu c\u1ea7u cao v\u1ec1 c\u00e1c thi\u1ebft b\u1ecb nh\u00e0 b\u1ebfp v\u00e0 d\u1ecbch v\u1ee5 \u0103n u\u1ed1ng. D\u01b0\u1edbi \u0111\u00e2y l\u00e0 nh\u1eefng l\u00fd do n\u00ean ch\u1ecdn mua ch\u1eadu r\u1eeda ch\u00e9n c\u00f4ng nghi\u1ec7p t\u1ea1i \u0111\u00e2y:<\/span><\/h3>\n<ul>\n<li>\n<h3><span style=\"font-family: 'times new roman', times, serif; font-size: 130%;\">S\u1ea3n ph\u1ea9m \u0111a d\u1ea1ng: C\u00f3 nhi\u1ec1u nh\u00e0 cung c\u1ea5p v\u1edbi \u0111a d\u1ea1ng c\u00e1c m\u1eabu m\u00e3 v\u00e0 k\u00edch th\u01b0\u1edbc ch\u1eadu r\u1eeda ch\u00e9n c\u00f4ng nghi\u1ec7p, \u0111\u00e1p \u1ee9ng nhu c\u1ea7u c\u1ee7a t\u1eebng lo\u1ea1i c\u01a1 s\u1edf kinh doanh.<\/span><\/h3>\n<\/li>\n<li>\n<h3><span style=\"font-family: 'times new roman', times, serif; font-size: 130%;\">Ch\u1ea5t l\u01b0\u1ee3ng \u0111\u1ea3m b\u1ea3o: C\u00e1c s\u1ea3n ph\u1ea9m ch\u1eadu r\u1eeda ch\u00e9n c\u00f4ng nghi\u1ec7p\u00a0th\u01b0\u1eddng \u0111\u01b0\u1ee3c ki\u1ec3m \u0111\u1ecbnh ch\u1ea5t l\u01b0\u1ee3ng nghi\u00eam ng\u1eb7t, \u0111\u1ea3m b\u1ea3o \u0111\u1ed9 b\u1ec1n v\u00e0 hi\u1ec7u su\u1ea5t s\u1eed d\u1ee5ng.<\/span><\/h3>\n<\/li>\n<li>\n<h3><span style=\"font-family: 'times new roman', times, serif; font-size: 130%;\">D\u1ecbch v\u1ee5 h\u1eadu m\u00e3i t\u1ed1t: Nhi\u1ec1u nh\u00e0 cung c\u1ea5p \u0111\u00e3 cung c\u1ea5p d\u1ecbch v\u1ee5 h\u1eadu m\u00e3i chuy\u00ean nghi\u1ec7p, bao g\u1ed3m b\u1ea3o h\u00e0nh, h\u1ed7 tr\u1ee3 k\u1ef9 thu\u1eadt v\u00e0 d\u1ecbch v\u1ee5 s\u1eeda ch\u1eefa, gi\u00fap kh\u00e1ch h\u00e0ng y\u00ean t\u00e2m trong qu\u00e1 tr\u00ecnh s\u1eed d\u1ee5ng.<\/span><\/h3>\n<\/li>\n<li>\n<h3><span style=\"font-family: 'times new roman', times, serif; font-size: 130%;\">Gi\u00e1 c\u1ea3 h\u1ee3p l\u00fd: V\u1edbi s\u1ef1 c\u1ea1nh tranh gi\u1eefa c\u00e1c nh\u00e0 cung c\u1ea5p, gi\u00e1 ch\u1eadu r\u1eeda ch\u00e9n c\u00f4ng nghi\u1ec7p\u00a0lu\u00f4n \u1edf m\u1ee9c h\u1ee3p l\u00fd, ph\u00f9 h\u1ee3p v\u1edbi ng\u00e2n s\u00e1ch c\u1ee7a nhi\u1ec1u c\u01a1 s\u1edf kinh doanh.<\/span><\/h3>\n<\/li>\n<\/ul>\n<blockquote class=\"tiktok-embed\" cite=\"https:\/\/www.tiktok.com\/@kinhnghiemxaydungnhao\/video\/7408481958751112464\" data-video-id=\"7408481958751112464\" data-embed-from=\"oembed\" style=\"max-width:605px; min-width:325px;\">\n<section> <a target=\"_blank\" title=\"@kinhnghiemxaydungnhao\" href=\"https:\/\/www.tiktok.com\/@kinhnghiemxaydungnhao?refer=embed\">@kinhnghiemxaydungnhao<\/a> <\/p>\n<p>Ch\u1eadu r\u1eeda ch\u00e9n 1 h\u1ed9c k\u00e8m ch\u00e2n &#8211; inox 304 c\u00f3 g\u00ec <a title=\"chauruachen\" target=\"_blank\" href=\"https:\/\/www.tiktok.com\/tag\/chauruachen?refer=embed\">#chauruachen<\/a>       <a title=\"danang\" target=\"_blank\" href=\"https:\/\/www.tiktok.com\/tag\/danang?refer=embed\">#danang<\/a> <a title=\"cuanhavesinh\" target=\"_blank\" href=\"https:\/\/www.tiktok.com\/tag\/cuanhavesinh?refer=embed\">#cuanhavesinh<\/a> <\/p>\n<p> <a target=\"_blank\" title=\"\u266c nh\u1ea1c n\u1ec1n - Tranthi.vn - Tranthi.vn\" href=\"https:\/\/www.tiktok.com\/music\/nh\u1ea1c-n\u1ec1n-Tranthivn-7408482051889875728?refer=embed\">\u266c nh\u1ea1c n\u1ec1n &#8211; Tranthi.vn &#8211; Tranthi.vn<\/a> <\/section>\n<\/blockquote>\n<p> <script async src=\"https:\/\/www.tiktok.com\/embed.js\"><\/script><\/p>\n<p>&nbsp;<\/p>\n","protected":false},"excerpt":{"rendered":"<p>Ch\u1eadu R\u1eeda Ch\u00e9n C\u00f4ng Nghi\u1ec7p Ch\u1eadu R\u1eeda Ch\u00e9n C\u00f4ng Nghi\u1ec7p &#8211;\u00a0Gi\u1ea3i Ph\u00e1p Ti\u1ec7n L\u1ee3i Cho Kh\u00f4ng Gian B\u1ebfp Hi\u1ec7n \u0110\u1ea1i Ch\u1eadu r\u1eeda ch\u00e9n c\u00f4ng nghi\u1ec7p \u0111ang tr\u1edf th\u00e0nh m\u1ed9t l\u1ef1a ch\u1ecdn ph\u1ed5 bi\u1ebfn cho c\u00e1c nh\u00e0 b\u1ebfp th\u01b0\u01a1ng m\u1ea1i v\u00e0 c\u00e1c c\u01a1 s\u1edf d\u1ecbch v\u1ee5 \u0103n u\u1ed1ng t\u1ea1i Qu\u1ea3ng Nam. V\u1edbi thi\u1ebft k\u1ebf t\u1ed1i \u01b0u [&#8230;]\n","protected":false},"featured_media":0,"comment_status":"closed","ping_status":"closed","template":"","meta":[],"product_cat":[268,266],"product_tag":[444],"class_list":{"0":"post-7531","1":"product","2":"type-product","3":"status-publish","5":"product_cat-chau-rua-chen","6":"product_cat-thiet-bi-nha-bep","7":"product_tag-gia-chau-rua-chen-cong-nghiep-tai-da-nang","9":"first","10":"instock","11":"shipping-taxable","12":"product-type-simple"},"yoast_head":"<!-- This site is optimized with the Yoast SEO Premium plugin v22.3 (Yoast SEO v22.8) - https:\/\/yoast.com\/wordpress\/plugins\/seo\/ -->\n<title>Gi\u00e1 ch\u1eadu r\u1eeda ch\u00e9n c\u00f4ng nghi\u1ec7p t\u1ea1i Qu\u1ea3ng Nam-0947.335.871<\/title>\n<meta name=\"description\" content=\"Gi\u00e1 ch\u1eadu r\u1eeda ch\u00e9n c\u00f4ng nghi\u1ec7p t\u1ea1i Qu\u1ea3ng Nam- Tr\u1ea7n th\u1ecb. Cung c\u1ea5p h\u00e0ng ho\u00e1 uy t\u00edn ch\u1ea5t l\u01b0\u1ee3ng tham kh\u1ea3o t\u1ea1i web: tranthi.vn \u0111\u1ec3 bi\u1ebft th\u00eam chi ti\u1ebft\" \/>\n<meta name=\"robots\" content=\"index, follow, max-snippet:-1, max-image-preview:large, max-video-preview:-1\" \/>\n<link rel=\"canonical\" href=\"https:\/\/tranthi.vn\/quangnam\/chau-rua-chen-cong-nghiep-hoi-an-tam-ky-quang-nam\/\" \/>\n<meta property=\"og:locale\" content=\"vi_VN\" \/>\n<meta property=\"og:type\" content=\"article\" \/>\n<meta property=\"og:title\" content=\"Ch\u1eadu R\u1eeda Ch\u00e9n C\u00f4ng Nghi\u1ec7p\" \/>\n<meta property=\"og:description\" content=\"Gi\u00e1 ch\u1eadu r\u1eeda ch\u00e9n c\u00f4ng nghi\u1ec7p t\u1ea1i Qu\u1ea3ng Nam- Tr\u1ea7n th\u1ecb. Cung c\u1ea5p h\u00e0ng ho\u00e1 uy t\u00edn ch\u1ea5t l\u01b0\u1ee3ng tham kh\u1ea3o t\u1ea1i web: tranthi.vn \u0111\u1ec3 bi\u1ebft th\u00eam chi ti\u1ebft\" \/>\n<meta property=\"og:url\" content=\"https:\/\/tranthi.vn\/quangnam\/chau-rua-chen-cong-nghiep-hoi-an-tam-ky-quang-nam\/\" \/>\n<meta property=\"og:site_name\" content=\"V\u1eadt Li\u1ec7u X\u00e2y D\u1ef1ng Tr\u1ea7n Th\u1ecb Chi Nh\u00e1nh Qu\u1ea3ng Nam\" \/>\n<meta property=\"article:modified_time\" content=\"2024-11-15T06:44:49+00:00\" \/>\n<meta property=\"og:image\" content=\"https:\/\/tranthi.vn\/quangnam\/wp-content\/uploads\/2024\/07\/chau-rua-chen-cong-nghiep-tai-tam-ky-hoi-an-quang-nam-2.png\" \/>\n<meta name=\"twitter:card\" content=\"summary_large_image\" \/>\n<meta name=\"twitter:label1\" content=\"Gi\u00e1\" \/>\n\t<meta name=\"twitter:data1\" content=\"\" \/>\n\t<meta name=\"twitter:label2\" content=\"Kh\u1ea3 d\u1ee5ng\" \/>\n\t<meta name=\"twitter:data2\" content=\"Trong kho\" \/>\n<script type=\"application\/ld+json\" class=\"yoast-schema-graph\">{\"@context\":\"https:\/\/schema.org\",\"@graph\":[{\"@type\":[\"WebPage\",\"ItemPage\"],\"@id\":\"https:\/\/tranthi.vn\/quangnam\/chau-rua-chen-cong-nghiep-hoi-an-tam-ky-quang-nam\/\",\"url\":\"https:\/\/tranthi.vn\/quangnam\/chau-rua-chen-cong-nghiep-hoi-an-tam-ky-quang-nam\/\",\"name\":\"Gi\u00e1 ch\u1eadu r\u1eeda ch\u00e9n c\u00f4ng nghi\u1ec7p t\u1ea1i Qu\u1ea3ng Nam-0947.335.871\",\"isPartOf\":{\"@id\":\"https:\/\/tranthi.vn\/quangnam\/#website\"},\"primaryImageOfPage\":{\"@id\":\"https:\/\/tranthi.vn\/quangnam\/chau-rua-chen-cong-nghiep-hoi-an-tam-ky-quang-nam\/#primaryimage\"},\"image\":{\"@id\":\"https:\/\/tranthi.vn\/quangnam\/chau-rua-chen-cong-nghiep-hoi-an-tam-ky-quang-nam\/#primaryimage\"},\"thumbnailUrl\":\"https:\/\/tranthi.vn\/quangnam\/wp-content\/uploads\/2024\/07\/chau-rua-chen-cong-nghiep-tai-tam-ky-hoi-an-quang-nam-2.png\",\"datePublished\":\"2024-07-19T04:27:37+00:00\",\"dateModified\":\"2024-11-15T06:44:49+00:00\",\"description\":\"Gi\u00e1 ch\u1eadu r\u1eeda ch\u00e9n c\u00f4ng nghi\u1ec7p t\u1ea1i Qu\u1ea3ng Nam- Tr\u1ea7n th\u1ecb. Cung c\u1ea5p h\u00e0ng ho\u00e1 uy t\u00edn ch\u1ea5t l\u01b0\u1ee3ng tham kh\u1ea3o t\u1ea1i web: tranthi.vn \u0111\u1ec3 bi\u1ebft th\u00eam chi ti\u1ebft\",\"breadcrumb\":{\"@id\":\"https:\/\/tranthi.vn\/quangnam\/chau-rua-chen-cong-nghiep-hoi-an-tam-ky-quang-nam\/#breadcrumb\"},\"inLanguage\":\"vi\",\"potentialAction\":[{\"@type\":\"ReadAction\",\"target\":[\"https:\/\/tranthi.vn\/quangnam\/chau-rua-chen-cong-nghiep-hoi-an-tam-ky-quang-nam\/\"]}]},{\"@type\":\"ImageObject\",\"inLanguage\":\"vi\",\"@id\":\"https:\/\/tranthi.vn\/quangnam\/chau-rua-chen-cong-nghiep-hoi-an-tam-ky-quang-nam\/#primaryimage\",\"url\":\"https:\/\/tranthi.vn\/quangnam\/wp-content\/uploads\/2024\/07\/chau-rua-chen-cong-nghiep-tai-tam-ky-hoi-an-quang-nam-2.png\",\"contentUrl\":\"https:\/\/tranthi.vn\/quangnam\/wp-content\/uploads\/2024\/07\/chau-rua-chen-cong-nghiep-tai-tam-ky-hoi-an-quang-nam-2.png\",\"width\":300,\"height\":300,\"caption\":\"ch\u1eadu r\u1eeda ch\u00e9n c\u00f4ng nghi\u1ec7p t\u1ea1i tam k\u1ef3- h\u1ed9i an- qu\u1ea3ng nam\"},{\"@type\":\"BreadcrumbList\",\"@id\":\"https:\/\/tranthi.vn\/quangnam\/chau-rua-chen-cong-nghiep-hoi-an-tam-ky-quang-nam\/#breadcrumb\",\"itemListElement\":[{\"@type\":\"ListItem\",\"position\":1,\"name\":\"Trang ch\u1ee7\",\"item\":\"https:\/\/tranthi.vn\/quangnam\/\"},{\"@type\":\"ListItem\",\"position\":2,\"name\":\"Shop\",\"item\":\"https:\/\/tranthi.vn\/quangnam\/shop\/\"},{\"@type\":\"ListItem\",\"position\":3,\"name\":\"Ch\u1eadu R\u1eeda Ch\u00e9n C\u00f4ng Nghi\u1ec7p\"}]},{\"@type\":\"WebSite\",\"@id\":\"https:\/\/tranthi.vn\/quangnam\/#website\",\"url\":\"https:\/\/tranthi.vn\/quangnam\/\",\"name\":\"V\u1eadt Li\u1ec7u X\u00e2y D\u1ef1ng Tr\u1ea7n Th\u1ecb Chi Nh\u00e1nh Qu\u1ea3ng Nam\",\"description\":\"V\u1eadt Li\u1ec7u X\u00e2y D\u1ef1ng - Qu\u1ea3ng Nam\",\"potentialAction\":[{\"@type\":\"SearchAction\",\"target\":{\"@type\":\"EntryPoint\",\"urlTemplate\":\"https:\/\/tranthi.vn\/quangnam\/?s={search_term_string}\"},\"query-input\":\"required name=search_term_string\"}],\"inLanguage\":\"vi\"},{\"@type\":\"ImageObject\",\"inLanguage\":\"vi\",\"@id\":\"https:\/\/tranthi.vn\/quangnam\/chau-rua-chen-cong-nghiep-hoi-an-tam-ky-quang-nam\/#local-main-organization-logo\",\"url\":\"\",\"contentUrl\":\"\",\"caption\":\"V\u1eadt Li\u1ec7u X\u00e2y D\u1ef1ng Tr\u1ea7n Th\u1ecb Chi Nh\u00e1nh Qu\u1ea3ng Nam\"}]}<\/script>\n<meta property=\"product:price:amount\" content=\"0\" \/>\n<meta property=\"product:price:currency\" content=\"VND\" \/>\n<meta property=\"og:availability\" content=\"instock\" \/>\n<meta property=\"product:availability\" content=\"instock\" \/>\n<meta property=\"product:condition\" content=\"new\" \/>\n<!-- \/ Yoast SEO Premium plugin. -->","yoast_head_json":{"title":"Gi\u00e1 ch\u1eadu r\u1eeda ch\u00e9n c\u00f4ng nghi\u1ec7p t\u1ea1i Qu\u1ea3ng Nam-0947.335.871","description":"Gi\u00e1 ch\u1eadu r\u1eeda ch\u00e9n c\u00f4ng nghi\u1ec7p t\u1ea1i Qu\u1ea3ng Nam- Tr\u1ea7n th\u1ecb. Cung c\u1ea5p h\u00e0ng ho\u00e1 uy t\u00edn ch\u1ea5t l\u01b0\u1ee3ng tham kh\u1ea3o t\u1ea1i web: tranthi.vn \u0111\u1ec3 bi\u1ebft th\u00eam chi ti\u1ebft","robots":{"index":"index","follow":"follow","max-snippet":"max-snippet:-1","max-image-preview":"max-image-preview:large","max-video-preview":"max-video-preview:-1"},"canonical":"https:\/\/tranthi.vn\/quangnam\/chau-rua-chen-cong-nghiep-hoi-an-tam-ky-quang-nam\/","og_locale":"vi_VN","og_type":"article","og_title":"Ch\u1eadu R\u1eeda Ch\u00e9n C\u00f4ng Nghi\u1ec7p","og_description":"Gi\u00e1 ch\u1eadu r\u1eeda ch\u00e9n c\u00f4ng nghi\u1ec7p t\u1ea1i Qu\u1ea3ng Nam- Tr\u1ea7n th\u1ecb. Cung c\u1ea5p h\u00e0ng ho\u00e1 uy t\u00edn ch\u1ea5t l\u01b0\u1ee3ng tham kh\u1ea3o t\u1ea1i web: tranthi.vn \u0111\u1ec3 bi\u1ebft th\u00eam chi ti\u1ebft","og_url":"https:\/\/tranthi.vn\/quangnam\/chau-rua-chen-cong-nghiep-hoi-an-tam-ky-quang-nam\/","og_site_name":"V\u1eadt Li\u1ec7u X\u00e2y D\u1ef1ng Tr\u1ea7n Th\u1ecb Chi Nh\u00e1nh Qu\u1ea3ng Nam","article_modified_time":"2024-11-15T06:44:49+00:00","og_image":[{"url":"https:\/\/tranthi.vn\/quangnam\/wp-content\/uploads\/2024\/07\/chau-rua-chen-cong-nghiep-tai-tam-ky-hoi-an-quang-nam-2.png"}],"twitter_card":"summary_large_image","twitter_misc":{"Gi\u00e1":"","Kh\u1ea3 d\u1ee5ng":"Trong kho"},"schema":{"@context":"https:\/\/schema.org","@graph":[{"@type":["WebPage","ItemPage"],"@id":"https:\/\/tranthi.vn\/quangnam\/chau-rua-chen-cong-nghiep-hoi-an-tam-ky-quang-nam\/","url":"https:\/\/tranthi.vn\/quangnam\/chau-rua-chen-cong-nghiep-hoi-an-tam-ky-quang-nam\/","name":"Gi\u00e1 ch\u1eadu r\u1eeda ch\u00e9n c\u00f4ng nghi\u1ec7p t\u1ea1i Qu\u1ea3ng Nam-0947.335.871","isPartOf":{"@id":"https:\/\/tranthi.vn\/quangnam\/#website"},"primaryImageOfPage":{"@id":"https:\/\/tranthi.vn\/quangnam\/chau-rua-chen-cong-nghiep-hoi-an-tam-ky-quang-nam\/#primaryimage"},"image":{"@id":"https:\/\/tranthi.vn\/quangnam\/chau-rua-chen-cong-nghiep-hoi-an-tam-ky-quang-nam\/#primaryimage"},"thumbnailUrl":"https:\/\/tranthi.vn\/quangnam\/wp-content\/uploads\/2024\/07\/chau-rua-chen-cong-nghiep-tai-tam-ky-hoi-an-quang-nam-2.png","datePublished":"2024-07-19T04:27:37+00:00","dateModified":"2024-11-15T06:44:49+00:00","description":"Gi\u00e1 ch\u1eadu r\u1eeda ch\u00e9n c\u00f4ng nghi\u1ec7p t\u1ea1i Qu\u1ea3ng Nam- Tr\u1ea7n th\u1ecb. Cung c\u1ea5p h\u00e0ng ho\u00e1 uy t\u00edn ch\u1ea5t l\u01b0\u1ee3ng tham kh\u1ea3o t\u1ea1i web: tranthi.vn \u0111\u1ec3 bi\u1ebft th\u00eam chi ti\u1ebft","breadcrumb":{"@id":"https:\/\/tranthi.vn\/quangnam\/chau-rua-chen-cong-nghiep-hoi-an-tam-ky-quang-nam\/#breadcrumb"},"inLanguage":"vi","potentialAction":[{"@type":"ReadAction","target":["https:\/\/tranthi.vn\/quangnam\/chau-rua-chen-cong-nghiep-hoi-an-tam-ky-quang-nam\/"]}]},{"@type":"ImageObject","inLanguage":"vi","@id":"https:\/\/tranthi.vn\/quangnam\/chau-rua-chen-cong-nghiep-hoi-an-tam-ky-quang-nam\/#primaryimage","url":"https:\/\/tranthi.vn\/quangnam\/wp-content\/uploads\/2024\/07\/chau-rua-chen-cong-nghiep-tai-tam-ky-hoi-an-quang-nam-2.png","contentUrl":"https:\/\/tranthi.vn\/quangnam\/wp-content\/uploads\/2024\/07\/chau-rua-chen-cong-nghiep-tai-tam-ky-hoi-an-quang-nam-2.png","width":300,"height":300,"caption":"ch\u1eadu r\u1eeda ch\u00e9n c\u00f4ng nghi\u1ec7p t\u1ea1i tam k\u1ef3- h\u1ed9i an- qu\u1ea3ng nam"},{"@type":"BreadcrumbList","@id":"https:\/\/tranthi.vn\/quangnam\/chau-rua-chen-cong-nghiep-hoi-an-tam-ky-quang-nam\/#breadcrumb","itemListElement":[{"@type":"ListItem","position":1,"name":"Trang ch\u1ee7","item":"https:\/\/tranthi.vn\/quangnam\/"},{"@type":"ListItem","position":2,"name":"Shop","item":"https:\/\/tranthi.vn\/quangnam\/shop\/"},{"@type":"ListItem","position":3,"name":"Ch\u1eadu R\u1eeda Ch\u00e9n C\u00f4ng Nghi\u1ec7p"}]},{"@type":"WebSite","@id":"https:\/\/tranthi.vn\/quangnam\/#website","url":"https:\/\/tranthi.vn\/quangnam\/","name":"V\u1eadt Li\u1ec7u X\u00e2y D\u1ef1ng Tr\u1ea7n Th\u1ecb Chi Nh\u00e1nh Qu\u1ea3ng Nam","description":"V\u1eadt Li\u1ec7u X\u00e2y D\u1ef1ng - Qu\u1ea3ng Nam","potentialAction":[{"@type":"SearchAction","target":{"@type":"EntryPoint","urlTemplate":"https:\/\/tranthi.vn\/quangnam\/?s={search_term_string}"},"query-input":"required name=search_term_string"}],"inLanguage":"vi"},{"@type":"ImageObject","inLanguage":"vi","@id":"https:\/\/tranthi.vn\/quangnam\/chau-rua-chen-cong-nghiep-hoi-an-tam-ky-quang-nam\/#local-main-organization-logo","url":"","contentUrl":"","caption":"V\u1eadt Li\u1ec7u X\u00e2y D\u1ef1ng Tr\u1ea7n Th\u1ecb Chi Nh\u00e1nh Qu\u1ea3ng Nam"}]},"product_price_currency":"VND","og_availability":"instock","product_availability":"instock","product_condition":"new"},"_links":{"self":[{"href":"https:\/\/tranthi.vn\/quangnam\/wp-json\/wp\/v2\/product\/7531","targetHints":{"allow":["GET"]}}],"collection":[{"href":"https:\/\/tranthi.vn\/quangnam\/wp-json\/wp\/v2\/product"}],"about":[{"href":"https:\/\/tranthi.vn\/quangnam\/wp-json\/wp\/v2\/types\/product"}],"replies":[{"embeddable":true,"href":"https:\/\/tranthi.vn\/quangnam\/wp-json\/wp\/v2\/comments?post=7531"}],"wp:attachment":[{"href":"https:\/\/tranthi.vn\/quangnam\/wp-json\/wp\/v2\/media?parent=7531"}],"wp:term":[{"taxonomy":"product_cat","embeddable":true,"href":"https:\/\/tranthi.vn\/quangnam\/wp-json\/wp\/v2\/product_cat?post=7531"},{"taxonomy":"product_tag","embeddable":true,"href":"https:\/\/tranthi.vn\/quangnam\/wp-json\/wp\/v2\/product_tag?post=7531"}],"curies":[{"name":"wp","href":"https:\/\/api.w.org\/{rel}","templated":true}]}}