{"id":7529,"date":"2024-07-19T11:16:27","date_gmt":"2024-07-19T04:16:27","guid":{"rendered":"https:\/\/tranthi.vn\/quangnam\/?post_type=product&#038;p=7529"},"modified":"2024-11-15T08:07:47","modified_gmt":"2024-11-15T01:07:47","slug":"bon-cau-tre-em-gia-re-hoi-an-tam-ky-quang-nam","status":"publish","type":"product","link":"https:\/\/tranthi.vn\/quangnam\/bon-cau-tre-em-gia-re-hoi-an-tam-ky-quang-nam\/","title":{"rendered":"B\u1ed3n C\u1ea7u Tr\u1ebb Em"},"content":{"rendered":"<h1 style=\"text-align: center;\"><span style=\"font-size: 150%;\"><a href=\"https:\/\/tranthi.vn\/quangnam\/bon-cau-tre-em-gia-re-da-nang-2\/\"><span style=\"font-family: 'times new roman', times, serif;\">B\u1ed3n C\u1ea7u Tr\u1ebb Em<\/span><\/a><\/span><\/h1>\n<h1><strong><span style=\"font-family: 'times new roman', times, serif; font-size: 130%;\">1. B\u1ed3n c\u1ea7u tr\u1ebb em l\u00e0 g\u00ec?<\/span><\/strong><\/h1>\n<h3><span style=\"font-family: 'times new roman', times, serif; font-size: 140%;\">B\u1ed3n c\u1ea7u tr\u1ebb em l\u00e0 lo\u1ea1i b\u1ed3n c\u1ea7u \u0111\u01b0\u1ee3c thi\u1ebft k\u1ebf \u0111\u1eb7c bi\u1ec7t v\u1edbi k\u00edch th\u01b0\u1edbc nh\u1ecf g\u1ecdn, chi\u1ec1u cao th\u1ea5p v\u00e0 c\u00e1c t\u00ednh n\u0103ng an to\u00e0n nh\u1eb1m ph\u1ee5c v\u1ee5 nhu c\u1ea7u v\u1ec7 sinh c\u1ee7a tr\u1ebb nh\u1ecf. S\u1ea3n ph\u1ea9m n\u00e0y gi\u00fap tr\u1ebb d\u1ec5 d\u00e0ng s\u1eed d\u1ee5ng m\u00e0 kh\u00f4ng c\u1ea7n s\u1ef1 h\u1ed7 tr\u1ee3 t\u1eeb ng\u01b0\u1eddi l\u1edbn, \u0111\u1ed3ng th\u1eddi t\u1ea1o s\u1ef1 tho\u1ea3i m\u00e1i v\u00e0 an to\u00e0n cho tr\u1ebb trong qu\u00e1 tr\u00ecnh s\u1eed d\u1ee5ng.<\/span><\/h3>\n<h3 style=\"text-align: center;\"><iframe loading=\"lazy\" src=\"\/\/www.youtube.com\/embed\/plzVkrF0OO8\" width=\"560\" height=\"314\" allowfullscreen=\"allowfullscreen\"><\/iframe><\/h3>\n<h1><strong><span style=\"font-family: 'times new roman', times, serif; font-size: 130%;\">2. \u01afu \u0111i\u1ec3m c\u1ee7a b\u1ed3n c\u1ea7u tr\u1ebb em<\/span><\/strong><\/h1>\n<h3><span style=\"font-family: 'times new roman', times, serif; font-size: 140%;\">B\u1ed3n c\u1ea7u tr\u1ebb em mang l\u1ea1i nhi\u1ec1u \u01b0u \u0111i\u1ec3m v\u01b0\u1ee3t tr\u1ed9i, g\u00f3p ph\u1ea7n quan tr\u1ecdng v\u00e0o s\u1ef1 ph\u00e1t tri\u1ec3n to\u00e0n di\u1ec7n c\u1ee7a tr\u1ebb nh\u1ecf:<\/span><\/h3>\n<ul>\n<li>\n<h3><span style=\"font-family: 'times new roman', times, serif; font-size: 140%;\">Thi\u1ebft k\u1ebf ph\u00f9 h\u1ee3p v\u1edbi tr\u1ebb nh\u1ecf: B\u1ed3n c\u1ea7u tr\u1ebb em c\u00f3 k\u00edch th\u01b0\u1edbc nh\u1ecf g\u1ecdn v\u00e0 chi\u1ec1u cao th\u1ea5p, gi\u00fap tr\u1ebb d\u1ec5 d\u00e0ng ti\u1ebfp c\u1eadn v\u00e0 s\u1eed d\u1ee5ng m\u00e0 kh\u00f4ng c\u1ea7n s\u1ef1 tr\u1ee3 gi\u00fap t\u1eeb ng\u01b0\u1eddi l\u1edbn. \u0110i\u1ec1u n\u00e0y khuy\u1ebfn kh\u00edch s\u1ef1 t\u1ef1 l\u1eadp v\u00e0 t\u1ef1 tin cho tr\u1ebb.<\/span><\/h3>\n<\/li>\n<li>\n<h3><span style=\"font-family: 'times new roman', times, serif; font-size: 140%;\">T\u00ednh an to\u00e0n cao: C\u00e1c b\u1ed3n c\u1ea7u tr\u1ebb em th\u01b0\u1eddng \u0111\u01b0\u1ee3c l\u00e0m t\u1eeb ch\u1ea5t li\u1ec7u nh\u1ef1a cao c\u1ea5p, kh\u00f4ng ch\u1ee9a c\u00e1c ch\u1ea5t \u0111\u1ed9c h\u1ea1i, an to\u00e0n cho s\u1ee9c kh\u1ecfe c\u1ee7a tr\u1ebb. Ngo\u00e0i ra, b\u1ec1 m\u1eb7t nh\u1eb5n m\u1ecbn, kh\u00f4ng g\u00f3c c\u1ea1nh gi\u00fap tr\u00e1nh c\u00e1c tai n\u1ea1n kh\u00f4ng \u0111\u00e1ng c\u00f3.<\/span><\/h3>\n<\/li>\n<li>\n<figure id=\"attachment_7720\" aria-describedby=\"caption-attachment-7720\" style=\"width: 300px\" class=\"wp-caption aligncenter\"><img loading=\"lazy\" decoding=\"async\" class=\"size-full wp-image-7720\" src=\"https:\/\/tranthi.vn\/quangnam\/wp-content\/uploads\/2024\/07\/bon-cau-tre-em-tai-tam-ky-hoi-an-quang-nam.png\" alt=\"b\u1ed3n c\u1ea7u tr\u1ebb em t\u1ea1i tam k\u1ef3- h\u1ed9i an- qu\u1ea3ng nam\" width=\"300\" height=\"300\" srcset=\"https:\/\/tranthi.vn\/quangnam\/wp-content\/uploads\/2024\/07\/bon-cau-tre-em-tai-tam-ky-hoi-an-quang-nam.png 300w, https:\/\/tranthi.vn\/quangnam\/wp-content\/uploads\/2024\/07\/bon-cau-tre-em-tai-tam-ky-hoi-an-quang-nam-100x100.png 100w\" sizes=\"auto, (max-width: 300px) 100vw, 300px\" \/><figcaption id=\"caption-attachment-7720\" class=\"wp-caption-text\">b\u1ed3n c\u1ea7u tr\u1ebb em t\u1ea1i tam k\u1ef3- h\u1ed9i an- qu\u1ea3ng nam<\/figcaption><\/figure><\/li>\n<li>\n<h3><span style=\"font-family: 'times new roman', times, serif; font-size: 140%;\">D\u1ec5 d\u00e0ng v\u1ec7 sinh: V\u1edbi thi\u1ebft k\u1ebf \u0111\u01a1n gi\u1ea3n v\u00e0 ch\u1ea5t li\u1ec7u d\u1ec5 lau ch\u00f9i, b\u1ed3n c\u1ea7u tr\u1ebb em r\u1ea5t d\u1ec5 d\u00e0ng v\u1ec7 sinh v\u00e0 b\u1ea3o d\u01b0\u1ee1ng. \u0110i\u1ec1u n\u00e0y gi\u00fap duy tr\u00ec m\u00f4i tr\u01b0\u1eddng v\u1ec7 sinh s\u1ea1ch s\u1ebd cho tr\u1ebb.<\/span><\/h3>\n<\/li>\n<li>\n<h3><span style=\"font-family: 'times new roman', times, serif; font-size: 140%;\">Ti\u1ebft ki\u1ec7m kh\u00f4ng gian: B\u1ed3n c\u1ea7u tr\u1ebb em c\u00f3 k\u00edch th\u01b0\u1edbc nh\u1ecf, ti\u1ebft ki\u1ec7m kh\u00f4ng gian, ph\u00f9 h\u1ee3p v\u1edbi c\u00e1c gia \u0111\u00ecnh c\u00f3 di\u1ec7n t\u00edch ph\u00f2ng t\u1eafm h\u1ea1n ch\u1ebf.<\/span><\/h3>\n<\/li>\n<li style=\"text-align: center;\">\n<h3><span style=\"font-family: 'times new roman', times, serif; font-size: 140%;\">Gi\u00e1 c\u1ea3 h\u1ee3p l\u00fd: S\u1ea3n ph\u1ea9m b\u1ed3n c\u1ea7u tr\u1ebb em th\u01b0\u1eddng c\u00f3 gi\u00e1 th\u00e0nh ph\u1ea3i ch\u0103ng, ph\u00f9 h\u1ee3p v\u1edbi ng\u00e2n s\u00e1ch c\u1ee7a nhi\u1ec1u gia \u0111\u00ecnh<\/span><span style=\"font-family: 'times new roman', times, serif; font-size: 130%;\"><span style=\"font-size: 140%;\">.<\/span><\/span><\/h3>\n<\/li>\n<li style=\"text-align: center;\"><iframe loading=\"lazy\" src=\"\/\/www.youtube.com\/embed\/QtyBk3RGt9I\" width=\"560\" height=\"314\" allowfullscreen=\"allowfullscreen\"><\/iframe><\/li>\n<\/ul>\n<h1><strong><span style=\"font-family: 'times new roman', times, serif; font-size: 130%;\">3. L\u00fd do n\u00ean ch\u1ecdn mua b\u1ed3n c\u1ea7u tr\u1ebb em<\/span><\/strong><\/h1>\n<h3><span style=\"font-family: 'times new roman', times, serif; font-size: 140%;\"><strong><a href=\"https:\/\/vi.wikipedia.org\/wiki\/Qu%E1%BA%A3ng_Nam\"><em>Qu\u1ea3ng Nam<\/em><\/a>\u00a0<\/strong>l\u00e0 m\u1ed9t th\u00e0nh ph\u1ed1 ph\u00e1t tri\u1ec3n v\u1edbi nhi\u1ec1u c\u1eeda h\u00e0ng v\u00e0 \u0111\u1ea1i l\u00fd cung c\u1ea5p c\u00e1c s\u1ea3n ph\u1ea9m thi\u1ebft b\u1ecb v\u1ec7 sinh, bao g\u1ed3m c\u1ea3 b\u1ed3n c\u1ea7u tr\u1ebb em.\u00a0<\/span><\/h3>\n<ul>\n<li>\n<h3><span style=\"font-family: 'times new roman', times, serif; font-size: 140%;\">S\u1ea3n ph\u1ea9m \u0111a d\u1ea1ng: C\u00f3 nhi\u1ec1u nh\u00e0 cung c\u1ea5p uy t\u00edn v\u1edbi \u0111a d\u1ea1ng c\u00e1c lo\u1ea1i b\u1ed3n c\u1ea7u tr\u1ebb em, t\u1eeb c\u00e1c m\u1eabu m\u00e3 \u0111\u01a1n gi\u1ea3n \u0111\u1ebfn nh\u1eefng thi\u1ebft k\u1ebf hi\u1ec7n \u0111\u1ea1i, \u0111\u00e1p \u1ee9ng nhu c\u1ea7u v\u00e0 s\u1edf th\u00edch c\u1ee7a t\u1eebng gia \u0111\u00ecnh.<\/span><\/h3>\n<\/li>\n<li>\n<h3><span style=\"font-family: 'times new roman', times, serif; font-size: 140%;\">Ch\u1ea5t l\u01b0\u1ee3ng \u0111\u1ea3m b\u1ea3o: C\u00e1c s\u1ea3n ph\u1ea9m b\u1ed3n c\u1ea7u tr\u1ebb em \u00a0\u0111\u01b0\u1ee3c ki\u1ec3m \u0111\u1ecbnh ch\u1ea5t l\u01b0\u1ee3ng, \u0111\u1ea3m b\u1ea3o an to\u00e0n v\u00e0 b\u1ec1n b\u1ec9 trong qu\u00e1 tr\u00ecnh s\u1eed d\u1ee5ng.<\/span><\/h3>\n<\/li>\n<li>\n<h3><span style=\"font-family: 'times new roman', times, serif; font-size: 140%;\">D\u1ecbch v\u1ee5 h\u1eadu m\u00e3i t\u1ed1t: Nhi\u1ec1u nh\u00e0 cung c\u1ea5p\u00a0cung c\u1ea5p ch\u00ednh s\u00e1ch b\u1ea3o h\u00e0nh v\u00e0 h\u1ed7 tr\u1ee3 k\u1ef9 thu\u1eadt t\u1eadn t\u00e2m, gi\u00fap kh\u00e1ch h\u00e0ng y\u00ean t\u00e2m trong qu\u00e1 tr\u00ecnh s\u1eed d\u1ee5ng.<\/span><\/h3>\n<\/li>\n<li>\n<h3><span style=\"font-family: 'times new roman', times, serif; font-size: 140%;\">Gi\u00e1 c\u1ea3 c\u1ea1nh tranh: V\u1edbi s\u1ef1 c\u1ea1nh tranh gi\u1eefa c\u00e1c nh\u00e0 cung c\u1ea5p, gi\u00e1 b\u1ed3n c\u1ea7u tr\u1ebb em lu\u00f4n \u1edf m\u1ee9c h\u1ee3p l\u00fd, ph\u00f9 h\u1ee3p v\u1edbi ng\u00e2n s\u00e1ch c\u1ee7a nhi\u1ec1u gia \u0111\u00ecnh.<\/span><\/h3>\n<\/li>\n<\/ul>\n<blockquote class=\"tiktok-embed\" cite=\"https:\/\/www.tiktok.com\/@kinhnghiemxaydungnhao\/video\/7407020064320343312\" data-video-id=\"7407020064320343312\" data-embed-from=\"oembed\" style=\"max-width:605px; min-width:325px;\">\n<section> <a target=\"_blank\" title=\"@kinhnghiemxaydungnhao\" href=\"https:\/\/www.tiktok.com\/@kinhnghiemxaydungnhao?refer=embed\">@kinhnghiemxaydungnhao<\/a> <\/p>\n<p>Ph\u00e2n bi\u1ec7t b\u1ed3n c\u1ea7u 1 kh\u1ed1i v\u00e0 b\u1ed3n c\u1ea7u hai kh\u1ed1i <a title=\"boncaudanang\" target=\"_blank\" href=\"https:\/\/www.tiktok.com\/tag\/boncaudanang?refer=embed\">#boncaudanang<\/a> <a title=\"boncau1khoicaocap\" target=\"_blank\" href=\"https:\/\/www.tiktok.com\/tag\/boncau1khoicaocap?refer=embed\">#boncau1khoicaocap<\/a> <a title=\"danang\" target=\"_blank\" href=\"https:\/\/www.tiktok.com\/tag\/danang?refer=embed\">#danang<\/a> <\/p>\n<p> <a target=\"_blank\" title=\"\u266c nh\u1ea1c n\u1ec1n - Tranthi.vn - Tranthi.vn\" href=\"https:\/\/www.tiktok.com\/music\/nh\u1ea1c-n\u1ec1n-Tranthivn-7407020146880973585?refer=embed\">\u266c nh\u1ea1c n\u1ec1n &#8211; Tranthi.vn &#8211; Tranthi.vn<\/a> <\/section>\n<\/blockquote>\n<p> <script async src=\"https:\/\/www.tiktok.com\/embed.js\"><\/script><\/p>\n<p>&nbsp;<\/p>\n","protected":false},"excerpt":{"rendered":"<p>B\u1ed3n C\u1ea7u Tr\u1ebb Em 1. B\u1ed3n c\u1ea7u tr\u1ebb em l\u00e0 g\u00ec? B\u1ed3n c\u1ea7u tr\u1ebb em l\u00e0 lo\u1ea1i b\u1ed3n c\u1ea7u \u0111\u01b0\u1ee3c thi\u1ebft k\u1ebf \u0111\u1eb7c bi\u1ec7t v\u1edbi k\u00edch th\u01b0\u1edbc nh\u1ecf g\u1ecdn, chi\u1ec1u cao th\u1ea5p v\u00e0 c\u00e1c t\u00ednh n\u0103ng an to\u00e0n nh\u1eb1m ph\u1ee5c v\u1ee5 nhu c\u1ea7u v\u1ec7 sinh c\u1ee7a tr\u1ebb nh\u1ecf. S\u1ea3n ph\u1ea9m n\u00e0y gi\u00fap tr\u1ebb d\u1ec5 d\u00e0ng [&#8230;]\n","protected":false},"featured_media":7720,"comment_status":"closed","ping_status":"closed","template":"","meta":[],"product_cat":[180,179],"product_tag":[442],"class_list":{"0":"post-7529","1":"product","2":"type-product","3":"status-publish","4":"has-post-thumbnail","6":"product_cat-bon-cau","7":"product_cat-thiet-bi-ve-sinh-da-nang","8":"product_tag-gia-bon-cau-tre-em-tai-da-nang","10":"first","11":"instock","12":"shipping-taxable","13":"product-type-simple"},"yoast_head":"<!-- This site is optimized with the Yoast SEO Premium plugin v22.3 (Yoast SEO v22.8) - https:\/\/yoast.com\/wordpress\/plugins\/seo\/ -->\n<title>Gi\u00e1 b\u1ed3n c\u1ea7u tr\u1ebb em t\u1ea1i Qu\u1ea3ng Nam<\/title>\n<meta name=\"description\" content=\"Gi\u00e1 b\u1ed3n c\u1ea7u tr\u1ebb em t\u1ea1i Qu\u1ea3ng Nam Tr\u1ea7n th\u1ecb. Cung c\u1ea5p h\u00e0ng ho\u00e1 uy t\u00edn ch\u1ea5t l\u01b0\u1ee3ng tham kh\u1ea3o t\u1ea1i web: tranthi.vn \u0111\u1ec3 bi\u1ebft th\u00eam chi ti\u1ebft\" \/>\n<meta name=\"robots\" content=\"index, follow, max-snippet:-1, max-image-preview:large, max-video-preview:-1\" \/>\n<link rel=\"canonical\" href=\"https:\/\/tranthi.vn\/quangnam\/bon-cau-tre-em-gia-re-hoi-an-tam-ky-quang-nam\/\" \/>\n<meta property=\"og:locale\" content=\"vi_VN\" \/>\n<meta property=\"og:type\" content=\"article\" \/>\n<meta property=\"og:title\" content=\"B\u1ed3n C\u1ea7u Tr\u1ebb Em\" \/>\n<meta property=\"og:description\" content=\"Gi\u00e1 b\u1ed3n c\u1ea7u tr\u1ebb em t\u1ea1i Qu\u1ea3ng Nam Tr\u1ea7n th\u1ecb. Cung c\u1ea5p h\u00e0ng ho\u00e1 uy t\u00edn ch\u1ea5t l\u01b0\u1ee3ng tham kh\u1ea3o t\u1ea1i web: tranthi.vn \u0111\u1ec3 bi\u1ebft th\u00eam chi ti\u1ebft\" \/>\n<meta property=\"og:url\" content=\"https:\/\/tranthi.vn\/quangnam\/bon-cau-tre-em-gia-re-hoi-an-tam-ky-quang-nam\/\" \/>\n<meta property=\"og:site_name\" content=\"V\u1eadt Li\u1ec7u X\u00e2y D\u1ef1ng Tr\u1ea7n Th\u1ecb Chi Nh\u00e1nh Qu\u1ea3ng Nam\" \/>\n<meta property=\"article:modified_time\" content=\"2024-11-15T01:07:47+00:00\" \/>\n<meta property=\"og:image\" content=\"https:\/\/tranthi.vn\/quangnam\/wp-content\/uploads\/2024\/07\/bon-cau-tre-em-tai-tam-ky-hoi-an-quang-nam.png\" \/>\n\t<meta property=\"og:image:width\" content=\"300\" \/>\n\t<meta property=\"og:image:height\" content=\"300\" \/>\n\t<meta property=\"og:image:type\" content=\"image\/png\" \/>\n<meta name=\"twitter:card\" content=\"summary_large_image\" \/>\n<meta name=\"twitter:label1\" content=\"Gi\u00e1\" \/>\n\t<meta name=\"twitter:data1\" content=\"\" \/>\n\t<meta name=\"twitter:label2\" content=\"Kh\u1ea3 d\u1ee5ng\" \/>\n\t<meta name=\"twitter:data2\" content=\"Trong kho\" \/>\n<script type=\"application\/ld+json\" class=\"yoast-schema-graph\">{\"@context\":\"https:\/\/schema.org\",\"@graph\":[{\"@type\":[\"WebPage\",\"ItemPage\"],\"@id\":\"https:\/\/tranthi.vn\/quangnam\/bon-cau-tre-em-gia-re-hoi-an-tam-ky-quang-nam\/\",\"url\":\"https:\/\/tranthi.vn\/quangnam\/bon-cau-tre-em-gia-re-hoi-an-tam-ky-quang-nam\/\",\"name\":\"Gi\u00e1 b\u1ed3n c\u1ea7u tr\u1ebb em t\u1ea1i Qu\u1ea3ng Nam\",\"isPartOf\":{\"@id\":\"https:\/\/tranthi.vn\/quangnam\/#website\"},\"primaryImageOfPage\":{\"@id\":\"https:\/\/tranthi.vn\/quangnam\/bon-cau-tre-em-gia-re-hoi-an-tam-ky-quang-nam\/#primaryimage\"},\"image\":{\"@id\":\"https:\/\/tranthi.vn\/quangnam\/bon-cau-tre-em-gia-re-hoi-an-tam-ky-quang-nam\/#primaryimage\"},\"thumbnailUrl\":\"https:\/\/tranthi.vn\/quangnam\/wp-content\/uploads\/2024\/07\/bon-cau-tre-em-tai-tam-ky-hoi-an-quang-nam.png\",\"datePublished\":\"2024-07-19T04:16:27+00:00\",\"dateModified\":\"2024-11-15T01:07:47+00:00\",\"description\":\"Gi\u00e1 b\u1ed3n c\u1ea7u tr\u1ebb em t\u1ea1i Qu\u1ea3ng Nam Tr\u1ea7n th\u1ecb. Cung c\u1ea5p h\u00e0ng ho\u00e1 uy t\u00edn ch\u1ea5t l\u01b0\u1ee3ng tham kh\u1ea3o t\u1ea1i web: tranthi.vn \u0111\u1ec3 bi\u1ebft th\u00eam chi ti\u1ebft\",\"breadcrumb\":{\"@id\":\"https:\/\/tranthi.vn\/quangnam\/bon-cau-tre-em-gia-re-hoi-an-tam-ky-quang-nam\/#breadcrumb\"},\"inLanguage\":\"vi\",\"potentialAction\":[{\"@type\":\"ReadAction\",\"target\":[\"https:\/\/tranthi.vn\/quangnam\/bon-cau-tre-em-gia-re-hoi-an-tam-ky-quang-nam\/\"]}]},{\"@type\":\"ImageObject\",\"inLanguage\":\"vi\",\"@id\":\"https:\/\/tranthi.vn\/quangnam\/bon-cau-tre-em-gia-re-hoi-an-tam-ky-quang-nam\/#primaryimage\",\"url\":\"https:\/\/tranthi.vn\/quangnam\/wp-content\/uploads\/2024\/07\/bon-cau-tre-em-tai-tam-ky-hoi-an-quang-nam.png\",\"contentUrl\":\"https:\/\/tranthi.vn\/quangnam\/wp-content\/uploads\/2024\/07\/bon-cau-tre-em-tai-tam-ky-hoi-an-quang-nam.png\",\"width\":300,\"height\":300,\"caption\":\"b\u1ed3n c\u1ea7u tr\u1ebb em t\u1ea1i tam k\u1ef3- h\u1ed9i an- qu\u1ea3ng nam\"},{\"@type\":\"BreadcrumbList\",\"@id\":\"https:\/\/tranthi.vn\/quangnam\/bon-cau-tre-em-gia-re-hoi-an-tam-ky-quang-nam\/#breadcrumb\",\"itemListElement\":[{\"@type\":\"ListItem\",\"position\":1,\"name\":\"Trang ch\u1ee7\",\"item\":\"https:\/\/tranthi.vn\/quangnam\/\"},{\"@type\":\"ListItem\",\"position\":2,\"name\":\"Shop\",\"item\":\"https:\/\/tranthi.vn\/quangnam\/shop\/\"},{\"@type\":\"ListItem\",\"position\":3,\"name\":\"B\u1ed3n C\u1ea7u Tr\u1ebb Em\"}]},{\"@type\":\"WebSite\",\"@id\":\"https:\/\/tranthi.vn\/quangnam\/#website\",\"url\":\"https:\/\/tranthi.vn\/quangnam\/\",\"name\":\"V\u1eadt Li\u1ec7u X\u00e2y D\u1ef1ng Tr\u1ea7n Th\u1ecb Chi Nh\u00e1nh Qu\u1ea3ng Nam\",\"description\":\"V\u1eadt Li\u1ec7u X\u00e2y D\u1ef1ng - Qu\u1ea3ng Nam\",\"potentialAction\":[{\"@type\":\"SearchAction\",\"target\":{\"@type\":\"EntryPoint\",\"urlTemplate\":\"https:\/\/tranthi.vn\/quangnam\/?s={search_term_string}\"},\"query-input\":\"required name=search_term_string\"}],\"inLanguage\":\"vi\"},{\"@type\":\"ImageObject\",\"inLanguage\":\"vi\",\"@id\":\"https:\/\/tranthi.vn\/quangnam\/bon-cau-tre-em-gia-re-hoi-an-tam-ky-quang-nam\/#local-main-organization-logo\",\"url\":\"\",\"contentUrl\":\"\",\"caption\":\"V\u1eadt Li\u1ec7u X\u00e2y D\u1ef1ng Tr\u1ea7n Th\u1ecb Chi Nh\u00e1nh Qu\u1ea3ng Nam\"}]}<\/script>\n<meta property=\"product:price:amount\" content=\"0\" \/>\n<meta property=\"product:price:currency\" content=\"VND\" \/>\n<meta property=\"og:availability\" content=\"instock\" \/>\n<meta property=\"product:availability\" content=\"instock\" \/>\n<meta property=\"product:condition\" content=\"new\" \/>\n<!-- \/ Yoast SEO Premium plugin. -->","yoast_head_json":{"title":"Gi\u00e1 b\u1ed3n c\u1ea7u tr\u1ebb em t\u1ea1i Qu\u1ea3ng Nam","description":"Gi\u00e1 b\u1ed3n c\u1ea7u tr\u1ebb em t\u1ea1i Qu\u1ea3ng Nam Tr\u1ea7n th\u1ecb. Cung c\u1ea5p h\u00e0ng ho\u00e1 uy t\u00edn ch\u1ea5t l\u01b0\u1ee3ng tham kh\u1ea3o t\u1ea1i web: tranthi.vn \u0111\u1ec3 bi\u1ebft th\u00eam chi ti\u1ebft","robots":{"index":"index","follow":"follow","max-snippet":"max-snippet:-1","max-image-preview":"max-image-preview:large","max-video-preview":"max-video-preview:-1"},"canonical":"https:\/\/tranthi.vn\/quangnam\/bon-cau-tre-em-gia-re-hoi-an-tam-ky-quang-nam\/","og_locale":"vi_VN","og_type":"article","og_title":"B\u1ed3n C\u1ea7u Tr\u1ebb Em","og_description":"Gi\u00e1 b\u1ed3n c\u1ea7u tr\u1ebb em t\u1ea1i Qu\u1ea3ng Nam Tr\u1ea7n th\u1ecb. Cung c\u1ea5p h\u00e0ng ho\u00e1 uy t\u00edn ch\u1ea5t l\u01b0\u1ee3ng tham kh\u1ea3o t\u1ea1i web: tranthi.vn \u0111\u1ec3 bi\u1ebft th\u00eam chi ti\u1ebft","og_url":"https:\/\/tranthi.vn\/quangnam\/bon-cau-tre-em-gia-re-hoi-an-tam-ky-quang-nam\/","og_site_name":"V\u1eadt Li\u1ec7u X\u00e2y D\u1ef1ng Tr\u1ea7n Th\u1ecb Chi Nh\u00e1nh Qu\u1ea3ng Nam","article_modified_time":"2024-11-15T01:07:47+00:00","og_image":[{"width":300,"height":300,"url":"https:\/\/tranthi.vn\/quangnam\/wp-content\/uploads\/2024\/07\/bon-cau-tre-em-tai-tam-ky-hoi-an-quang-nam.png","type":"image\/png"}],"twitter_card":"summary_large_image","twitter_misc":{"Gi\u00e1":"","Kh\u1ea3 d\u1ee5ng":"Trong kho"},"schema":{"@context":"https:\/\/schema.org","@graph":[{"@type":["WebPage","ItemPage"],"@id":"https:\/\/tranthi.vn\/quangnam\/bon-cau-tre-em-gia-re-hoi-an-tam-ky-quang-nam\/","url":"https:\/\/tranthi.vn\/quangnam\/bon-cau-tre-em-gia-re-hoi-an-tam-ky-quang-nam\/","name":"Gi\u00e1 b\u1ed3n c\u1ea7u tr\u1ebb em t\u1ea1i Qu\u1ea3ng Nam","isPartOf":{"@id":"https:\/\/tranthi.vn\/quangnam\/#website"},"primaryImageOfPage":{"@id":"https:\/\/tranthi.vn\/quangnam\/bon-cau-tre-em-gia-re-hoi-an-tam-ky-quang-nam\/#primaryimage"},"image":{"@id":"https:\/\/tranthi.vn\/quangnam\/bon-cau-tre-em-gia-re-hoi-an-tam-ky-quang-nam\/#primaryimage"},"thumbnailUrl":"https:\/\/tranthi.vn\/quangnam\/wp-content\/uploads\/2024\/07\/bon-cau-tre-em-tai-tam-ky-hoi-an-quang-nam.png","datePublished":"2024-07-19T04:16:27+00:00","dateModified":"2024-11-15T01:07:47+00:00","description":"Gi\u00e1 b\u1ed3n c\u1ea7u tr\u1ebb em t\u1ea1i Qu\u1ea3ng Nam Tr\u1ea7n th\u1ecb. Cung c\u1ea5p h\u00e0ng ho\u00e1 uy t\u00edn ch\u1ea5t l\u01b0\u1ee3ng tham kh\u1ea3o t\u1ea1i web: tranthi.vn \u0111\u1ec3 bi\u1ebft th\u00eam chi ti\u1ebft","breadcrumb":{"@id":"https:\/\/tranthi.vn\/quangnam\/bon-cau-tre-em-gia-re-hoi-an-tam-ky-quang-nam\/#breadcrumb"},"inLanguage":"vi","potentialAction":[{"@type":"ReadAction","target":["https:\/\/tranthi.vn\/quangnam\/bon-cau-tre-em-gia-re-hoi-an-tam-ky-quang-nam\/"]}]},{"@type":"ImageObject","inLanguage":"vi","@id":"https:\/\/tranthi.vn\/quangnam\/bon-cau-tre-em-gia-re-hoi-an-tam-ky-quang-nam\/#primaryimage","url":"https:\/\/tranthi.vn\/quangnam\/wp-content\/uploads\/2024\/07\/bon-cau-tre-em-tai-tam-ky-hoi-an-quang-nam.png","contentUrl":"https:\/\/tranthi.vn\/quangnam\/wp-content\/uploads\/2024\/07\/bon-cau-tre-em-tai-tam-ky-hoi-an-quang-nam.png","width":300,"height":300,"caption":"b\u1ed3n c\u1ea7u tr\u1ebb em t\u1ea1i tam k\u1ef3- h\u1ed9i an- qu\u1ea3ng nam"},{"@type":"BreadcrumbList","@id":"https:\/\/tranthi.vn\/quangnam\/bon-cau-tre-em-gia-re-hoi-an-tam-ky-quang-nam\/#breadcrumb","itemListElement":[{"@type":"ListItem","position":1,"name":"Trang ch\u1ee7","item":"https:\/\/tranthi.vn\/quangnam\/"},{"@type":"ListItem","position":2,"name":"Shop","item":"https:\/\/tranthi.vn\/quangnam\/shop\/"},{"@type":"ListItem","position":3,"name":"B\u1ed3n C\u1ea7u Tr\u1ebb Em"}]},{"@type":"WebSite","@id":"https:\/\/tranthi.vn\/quangnam\/#website","url":"https:\/\/tranthi.vn\/quangnam\/","name":"V\u1eadt Li\u1ec7u X\u00e2y D\u1ef1ng Tr\u1ea7n Th\u1ecb Chi Nh\u00e1nh Qu\u1ea3ng Nam","description":"V\u1eadt Li\u1ec7u X\u00e2y D\u1ef1ng - Qu\u1ea3ng Nam","potentialAction":[{"@type":"SearchAction","target":{"@type":"EntryPoint","urlTemplate":"https:\/\/tranthi.vn\/quangnam\/?s={search_term_string}"},"query-input":"required name=search_term_string"}],"inLanguage":"vi"},{"@type":"ImageObject","inLanguage":"vi","@id":"https:\/\/tranthi.vn\/quangnam\/bon-cau-tre-em-gia-re-hoi-an-tam-ky-quang-nam\/#local-main-organization-logo","url":"","contentUrl":"","caption":"V\u1eadt Li\u1ec7u X\u00e2y D\u1ef1ng Tr\u1ea7n Th\u1ecb Chi Nh\u00e1nh Qu\u1ea3ng Nam"}]},"product_price_currency":"VND","og_availability":"instock","product_availability":"instock","product_condition":"new"},"_links":{"self":[{"href":"https:\/\/tranthi.vn\/quangnam\/wp-json\/wp\/v2\/product\/7529","targetHints":{"allow":["GET"]}}],"collection":[{"href":"https:\/\/tranthi.vn\/quangnam\/wp-json\/wp\/v2\/product"}],"about":[{"href":"https:\/\/tranthi.vn\/quangnam\/wp-json\/wp\/v2\/types\/product"}],"replies":[{"embeddable":true,"href":"https:\/\/tranthi.vn\/quangnam\/wp-json\/wp\/v2\/comments?post=7529"}],"wp:featuredmedia":[{"embeddable":true,"href":"https:\/\/tranthi.vn\/quangnam\/wp-json\/wp\/v2\/media\/7720"}],"wp:attachment":[{"href":"https:\/\/tranthi.vn\/quangnam\/wp-json\/wp\/v2\/media?parent=7529"}],"wp:term":[{"taxonomy":"product_cat","embeddable":true,"href":"https:\/\/tranthi.vn\/quangnam\/wp-json\/wp\/v2\/product_cat?post=7529"},{"taxonomy":"product_tag","embeddable":true,"href":"https:\/\/tranthi.vn\/quangnam\/wp-json\/wp\/v2\/product_tag?post=7529"}],"curies":[{"name":"wp","href":"https:\/\/api.w.org\/{rel}","templated":true}]}}