{"id":7527,"date":"2024-07-19T11:06:25","date_gmt":"2024-07-19T04:06:25","guid":{"rendered":"https:\/\/tranthi.vn\/quangnam\/?post_type=product&#038;p=7527"},"modified":"2024-11-18T08:28:57","modified_gmt":"2024-11-18T01:28:57","slug":"gia-lan-can-kinh-gia-re-hoi-an-tam-ky-quang-nam","status":"publish","type":"product","link":"https:\/\/tranthi.vn\/quangnam\/gia-lan-can-kinh-gia-re-hoi-an-tam-ky-quang-nam\/","title":{"rendered":"Lan Can K\u00ednh"},"content":{"rendered":"<h1 style=\"text-align: center;\"><span style=\"font-family: 'times new roman', times, serif; font-size: 140%;\">Lan Can K\u00ednh Qu\u1ea3ng Nam<\/span><\/h1>\n<h1><strong><span style=\"font-family: 'times new roman', times, serif; font-size: 130%;\">Lan Can K\u00ednh &#8211; \u0110\u1eb3ng C\u1ea5p v\u00e0 An To\u00e0n Cho Kh\u00f4ng Gian<\/span><\/strong><\/h1>\n<h3><span style=\"font-family: 'times new roman', times, serif; font-size: 130%;\">Lan can k\u00ednh \u0111ang tr\u1edf th\u00e0nh s\u1ef1 l\u1ef1a ch\u1ecdn ph\u1ed5 bi\u1ebfn trong thi\u1ebft k\u1ebf ki\u1ebfn tr\u00fac v\u00e0 n\u1ed9i th\u1ea5t nh\u1edd v\u00e0o s\u1ef1 k\u1ebft h\u1ee3p gi\u1eefa t\u00ednh th\u1ea9m m\u1ef9 v\u00e0 t\u00ednh n\u0103ng b\u1ea3o v\u1ec7. V\u1edbi v\u1ebb \u0111\u1eb9p hi\u1ec7n \u0111\u1ea1i v\u00e0 s\u1ef1 b\u1ec1n b\u1ec9, lan can k\u00ednh kh\u00f4ng ch\u1ec9 t\u1ea1o \u0111i\u1ec3m nh\u1ea5n n\u1ed5i b\u1eadt cho kh\u00f4ng gian m\u00e0 c\u00f2n mang l\u1ea1i s\u1ef1 an to\u00e0n cho c\u00e1c khu v\u1ef1c c\u1ea7n b\u1ea3o v\u1ec7.\u00a0<\/span><\/h3>\n<figure id=\"attachment_7805\" aria-describedby=\"caption-attachment-7805\" style=\"width: 300px\" class=\"wp-caption aligncenter\"><img loading=\"lazy\" decoding=\"async\" class=\"size-full wp-image-7805\" src=\"https:\/\/tranthi.vn\/quangnam\/wp-content\/uploads\/2024\/07\/lan-can-kinh-tai-tam-ky-hoi-an-quang-nam.png\" alt=\"lan can kinh t\u1ea1i tam k\u1ef3- h\u1ed9i an- qu\u1ea3ng nam\" width=\"300\" height=\"300\" srcset=\"https:\/\/tranthi.vn\/quangnam\/wp-content\/uploads\/2024\/07\/lan-can-kinh-tai-tam-ky-hoi-an-quang-nam.png 300w, https:\/\/tranthi.vn\/quangnam\/wp-content\/uploads\/2024\/07\/lan-can-kinh-tai-tam-ky-hoi-an-quang-nam-100x100.png 100w\" sizes=\"auto, (max-width: 300px) 100vw, 300px\" \/><figcaption id=\"caption-attachment-7805\" class=\"wp-caption-text\">lan can kinh t\u1ea1i tam k\u1ef3- h\u1ed9i an- qu\u1ea3ng nam<\/figcaption><\/figure>\n<h1><strong><span style=\"font-family: 'times new roman', times, serif; font-size: 130%;\">1. Lan can k\u00ednh l\u00e0 g\u00ec?<\/span><\/strong><\/h1>\n<h3><span style=\"font-family: 'times new roman', times, serif; font-size: 130%;\">Lan can k\u00ednh l\u00e0 lo\u1ea1i lan can \u0111\u01b0\u1ee3c l\u00e0m t\u1eeb k\u00ednh c\u01b0\u1eddng l\u1ef1c ho\u1eb7c k\u00ednh an to\u00e0n, k\u1ebft h\u1ee3p v\u1edbi c\u00e1c khung kim lo\u1ea1i ho\u1eb7c h\u1ec7 th\u1ed1ng g\u1eafn k\u1ebft kh\u00e1c. K\u00ednh c\u01b0\u1eddng l\u1ef1c c\u00f3 \u0111\u1ed9 b\u1ec1n cao, kh\u1ea3 n\u0103ng ch\u1ecbu l\u1ef1c t\u1ed1t v\u00e0 th\u01b0\u1eddng \u0111\u01b0\u1ee3c s\u1eed d\u1ee5ng \u0111\u1ec3 b\u1ea3o v\u1ec7 c\u00e1c khu v\u1ef1c nh\u01b0 c\u1ea7u thang, ban c\u00f4ng, l\u1ed1i \u0111i ho\u1eb7c khu v\u1ef1c ngo\u00e0i tr\u1eddi. Lan can k\u00ednh th\u01b0\u1eddng c\u00f3 thi\u1ebft k\u1ebf tinh t\u1ebf v\u00e0 thanh m\u1ea3nh, gi\u00fap t\u1ea1o ra c\u1ea3m gi\u00e1c kh\u00f4ng gian m\u1edf v\u00e0 sang tr\u1ecdng.<\/span><\/h3>\n<p style=\"text-align: center;\"><iframe loading=\"lazy\" src=\"\/\/www.youtube.com\/embed\/XV458UDLbX0\" width=\"560\" height=\"314\" allowfullscreen=\"allowfullscreen\"><\/iframe><\/p>\n<h1><strong><span style=\"font-family: 'times new roman', times, serif; font-size: 130%;\">2. \u01afu \u0111i\u1ec3m c\u1ee7a lan can k\u00ednh<\/span><\/strong><\/h1>\n<h3><span style=\"font-family: 'times new roman', times, serif; font-size: 130%;\">Lan can k\u00ednh mang l\u1ea1i nhi\u1ec1u l\u1ee3i \u00edch \u0111\u00e1ng k\u1ec3:<\/span><\/h3>\n<ul>\n<li>\n<h3><span style=\"font-family: 'times new roman', times, serif; font-size: 130%;\">T\u00ednh th\u1ea9m m\u1ef9 cao: Lan can k\u00ednh t\u1ea1o ra v\u1ebb \u0111\u1eb9p hi\u1ec7n \u0111\u1ea1i, tinh t\u1ebf v\u00e0 sang tr\u1ecdng cho kh\u00f4ng gian. K\u00ednh trong su\u1ed1t gi\u00fap kh\u00f4ng gian tr\u1edf n\u00ean r\u1ed9ng r\u00e3i v\u00e0 s\u00e1ng s\u1ee7a h\u01a1n, l\u00e0m n\u1ed5i b\u1eadt thi\u1ebft k\u1ebf n\u1ed9i th\u1ea5t v\u00e0 ngo\u1ea1i th\u1ea5t.<\/span><\/h3>\n<\/li>\n<li>\n<h3><span style=\"font-family: 'times new roman', times, serif; font-size: 130%;\">\u0110\u1ed9 b\u1ec1n v\u00e0 an to\u00e0n: K\u00ednh c\u01b0\u1eddng l\u1ef1c \u0111\u01b0\u1ee3c x\u1eed l\u00fd \u0111\u1ec3 ch\u1ecbu l\u1ef1c v\u00e0 va \u0111\u1eadp t\u1ed1t, \u0111\u1ea3m b\u1ea3o \u0111\u1ed9 an to\u00e0n cao cho ng\u01b0\u1eddi s\u1eed d\u1ee5ng. C\u00e1c khung kim lo\u1ea1i ho\u1eb7c h\u1ec7 th\u1ed1ng g\u1eafn k\u1ebft ch\u1eafc ch\u1eafn h\u1ed7 tr\u1ee3 th\u00eam t\u00ednh \u1ed5n \u0111\u1ecbnh c\u1ee7a lan can.<\/span><\/h3>\n<\/li>\n<li>\n<h3><span style=\"font-family: 'times new roman', times, serif; font-size: 130%;\">D\u1ec5 d\u00e0ng b\u1ea3o tr\u00ec: B\u1ec1 m\u1eb7t k\u00ednh d\u1ec5 d\u00e0ng lau ch\u00f9i v\u00e0 b\u1ea3o tr\u00ec, gi\u00fap duy tr\u00ec v\u1ebb \u0111\u1eb9p v\u00e0 s\u1ef1 s\u1ea1ch s\u1ebd c\u1ee7a lan can trong th\u1eddi gian d\u00e0i.<\/span><\/h3>\n<\/li>\n<li>\n<h3><span style=\"font-family: 'times new roman', times, serif; font-size: 130%;\">T\u1ea1o kh\u00f4ng gian m\u1edf: Lan can k\u00ednh kh\u00f4ng c\u1ea3n tr\u1edf t\u1ea7m nh\u00ecn v\u00e0 \u00e1nh s\u00e1ng, gi\u00fap t\u1ea1o c\u1ea3m gi\u00e1c tho\u00e1ng \u0111\u00e3ng v\u00e0 k\u1ebft n\u1ed1i c\u00e1c kh\u00f4ng gian kh\u00e1c nhau m\u1ed9t c\u00e1ch h\u00e0i h\u00f2a.<\/span><\/h3>\n<\/li>\n<\/ul>\n<p style=\"text-align: center;\"><iframe loading=\"lazy\" src=\"\/\/www.youtube.com\/embed\/tzNZhi13nyY\" width=\"560\" height=\"314\" allowfullscreen=\"allowfullscreen\"><\/iframe><\/p>\n<h1><strong><span style=\"font-family: 'times new roman', times, serif; font-size: 130%;\">3. L\u00fd do n\u00ean ch\u1ecdn lan can k\u00ednh\u00a0<\/span><\/strong><\/h1>\n<h3><span style=\"font-family: 'times new roman', times, serif; font-size: 130%;\"><a href=\"https:\/\/vi.wikipedia.org\/wiki\/Qu%E1%BA%A3ng_Nam\"><em>Qu\u1ea3ng Nam<\/em><\/a> l\u00e0 th\u00e0nh ph\u1ed1 \u0111ang ph\u00e1t tri\u1ec3n nhanh ch\u00f3ng v\u1edbi nhu c\u1ea7u cao v\u1ec1 thi\u1ebft k\u1ebf v\u00e0 x\u00e2y d\u1ef1ng hi\u1ec7n \u0111\u1ea1i. D\u01b0\u1edbi \u0111\u00e2y l\u00e0 l\u00fd do b\u1ea1n n\u00ean ch\u1ecdn mua lan can k\u00ednh :<\/span><\/h3>\n<ul>\n<li>\n<h3><span style=\"font-family: 'times new roman', times, serif; font-size: 130%;\">S\u1ea3n ph\u1ea9m ch\u1ea5t l\u01b0\u1ee3ng: C\u00e1c nh\u00e0 cung c\u1ea5p \u0111\u00e3 cung c\u1ea5p lan can k\u00ednh ch\u1ea5t l\u01b0\u1ee3ng cao, \u0111\u01b0\u1ee3c s\u1ea3n xu\u1ea5t theo ti\u00eau chu\u1ea9n qu\u1ed1c t\u1ebf, \u0111\u1ea3m b\u1ea3o \u0111\u1ed9 b\u1ec1n v\u00e0 th\u1ea9m m\u1ef9.<\/span><\/h3>\n<\/li>\n<li>\n<h3><span style=\"font-family: 'times new roman', times, serif; font-size: 130%;\">D\u1ecbch v\u1ee5 l\u1eafp \u0111\u1eb7t chuy\u00ean nghi\u1ec7p: Nhi\u1ec1u c\u00f4ng ty t\u1ea1i <a href=\"https:\/\/vi.wikipedia.org\/wiki\/Qu%E1%BA%A3ng_Nam\"><em><strong>Qu\u1ea3ng Nam<\/strong><\/em><\/a>\u00a0cung c\u1ea5p d\u1ecbch v\u1ee5 l\u1eafp \u0111\u1eb7t lan can k\u00ednh chuy\u00ean nghi\u1ec7p, gi\u00fap \u0111\u1ea3m b\u1ea3o c\u00f4ng tr\u00ecnh \u0111\u01b0\u1ee3c th\u1ef1c hi\u1ec7n ch\u00ednh x\u00e1c v\u00e0 an to\u00e0n.<\/span><\/h3>\n<\/li>\n<li>\n<h3><span style=\"font-family: 'times new roman', times, serif; font-size: 130%;\">Gi\u00e1 c\u1ea3 c\u1ea1nh tranh: V\u1edbi s\u1ef1 c\u1ea1nh tranh gi\u1eefa c\u00e1c nh\u00e0 cung c\u1ea5p, gi\u00e1 lan can k\u00ednh th\u01b0\u1eddng r\u1ea5t h\u1ee3p l\u00fd, ph\u00f9 h\u1ee3p v\u1edbi ng\u00e2n s\u00e1ch c\u1ee7a nhi\u1ec1u d\u1ef1 \u00e1n x\u00e2y d\u1ef1ng.<\/span><\/h3>\n<\/li>\n<\/ul>\n<figure id=\"attachment_7806\" aria-describedby=\"caption-attachment-7806\" style=\"width: 300px\" class=\"wp-caption aligncenter\"><img loading=\"lazy\" decoding=\"async\" class=\"wp-image-7806 size-full\" src=\"https:\/\/tranthi.vn\/quangnam\/wp-content\/uploads\/2024\/07\/lan-can-kinh-tai-tam-ky-hoi-an-quang-nam-1.png\" alt=\"lan can kinh t\u1ea1i tam k\u1ef3- h\u1ed9i an- qu\u1ea3ng nam\" width=\"300\" height=\"300\" srcset=\"https:\/\/tranthi.vn\/quangnam\/wp-content\/uploads\/2024\/07\/lan-can-kinh-tai-tam-ky-hoi-an-quang-nam-1.png 300w, https:\/\/tranthi.vn\/quangnam\/wp-content\/uploads\/2024\/07\/lan-can-kinh-tai-tam-ky-hoi-an-quang-nam-1-100x100.png 100w\" sizes=\"auto, (max-width: 300px) 100vw, 300px\" \/><figcaption id=\"caption-attachment-7806\" class=\"wp-caption-text\">\u00a0 lan can kinh t\u1ea1i tam k\u1ef3- h\u1ed9i an- qu\u1ea3ng nam<\/figcaption><\/figure>\n","protected":false},"excerpt":{"rendered":"<p>Lan Can K\u00ednh Qu\u1ea3ng Nam Lan Can K\u00ednh &#8211; \u0110\u1eb3ng C\u1ea5p v\u00e0 An To\u00e0n Cho Kh\u00f4ng Gian Lan can k\u00ednh \u0111ang tr\u1edf th\u00e0nh s\u1ef1 l\u1ef1a ch\u1ecdn ph\u1ed5 bi\u1ebfn trong thi\u1ebft k\u1ebf ki\u1ebfn tr\u00fac v\u00e0 n\u1ed9i th\u1ea5t nh\u1edd v\u00e0o s\u1ef1 k\u1ebft h\u1ee3p gi\u1eefa t\u00ednh th\u1ea9m m\u1ef9 v\u00e0 t\u00ednh n\u0103ng b\u1ea3o v\u1ec7. V\u1edbi v\u1ebb \u0111\u1eb9p hi\u1ec7n \u0111\u1ea1i [&#8230;]\n","protected":false},"featured_media":7806,"comment_status":"closed","ping_status":"closed","template":"","meta":[],"product_cat":[308],"product_tag":[449],"class_list":{"0":"post-7527","1":"product","2":"type-product","3":"status-publish","4":"has-post-thumbnail","6":"product_cat-tu-gam-cau-thang","7":"product_tag-lan-can-kinh-o-da-nang","9":"first","10":"instock","11":"shipping-taxable","12":"product-type-simple"},"yoast_head":"<!-- This site is optimized with the Yoast SEO Premium plugin v22.3 (Yoast SEO v22.8) - https:\/\/yoast.com\/wordpress\/plugins\/seo\/ -->\n<title>Gi\u00e1 lan can k\u00ednh t\u1ea1i Qu\u1ea3ng Nam-0947.335.871<\/title>\n<meta name=\"description\" content=\"Gi\u00e1 lan can k\u00ednh t\u1ea1i Qu\u1ea3ng Nam-0947.335.871 Tr\u1ea7n th\u1ecb. Cung c\u1ea5p h\u00e0ng ho\u00e1 uy t\u00edn ch\u1ea5t l\u01b0\u1ee3ng tham kh\u1ea3o t\u1ea1i web: tranthi.vn \u0111\u1ec3 bi\u1ebft th\u00eam chi ti\u1ebft\" \/>\n<meta name=\"robots\" content=\"index, follow, max-snippet:-1, max-image-preview:large, max-video-preview:-1\" \/>\n<link rel=\"canonical\" href=\"https:\/\/tranthi.vn\/quangnam\/gia-lan-can-kinh-gia-re-hoi-an-tam-ky-quang-nam\/\" \/>\n<meta property=\"og:locale\" content=\"vi_VN\" \/>\n<meta property=\"og:type\" content=\"article\" \/>\n<meta property=\"og:title\" content=\"Lan Can K\u00ednh\" \/>\n<meta property=\"og:description\" content=\"Gi\u00e1 lan can k\u00ednh t\u1ea1i Qu\u1ea3ng Nam-0947.335.871 Tr\u1ea7n th\u1ecb. Cung c\u1ea5p h\u00e0ng ho\u00e1 uy t\u00edn ch\u1ea5t l\u01b0\u1ee3ng tham kh\u1ea3o t\u1ea1i web: tranthi.vn \u0111\u1ec3 bi\u1ebft th\u00eam chi ti\u1ebft\" \/>\n<meta property=\"og:url\" content=\"https:\/\/tranthi.vn\/quangnam\/gia-lan-can-kinh-gia-re-hoi-an-tam-ky-quang-nam\/\" \/>\n<meta property=\"og:site_name\" content=\"V\u1eadt Li\u1ec7u X\u00e2y D\u1ef1ng Tr\u1ea7n Th\u1ecb Chi Nh\u00e1nh Qu\u1ea3ng Nam\" \/>\n<meta property=\"article:modified_time\" content=\"2024-11-18T01:28:57+00:00\" \/>\n<meta property=\"og:image\" content=\"https:\/\/tranthi.vn\/quangnam\/wp-content\/uploads\/2024\/07\/lan-can-kinh-tai-tam-ky-hoi-an-quang-nam-1.png\" \/>\n\t<meta property=\"og:image:width\" content=\"300\" \/>\n\t<meta property=\"og:image:height\" content=\"300\" \/>\n\t<meta property=\"og:image:type\" content=\"image\/png\" \/>\n<meta name=\"twitter:card\" content=\"summary_large_image\" \/>\n<meta name=\"twitter:label1\" content=\"Gi\u00e1\" \/>\n\t<meta name=\"twitter:data1\" content=\"\" \/>\n\t<meta name=\"twitter:label2\" content=\"Kh\u1ea3 d\u1ee5ng\" \/>\n\t<meta name=\"twitter:data2\" content=\"Trong kho\" \/>\n<script type=\"application\/ld+json\" class=\"yoast-schema-graph\">{\"@context\":\"https:\/\/schema.org\",\"@graph\":[{\"@type\":[\"WebPage\",\"ItemPage\"],\"@id\":\"https:\/\/tranthi.vn\/quangnam\/gia-lan-can-kinh-gia-re-hoi-an-tam-ky-quang-nam\/\",\"url\":\"https:\/\/tranthi.vn\/quangnam\/gia-lan-can-kinh-gia-re-hoi-an-tam-ky-quang-nam\/\",\"name\":\"Gi\u00e1 lan can k\u00ednh t\u1ea1i Qu\u1ea3ng Nam-0947.335.871\",\"isPartOf\":{\"@id\":\"https:\/\/tranthi.vn\/quangnam\/#website\"},\"primaryImageOfPage\":{\"@id\":\"https:\/\/tranthi.vn\/quangnam\/gia-lan-can-kinh-gia-re-hoi-an-tam-ky-quang-nam\/#primaryimage\"},\"image\":{\"@id\":\"https:\/\/tranthi.vn\/quangnam\/gia-lan-can-kinh-gia-re-hoi-an-tam-ky-quang-nam\/#primaryimage\"},\"thumbnailUrl\":\"https:\/\/tranthi.vn\/quangnam\/wp-content\/uploads\/2024\/07\/lan-can-kinh-tai-tam-ky-hoi-an-quang-nam-1.png\",\"datePublished\":\"2024-07-19T04:06:25+00:00\",\"dateModified\":\"2024-11-18T01:28:57+00:00\",\"description\":\"Gi\u00e1 lan can k\u00ednh t\u1ea1i Qu\u1ea3ng Nam-0947.335.871 Tr\u1ea7n th\u1ecb. Cung c\u1ea5p h\u00e0ng ho\u00e1 uy t\u00edn ch\u1ea5t l\u01b0\u1ee3ng tham kh\u1ea3o t\u1ea1i web: tranthi.vn \u0111\u1ec3 bi\u1ebft th\u00eam chi ti\u1ebft\",\"breadcrumb\":{\"@id\":\"https:\/\/tranthi.vn\/quangnam\/gia-lan-can-kinh-gia-re-hoi-an-tam-ky-quang-nam\/#breadcrumb\"},\"inLanguage\":\"vi\",\"potentialAction\":[{\"@type\":\"ReadAction\",\"target\":[\"https:\/\/tranthi.vn\/quangnam\/gia-lan-can-kinh-gia-re-hoi-an-tam-ky-quang-nam\/\"]}]},{\"@type\":\"ImageObject\",\"inLanguage\":\"vi\",\"@id\":\"https:\/\/tranthi.vn\/quangnam\/gia-lan-can-kinh-gia-re-hoi-an-tam-ky-quang-nam\/#primaryimage\",\"url\":\"https:\/\/tranthi.vn\/quangnam\/wp-content\/uploads\/2024\/07\/lan-can-kinh-tai-tam-ky-hoi-an-quang-nam-1.png\",\"contentUrl\":\"https:\/\/tranthi.vn\/quangnam\/wp-content\/uploads\/2024\/07\/lan-can-kinh-tai-tam-ky-hoi-an-quang-nam-1.png\",\"width\":300,\"height\":300,\"caption\":\"lan can kinh t\u1ea1i tam k\u1ef3- h\u1ed9i an- qu\u1ea3ng nam\"},{\"@type\":\"BreadcrumbList\",\"@id\":\"https:\/\/tranthi.vn\/quangnam\/gia-lan-can-kinh-gia-re-hoi-an-tam-ky-quang-nam\/#breadcrumb\",\"itemListElement\":[{\"@type\":\"ListItem\",\"position\":1,\"name\":\"Trang ch\u1ee7\",\"item\":\"https:\/\/tranthi.vn\/quangnam\/\"},{\"@type\":\"ListItem\",\"position\":2,\"name\":\"Shop\",\"item\":\"https:\/\/tranthi.vn\/quangnam\/shop\/\"},{\"@type\":\"ListItem\",\"position\":3,\"name\":\"Lan Can K\u00ednh\"}]},{\"@type\":\"WebSite\",\"@id\":\"https:\/\/tranthi.vn\/quangnam\/#website\",\"url\":\"https:\/\/tranthi.vn\/quangnam\/\",\"name\":\"V\u1eadt Li\u1ec7u X\u00e2y D\u1ef1ng Tr\u1ea7n Th\u1ecb Chi Nh\u00e1nh Qu\u1ea3ng Nam\",\"description\":\"V\u1eadt Li\u1ec7u X\u00e2y D\u1ef1ng - Qu\u1ea3ng Nam\",\"potentialAction\":[{\"@type\":\"SearchAction\",\"target\":{\"@type\":\"EntryPoint\",\"urlTemplate\":\"https:\/\/tranthi.vn\/quangnam\/?s={search_term_string}\"},\"query-input\":\"required name=search_term_string\"}],\"inLanguage\":\"vi\"},{\"@type\":\"ImageObject\",\"inLanguage\":\"vi\",\"@id\":\"https:\/\/tranthi.vn\/quangnam\/gia-lan-can-kinh-gia-re-hoi-an-tam-ky-quang-nam\/#local-main-organization-logo\",\"url\":\"\",\"contentUrl\":\"\",\"caption\":\"V\u1eadt Li\u1ec7u X\u00e2y D\u1ef1ng Tr\u1ea7n Th\u1ecb Chi Nh\u00e1nh Qu\u1ea3ng Nam\"}]}<\/script>\n<meta property=\"product:price:amount\" content=\"0\" \/>\n<meta property=\"product:price:currency\" content=\"VND\" \/>\n<meta property=\"og:availability\" content=\"instock\" \/>\n<meta property=\"product:availability\" content=\"instock\" \/>\n<meta property=\"product:condition\" content=\"new\" \/>\n<!-- \/ Yoast SEO Premium plugin. -->","yoast_head_json":{"title":"Gi\u00e1 lan can k\u00ednh t\u1ea1i Qu\u1ea3ng Nam-0947.335.871","description":"Gi\u00e1 lan can k\u00ednh t\u1ea1i Qu\u1ea3ng Nam-0947.335.871 Tr\u1ea7n th\u1ecb. Cung c\u1ea5p h\u00e0ng ho\u00e1 uy t\u00edn ch\u1ea5t l\u01b0\u1ee3ng tham kh\u1ea3o t\u1ea1i web: tranthi.vn \u0111\u1ec3 bi\u1ebft th\u00eam chi ti\u1ebft","robots":{"index":"index","follow":"follow","max-snippet":"max-snippet:-1","max-image-preview":"max-image-preview:large","max-video-preview":"max-video-preview:-1"},"canonical":"https:\/\/tranthi.vn\/quangnam\/gia-lan-can-kinh-gia-re-hoi-an-tam-ky-quang-nam\/","og_locale":"vi_VN","og_type":"article","og_title":"Lan Can K\u00ednh","og_description":"Gi\u00e1 lan can k\u00ednh t\u1ea1i Qu\u1ea3ng Nam-0947.335.871 Tr\u1ea7n th\u1ecb. Cung c\u1ea5p h\u00e0ng ho\u00e1 uy t\u00edn ch\u1ea5t l\u01b0\u1ee3ng tham kh\u1ea3o t\u1ea1i web: tranthi.vn \u0111\u1ec3 bi\u1ebft th\u00eam chi ti\u1ebft","og_url":"https:\/\/tranthi.vn\/quangnam\/gia-lan-can-kinh-gia-re-hoi-an-tam-ky-quang-nam\/","og_site_name":"V\u1eadt Li\u1ec7u X\u00e2y D\u1ef1ng Tr\u1ea7n Th\u1ecb Chi Nh\u00e1nh Qu\u1ea3ng Nam","article_modified_time":"2024-11-18T01:28:57+00:00","og_image":[{"width":300,"height":300,"url":"https:\/\/tranthi.vn\/quangnam\/wp-content\/uploads\/2024\/07\/lan-can-kinh-tai-tam-ky-hoi-an-quang-nam-1.png","type":"image\/png"}],"twitter_card":"summary_large_image","twitter_misc":{"Gi\u00e1":"","Kh\u1ea3 d\u1ee5ng":"Trong kho"},"schema":{"@context":"https:\/\/schema.org","@graph":[{"@type":["WebPage","ItemPage"],"@id":"https:\/\/tranthi.vn\/quangnam\/gia-lan-can-kinh-gia-re-hoi-an-tam-ky-quang-nam\/","url":"https:\/\/tranthi.vn\/quangnam\/gia-lan-can-kinh-gia-re-hoi-an-tam-ky-quang-nam\/","name":"Gi\u00e1 lan can k\u00ednh t\u1ea1i Qu\u1ea3ng Nam-0947.335.871","isPartOf":{"@id":"https:\/\/tranthi.vn\/quangnam\/#website"},"primaryImageOfPage":{"@id":"https:\/\/tranthi.vn\/quangnam\/gia-lan-can-kinh-gia-re-hoi-an-tam-ky-quang-nam\/#primaryimage"},"image":{"@id":"https:\/\/tranthi.vn\/quangnam\/gia-lan-can-kinh-gia-re-hoi-an-tam-ky-quang-nam\/#primaryimage"},"thumbnailUrl":"https:\/\/tranthi.vn\/quangnam\/wp-content\/uploads\/2024\/07\/lan-can-kinh-tai-tam-ky-hoi-an-quang-nam-1.png","datePublished":"2024-07-19T04:06:25+00:00","dateModified":"2024-11-18T01:28:57+00:00","description":"Gi\u00e1 lan can k\u00ednh t\u1ea1i Qu\u1ea3ng Nam-0947.335.871 Tr\u1ea7n th\u1ecb. Cung c\u1ea5p h\u00e0ng ho\u00e1 uy t\u00edn ch\u1ea5t l\u01b0\u1ee3ng tham kh\u1ea3o t\u1ea1i web: tranthi.vn \u0111\u1ec3 bi\u1ebft th\u00eam chi ti\u1ebft","breadcrumb":{"@id":"https:\/\/tranthi.vn\/quangnam\/gia-lan-can-kinh-gia-re-hoi-an-tam-ky-quang-nam\/#breadcrumb"},"inLanguage":"vi","potentialAction":[{"@type":"ReadAction","target":["https:\/\/tranthi.vn\/quangnam\/gia-lan-can-kinh-gia-re-hoi-an-tam-ky-quang-nam\/"]}]},{"@type":"ImageObject","inLanguage":"vi","@id":"https:\/\/tranthi.vn\/quangnam\/gia-lan-can-kinh-gia-re-hoi-an-tam-ky-quang-nam\/#primaryimage","url":"https:\/\/tranthi.vn\/quangnam\/wp-content\/uploads\/2024\/07\/lan-can-kinh-tai-tam-ky-hoi-an-quang-nam-1.png","contentUrl":"https:\/\/tranthi.vn\/quangnam\/wp-content\/uploads\/2024\/07\/lan-can-kinh-tai-tam-ky-hoi-an-quang-nam-1.png","width":300,"height":300,"caption":"lan can kinh t\u1ea1i tam k\u1ef3- h\u1ed9i an- qu\u1ea3ng nam"},{"@type":"BreadcrumbList","@id":"https:\/\/tranthi.vn\/quangnam\/gia-lan-can-kinh-gia-re-hoi-an-tam-ky-quang-nam\/#breadcrumb","itemListElement":[{"@type":"ListItem","position":1,"name":"Trang ch\u1ee7","item":"https:\/\/tranthi.vn\/quangnam\/"},{"@type":"ListItem","position":2,"name":"Shop","item":"https:\/\/tranthi.vn\/quangnam\/shop\/"},{"@type":"ListItem","position":3,"name":"Lan Can K\u00ednh"}]},{"@type":"WebSite","@id":"https:\/\/tranthi.vn\/quangnam\/#website","url":"https:\/\/tranthi.vn\/quangnam\/","name":"V\u1eadt Li\u1ec7u X\u00e2y D\u1ef1ng Tr\u1ea7n Th\u1ecb Chi Nh\u00e1nh Qu\u1ea3ng Nam","description":"V\u1eadt Li\u1ec7u X\u00e2y D\u1ef1ng - Qu\u1ea3ng Nam","potentialAction":[{"@type":"SearchAction","target":{"@type":"EntryPoint","urlTemplate":"https:\/\/tranthi.vn\/quangnam\/?s={search_term_string}"},"query-input":"required name=search_term_string"}],"inLanguage":"vi"},{"@type":"ImageObject","inLanguage":"vi","@id":"https:\/\/tranthi.vn\/quangnam\/gia-lan-can-kinh-gia-re-hoi-an-tam-ky-quang-nam\/#local-main-organization-logo","url":"","contentUrl":"","caption":"V\u1eadt Li\u1ec7u X\u00e2y D\u1ef1ng Tr\u1ea7n Th\u1ecb Chi Nh\u00e1nh Qu\u1ea3ng Nam"}]},"product_price_currency":"VND","og_availability":"instock","product_availability":"instock","product_condition":"new"},"_links":{"self":[{"href":"https:\/\/tranthi.vn\/quangnam\/wp-json\/wp\/v2\/product\/7527","targetHints":{"allow":["GET"]}}],"collection":[{"href":"https:\/\/tranthi.vn\/quangnam\/wp-json\/wp\/v2\/product"}],"about":[{"href":"https:\/\/tranthi.vn\/quangnam\/wp-json\/wp\/v2\/types\/product"}],"replies":[{"embeddable":true,"href":"https:\/\/tranthi.vn\/quangnam\/wp-json\/wp\/v2\/comments?post=7527"}],"wp:featuredmedia":[{"embeddable":true,"href":"https:\/\/tranthi.vn\/quangnam\/wp-json\/wp\/v2\/media\/7806"}],"wp:attachment":[{"href":"https:\/\/tranthi.vn\/quangnam\/wp-json\/wp\/v2\/media?parent=7527"}],"wp:term":[{"taxonomy":"product_cat","embeddable":true,"href":"https:\/\/tranthi.vn\/quangnam\/wp-json\/wp\/v2\/product_cat?post=7527"},{"taxonomy":"product_tag","embeddable":true,"href":"https:\/\/tranthi.vn\/quangnam\/wp-json\/wp\/v2\/product_tag?post=7527"}],"curies":[{"name":"wp","href":"https:\/\/api.w.org\/{rel}","templated":true}]}}