{"id":7518,"date":"2024-07-19T10:14:29","date_gmt":"2024-07-19T03:14:29","guid":{"rendered":"https:\/\/tranthi.vn\/quangnam\/?post_type=product&#038;p=7518"},"modified":"2024-11-14T09:32:18","modified_gmt":"2024-11-14T02:32:18","slug":"bang-gia-sat-thep-hop-hoi-an-tam-ky-quang-nam","status":"publish","type":"product","link":"https:\/\/tranthi.vn\/quangnam\/bang-gia-sat-thep-hop-hoi-an-tam-ky-quang-nam\/","title":{"rendered":"B\u1ea3ng Gi\u00e1 S\u1eaft Th\u00e9p H\u1ed9p Qu\u1ea3ng Nam"},"content":{"rendered":"<h1 style=\"text-align: center;\"><span style=\"font-family: 'times new roman', times, serif; font-size: 140%;\"><strong>B\u1ea3ng gi\u00e1 s\u1eaft th\u00e9p h\u1ed9p Qu\u1ea3ng Nam<\/strong><\/span><\/h1>\n<h3><strong><span style=\"font-family: 'times new roman', times, serif; font-size: 130%;\">1. \u0110\u1ecbnh ngh\u0129a v\u00e0 \u0111\u1eb7c \u0111i\u1ec3m c\u1ee7a s\u1eaft th\u00e9p h\u1ed9p\\<\/span><\/strong><\/h3>\n<figure id=\"attachment_7642\" aria-describedby=\"caption-attachment-7642\" style=\"width: 377px\" class=\"wp-caption aligncenter\"><img loading=\"lazy\" decoding=\"async\" class=\" wp-image-7642\" src=\"https:\/\/tranthi.vn\/quangnam\/wp-content\/uploads\/2024\/07\/sat-thep-hop-2-tam-ky-hoi-an-quang-nam.png\" alt=\"s\u1eaft th\u00e9p h\u1ed9p 2 tam k\u1ef3- h\u1ed9i an- qu\u1ea3ng nam\" width=\"377\" height=\"269\" \/><figcaption id=\"caption-attachment-7642\" class=\"wp-caption-text\"><span style=\"font-family: 'times new roman', times, serif;\">s\u1eaft th\u00e9p h\u1ed9p 2 tam k\u1ef3- h\u1ed9i an- qu\u1ea3ng nam<\/span><\/figcaption><\/figure>\n<h3><span style=\"font-family: 'times new roman', times, serif; font-size: 130%;\">S\u1eaft th\u00e9p h\u1ed9p l\u00e0 m\u1ed9t d\u1ea1ng c\u1ee7a th\u00e9p h\u00ecnh, \u0111\u01b0\u1ee3c s\u1ea3n xu\u1ea5t t\u1eeb th\u00e9p cu\u1ed9n v\u00e0 c\u00f3 h\u00ecnh d\u1ea1ng r\u1ed7ng b\u00ean trong. Th\u00e9p h\u1ed9p th\u01b0\u1eddng c\u00f3 hai lo\u1ea1i ch\u00ednh: th\u00e9p h\u1ed9p vu\u00f4ng v\u00e0 th\u00e9p h\u1ed9p ch\u1eef nh\u1eadt. \u0110\u1eb7c \u0111i\u1ec3m n\u1ed5i b\u1eadt c\u1ee7a s\u1eaft th\u00e9p h\u1ed9p l\u00e0 \u0111\u1ed9 b\u1ec1n cao, kh\u1ea3 n\u0103ng ch\u1ecbu l\u1ef1c t\u1ed1t v\u00e0 d\u1ec5 d\u00e0ng trong vi\u1ec7c thi c\u00f4ng. Ngo\u00e0i ra, s\u1eaft th\u00e9p h\u1ed9p c\u00f2n c\u00f3 kh\u1ea3 n\u0103ng ch\u1ed1ng \u0103n m\u00f2n, ch\u1ecbu \u0111\u01b0\u1ee3c t\u00e1c \u0111\u1ed9ng c\u1ee7a m\u00f4i tr\u01b0\u1eddng kh\u1eafc nghi\u1ec7t, gi\u00fap t\u0103ng tu\u1ed5i th\u1ecd cho c\u00f4ng tr\u00ecnh.<\/span><\/h3>\n<h3 style=\"text-align: center;\"><iframe loading=\"lazy\" src=\"\/\/www.youtube.com\/embed\/HdGe95_PVqs\" width=\"560\" height=\"314\" allowfullscreen=\"allowfullscreen\"><\/iframe><\/h3>\n<h3><strong><span style=\"font-family: 'times new roman', times, serif; font-size: 130%;\">2. \u1ee8ng d\u1ee5ng c\u1ee7a s\u1eaft th\u00e9p h\u1ed9p trong x\u00e2y d\u1ef1ng<\/span><\/strong><\/h3>\n<h3><span style=\"font-family: 'times new roman', times, serif; font-size: 140%;\">S\u1eaft th\u00e9p h\u1ed9p \u0111\u01b0\u1ee3c s\u1eed d\u1ee5ng r\u1ed9ng r\u00e3i trong nhi\u1ec1u l\u0129nh v\u1ef1c x\u00e2y d\u1ef1ng nh\u01b0:<\/span><\/h3>\n<ul>\n<li>\n<h3><span style=\"font-family: 'times new roman', times, serif; font-size: 130%;\">K\u1ebft c\u1ea5u nh\u00e0 x\u01b0\u1edfng: S\u1eaft th\u00e9p h\u1ed9p \u0111\u01b0\u1ee3c d\u00f9ng \u0111\u1ec3 l\u00e0m khung nh\u00e0 x\u01b0\u1edfng, nh\u00e0 kho, nh\u1edd v\u00e0o kh\u1ea3 n\u0103ng ch\u1ecbu l\u1ef1c v\u00e0 \u0111\u1ed9 b\u1ec1n cao.<\/span><\/h3>\n<\/li>\n<li>\n<h3><span style=\"font-family: 'times new roman', times, serif; font-size: 130%;\">L\u00e0m gi\u00e0n gi\u00e1o: \u0110\u1ed9 b\u1ec1n v\u00e0 \u0111\u1ed9 an to\u00e0n c\u1ee7a th\u00e9p h\u1ed9p gi\u00fap n\u00f3 tr\u1edf th\u00e0nh v\u1eadt li\u1ec7u l\u00fd t\u01b0\u1edfng cho vi\u1ec7c l\u00e0m gi\u00e0n gi\u00e1o.<\/span><\/h3>\n<\/li>\n<li>\n<h3><span style=\"font-family: 'times new roman', times, serif; font-size: 130%;\">Trang tr\u00ed n\u1ed9i th\u1ea5t: V\u1edbi t\u00ednh th\u1ea9m m\u1ef9 cao, s\u1eaft th\u00e9p h\u1ed9p c\u0169ng \u0111\u01b0\u1ee3c s\u1eed d\u1ee5ng \u0111\u1ec3 l\u00e0m c\u00e1c khung c\u1eeda, lan can, v\u00e0 c\u00e1c s\u1ea3n ph\u1ea9m n\u1ed9i th\u1ea5t kh\u00e1c<\/span><\/h3>\n<\/li>\n<li>\n<h3><span style=\"font-family: 'times new roman', times, serif; font-size: 130%;\">.<\/span><\/h3>\n<figure id=\"attachment_7643\" aria-describedby=\"caption-attachment-7643\" style=\"width: 398px\" class=\"wp-caption aligncenter\"><img loading=\"lazy\" decoding=\"async\" class=\"wp-image-7643 \" style=\"font-size: 14.4px; color: #555555;\" src=\"https:\/\/tranthi.vn\/quangnam\/wp-content\/uploads\/2024\/07\/sat-thep-hop-1-tam-ky-hoi-an-quang-nam.png\" alt=\"s\u1eaft th\u00e9p h\u1ed9p 2 tam k\u1ef3- h\u1ed9i an- qu\u1ea3ng nam\" width=\"398\" height=\"284\" \/><figcaption id=\"caption-attachment-7643\" class=\"wp-caption-text\"><span style=\"font-family: 'times new roman', times, serif;\">\u00a0 \u00a0 \u00a0 \u00a0 s\u1eaft th\u00e9p h\u1ed9p 2 tam k\u1ef3- h\u1ed9i an- qu\u1ea3ng nam<\/span><\/figcaption><\/figure><\/li>\n<li>\n<h3><span style=\"font-family: 'times new roman', times, serif; font-size: 130%;\">X\u00e2y d\u1ef1ng c\u1ea7u \u0111\u01b0\u1eddng: S\u1eaft th\u00e9p h\u1ed9p \u0111\u01b0\u1ee3c d\u00f9ng trong vi\u1ec7c x\u00e2y d\u1ef1ng c\u1ea7u, \u0111\u01b0\u1eddng, v\u00e0 c\u00e1c c\u00f4ng tr\u00ecnh c\u00f4ng c\u1ed9ng kh\u00e1c nh\u1edd v\u00e0o kh\u1ea3 n\u0103ng ch\u1ecbu t\u1ea3i l\u1edbn.<\/span><\/h3>\n<\/li>\n<\/ul>\n<h3 style=\"text-align: center;\"><iframe loading=\"lazy\" src=\"\/\/www.youtube.com\/embed\/9MhfDuCHo0M\" width=\"560\" height=\"314\" allowfullscreen=\"allowfullscreen\"><\/iframe><\/h3>\n<h3><strong><span style=\"font-family: 'times new roman', times, serif; font-size: 130%;\">3. T\u1ea1i sao n\u00ean ch\u1ecdn s\u1eaft th\u00e9p h\u1ed9p <i>Qu\u1ea3ng Nam<\/i>?<\/span><\/strong><\/h3>\n<h3><span style=\"font-family: 'times new roman', times, serif; font-size: 130%;\"><a href=\"https:\/\/vi.wikipedia.org\/wiki\/Qu%E1%BA%A3ng_Nam\"><em><strong>Qu\u1ea3ng Nam<\/strong><\/em><\/a>\u00a0l\u00e0 m\u1ed9t trong nh\u1eefng trung t\u00e2m kinh t\u1ebf ph\u00e1t tri\u1ec3n nhanh ch\u00f3ng c\u1ee7a Vi\u1ec7t Nam, v\u1edbi nhi\u1ec1u d\u1ef1 \u00e1n x\u00e2y d\u1ef1ng l\u1edbn nh\u1ecf. Vi\u1ec7c ch\u1ecdn s\u1eaft th\u00e9p h\u1ed9p mang l\u1ea1i nhi\u1ec1u l\u1ee3i \u00edch cho c\u00e1c nh\u00e0 th\u1ea7u v\u00e0 ch\u1ee7 \u0111\u1ea7u t\u01b0:<\/span><\/h3>\n<ul>\n<li>\n<h3><span style=\"font-family: 'times new roman', times, serif; font-size: 130%;\">Ch\u1ea5t l\u01b0\u1ee3ng \u0111\u1ea3m b\u1ea3o: S\u1eaft th\u00e9p h\u1ed9p<a href=\"https:\/\/vi.wikipedia.org\/wiki\/%C4%90%C3%A0_N%E1%BA%B5ng\"><em>\u00a0<\/em><\/a>\u0111\u01b0\u1ee3c s\u1ea3n xu\u1ea5t theo c\u00e1c ti\u00eau chu\u1ea9n ch\u1ea5t l\u01b0\u1ee3ng nghi\u00eam ng\u1eb7t, \u0111\u1ea3m b\u1ea3o t\u00ednh b\u1ec1n v\u1eefng v\u00e0 an to\u00e0n cho c\u00f4ng tr\u00ecnh.<\/span><\/h3>\n<\/li>\n<li>\n<h3><span style=\"font-family: 'times new roman', times, serif; font-size: 130%;\">Gi\u00e1 c\u1ea3 c\u1ea1nh tranh: V\u1edbi ngu\u1ed3n cung d\u1ed3i d\u00e0o v\u00e0 s\u1ef1 c\u1ea1nh tranh gi\u1eefa c\u00e1c nh\u00e0 cung c\u1ea5p, gi\u00e1 s\u1eaft th\u00e9p h\u1ed9p\u00a0lu\u00f4n \u1edf m\u1ee9c h\u1ee3p l\u00fd, gi\u00fap ti\u1ebft ki\u1ec7m chi ph\u00ed cho c\u00e1c d\u1ef1 \u00e1n x\u00e2y d\u1ef1ng.<\/span><\/h3>\n<\/li>\n<li>\n<h3><span style=\"font-family: 'times new roman', times, serif; font-size: 130%;\">D\u1ecbch v\u1ee5 h\u1eadu m\u00e3i t\u1ed1t: C\u00e1c nh\u00e0 cung c\u1ea5p s\u1eaft th\u00e9p h\u1ed9p th\u01b0\u1eddng c\u00f3 d\u1ecbch v\u1ee5 h\u1eadu m\u00e3i chu \u0111\u00e1o, h\u1ed7 tr\u1ee3 k\u1ef9 thu\u1eadt v\u00e0 t\u01b0 v\u1ea5n cho kh\u00e1ch h\u00e0ng, gi\u00fap qu\u00e1 tr\u00ecnh thi c\u00f4ng di\u1ec5n ra thu\u1eadn l\u1ee3i.<\/span><\/h3>\n<\/li>\n<li>\n<h3><span style=\"font-family: 'times new roman', times, serif; font-size: 130%;\">Giao h\u00e0ng nhanh ch\u00f3ng: V\u1edbi h\u1ec7 th\u1ed1ng giao th\u00f4ng ph\u00e1t tri\u1ec3n v\u00e0 v\u1ecb tr\u00ed \u0111\u1ecba l\u00fd thu\u1eadn l\u1ee3i, vi\u1ec7c v\u1eadn chuy\u1ec3n s\u1eaft th\u00e9p h\u1ed9p\u00a0\u0111\u1ebfn c\u00e1c c\u00f4ng tr\u00ecnh x\u00e2y d\u1ef1ng di\u1ec5n ra nhanh ch\u00f3ng v\u00e0 ti\u1ec7n l\u1ee3i.<\/span><\/h3>\n<\/li>\n<\/ul>\n<h3><strong><span style=\"font-family: 'times new roman', times, serif; font-size: 130%;\">4. Nh\u1eefng nh\u00e0 cung c\u1ea5p s\u1eaft th\u00e9p h\u1ed9p uy t\u00edn\u00a0<\/span><\/strong><\/h3>\n<h3><span style=\"font-family: 'times new roman', times, serif; font-size: 130%;\">\u0110\u1ec3 \u0111\u1ea3m b\u1ea3o ch\u1ea5t l\u01b0\u1ee3ng v\u00e0 ti\u1ebfn \u0111\u1ed9 thi c\u00f4ng, vi\u1ec7c ch\u1ecdn nh\u00e0 cung c\u1ea5p s\u1eaft th\u00e9p h\u1ed9p uy t\u00edn l\u00e0 r\u1ea5t quan tr\u1ecdng. M\u1ed9t s\u1ed1 nh\u00e0 cung c\u1ea5p s\u1eaft th\u00e9p h\u1ed9p t\u1ea1i <a href=\"https:\/\/vi.wikipedia.org\/wiki\/Qu%E1%BA%A3ng_Nam\">Qu\u1ea3ng Nam<\/a> m\u00e0 c\u00e1c nh\u00e0 th\u1ea7u v\u00e0 ch\u1ee7 \u0111\u1ea7u t\u01b0 c\u00f3 th\u1ec3 tham kh\u1ea3o:<\/span><\/h3>\n<ul>\n<li>\n<h3><span style=\"font-family: 'times new roman', times, serif; font-size: 130%;\">C\u00f4ng ty TNHH Th\u00e9p H\u00f2a Ph\u00e1t: L\u00e0 m\u1ed9t trong nh\u1eefng nh\u00e0 cung c\u1ea5p s\u1eaft th\u00e9p h\u00e0ng \u0111\u1ea7u t\u1ea1i Vi\u1ec7t Nam, Th\u00e9p H\u00f2a Ph\u00e1t cung c\u1ea5p s\u1eaft th\u00e9p h\u1ed9p ch\u1ea5t l\u01b0\u1ee3ng cao v\u1edbi gi\u00e1 c\u1ea3 c\u1ea1nh tranh.<\/span><\/h3>\n<\/li>\n<li>\n<h3><span style=\"font-family: 'times new roman', times, serif; font-size: 130%;\">C\u00f4ng ty CP Th\u00e9p Vi\u1ec7t Nh\u1eadt: V\u1edbi nhi\u1ec1u n\u0103m kinh nghi\u1ec7m trong l\u0129nh v\u1ef1c s\u1ea3n xu\u1ea5t v\u00e0 kinh doanh s\u1eaft th\u00e9p, Th\u00e9p Vi\u1ec7t Nh\u1eadt l\u00e0 m\u1ed9t \u0111\u1ecba ch\u1ec9 tin c\u1eady cho c\u00e1c c\u00f4ng tr\u00ecnh x\u00e2y d\u1ef1ng t\u1ea1i \u0110\u00e0 N\u1eb5ng.<\/span><\/h3>\n<\/li>\n<li>\n<h3><span style=\"font-family: 'times new roman', times, serif; font-size: 130%;\">C\u00f4ng ty TNHH MTV Th\u00e9p Mi\u1ec1n Nam: Th\u00e9p Mi\u1ec1n Nam n\u1ed5i ti\u1ebfng v\u1edbi c\u00e1c s\u1ea3n ph\u1ea9m s\u1eaft th\u00e9p \u0111\u1ea1t ti\u00eau chu\u1ea9n qu\u1ed1c t\u1ebf, ph\u00f9 h\u1ee3p v\u1edbi c\u00e1c c\u00f4ng tr\u00ecnh y\u00eau c\u1ea7u kh\u1eaft khe v\u1ec1 ch\u1ea5t l\u01b0\u1ee3ng.<\/span><\/h3>\n<\/li>\n<\/ul>\n","protected":false},"excerpt":{"rendered":"<p>B\u1ea3ng gi\u00e1 s\u1eaft th\u00e9p h\u1ed9p Qu\u1ea3ng Nam 1. \u0110\u1ecbnh ngh\u0129a v\u00e0 \u0111\u1eb7c \u0111i\u1ec3m c\u1ee7a s\u1eaft th\u00e9p h\u1ed9p\\ S\u1eaft th\u00e9p h\u1ed9p l\u00e0 m\u1ed9t d\u1ea1ng c\u1ee7a th\u00e9p h\u00ecnh, \u0111\u01b0\u1ee3c s\u1ea3n xu\u1ea5t t\u1eeb th\u00e9p cu\u1ed9n v\u00e0 c\u00f3 h\u00ecnh d\u1ea1ng r\u1ed7ng b\u00ean trong. Th\u00e9p h\u1ed9p th\u01b0\u1eddng c\u00f3 hai lo\u1ea1i ch\u00ednh: th\u00e9p h\u1ed9p vu\u00f4ng v\u00e0 th\u00e9p h\u1ed9p ch\u1eef nh\u1eadt. \u0110\u1eb7c [&#8230;]\n","protected":false},"featured_media":0,"comment_status":"closed","ping_status":"closed","template":"","meta":[],"product_cat":[433,203],"product_tag":[436],"class_list":{"0":"post-7518","1":"product","2":"type-product","3":"status-publish","5":"product_cat-sat-thep-hop","6":"product_cat-vat-lieu-xay-dung","7":"product_tag-sat-thep-hop-tai-da-nang","9":"first","10":"instock","11":"shipping-taxable","12":"product-type-simple"},"yoast_head":"<!-- This site is optimized with the Yoast SEO Premium plugin v22.3 (Yoast SEO v22.8) - https:\/\/yoast.com\/wordpress\/plugins\/seo\/ -->\n<title>Gi\u00e1 s\u1eaft th\u00e9p h\u1ed9p t\u1ea1i Qu\u1ea3ng Nam-0947.335.871-T\u1ea7n Th\u1ecb<\/title>\n<meta name=\"description\" content=\"Gi\u00e1 s\u1eaft th\u00e9p h\u1ed9p t\u1ea1i Qu\u1ea3ng Nam-0947.335.871 Tr\u1ea7n th\u1ecb. Cung c\u1ea5p h\u00e0ng ho\u00e1 uy t\u00edn ch\u1ea5t l\u01b0\u1ee3ng tham kh\u1ea3o t\u1ea1i web: tranthi.vn \u0111\u1ec3 bi\u1ebft th\u00eam chi t\u1ebft\" \/>\n<meta name=\"robots\" content=\"index, follow, max-snippet:-1, max-image-preview:large, max-video-preview:-1\" \/>\n<link rel=\"canonical\" href=\"https:\/\/tranthi.vn\/quangnam\/bang-gia-sat-thep-hop-hoi-an-tam-ky-quang-nam\/\" \/>\n<meta property=\"og:locale\" content=\"vi_VN\" \/>\n<meta property=\"og:type\" content=\"article\" \/>\n<meta property=\"og:title\" content=\"B\u1ea3ng Gi\u00e1 S\u1eaft Th\u00e9p H\u1ed9p Qu\u1ea3ng Nam\" \/>\n<meta property=\"og:description\" content=\"Gi\u00e1 s\u1eaft th\u00e9p h\u1ed9p t\u1ea1i Qu\u1ea3ng Nam-0947.335.871 Tr\u1ea7n th\u1ecb. Cung c\u1ea5p h\u00e0ng ho\u00e1 uy t\u00edn ch\u1ea5t l\u01b0\u1ee3ng tham kh\u1ea3o t\u1ea1i web: tranthi.vn \u0111\u1ec3 bi\u1ebft th\u00eam chi t\u1ebft\" \/>\n<meta property=\"og:url\" content=\"https:\/\/tranthi.vn\/quangnam\/bang-gia-sat-thep-hop-hoi-an-tam-ky-quang-nam\/\" \/>\n<meta property=\"og:site_name\" content=\"V\u1eadt Li\u1ec7u X\u00e2y D\u1ef1ng Tr\u1ea7n Th\u1ecb Chi Nh\u00e1nh Qu\u1ea3ng Nam\" \/>\n<meta property=\"article:modified_time\" content=\"2024-11-14T02:32:18+00:00\" \/>\n<meta property=\"og:image\" content=\"https:\/\/tranthi.vn\/quangnam\/wp-content\/uploads\/2024\/07\/sat-thep-hop-2-tam-ky-hoi-an-quang-nam.png\" \/>\n<meta name=\"twitter:card\" content=\"summary_large_image\" \/>\n<meta name=\"twitter:label1\" content=\"Gi\u00e1\" \/>\n\t<meta name=\"twitter:data1\" content=\"\" \/>\n\t<meta name=\"twitter:label2\" content=\"Kh\u1ea3 d\u1ee5ng\" \/>\n\t<meta name=\"twitter:data2\" content=\"Trong kho\" \/>\n<script type=\"application\/ld+json\" class=\"yoast-schema-graph\">{\"@context\":\"https:\/\/schema.org\",\"@graph\":[{\"@type\":[\"WebPage\",\"ItemPage\"],\"@id\":\"https:\/\/tranthi.vn\/quangnam\/bang-gia-sat-thep-hop-hoi-an-tam-ky-quang-nam\/\",\"url\":\"https:\/\/tranthi.vn\/quangnam\/bang-gia-sat-thep-hop-hoi-an-tam-ky-quang-nam\/\",\"name\":\"Gi\u00e1 s\u1eaft th\u00e9p h\u1ed9p t\u1ea1i Qu\u1ea3ng Nam-0947.335.871-T\u1ea7n Th\u1ecb\",\"isPartOf\":{\"@id\":\"https:\/\/tranthi.vn\/quangnam\/#website\"},\"primaryImageOfPage\":{\"@id\":\"https:\/\/tranthi.vn\/quangnam\/bang-gia-sat-thep-hop-hoi-an-tam-ky-quang-nam\/#primaryimage\"},\"image\":{\"@id\":\"https:\/\/tranthi.vn\/quangnam\/bang-gia-sat-thep-hop-hoi-an-tam-ky-quang-nam\/#primaryimage\"},\"thumbnailUrl\":\"https:\/\/tranthi.vn\/quangnam\/wp-content\/uploads\/2024\/07\/sat-thep-hop-2-tam-ky-hoi-an-quang-nam.png\",\"datePublished\":\"2024-07-19T03:14:29+00:00\",\"dateModified\":\"2024-11-14T02:32:18+00:00\",\"description\":\"Gi\u00e1 s\u1eaft th\u00e9p h\u1ed9p t\u1ea1i Qu\u1ea3ng Nam-0947.335.871 Tr\u1ea7n th\u1ecb. Cung c\u1ea5p h\u00e0ng ho\u00e1 uy t\u00edn ch\u1ea5t l\u01b0\u1ee3ng tham kh\u1ea3o t\u1ea1i web: tranthi.vn \u0111\u1ec3 bi\u1ebft th\u00eam chi t\u1ebft\",\"breadcrumb\":{\"@id\":\"https:\/\/tranthi.vn\/quangnam\/bang-gia-sat-thep-hop-hoi-an-tam-ky-quang-nam\/#breadcrumb\"},\"inLanguage\":\"vi\",\"potentialAction\":[{\"@type\":\"ReadAction\",\"target\":[\"https:\/\/tranthi.vn\/quangnam\/bang-gia-sat-thep-hop-hoi-an-tam-ky-quang-nam\/\"]}]},{\"@type\":\"ImageObject\",\"inLanguage\":\"vi\",\"@id\":\"https:\/\/tranthi.vn\/quangnam\/bang-gia-sat-thep-hop-hoi-an-tam-ky-quang-nam\/#primaryimage\",\"url\":\"https:\/\/tranthi.vn\/quangnam\/wp-content\/uploads\/2024\/07\/sat-thep-hop-2-tam-ky-hoi-an-quang-nam.png\",\"contentUrl\":\"https:\/\/tranthi.vn\/quangnam\/wp-content\/uploads\/2024\/07\/sat-thep-hop-2-tam-ky-hoi-an-quang-nam.png\",\"width\":266,\"height\":190,\"caption\":\"s\u1eaft th\u00e9p h\u1ed9p 2 tam k\u1ef3- h\u1ed9i an- qu\u1ea3ng nam\"},{\"@type\":\"BreadcrumbList\",\"@id\":\"https:\/\/tranthi.vn\/quangnam\/bang-gia-sat-thep-hop-hoi-an-tam-ky-quang-nam\/#breadcrumb\",\"itemListElement\":[{\"@type\":\"ListItem\",\"position\":1,\"name\":\"Trang ch\u1ee7\",\"item\":\"https:\/\/tranthi.vn\/quangnam\/\"},{\"@type\":\"ListItem\",\"position\":2,\"name\":\"Shop\",\"item\":\"https:\/\/tranthi.vn\/quangnam\/shop\/\"},{\"@type\":\"ListItem\",\"position\":3,\"name\":\"B\u1ea3ng Gi\u00e1 S\u1eaft Th\u00e9p H\u1ed9p Qu\u1ea3ng Nam\"}]},{\"@type\":\"WebSite\",\"@id\":\"https:\/\/tranthi.vn\/quangnam\/#website\",\"url\":\"https:\/\/tranthi.vn\/quangnam\/\",\"name\":\"V\u1eadt Li\u1ec7u X\u00e2y D\u1ef1ng Tr\u1ea7n Th\u1ecb Chi Nh\u00e1nh Qu\u1ea3ng Nam\",\"description\":\"V\u1eadt Li\u1ec7u X\u00e2y D\u1ef1ng - Qu\u1ea3ng Nam\",\"potentialAction\":[{\"@type\":\"SearchAction\",\"target\":{\"@type\":\"EntryPoint\",\"urlTemplate\":\"https:\/\/tranthi.vn\/quangnam\/?s={search_term_string}\"},\"query-input\":\"required name=search_term_string\"}],\"inLanguage\":\"vi\"},{\"@type\":\"ImageObject\",\"inLanguage\":\"vi\",\"@id\":\"https:\/\/tranthi.vn\/quangnam\/bang-gia-sat-thep-hop-hoi-an-tam-ky-quang-nam\/#local-main-organization-logo\",\"url\":\"\",\"contentUrl\":\"\",\"caption\":\"V\u1eadt Li\u1ec7u X\u00e2y D\u1ef1ng Tr\u1ea7n Th\u1ecb Chi Nh\u00e1nh Qu\u1ea3ng Nam\"}]}<\/script>\n<meta property=\"product:price:amount\" content=\"0\" \/>\n<meta property=\"product:price:currency\" content=\"VND\" \/>\n<meta property=\"og:availability\" content=\"instock\" \/>\n<meta property=\"product:availability\" content=\"instock\" \/>\n<meta property=\"product:condition\" content=\"new\" \/>\n<!-- \/ Yoast SEO Premium plugin. -->","yoast_head_json":{"title":"Gi\u00e1 s\u1eaft th\u00e9p h\u1ed9p t\u1ea1i Qu\u1ea3ng Nam-0947.335.871-T\u1ea7n Th\u1ecb","description":"Gi\u00e1 s\u1eaft th\u00e9p h\u1ed9p t\u1ea1i Qu\u1ea3ng Nam-0947.335.871 Tr\u1ea7n th\u1ecb. Cung c\u1ea5p h\u00e0ng ho\u00e1 uy t\u00edn ch\u1ea5t l\u01b0\u1ee3ng tham kh\u1ea3o t\u1ea1i web: tranthi.vn \u0111\u1ec3 bi\u1ebft th\u00eam chi t\u1ebft","robots":{"index":"index","follow":"follow","max-snippet":"max-snippet:-1","max-image-preview":"max-image-preview:large","max-video-preview":"max-video-preview:-1"},"canonical":"https:\/\/tranthi.vn\/quangnam\/bang-gia-sat-thep-hop-hoi-an-tam-ky-quang-nam\/","og_locale":"vi_VN","og_type":"article","og_title":"B\u1ea3ng Gi\u00e1 S\u1eaft Th\u00e9p H\u1ed9p Qu\u1ea3ng Nam","og_description":"Gi\u00e1 s\u1eaft th\u00e9p h\u1ed9p t\u1ea1i Qu\u1ea3ng Nam-0947.335.871 Tr\u1ea7n th\u1ecb. Cung c\u1ea5p h\u00e0ng ho\u00e1 uy t\u00edn ch\u1ea5t l\u01b0\u1ee3ng tham kh\u1ea3o t\u1ea1i web: tranthi.vn \u0111\u1ec3 bi\u1ebft th\u00eam chi t\u1ebft","og_url":"https:\/\/tranthi.vn\/quangnam\/bang-gia-sat-thep-hop-hoi-an-tam-ky-quang-nam\/","og_site_name":"V\u1eadt Li\u1ec7u X\u00e2y D\u1ef1ng Tr\u1ea7n Th\u1ecb Chi Nh\u00e1nh Qu\u1ea3ng Nam","article_modified_time":"2024-11-14T02:32:18+00:00","og_image":[{"url":"https:\/\/tranthi.vn\/quangnam\/wp-content\/uploads\/2024\/07\/sat-thep-hop-2-tam-ky-hoi-an-quang-nam.png"}],"twitter_card":"summary_large_image","twitter_misc":{"Gi\u00e1":"","Kh\u1ea3 d\u1ee5ng":"Trong kho"},"schema":{"@context":"https:\/\/schema.org","@graph":[{"@type":["WebPage","ItemPage"],"@id":"https:\/\/tranthi.vn\/quangnam\/bang-gia-sat-thep-hop-hoi-an-tam-ky-quang-nam\/","url":"https:\/\/tranthi.vn\/quangnam\/bang-gia-sat-thep-hop-hoi-an-tam-ky-quang-nam\/","name":"Gi\u00e1 s\u1eaft th\u00e9p h\u1ed9p t\u1ea1i Qu\u1ea3ng Nam-0947.335.871-T\u1ea7n Th\u1ecb","isPartOf":{"@id":"https:\/\/tranthi.vn\/quangnam\/#website"},"primaryImageOfPage":{"@id":"https:\/\/tranthi.vn\/quangnam\/bang-gia-sat-thep-hop-hoi-an-tam-ky-quang-nam\/#primaryimage"},"image":{"@id":"https:\/\/tranthi.vn\/quangnam\/bang-gia-sat-thep-hop-hoi-an-tam-ky-quang-nam\/#primaryimage"},"thumbnailUrl":"https:\/\/tranthi.vn\/quangnam\/wp-content\/uploads\/2024\/07\/sat-thep-hop-2-tam-ky-hoi-an-quang-nam.png","datePublished":"2024-07-19T03:14:29+00:00","dateModified":"2024-11-14T02:32:18+00:00","description":"Gi\u00e1 s\u1eaft th\u00e9p h\u1ed9p t\u1ea1i Qu\u1ea3ng Nam-0947.335.871 Tr\u1ea7n th\u1ecb. Cung c\u1ea5p h\u00e0ng ho\u00e1 uy t\u00edn ch\u1ea5t l\u01b0\u1ee3ng tham kh\u1ea3o t\u1ea1i web: tranthi.vn \u0111\u1ec3 bi\u1ebft th\u00eam chi t\u1ebft","breadcrumb":{"@id":"https:\/\/tranthi.vn\/quangnam\/bang-gia-sat-thep-hop-hoi-an-tam-ky-quang-nam\/#breadcrumb"},"inLanguage":"vi","potentialAction":[{"@type":"ReadAction","target":["https:\/\/tranthi.vn\/quangnam\/bang-gia-sat-thep-hop-hoi-an-tam-ky-quang-nam\/"]}]},{"@type":"ImageObject","inLanguage":"vi","@id":"https:\/\/tranthi.vn\/quangnam\/bang-gia-sat-thep-hop-hoi-an-tam-ky-quang-nam\/#primaryimage","url":"https:\/\/tranthi.vn\/quangnam\/wp-content\/uploads\/2024\/07\/sat-thep-hop-2-tam-ky-hoi-an-quang-nam.png","contentUrl":"https:\/\/tranthi.vn\/quangnam\/wp-content\/uploads\/2024\/07\/sat-thep-hop-2-tam-ky-hoi-an-quang-nam.png","width":266,"height":190,"caption":"s\u1eaft th\u00e9p h\u1ed9p 2 tam k\u1ef3- h\u1ed9i an- qu\u1ea3ng nam"},{"@type":"BreadcrumbList","@id":"https:\/\/tranthi.vn\/quangnam\/bang-gia-sat-thep-hop-hoi-an-tam-ky-quang-nam\/#breadcrumb","itemListElement":[{"@type":"ListItem","position":1,"name":"Trang ch\u1ee7","item":"https:\/\/tranthi.vn\/quangnam\/"},{"@type":"ListItem","position":2,"name":"Shop","item":"https:\/\/tranthi.vn\/quangnam\/shop\/"},{"@type":"ListItem","position":3,"name":"B\u1ea3ng Gi\u00e1 S\u1eaft Th\u00e9p H\u1ed9p Qu\u1ea3ng Nam"}]},{"@type":"WebSite","@id":"https:\/\/tranthi.vn\/quangnam\/#website","url":"https:\/\/tranthi.vn\/quangnam\/","name":"V\u1eadt Li\u1ec7u X\u00e2y D\u1ef1ng Tr\u1ea7n Th\u1ecb Chi Nh\u00e1nh Qu\u1ea3ng Nam","description":"V\u1eadt Li\u1ec7u X\u00e2y D\u1ef1ng - Qu\u1ea3ng Nam","potentialAction":[{"@type":"SearchAction","target":{"@type":"EntryPoint","urlTemplate":"https:\/\/tranthi.vn\/quangnam\/?s={search_term_string}"},"query-input":"required name=search_term_string"}],"inLanguage":"vi"},{"@type":"ImageObject","inLanguage":"vi","@id":"https:\/\/tranthi.vn\/quangnam\/bang-gia-sat-thep-hop-hoi-an-tam-ky-quang-nam\/#local-main-organization-logo","url":"","contentUrl":"","caption":"V\u1eadt Li\u1ec7u X\u00e2y D\u1ef1ng Tr\u1ea7n Th\u1ecb Chi Nh\u00e1nh Qu\u1ea3ng Nam"}]},"product_price_currency":"VND","og_availability":"instock","product_availability":"instock","product_condition":"new"},"_links":{"self":[{"href":"https:\/\/tranthi.vn\/quangnam\/wp-json\/wp\/v2\/product\/7518","targetHints":{"allow":["GET"]}}],"collection":[{"href":"https:\/\/tranthi.vn\/quangnam\/wp-json\/wp\/v2\/product"}],"about":[{"href":"https:\/\/tranthi.vn\/quangnam\/wp-json\/wp\/v2\/types\/product"}],"replies":[{"embeddable":true,"href":"https:\/\/tranthi.vn\/quangnam\/wp-json\/wp\/v2\/comments?post=7518"}],"wp:attachment":[{"href":"https:\/\/tranthi.vn\/quangnam\/wp-json\/wp\/v2\/media?parent=7518"}],"wp:term":[{"taxonomy":"product_cat","embeddable":true,"href":"https:\/\/tranthi.vn\/quangnam\/wp-json\/wp\/v2\/product_cat?post=7518"},{"taxonomy":"product_tag","embeddable":true,"href":"https:\/\/tranthi.vn\/quangnam\/wp-json\/wp\/v2\/product_tag?post=7518"}],"curies":[{"name":"wp","href":"https:\/\/api.w.org\/{rel}","templated":true}]}}