{"id":7517,"date":"2024-07-19T10:09:01","date_gmt":"2024-07-19T03:09:01","guid":{"rendered":"https:\/\/tranthi.vn\/quangnam\/?post_type=product&#038;p=7517"},"modified":"2024-11-14T09:28:22","modified_gmt":"2024-11-14T02:28:22","slug":"bang-gia-ton-hoa-sen-tai-hoi-an-tam-ky-quang-nam","status":"publish","type":"product","link":"https:\/\/tranthi.vn\/quangnam\/bang-gia-ton-hoa-sen-tai-hoi-an-tam-ky-quang-nam\/","title":{"rendered":"B\u1ea3ng Gi\u00e1 T\u00f4n Hoa Sen T\u1ea1i Qu\u1ea3ng Nam"},"content":{"rendered":"<h1 style=\"text-align: center;\"><span style=\"font-size: 130%; font-family: 'times new roman', times, serif;\"><strong>B\u1ea3ng gi\u00e1 t\u00f4n hoa sen Qu\u1ea3ng Nam<\/strong><\/span><\/h1>\n<h1><span style=\"font-family: 'times new roman', times, serif; font-size: 130%;\"><strong>T\u00f4n l\u00e0 g\u00ec<\/strong><\/span><\/h1>\n<figure id=\"attachment_7640\" aria-describedby=\"caption-attachment-7640\" style=\"width: 395px\" class=\"wp-caption alignnone\"><img loading=\"lazy\" decoding=\"async\" class=\" wp-image-7640\" src=\"https:\/\/tranthi.vn\/quangnam\/wp-content\/uploads\/2024\/07\/ton-hoa-sen-2-tam-ky-hoi-an-quang-nam.png\" alt=\"t\u00f4n hoa sen 1 tam k\u1ef3- h\u1ed9i an- qu\u1ea3ng nam\" width=\"395\" height=\"282\" \/><figcaption id=\"caption-attachment-7640\" class=\"wp-caption-text\"><span style=\"font-family: 'times new roman', times, serif;\">t\u00f4n hoa sen 1 tam k\u1ef3- h\u1ed9i an- qu\u1ea3ng nam<\/span><\/figcaption><\/figure>\n<p><span style=\"font-family: 'times new roman', times, serif; font-size: 130%;\"><em><strong>T\u00f4n<\/strong><\/em> th\u01b0\u1eddng \u0111\u01b0\u1ee3c g\u1ecdi t\u1eaft v\u1edbi t\u00ean ti\u1ebfng anh l\u00e0 Tole, l\u00e0 m\u1ed9t lo\u1ea1i v\u1eadt li\u1ec7u \u0111\u01b0\u1ee3c l\u00e0m b\u1eb1ng kim lo\u1ea1i c\u00e1n m\u1ecfng v\u00e0 c\u00f3 ph\u1ee7 th\u00eam m\u1ed9t l\u1edbp k\u1ebdm b\u00ean ngo\u00e0i th\u00f4ng qua c\u00e1c qu\u00e1 tr\u00ecnh nh\u00fang n\u00f3ng l\u1ea1nh. Ngo\u00e0i ra, t\u00f4n c\u00f2n \u0111\u01b0\u1ee3c hi\u1ec3u r\u00f5 h\u01a1n v\u1edbi c\u00e1c ngh\u0129a kh\u00e1c nh\u01b0 t\u1ea5m th\u00e9p m\u1ecfng, m\u1ea1 k\u1ebdm, nh\u00f4m k\u1ebdm, c\u00e1n s\u00f3ng, l\u1ee3p tr\u1ea7n,&#8230;..<\/span><\/p>\n<p><span style=\"font-family: 'times new roman', times, serif; font-size: 130%;\">C\u00f3 r\u1ea5t nhi\u1ec1u lo\u1ea1i t\u00f4n \u0111\u01b0\u1ee3c d\u00f9ng ph\u1ed5 bi\u1ebfn t\u1ea1i Vi\u1ec7t Nam trong \u0111\u00f3 c\u00f3 t\u00f4n l\u1ea1nh m\u00e0u, t\u00f4n c\u00e1ch nhi\u1ec7t, t\u00f4n nh\u1ef1a l\u1ea5y s\u00e1ng, m\u1ea1 k\u1ebdm, m\u1ea1 h\u1ed9p kim trong \u0111\u00f3 \u0111\u01b0\u1ee3c c\u00e1n r\u1ea5t nhi\u1ec1u s\u00f3ng nh\u01b0 5 s\u00f3ng, 9 s\u00f3ng, 11 s\u00f3ng, <strong><em>t\u00f4n<\/em><\/strong> gi\u1ea3 ng\u00f3i,&#8230;. \u0111\u01b0\u1ee3c d\u00f9ng r\u1ea5t nhi\u1ec1u cho c\u00e1c c\u00f4ng tr\u00ecnh nh\u00e0 \u1edf, nh\u00e0 c\u1ea5p 4, nh\u00e0 ph\u1ed1, kho b\u00e3i, nh\u00e0 x\u01b0\u1edfng,&#8230;..<\/span><\/p>\n<ul>\n<li><span style=\"font-family: 'times new roman', times, serif; font-size: 130%;\">T\u1ea1i <a href=\"https:\/\/vi.wikipedia.org\/wiki\/Qu%E1%BA%A3ng_Nam\">Qu\u1ea3ng Nam<\/a> nh\u00e0 ph\u00e2n ph\u1ed1i th\u01b0\u1eddng ph\u00e2n ph\u1ed1i t\u1ea1i c\u00e1c cung \u0111\u01b0\u1eddng l\u1edbn<\/span><\/li>\n<\/ul>\n<p><iframe loading=\"lazy\" src=\"\/\/www.youtube.com\/embed\/81mwiti9o7Y\" width=\"560\" height=\"314\" allowfullscreen=\"allowfullscreen\"><\/iframe><\/p>\n<ul>\n<li>\n<h2><span style=\"font-family: 'times new roman', times, serif; font-size: 130%;\">H\u01b0\u1edbng d\u1eabn\u00a0c\u00e1ch l\u1ee3p t\u00f4n \u0111\u00fang k\u1ef9 thu\u1eadt<\/span><\/h2>\n<p><span style=\"font-family: 'times new roman', times, serif; font-size: 130%;\" data-sheets-value=\"{\" data-sheets-userformat=\"{\">\u0110i\u1ec1u \u0111\u1ea7u ti\u00ean \u0111\u1ec3 l\u1ee3p m\u00e1i t\u00f4n \u0111\u00fang c\u00e1ch th\u00ec b\u1ea1n ph\u1ea3i \u0111o \u0111\u1ea1c cho ch\u00ednh x\u00e1c k\u00edch th\u01b0\u1edbc, x\u00e1c \u0111\u1ecbnh \u0111\u1ed9 d\u1ed1c c\u1ee7a m\u00e1i nh\u00e0, \u0111\u1ed9 nghi\u00eang v\u00e0 \u0111i\u1ec3m cao \u0111i\u1ec3m th\u1ea5p c\u1ee7a n\u01a1i b\u1ea1n c\u1ea7n l\u1ee3p. \u0110\u00e2y ch\u00ednh l\u00e0 y\u1ebfu t\u1ed1 quan tr\u1ecdng \u0111\u1ec3 quy\u1ebft \u0111\u1ecbnh t\u00ednh th\u1ea9m m\u1ef9 ng\u00f4i nh\u00e0 c\u1ee7a b\u1ea1n. Sau khi \u0111\u00e3 x\u00e1c \u0111\u1ecbnh k\u00edch th\u01b0\u1edbc c\u0169ng nh\u01b0 c\u00e1c \u0111\u1ed9 cao v\u00e0 \u0111\u1ed9 d\u1ed1c b\u1ea1n c\u00f3 th\u1ec3 t\u00ednh \u0111\u01b0\u1ee3c kho\u1ea3ng c\u00e1ch x\u00e0 g\u1ed3 m\u00e1i t\u00f4n sao cho ph\u00f9 h\u1ee3p. B\u00ecnh th\u01b0\u1eddng, m\u00e1i nh\u00e0 hay c\u00f3 \u0111\u1ed9 d\u1ed1c d\u01b0\u1edbi 8%, m\u00e1i c\u00e0ng d\u1ed1c th\u00ec \u0111\u1ed9 tho\u00e1t n\u01b0\u1edbc c\u00e0ng nhanh.<\/span><\/p>\n<p><span style=\"font-family: 'times new roman', times, serif; font-size: 130%;\" data-sheets-value=\"{\" data-sheets-userformat=\"{\">C\u00f4ng th\u1ee9c c\u01a1 b\u1ea3n \u0111\u1ec3 t\u00ednh \u0111\u1ed9 d\u1ed1c \u0111\u00f3 ch\u00ednh l\u00e0 I = H\/L<\/span><\/p>\n<p><span style=\"font-family: 'times new roman', times, serif; font-size: 130%;\">Trong \u0111\u00f3:<\/span><br \/>\n<span style=\"font-family: 'times new roman', times, serif; font-size: 130%;\">I l\u00e0 ch\u1ec9 \u0111\u1ed9 d\u1ed1c<\/span><br \/>\n<span style=\"font-family: 'times new roman', times, serif; font-size: 130%;\">H l\u00e0 chi\u1ec1u cao c\u1ee7a m\u00e1i<\/span><br \/>\n<span style=\"font-family: 'times new roman', times, serif; font-size: 130%;\">L l\u00e0 chi\u1ec1u d\u00e0i c\u1ee7a m\u00e1i<\/span><\/li>\n<\/ul>\n<p><iframe loading=\"lazy\" src=\"\/\/www.youtube.com\/embed\/TxLuz20LW10\" width=\"560\" height=\"314\" allowfullscreen=\"allowfullscreen\"><\/iframe><\/p>\n<h2><span style=\"font-family: 'times new roman', times, serif; font-size: 130%;\">Ph\u00e2n bi\u1ec7t T\u00f4n Hoa Sen ch\u00ednh h\u00e3ng v\u1edbi d\u00f2ng in tr\u00ean T\u00f4n<\/span><\/h2>\n<div><span style=\"font-family: 'times new roman', times, serif; font-size: 130%;\">Khi mua\u00a0<a href=\"https:\/\/hoasenhome.vn\/ton-hoa-sen\" target=\"_blank\" rel=\"noopener\">s\u1ea3n ph\u1ea9m T\u00f4n Hoa Sen<\/a>, kh\u00e1ch h\u00e0ng s\u1ebd th\u1ea5y r\u00f5 c\u00e1c th\u00f4ng tin \u0111\u01b0\u1ee3c in tr\u00ean b\u1ec1 m\u1eb7t c\u1ee7a s\u1ea3n ph\u1ea9m. V\u1edbi T\u00f4n Hoa Sen ch\u00ednh h\u00e3ng cho th\u1ecb tr\u01b0\u1eddng n\u1ed9i \u0111\u1ecba, d\u00f2ng in th\u1ec3 hi\u1ec7n r\u00f5 v\u00e0 c\u1ee5 th\u1ec3 c\u00e1c th\u00f4ng tin v\u1ec1 s\u1ea3n ph\u1ea9m nh\u01b0 sau:\u00a0\u201cS\u1ed1 m\u00e9t_<strong><em>T\u00f4n Hoa<\/em><\/strong> <strong>Sen<\/strong>_Th\u01b0\u01a1ng Hi\u1ec7u Qu\u1ed1c gia_Lo\u1ea1i s\u1ea3n ph\u1ea9m_\u0110\u1ed9 d\u00e0y s\u1ea3n ph\u1ea9m (dung sai)_M\u00e3 s\u1ed1 cu\u1ed9n_Ng\u00e0y s\u1ea3n xu\u1ea5t\u201d.<\/span><\/div>\n<div><span style=\"font-family: 'times new roman', times, serif; font-size: 130%;\">*Quy \u0111\u1ecbnh d\u00f2ng in:<\/span><\/div>\n<div><span style=\"font-family: 'times new roman', times, serif; font-size: 130%;\">&#8211; Quy \u0111\u1ecbnh font ch\u1eef: s\u1eed d\u1ee5ng font ch\u1eef Arial<\/span><\/div>\n<div><span style=\"font-family: 'times new roman', times, serif; font-size: 130%;\">&#8211; C\u1ee1 ch\u1eef: c\u00f3 chi\u1ec1u cao 10mm<\/span><\/div>\n<div><span style=\"font-family: 'times new roman', times, serif; font-size: 130%;\">&#8211; Kho\u1ea3ng c\u00e1ch gi\u1eefa 2 d\u00f2ng in: m\u1ed7i 4m l\u1eb7p l\u1ea1i m\u1ed9t l\u1ea7n in.<\/span><\/div>\n<div><span style=\"font-family: 'times new roman', times, serif; font-size: 130%;\">\u0110\u1ed1i v\u1edbi h\u00e0ng gi\u1ea3, h\u00e0ng nh\u00e1i, do\u0300ng in tr\u00ean b\u00ea\u0300 m\u0103\u0323t t\u00f4n se\u0303 kh\u00f4ng ro\u0303 ra\u0300ng va\u0300 \u0111\u00e2\u0300y \u0111u\u0309 th\u00f4ng tin ho\u0103\u0323c do\u0300ng in b\u1ecb m\u01a1\u0300, bi\u0323 t\u00e2\u0309y xo\u0301a.<\/span><\/div>\n<div>\n<figure id=\"attachment_7641\" aria-describedby=\"caption-attachment-7641\" style=\"width: 423px\" class=\"wp-caption alignnone\"><img loading=\"lazy\" decoding=\"async\" class=\" wp-image-7641\" src=\"https:\/\/tranthi.vn\/quangnam\/wp-content\/uploads\/2024\/07\/ton-hoa-sen-1-tam-ky-hoi-an-quang-nam.png\" alt=\"t\u00f4n hoa sen 1 tam k\u1ef3- h\u1ed9i an- qu\u1ea3ng nam\" width=\"423\" height=\"302\" \/><figcaption id=\"caption-attachment-7641\" class=\"wp-caption-text\"><span style=\"font-family: 'times new roman', times, serif;\">\u00a0 \u00a0 \u00a0 \u00a0 \u00a0 \u00a0 \u00a0 \u00a0 \u00a0 \u00a0 t\u00f4n hoa sen 1 tam k\u1ef3- h\u1ed9i an- qu\u1ea3ng nam<\/span><\/figcaption><\/figure>\n<\/div>\n<h3><span style=\"font-family: 'times new roman', times, serif; font-size: 130%;\">3 c\u00e1c th\u01b0\u01a1ng hi\u1ec7u t\u00f4n t\u1ea1i <a href=\"https:\/\/vi.wikipedia.org\/wiki\/Qu%E1%BA%A3ng_Nam\">Qu\u1ea3ng Nam<\/a><\/span><\/h3>\n<div>\n<ul>\n<li class=\"BlogMenu_h3__vpakx cursor-pointer mb-2 hover:text-rose-500 text-sm\"><span style=\"font-family: 'times new roman', times, serif; font-size: 130%;\">1. Pomina &#8211; S\u1ef1 L\u1ef1a Ch\u1ecdn Ch\u1ea5t L\u01b0\u1ee3ng<\/span><\/li>\n<li class=\"BlogMenu_h3__vpakx cursor-pointer mb-2 hover:text-rose-500 text-sm\"><span style=\"font-family: 'times new roman', times, serif; font-size: 130%;\">2. Hoa Sen &#8211; Ch\u1ea5t L\u01b0\u1ee3ng \u0110\u1ec9nh Cao<\/span><\/li>\n<li class=\"BlogMenu_h3__vpakx cursor-pointer mb-2 hover:text-rose-500 text-sm\"><span style=\"font-family: 'times new roman', times, serif; font-size: 130%;\">3. T\u00f4n Vi\u1ec7t Ph\u00e1p &#8211; S\u1ef1 l\u1ef1a ch\u1ecdn h\u00e0ng \u0111\u1ea7u trong t\u00f4n m\u1ea1<\/span><\/li>\n<li class=\"BlogMenu_h3__vpakx cursor-pointer mb-2 hover:text-rose-500 text-sm\"><span style=\"font-family: 'times new roman', times, serif; font-size: 130%;\">4. T\u00f4n Olympic &#8211; S\u1ef1 l\u1ef1a ch\u1ecdn cho m\u00e1i nh\u00e0 ch\u1ea5t l\u01b0\u1ee3ng cao<\/span><\/li>\n<li class=\"BlogMenu_h3__vpakx cursor-pointer mb-2 hover:text-rose-500 text-sm\"><span style=\"font-family: 'times new roman', times, serif; font-size: 130%;\">5. T\u00f4n \u0110\u00f4ng \u00c1 &#8211; S\u1ef1 \u0111\u1ed3ng h\u00e0nh tin c\u1eady cho x\u00e2y d\u1ef1ng Vi\u1ec7t Nam<\/span><\/li>\n<li class=\"BlogMenu_h3__vpakx cursor-pointer mb-2 hover:text-rose-500 text-sm\"><span style=\"font-family: 'times new roman', times, serif; font-size: 130%;\">6. T\u00f4n BlueScope Zacs &#8211; S\u1ef1 \u0111\u1ed9t ph\u00e1 trong ng\u00e0nh c\u00f4ng nghi\u1ec7p x\u00e2y d\u1ef1ng<\/span><\/li>\n<li class=\"BlogMenu_h3__vpakx cursor-pointer mb-2 hover:text-rose-500 text-sm\"><span style=\"font-family: 'times new roman', times, serif; font-size: 130%;\">7. T\u00f4n Ph\u01b0\u01a1ng Nam \u2013 SSSC T\u00f4n Vi\u1ec7t Nh\u1eadt<\/span><\/li>\n<li class=\"BlogMenu_h3__vpakx cursor-pointer mb-2 hover:text-rose-500 text-sm\"><span style=\"font-family: 'times new roman', times, serif; font-size: 130%;\">8. T\u00f4n \u0110\u1ea1i Thi\u00ean L\u1ed9c<\/span><\/li>\n<li class=\"BlogMenu_h3__vpakx cursor-pointer mb-2 hover:text-rose-500 text-sm\"><span style=\"font-family: 'times new roman', times, serif; font-size: 130%;\">9. T\u00f4n H\u00f2a Ph\u00e1t<\/span><\/li>\n<li class=\"BlogMenu_h3__vpakx cursor-pointer mb-2 hover:text-rose-500 text-sm\"><span style=\"font-family: 'times new roman', times, serif; font-size: 130%;\">10. T\u00f4n TVP<\/span><\/li>\n<li class=\"BlogMenu_h3__vpakx cursor-pointer mb-2 hover:text-rose-500 text-sm\"><span style=\"font-family: 'times new roman', times, serif; font-size: 130%;\">11. T\u00f4n Nam Kim<\/span><\/li>\n<\/ul>\n<\/div>\n","protected":false},"excerpt":{"rendered":"<p>B\u1ea3ng gi\u00e1 t\u00f4n hoa sen Qu\u1ea3ng Nam T\u00f4n l\u00e0 g\u00ec T\u00f4n th\u01b0\u1eddng \u0111\u01b0\u1ee3c g\u1ecdi t\u1eaft v\u1edbi t\u00ean ti\u1ebfng anh l\u00e0 Tole, l\u00e0 m\u1ed9t lo\u1ea1i v\u1eadt li\u1ec7u \u0111\u01b0\u1ee3c l\u00e0m b\u1eb1ng kim lo\u1ea1i c\u00e1n m\u1ecfng v\u00e0 c\u00f3 ph\u1ee7 th\u00eam m\u1ed9t l\u1edbp k\u1ebdm b\u00ean ngo\u00e0i th\u00f4ng qua c\u00e1c qu\u00e1 tr\u00ecnh nh\u00fang n\u00f3ng l\u1ea1nh. Ngo\u00e0i ra, t\u00f4n c\u00f2n \u0111\u01b0\u1ee3c [&#8230;]\n","protected":false},"featured_media":0,"comment_status":"closed","ping_status":"closed","template":"","meta":[],"product_cat":[429,430],"product_tag":[434],"class_list":{"0":"post-7517","1":"product","2":"type-product","3":"status-publish","5":"product_cat-mai-ton","6":"product_cat-ton-hoa-sen","7":"product_tag-gia-ton-hoa-sen-da-nang","9":"first","10":"instock","11":"shipping-taxable","12":"product-type-simple"},"yoast_head":"<!-- This site is optimized with the Yoast SEO Premium plugin v22.3 (Yoast SEO v22.8) - https:\/\/yoast.com\/wordpress\/plugins\/seo\/ -->\n<title>Gi\u00e1 t\u00f4n hoa sen t\u1ea1i Qu\u1ea3ng Nam-0947.335.871<\/title>\n<meta name=\"description\" content=\"Gi\u00e1 t\u00f4n hoa sen t\u1ea1i Qu\u1ea3ng Nam- 0903.595.04 Tr\u1ea7n th\u1ecb. Cung c\u1ea5p h\u00e0ng ho\u00e1 uy t\u00edn ch\u1ea5t l\u01b0\u1ee3ng tham kh\u1ea3o t\u1ea1i web: tranthi.vn \u0111\u1ec3 bi\u1ebft th\u00eam chi ti\u1ebft\" \/>\n<meta name=\"robots\" content=\"index, follow, max-snippet:-1, max-image-preview:large, max-video-preview:-1\" \/>\n<link rel=\"canonical\" href=\"https:\/\/tranthi.vn\/quangnam\/bang-gia-ton-hoa-sen-tai-hoi-an-tam-ky-quang-nam\/\" \/>\n<meta property=\"og:locale\" content=\"vi_VN\" \/>\n<meta property=\"og:type\" content=\"article\" \/>\n<meta property=\"og:title\" content=\"B\u1ea3ng Gi\u00e1 T\u00f4n Hoa Sen T\u1ea1i Qu\u1ea3ng Nam\" \/>\n<meta property=\"og:description\" content=\"Gi\u00e1 t\u00f4n hoa sen t\u1ea1i Qu\u1ea3ng Nam- 0903.595.04 Tr\u1ea7n th\u1ecb. Cung c\u1ea5p h\u00e0ng ho\u00e1 uy t\u00edn ch\u1ea5t l\u01b0\u1ee3ng tham kh\u1ea3o t\u1ea1i web: tranthi.vn \u0111\u1ec3 bi\u1ebft th\u00eam chi ti\u1ebft\" \/>\n<meta property=\"og:url\" content=\"https:\/\/tranthi.vn\/quangnam\/bang-gia-ton-hoa-sen-tai-hoi-an-tam-ky-quang-nam\/\" \/>\n<meta property=\"og:site_name\" content=\"V\u1eadt Li\u1ec7u X\u00e2y D\u1ef1ng Tr\u1ea7n Th\u1ecb Chi Nh\u00e1nh Qu\u1ea3ng Nam\" \/>\n<meta property=\"article:modified_time\" content=\"2024-11-14T02:28:22+00:00\" \/>\n<meta property=\"og:image\" content=\"https:\/\/tranthi.vn\/quangnam\/wp-content\/uploads\/2024\/07\/ton-hoa-sen-2-tam-ky-hoi-an-quang-nam.png\" \/>\n<meta name=\"twitter:card\" content=\"summary_large_image\" \/>\n<meta name=\"twitter:label1\" content=\"Gi\u00e1\" \/>\n\t<meta name=\"twitter:data1\" content=\"\" \/>\n\t<meta name=\"twitter:label2\" content=\"Kh\u1ea3 d\u1ee5ng\" \/>\n\t<meta name=\"twitter:data2\" content=\"Trong kho\" \/>\n<script type=\"application\/ld+json\" class=\"yoast-schema-graph\">{\"@context\":\"https:\/\/schema.org\",\"@graph\":[{\"@type\":[\"WebPage\",\"ItemPage\"],\"@id\":\"https:\/\/tranthi.vn\/quangnam\/bang-gia-ton-hoa-sen-tai-hoi-an-tam-ky-quang-nam\/\",\"url\":\"https:\/\/tranthi.vn\/quangnam\/bang-gia-ton-hoa-sen-tai-hoi-an-tam-ky-quang-nam\/\",\"name\":\"Gi\u00e1 t\u00f4n hoa sen t\u1ea1i Qu\u1ea3ng Nam-0947.335.871\",\"isPartOf\":{\"@id\":\"https:\/\/tranthi.vn\/quangnam\/#website\"},\"primaryImageOfPage\":{\"@id\":\"https:\/\/tranthi.vn\/quangnam\/bang-gia-ton-hoa-sen-tai-hoi-an-tam-ky-quang-nam\/#primaryimage\"},\"image\":{\"@id\":\"https:\/\/tranthi.vn\/quangnam\/bang-gia-ton-hoa-sen-tai-hoi-an-tam-ky-quang-nam\/#primaryimage\"},\"thumbnailUrl\":\"https:\/\/tranthi.vn\/quangnam\/wp-content\/uploads\/2024\/07\/ton-hoa-sen-2-tam-ky-hoi-an-quang-nam.png\",\"datePublished\":\"2024-07-19T03:09:01+00:00\",\"dateModified\":\"2024-11-14T02:28:22+00:00\",\"description\":\"Gi\u00e1 t\u00f4n hoa sen t\u1ea1i Qu\u1ea3ng Nam- 0903.595.04 Tr\u1ea7n th\u1ecb. Cung c\u1ea5p h\u00e0ng ho\u00e1 uy t\u00edn ch\u1ea5t l\u01b0\u1ee3ng tham kh\u1ea3o t\u1ea1i web: tranthi.vn \u0111\u1ec3 bi\u1ebft th\u00eam chi ti\u1ebft\",\"breadcrumb\":{\"@id\":\"https:\/\/tranthi.vn\/quangnam\/bang-gia-ton-hoa-sen-tai-hoi-an-tam-ky-quang-nam\/#breadcrumb\"},\"inLanguage\":\"vi\",\"potentialAction\":[{\"@type\":\"ReadAction\",\"target\":[\"https:\/\/tranthi.vn\/quangnam\/bang-gia-ton-hoa-sen-tai-hoi-an-tam-ky-quang-nam\/\"]}]},{\"@type\":\"ImageObject\",\"inLanguage\":\"vi\",\"@id\":\"https:\/\/tranthi.vn\/quangnam\/bang-gia-ton-hoa-sen-tai-hoi-an-tam-ky-quang-nam\/#primaryimage\",\"url\":\"https:\/\/tranthi.vn\/quangnam\/wp-content\/uploads\/2024\/07\/ton-hoa-sen-2-tam-ky-hoi-an-quang-nam.png\",\"contentUrl\":\"https:\/\/tranthi.vn\/quangnam\/wp-content\/uploads\/2024\/07\/ton-hoa-sen-2-tam-ky-hoi-an-quang-nam.png\",\"width\":266,\"height\":190,\"caption\":\"t\u00f4n hoa sen 1 tam k\u1ef3- h\u1ed9i an- qu\u1ea3ng nam\"},{\"@type\":\"BreadcrumbList\",\"@id\":\"https:\/\/tranthi.vn\/quangnam\/bang-gia-ton-hoa-sen-tai-hoi-an-tam-ky-quang-nam\/#breadcrumb\",\"itemListElement\":[{\"@type\":\"ListItem\",\"position\":1,\"name\":\"Trang ch\u1ee7\",\"item\":\"https:\/\/tranthi.vn\/quangnam\/\"},{\"@type\":\"ListItem\",\"position\":2,\"name\":\"Shop\",\"item\":\"https:\/\/tranthi.vn\/quangnam\/shop\/\"},{\"@type\":\"ListItem\",\"position\":3,\"name\":\"B\u1ea3ng Gi\u00e1 T\u00f4n Hoa Sen T\u1ea1i Qu\u1ea3ng Nam\"}]},{\"@type\":\"WebSite\",\"@id\":\"https:\/\/tranthi.vn\/quangnam\/#website\",\"url\":\"https:\/\/tranthi.vn\/quangnam\/\",\"name\":\"V\u1eadt Li\u1ec7u X\u00e2y D\u1ef1ng Tr\u1ea7n Th\u1ecb Chi Nh\u00e1nh Qu\u1ea3ng Nam\",\"description\":\"V\u1eadt Li\u1ec7u X\u00e2y D\u1ef1ng - Qu\u1ea3ng Nam\",\"potentialAction\":[{\"@type\":\"SearchAction\",\"target\":{\"@type\":\"EntryPoint\",\"urlTemplate\":\"https:\/\/tranthi.vn\/quangnam\/?s={search_term_string}\"},\"query-input\":\"required name=search_term_string\"}],\"inLanguage\":\"vi\"},{\"@type\":\"ImageObject\",\"inLanguage\":\"vi\",\"@id\":\"https:\/\/tranthi.vn\/quangnam\/bang-gia-ton-hoa-sen-tai-hoi-an-tam-ky-quang-nam\/#local-main-organization-logo\",\"url\":\"\",\"contentUrl\":\"\",\"caption\":\"V\u1eadt Li\u1ec7u X\u00e2y D\u1ef1ng Tr\u1ea7n Th\u1ecb Chi Nh\u00e1nh Qu\u1ea3ng Nam\"}]}<\/script>\n<meta property=\"product:price:amount\" content=\"0\" \/>\n<meta property=\"product:price:currency\" content=\"VND\" \/>\n<meta property=\"og:availability\" content=\"instock\" \/>\n<meta property=\"product:availability\" content=\"instock\" \/>\n<meta property=\"product:condition\" content=\"new\" \/>\n<!-- \/ Yoast SEO Premium plugin. -->","yoast_head_json":{"title":"Gi\u00e1 t\u00f4n hoa sen t\u1ea1i Qu\u1ea3ng Nam-0947.335.871","description":"Gi\u00e1 t\u00f4n hoa sen t\u1ea1i Qu\u1ea3ng Nam- 0903.595.04 Tr\u1ea7n th\u1ecb. Cung c\u1ea5p h\u00e0ng ho\u00e1 uy t\u00edn ch\u1ea5t l\u01b0\u1ee3ng tham kh\u1ea3o t\u1ea1i web: tranthi.vn \u0111\u1ec3 bi\u1ebft th\u00eam chi ti\u1ebft","robots":{"index":"index","follow":"follow","max-snippet":"max-snippet:-1","max-image-preview":"max-image-preview:large","max-video-preview":"max-video-preview:-1"},"canonical":"https:\/\/tranthi.vn\/quangnam\/bang-gia-ton-hoa-sen-tai-hoi-an-tam-ky-quang-nam\/","og_locale":"vi_VN","og_type":"article","og_title":"B\u1ea3ng Gi\u00e1 T\u00f4n Hoa Sen T\u1ea1i Qu\u1ea3ng Nam","og_description":"Gi\u00e1 t\u00f4n hoa sen t\u1ea1i Qu\u1ea3ng Nam- 0903.595.04 Tr\u1ea7n th\u1ecb. Cung c\u1ea5p h\u00e0ng ho\u00e1 uy t\u00edn ch\u1ea5t l\u01b0\u1ee3ng tham kh\u1ea3o t\u1ea1i web: tranthi.vn \u0111\u1ec3 bi\u1ebft th\u00eam chi ti\u1ebft","og_url":"https:\/\/tranthi.vn\/quangnam\/bang-gia-ton-hoa-sen-tai-hoi-an-tam-ky-quang-nam\/","og_site_name":"V\u1eadt Li\u1ec7u X\u00e2y D\u1ef1ng Tr\u1ea7n Th\u1ecb Chi Nh\u00e1nh Qu\u1ea3ng Nam","article_modified_time":"2024-11-14T02:28:22+00:00","og_image":[{"url":"https:\/\/tranthi.vn\/quangnam\/wp-content\/uploads\/2024\/07\/ton-hoa-sen-2-tam-ky-hoi-an-quang-nam.png"}],"twitter_card":"summary_large_image","twitter_misc":{"Gi\u00e1":"","Kh\u1ea3 d\u1ee5ng":"Trong kho"},"schema":{"@context":"https:\/\/schema.org","@graph":[{"@type":["WebPage","ItemPage"],"@id":"https:\/\/tranthi.vn\/quangnam\/bang-gia-ton-hoa-sen-tai-hoi-an-tam-ky-quang-nam\/","url":"https:\/\/tranthi.vn\/quangnam\/bang-gia-ton-hoa-sen-tai-hoi-an-tam-ky-quang-nam\/","name":"Gi\u00e1 t\u00f4n hoa sen t\u1ea1i Qu\u1ea3ng Nam-0947.335.871","isPartOf":{"@id":"https:\/\/tranthi.vn\/quangnam\/#website"},"primaryImageOfPage":{"@id":"https:\/\/tranthi.vn\/quangnam\/bang-gia-ton-hoa-sen-tai-hoi-an-tam-ky-quang-nam\/#primaryimage"},"image":{"@id":"https:\/\/tranthi.vn\/quangnam\/bang-gia-ton-hoa-sen-tai-hoi-an-tam-ky-quang-nam\/#primaryimage"},"thumbnailUrl":"https:\/\/tranthi.vn\/quangnam\/wp-content\/uploads\/2024\/07\/ton-hoa-sen-2-tam-ky-hoi-an-quang-nam.png","datePublished":"2024-07-19T03:09:01+00:00","dateModified":"2024-11-14T02:28:22+00:00","description":"Gi\u00e1 t\u00f4n hoa sen t\u1ea1i Qu\u1ea3ng Nam- 0903.595.04 Tr\u1ea7n th\u1ecb. Cung c\u1ea5p h\u00e0ng ho\u00e1 uy t\u00edn ch\u1ea5t l\u01b0\u1ee3ng tham kh\u1ea3o t\u1ea1i web: tranthi.vn \u0111\u1ec3 bi\u1ebft th\u00eam chi ti\u1ebft","breadcrumb":{"@id":"https:\/\/tranthi.vn\/quangnam\/bang-gia-ton-hoa-sen-tai-hoi-an-tam-ky-quang-nam\/#breadcrumb"},"inLanguage":"vi","potentialAction":[{"@type":"ReadAction","target":["https:\/\/tranthi.vn\/quangnam\/bang-gia-ton-hoa-sen-tai-hoi-an-tam-ky-quang-nam\/"]}]},{"@type":"ImageObject","inLanguage":"vi","@id":"https:\/\/tranthi.vn\/quangnam\/bang-gia-ton-hoa-sen-tai-hoi-an-tam-ky-quang-nam\/#primaryimage","url":"https:\/\/tranthi.vn\/quangnam\/wp-content\/uploads\/2024\/07\/ton-hoa-sen-2-tam-ky-hoi-an-quang-nam.png","contentUrl":"https:\/\/tranthi.vn\/quangnam\/wp-content\/uploads\/2024\/07\/ton-hoa-sen-2-tam-ky-hoi-an-quang-nam.png","width":266,"height":190,"caption":"t\u00f4n hoa sen 1 tam k\u1ef3- h\u1ed9i an- qu\u1ea3ng nam"},{"@type":"BreadcrumbList","@id":"https:\/\/tranthi.vn\/quangnam\/bang-gia-ton-hoa-sen-tai-hoi-an-tam-ky-quang-nam\/#breadcrumb","itemListElement":[{"@type":"ListItem","position":1,"name":"Trang ch\u1ee7","item":"https:\/\/tranthi.vn\/quangnam\/"},{"@type":"ListItem","position":2,"name":"Shop","item":"https:\/\/tranthi.vn\/quangnam\/shop\/"},{"@type":"ListItem","position":3,"name":"B\u1ea3ng Gi\u00e1 T\u00f4n Hoa Sen T\u1ea1i Qu\u1ea3ng Nam"}]},{"@type":"WebSite","@id":"https:\/\/tranthi.vn\/quangnam\/#website","url":"https:\/\/tranthi.vn\/quangnam\/","name":"V\u1eadt Li\u1ec7u X\u00e2y D\u1ef1ng Tr\u1ea7n Th\u1ecb Chi Nh\u00e1nh Qu\u1ea3ng Nam","description":"V\u1eadt Li\u1ec7u X\u00e2y D\u1ef1ng - Qu\u1ea3ng Nam","potentialAction":[{"@type":"SearchAction","target":{"@type":"EntryPoint","urlTemplate":"https:\/\/tranthi.vn\/quangnam\/?s={search_term_string}"},"query-input":"required name=search_term_string"}],"inLanguage":"vi"},{"@type":"ImageObject","inLanguage":"vi","@id":"https:\/\/tranthi.vn\/quangnam\/bang-gia-ton-hoa-sen-tai-hoi-an-tam-ky-quang-nam\/#local-main-organization-logo","url":"","contentUrl":"","caption":"V\u1eadt Li\u1ec7u X\u00e2y D\u1ef1ng Tr\u1ea7n Th\u1ecb Chi Nh\u00e1nh Qu\u1ea3ng Nam"}]},"product_price_currency":"VND","og_availability":"instock","product_availability":"instock","product_condition":"new"},"_links":{"self":[{"href":"https:\/\/tranthi.vn\/quangnam\/wp-json\/wp\/v2\/product\/7517","targetHints":{"allow":["GET"]}}],"collection":[{"href":"https:\/\/tranthi.vn\/quangnam\/wp-json\/wp\/v2\/product"}],"about":[{"href":"https:\/\/tranthi.vn\/quangnam\/wp-json\/wp\/v2\/types\/product"}],"replies":[{"embeddable":true,"href":"https:\/\/tranthi.vn\/quangnam\/wp-json\/wp\/v2\/comments?post=7517"}],"wp:attachment":[{"href":"https:\/\/tranthi.vn\/quangnam\/wp-json\/wp\/v2\/media?parent=7517"}],"wp:term":[{"taxonomy":"product_cat","embeddable":true,"href":"https:\/\/tranthi.vn\/quangnam\/wp-json\/wp\/v2\/product_cat?post=7517"},{"taxonomy":"product_tag","embeddable":true,"href":"https:\/\/tranthi.vn\/quangnam\/wp-json\/wp\/v2\/product_tag?post=7517"}],"curies":[{"name":"wp","href":"https:\/\/api.w.org\/{rel}","templated":true}]}}