{"id":7516,"date":"2024-07-19T09:28:32","date_gmt":"2024-07-19T02:28:32","guid":{"rendered":"https:\/\/tranthi.vn\/quangnam\/?post_type=product&#038;p=7516"},"modified":"2024-11-14T16:37:58","modified_gmt":"2024-11-14T09:37:58","slug":"son-hieu-ung-ri-set-tai-hoi-an-tam-ky-quang-nam","status":"publish","type":"product","link":"https:\/\/tranthi.vn\/quangnam\/son-hieu-ung-ri-set-tai-hoi-an-tam-ky-quang-nam\/","title":{"rendered":"S\u01a1n Hi\u1ec7u \u1ee8ng R\u1ec9 S\u00e9t"},"content":{"rendered":"<h1 style=\"text-align: center;\"><a href=\"https:\/\/tranthi.vn\/quangnam\/son-hieu-ung-ri-set-tai-da-nang\/\"><span style=\"font-family: 'times new roman', times, serif; font-size: 140%;\"><strong><span style=\"font-size: 140%;\">S\u01a1n Hi\u1ec7u \u1ee8ng R\u1ec9 S\u00e9t<\/span><\/strong><\/span><\/a><\/h1>\n<p>&nbsp;<\/p>\n<h1><strong><span style=\"font-family: 'times new roman', times, serif; font-size: 130%;\">S\u01a1n Hi\u1ec7u \u1ee8ng G\u1ec9 S\u00e9t <i>&#8211;<\/i>\u00a0Xu H\u01b0\u1edbng M\u1edbi Trong Thi\u1ebft K\u1ebf N\u1ed9i Th\u1ea5t Hi\u1ec7n \u0110\u1ea1i<\/span><\/strong><\/h1>\n<h3><span style=\"font-family: 'times new roman', times, serif; font-size: 130%;\">S\u01a1n hi\u1ec7u \u1ee9ng g\u1ec9 s\u00e9t \u0111ang tr\u1edf th\u00e0nh m\u1ed9t xu h\u01b0\u1edbng m\u1edbi trong l\u0129nh v\u1ef1c thi\u1ebft k\u1ebf v\u00e0 trang tr\u00ed n\u1ed9i th\u1ea5t. T\u1ea1i <strong><em>H\u1ed9i An-Tam K\u1ef3-<a href=\"https:\/\/vi.wikipedia.org\/wiki\/Qu%E1%BA%A3ng_Nam\">Qu\u1ea3ng Nam<\/a><\/em><\/strong>, v\u1edbi s\u1ef1 ph\u00e1t tri\u1ec3n kh\u00f4ng ng\u1eebng c\u1ee7a ng\u00e0nh x\u00e2y d\u1ef1ng v\u00e0 nhu c\u1ea7u ng\u00e0y c\u00e0ng cao v\u1ec1 c\u00e1c s\u1ea3n ph\u1ea9m trang tr\u00ed \u0111\u1ed9c \u0111\u00e1o, s\u01a1n hi\u1ec7u \u1ee9ng g\u1ec9 s\u00e9t \u0111\u00e3 v\u00e0 \u0111ang chi\u1ebfm \u0111\u01b0\u1ee3c c\u1ea3m t\u00ecnh c\u1ee7a nhi\u1ec1u kh\u00e1ch h\u00e0ng.<\/span><\/h3>\n<figure id=\"attachment_7707\" aria-describedby=\"caption-attachment-7707\" style=\"width: 382px\" class=\"wp-caption aligncenter\"><img loading=\"lazy\" decoding=\"async\" class=\" wp-image-7707\" src=\"https:\/\/tranthi.vn\/quangnam\/wp-content\/uploads\/2024\/07\/son-hieu-ung-ri-set-tai-tam-ky-hoi-an-quang-nam.png\" alt=\"s\u01a1n hi\u1ec7u \u1ee9ng r\u1ec9 s\u00e9t t\u1ea1i tam k\u1ef3- h\u1ed9i an- qu\u1ea3ng nam\" width=\"382\" height=\"382\" srcset=\"https:\/\/tranthi.vn\/quangnam\/wp-content\/uploads\/2024\/07\/son-hieu-ung-ri-set-tai-tam-ky-hoi-an-quang-nam.png 300w, https:\/\/tranthi.vn\/quangnam\/wp-content\/uploads\/2024\/07\/son-hieu-ung-ri-set-tai-tam-ky-hoi-an-quang-nam-100x100.png 100w\" sizes=\"auto, (max-width: 382px) 100vw, 382px\" \/><figcaption id=\"caption-attachment-7707\" class=\"wp-caption-text\">s\u01a1n hi\u1ec7u \u1ee9ng r\u1ec9 s\u00e9t t\u1ea1i tam k\u1ef3- h\u1ed9i an- qu\u1ea3ng nam<\/figcaption><\/figure>\n<h1><strong><span style=\"font-family: 'times new roman', times, serif; font-size: 130%;\">1. S\u01a1n hi\u1ec7u \u1ee9ng g\u1ec9 s\u00e9t l\u00e0 g\u00ec?<\/span><\/strong><\/h1>\n<h3><span style=\"font-family: 'times new roman', times, serif; font-size: 130%;\">S\u01a1n hi\u1ec7u \u1ee9ng g\u1ec9 s\u00e9t l\u00e0 m\u1ed9t lo\u1ea1i s\u01a1n \u0111\u1eb7c bi\u1ec7t, \u0111\u01b0\u1ee3c thi\u1ebft k\u1ebf \u0111\u1ec3 t\u1ea1o ra b\u1ec1 m\u1eb7t c\u00f3 v\u1ebb ngo\u00e0i nh\u01b0 kim lo\u1ea1i b\u1ecb g\u1ec9 s\u00e9t theo th\u1eddi gian. Lo\u1ea1i s\u01a1n n\u00e0y th\u01b0\u1eddng \u0111\u01b0\u1ee3c s\u1eed d\u1ee5ng \u0111\u1ec3 t\u1ea1o n\u00ean phong c\u00e1ch c\u00f4ng nghi\u1ec7p, c\u1ed5 \u0111i\u1ec3n, v\u00e0 vintage cho c\u00e1c b\u1ec1 m\u1eb7t nh\u01b0 t\u01b0\u1eddng, tr\u1ea7n, \u0111\u1ed3 n\u1ed9i th\u1ea5t v\u00e0 c\u00e1c chi ti\u1ebft trang tr\u00ed. S\u01a1n hi\u1ec7u \u1ee9ng g\u1ec9 s\u00e9t mang l\u1ea1i v\u1ebb \u0111\u1eb9p th\u00f4 m\u1ed9c, \u0111\u1ed9c \u0111\u00e1o v\u00e0 \u0111\u1ea7y c\u00e1 t\u00ednh cho kh\u00f4ng gian n\u1ed9i th\u1ea5t.<\/span><\/h3>\n<h3 style=\"text-align: center;\"><iframe loading=\"lazy\" src=\"\/\/www.youtube.com\/embed\/um9711Mh_bs\" width=\"560\" height=\"314\" allowfullscreen=\"allowfullscreen\"><\/iframe><\/h3>\n<h1><strong><span style=\"font-family: 'times new roman', times, serif; font-size: 130%;\">2. C\u00e1c \u01b0u \u0111i\u1ec3m c\u1ee7a s\u01a1n hi\u1ec7u \u1ee9ng g\u1ec9 s\u00e9t<\/span><\/strong><\/h1>\n<h3><span style=\"font-family: 'times new roman', times, serif; font-size: 130%;\">S\u01a1n hi\u1ec7u \u1ee9ng g\u1ec9 s\u00e9t mang l\u1ea1i nhi\u1ec1u \u01b0u \u0111i\u1ec3m n\u1ed5i b\u1eadt:<\/span><\/h3>\n<ul>\n<li>\n<h3><span style=\"font-family: 'times new roman', times, serif; font-size: 130%;\">T\u00ednh th\u1ea9m m\u1ef9 cao: S\u01a1n hi\u1ec7u \u1ee9ng g\u1ec9 s\u00e9t t\u1ea1o n\u00ean v\u1ebb \u0111\u1eb9p \u0111\u1ed9c \u0111\u00e1o, m\u1ea1nh m\u1ebd v\u00e0 \u0111\u1ea7y ngh\u1ec7 thu\u1eadt cho kh\u00f4ng gian n\u1ed9i th\u1ea5t. B\u1ec1 m\u1eb7t g\u1ec9 s\u00e9t gi\u00fap t\u1ea1o \u0111i\u1ec3m nh\u1ea5n \u1ea5n t\u01b0\u1ee3ng v\u00e0 phong c\u00e1ch ri\u00eang cho t\u1eebng kh\u00f4ng gian.<\/span><\/h3>\n<\/li>\n<li>\n<h3><span style=\"font-family: 'times new roman', times, serif; font-size: 130%;\">D\u1ec5 thi c\u00f4ng: S\u01a1n hi\u1ec7u \u1ee9ng g\u1ec9 s\u00e9t th\u01b0\u1eddng d\u1ec5 thi c\u00f4ng v\u00e0 kh\u00f4ng \u0111\u00f2i h\u1ecfi k\u1ef9 thu\u1eadt qu\u00e1 ph\u1ee9c t\u1ea1p. \u0110i\u1ec1u n\u00e0y gi\u00fap ti\u1ebft ki\u1ec7m th\u1eddi gian v\u00e0 chi ph\u00ed trong qu\u00e1 tr\u00ecnh ho\u00e0n thi\u1ec7n c\u00f4ng tr\u00ecnh.<\/span><\/h3>\n<\/li>\n<li>\n<h3><span style=\"font-family: 'times new roman', times, serif; font-size: 130%;\">\u0110\u1ed9 b\u1ec1n cao: S\u01a1n hi\u1ec7u \u1ee9ng g\u1ec9 s\u00e9t ch\u1ea5t l\u01b0\u1ee3ng cao c\u00f3 kh\u1ea3 n\u0103ng ch\u1ed1ng l\u1ea1i c\u00e1c t\u00e1c \u0111\u1ed9ng c\u1ee7a m\u00f4i tr\u01b0\u1eddng nh\u01b0 \u0111\u1ed9 \u1ea9m, nhi\u1ec7t \u0111\u1ed9 v\u00e0 \u00e1nh s\u00e1ng, gi\u00fap b\u1ec1 m\u1eb7t lu\u00f4n b\u1ec1n \u0111\u1eb9p theo th\u1eddi gian.<\/span><\/h3>\n<\/li>\n<li>\n<h3><span style=\"font-family: 'times new roman', times, serif; font-size: 130%;\">\u1ee8ng d\u1ee5ng linh ho\u1ea1t: S\u01a1n hi\u1ec7u \u1ee9ng g\u1ec9 s\u00e9t c\u00f3 th\u1ec3 \u0111\u01b0\u1ee3c s\u1eed d\u1ee5ng tr\u00ean nhi\u1ec1u b\u1ec1 m\u1eb7t kh\u00e1c nhau nh\u01b0 t\u01b0\u1eddng, tr\u1ea7n, kim lo\u1ea1i, g\u1ed7 v\u00e0 c\u1ea3 nh\u1ef1a. \u0110i\u1ec1u n\u00e0y mang l\u1ea1i s\u1ef1 linh ho\u1ea1t trong thi\u1ebft k\u1ebf v\u00e0 trang tr\u00ed n\u1ed9i th\u1ea5t.<\/span><\/h3>\n<\/li>\n<li style=\"text-align: center;\"><iframe loading=\"lazy\" src=\"\/\/www.youtube.com\/embed\/p1HQYGCN6Kk\" width=\"560\" height=\"314\" allowfullscreen=\"allowfullscreen\"><\/iframe><\/li>\n<\/ul>\n<h1><strong><span style=\"font-family: 'times new roman', times, serif; font-size: 130%;\">3. L\u00fd do n\u00ean ch\u1ecdn s\u01a1n hi\u1ec7u \u1ee9ng g\u1ec9 s\u00e9t<\/span><\/strong><\/h1>\n<h3><span style=\"font-family: 'times new roman', times, serif; font-size: 130%;\"><a href=\"https:\/\/vi.wikipedia.org\/wiki\/Qu%E1%BA%A3ng_Nam\"><em><strong>Qu\u1ea3ng Nam<\/strong><\/em><\/a>\u00a0l\u00e0 m\u1ed9t th\u00e0nh ph\u1ed1 ph\u00e1t tri\u1ec3n nhanh ch\u00f3ng v\u1edbi nhi\u1ec1u d\u1ef1 \u00e1n x\u00e2y d\u1ef1ng v\u00e0 trang tr\u00ed n\u1ed9i th\u1ea5t. D\u01b0\u1edbi \u0111\u00e2y l\u00e0 m\u1ed9t s\u1ed1 l\u00fd do n\u00ean ch\u1ecdn s\u01a1n hi\u1ec7u \u1ee9ng g\u1ec9 s\u00e9t:<\/span><\/h3>\n<ul>\n<li>\n<h3><span style=\"font-family: 'times new roman', times, serif; font-size: 130%;\">\u0110a d\u1ea1ng v\u1ec1 s\u1ea3n ph\u1ea9m v\u00e0 m\u1eabu m\u00e3: C\u00f3 nhi\u1ec1u nh\u00e0 cung c\u1ea5p s\u01a1n hi\u1ec7u \u1ee9ng g\u1ec9 s\u00e9t uy t\u00edn, cung c\u1ea5p \u0111a d\u1ea1ng c\u00e1c lo\u1ea1i s\u01a1n v\u1edbi m\u1eabu m\u00e3 v\u00e0 ch\u1ea5t l\u01b0\u1ee3ng kh\u00e1c nhau, \u0111\u00e1p \u1ee9ng nhu c\u1ea7u c\u1ee7a kh\u00e1ch h\u00e0ng.<\/span><\/h3>\n<\/li>\n<li>\n<h3><span style=\"font-family: 'times new roman', times, serif; font-size: 130%;\">Ch\u1ea5t l\u01b0\u1ee3ng \u0111\u1ea3m b\u1ea3o: C\u00e1c nh\u00e0 cung c\u1ea5p s\u01a1n hi\u1ec7u \u1ee9ng g\u1ec9 s\u00e9t t\u1ea1i \u0111\u00e2y\u00a0th\u01b0\u1eddng cam k\u1ebft v\u1ec1 ch\u1ea5t l\u01b0\u1ee3ng s\u1ea3n ph\u1ea9m, \u0111\u1ea3m b\u1ea3o b\u1ec1 m\u1eb7t s\u01a1n \u0111\u1eb9p v\u00e0 b\u1ec1n l\u00e2u.<\/span><\/h3>\n<\/li>\n<li>\n<h3><span style=\"font-family: 'times new roman', times, serif; font-size: 130%;\">D\u1ecbch v\u1ee5 t\u01b0 v\u1ea5n v\u00e0 thi c\u00f4ng chuy\u00ean nghi\u1ec7p: Nhi\u1ec1u \u0111\u01a1n v\u1ecb cung c\u1ea5p s\u01a1n hi\u1ec7u \u1ee9ng g\u1ec9 s\u00e9t \u00a0c\u00f2n \u0111i k\u00e8m v\u1edbi d\u1ecbch v\u1ee5 t\u01b0 v\u1ea5n v\u00e0 thi c\u00f4ng chuy\u00ean nghi\u1ec7p, gi\u00fap kh\u00e1ch h\u00e0ng d\u1ec5 d\u00e0ng l\u1ef1a ch\u1ecdn v\u00e0 th\u1ef1c hi\u1ec7n \u00fd t\u01b0\u1edfng thi\u1ebft k\u1ebf c\u1ee7a m\u00ecnh.<\/span><\/h3>\n<\/li>\n<li>\n<h3><span style=\"font-family: 'times new roman', times, serif; font-size: 130%;\">Gi\u00e1 c\u1ea3 h\u1ee3p l\u00fd: V\u1edbi s\u1ef1 c\u1ea1nh tranh gi\u1eefa c\u00e1c nh\u00e0 cung c\u1ea5p, gi\u00e1 s\u01a1n hi\u1ec7u \u1ee9ng g\u1ec9 s\u00e9t \u00a0lu\u00f4n \u1edf m\u1ee9c h\u1ee3p l\u00fd, ph\u00f9 h\u1ee3p v\u1edbi ng\u00e2n s\u00e1ch c\u1ee7a nhi\u1ec1u gia \u0111\u00ecnh v\u00e0 doanh nghi\u1ec7p.<\/span><\/h3>\n<\/li>\n<li>\n<figure id=\"attachment_7708\" aria-describedby=\"caption-attachment-7708\" style=\"width: 385px\" class=\"wp-caption aligncenter\"><img loading=\"lazy\" decoding=\"async\" class=\" wp-image-7708\" src=\"https:\/\/tranthi.vn\/quangnam\/wp-content\/uploads\/2024\/07\/son-hieu-ung-ri-set-tai-tam-ky-hoi-an-quang-nam-2.png\" alt=\"s\u01a1n hi\u1ec7u \u1ee9ng r\u1ec9 s\u00e9t t\u1ea1i tam k\u1ef3- h\u1ed9i an- qu\u1ea3ng nam\" width=\"385\" height=\"385\" srcset=\"https:\/\/tranthi.vn\/quangnam\/wp-content\/uploads\/2024\/07\/son-hieu-ung-ri-set-tai-tam-ky-hoi-an-quang-nam-2.png 300w, https:\/\/tranthi.vn\/quangnam\/wp-content\/uploads\/2024\/07\/son-hieu-ung-ri-set-tai-tam-ky-hoi-an-quang-nam-2-100x100.png 100w\" sizes=\"auto, (max-width: 385px) 100vw, 385px\" \/><figcaption id=\"caption-attachment-7708\" class=\"wp-caption-text\"><span style=\"font-family: 'times new roman', times, serif;\">s\u01a1n hi\u1ec7u \u1ee9ng r\u1ec9 s\u00e9t t\u1ea1i tam k\u1ef3- h\u1ed9i an- qu\u1ea3ng nam<\/span><\/figcaption><\/figure><\/li>\n<\/ul>\n<h1><strong><span style=\"font-family: 'times new roman', times, serif; font-size: 130%;\">4. M\u1ed9t s\u1ed1 nh\u00e0 cung c\u1ea5p s\u01a1n hi\u1ec7u \u1ee9ng g\u1ec9 s\u00e9t uy t\u00edn\u00a0<\/span><\/strong><\/h1>\n<h3><span style=\"font-family: 'times new roman', times, serif; font-size: 130%;\">\u0110\u1ec3 \u0111\u1ea3m b\u1ea3o ch\u1ea5t l\u01b0\u1ee3ng v\u00e0 d\u1ecbch v\u1ee5, vi\u1ec7c ch\u1ecdn nh\u00e0 cung c\u1ea5p uy t\u00edn l\u00e0 r\u1ea5t quan tr\u1ecdng. D\u01b0\u1edbi \u0111\u00e2y l\u00e0 m\u1ed9t s\u1ed1 nh\u00e0 cung c\u1ea5p s\u01a1n hi\u1ec7u \u1ee9ng g\u1ec9 s\u00e9t uy t\u00edn t\u1ea1i <em><a href=\"https:\/\/vi.wikipedia.org\/wiki\/Qu%E1%BA%A3ng_Nam\">Qu\u1ea3ng Nam<\/a><strong>:<\/strong><\/em><\/span><\/h3>\n<ul>\n<li>\n<h3><span style=\"font-family: 'times new roman', times, serif; font-size: 130%;\">C\u00f4ng ty TNHH S\u01a1n \u0110\u00e0 N\u1eb5ng: Chuy\u00ean cung c\u1ea5p c\u00e1c lo\u1ea1i s\u01a1n hi\u1ec7u \u1ee9ng ch\u1ea5t l\u01b0\u1ee3ng cao, \u0111a d\u1ea1ng v\u1ec1 m\u1eabu m\u00e3 v\u00e0 m\u00e0u s\u1eafc, \u0111\u00e1p \u1ee9ng nhu c\u1ea7u th\u1ea9m m\u1ef9 c\u1ee7a kh\u00e1ch h\u00e0ng.<\/span><\/h3>\n<\/li>\n<li>\n<h3><span style=\"font-family: 'times new roman', times, serif; font-size: 130%;\">C\u00f4ng ty CP S\u01a1n Ho\u00e0ng Gia: V\u1edbi nhi\u1ec1u n\u0103m kinh nghi\u1ec7m trong ng\u00e0nh s\u01a1n, c\u00f4ng ty cung c\u1ea5p c\u00e1c s\u1ea3n ph\u1ea9m s\u01a1n hi\u1ec7u \u1ee9ng g\u1ec9 s\u00e9t v\u1edbi d\u1ecbch v\u1ee5 thi c\u00f4ng chuy\u00ean nghi\u1ec7p.<\/span><\/h3>\n<\/li>\n<li>\n<h3><span style=\"font-family: 'times new roman', times, serif; font-size: 130%;\">C\u00f4ng ty TNHH MTV S\u01a1n \u0110\u00f4ng \u00c1: N\u1ed5i ti\u1ebfng v\u1edbi c\u00e1c s\u1ea3n ph\u1ea9m s\u01a1n hi\u1ec7u \u1ee9ng nh\u1eadp kh\u1ea9u ch\u1ea5t l\u01b0\u1ee3ng cao, c\u00f4ng ty cam k\u1ebft mang \u0111\u1ebfn s\u1ef1 h\u00e0i l\u00f2ng cho kh\u00e1ch h\u00e0ng.<\/span><\/h3>\n<\/li>\n<\/ul>\n","protected":false},"excerpt":{"rendered":"<p>S\u01a1n Hi\u1ec7u \u1ee8ng R\u1ec9 S\u00e9t &nbsp; S\u01a1n Hi\u1ec7u \u1ee8ng G\u1ec9 S\u00e9t &#8211;\u00a0Xu H\u01b0\u1edbng M\u1edbi Trong Thi\u1ebft K\u1ebf N\u1ed9i Th\u1ea5t Hi\u1ec7n \u0110\u1ea1i S\u01a1n hi\u1ec7u \u1ee9ng g\u1ec9 s\u00e9t \u0111ang tr\u1edf th\u00e0nh m\u1ed9t xu h\u01b0\u1edbng m\u1edbi trong l\u0129nh v\u1ef1c thi\u1ebft k\u1ebf v\u00e0 trang tr\u00ed n\u1ed9i th\u1ea5t. T\u1ea1i H\u1ed9i An-Tam K\u1ef3-Qu\u1ea3ng Nam, v\u1edbi s\u1ef1 ph\u00e1t tri\u1ec3n kh\u00f4ng ng\u1eebng c\u1ee7a [&#8230;]\n","protected":false},"featured_media":0,"comment_status":"closed","ping_status":"closed","template":"","meta":[],"product_cat":[139,349,346],"product_tag":[440],"class_list":{"0":"post-7516","1":"product","2":"type-product","3":"status-publish","5":"product_cat-son","6":"product_cat-son-nuoc-son-trang-tri-son-hieu-ung-da-nang","7":"product_cat-son-chong-tham-son-nuoc-son-trang-tri","8":"product_tag-son-hieu-ung-gi-set-tai-da-nang","10":"first","11":"instock","12":"shipping-taxable","13":"product-type-simple"},"yoast_head":"<!-- This site is optimized with the Yoast SEO Premium plugin v22.3 (Yoast SEO v22.8) - https:\/\/yoast.com\/wordpress\/plugins\/seo\/ -->\n<title>S\u01a1n hi\u1ec7u \u1ee9ng r\u1ec9 s\u00e9t t\u1ea1i Qu\u1ea3ng Nam-0947.335.871<\/title>\n<meta name=\"description\" content=\"s\u01a1n hi\u1ec7u \u1ee9ng r\u1ec9 s\u00e9t l\u00e0 m\u1ed9t trong nh\u1eefng v\u1eadt li\u1ec7u m\u1edbi r\u1ea5t \u0111\u01b0\u1ee3c \u01b0a chu\u1ed9ng. S\u01a1n hi\u1ec7u \u1ee9ng r\u1ec9 s\u00e9t t\u1ea1i Qu\u1ea3ng Nam-0947.335.871 uy t\u00edn ch\u1ea5t l\u01b0\u1ee3ng ch\u00ednh h\u00e3ng\" \/>\n<meta name=\"robots\" content=\"index, follow, max-snippet:-1, max-image-preview:large, max-video-preview:-1\" \/>\n<link rel=\"canonical\" href=\"https:\/\/tranthi.vn\/quangnam\/son-hieu-ung-ri-set-tai-hoi-an-tam-ky-quang-nam\/\" \/>\n<meta property=\"og:locale\" content=\"vi_VN\" \/>\n<meta property=\"og:type\" content=\"article\" \/>\n<meta property=\"og:title\" content=\"S\u01a1n Hi\u1ec7u \u1ee8ng R\u1ec9 S\u00e9t\" \/>\n<meta property=\"og:description\" content=\"s\u01a1n hi\u1ec7u \u1ee9ng r\u1ec9 s\u00e9t l\u00e0 m\u1ed9t trong nh\u1eefng v\u1eadt li\u1ec7u m\u1edbi r\u1ea5t \u0111\u01b0\u1ee3c \u01b0a chu\u1ed9ng. S\u01a1n hi\u1ec7u \u1ee9ng r\u1ec9 s\u00e9t t\u1ea1i Qu\u1ea3ng Nam-0947.335.871 uy t\u00edn ch\u1ea5t l\u01b0\u1ee3ng ch\u00ednh h\u00e3ng\" \/>\n<meta property=\"og:url\" content=\"https:\/\/tranthi.vn\/quangnam\/son-hieu-ung-ri-set-tai-hoi-an-tam-ky-quang-nam\/\" \/>\n<meta property=\"og:site_name\" content=\"V\u1eadt Li\u1ec7u X\u00e2y D\u1ef1ng Tr\u1ea7n Th\u1ecb Chi Nh\u00e1nh Qu\u1ea3ng Nam\" \/>\n<meta property=\"article:modified_time\" content=\"2024-11-14T09:37:58+00:00\" \/>\n<meta property=\"og:image\" content=\"https:\/\/tranthi.vn\/quangnam\/wp-content\/uploads\/2024\/07\/son-hieu-ung-ri-set-tai-tam-ky-hoi-an-quang-nam.png\" \/>\n<meta name=\"twitter:card\" content=\"summary_large_image\" \/>\n<meta name=\"twitter:label1\" content=\"Gi\u00e1\" \/>\n\t<meta name=\"twitter:data1\" content=\"\" \/>\n\t<meta name=\"twitter:label2\" content=\"Kh\u1ea3 d\u1ee5ng\" \/>\n\t<meta name=\"twitter:data2\" content=\"Trong kho\" \/>\n<script type=\"application\/ld+json\" class=\"yoast-schema-graph\">{\"@context\":\"https:\/\/schema.org\",\"@graph\":[{\"@type\":[\"WebPage\",\"ItemPage\"],\"@id\":\"https:\/\/tranthi.vn\/quangnam\/son-hieu-ung-ri-set-tai-hoi-an-tam-ky-quang-nam\/\",\"url\":\"https:\/\/tranthi.vn\/quangnam\/son-hieu-ung-ri-set-tai-hoi-an-tam-ky-quang-nam\/\",\"name\":\"S\u01a1n hi\u1ec7u \u1ee9ng r\u1ec9 s\u00e9t t\u1ea1i Qu\u1ea3ng Nam-0947.335.871\",\"isPartOf\":{\"@id\":\"https:\/\/tranthi.vn\/quangnam\/#website\"},\"primaryImageOfPage\":{\"@id\":\"https:\/\/tranthi.vn\/quangnam\/son-hieu-ung-ri-set-tai-hoi-an-tam-ky-quang-nam\/#primaryimage\"},\"image\":{\"@id\":\"https:\/\/tranthi.vn\/quangnam\/son-hieu-ung-ri-set-tai-hoi-an-tam-ky-quang-nam\/#primaryimage\"},\"thumbnailUrl\":\"https:\/\/tranthi.vn\/quangnam\/wp-content\/uploads\/2024\/07\/son-hieu-ung-ri-set-tai-tam-ky-hoi-an-quang-nam.png\",\"datePublished\":\"2024-07-19T02:28:32+00:00\",\"dateModified\":\"2024-11-14T09:37:58+00:00\",\"description\":\"s\u01a1n hi\u1ec7u \u1ee9ng r\u1ec9 s\u00e9t l\u00e0 m\u1ed9t trong nh\u1eefng v\u1eadt li\u1ec7u m\u1edbi r\u1ea5t \u0111\u01b0\u1ee3c \u01b0a chu\u1ed9ng. S\u01a1n hi\u1ec7u \u1ee9ng r\u1ec9 s\u00e9t t\u1ea1i Qu\u1ea3ng Nam-0947.335.871 uy t\u00edn ch\u1ea5t l\u01b0\u1ee3ng ch\u00ednh h\u00e3ng\",\"breadcrumb\":{\"@id\":\"https:\/\/tranthi.vn\/quangnam\/son-hieu-ung-ri-set-tai-hoi-an-tam-ky-quang-nam\/#breadcrumb\"},\"inLanguage\":\"vi\",\"potentialAction\":[{\"@type\":\"ReadAction\",\"target\":[\"https:\/\/tranthi.vn\/quangnam\/son-hieu-ung-ri-set-tai-hoi-an-tam-ky-quang-nam\/\"]}]},{\"@type\":\"ImageObject\",\"inLanguage\":\"vi\",\"@id\":\"https:\/\/tranthi.vn\/quangnam\/son-hieu-ung-ri-set-tai-hoi-an-tam-ky-quang-nam\/#primaryimage\",\"url\":\"https:\/\/tranthi.vn\/quangnam\/wp-content\/uploads\/2024\/07\/son-hieu-ung-ri-set-tai-tam-ky-hoi-an-quang-nam.png\",\"contentUrl\":\"https:\/\/tranthi.vn\/quangnam\/wp-content\/uploads\/2024\/07\/son-hieu-ung-ri-set-tai-tam-ky-hoi-an-quang-nam.png\",\"width\":300,\"height\":300,\"caption\":\"s\u01a1n hi\u1ec7u \u1ee9ng r\u1ec9 s\u00e9t t\u1ea1i tam k\u1ef3- h\u1ed9i an- qu\u1ea3ng nam\"},{\"@type\":\"BreadcrumbList\",\"@id\":\"https:\/\/tranthi.vn\/quangnam\/son-hieu-ung-ri-set-tai-hoi-an-tam-ky-quang-nam\/#breadcrumb\",\"itemListElement\":[{\"@type\":\"ListItem\",\"position\":1,\"name\":\"Trang ch\u1ee7\",\"item\":\"https:\/\/tranthi.vn\/quangnam\/\"},{\"@type\":\"ListItem\",\"position\":2,\"name\":\"Shop\",\"item\":\"https:\/\/tranthi.vn\/quangnam\/shop\/\"},{\"@type\":\"ListItem\",\"position\":3,\"name\":\"S\u01a1n Hi\u1ec7u \u1ee8ng R\u1ec9 S\u00e9t\"}]},{\"@type\":\"WebSite\",\"@id\":\"https:\/\/tranthi.vn\/quangnam\/#website\",\"url\":\"https:\/\/tranthi.vn\/quangnam\/\",\"name\":\"V\u1eadt Li\u1ec7u X\u00e2y D\u1ef1ng Tr\u1ea7n Th\u1ecb Chi Nh\u00e1nh Qu\u1ea3ng Nam\",\"description\":\"V\u1eadt Li\u1ec7u X\u00e2y D\u1ef1ng - Qu\u1ea3ng Nam\",\"potentialAction\":[{\"@type\":\"SearchAction\",\"target\":{\"@type\":\"EntryPoint\",\"urlTemplate\":\"https:\/\/tranthi.vn\/quangnam\/?s={search_term_string}\"},\"query-input\":\"required name=search_term_string\"}],\"inLanguage\":\"vi\"},{\"@type\":\"ImageObject\",\"inLanguage\":\"vi\",\"@id\":\"https:\/\/tranthi.vn\/quangnam\/son-hieu-ung-ri-set-tai-hoi-an-tam-ky-quang-nam\/#local-main-organization-logo\",\"url\":\"\",\"contentUrl\":\"\",\"caption\":\"V\u1eadt Li\u1ec7u X\u00e2y D\u1ef1ng Tr\u1ea7n Th\u1ecb Chi Nh\u00e1nh Qu\u1ea3ng Nam\"}]}<\/script>\n<meta property=\"product:price:amount\" content=\"0\" \/>\n<meta property=\"product:price:currency\" content=\"VND\" \/>\n<meta property=\"og:availability\" content=\"instock\" \/>\n<meta property=\"product:availability\" content=\"instock\" \/>\n<meta property=\"product:condition\" content=\"new\" \/>\n<!-- \/ Yoast SEO Premium plugin. -->","yoast_head_json":{"title":"S\u01a1n hi\u1ec7u \u1ee9ng r\u1ec9 s\u00e9t t\u1ea1i Qu\u1ea3ng Nam-0947.335.871","description":"s\u01a1n hi\u1ec7u \u1ee9ng r\u1ec9 s\u00e9t l\u00e0 m\u1ed9t trong nh\u1eefng v\u1eadt li\u1ec7u m\u1edbi r\u1ea5t \u0111\u01b0\u1ee3c \u01b0a chu\u1ed9ng. S\u01a1n hi\u1ec7u \u1ee9ng r\u1ec9 s\u00e9t t\u1ea1i Qu\u1ea3ng Nam-0947.335.871 uy t\u00edn ch\u1ea5t l\u01b0\u1ee3ng ch\u00ednh h\u00e3ng","robots":{"index":"index","follow":"follow","max-snippet":"max-snippet:-1","max-image-preview":"max-image-preview:large","max-video-preview":"max-video-preview:-1"},"canonical":"https:\/\/tranthi.vn\/quangnam\/son-hieu-ung-ri-set-tai-hoi-an-tam-ky-quang-nam\/","og_locale":"vi_VN","og_type":"article","og_title":"S\u01a1n Hi\u1ec7u \u1ee8ng R\u1ec9 S\u00e9t","og_description":"s\u01a1n hi\u1ec7u \u1ee9ng r\u1ec9 s\u00e9t l\u00e0 m\u1ed9t trong nh\u1eefng v\u1eadt li\u1ec7u m\u1edbi r\u1ea5t \u0111\u01b0\u1ee3c \u01b0a chu\u1ed9ng. S\u01a1n hi\u1ec7u \u1ee9ng r\u1ec9 s\u00e9t t\u1ea1i Qu\u1ea3ng Nam-0947.335.871 uy t\u00edn ch\u1ea5t l\u01b0\u1ee3ng ch\u00ednh h\u00e3ng","og_url":"https:\/\/tranthi.vn\/quangnam\/son-hieu-ung-ri-set-tai-hoi-an-tam-ky-quang-nam\/","og_site_name":"V\u1eadt Li\u1ec7u X\u00e2y D\u1ef1ng Tr\u1ea7n Th\u1ecb Chi Nh\u00e1nh Qu\u1ea3ng Nam","article_modified_time":"2024-11-14T09:37:58+00:00","og_image":[{"url":"https:\/\/tranthi.vn\/quangnam\/wp-content\/uploads\/2024\/07\/son-hieu-ung-ri-set-tai-tam-ky-hoi-an-quang-nam.png"}],"twitter_card":"summary_large_image","twitter_misc":{"Gi\u00e1":"","Kh\u1ea3 d\u1ee5ng":"Trong kho"},"schema":{"@context":"https:\/\/schema.org","@graph":[{"@type":["WebPage","ItemPage"],"@id":"https:\/\/tranthi.vn\/quangnam\/son-hieu-ung-ri-set-tai-hoi-an-tam-ky-quang-nam\/","url":"https:\/\/tranthi.vn\/quangnam\/son-hieu-ung-ri-set-tai-hoi-an-tam-ky-quang-nam\/","name":"S\u01a1n hi\u1ec7u \u1ee9ng r\u1ec9 s\u00e9t t\u1ea1i Qu\u1ea3ng Nam-0947.335.871","isPartOf":{"@id":"https:\/\/tranthi.vn\/quangnam\/#website"},"primaryImageOfPage":{"@id":"https:\/\/tranthi.vn\/quangnam\/son-hieu-ung-ri-set-tai-hoi-an-tam-ky-quang-nam\/#primaryimage"},"image":{"@id":"https:\/\/tranthi.vn\/quangnam\/son-hieu-ung-ri-set-tai-hoi-an-tam-ky-quang-nam\/#primaryimage"},"thumbnailUrl":"https:\/\/tranthi.vn\/quangnam\/wp-content\/uploads\/2024\/07\/son-hieu-ung-ri-set-tai-tam-ky-hoi-an-quang-nam.png","datePublished":"2024-07-19T02:28:32+00:00","dateModified":"2024-11-14T09:37:58+00:00","description":"s\u01a1n hi\u1ec7u \u1ee9ng r\u1ec9 s\u00e9t l\u00e0 m\u1ed9t trong nh\u1eefng v\u1eadt li\u1ec7u m\u1edbi r\u1ea5t \u0111\u01b0\u1ee3c \u01b0a chu\u1ed9ng. S\u01a1n hi\u1ec7u \u1ee9ng r\u1ec9 s\u00e9t t\u1ea1i Qu\u1ea3ng Nam-0947.335.871 uy t\u00edn ch\u1ea5t l\u01b0\u1ee3ng ch\u00ednh h\u00e3ng","breadcrumb":{"@id":"https:\/\/tranthi.vn\/quangnam\/son-hieu-ung-ri-set-tai-hoi-an-tam-ky-quang-nam\/#breadcrumb"},"inLanguage":"vi","potentialAction":[{"@type":"ReadAction","target":["https:\/\/tranthi.vn\/quangnam\/son-hieu-ung-ri-set-tai-hoi-an-tam-ky-quang-nam\/"]}]},{"@type":"ImageObject","inLanguage":"vi","@id":"https:\/\/tranthi.vn\/quangnam\/son-hieu-ung-ri-set-tai-hoi-an-tam-ky-quang-nam\/#primaryimage","url":"https:\/\/tranthi.vn\/quangnam\/wp-content\/uploads\/2024\/07\/son-hieu-ung-ri-set-tai-tam-ky-hoi-an-quang-nam.png","contentUrl":"https:\/\/tranthi.vn\/quangnam\/wp-content\/uploads\/2024\/07\/son-hieu-ung-ri-set-tai-tam-ky-hoi-an-quang-nam.png","width":300,"height":300,"caption":"s\u01a1n hi\u1ec7u \u1ee9ng r\u1ec9 s\u00e9t t\u1ea1i tam k\u1ef3- h\u1ed9i an- qu\u1ea3ng nam"},{"@type":"BreadcrumbList","@id":"https:\/\/tranthi.vn\/quangnam\/son-hieu-ung-ri-set-tai-hoi-an-tam-ky-quang-nam\/#breadcrumb","itemListElement":[{"@type":"ListItem","position":1,"name":"Trang ch\u1ee7","item":"https:\/\/tranthi.vn\/quangnam\/"},{"@type":"ListItem","position":2,"name":"Shop","item":"https:\/\/tranthi.vn\/quangnam\/shop\/"},{"@type":"ListItem","position":3,"name":"S\u01a1n Hi\u1ec7u \u1ee8ng R\u1ec9 S\u00e9t"}]},{"@type":"WebSite","@id":"https:\/\/tranthi.vn\/quangnam\/#website","url":"https:\/\/tranthi.vn\/quangnam\/","name":"V\u1eadt Li\u1ec7u X\u00e2y D\u1ef1ng Tr\u1ea7n Th\u1ecb Chi Nh\u00e1nh Qu\u1ea3ng Nam","description":"V\u1eadt Li\u1ec7u X\u00e2y D\u1ef1ng - Qu\u1ea3ng Nam","potentialAction":[{"@type":"SearchAction","target":{"@type":"EntryPoint","urlTemplate":"https:\/\/tranthi.vn\/quangnam\/?s={search_term_string}"},"query-input":"required name=search_term_string"}],"inLanguage":"vi"},{"@type":"ImageObject","inLanguage":"vi","@id":"https:\/\/tranthi.vn\/quangnam\/son-hieu-ung-ri-set-tai-hoi-an-tam-ky-quang-nam\/#local-main-organization-logo","url":"","contentUrl":"","caption":"V\u1eadt Li\u1ec7u X\u00e2y D\u1ef1ng Tr\u1ea7n Th\u1ecb Chi Nh\u00e1nh Qu\u1ea3ng Nam"}]},"product_price_currency":"VND","og_availability":"instock","product_availability":"instock","product_condition":"new"},"_links":{"self":[{"href":"https:\/\/tranthi.vn\/quangnam\/wp-json\/wp\/v2\/product\/7516","targetHints":{"allow":["GET"]}}],"collection":[{"href":"https:\/\/tranthi.vn\/quangnam\/wp-json\/wp\/v2\/product"}],"about":[{"href":"https:\/\/tranthi.vn\/quangnam\/wp-json\/wp\/v2\/types\/product"}],"replies":[{"embeddable":true,"href":"https:\/\/tranthi.vn\/quangnam\/wp-json\/wp\/v2\/comments?post=7516"}],"wp:attachment":[{"href":"https:\/\/tranthi.vn\/quangnam\/wp-json\/wp\/v2\/media?parent=7516"}],"wp:term":[{"taxonomy":"product_cat","embeddable":true,"href":"https:\/\/tranthi.vn\/quangnam\/wp-json\/wp\/v2\/product_cat?post=7516"},{"taxonomy":"product_tag","embeddable":true,"href":"https:\/\/tranthi.vn\/quangnam\/wp-json\/wp\/v2\/product_tag?post=7516"}],"curies":[{"name":"wp","href":"https:\/\/api.w.org\/{rel}","templated":true}]}}