{"id":726,"date":"2021-02-16T14:23:32","date_gmt":"2021-02-16T07:23:32","guid":{"rendered":"http:\/\/new-tranthi.test\/san-pham\/bon-dung-1500l-gia-4-240-000\/"},"modified":"2024-03-08T09:38:42","modified_gmt":"2024-03-08T02:38:42","slug":"bon-dung-1500l-gia-4-240-000","status":"publish","type":"product","link":"https:\/\/tranthi.vn\/quangnam\/bon-dung-1500l-gia-4-240-000\/","title":{"rendered":"B\u1ed3n \u0110\u1ee9ng TM1500L"},"content":{"rendered":"","protected":false},"excerpt":{"rendered":"<p><span style=\"font-family: 'times new roman', times, serif; font-size: 14pt; color: #000000;\"><em><strong><span style=\"color: #008000;\"><a style=\"color: #008000;\" href=\"http:\/\/tranthi.vn\/quangnam\/gia-bon-nuoc-toan-my-dung-1500-lit-tai-da-nang\/\">B\u1ed3n \u0110\u1ee9ng TM 1500 <\/a><\/span><\/strong><\/em><\/span><\/p>\n<p><span style=\"font-family: 'times new roman', times, serif; font-size: 14pt; color: #000000;\">\ud83d\ude1b \u0110\u01a1n v\u1ecb t\u00ednh: C\u00e1i<\/span><\/p>\n<p><span style=\"font-family: 'times new roman', times, serif; font-size: 14pt; color: #000000;\">\ud83d\ude1b \u0110\u01a1n gi\u00e1<em><strong>: <\/strong><\/em><span style=\"color: #ed1c24;\"><strong>4.850<\/strong><strong>.000\u0111\/C\u00e1i <\/strong><\/span><\/span><\/p>\n<p><span style=\"font-family: 'times new roman', times, serif; font-size: 14pt; color: #000000;\">(Gi\u00e1 \u0111\u00e3 bao g\u1ed3m ph\u00ed v\u1eadn chuy\u1ec3n v\u00e0 k\u00e9o l\u00ean t\u1ea7ng- kh\u00f4ng c\u00f3 phao \u0111i\u1ec7n, b\u1ea3o h\u00e0nh 12 n\u0103m)<\/span><\/p>\n<p><span style=\"color: #000000; font-family: 'times new roman', times, serif; font-size: 14pt;\">\u0110\u01b0\u1eddng k\u00ednh: 1150; Chi\u1ec1u cao c\u1ea3 ch\u00e2n: 1795; Chi\u1ec1u d\u00e0i th\u00e2n b\u1ed3n: 1620; <\/span><\/p>\n<p><span style=\"color: #000000; font-family: 'times new roman', times, serif; font-size: 14pt;\">Chi\u1ec1u r\u1ed9ng c\u1ee7a ch\u00e2n: 1320 x 1320 (mm)<\/span><\/p>\n<p><span style=\"font-family: 'times new roman', times, serif; font-size: 14pt; color: #000000;\">\ud83d\ude1b<span style=\"color: #008000;\"><em> <span style=\"color: #0000ff;\">Mi\u1ec5n ph\u00ed giao h\u00e0ng trong \u0111\u1ecba b\u00e0n <a style=\"color: #0000ff;\" href=\"https:\/\/fr.wikipedia.org\/wiki\/Da_Nang\"><strong>\u0110\u00e0 N\u1eb5ng<\/strong><\/a><\/span><\/em><\/span><\/span><\/p>\n","protected":false},"featured_media":735,"comment_status":"open","ping_status":"closed","template":"","meta":[],"product_cat":[84,71,70,82],"product_tag":[],"class_list":{"0":"post-726","1":"product","2":"type-product","3":"status-publish","4":"has-post-thumbnail","6":"product_cat-bon-dung-bon-nuoc-toan-my","7":"product_cat-bon-nuoc","8":"product_cat-bon-nuoc-may-nuoc-nong","9":"product_cat-bon-nuoc-toan-my","11":"first","12":"instock","13":"sale","14":"shipping-taxable","15":"purchasable","16":"product-type-simple"},"yoast_head":"<!-- This site is optimized with the Yoast SEO Premium plugin v22.3 (Yoast SEO v22.8) - https:\/\/yoast.com\/wordpress\/plugins\/seo\/ -->\n<title>B\u1ed3n \u0110\u1ee9ng TM1500L - V\u1eadt Li\u1ec7u X\u00e2y D\u1ef1ng Tr\u1ea7n Th\u1ecb Chi Nh\u00e1nh Qu\u1ea3ng Nam<\/title>\n<meta name=\"robots\" content=\"index, follow, max-snippet:-1, max-image-preview:large, max-video-preview:-1\" \/>\n<link rel=\"canonical\" href=\"https:\/\/tranthi.vn\/quangnam\/bon-dung-1500l-gia-4-240-000\/\" \/>\n<meta property=\"og:locale\" content=\"vi_VN\" \/>\n<meta property=\"og:type\" content=\"article\" \/>\n<meta property=\"og:title\" content=\"B\u1ed3n \u0110\u1ee9ng TM1500L\" \/>\n<meta property=\"og:description\" content=\"B\u1ed3n \u0110\u1ee9ng TM 1500   \ud83d\ude1b \u0110\u01a1n v\u1ecb t\u00ednh: C\u00e1i  \ud83d\ude1b \u0110\u01a1n gi\u00e1: 4.850.000\u0111\/C\u00e1i   (Gi\u00e1 \u0111\u00e3 bao g\u1ed3m ph\u00ed v\u1eadn chuy\u1ec3n v\u00e0 k\u00e9o l\u00ean t\u1ea7ng- kh\u00f4ng c\u00f3 phao \u0111i\u1ec7n, b\u1ea3o h\u00e0nh 12 n\u0103m)  \u0110\u01b0\u1eddng k\u00ednh: 1150; Chi\u1ec1u cao c\u1ea3 ch\u00e2n: 1795; Chi\u1ec1u d\u00e0i th\u00e2n b\u1ed3n: 1620;   Chi\u1ec1u r\u1ed9ng c\u1ee7a ch\u00e2n: 1320 x 1320 (mm)  \ud83d\ude1b Mi\u1ec5n ph\u00ed giao h\u00e0ng trong \u0111\u1ecba b\u00e0n \u0110\u00e0 N\u1eb5ng\" \/>\n<meta property=\"og:url\" content=\"https:\/\/tranthi.vn\/quangnam\/bon-dung-1500l-gia-4-240-000\/\" \/>\n<meta property=\"og:site_name\" content=\"V\u1eadt Li\u1ec7u X\u00e2y D\u1ef1ng Tr\u1ea7n Th\u1ecb Chi Nh\u00e1nh Qu\u1ea3ng Nam\" \/>\n<meta property=\"article:modified_time\" content=\"2024-03-08T02:38:42+00:00\" \/>\n<meta property=\"og:image\" content=\"https:\/\/tranthi.vn\/quangnam\/wp-content\/uploads\/2021\/02\/v3.jpg\" \/>\n\t<meta property=\"og:image:width\" content=\"1238\" \/>\n\t<meta property=\"og:image:height\" content=\"1438\" \/>\n\t<meta property=\"og:image:type\" content=\"image\/jpeg\" \/>\n<meta name=\"twitter:card\" content=\"summary_large_image\" \/>\n<meta name=\"twitter:label1\" content=\"Gi\u00e1\" \/>\n\t<meta name=\"twitter:data1\" content=\"4,850,000&nbsp;&#8363;\" \/>\n\t<meta name=\"twitter:label2\" content=\"Kh\u1ea3 d\u1ee5ng\" \/>\n\t<meta name=\"twitter:data2\" content=\"Trong kho\" \/>\n<script type=\"application\/ld+json\" class=\"yoast-schema-graph\">{\"@context\":\"https:\/\/schema.org\",\"@graph\":[{\"@type\":[\"WebPage\",\"ItemPage\"],\"@id\":\"https:\/\/tranthi.vn\/quangnam\/bon-dung-1500l-gia-4-240-000\/\",\"url\":\"https:\/\/tranthi.vn\/quangnam\/bon-dung-1500l-gia-4-240-000\/\",\"name\":\"B\u1ed3n \u0110\u1ee9ng TM1500L - V\u1eadt Li\u1ec7u X\u00e2y D\u1ef1ng Tr\u1ea7n Th\u1ecb Chi Nh\u00e1nh Qu\u1ea3ng Nam\",\"isPartOf\":{\"@id\":\"https:\/\/tranthi.vn\/quangnam\/#website\"},\"primaryImageOfPage\":{\"@id\":\"https:\/\/tranthi.vn\/quangnam\/bon-dung-1500l-gia-4-240-000\/#primaryimage\"},\"image\":{\"@id\":\"https:\/\/tranthi.vn\/quangnam\/bon-dung-1500l-gia-4-240-000\/#primaryimage\"},\"thumbnailUrl\":\"https:\/\/tranthi.vn\/quangnam\/wp-content\/uploads\/2021\/02\/v3.jpg\",\"datePublished\":\"2021-02-16T07:23:32+00:00\",\"dateModified\":\"2024-03-08T02:38:42+00:00\",\"breadcrumb\":{\"@id\":\"https:\/\/tranthi.vn\/quangnam\/bon-dung-1500l-gia-4-240-000\/#breadcrumb\"},\"inLanguage\":\"vi\",\"potentialAction\":[{\"@type\":\"ReadAction\",\"target\":[\"https:\/\/tranthi.vn\/quangnam\/bon-dung-1500l-gia-4-240-000\/\"]}]},{\"@type\":\"ImageObject\",\"inLanguage\":\"vi\",\"@id\":\"https:\/\/tranthi.vn\/quangnam\/bon-dung-1500l-gia-4-240-000\/#primaryimage\",\"url\":\"https:\/\/tranthi.vn\/quangnam\/wp-content\/uploads\/2021\/02\/v3.jpg\",\"contentUrl\":\"https:\/\/tranthi.vn\/quangnam\/wp-content\/uploads\/2021\/02\/v3.jpg\",\"width\":1238,\"height\":1438},{\"@type\":\"BreadcrumbList\",\"@id\":\"https:\/\/tranthi.vn\/quangnam\/bon-dung-1500l-gia-4-240-000\/#breadcrumb\",\"itemListElement\":[{\"@type\":\"ListItem\",\"position\":1,\"name\":\"Trang ch\u1ee7\",\"item\":\"https:\/\/tranthi.vn\/quangnam\/\"},{\"@type\":\"ListItem\",\"position\":2,\"name\":\"Shop\",\"item\":\"https:\/\/tranthi.vn\/quangnam\/shop\/\"},{\"@type\":\"ListItem\",\"position\":3,\"name\":\"B\u1ed3n \u0110\u1ee9ng TM1500L\"}]},{\"@type\":\"WebSite\",\"@id\":\"https:\/\/tranthi.vn\/quangnam\/#website\",\"url\":\"https:\/\/tranthi.vn\/quangnam\/\",\"name\":\"V\u1eadt Li\u1ec7u X\u00e2y D\u1ef1ng Tr\u1ea7n Th\u1ecb Chi Nh\u00e1nh Qu\u1ea3ng Nam\",\"description\":\"V\u1eadt Li\u1ec7u X\u00e2y D\u1ef1ng - Qu\u1ea3ng Nam\",\"potentialAction\":[{\"@type\":\"SearchAction\",\"target\":{\"@type\":\"EntryPoint\",\"urlTemplate\":\"https:\/\/tranthi.vn\/quangnam\/?s={search_term_string}\"},\"query-input\":\"required name=search_term_string\"}],\"inLanguage\":\"vi\"},{\"@type\":\"ImageObject\",\"inLanguage\":\"vi\",\"@id\":\"https:\/\/tranthi.vn\/quangnam\/bon-dung-1500l-gia-4-240-000\/#local-main-organization-logo\",\"url\":\"\",\"contentUrl\":\"\",\"caption\":\"V\u1eadt Li\u1ec7u X\u00e2y D\u1ef1ng Tr\u1ea7n Th\u1ecb Chi Nh\u00e1nh Qu\u1ea3ng Nam\"}]}<\/script>\n<meta property=\"product:price:amount\" content=\"4850000\" \/>\n<meta property=\"product:price:currency\" content=\"VND\" \/>\n<meta property=\"og:availability\" content=\"instock\" \/>\n<meta property=\"product:availability\" content=\"instock\" \/>\n<meta property=\"product:condition\" content=\"new\" \/>\n<!-- \/ Yoast SEO Premium plugin. -->","yoast_head_json":{"title":"B\u1ed3n \u0110\u1ee9ng TM1500L - V\u1eadt Li\u1ec7u X\u00e2y D\u1ef1ng Tr\u1ea7n Th\u1ecb Chi Nh\u00e1nh Qu\u1ea3ng Nam","robots":{"index":"index","follow":"follow","max-snippet":"max-snippet:-1","max-image-preview":"max-image-preview:large","max-video-preview":"max-video-preview:-1"},"canonical":"https:\/\/tranthi.vn\/quangnam\/bon-dung-1500l-gia-4-240-000\/","og_locale":"vi_VN","og_type":"article","og_title":"B\u1ed3n \u0110\u1ee9ng TM1500L","og_description":"B\u1ed3n \u0110\u1ee9ng TM 1500   \ud83d\ude1b \u0110\u01a1n v\u1ecb t\u00ednh: C\u00e1i  \ud83d\ude1b \u0110\u01a1n gi\u00e1: 4.850.000\u0111\/C\u00e1i   (Gi\u00e1 \u0111\u00e3 bao g\u1ed3m ph\u00ed v\u1eadn chuy\u1ec3n v\u00e0 k\u00e9o l\u00ean t\u1ea7ng- kh\u00f4ng c\u00f3 phao \u0111i\u1ec7n, b\u1ea3o h\u00e0nh 12 n\u0103m)  \u0110\u01b0\u1eddng k\u00ednh: 1150; Chi\u1ec1u cao c\u1ea3 ch\u00e2n: 1795; Chi\u1ec1u d\u00e0i th\u00e2n b\u1ed3n: 1620;   Chi\u1ec1u r\u1ed9ng c\u1ee7a ch\u00e2n: 1320 x 1320 (mm)  \ud83d\ude1b Mi\u1ec5n ph\u00ed giao h\u00e0ng trong \u0111\u1ecba b\u00e0n \u0110\u00e0 N\u1eb5ng","og_url":"https:\/\/tranthi.vn\/quangnam\/bon-dung-1500l-gia-4-240-000\/","og_site_name":"V\u1eadt Li\u1ec7u X\u00e2y D\u1ef1ng Tr\u1ea7n Th\u1ecb Chi Nh\u00e1nh Qu\u1ea3ng Nam","article_modified_time":"2024-03-08T02:38:42+00:00","og_image":[{"width":1238,"height":1438,"url":"https:\/\/tranthi.vn\/quangnam\/wp-content\/uploads\/2021\/02\/v3.jpg","type":"image\/jpeg"}],"twitter_card":"summary_large_image","twitter_misc":{"Gi\u00e1":"4,850,000&nbsp;&#8363;","Kh\u1ea3 d\u1ee5ng":"Trong kho"},"schema":{"@context":"https:\/\/schema.org","@graph":[{"@type":["WebPage","ItemPage"],"@id":"https:\/\/tranthi.vn\/quangnam\/bon-dung-1500l-gia-4-240-000\/","url":"https:\/\/tranthi.vn\/quangnam\/bon-dung-1500l-gia-4-240-000\/","name":"B\u1ed3n \u0110\u1ee9ng TM1500L - V\u1eadt Li\u1ec7u X\u00e2y D\u1ef1ng Tr\u1ea7n Th\u1ecb Chi Nh\u00e1nh Qu\u1ea3ng Nam","isPartOf":{"@id":"https:\/\/tranthi.vn\/quangnam\/#website"},"primaryImageOfPage":{"@id":"https:\/\/tranthi.vn\/quangnam\/bon-dung-1500l-gia-4-240-000\/#primaryimage"},"image":{"@id":"https:\/\/tranthi.vn\/quangnam\/bon-dung-1500l-gia-4-240-000\/#primaryimage"},"thumbnailUrl":"https:\/\/tranthi.vn\/quangnam\/wp-content\/uploads\/2021\/02\/v3.jpg","datePublished":"2021-02-16T07:23:32+00:00","dateModified":"2024-03-08T02:38:42+00:00","breadcrumb":{"@id":"https:\/\/tranthi.vn\/quangnam\/bon-dung-1500l-gia-4-240-000\/#breadcrumb"},"inLanguage":"vi","potentialAction":[{"@type":"ReadAction","target":["https:\/\/tranthi.vn\/quangnam\/bon-dung-1500l-gia-4-240-000\/"]}]},{"@type":"ImageObject","inLanguage":"vi","@id":"https:\/\/tranthi.vn\/quangnam\/bon-dung-1500l-gia-4-240-000\/#primaryimage","url":"https:\/\/tranthi.vn\/quangnam\/wp-content\/uploads\/2021\/02\/v3.jpg","contentUrl":"https:\/\/tranthi.vn\/quangnam\/wp-content\/uploads\/2021\/02\/v3.jpg","width":1238,"height":1438},{"@type":"BreadcrumbList","@id":"https:\/\/tranthi.vn\/quangnam\/bon-dung-1500l-gia-4-240-000\/#breadcrumb","itemListElement":[{"@type":"ListItem","position":1,"name":"Trang ch\u1ee7","item":"https:\/\/tranthi.vn\/quangnam\/"},{"@type":"ListItem","position":2,"name":"Shop","item":"https:\/\/tranthi.vn\/quangnam\/shop\/"},{"@type":"ListItem","position":3,"name":"B\u1ed3n \u0110\u1ee9ng TM1500L"}]},{"@type":"WebSite","@id":"https:\/\/tranthi.vn\/quangnam\/#website","url":"https:\/\/tranthi.vn\/quangnam\/","name":"V\u1eadt Li\u1ec7u X\u00e2y D\u1ef1ng Tr\u1ea7n Th\u1ecb Chi Nh\u00e1nh Qu\u1ea3ng Nam","description":"V\u1eadt Li\u1ec7u X\u00e2y D\u1ef1ng - Qu\u1ea3ng Nam","potentialAction":[{"@type":"SearchAction","target":{"@type":"EntryPoint","urlTemplate":"https:\/\/tranthi.vn\/quangnam\/?s={search_term_string}"},"query-input":"required name=search_term_string"}],"inLanguage":"vi"},{"@type":"ImageObject","inLanguage":"vi","@id":"https:\/\/tranthi.vn\/quangnam\/bon-dung-1500l-gia-4-240-000\/#local-main-organization-logo","url":"","contentUrl":"","caption":"V\u1eadt Li\u1ec7u X\u00e2y D\u1ef1ng Tr\u1ea7n Th\u1ecb Chi Nh\u00e1nh Qu\u1ea3ng Nam"}]},"product_price_amount":"4850000","product_price_currency":"VND","og_availability":"instock","product_availability":"instock","product_condition":"new"},"_links":{"self":[{"href":"https:\/\/tranthi.vn\/quangnam\/wp-json\/wp\/v2\/product\/726","targetHints":{"allow":["GET"]}}],"collection":[{"href":"https:\/\/tranthi.vn\/quangnam\/wp-json\/wp\/v2\/product"}],"about":[{"href":"https:\/\/tranthi.vn\/quangnam\/wp-json\/wp\/v2\/types\/product"}],"replies":[{"embeddable":true,"href":"https:\/\/tranthi.vn\/quangnam\/wp-json\/wp\/v2\/comments?post=726"}],"wp:featuredmedia":[{"embeddable":true,"href":"https:\/\/tranthi.vn\/quangnam\/wp-json\/wp\/v2\/media\/735"}],"wp:attachment":[{"href":"https:\/\/tranthi.vn\/quangnam\/wp-json\/wp\/v2\/media?parent=726"}],"wp:term":[{"taxonomy":"product_cat","embeddable":true,"href":"https:\/\/tranthi.vn\/quangnam\/wp-json\/wp\/v2\/product_cat?post=726"},{"taxonomy":"product_tag","embeddable":true,"href":"https:\/\/tranthi.vn\/quangnam\/wp-json\/wp\/v2\/product_tag?post=726"}],"curies":[{"name":"wp","href":"https:\/\/api.w.org\/{rel}","templated":true}]}}