{"id":6971,"date":"2024-03-23T14:02:54","date_gmt":"2024-03-23T07:02:54","guid":{"rendered":"https:\/\/tranthi.vn\/quangnam\/?post_type=product&#038;p=6971"},"modified":"2024-06-18T15:13:06","modified_gmt":"2024-06-18T08:13:06","slug":"son-nuoc-noi-that-bong-mo-cao-cap","status":"publish","type":"product","link":"https:\/\/tranthi.vn\/quangnam\/son-nuoc-noi-that-bong-mo-cao-cap\/","title":{"rendered":"S\u01a1n n\u01b0\u1edbc n\u1ed9i th\u1ea5t b\u00f3ng m\u1edd cao c\u1ea5p"},"content":{"rendered":"","protected":false},"excerpt":{"rendered":"<p><strong><span style=\"font-family: 'times new roman', times, serif; font-size: 130%;\">MYKOLOR TOUCH NEO-MATTE FOR INTREIOR<\/span><\/strong><br \/>\n<strong><span style=\"font-family: 'times new roman', times, serif; font-size: 130%;\">S\u01a1n n\u01b0\u1edbc n\u1ed9i th\u1ea5t b\u00f3ng m\u1edd cao c\u1ea5p<\/span><\/strong><\/p>\n<p><span style=\"font-family: 'times new roman', times, serif; font-size: 130%;\"><img decoding=\"async\" class=\"emoji\" role=\"img\" draggable=\"false\" src=\"https:\/\/s.w.org\/images\/core\/emoji\/14.0.0\/svg\/1f61b.svg\" alt=\"\ud83d\ude1b\" \/>\u00a0<strong>\u0110\u01a1n gi\u00e1<\/strong><em><strong>: <a href=\"http:\/\/tranthi.vn\/quangnam\/son-phu-noi-that-bong-mykolor-touch-semigloss-finish-for-int-da-nang\">S\u01a1n n\u01b0\u1edbc n\u1ed9i th\u1ea5t b\u00f3ng m\u1edd cao c\u1ea5p.\u00a0<\/a><\/strong><\/em><\/span><\/p>\n<p><span style=\"font-family: 'times new roman', times, serif; font-size: 130%;\"><img decoding=\"async\" class=\"emoji\" role=\"img\" draggable=\"false\" src=\"https:\/\/s.w.org\/images\/core\/emoji\/14.0.0\/svg\/1f61b.svg\" alt=\"\ud83d\ude1b\" \/>\u00a0<strong>\u0110\u01a1n v\u1ecb t\u00ednh<\/strong>:<\/span><\/p>\n<ul>\n<li><span style=\"font-family: 'times new roman', times, serif; font-size: 130%;\">Th\u00f9ng 14,875L \u2013 Gi\u00e1 <span style=\"color: #ff0000;\"><strong>2.826.000\u0111<\/strong><\/span><\/span><\/li>\n<li><span style=\"font-family: 'times new roman', times, serif; font-size: 130%;\">Lon 4,375L \u2013 Gi\u00e1 <span style=\"color: #ff0000;\"><strong>978.000\u0111<\/strong><\/span><\/span><\/li>\n<\/ul>\n<p><span style=\"font-family: 'times new roman', times, serif; font-size: 130%;\">\u0110\u01a1n gi\u00e1 \u00e1p d\u1ee5ng khi mua t\u1eeb 3 s\u1ea3n ph\u1ea9m tr\u1edf l\u00ean.<\/span><\/p>\n<p><span style=\"font-family: 'times new roman', times, serif; font-size: 130%;\"><img decoding=\"async\" class=\"emoji\" role=\"img\" draggable=\"false\" src=\"https:\/\/s.w.org\/images\/core\/emoji\/14.0.0\/svg\/1f61b.svg\" alt=\"\ud83d\ude1b\" \/><em>\u00a0V\u1eadn chuy\u1ec3n n\u1ed9i th\u00e0nh \u0110\u00e0 N\u1eb5ng<\/em><\/span><\/p>\n<p><span style=\"font-family: 'times new roman', times, serif; font-size: 130%;\"><img decoding=\"async\" class=\"emoji\" role=\"img\" draggable=\"false\" src=\"https:\/\/s.w.org\/images\/core\/emoji\/14.0.0\/svg\/1f61b.svg\" alt=\"\ud83d\ude1b\" \/>\u00a0<em>Ph\u00ed v\u1eadn chuy\u1ec3n ph\u1ee5 thu\u1ed9c v\u00e0o t\u1eebng v\u1ecb tr\u00ed<\/em><\/span><\/p>\n","protected":false},"featured_media":6972,"comment_status":"closed","ping_status":"closed","template":"","meta":[],"product_cat":[139,140,145],"product_tag":[],"class_list":{"0":"post-6971","1":"product","2":"type-product","3":"status-publish","4":"has-post-thumbnail","6":"product_cat-son","7":"product_cat-bang-gia-son-mykolor-tai-da-nang","8":"product_cat-son-phu-noi-that-mykolor","10":"first","11":"instock","12":"sale","13":"shipping-taxable","14":"purchasable","15":"product-type-simple"},"yoast_head":"<!-- This site is optimized with the Yoast SEO Premium plugin v22.3 (Yoast SEO v22.8) - https:\/\/yoast.com\/wordpress\/plugins\/seo\/ -->\n<title>S\u01a1n n\u01b0\u1edbc n\u1ed9i th\u1ea5t b\u00f3ng m\u1edd cao c\u1ea5p - V\u1eadt Li\u1ec7u X\u00e2y D\u1ef1ng Tr\u1ea7n Th\u1ecb Chi Nh\u00e1nh Qu\u1ea3ng Nam<\/title>\n<meta name=\"robots\" content=\"index, follow, max-snippet:-1, max-image-preview:large, max-video-preview:-1\" \/>\n<link rel=\"canonical\" href=\"https:\/\/tranthi.vn\/quangnam\/son-nuoc-noi-that-bong-mo-cao-cap\/\" \/>\n<meta property=\"og:locale\" content=\"vi_VN\" \/>\n<meta property=\"og:type\" content=\"article\" \/>\n<meta property=\"og:title\" content=\"S\u01a1n n\u01b0\u1edbc n\u1ed9i th\u1ea5t b\u00f3ng m\u1edd cao c\u1ea5p\" \/>\n<meta property=\"og:description\" content=\"MYKOLOR TOUCH NEO-MATTE FOR INTREIOR S\u01a1n n\u01b0\u1edbc n\u1ed9i th\u1ea5t b\u00f3ng m\u1edd cao c\u1ea5p  \u00a0\u0110\u01a1n gi\u00e1: S\u01a1n n\u01b0\u1edbc n\u1ed9i th\u1ea5t b\u00f3ng m\u1edd cao c\u1ea5p.\u00a0  \u00a0\u0110\u01a1n v\u1ecb t\u00ednh:   Th\u00f9ng 14,875L \u2013 Gi\u00e1 2.826.000\u0111  Lon 4,375L \u2013 Gi\u00e1 978.000\u0111  \u0110\u01a1n gi\u00e1 \u00e1p d\u1ee5ng khi mua t\u1eeb 3 s\u1ea3n ph\u1ea9m tr\u1edf l\u00ean.  \u00a0V\u1eadn chuy\u1ec3n n\u1ed9i th\u00e0nh \u0110\u00e0 N\u1eb5ng  \u00a0Ph\u00ed v\u1eadn chuy\u1ec3n ph\u1ee5 thu\u1ed9c v\u00e0o t\u1eebng v\u1ecb tr\u00ed\" \/>\n<meta property=\"og:url\" content=\"https:\/\/tranthi.vn\/quangnam\/son-nuoc-noi-that-bong-mo-cao-cap\/\" \/>\n<meta property=\"og:site_name\" content=\"V\u1eadt Li\u1ec7u X\u00e2y D\u1ef1ng Tr\u1ea7n Th\u1ecb Chi Nh\u00e1nh Qu\u1ea3ng Nam\" \/>\n<meta property=\"article:modified_time\" content=\"2024-06-18T08:13:06+00:00\" \/>\n<meta property=\"og:image\" content=\"https:\/\/tranthi.vn\/quangnam\/wp-content\/uploads\/2024\/03\/son-nuoc-noi-that-bong-mo-cao-cap-da-nang_optimized.jpg\" \/>\n\t<meta property=\"og:image:width\" content=\"320\" \/>\n\t<meta property=\"og:image:height\" content=\"360\" \/>\n\t<meta property=\"og:image:type\" content=\"image\/jpeg\" \/>\n<meta name=\"twitter:card\" content=\"summary_large_image\" \/>\n<meta name=\"twitter:label1\" content=\"Gi\u00e1\" \/>\n\t<meta name=\"twitter:data1\" content=\"2,826,000&nbsp;&#8363;\" \/>\n\t<meta name=\"twitter:label2\" content=\"Kh\u1ea3 d\u1ee5ng\" \/>\n\t<meta name=\"twitter:data2\" content=\"Trong kho\" \/>\n<script type=\"application\/ld+json\" class=\"yoast-schema-graph\">{\"@context\":\"https:\/\/schema.org\",\"@graph\":[{\"@type\":[\"WebPage\",\"ItemPage\"],\"@id\":\"https:\/\/tranthi.vn\/quangnam\/son-nuoc-noi-that-bong-mo-cao-cap\/\",\"url\":\"https:\/\/tranthi.vn\/quangnam\/son-nuoc-noi-that-bong-mo-cao-cap\/\",\"name\":\"S\u01a1n n\u01b0\u1edbc n\u1ed9i th\u1ea5t b\u00f3ng m\u1edd cao c\u1ea5p - V\u1eadt Li\u1ec7u X\u00e2y D\u1ef1ng Tr\u1ea7n Th\u1ecb Chi Nh\u00e1nh Qu\u1ea3ng Nam\",\"isPartOf\":{\"@id\":\"https:\/\/tranthi.vn\/quangnam\/#website\"},\"primaryImageOfPage\":{\"@id\":\"https:\/\/tranthi.vn\/quangnam\/son-nuoc-noi-that-bong-mo-cao-cap\/#primaryimage\"},\"image\":{\"@id\":\"https:\/\/tranthi.vn\/quangnam\/son-nuoc-noi-that-bong-mo-cao-cap\/#primaryimage\"},\"thumbnailUrl\":\"https:\/\/tranthi.vn\/quangnam\/wp-content\/uploads\/2024\/03\/son-nuoc-noi-that-bong-mo-cao-cap-da-nang_optimized.jpg\",\"datePublished\":\"2024-03-23T07:02:54+00:00\",\"dateModified\":\"2024-06-18T08:13:06+00:00\",\"breadcrumb\":{\"@id\":\"https:\/\/tranthi.vn\/quangnam\/son-nuoc-noi-that-bong-mo-cao-cap\/#breadcrumb\"},\"inLanguage\":\"vi\",\"potentialAction\":[{\"@type\":\"ReadAction\",\"target\":[\"https:\/\/tranthi.vn\/quangnam\/son-nuoc-noi-that-bong-mo-cao-cap\/\"]}]},{\"@type\":\"ImageObject\",\"inLanguage\":\"vi\",\"@id\":\"https:\/\/tranthi.vn\/quangnam\/son-nuoc-noi-that-bong-mo-cao-cap\/#primaryimage\",\"url\":\"https:\/\/tranthi.vn\/quangnam\/wp-content\/uploads\/2024\/03\/son-nuoc-noi-that-bong-mo-cao-cap-da-nang_optimized.jpg\",\"contentUrl\":\"https:\/\/tranthi.vn\/quangnam\/wp-content\/uploads\/2024\/03\/son-nuoc-noi-that-bong-mo-cao-cap-da-nang_optimized.jpg\",\"width\":320,\"height\":360},{\"@type\":\"BreadcrumbList\",\"@id\":\"https:\/\/tranthi.vn\/quangnam\/son-nuoc-noi-that-bong-mo-cao-cap\/#breadcrumb\",\"itemListElement\":[{\"@type\":\"ListItem\",\"position\":1,\"name\":\"Trang ch\u1ee7\",\"item\":\"https:\/\/tranthi.vn\/quangnam\/\"},{\"@type\":\"ListItem\",\"position\":2,\"name\":\"Shop\",\"item\":\"https:\/\/tranthi.vn\/quangnam\/shop\/\"},{\"@type\":\"ListItem\",\"position\":3,\"name\":\"S\u01a1n n\u01b0\u1edbc n\u1ed9i th\u1ea5t b\u00f3ng m\u1edd cao c\u1ea5p\"}]},{\"@type\":\"WebSite\",\"@id\":\"https:\/\/tranthi.vn\/quangnam\/#website\",\"url\":\"https:\/\/tranthi.vn\/quangnam\/\",\"name\":\"V\u1eadt Li\u1ec7u X\u00e2y D\u1ef1ng Tr\u1ea7n Th\u1ecb Chi Nh\u00e1nh Qu\u1ea3ng Nam\",\"description\":\"V\u1eadt Li\u1ec7u X\u00e2y D\u1ef1ng - Qu\u1ea3ng Nam\",\"potentialAction\":[{\"@type\":\"SearchAction\",\"target\":{\"@type\":\"EntryPoint\",\"urlTemplate\":\"https:\/\/tranthi.vn\/quangnam\/?s={search_term_string}\"},\"query-input\":\"required name=search_term_string\"}],\"inLanguage\":\"vi\"},{\"@type\":\"ImageObject\",\"inLanguage\":\"vi\",\"@id\":\"https:\/\/tranthi.vn\/quangnam\/son-nuoc-noi-that-bong-mo-cao-cap\/#local-main-organization-logo\",\"url\":\"\",\"contentUrl\":\"\",\"caption\":\"V\u1eadt Li\u1ec7u X\u00e2y D\u1ef1ng Tr\u1ea7n Th\u1ecb Chi Nh\u00e1nh Qu\u1ea3ng Nam\"}]}<\/script>\n<meta property=\"product:price:amount\" content=\"2826000\" \/>\n<meta property=\"product:price:currency\" content=\"VND\" \/>\n<meta property=\"og:availability\" content=\"instock\" \/>\n<meta property=\"product:availability\" content=\"instock\" \/>\n<meta property=\"product:condition\" content=\"new\" \/>\n<!-- \/ Yoast SEO Premium plugin. -->","yoast_head_json":{"title":"S\u01a1n n\u01b0\u1edbc n\u1ed9i th\u1ea5t b\u00f3ng m\u1edd cao c\u1ea5p - V\u1eadt Li\u1ec7u X\u00e2y D\u1ef1ng Tr\u1ea7n Th\u1ecb Chi Nh\u00e1nh Qu\u1ea3ng Nam","robots":{"index":"index","follow":"follow","max-snippet":"max-snippet:-1","max-image-preview":"max-image-preview:large","max-video-preview":"max-video-preview:-1"},"canonical":"https:\/\/tranthi.vn\/quangnam\/son-nuoc-noi-that-bong-mo-cao-cap\/","og_locale":"vi_VN","og_type":"article","og_title":"S\u01a1n n\u01b0\u1edbc n\u1ed9i th\u1ea5t b\u00f3ng m\u1edd cao c\u1ea5p","og_description":"MYKOLOR TOUCH NEO-MATTE FOR INTREIOR S\u01a1n n\u01b0\u1edbc n\u1ed9i th\u1ea5t b\u00f3ng m\u1edd cao c\u1ea5p  \u00a0\u0110\u01a1n gi\u00e1: S\u01a1n n\u01b0\u1edbc n\u1ed9i th\u1ea5t b\u00f3ng m\u1edd cao c\u1ea5p.\u00a0  \u00a0\u0110\u01a1n v\u1ecb t\u00ednh:   Th\u00f9ng 14,875L \u2013 Gi\u00e1 2.826.000\u0111  Lon 4,375L \u2013 Gi\u00e1 978.000\u0111  \u0110\u01a1n gi\u00e1 \u00e1p d\u1ee5ng khi mua t\u1eeb 3 s\u1ea3n ph\u1ea9m tr\u1edf l\u00ean.  \u00a0V\u1eadn chuy\u1ec3n n\u1ed9i th\u00e0nh \u0110\u00e0 N\u1eb5ng  \u00a0Ph\u00ed v\u1eadn chuy\u1ec3n ph\u1ee5 thu\u1ed9c v\u00e0o t\u1eebng v\u1ecb tr\u00ed","og_url":"https:\/\/tranthi.vn\/quangnam\/son-nuoc-noi-that-bong-mo-cao-cap\/","og_site_name":"V\u1eadt Li\u1ec7u X\u00e2y D\u1ef1ng Tr\u1ea7n Th\u1ecb Chi Nh\u00e1nh Qu\u1ea3ng Nam","article_modified_time":"2024-06-18T08:13:06+00:00","og_image":[{"width":320,"height":360,"url":"https:\/\/tranthi.vn\/quangnam\/wp-content\/uploads\/2024\/03\/son-nuoc-noi-that-bong-mo-cao-cap-da-nang_optimized.jpg","type":"image\/jpeg"}],"twitter_card":"summary_large_image","twitter_misc":{"Gi\u00e1":"2,826,000&nbsp;&#8363;","Kh\u1ea3 d\u1ee5ng":"Trong kho"},"schema":{"@context":"https:\/\/schema.org","@graph":[{"@type":["WebPage","ItemPage"],"@id":"https:\/\/tranthi.vn\/quangnam\/son-nuoc-noi-that-bong-mo-cao-cap\/","url":"https:\/\/tranthi.vn\/quangnam\/son-nuoc-noi-that-bong-mo-cao-cap\/","name":"S\u01a1n n\u01b0\u1edbc n\u1ed9i th\u1ea5t b\u00f3ng m\u1edd cao c\u1ea5p - V\u1eadt Li\u1ec7u X\u00e2y D\u1ef1ng Tr\u1ea7n Th\u1ecb Chi Nh\u00e1nh Qu\u1ea3ng Nam","isPartOf":{"@id":"https:\/\/tranthi.vn\/quangnam\/#website"},"primaryImageOfPage":{"@id":"https:\/\/tranthi.vn\/quangnam\/son-nuoc-noi-that-bong-mo-cao-cap\/#primaryimage"},"image":{"@id":"https:\/\/tranthi.vn\/quangnam\/son-nuoc-noi-that-bong-mo-cao-cap\/#primaryimage"},"thumbnailUrl":"https:\/\/tranthi.vn\/quangnam\/wp-content\/uploads\/2024\/03\/son-nuoc-noi-that-bong-mo-cao-cap-da-nang_optimized.jpg","datePublished":"2024-03-23T07:02:54+00:00","dateModified":"2024-06-18T08:13:06+00:00","breadcrumb":{"@id":"https:\/\/tranthi.vn\/quangnam\/son-nuoc-noi-that-bong-mo-cao-cap\/#breadcrumb"},"inLanguage":"vi","potentialAction":[{"@type":"ReadAction","target":["https:\/\/tranthi.vn\/quangnam\/son-nuoc-noi-that-bong-mo-cao-cap\/"]}]},{"@type":"ImageObject","inLanguage":"vi","@id":"https:\/\/tranthi.vn\/quangnam\/son-nuoc-noi-that-bong-mo-cao-cap\/#primaryimage","url":"https:\/\/tranthi.vn\/quangnam\/wp-content\/uploads\/2024\/03\/son-nuoc-noi-that-bong-mo-cao-cap-da-nang_optimized.jpg","contentUrl":"https:\/\/tranthi.vn\/quangnam\/wp-content\/uploads\/2024\/03\/son-nuoc-noi-that-bong-mo-cao-cap-da-nang_optimized.jpg","width":320,"height":360},{"@type":"BreadcrumbList","@id":"https:\/\/tranthi.vn\/quangnam\/son-nuoc-noi-that-bong-mo-cao-cap\/#breadcrumb","itemListElement":[{"@type":"ListItem","position":1,"name":"Trang ch\u1ee7","item":"https:\/\/tranthi.vn\/quangnam\/"},{"@type":"ListItem","position":2,"name":"Shop","item":"https:\/\/tranthi.vn\/quangnam\/shop\/"},{"@type":"ListItem","position":3,"name":"S\u01a1n n\u01b0\u1edbc n\u1ed9i th\u1ea5t b\u00f3ng m\u1edd cao c\u1ea5p"}]},{"@type":"WebSite","@id":"https:\/\/tranthi.vn\/quangnam\/#website","url":"https:\/\/tranthi.vn\/quangnam\/","name":"V\u1eadt Li\u1ec7u X\u00e2y D\u1ef1ng Tr\u1ea7n Th\u1ecb Chi Nh\u00e1nh Qu\u1ea3ng Nam","description":"V\u1eadt Li\u1ec7u X\u00e2y D\u1ef1ng - Qu\u1ea3ng Nam","potentialAction":[{"@type":"SearchAction","target":{"@type":"EntryPoint","urlTemplate":"https:\/\/tranthi.vn\/quangnam\/?s={search_term_string}"},"query-input":"required name=search_term_string"}],"inLanguage":"vi"},{"@type":"ImageObject","inLanguage":"vi","@id":"https:\/\/tranthi.vn\/quangnam\/son-nuoc-noi-that-bong-mo-cao-cap\/#local-main-organization-logo","url":"","contentUrl":"","caption":"V\u1eadt Li\u1ec7u X\u00e2y D\u1ef1ng Tr\u1ea7n Th\u1ecb Chi Nh\u00e1nh Qu\u1ea3ng Nam"}]},"product_price_amount":"2826000","product_price_currency":"VND","og_availability":"instock","product_availability":"instock","product_condition":"new"},"_links":{"self":[{"href":"https:\/\/tranthi.vn\/quangnam\/wp-json\/wp\/v2\/product\/6971","targetHints":{"allow":["GET"]}}],"collection":[{"href":"https:\/\/tranthi.vn\/quangnam\/wp-json\/wp\/v2\/product"}],"about":[{"href":"https:\/\/tranthi.vn\/quangnam\/wp-json\/wp\/v2\/types\/product"}],"replies":[{"embeddable":true,"href":"https:\/\/tranthi.vn\/quangnam\/wp-json\/wp\/v2\/comments?post=6971"}],"wp:featuredmedia":[{"embeddable":true,"href":"https:\/\/tranthi.vn\/quangnam\/wp-json\/wp\/v2\/media\/6972"}],"wp:attachment":[{"href":"https:\/\/tranthi.vn\/quangnam\/wp-json\/wp\/v2\/media?parent=6971"}],"wp:term":[{"taxonomy":"product_cat","embeddable":true,"href":"https:\/\/tranthi.vn\/quangnam\/wp-json\/wp\/v2\/product_cat?post=6971"},{"taxonomy":"product_tag","embeddable":true,"href":"https:\/\/tranthi.vn\/quangnam\/wp-json\/wp\/v2\/product_tag?post=6971"}],"curies":[{"name":"wp","href":"https:\/\/api.w.org\/{rel}","templated":true}]}}