{"id":6903,"date":"2024-03-19T16:31:27","date_gmt":"2024-03-19T09:31:27","guid":{"rendered":"https:\/\/tranthi.vn\/quangnam\/?post_type=product&#038;p=6903"},"modified":"2024-03-19T16:31:27","modified_gmt":"2024-03-19T09:31:27","slug":"mam-xoay-1-2-inox-mo-304-nan-tron-tg","status":"publish","type":"product","link":"https:\/\/tranthi.vn\/quangnam\/mam-xoay-1-2-inox-mo-304-nan-tron-tg\/","title":{"rendered":"M\u00e2m xoay 1\/2 inox m\u1edd 304 nan tr\u00f2n-TG"},"content":{"rendered":"","protected":false},"excerpt":{"rendered":"<p><span style=\"font-family: 'times new roman', times, serif; font-size: 130%;\">\ud83e\udd70\u0110\u01a1n gi\u00e1<strong><em>:<\/em><\/strong> <strong>M\u00e2m xoay 1\/2 inox m\u1edd 304 nan tr\u00f2n<\/strong><\/span><\/p>\n<p><span style=\"font-family: 'times new roman', times, serif; font-size: 130%;\"><strong>\ud83e\udd70K\u00edch th\u01b0\u1edbc: r\u1ed9ng x s\u00e2u x cao<\/strong><\/span><\/p>\n<p><span style=\"font-family: 'times new roman', times, serif; font-size: 130%;\">+W680*D680*H710\u2013(KT\u00a0 ph\u1ee7 b\u00ec : 700)<span style=\"color: #ed1c24;\">\u00a0_<strong>\u00a0gi\u00e1:<\/strong><strong> 1.368.000\u0111<\/strong><\/span><\/span><\/p>\n<p><span style=\"font-family: 'times new roman', times, serif; font-size: 130%;\">+W710*D710*H710\u2013(KT\u00a0 ph\u1ee7 b\u00ec : 800) <span style=\"color: #ed1c24;\">_<strong>\u00a0gi\u00e1:<\/strong><strong> 1.573.000\u0111<\/strong><\/span><\/span><\/p>\n<p><span style=\"font-family: 'times new roman', times, serif; font-size: 130%;\"><em>\ud83e\udd70S\u1eed d\u1ee5ng chung s\u1ea3n ph\u1ea9m v\u1edbi l\u1eafp \u0111\u1eb7t t\u1ee7 b\u1ebfp s\u1ebd nh\u1eadn \u0111\u01b0\u1ee3c gi\u00e1 \u01b0u \u0111\u00e3i<\/em><\/span><\/p>\n<p><span style=\"font-family: 'times new roman', times, serif; font-size: 130%;\"><em>\ud83e\udd70V\u1eadn chuy\u1ec3n mi\u1ec5n ph\u00ed trong n\u1ed9i th\u00e0nh \u0110\u00e0 N\u1eb5ng.<\/em><\/span><\/p>\n","protected":false},"featured_media":6904,"comment_status":"closed","ping_status":"closed","template":"","meta":[],"product_cat":[385,312,266],"product_tag":[],"class_list":{"0":"post-6903","1":"product","2":"type-product","3":"status-publish","4":"has-post-thumbnail","6":"product_cat-phu-kien-nha-bep-phu-kien-tu-bep-thong-minh-gia-dung-xoong-noi","7":"product_cat-phu-kien-tu-bep-thong-minh","8":"product_cat-thiet-bi-nha-bep","10":"first","11":"instock","12":"sale","13":"shipping-taxable","14":"purchasable","15":"product-type-simple"},"yoast_head":"<!-- This site is optimized with the Yoast SEO Premium plugin v22.3 (Yoast SEO v22.8) - https:\/\/yoast.com\/wordpress\/plugins\/seo\/ -->\n<title>M\u00e2m xoay 1\/2 inox m\u1edd 304 nan tr\u00f2n-TG - V\u1eadt Li\u1ec7u X\u00e2y D\u1ef1ng Tr\u1ea7n Th\u1ecb Chi Nh\u00e1nh Qu\u1ea3ng Nam<\/title>\n<meta name=\"robots\" content=\"index, follow, max-snippet:-1, max-image-preview:large, max-video-preview:-1\" \/>\n<link rel=\"canonical\" href=\"https:\/\/tranthi.vn\/quangnam\/mam-xoay-1-2-inox-mo-304-nan-tron-tg\/\" \/>\n<meta property=\"og:locale\" content=\"vi_VN\" \/>\n<meta property=\"og:type\" content=\"article\" \/>\n<meta property=\"og:title\" content=\"M\u00e2m xoay 1\/2 inox m\u1edd 304 nan tr\u00f2n-TG\" \/>\n<meta property=\"og:description\" content=\"\ud83e\udd70\u0110\u01a1n gi\u00e1: M\u00e2m xoay 1\/2 inox m\u1edd 304 nan tr\u00f2n  \ud83e\udd70K\u00edch th\u01b0\u1edbc: r\u1ed9ng x s\u00e2u x cao  +W680*D680*H710\u2013(KT\u00a0 ph\u1ee7 b\u00ec : 700)\u00a0_\u00a0gi\u00e1: 1.368.000\u0111  +W710*D710*H710\u2013(KT\u00a0 ph\u1ee7 b\u00ec : 800) _\u00a0gi\u00e1: 1.573.000\u0111  \ud83e\udd70S\u1eed d\u1ee5ng chung s\u1ea3n ph\u1ea9m v\u1edbi l\u1eafp \u0111\u1eb7t t\u1ee7 b\u1ebfp s\u1ebd nh\u1eadn \u0111\u01b0\u1ee3c gi\u00e1 \u01b0u \u0111\u00e3i  \ud83e\udd70V\u1eadn chuy\u1ec3n mi\u1ec5n ph\u00ed trong n\u1ed9i th\u00e0nh \u0110\u00e0 N\u1eb5ng.\" \/>\n<meta property=\"og:url\" content=\"https:\/\/tranthi.vn\/quangnam\/mam-xoay-1-2-inox-mo-304-nan-tron-tg\/\" \/>\n<meta property=\"og:site_name\" content=\"V\u1eadt Li\u1ec7u X\u00e2y D\u1ef1ng Tr\u1ea7n Th\u1ecb Chi Nh\u00e1nh Qu\u1ea3ng Nam\" \/>\n<meta property=\"og:image\" content=\"https:\/\/tranthi.vn\/quangnam\/wp-content\/uploads\/2024\/03\/Mam-xoay-12-inox-mo-304-nan-tron-gia-re-da-nang.jpg\" \/>\n\t<meta property=\"og:image:width\" content=\"200\" \/>\n\t<meta property=\"og:image:height\" content=\"180\" \/>\n\t<meta property=\"og:image:type\" content=\"image\/jpeg\" \/>\n<meta name=\"twitter:card\" content=\"summary_large_image\" \/>\n<meta name=\"twitter:label1\" content=\"Gi\u00e1\" \/>\n\t<meta name=\"twitter:data1\" content=\"1,368,000&nbsp;&#8363;\" \/>\n\t<meta name=\"twitter:label2\" content=\"Kh\u1ea3 d\u1ee5ng\" \/>\n\t<meta name=\"twitter:data2\" content=\"Trong kho\" \/>\n<script type=\"application\/ld+json\" class=\"yoast-schema-graph\">{\"@context\":\"https:\/\/schema.org\",\"@graph\":[{\"@type\":[\"WebPage\",\"ItemPage\"],\"@id\":\"https:\/\/tranthi.vn\/quangnam\/mam-xoay-1-2-inox-mo-304-nan-tron-tg\/\",\"url\":\"https:\/\/tranthi.vn\/quangnam\/mam-xoay-1-2-inox-mo-304-nan-tron-tg\/\",\"name\":\"M\u00e2m xoay 1\/2 inox m\u1edd 304 nan tr\u00f2n-TG - V\u1eadt Li\u1ec7u X\u00e2y D\u1ef1ng Tr\u1ea7n Th\u1ecb Chi Nh\u00e1nh Qu\u1ea3ng Nam\",\"isPartOf\":{\"@id\":\"https:\/\/tranthi.vn\/quangnam\/#website\"},\"primaryImageOfPage\":{\"@id\":\"https:\/\/tranthi.vn\/quangnam\/mam-xoay-1-2-inox-mo-304-nan-tron-tg\/#primaryimage\"},\"image\":{\"@id\":\"https:\/\/tranthi.vn\/quangnam\/mam-xoay-1-2-inox-mo-304-nan-tron-tg\/#primaryimage\"},\"thumbnailUrl\":\"https:\/\/tranthi.vn\/quangnam\/wp-content\/uploads\/2024\/03\/Mam-xoay-12-inox-mo-304-nan-tron-gia-re-da-nang.jpg\",\"datePublished\":\"2024-03-19T09:31:27+00:00\",\"dateModified\":\"2024-03-19T09:31:27+00:00\",\"breadcrumb\":{\"@id\":\"https:\/\/tranthi.vn\/quangnam\/mam-xoay-1-2-inox-mo-304-nan-tron-tg\/#breadcrumb\"},\"inLanguage\":\"vi\",\"potentialAction\":[{\"@type\":\"ReadAction\",\"target\":[\"https:\/\/tranthi.vn\/quangnam\/mam-xoay-1-2-inox-mo-304-nan-tron-tg\/\"]}]},{\"@type\":\"ImageObject\",\"inLanguage\":\"vi\",\"@id\":\"https:\/\/tranthi.vn\/quangnam\/mam-xoay-1-2-inox-mo-304-nan-tron-tg\/#primaryimage\",\"url\":\"https:\/\/tranthi.vn\/quangnam\/wp-content\/uploads\/2024\/03\/Mam-xoay-12-inox-mo-304-nan-tron-gia-re-da-nang.jpg\",\"contentUrl\":\"https:\/\/tranthi.vn\/quangnam\/wp-content\/uploads\/2024\/03\/Mam-xoay-12-inox-mo-304-nan-tron-gia-re-da-nang.jpg\",\"width\":200,\"height\":180},{\"@type\":\"BreadcrumbList\",\"@id\":\"https:\/\/tranthi.vn\/quangnam\/mam-xoay-1-2-inox-mo-304-nan-tron-tg\/#breadcrumb\",\"itemListElement\":[{\"@type\":\"ListItem\",\"position\":1,\"name\":\"Trang ch\u1ee7\",\"item\":\"https:\/\/tranthi.vn\/quangnam\/\"},{\"@type\":\"ListItem\",\"position\":2,\"name\":\"Shop\",\"item\":\"https:\/\/tranthi.vn\/quangnam\/shop\/\"},{\"@type\":\"ListItem\",\"position\":3,\"name\":\"M\u00e2m xoay 1\/2 inox m\u1edd 304 nan tr\u00f2n-TG\"}]},{\"@type\":\"WebSite\",\"@id\":\"https:\/\/tranthi.vn\/quangnam\/#website\",\"url\":\"https:\/\/tranthi.vn\/quangnam\/\",\"name\":\"V\u1eadt Li\u1ec7u X\u00e2y D\u1ef1ng Tr\u1ea7n Th\u1ecb Chi Nh\u00e1nh Qu\u1ea3ng Nam\",\"description\":\"V\u1eadt Li\u1ec7u X\u00e2y D\u1ef1ng - Qu\u1ea3ng Nam\",\"potentialAction\":[{\"@type\":\"SearchAction\",\"target\":{\"@type\":\"EntryPoint\",\"urlTemplate\":\"https:\/\/tranthi.vn\/quangnam\/?s={search_term_string}\"},\"query-input\":\"required name=search_term_string\"}],\"inLanguage\":\"vi\"},{\"@type\":\"ImageObject\",\"inLanguage\":\"vi\",\"@id\":\"https:\/\/tranthi.vn\/quangnam\/mam-xoay-1-2-inox-mo-304-nan-tron-tg\/#local-main-organization-logo\",\"url\":\"\",\"contentUrl\":\"\",\"caption\":\"V\u1eadt Li\u1ec7u X\u00e2y D\u1ef1ng Tr\u1ea7n Th\u1ecb Chi Nh\u00e1nh Qu\u1ea3ng Nam\"}]}<\/script>\n<meta property=\"product:price:amount\" content=\"1368000\" \/>\n<meta property=\"product:price:currency\" content=\"VND\" \/>\n<meta property=\"og:availability\" content=\"instock\" \/>\n<meta property=\"product:availability\" content=\"instock\" \/>\n<meta property=\"product:condition\" content=\"new\" \/>\n<!-- \/ Yoast SEO Premium plugin. -->","yoast_head_json":{"title":"M\u00e2m xoay 1\/2 inox m\u1edd 304 nan tr\u00f2n-TG - V\u1eadt Li\u1ec7u X\u00e2y D\u1ef1ng Tr\u1ea7n Th\u1ecb Chi Nh\u00e1nh Qu\u1ea3ng Nam","robots":{"index":"index","follow":"follow","max-snippet":"max-snippet:-1","max-image-preview":"max-image-preview:large","max-video-preview":"max-video-preview:-1"},"canonical":"https:\/\/tranthi.vn\/quangnam\/mam-xoay-1-2-inox-mo-304-nan-tron-tg\/","og_locale":"vi_VN","og_type":"article","og_title":"M\u00e2m xoay 1\/2 inox m\u1edd 304 nan tr\u00f2n-TG","og_description":"\ud83e\udd70\u0110\u01a1n gi\u00e1: M\u00e2m xoay 1\/2 inox m\u1edd 304 nan tr\u00f2n  \ud83e\udd70K\u00edch th\u01b0\u1edbc: r\u1ed9ng x s\u00e2u x cao  +W680*D680*H710\u2013(KT\u00a0 ph\u1ee7 b\u00ec : 700)\u00a0_\u00a0gi\u00e1: 1.368.000\u0111  +W710*D710*H710\u2013(KT\u00a0 ph\u1ee7 b\u00ec : 800) _\u00a0gi\u00e1: 1.573.000\u0111  \ud83e\udd70S\u1eed d\u1ee5ng chung s\u1ea3n ph\u1ea9m v\u1edbi l\u1eafp \u0111\u1eb7t t\u1ee7 b\u1ebfp s\u1ebd nh\u1eadn \u0111\u01b0\u1ee3c gi\u00e1 \u01b0u \u0111\u00e3i  \ud83e\udd70V\u1eadn chuy\u1ec3n mi\u1ec5n ph\u00ed trong n\u1ed9i th\u00e0nh \u0110\u00e0 N\u1eb5ng.","og_url":"https:\/\/tranthi.vn\/quangnam\/mam-xoay-1-2-inox-mo-304-nan-tron-tg\/","og_site_name":"V\u1eadt Li\u1ec7u X\u00e2y D\u1ef1ng Tr\u1ea7n Th\u1ecb Chi Nh\u00e1nh Qu\u1ea3ng Nam","og_image":[{"width":200,"height":180,"url":"https:\/\/tranthi.vn\/quangnam\/wp-content\/uploads\/2024\/03\/Mam-xoay-12-inox-mo-304-nan-tron-gia-re-da-nang.jpg","type":"image\/jpeg"}],"twitter_card":"summary_large_image","twitter_misc":{"Gi\u00e1":"1,368,000&nbsp;&#8363;","Kh\u1ea3 d\u1ee5ng":"Trong kho"},"schema":{"@context":"https:\/\/schema.org","@graph":[{"@type":["WebPage","ItemPage"],"@id":"https:\/\/tranthi.vn\/quangnam\/mam-xoay-1-2-inox-mo-304-nan-tron-tg\/","url":"https:\/\/tranthi.vn\/quangnam\/mam-xoay-1-2-inox-mo-304-nan-tron-tg\/","name":"M\u00e2m xoay 1\/2 inox m\u1edd 304 nan tr\u00f2n-TG - V\u1eadt Li\u1ec7u X\u00e2y D\u1ef1ng Tr\u1ea7n Th\u1ecb Chi Nh\u00e1nh Qu\u1ea3ng Nam","isPartOf":{"@id":"https:\/\/tranthi.vn\/quangnam\/#website"},"primaryImageOfPage":{"@id":"https:\/\/tranthi.vn\/quangnam\/mam-xoay-1-2-inox-mo-304-nan-tron-tg\/#primaryimage"},"image":{"@id":"https:\/\/tranthi.vn\/quangnam\/mam-xoay-1-2-inox-mo-304-nan-tron-tg\/#primaryimage"},"thumbnailUrl":"https:\/\/tranthi.vn\/quangnam\/wp-content\/uploads\/2024\/03\/Mam-xoay-12-inox-mo-304-nan-tron-gia-re-da-nang.jpg","datePublished":"2024-03-19T09:31:27+00:00","dateModified":"2024-03-19T09:31:27+00:00","breadcrumb":{"@id":"https:\/\/tranthi.vn\/quangnam\/mam-xoay-1-2-inox-mo-304-nan-tron-tg\/#breadcrumb"},"inLanguage":"vi","potentialAction":[{"@type":"ReadAction","target":["https:\/\/tranthi.vn\/quangnam\/mam-xoay-1-2-inox-mo-304-nan-tron-tg\/"]}]},{"@type":"ImageObject","inLanguage":"vi","@id":"https:\/\/tranthi.vn\/quangnam\/mam-xoay-1-2-inox-mo-304-nan-tron-tg\/#primaryimage","url":"https:\/\/tranthi.vn\/quangnam\/wp-content\/uploads\/2024\/03\/Mam-xoay-12-inox-mo-304-nan-tron-gia-re-da-nang.jpg","contentUrl":"https:\/\/tranthi.vn\/quangnam\/wp-content\/uploads\/2024\/03\/Mam-xoay-12-inox-mo-304-nan-tron-gia-re-da-nang.jpg","width":200,"height":180},{"@type":"BreadcrumbList","@id":"https:\/\/tranthi.vn\/quangnam\/mam-xoay-1-2-inox-mo-304-nan-tron-tg\/#breadcrumb","itemListElement":[{"@type":"ListItem","position":1,"name":"Trang ch\u1ee7","item":"https:\/\/tranthi.vn\/quangnam\/"},{"@type":"ListItem","position":2,"name":"Shop","item":"https:\/\/tranthi.vn\/quangnam\/shop\/"},{"@type":"ListItem","position":3,"name":"M\u00e2m xoay 1\/2 inox m\u1edd 304 nan tr\u00f2n-TG"}]},{"@type":"WebSite","@id":"https:\/\/tranthi.vn\/quangnam\/#website","url":"https:\/\/tranthi.vn\/quangnam\/","name":"V\u1eadt Li\u1ec7u X\u00e2y D\u1ef1ng Tr\u1ea7n Th\u1ecb Chi Nh\u00e1nh Qu\u1ea3ng Nam","description":"V\u1eadt Li\u1ec7u X\u00e2y D\u1ef1ng - Qu\u1ea3ng Nam","potentialAction":[{"@type":"SearchAction","target":{"@type":"EntryPoint","urlTemplate":"https:\/\/tranthi.vn\/quangnam\/?s={search_term_string}"},"query-input":"required name=search_term_string"}],"inLanguage":"vi"},{"@type":"ImageObject","inLanguage":"vi","@id":"https:\/\/tranthi.vn\/quangnam\/mam-xoay-1-2-inox-mo-304-nan-tron-tg\/#local-main-organization-logo","url":"","contentUrl":"","caption":"V\u1eadt Li\u1ec7u X\u00e2y D\u1ef1ng Tr\u1ea7n Th\u1ecb Chi Nh\u00e1nh Qu\u1ea3ng Nam"}]},"product_price_amount":"1368000","product_price_currency":"VND","og_availability":"instock","product_availability":"instock","product_condition":"new"},"_links":{"self":[{"href":"https:\/\/tranthi.vn\/quangnam\/wp-json\/wp\/v2\/product\/6903","targetHints":{"allow":["GET"]}}],"collection":[{"href":"https:\/\/tranthi.vn\/quangnam\/wp-json\/wp\/v2\/product"}],"about":[{"href":"https:\/\/tranthi.vn\/quangnam\/wp-json\/wp\/v2\/types\/product"}],"replies":[{"embeddable":true,"href":"https:\/\/tranthi.vn\/quangnam\/wp-json\/wp\/v2\/comments?post=6903"}],"wp:featuredmedia":[{"embeddable":true,"href":"https:\/\/tranthi.vn\/quangnam\/wp-json\/wp\/v2\/media\/6904"}],"wp:attachment":[{"href":"https:\/\/tranthi.vn\/quangnam\/wp-json\/wp\/v2\/media?parent=6903"}],"wp:term":[{"taxonomy":"product_cat","embeddable":true,"href":"https:\/\/tranthi.vn\/quangnam\/wp-json\/wp\/v2\/product_cat?post=6903"},{"taxonomy":"product_tag","embeddable":true,"href":"https:\/\/tranthi.vn\/quangnam\/wp-json\/wp\/v2\/product_tag?post=6903"}],"curies":[{"name":"wp","href":"https:\/\/api.w.org\/{rel}","templated":true}]}}