{"id":6889,"date":"2024-03-19T14:06:22","date_gmt":"2024-03-19T07:06:22","guid":{"rendered":"https:\/\/tranthi.vn\/quangnam\/?post_type=product&#038;p=6889"},"modified":"2024-03-20T10:57:41","modified_gmt":"2024-03-20T03:57:41","slug":"gia-bat-nang-ha-hop-kim-son-nano-tg","status":"publish","type":"product","link":"https:\/\/tranthi.vn\/quangnam\/gia-bat-nang-ha-hop-kim-son-nano-tg\/","title":{"rendered":"Gi\u00e1 b\u00e1t n\u00e2ng h\u1ea1 h\u1ee3p kim s\u01a1n nano-TG"},"content":{"rendered":"<p><strong>Gi\u00e1 b\u00e1t n\u00e2ng h\u1ea1<\/strong>\u00a0\u0111\u01b0\u1ee3c coi l\u00e0 d\u00f2ng s\u1ea3n ph\u1ea9m th\u00f4ng minh nh\u1ea5t hi\u1ec7n nay, l\u00e0 ph\u1ee5 ki\u1ec7n t\u1ee7 b\u1ebfp tr\u00ean v\u1edbi c\u00f4ng d\u1ee5ng d\u00f9ng \u0111\u1ec3 \u0111\u1ef1ng b\u00e1t \u0111\u0129a, \u0111\u01b0\u1ee3c t\u00edch h\u1ee3p th\u00eam nhi\u1ec1u t\u00ednh n\u0103ng gi\u00fap cho qu\u00e1 tr\u00ecnh n\u00e2ng h\u1ea1 gi\u00e1 b\u00e1t d\u1ec5 d\u00e0ng v\u00e0 ti\u1ec7n l\u1ee3i cho ng\u01b0\u1eddi s\u1eed d\u1ee5ng.<\/p>\n<p>Trong c\u0103n b\u1ebfp nh\u00e0 b\u1ea1n \u0111\u00e3 s\u1eed d\u1ee5ng nh\u1eefng ph\u1ee5 ki\u1ec7n t\u1ee7 b\u1ebfp th\u00f4ng minh n\u00f3i chung v\u00e0 ph\u1ee5 ki\u1ec7n gi\u00e1 b\u00e1t \u0111\u0129a n\u00e2ng h\u1ea1 n\u00f3i ri\u00eang ch\u01b0a? B\u1ea1n \u0111\u00e3 hi\u1ec3u \u0111\u01b0\u1ee3c bao nhi\u00eau l\u1ee3i \u00edch do ch\u00fang mang l\u1ea1i. H\u00e3y c\u00f9ng ch\u00fang t\u00f4i \u0111i\u1ec3m l\u1ea1i nh\u1eefng l\u1ee3i \u00edch n\u1ed5i tr\u1ed9i v\u1ec1 ph\u1ee5 ki\u1ec7n gi\u00e1 b\u00e1t \u0111\u0129a n\u00e2ng h\u1ea1 qua v\u00e0i chi ti\u1ebft sau:<\/p>\n<p>+ S\u1eed d\u1ee5ng ho\u00e0n to\u00e0n ch\u1ea5t li\u1ec7u inox cao c\u1ea5p c\u00f3 \u0111\u1ed9 b\u1ec1n cao, ch\u1ed1ng hoen g\u1ec9, \u0103n m\u00f2n<\/p>\n<p>+ D\u1ec5 d\u00e0ng v\u1ec7 sinh ph\u1ee5 ki\u1ec7n, ti\u1ebft ki\u1ec7m th\u1eddi gian n\u1ea5u \u0103n<\/p>\n<p>+ \u0110\u01b0\u1ee3c thi\u1ebft k\u1ebf v\u00f4 c\u00f9ng g\u1ecdn, tinh t\u1ebf, kh\u00f4ng ch\u1ec9 t\u00edch h\u1ee3p nhi\u1ec1u t\u00ednh n\u0103ng, c\u00f2n \u0111em l\u1ea1i th\u1ea9m m\u1ef9 cho c\u0103n b\u1ebfp c\u1ee7a gia \u0111\u00ecnh<\/p>\n<p>+ Nh\u1edd c\u00f3 thi\u1ebft k\u1ebf n\u00e2ng h\u1ea1 \u0111\u1ed9c \u0111\u00e1o, th\u00edch h\u1ee3p v\u1edbi m\u1ecdi thi\u1ebft k\u1ebf c\u0103n b\u1ebfp cao hay th\u1ea5p; \u0111\u1eb7c bi\u1ec7t h\u1eefu \u00edch v\u1edbi ng\u01b0\u1eddi gi\u00e0 v\u00e0 nh\u1eefng ng\u01b0\u1eddi c\u00f3 chi\u1ec1u cao khi\u00eam t\u1ed1n \u0111\u1ec1u d\u1ec5 d\u00e0ng s\u1eed d\u1ee5ng \u0111\u01b0\u1ee3c.<\/p>\n<p>khi\u1ebfn cho nh\u1eefng gi\u1ecdt n\u01b0\u1edbc c\u00f2n \u0111\u1ecdng l\u1ea1i tr\u00ean b\u00e1t \u0111\u0129a kh\u00f4ng b\u1ecb r\u01a1i xu\u1ed1ng t\u1ee7 g\u00e2y \u1ea9m m\u1ed1c.<\/p>\n<p><i>M\u1ed7i s\u1ea3n ph\u1ea9m\u00a0<strong><a href=\"https:\/\/grob.com.vn\/\">ph\u1ee5 ki\u1ec7n t\u1ee7 b\u1ebfp<\/a><\/strong>\u00a0\u0111\u1ec1u mang nh\u1eefng \u0111\u1eb7c t\u00ednh v\u00e0 \u01b0u th\u1ebf ri\u00eang. Hy v\u1ecdng, th\u00f4ng tin v\u1ec1 ph\u1ee5 ki\u1ec7n gi\u00e1 b\u00e1t \u0111\u0129a n\u00e2ng h\u1ea1 \u1edf tr\u00ean s\u1ebd h\u1eefu \u00edch v\u00e0 \u0111\u00e1p \u1ee9ng \u0111\u01b0\u1ee3c y\u00eau c\u1ea7u c\u1ee7a gia \u0111\u00ecnh b\u1ea1n.<\/i><\/p>\n<p><a href=\"https:\/\/www.facebook.com\/permalink.php?story_fbid=pfbid04SR5xW38aa28ZDUTfrzwZSSEpQruo3eQMExpwyMMTWeNkF5bEHa8FTLGePfYLLAYl&amp;id=100083382967940\">https:\/\/www.facebook.com\/permalink.php?story_fbid=pfbid04SR5xW38aa28ZDUTfrzwZSSEpQruo3eQMExpwyMMTWeNkF5bEHa8FTLGePfYLLAYl&amp;id=100083382967940<\/a><\/p>\n","protected":false},"excerpt":{"rendered":"<p><span style=\"font-family: 'times new roman', times, serif; font-size: 130%;\">\ud83e\udd70Gi\u00e1 b\u00e1t n\u00e2ng h\u1ea1 h\u1ee3p kim s\u01a1n nano<\/span><\/p>\n<p><span style=\"font-family: 'times new roman', times, serif; font-size: 130%;\"><strong>\ud83e\udd70K\u00edch th\u01b0\u1edbc: r\u1ed9ng x s\u00e2u x cao<\/strong><\/span><\/p>\n<p><span style=\"font-family: 'times new roman', times, serif; font-size: 130%;\">K\u00edch th\u01b0\u1edbc k\u0129 thu\u1eadt- l\u1ecdt l\u00f2ng:<\/span><\/p>\n<p><span style=\"font-family: 'times new roman', times, serif; font-size: 130%;\">+ W565*D280*H650_\u00a0(KT t\u1ee7 \u2013 ph\u1ee7 b\u00ec : 600) : <span style=\"color: #ed1c24;\"><strong>gi\u00e1: 3.223.000\u0111<\/strong><\/span><\/span><\/p>\n<p><span style=\"font-family: 'times new roman', times, serif; font-size: 130%;\">+ W665*D280*H650_(KT t\u1ee7 \u2013 ph\u1ee7 b\u00ec : 700): <span style=\"color: #ed1c24;\"><strong>gi\u00e1: 3.349.000\u0111<\/strong><\/span><\/span><\/p>\n<p><span style=\"font-family: 'times new roman', times, serif; font-size: 130%;\">+ W765*D280*H650_(KT t\u1ee7 \u2013 ph\u1ee7 b\u00ec : 800): <span style=\"color: #ed1c24;\"><strong>gi\u00e1: 3.357.000\u0111<\/strong><\/span><\/span><\/p>\n<p><span style=\"font-family: 'times new roman', times, serif; font-size: 130%;\">+\u00a0W865*D280*H650_(KT t\u1ee7 \u2013 ph\u1ee7 b\u00ec : 900): <strong><span style=\"color: #ed1c24;\">gi\u00e1: 3.566.000\u0111<\/span><\/strong><\/span><\/p>\n<p><span style=\"font-family: 'times new roman', times, serif; font-size: 130%;\">\ud83e\udd70<strong>Ch\u1ea5t li\u1ec7u<\/strong>: h\u1ee3p kim s\u01a1n nano<\/span><\/p>\n<p><span style=\"font-family: 'times new roman', times, serif; font-size: 130%;\"><strong>+ C\u00e1c N\u1ed9i Dung S\u1ea3n Ph\u1ea9m \u0110\u01b0\u1ee3c B\u1ea3o H\u00e0nh:<\/strong><\/span><\/p>\n<ul>\n<li><span style=\"font-family: 'times new roman', times, serif; font-size: 130%;\">Gi\u1ecf b\u1ea3o h\u00e0nh r\u1ec9 s\u00e9t 5 n\u0103m<\/span><\/li>\n<li><span style=\"font-family: 'times new roman', times, serif; font-size: 130%;\">H\u1ec7 th\u1ed1ng khung, ray b\u1ea3o h\u00e0nh 2 n\u0103m<\/span><\/li>\n<\/ul>\n<p><span style=\"font-family: 'times new roman', times, serif; font-size: 130%;\"><strong>+ C\u00e1c Tr\u01b0\u1eddng H\u1ee3p S\u1ea3n Ph\u1ea9m Kh\u00f4ng \u0110\u01b0\u1ee3c B\u1ea3o H\u00e0nh:<\/strong><\/span><\/p>\n<ul>\n<li><span style=\"font-family: 'times new roman', times, serif; font-size: 130%;\"> S\u1ea3n ph\u1ea9m s\u1eed d\u1ee5ng trong m\u00f4i tr\u01b0\u1eddng \u1ea9m \u01b0\u1edbt<\/span><\/li>\n<li><span style=\"font-family: 'times new roman', times, serif; font-size: 130%;\">S\u1ea3n ph\u1ea9m s\u1eed d\u1ee5ng trong m\u00f4i tr\u01b0\u1eddng c\u00f3 axit, \u0111\u1ed9 m\u1eb7n cao<\/span><\/li>\n<li><span style=\"font-family: 'times new roman', times, serif; font-size: 130%;\">\u00a0S\u1ea3n ph\u1ea9m b\u1ecb d\u1eabm \u0111\u1ea1p, l\u00e0m bi\u1ebfn d\u1ea1ng do t\u00e1c \u0111\u1ed9ng b\u00ean ngo\u00e0i<\/span><\/li>\n<\/ul>\n<p><span style=\"font-family: 'times new roman', times, serif; font-size: 130%;\"><strong>\ud83e\udd70\u00a0<em>S<\/em><em>\u1eed d\u1ee5ng chung s\u1ea3n ph\u1ea9m v\u1edbi l\u1eafp \u0111\u1eb7t t\u1ee7 b\u1ebfp s\u1ebd nh\u1eadn \u0111\u01b0\u1ee3c gi\u00e1 \u01b0u \u0111\u00e3i<\/em><\/strong><\/span><\/p>\n","protected":false},"featured_media":6890,"comment_status":"closed","ping_status":"closed","template":"","meta":[],"product_cat":[382,312,266],"product_tag":[],"class_list":{"0":"post-6889","1":"product","2":"type-product","3":"status-publish","4":"has-post-thumbnail","6":"product_cat-phu-kien-nha-bep-phu-kien-tu-bep-thong-minh-gia-bat","7":"product_cat-phu-kien-tu-bep-thong-minh","8":"product_cat-thiet-bi-nha-bep","10":"first","11":"instock","12":"sale","13":"shipping-taxable","14":"purchasable","15":"product-type-simple"},"yoast_head":"<!-- This site is optimized with the Yoast SEO Premium plugin v22.3 (Yoast SEO v22.8) - https:\/\/yoast.com\/wordpress\/plugins\/seo\/ -->\n<title>Gi\u00e1 b\u00e1t n\u00e2ng h\u1ea1 h\u1ee3p kim s\u01a1n nano-TG - V\u1eadt Li\u1ec7u X\u00e2y D\u1ef1ng Tr\u1ea7n Th\u1ecb Chi Nh\u00e1nh Qu\u1ea3ng Nam<\/title>\n<meta name=\"robots\" content=\"index, follow, max-snippet:-1, max-image-preview:large, max-video-preview:-1\" \/>\n<link rel=\"canonical\" href=\"https:\/\/tranthi.vn\/quangnam\/gia-bat-nang-ha-hop-kim-son-nano-tg\/\" \/>\n<meta property=\"og:locale\" content=\"vi_VN\" \/>\n<meta property=\"og:type\" content=\"article\" \/>\n<meta property=\"og:title\" content=\"Gi\u00e1 b\u00e1t n\u00e2ng h\u1ea1 h\u1ee3p kim s\u01a1n nano-TG\" \/>\n<meta property=\"og:description\" content=\"\ud83e\udd70Gi\u00e1 b\u00e1t n\u00e2ng h\u1ea1 h\u1ee3p kim s\u01a1n nano  \ud83e\udd70K\u00edch th\u01b0\u1edbc: r\u1ed9ng x s\u00e2u x cao  K\u00edch th\u01b0\u1edbc k\u0129 thu\u1eadt- l\u1ecdt l\u00f2ng:  + W565*D280*H650_\u00a0(KT t\u1ee7 \u2013 ph\u1ee7 b\u00ec : 600) : gi\u00e1: 3.223.000\u0111  + W665*D280*H650_(KT t\u1ee7 \u2013 ph\u1ee7 b\u00ec : 700): gi\u00e1: 3.349.000\u0111  + W765*D280*H650_(KT t\u1ee7 \u2013 ph\u1ee7 b\u00ec : 800): gi\u00e1: 3.357.000\u0111  +\u00a0W865*D280*H650_(KT t\u1ee7 \u2013 ph\u1ee7 b\u00ec : 900): gi\u00e1: 3.566.000\u0111  \ud83e\udd70Ch\u1ea5t li\u1ec7u: h\u1ee3p kim s\u01a1n nano  + C\u00e1c N\u1ed9i Dung S\u1ea3n Ph\u1ea9m \u0110\u01b0\u1ee3c B\u1ea3o H\u00e0nh:   Gi\u1ecf b\u1ea3o h\u00e0nh r\u1ec9 s\u00e9t 5 n\u0103m  H\u1ec7 th\u1ed1ng khung, ray b\u1ea3o h\u00e0nh 2 n\u0103m  + C\u00e1c Tr\u01b0\u1eddng H\u1ee3p S\u1ea3n Ph\u1ea9m Kh\u00f4ng \u0110\u01b0\u1ee3c B\u1ea3o H\u00e0nh:    S\u1ea3n ph\u1ea9m s\u1eed d\u1ee5ng trong m\u00f4i tr\u01b0\u1eddng \u1ea9m \u01b0\u1edbt  S\u1ea3n ph\u1ea9m s\u1eed d\u1ee5ng trong m\u00f4i tr\u01b0\u1eddng c\u00f3 axit, \u0111\u1ed9 m\u1eb7n cao  \u00a0S\u1ea3n ph\u1ea9m b\u1ecb d\u1eabm \u0111\u1ea1p, l\u00e0m bi\u1ebfn d\u1ea1ng do t\u00e1c \u0111\u1ed9ng b\u00ean ngo\u00e0i  \ud83e\udd70\u00a0S\u1eed d\u1ee5ng chung s\u1ea3n ph\u1ea9m v\u1edbi l\u1eafp \u0111\u1eb7t t\u1ee7 b\u1ebfp s\u1ebd nh\u1eadn \u0111\u01b0\u1ee3c gi\u00e1 \u01b0u \u0111\u00e3i\" \/>\n<meta property=\"og:url\" content=\"https:\/\/tranthi.vn\/quangnam\/gia-bat-nang-ha-hop-kim-son-nano-tg\/\" \/>\n<meta property=\"og:site_name\" content=\"V\u1eadt Li\u1ec7u X\u00e2y D\u1ef1ng Tr\u1ea7n Th\u1ecb Chi Nh\u00e1nh Qu\u1ea3ng Nam\" \/>\n<meta property=\"article:modified_time\" content=\"2024-03-20T03:57:41+00:00\" \/>\n<meta property=\"og:image\" content=\"https:\/\/tranthi.vn\/quangnam\/wp-content\/uploads\/2024\/03\/Gia-bat-nang-ha-hop-kim-son-nano-gia-re-da-nang.jpg\" \/>\n\t<meta property=\"og:image:width\" content=\"210\" \/>\n\t<meta property=\"og:image:height\" content=\"192\" \/>\n\t<meta property=\"og:image:type\" content=\"image\/jpeg\" \/>\n<meta name=\"twitter:card\" content=\"summary_large_image\" \/>\n<meta name=\"twitter:label1\" content=\"Gi\u00e1\" \/>\n\t<meta name=\"twitter:data1\" content=\"3,223,000&nbsp;&#8363;\" \/>\n\t<meta name=\"twitter:label2\" content=\"Kh\u1ea3 d\u1ee5ng\" \/>\n\t<meta name=\"twitter:data2\" content=\"Trong kho\" \/>\n<script type=\"application\/ld+json\" class=\"yoast-schema-graph\">{\"@context\":\"https:\/\/schema.org\",\"@graph\":[{\"@type\":[\"WebPage\",\"ItemPage\"],\"@id\":\"https:\/\/tranthi.vn\/quangnam\/gia-bat-nang-ha-hop-kim-son-nano-tg\/\",\"url\":\"https:\/\/tranthi.vn\/quangnam\/gia-bat-nang-ha-hop-kim-son-nano-tg\/\",\"name\":\"Gi\u00e1 b\u00e1t n\u00e2ng h\u1ea1 h\u1ee3p kim s\u01a1n nano-TG - V\u1eadt Li\u1ec7u X\u00e2y D\u1ef1ng Tr\u1ea7n Th\u1ecb Chi Nh\u00e1nh Qu\u1ea3ng Nam\",\"isPartOf\":{\"@id\":\"https:\/\/tranthi.vn\/quangnam\/#website\"},\"primaryImageOfPage\":{\"@id\":\"https:\/\/tranthi.vn\/quangnam\/gia-bat-nang-ha-hop-kim-son-nano-tg\/#primaryimage\"},\"image\":{\"@id\":\"https:\/\/tranthi.vn\/quangnam\/gia-bat-nang-ha-hop-kim-son-nano-tg\/#primaryimage\"},\"thumbnailUrl\":\"https:\/\/tranthi.vn\/quangnam\/wp-content\/uploads\/2024\/03\/Gia-bat-nang-ha-hop-kim-son-nano-gia-re-da-nang.jpg\",\"datePublished\":\"2024-03-19T07:06:22+00:00\",\"dateModified\":\"2024-03-20T03:57:41+00:00\",\"breadcrumb\":{\"@id\":\"https:\/\/tranthi.vn\/quangnam\/gia-bat-nang-ha-hop-kim-son-nano-tg\/#breadcrumb\"},\"inLanguage\":\"vi\",\"potentialAction\":[{\"@type\":\"ReadAction\",\"target\":[\"https:\/\/tranthi.vn\/quangnam\/gia-bat-nang-ha-hop-kim-son-nano-tg\/\"]}]},{\"@type\":\"ImageObject\",\"inLanguage\":\"vi\",\"@id\":\"https:\/\/tranthi.vn\/quangnam\/gia-bat-nang-ha-hop-kim-son-nano-tg\/#primaryimage\",\"url\":\"https:\/\/tranthi.vn\/quangnam\/wp-content\/uploads\/2024\/03\/Gia-bat-nang-ha-hop-kim-son-nano-gia-re-da-nang.jpg\",\"contentUrl\":\"https:\/\/tranthi.vn\/quangnam\/wp-content\/uploads\/2024\/03\/Gia-bat-nang-ha-hop-kim-son-nano-gia-re-da-nang.jpg\",\"width\":210,\"height\":192},{\"@type\":\"BreadcrumbList\",\"@id\":\"https:\/\/tranthi.vn\/quangnam\/gia-bat-nang-ha-hop-kim-son-nano-tg\/#breadcrumb\",\"itemListElement\":[{\"@type\":\"ListItem\",\"position\":1,\"name\":\"Trang ch\u1ee7\",\"item\":\"https:\/\/tranthi.vn\/quangnam\/\"},{\"@type\":\"ListItem\",\"position\":2,\"name\":\"Shop\",\"item\":\"https:\/\/tranthi.vn\/quangnam\/shop\/\"},{\"@type\":\"ListItem\",\"position\":3,\"name\":\"Gi\u00e1 b\u00e1t n\u00e2ng h\u1ea1 h\u1ee3p kim s\u01a1n nano-TG\"}]},{\"@type\":\"WebSite\",\"@id\":\"https:\/\/tranthi.vn\/quangnam\/#website\",\"url\":\"https:\/\/tranthi.vn\/quangnam\/\",\"name\":\"V\u1eadt Li\u1ec7u X\u00e2y D\u1ef1ng Tr\u1ea7n Th\u1ecb Chi Nh\u00e1nh Qu\u1ea3ng Nam\",\"description\":\"V\u1eadt Li\u1ec7u X\u00e2y D\u1ef1ng - Qu\u1ea3ng Nam\",\"potentialAction\":[{\"@type\":\"SearchAction\",\"target\":{\"@type\":\"EntryPoint\",\"urlTemplate\":\"https:\/\/tranthi.vn\/quangnam\/?s={search_term_string}\"},\"query-input\":\"required name=search_term_string\"}],\"inLanguage\":\"vi\"},{\"@type\":\"ImageObject\",\"inLanguage\":\"vi\",\"@id\":\"https:\/\/tranthi.vn\/quangnam\/gia-bat-nang-ha-hop-kim-son-nano-tg\/#local-main-organization-logo\",\"url\":\"\",\"contentUrl\":\"\",\"caption\":\"V\u1eadt Li\u1ec7u X\u00e2y D\u1ef1ng Tr\u1ea7n Th\u1ecb Chi Nh\u00e1nh Qu\u1ea3ng Nam\"}]}<\/script>\n<meta property=\"product:price:amount\" content=\"3223000\" \/>\n<meta property=\"product:price:currency\" content=\"VND\" \/>\n<meta property=\"og:availability\" content=\"instock\" \/>\n<meta property=\"product:availability\" content=\"instock\" \/>\n<meta property=\"product:condition\" content=\"new\" \/>\n<!-- \/ Yoast SEO Premium plugin. -->","yoast_head_json":{"title":"Gi\u00e1 b\u00e1t n\u00e2ng h\u1ea1 h\u1ee3p kim s\u01a1n nano-TG - V\u1eadt Li\u1ec7u X\u00e2y D\u1ef1ng Tr\u1ea7n Th\u1ecb Chi Nh\u00e1nh Qu\u1ea3ng Nam","robots":{"index":"index","follow":"follow","max-snippet":"max-snippet:-1","max-image-preview":"max-image-preview:large","max-video-preview":"max-video-preview:-1"},"canonical":"https:\/\/tranthi.vn\/quangnam\/gia-bat-nang-ha-hop-kim-son-nano-tg\/","og_locale":"vi_VN","og_type":"article","og_title":"Gi\u00e1 b\u00e1t n\u00e2ng h\u1ea1 h\u1ee3p kim s\u01a1n nano-TG","og_description":"\ud83e\udd70Gi\u00e1 b\u00e1t n\u00e2ng h\u1ea1 h\u1ee3p kim s\u01a1n nano  \ud83e\udd70K\u00edch th\u01b0\u1edbc: r\u1ed9ng x s\u00e2u x cao  K\u00edch th\u01b0\u1edbc k\u0129 thu\u1eadt- l\u1ecdt l\u00f2ng:  + W565*D280*H650_\u00a0(KT t\u1ee7 \u2013 ph\u1ee7 b\u00ec : 600) : gi\u00e1: 3.223.000\u0111  + W665*D280*H650_(KT t\u1ee7 \u2013 ph\u1ee7 b\u00ec : 700): gi\u00e1: 3.349.000\u0111  + W765*D280*H650_(KT t\u1ee7 \u2013 ph\u1ee7 b\u00ec : 800): gi\u00e1: 3.357.000\u0111  +\u00a0W865*D280*H650_(KT t\u1ee7 \u2013 ph\u1ee7 b\u00ec : 900): gi\u00e1: 3.566.000\u0111  \ud83e\udd70Ch\u1ea5t li\u1ec7u: h\u1ee3p kim s\u01a1n nano  + C\u00e1c N\u1ed9i Dung S\u1ea3n Ph\u1ea9m \u0110\u01b0\u1ee3c B\u1ea3o H\u00e0nh:   Gi\u1ecf b\u1ea3o h\u00e0nh r\u1ec9 s\u00e9t 5 n\u0103m  H\u1ec7 th\u1ed1ng khung, ray b\u1ea3o h\u00e0nh 2 n\u0103m  + C\u00e1c Tr\u01b0\u1eddng H\u1ee3p S\u1ea3n Ph\u1ea9m Kh\u00f4ng \u0110\u01b0\u1ee3c B\u1ea3o H\u00e0nh:    S\u1ea3n ph\u1ea9m s\u1eed d\u1ee5ng trong m\u00f4i tr\u01b0\u1eddng \u1ea9m \u01b0\u1edbt  S\u1ea3n ph\u1ea9m s\u1eed d\u1ee5ng trong m\u00f4i tr\u01b0\u1eddng c\u00f3 axit, \u0111\u1ed9 m\u1eb7n cao  \u00a0S\u1ea3n ph\u1ea9m b\u1ecb d\u1eabm \u0111\u1ea1p, l\u00e0m bi\u1ebfn d\u1ea1ng do t\u00e1c \u0111\u1ed9ng b\u00ean ngo\u00e0i  \ud83e\udd70\u00a0S\u1eed d\u1ee5ng chung s\u1ea3n ph\u1ea9m v\u1edbi l\u1eafp \u0111\u1eb7t t\u1ee7 b\u1ebfp s\u1ebd nh\u1eadn \u0111\u01b0\u1ee3c gi\u00e1 \u01b0u \u0111\u00e3i","og_url":"https:\/\/tranthi.vn\/quangnam\/gia-bat-nang-ha-hop-kim-son-nano-tg\/","og_site_name":"V\u1eadt Li\u1ec7u X\u00e2y D\u1ef1ng Tr\u1ea7n Th\u1ecb Chi Nh\u00e1nh Qu\u1ea3ng Nam","article_modified_time":"2024-03-20T03:57:41+00:00","og_image":[{"width":210,"height":192,"url":"https:\/\/tranthi.vn\/quangnam\/wp-content\/uploads\/2024\/03\/Gia-bat-nang-ha-hop-kim-son-nano-gia-re-da-nang.jpg","type":"image\/jpeg"}],"twitter_card":"summary_large_image","twitter_misc":{"Gi\u00e1":"3,223,000&nbsp;&#8363;","Kh\u1ea3 d\u1ee5ng":"Trong kho"},"schema":{"@context":"https:\/\/schema.org","@graph":[{"@type":["WebPage","ItemPage"],"@id":"https:\/\/tranthi.vn\/quangnam\/gia-bat-nang-ha-hop-kim-son-nano-tg\/","url":"https:\/\/tranthi.vn\/quangnam\/gia-bat-nang-ha-hop-kim-son-nano-tg\/","name":"Gi\u00e1 b\u00e1t n\u00e2ng h\u1ea1 h\u1ee3p kim s\u01a1n nano-TG - V\u1eadt Li\u1ec7u X\u00e2y D\u1ef1ng Tr\u1ea7n Th\u1ecb Chi Nh\u00e1nh Qu\u1ea3ng Nam","isPartOf":{"@id":"https:\/\/tranthi.vn\/quangnam\/#website"},"primaryImageOfPage":{"@id":"https:\/\/tranthi.vn\/quangnam\/gia-bat-nang-ha-hop-kim-son-nano-tg\/#primaryimage"},"image":{"@id":"https:\/\/tranthi.vn\/quangnam\/gia-bat-nang-ha-hop-kim-son-nano-tg\/#primaryimage"},"thumbnailUrl":"https:\/\/tranthi.vn\/quangnam\/wp-content\/uploads\/2024\/03\/Gia-bat-nang-ha-hop-kim-son-nano-gia-re-da-nang.jpg","datePublished":"2024-03-19T07:06:22+00:00","dateModified":"2024-03-20T03:57:41+00:00","breadcrumb":{"@id":"https:\/\/tranthi.vn\/quangnam\/gia-bat-nang-ha-hop-kim-son-nano-tg\/#breadcrumb"},"inLanguage":"vi","potentialAction":[{"@type":"ReadAction","target":["https:\/\/tranthi.vn\/quangnam\/gia-bat-nang-ha-hop-kim-son-nano-tg\/"]}]},{"@type":"ImageObject","inLanguage":"vi","@id":"https:\/\/tranthi.vn\/quangnam\/gia-bat-nang-ha-hop-kim-son-nano-tg\/#primaryimage","url":"https:\/\/tranthi.vn\/quangnam\/wp-content\/uploads\/2024\/03\/Gia-bat-nang-ha-hop-kim-son-nano-gia-re-da-nang.jpg","contentUrl":"https:\/\/tranthi.vn\/quangnam\/wp-content\/uploads\/2024\/03\/Gia-bat-nang-ha-hop-kim-son-nano-gia-re-da-nang.jpg","width":210,"height":192},{"@type":"BreadcrumbList","@id":"https:\/\/tranthi.vn\/quangnam\/gia-bat-nang-ha-hop-kim-son-nano-tg\/#breadcrumb","itemListElement":[{"@type":"ListItem","position":1,"name":"Trang ch\u1ee7","item":"https:\/\/tranthi.vn\/quangnam\/"},{"@type":"ListItem","position":2,"name":"Shop","item":"https:\/\/tranthi.vn\/quangnam\/shop\/"},{"@type":"ListItem","position":3,"name":"Gi\u00e1 b\u00e1t n\u00e2ng h\u1ea1 h\u1ee3p kim s\u01a1n nano-TG"}]},{"@type":"WebSite","@id":"https:\/\/tranthi.vn\/quangnam\/#website","url":"https:\/\/tranthi.vn\/quangnam\/","name":"V\u1eadt Li\u1ec7u X\u00e2y D\u1ef1ng Tr\u1ea7n Th\u1ecb Chi Nh\u00e1nh Qu\u1ea3ng Nam","description":"V\u1eadt Li\u1ec7u X\u00e2y D\u1ef1ng - Qu\u1ea3ng Nam","potentialAction":[{"@type":"SearchAction","target":{"@type":"EntryPoint","urlTemplate":"https:\/\/tranthi.vn\/quangnam\/?s={search_term_string}"},"query-input":"required name=search_term_string"}],"inLanguage":"vi"},{"@type":"ImageObject","inLanguage":"vi","@id":"https:\/\/tranthi.vn\/quangnam\/gia-bat-nang-ha-hop-kim-son-nano-tg\/#local-main-organization-logo","url":"","contentUrl":"","caption":"V\u1eadt Li\u1ec7u X\u00e2y D\u1ef1ng Tr\u1ea7n Th\u1ecb Chi Nh\u00e1nh Qu\u1ea3ng Nam"}]},"product_price_amount":"3223000","product_price_currency":"VND","og_availability":"instock","product_availability":"instock","product_condition":"new"},"_links":{"self":[{"href":"https:\/\/tranthi.vn\/quangnam\/wp-json\/wp\/v2\/product\/6889","targetHints":{"allow":["GET"]}}],"collection":[{"href":"https:\/\/tranthi.vn\/quangnam\/wp-json\/wp\/v2\/product"}],"about":[{"href":"https:\/\/tranthi.vn\/quangnam\/wp-json\/wp\/v2\/types\/product"}],"replies":[{"embeddable":true,"href":"https:\/\/tranthi.vn\/quangnam\/wp-json\/wp\/v2\/comments?post=6889"}],"wp:featuredmedia":[{"embeddable":true,"href":"https:\/\/tranthi.vn\/quangnam\/wp-json\/wp\/v2\/media\/6890"}],"wp:attachment":[{"href":"https:\/\/tranthi.vn\/quangnam\/wp-json\/wp\/v2\/media?parent=6889"}],"wp:term":[{"taxonomy":"product_cat","embeddable":true,"href":"https:\/\/tranthi.vn\/quangnam\/wp-json\/wp\/v2\/product_cat?post=6889"},{"taxonomy":"product_tag","embeddable":true,"href":"https:\/\/tranthi.vn\/quangnam\/wp-json\/wp\/v2\/product_tag?post=6889"}],"curies":[{"name":"wp","href":"https:\/\/api.w.org\/{rel}","templated":true}]}}