{"id":6810,"date":"2024-03-14T17:02:37","date_gmt":"2024-03-14T10:02:37","guid":{"rendered":"https:\/\/tranthi.vn\/quangnam\/?post_type=product&#038;p=6810"},"modified":"2024-11-15T11:13:10","modified_gmt":"2024-11-15T04:13:10","slug":"kinh-mau-op-bep-hoi-an-tam-ky-quang-nam","status":"publish","type":"product","link":"https:\/\/tranthi.vn\/quangnam\/kinh-mau-op-bep-hoi-an-tam-ky-quang-nam\/","title":{"rendered":"K\u00ednh m\u00e0u \u1ed1p b\u1ebfp"},"content":{"rendered":"<h1 style=\"text-align: center;\"><span style=\"font-family: 'times new roman', times, serif; font-size: 120%;\"><strong>Kh\u00e1m Ph\u00e1 S\u1ee9c H\u00fat c\u1ee7a K\u00ednh M\u00e0u \u1ed0p B\u1ebfp t\u1ea1i H\u1ed9i An-Tam K\u1ef3-Qu\u1ea3ng Nam<\/strong><\/span><\/h1>\n<h3><span style=\"font-family: 'times new roman', times, serif; font-size: 120%;\">Tr\u1ea3i qua nhi\u1ec1u n\u0103m ph\u00e1t tri\u1ec3n, ng\u00e0nh thi\u1ebft k\u1ebf n\u1ed9i th\u1ea5t kh\u00f4ng ng\u1eebng \u0111\u1ed5i m\u1edbi v\u00e0 c\u1eadp nh\u1eadt xu h\u01b0\u1edbng \u0111\u1ec3 mang l\u1ea1i kh\u00f4ng gian s\u1ed1ng \u0111\u1eb9p m\u1eaft v\u00e0 ti\u1ec7n nghi cho gia \u0111\u00ecnh. Trong \u0111\u00f3, k\u00ednh m\u00e0u \u1ed1p b\u1ebfp \u0111\u00e3 tr\u1edf th\u00e0nh m\u1ed9t trong nh\u1eefng l\u1ef1a ch\u1ecdn h\u00e0ng \u0111\u1ea7u kh\u00f4ng ch\u1ec9 \u1edf <a href=\"https:\/\/vi.wikipedia.org\/wiki\/Qu%E1%BA%A3ng_Nam\">Qu\u1ea3ng Nam<\/a>\u00a0m\u00e0 c\u00f2n \u1edf kh\u1eafp n\u01a1i tr\u00ean th\u1ebf gi\u1edbi. V\u1edbi s\u1ef1 k\u1ebft h\u1ee3p gi\u1eefa t\u00ednh th\u1ea9m m\u1ef9 v\u00e0 t\u00ednh \u1ee9ng d\u1ee5ng cao, k\u00ednh m\u00e0u \u1ed1p b\u1ebfp kh\u00f4ng ch\u1ec9 l\u00e0m cho kh\u00f4ng gian b\u1ebfp tr\u1edf n\u00ean sang tr\u1ecdng m\u00e0 c\u00f2n t\u1ea1o \u0111i\u1ec3m nh\u1ea5n \u0111\u1ed9c \u0111\u00e1o, thu h\u00fat m\u1ecdi \u00e1nh nh\u00ecn.<\/span><\/h3>\n<figure id=\"attachment_7760\" aria-describedby=\"caption-attachment-7760\" style=\"width: 1006px\" class=\"wp-caption aligncenter\"><img loading=\"lazy\" decoding=\"async\" class=\"wp-image-7760 \" src=\"https:\/\/tranthi.vn\/quangnam\/wp-content\/uploads\/2024\/03\/tranh-kinh-op-bep-tai-tam-ky-hoi-an-quang-nam.jpg\" alt=\"tranh k\u00ednh \u1ed1p b\u1ebfp t\u1ea1i tam k\u1ef3- h\u1ed9i an- qu\u1ea3ng nam\" width=\"1006\" height=\"738\" srcset=\"https:\/\/tranthi.vn\/quangnam\/wp-content\/uploads\/2024\/03\/tranh-kinh-op-bep-tai-tam-ky-hoi-an-quang-nam.jpg 1200w, https:\/\/tranthi.vn\/quangnam\/wp-content\/uploads\/2024\/03\/tranh-kinh-op-bep-tai-tam-ky-hoi-an-quang-nam-768x564.jpg 768w, https:\/\/tranthi.vn\/quangnam\/wp-content\/uploads\/2024\/03\/tranh-kinh-op-bep-tai-tam-ky-hoi-an-quang-nam-800x587.jpg 800w\" sizes=\"auto, (max-width: 1006px) 100vw, 1006px\" \/><figcaption id=\"caption-attachment-7760\" class=\"wp-caption-text\">tranh k\u00ednh \u1ed1p b\u1ebfp t\u1ea1i tam k\u1ef3- h\u1ed9i an- qu\u1ea3ng nam<\/figcaption><\/figure>\n<h1><span style=\"font-family: 'times new roman', times, serif; font-size: 120%;\"><strong>S\u1ef1 \u0110a D\u1ea1ng v\u1ec1 M\u00e0u S\u1eafc v\u00e0 Thi\u1ebft K\u1ebf<\/strong><\/span><\/h1>\n<ul>\n<li>\n<h3><span style=\"font-family: 'times new roman', times, serif; font-size: 120%;\">M\u1ed9t trong nh\u1eefng \u0111i\u1ec3m m\u1ea1nh c\u1ee7a <em><strong>k\u00ednh m\u00e0u \u1ed1p b\u1ebfp<\/strong><\/em> l\u00e0 s\u1ef1 \u0111a d\u1ea1ng v\u1ec1 m\u00e0u s\u1eafc v\u00e0 thi\u1ebft k\u1ebf.<\/span><\/h3>\n<\/li>\n<li>\n<h3><span style=\"font-family: 'times new roman', times, serif; font-size: 120%;\"> V\u1edbi c\u00f4ng ngh\u1ec7 in \u1ea5n hi\u1ec7n \u0111\u1ea1i, kh\u00e1ch h\u00e0ng c\u00f3 th\u1ec3 l\u1ef1a ch\u1ecdn cho m\u00ecnh m\u1eabu \u1ed1p b\u1ebfp ph\u1ea3n chi\u1ebfu \u0111\u1eb9p m\u1eaft v\u1edbi c\u00e1c h\u1ecda ti\u1ebft, m\u00e0u s\u1eafc phong ph\u00fa. <\/span><\/h3>\n<\/li>\n<li>\n<h3><span style=\"font-family: 'times new roman', times, serif; font-size: 120%;\">T\u1eeb nh\u1eefng gam m\u00e0u trung t\u00ednh nh\u01b0 tr\u1eafng, \u0111en, x\u00e1m cho \u0111\u1ebfn nh\u1eefng m\u00e0u s\u1eafc t\u01b0\u01a1i s\u00e1ng nh\u01b0 \u0111\u1ecf, xanh d\u01b0\u01a1ng, v\u00e0ng, k\u00ednh m\u00e0u \u1ed1p b\u1ebfp mang l\u1ea1i nhi\u1ec1u l\u1ef1a ch\u1ecdn cho m\u1ecdi phong c\u00e1ch thi\u1ebft k\u1ebf n\u1ed9i th\u1ea5t.<\/span><\/h3>\n<\/li>\n<\/ul>\n<p style=\"text-align: center;\"><iframe loading=\"lazy\" src=\"\/\/www.youtube.com\/embed\/RwSn7V00ydo\" width=\"560\" height=\"314\" allowfullscreen=\"allowfullscreen\"><\/iframe><\/p>\n<h1><span style=\"font-family: 'times new roman', times, serif; font-size: 120%;\"><strong>T\u00ednh \u1ee8ng D\u1ee5ng v\u00e0 D\u1ec5 D\u00e0ng V\u1ec7 Sinh<\/strong><\/span><\/h1>\n<h3><span style=\"font-family: 'times new roman', times, serif; font-size: 120%;\">Kh\u00f4ng ch\u1ec9 l\u00e0 m\u1ed9t v\u1eadt trang tr\u00ed, <em>k\u00ednh<\/em> m\u00e0u \u1ed1p b\u1ebfp c\u00f2n c\u00f3 t\u00ednh \u1ee9ng d\u1ee5ng cao. V\u1edbi t\u00ednh ch\u1ea5t ch\u1ed1ng n\u01b0\u1edbc, ch\u1ed1ng b\u00e1m b\u1ea9n, vi\u1ec7c v\u1ec7 sinh v\u00e0 b\u1ea3o qu\u1ea3n k\u00ednh m\u00e0u \u1ed1p b\u1ebfp tr\u1edf n\u00ean d\u1ec5 d\u00e0ng h\u01a1n bao gi\u1edd h\u1ebft. B\u1ec1 m\u1eb7t ph\u1eb3ng m\u1ecbn c\u1ee7a k\u00ednh gi\u00fap vi\u1ec7c lau ch\u00f9i tr\u1edf n\u00ean nhanh ch\u00f3ng v\u00e0 thu\u1eadn ti\u1ec7n, \u0111\u1ed3ng th\u1eddi c\u0169ng \u0111\u1ea3m b\u1ea3o s\u1ef1 s\u1ea1ch s\u1ebd v\u00e0 v\u1ec7 sinh an to\u00e0n cho gia \u0111\u00ecnh.<\/span><\/h3>\n<p style=\"text-align: center;\"><iframe loading=\"lazy\" src=\"\/\/www.youtube.com\/embed\/wN5Wj4RCCk8\" width=\"560\" height=\"314\" allowfullscreen=\"allowfullscreen\"><\/iframe><\/p>\n<h1><span style=\"font-family: 'times new roman', times, serif; font-size: 120%;\"><strong>S\u1ef1 L\u1ef1a Ch\u1ecdn H\u1ee3p L\u00fd cho Gia \u0110\u00ecnh \u1edf <a href=\"https:\/\/vi.wikipedia.org\/wiki\/Qu%E1%BA%A3ng_Nam\">Qu\u1ea3ng Nam<\/a><\/strong><\/span><\/h1>\n<h3><span style=\"font-family: 'times new roman', times, serif; font-size: 120%;\">V\u1edbi kh\u00ed h\u1eadu nhi\u1ec7t \u0111\u1edbi \u1ea9m c\u1ee7a <em>Qu\u1ea3ng Nam<\/em>, vi\u1ec7c l\u1ef1a ch\u1ecdn v\u1eadt li\u1ec7u \u1ed1p b\u1ebfp ph\u00f9 h\u1ee3p l\u00e0 \u0111i\u1ec1u v\u00f4 c\u00f9ng quan tr\u1ecdng. K\u00ednh m\u00e0u <em>\u1ed1p b\u1ebfp<\/em> kh\u00f4ng ch\u1ec9 \u0111\u00e1p \u1ee9ng \u0111\u01b0\u1ee3c y\u00eau c\u1ea7u v\u1ec1 t\u00ednh th\u1ea9m m\u1ef9 m\u00e0 c\u00f2n mang l\u1ea1i t\u00ednh ti\u1ec7n d\u1ee5ng cao v\u00e0 kh\u1ea3 n\u0103ng ch\u1ecbu nhi\u1ec7t t\u1ed1t. \u0110\u1eb7c bi\u1ec7t, v\u1edbi kh\u1ea3 n\u0103ng ch\u1ed1ng \u1ea9m m\u1ed1c, k\u00ednh m\u00e0u \u1ed1p b\u1ebfp l\u00e0 s\u1ef1 l\u1ef1a ch\u1ecdn l\u00fd t\u01b0\u1edfng cho m\u1ecdi gia \u0111\u00ecnh \u1edf <b><i>Qu\u1ea3ng Nam<\/i><\/b>, gi\u00fap kh\u00f4ng gian b\u1ebfp tr\u1edf n\u00ean s\u00e1ng s\u1ee7a, th\u00f4ng tho\u00e1<\/span><\/h3>\n<figure id=\"attachment_7761\" aria-describedby=\"caption-attachment-7761\" style=\"width: 423px\" class=\"wp-caption aligncenter\"><img loading=\"lazy\" decoding=\"async\" class=\" wp-image-7761\" src=\"https:\/\/tranthi.vn\/quangnam\/wp-content\/uploads\/2024\/03\/tranh-kinh-op-bep-tai-tam-ky-hoi-an-quang-nam-1.jpg\" alt=\"tranh k\u00ednh \u1ed1p b\u1ebfp t\u1ea1i tam k\u1ef3- h\u1ed9i an- qu\u1ea3ng nam\" width=\"423\" height=\"317\" \/><figcaption id=\"caption-attachment-7761\" class=\"wp-caption-text\">tranh k\u00ednh \u1ed1p b\u1ebfp t\u1ea1i tam k\u1ef3- h\u1ed9i an- qu\u1ea3ng nam<\/figcaption><\/figure>\n","protected":false},"excerpt":{"rendered":"<p>Kh\u00e1m Ph\u00e1 S\u1ee9c H\u00fat c\u1ee7a K\u00ednh M\u00e0u \u1ed0p B\u1ebfp t\u1ea1i H\u1ed9i An-Tam K\u1ef3-Qu\u1ea3ng Nam Tr\u1ea3i qua nhi\u1ec1u n\u0103m ph\u00e1t tri\u1ec3n, ng\u00e0nh thi\u1ebft k\u1ebf n\u1ed9i th\u1ea5t kh\u00f4ng ng\u1eebng \u0111\u1ed5i m\u1edbi v\u00e0 c\u1eadp nh\u1eadt xu h\u01b0\u1edbng \u0111\u1ec3 mang l\u1ea1i kh\u00f4ng gian s\u1ed1ng \u0111\u1eb9p m\u1eaft v\u00e0 ti\u1ec7n nghi cho gia \u0111\u00ecnh. Trong \u0111\u00f3, k\u00ednh m\u00e0u \u1ed1p b\u1ebfp \u0111\u00e3 [&#8230;]\n","protected":false},"featured_media":6813,"comment_status":"closed","ping_status":"closed","template":"","meta":[],"product_cat":[322,418],"product_tag":[],"class_list":{"0":"post-6810","1":"product","2":"type-product","3":"status-publish","4":"has-post-thumbnail","6":"product_cat-tranh-kinh-op-bep","7":"product_cat-tranh-kinh-op-bep-mau","9":"first","10":"instock","11":"sale","12":"shipping-taxable","13":"purchasable","14":"product-type-simple"},"yoast_head":"<!-- This site is optimized with the Yoast SEO Premium plugin v22.3 (Yoast SEO v22.8) - https:\/\/yoast.com\/wordpress\/plugins\/seo\/ -->\n<title>K\u00ednh m\u00e0u \u1ed1p b\u1ebfp Qu\u1ea3ng Nam-0947.335.871 Tr\u1ea7n Th\u1ecb<\/title>\n<meta name=\"description\" content=\"Tr\u1ea7n Th\u1ecb l\u00e0 \u0111\u01a1n v\u1ecb th\u01b0\u01a1ng m\u1ea1i v\u1ec1 k\u00ednh \u1ed1p b\u1ebfp v\u00e0 c\u00e1c lo\u1ea1i tranh v\u1ec1 k\u00ednh b\u1ebfp , t\u00f9y theo s\u1ed1 l\u01b0\u1ee3ng v\u00e0 gi\u00e1 c\u1ea3 c\u00f3 kh\u00e1c nhau. Web: Tranthi.vn\" \/>\n<meta name=\"robots\" content=\"index, follow, max-snippet:-1, max-image-preview:large, max-video-preview:-1\" \/>\n<link rel=\"canonical\" href=\"https:\/\/tranthi.vn\/quangnam\/kinh-mau-op-bep-hoi-an-tam-ky-quang-nam\/\" \/>\n<meta property=\"og:locale\" content=\"vi_VN\" \/>\n<meta property=\"og:type\" content=\"article\" \/>\n<meta property=\"og:title\" content=\"K\u00ednh m\u00e0u \u1ed1p b\u1ebfp\" \/>\n<meta property=\"og:description\" content=\"Tr\u1ea7n Th\u1ecb l\u00e0 \u0111\u01a1n v\u1ecb th\u01b0\u01a1ng m\u1ea1i v\u1ec1 k\u00ednh \u1ed1p b\u1ebfp v\u00e0 c\u00e1c lo\u1ea1i tranh v\u1ec1 k\u00ednh b\u1ebfp , t\u00f9y theo s\u1ed1 l\u01b0\u1ee3ng v\u00e0 gi\u00e1 c\u1ea3 c\u00f3 kh\u00e1c nhau. Web: Tranthi.vn\" \/>\n<meta property=\"og:url\" content=\"https:\/\/tranthi.vn\/quangnam\/kinh-mau-op-bep-hoi-an-tam-ky-quang-nam\/\" \/>\n<meta property=\"og:site_name\" content=\"V\u1eadt Li\u1ec7u X\u00e2y D\u1ef1ng Tr\u1ea7n Th\u1ecb Chi Nh\u00e1nh Qu\u1ea3ng Nam\" \/>\n<meta property=\"article:modified_time\" content=\"2024-11-15T04:13:10+00:00\" \/>\n<meta property=\"og:image\" content=\"https:\/\/tranthi.vn\/quangnam\/wp-content\/uploads\/2024\/03\/bang-mau-kinh-op-bep-da-nang-1.jpg\" \/>\n\t<meta property=\"og:image:width\" content=\"1200\" \/>\n\t<meta property=\"og:image:height\" content=\"881\" \/>\n\t<meta property=\"og:image:type\" content=\"image\/jpeg\" \/>\n<meta name=\"twitter:card\" content=\"summary_large_image\" \/>\n<meta name=\"twitter:label1\" content=\"Gi\u00e1\" \/>\n\t<meta name=\"twitter:data1\" content=\"64,000&nbsp;&#8363;\" \/>\n\t<meta name=\"twitter:label2\" content=\"Kh\u1ea3 d\u1ee5ng\" \/>\n\t<meta name=\"twitter:data2\" content=\"Trong kho\" \/>\n<script type=\"application\/ld+json\" class=\"yoast-schema-graph\">{\"@context\":\"https:\/\/schema.org\",\"@graph\":[{\"@type\":[\"WebPage\",\"ItemPage\"],\"@id\":\"https:\/\/tranthi.vn\/quangnam\/kinh-mau-op-bep-hoi-an-tam-ky-quang-nam\/\",\"url\":\"https:\/\/tranthi.vn\/quangnam\/kinh-mau-op-bep-hoi-an-tam-ky-quang-nam\/\",\"name\":\"K\u00ednh m\u00e0u \u1ed1p b\u1ebfp Qu\u1ea3ng Nam-0947.335.871 Tr\u1ea7n Th\u1ecb\",\"isPartOf\":{\"@id\":\"https:\/\/tranthi.vn\/quangnam\/#website\"},\"primaryImageOfPage\":{\"@id\":\"https:\/\/tranthi.vn\/quangnam\/kinh-mau-op-bep-hoi-an-tam-ky-quang-nam\/#primaryimage\"},\"image\":{\"@id\":\"https:\/\/tranthi.vn\/quangnam\/kinh-mau-op-bep-hoi-an-tam-ky-quang-nam\/#primaryimage\"},\"thumbnailUrl\":\"https:\/\/tranthi.vn\/quangnam\/wp-content\/uploads\/2024\/03\/bang-mau-kinh-op-bep-da-nang-1.jpg\",\"datePublished\":\"2024-03-14T10:02:37+00:00\",\"dateModified\":\"2024-11-15T04:13:10+00:00\",\"description\":\"Tr\u1ea7n Th\u1ecb l\u00e0 \u0111\u01a1n v\u1ecb th\u01b0\u01a1ng m\u1ea1i v\u1ec1 k\u00ednh \u1ed1p b\u1ebfp v\u00e0 c\u00e1c lo\u1ea1i tranh v\u1ec1 k\u00ednh b\u1ebfp , t\u00f9y theo s\u1ed1 l\u01b0\u1ee3ng v\u00e0 gi\u00e1 c\u1ea3 c\u00f3 kh\u00e1c nhau. Web: Tranthi.vn\",\"breadcrumb\":{\"@id\":\"https:\/\/tranthi.vn\/quangnam\/kinh-mau-op-bep-hoi-an-tam-ky-quang-nam\/#breadcrumb\"},\"inLanguage\":\"vi\",\"potentialAction\":[{\"@type\":\"ReadAction\",\"target\":[\"https:\/\/tranthi.vn\/quangnam\/kinh-mau-op-bep-hoi-an-tam-ky-quang-nam\/\"]}]},{\"@type\":\"ImageObject\",\"inLanguage\":\"vi\",\"@id\":\"https:\/\/tranthi.vn\/quangnam\/kinh-mau-op-bep-hoi-an-tam-ky-quang-nam\/#primaryimage\",\"url\":\"https:\/\/tranthi.vn\/quangnam\/wp-content\/uploads\/2024\/03\/bang-mau-kinh-op-bep-da-nang-1.jpg\",\"contentUrl\":\"https:\/\/tranthi.vn\/quangnam\/wp-content\/uploads\/2024\/03\/bang-mau-kinh-op-bep-da-nang-1.jpg\",\"width\":1200,\"height\":881,\"caption\":\"b\u1ea3ng-m\u00e0u-k\u00ednh-\u1ed1p-b\u1ebfp-\u0111\u00e0-n\u1eb5ng\"},{\"@type\":\"BreadcrumbList\",\"@id\":\"https:\/\/tranthi.vn\/quangnam\/kinh-mau-op-bep-hoi-an-tam-ky-quang-nam\/#breadcrumb\",\"itemListElement\":[{\"@type\":\"ListItem\",\"position\":1,\"name\":\"Trang ch\u1ee7\",\"item\":\"https:\/\/tranthi.vn\/quangnam\/\"},{\"@type\":\"ListItem\",\"position\":2,\"name\":\"Shop\",\"item\":\"https:\/\/tranthi.vn\/quangnam\/shop\/\"},{\"@type\":\"ListItem\",\"position\":3,\"name\":\"K\u00ednh m\u00e0u \u1ed1p b\u1ebfp\"}]},{\"@type\":\"WebSite\",\"@id\":\"https:\/\/tranthi.vn\/quangnam\/#website\",\"url\":\"https:\/\/tranthi.vn\/quangnam\/\",\"name\":\"V\u1eadt Li\u1ec7u X\u00e2y D\u1ef1ng Tr\u1ea7n Th\u1ecb Chi Nh\u00e1nh Qu\u1ea3ng Nam\",\"description\":\"V\u1eadt Li\u1ec7u X\u00e2y D\u1ef1ng - Qu\u1ea3ng Nam\",\"potentialAction\":[{\"@type\":\"SearchAction\",\"target\":{\"@type\":\"EntryPoint\",\"urlTemplate\":\"https:\/\/tranthi.vn\/quangnam\/?s={search_term_string}\"},\"query-input\":\"required name=search_term_string\"}],\"inLanguage\":\"vi\"},{\"@type\":\"ImageObject\",\"inLanguage\":\"vi\",\"@id\":\"https:\/\/tranthi.vn\/quangnam\/kinh-mau-op-bep-hoi-an-tam-ky-quang-nam\/#local-main-organization-logo\",\"url\":\"\",\"contentUrl\":\"\",\"caption\":\"V\u1eadt Li\u1ec7u X\u00e2y D\u1ef1ng Tr\u1ea7n Th\u1ecb Chi Nh\u00e1nh Qu\u1ea3ng Nam\"}]}<\/script>\n<meta property=\"product:price:amount\" content=\"64000\" \/>\n<meta property=\"product:price:currency\" content=\"VND\" \/>\n<meta property=\"og:availability\" content=\"instock\" \/>\n<meta property=\"product:availability\" content=\"instock\" \/>\n<meta property=\"product:condition\" content=\"new\" \/>\n<!-- \/ Yoast SEO Premium plugin. -->","yoast_head_json":{"title":"K\u00ednh m\u00e0u \u1ed1p b\u1ebfp Qu\u1ea3ng Nam-0947.335.871 Tr\u1ea7n Th\u1ecb","description":"Tr\u1ea7n Th\u1ecb l\u00e0 \u0111\u01a1n v\u1ecb th\u01b0\u01a1ng m\u1ea1i v\u1ec1 k\u00ednh \u1ed1p b\u1ebfp v\u00e0 c\u00e1c lo\u1ea1i tranh v\u1ec1 k\u00ednh b\u1ebfp , t\u00f9y theo s\u1ed1 l\u01b0\u1ee3ng v\u00e0 gi\u00e1 c\u1ea3 c\u00f3 kh\u00e1c nhau. Web: Tranthi.vn","robots":{"index":"index","follow":"follow","max-snippet":"max-snippet:-1","max-image-preview":"max-image-preview:large","max-video-preview":"max-video-preview:-1"},"canonical":"https:\/\/tranthi.vn\/quangnam\/kinh-mau-op-bep-hoi-an-tam-ky-quang-nam\/","og_locale":"vi_VN","og_type":"article","og_title":"K\u00ednh m\u00e0u \u1ed1p b\u1ebfp","og_description":"Tr\u1ea7n Th\u1ecb l\u00e0 \u0111\u01a1n v\u1ecb th\u01b0\u01a1ng m\u1ea1i v\u1ec1 k\u00ednh \u1ed1p b\u1ebfp v\u00e0 c\u00e1c lo\u1ea1i tranh v\u1ec1 k\u00ednh b\u1ebfp , t\u00f9y theo s\u1ed1 l\u01b0\u1ee3ng v\u00e0 gi\u00e1 c\u1ea3 c\u00f3 kh\u00e1c nhau. Web: Tranthi.vn","og_url":"https:\/\/tranthi.vn\/quangnam\/kinh-mau-op-bep-hoi-an-tam-ky-quang-nam\/","og_site_name":"V\u1eadt Li\u1ec7u X\u00e2y D\u1ef1ng Tr\u1ea7n Th\u1ecb Chi Nh\u00e1nh Qu\u1ea3ng Nam","article_modified_time":"2024-11-15T04:13:10+00:00","og_image":[{"width":1200,"height":881,"url":"https:\/\/tranthi.vn\/quangnam\/wp-content\/uploads\/2024\/03\/bang-mau-kinh-op-bep-da-nang-1.jpg","type":"image\/jpeg"}],"twitter_card":"summary_large_image","twitter_misc":{"Gi\u00e1":"64,000&nbsp;&#8363;","Kh\u1ea3 d\u1ee5ng":"Trong kho"},"schema":{"@context":"https:\/\/schema.org","@graph":[{"@type":["WebPage","ItemPage"],"@id":"https:\/\/tranthi.vn\/quangnam\/kinh-mau-op-bep-hoi-an-tam-ky-quang-nam\/","url":"https:\/\/tranthi.vn\/quangnam\/kinh-mau-op-bep-hoi-an-tam-ky-quang-nam\/","name":"K\u00ednh m\u00e0u \u1ed1p b\u1ebfp Qu\u1ea3ng Nam-0947.335.871 Tr\u1ea7n Th\u1ecb","isPartOf":{"@id":"https:\/\/tranthi.vn\/quangnam\/#website"},"primaryImageOfPage":{"@id":"https:\/\/tranthi.vn\/quangnam\/kinh-mau-op-bep-hoi-an-tam-ky-quang-nam\/#primaryimage"},"image":{"@id":"https:\/\/tranthi.vn\/quangnam\/kinh-mau-op-bep-hoi-an-tam-ky-quang-nam\/#primaryimage"},"thumbnailUrl":"https:\/\/tranthi.vn\/quangnam\/wp-content\/uploads\/2024\/03\/bang-mau-kinh-op-bep-da-nang-1.jpg","datePublished":"2024-03-14T10:02:37+00:00","dateModified":"2024-11-15T04:13:10+00:00","description":"Tr\u1ea7n Th\u1ecb l\u00e0 \u0111\u01a1n v\u1ecb th\u01b0\u01a1ng m\u1ea1i v\u1ec1 k\u00ednh \u1ed1p b\u1ebfp v\u00e0 c\u00e1c lo\u1ea1i tranh v\u1ec1 k\u00ednh b\u1ebfp , t\u00f9y theo s\u1ed1 l\u01b0\u1ee3ng v\u00e0 gi\u00e1 c\u1ea3 c\u00f3 kh\u00e1c nhau. Web: Tranthi.vn","breadcrumb":{"@id":"https:\/\/tranthi.vn\/quangnam\/kinh-mau-op-bep-hoi-an-tam-ky-quang-nam\/#breadcrumb"},"inLanguage":"vi","potentialAction":[{"@type":"ReadAction","target":["https:\/\/tranthi.vn\/quangnam\/kinh-mau-op-bep-hoi-an-tam-ky-quang-nam\/"]}]},{"@type":"ImageObject","inLanguage":"vi","@id":"https:\/\/tranthi.vn\/quangnam\/kinh-mau-op-bep-hoi-an-tam-ky-quang-nam\/#primaryimage","url":"https:\/\/tranthi.vn\/quangnam\/wp-content\/uploads\/2024\/03\/bang-mau-kinh-op-bep-da-nang-1.jpg","contentUrl":"https:\/\/tranthi.vn\/quangnam\/wp-content\/uploads\/2024\/03\/bang-mau-kinh-op-bep-da-nang-1.jpg","width":1200,"height":881,"caption":"b\u1ea3ng-m\u00e0u-k\u00ednh-\u1ed1p-b\u1ebfp-\u0111\u00e0-n\u1eb5ng"},{"@type":"BreadcrumbList","@id":"https:\/\/tranthi.vn\/quangnam\/kinh-mau-op-bep-hoi-an-tam-ky-quang-nam\/#breadcrumb","itemListElement":[{"@type":"ListItem","position":1,"name":"Trang ch\u1ee7","item":"https:\/\/tranthi.vn\/quangnam\/"},{"@type":"ListItem","position":2,"name":"Shop","item":"https:\/\/tranthi.vn\/quangnam\/shop\/"},{"@type":"ListItem","position":3,"name":"K\u00ednh m\u00e0u \u1ed1p b\u1ebfp"}]},{"@type":"WebSite","@id":"https:\/\/tranthi.vn\/quangnam\/#website","url":"https:\/\/tranthi.vn\/quangnam\/","name":"V\u1eadt Li\u1ec7u X\u00e2y D\u1ef1ng Tr\u1ea7n Th\u1ecb Chi Nh\u00e1nh Qu\u1ea3ng Nam","description":"V\u1eadt Li\u1ec7u X\u00e2y D\u1ef1ng - Qu\u1ea3ng Nam","potentialAction":[{"@type":"SearchAction","target":{"@type":"EntryPoint","urlTemplate":"https:\/\/tranthi.vn\/quangnam\/?s={search_term_string}"},"query-input":"required name=search_term_string"}],"inLanguage":"vi"},{"@type":"ImageObject","inLanguage":"vi","@id":"https:\/\/tranthi.vn\/quangnam\/kinh-mau-op-bep-hoi-an-tam-ky-quang-nam\/#local-main-organization-logo","url":"","contentUrl":"","caption":"V\u1eadt Li\u1ec7u X\u00e2y D\u1ef1ng Tr\u1ea7n Th\u1ecb Chi Nh\u00e1nh Qu\u1ea3ng Nam"}]},"product_price_amount":"64000","product_price_currency":"VND","og_availability":"instock","product_availability":"instock","product_condition":"new"},"_links":{"self":[{"href":"https:\/\/tranthi.vn\/quangnam\/wp-json\/wp\/v2\/product\/6810","targetHints":{"allow":["GET"]}}],"collection":[{"href":"https:\/\/tranthi.vn\/quangnam\/wp-json\/wp\/v2\/product"}],"about":[{"href":"https:\/\/tranthi.vn\/quangnam\/wp-json\/wp\/v2\/types\/product"}],"replies":[{"embeddable":true,"href":"https:\/\/tranthi.vn\/quangnam\/wp-json\/wp\/v2\/comments?post=6810"}],"wp:featuredmedia":[{"embeddable":true,"href":"https:\/\/tranthi.vn\/quangnam\/wp-json\/wp\/v2\/media\/6813"}],"wp:attachment":[{"href":"https:\/\/tranthi.vn\/quangnam\/wp-json\/wp\/v2\/media?parent=6810"}],"wp:term":[{"taxonomy":"product_cat","embeddable":true,"href":"https:\/\/tranthi.vn\/quangnam\/wp-json\/wp\/v2\/product_cat?post=6810"},{"taxonomy":"product_tag","embeddable":true,"href":"https:\/\/tranthi.vn\/quangnam\/wp-json\/wp\/v2\/product_tag?post=6810"}],"curies":[{"name":"wp","href":"https:\/\/api.w.org\/{rel}","templated":true}]}}