{"id":6780,"date":"2024-03-13T11:12:56","date_gmt":"2024-03-13T04:12:56","guid":{"rendered":"https:\/\/tranthi.vn\/quangnam\/?post_type=product&#038;p=6780"},"modified":"2024-03-19T13:35:42","modified_gmt":"2024-03-19T06:35:42","slug":"gia-xoong-noi-bat-dia-da-nang-inox-304-mo-nan-vuong","status":"publish","type":"product","link":"https:\/\/tranthi.vn\/quangnam\/gia-xoong-noi-bat-dia-da-nang-inox-304-mo-nan-vuong\/","title":{"rendered":"Gi\u00e1 xoong n\u1ed3i b\u00e1t \u0111\u0129a \u0111a n\u0103ng  inox 304 m\u1edd nan vu\u00f4ng"},"content":{"rendered":"","protected":false},"excerpt":{"rendered":"<p><span style=\"font-family: 'times new roman', times, serif; font-size: 130%;\"><strong>Gi\u00e1 xoong n\u1ed3i b\u00e1t \u0111\u0129a \u0111a n\u0103ng<\/strong><\/span><\/p>\n<p><span style=\"font-family: 'times new roman', times, serif; font-size: 130%;\">\ud83e\udd70\u0110\u01a1n v\u1ecb t\u00ednh: C\u00e1i<\/span><\/p>\n<p><span style=\"font-family: 'times new roman', times, serif; font-size: 130%;\"> \ud83e\udd70\u0110\u01a1n gi\u00e1\u00a0 : K\u1ec7 Ch\u00e9n\u00a0 (inox 304)<\/span><\/p>\n<p><span style=\"font-family: 'times new roman', times, serif; font-size: 130%;\">KT (mm): 565*D465*H190: <span style=\"color: #ed1c24;\"><strong>1.387.000\u0111<\/strong><\/span><\/span><\/p>\n<p><span style=\"font-family: 'times new roman', times, serif; font-size: 130%;\">KT (mm) : 665*D465*H190: <strong><span style=\"color: #ed1c24;\">1.426.000\u0111<\/span><\/strong><\/span><\/p>\n<p><span style=\"font-family: 'times new roman', times, serif; font-size: 130%;\">KT (mm) : 715*D465*H190: <strong><span style=\"color: #ed1c24;\">1.450.000\u0111<\/span><\/strong><\/span><\/p>\n<p><span style=\"font-family: 'times new roman', times, serif; font-size: 130%;\">KT (mm) : 765*D465*H190: <strong><span style=\"color: #ed1c24;\">1.465.000\u0111<\/span><\/strong><\/span><\/p>\n<p><span style=\"font-family: 'times new roman', times, serif; font-size: 130%;\">KT (mm) : 865*D465*H190: <strong><span style=\"color: #ed1c24;\">1.513.000\u0111<\/span><\/strong><\/span><\/p>\n<p><span style=\"font-family: 'times new roman', times, serif; font-size: 130%;\"><strong><em>Mi\u1ec5n ph\u00ed giao h\u00e0ng trong \u0111\u1ecba b\u00e0n <a href=\"https:\/\/fr.wikipedia.org\/wiki\/Da_Nang\">\u0110\u00e0 N\u1eb5ng<\/a><\/em><\/strong><\/span><\/p>\n","protected":false},"featured_media":6886,"comment_status":"closed","ping_status":"closed","template":"","meta":[],"product_cat":[269,266],"product_tag":[],"class_list":{"0":"post-6780","1":"product","2":"type-product","3":"status-publish","4":"has-post-thumbnail","6":"product_cat-ke-chen","7":"product_cat-thiet-bi-nha-bep","9":"first","10":"instock","11":"sale","12":"shipping-taxable","13":"purchasable","14":"product-type-simple"},"yoast_head":"<!-- This site is optimized with the Yoast SEO Premium plugin v22.3 (Yoast SEO v22.8) - https:\/\/yoast.com\/wordpress\/plugins\/seo\/ -->\n<title>Gi\u00e1 xoong n\u1ed3i b\u00e1t \u0111\u0129a \u0111a n\u0103ng inox 304 m\u1edd nan vu\u00f4ng - V\u1eadt Li\u1ec7u X\u00e2y D\u1ef1ng Tr\u1ea7n Th\u1ecb Chi Nh\u00e1nh Qu\u1ea3ng Nam<\/title>\n<meta name=\"robots\" content=\"index, follow, max-snippet:-1, max-image-preview:large, max-video-preview:-1\" \/>\n<link rel=\"canonical\" href=\"https:\/\/tranthi.vn\/quangnam\/gia-xoong-noi-bat-dia-da-nang-inox-304-mo-nan-vuong\/\" \/>\n<meta property=\"og:locale\" content=\"vi_VN\" \/>\n<meta property=\"og:type\" content=\"article\" \/>\n<meta property=\"og:title\" content=\"Gi\u00e1 xoong n\u1ed3i b\u00e1t \u0111\u0129a \u0111a n\u0103ng inox 304 m\u1edd nan vu\u00f4ng\" \/>\n<meta property=\"og:description\" content=\"Gi\u00e1 xoong n\u1ed3i b\u00e1t \u0111\u0129a \u0111a n\u0103ng  \ud83e\udd70\u0110\u01a1n v\u1ecb t\u00ednh: C\u00e1i   \ud83e\udd70\u0110\u01a1n gi\u00e1\u00a0 : K\u1ec7 Ch\u00e9n\u00a0 (inox 304)  KT (mm): 565*D465*H190: 1.387.000\u0111  KT (mm) : 665*D465*H190: 1.426.000\u0111  KT (mm) : 715*D465*H190: 1.450.000\u0111  KT (mm) : 765*D465*H190: 1.465.000\u0111  KT (mm) : 865*D465*H190: 1.513.000\u0111  Mi\u1ec5n ph\u00ed giao h\u00e0ng trong \u0111\u1ecba b\u00e0n \u0110\u00e0 N\u1eb5ng\" \/>\n<meta property=\"og:url\" content=\"https:\/\/tranthi.vn\/quangnam\/gia-xoong-noi-bat-dia-da-nang-inox-304-mo-nan-vuong\/\" \/>\n<meta property=\"og:site_name\" content=\"V\u1eadt Li\u1ec7u X\u00e2y D\u1ef1ng Tr\u1ea7n Th\u1ecb Chi Nh\u00e1nh Qu\u1ea3ng Nam\" \/>\n<meta property=\"article:modified_time\" content=\"2024-03-19T06:35:42+00:00\" \/>\n<meta property=\"og:image\" content=\"https:\/\/tranthi.vn\/quangnam\/wp-content\/uploads\/2024\/03\/Gia-xoong-noi-bat-dia-da-nang-inox-304-mo-gia-re-da-nang.jpg\" \/>\n\t<meta property=\"og:image:width\" content=\"296\" \/>\n\t<meta property=\"og:image:height\" content=\"263\" \/>\n\t<meta property=\"og:image:type\" content=\"image\/jpeg\" \/>\n<meta name=\"twitter:card\" content=\"summary_large_image\" \/>\n<meta name=\"twitter:label1\" content=\"Gi\u00e1\" \/>\n\t<meta name=\"twitter:data1\" content=\"1,387,000&nbsp;&#8363;\" \/>\n\t<meta name=\"twitter:label2\" content=\"Kh\u1ea3 d\u1ee5ng\" \/>\n\t<meta name=\"twitter:data2\" content=\"Trong kho\" \/>\n<script type=\"application\/ld+json\" class=\"yoast-schema-graph\">{\"@context\":\"https:\/\/schema.org\",\"@graph\":[{\"@type\":[\"WebPage\",\"ItemPage\"],\"@id\":\"https:\/\/tranthi.vn\/quangnam\/gia-xoong-noi-bat-dia-da-nang-inox-304-mo-nan-vuong\/\",\"url\":\"https:\/\/tranthi.vn\/quangnam\/gia-xoong-noi-bat-dia-da-nang-inox-304-mo-nan-vuong\/\",\"name\":\"Gi\u00e1 xoong n\u1ed3i b\u00e1t \u0111\u0129a \u0111a n\u0103ng inox 304 m\u1edd nan vu\u00f4ng - V\u1eadt Li\u1ec7u X\u00e2y D\u1ef1ng Tr\u1ea7n Th\u1ecb Chi Nh\u00e1nh Qu\u1ea3ng Nam\",\"isPartOf\":{\"@id\":\"https:\/\/tranthi.vn\/quangnam\/#website\"},\"primaryImageOfPage\":{\"@id\":\"https:\/\/tranthi.vn\/quangnam\/gia-xoong-noi-bat-dia-da-nang-inox-304-mo-nan-vuong\/#primaryimage\"},\"image\":{\"@id\":\"https:\/\/tranthi.vn\/quangnam\/gia-xoong-noi-bat-dia-da-nang-inox-304-mo-nan-vuong\/#primaryimage\"},\"thumbnailUrl\":\"https:\/\/tranthi.vn\/quangnam\/wp-content\/uploads\/2024\/03\/Gia-xoong-noi-bat-dia-da-nang-inox-304-mo-gia-re-da-nang.jpg\",\"datePublished\":\"2024-03-13T04:12:56+00:00\",\"dateModified\":\"2024-03-19T06:35:42+00:00\",\"breadcrumb\":{\"@id\":\"https:\/\/tranthi.vn\/quangnam\/gia-xoong-noi-bat-dia-da-nang-inox-304-mo-nan-vuong\/#breadcrumb\"},\"inLanguage\":\"vi\",\"potentialAction\":[{\"@type\":\"ReadAction\",\"target\":[\"https:\/\/tranthi.vn\/quangnam\/gia-xoong-noi-bat-dia-da-nang-inox-304-mo-nan-vuong\/\"]}]},{\"@type\":\"ImageObject\",\"inLanguage\":\"vi\",\"@id\":\"https:\/\/tranthi.vn\/quangnam\/gia-xoong-noi-bat-dia-da-nang-inox-304-mo-nan-vuong\/#primaryimage\",\"url\":\"https:\/\/tranthi.vn\/quangnam\/wp-content\/uploads\/2024\/03\/Gia-xoong-noi-bat-dia-da-nang-inox-304-mo-gia-re-da-nang.jpg\",\"contentUrl\":\"https:\/\/tranthi.vn\/quangnam\/wp-content\/uploads\/2024\/03\/Gia-xoong-noi-bat-dia-da-nang-inox-304-mo-gia-re-da-nang.jpg\",\"width\":296,\"height\":263},{\"@type\":\"BreadcrumbList\",\"@id\":\"https:\/\/tranthi.vn\/quangnam\/gia-xoong-noi-bat-dia-da-nang-inox-304-mo-nan-vuong\/#breadcrumb\",\"itemListElement\":[{\"@type\":\"ListItem\",\"position\":1,\"name\":\"Trang ch\u1ee7\",\"item\":\"https:\/\/tranthi.vn\/quangnam\/\"},{\"@type\":\"ListItem\",\"position\":2,\"name\":\"Shop\",\"item\":\"https:\/\/tranthi.vn\/quangnam\/shop\/\"},{\"@type\":\"ListItem\",\"position\":3,\"name\":\"Gi\u00e1 xoong n\u1ed3i b\u00e1t \u0111\u0129a \u0111a n\u0103ng inox 304 m\u1edd nan vu\u00f4ng\"}]},{\"@type\":\"WebSite\",\"@id\":\"https:\/\/tranthi.vn\/quangnam\/#website\",\"url\":\"https:\/\/tranthi.vn\/quangnam\/\",\"name\":\"V\u1eadt Li\u1ec7u X\u00e2y D\u1ef1ng Tr\u1ea7n Th\u1ecb Chi Nh\u00e1nh Qu\u1ea3ng Nam\",\"description\":\"V\u1eadt Li\u1ec7u X\u00e2y D\u1ef1ng - Qu\u1ea3ng Nam\",\"potentialAction\":[{\"@type\":\"SearchAction\",\"target\":{\"@type\":\"EntryPoint\",\"urlTemplate\":\"https:\/\/tranthi.vn\/quangnam\/?s={search_term_string}\"},\"query-input\":\"required name=search_term_string\"}],\"inLanguage\":\"vi\"},{\"@type\":\"ImageObject\",\"inLanguage\":\"vi\",\"@id\":\"https:\/\/tranthi.vn\/quangnam\/gia-xoong-noi-bat-dia-da-nang-inox-304-mo-nan-vuong\/#local-main-organization-logo\",\"url\":\"\",\"contentUrl\":\"\",\"caption\":\"V\u1eadt Li\u1ec7u X\u00e2y D\u1ef1ng Tr\u1ea7n Th\u1ecb Chi Nh\u00e1nh Qu\u1ea3ng Nam\"}]}<\/script>\n<meta property=\"product:price:amount\" content=\"1387000\" \/>\n<meta property=\"product:price:currency\" content=\"VND\" \/>\n<meta property=\"og:availability\" content=\"instock\" \/>\n<meta property=\"product:availability\" content=\"instock\" \/>\n<meta property=\"product:condition\" content=\"new\" \/>\n<!-- \/ Yoast SEO Premium plugin. -->","yoast_head_json":{"title":"Gi\u00e1 xoong n\u1ed3i b\u00e1t \u0111\u0129a \u0111a n\u0103ng inox 304 m\u1edd nan vu\u00f4ng - V\u1eadt Li\u1ec7u X\u00e2y D\u1ef1ng Tr\u1ea7n Th\u1ecb Chi Nh\u00e1nh Qu\u1ea3ng Nam","robots":{"index":"index","follow":"follow","max-snippet":"max-snippet:-1","max-image-preview":"max-image-preview:large","max-video-preview":"max-video-preview:-1"},"canonical":"https:\/\/tranthi.vn\/quangnam\/gia-xoong-noi-bat-dia-da-nang-inox-304-mo-nan-vuong\/","og_locale":"vi_VN","og_type":"article","og_title":"Gi\u00e1 xoong n\u1ed3i b\u00e1t \u0111\u0129a \u0111a n\u0103ng inox 304 m\u1edd nan vu\u00f4ng","og_description":"Gi\u00e1 xoong n\u1ed3i b\u00e1t \u0111\u0129a \u0111a n\u0103ng  \ud83e\udd70\u0110\u01a1n v\u1ecb t\u00ednh: C\u00e1i   \ud83e\udd70\u0110\u01a1n gi\u00e1\u00a0 : K\u1ec7 Ch\u00e9n\u00a0 (inox 304)  KT (mm): 565*D465*H190: 1.387.000\u0111  KT (mm) : 665*D465*H190: 1.426.000\u0111  KT (mm) : 715*D465*H190: 1.450.000\u0111  KT (mm) : 765*D465*H190: 1.465.000\u0111  KT (mm) : 865*D465*H190: 1.513.000\u0111  Mi\u1ec5n ph\u00ed giao h\u00e0ng trong \u0111\u1ecba b\u00e0n \u0110\u00e0 N\u1eb5ng","og_url":"https:\/\/tranthi.vn\/quangnam\/gia-xoong-noi-bat-dia-da-nang-inox-304-mo-nan-vuong\/","og_site_name":"V\u1eadt Li\u1ec7u X\u00e2y D\u1ef1ng Tr\u1ea7n Th\u1ecb Chi Nh\u00e1nh Qu\u1ea3ng Nam","article_modified_time":"2024-03-19T06:35:42+00:00","og_image":[{"width":296,"height":263,"url":"https:\/\/tranthi.vn\/quangnam\/wp-content\/uploads\/2024\/03\/Gia-xoong-noi-bat-dia-da-nang-inox-304-mo-gia-re-da-nang.jpg","type":"image\/jpeg"}],"twitter_card":"summary_large_image","twitter_misc":{"Gi\u00e1":"1,387,000&nbsp;&#8363;","Kh\u1ea3 d\u1ee5ng":"Trong kho"},"schema":{"@context":"https:\/\/schema.org","@graph":[{"@type":["WebPage","ItemPage"],"@id":"https:\/\/tranthi.vn\/quangnam\/gia-xoong-noi-bat-dia-da-nang-inox-304-mo-nan-vuong\/","url":"https:\/\/tranthi.vn\/quangnam\/gia-xoong-noi-bat-dia-da-nang-inox-304-mo-nan-vuong\/","name":"Gi\u00e1 xoong n\u1ed3i b\u00e1t \u0111\u0129a \u0111a n\u0103ng inox 304 m\u1edd nan vu\u00f4ng - V\u1eadt Li\u1ec7u X\u00e2y D\u1ef1ng Tr\u1ea7n Th\u1ecb Chi Nh\u00e1nh Qu\u1ea3ng Nam","isPartOf":{"@id":"https:\/\/tranthi.vn\/quangnam\/#website"},"primaryImageOfPage":{"@id":"https:\/\/tranthi.vn\/quangnam\/gia-xoong-noi-bat-dia-da-nang-inox-304-mo-nan-vuong\/#primaryimage"},"image":{"@id":"https:\/\/tranthi.vn\/quangnam\/gia-xoong-noi-bat-dia-da-nang-inox-304-mo-nan-vuong\/#primaryimage"},"thumbnailUrl":"https:\/\/tranthi.vn\/quangnam\/wp-content\/uploads\/2024\/03\/Gia-xoong-noi-bat-dia-da-nang-inox-304-mo-gia-re-da-nang.jpg","datePublished":"2024-03-13T04:12:56+00:00","dateModified":"2024-03-19T06:35:42+00:00","breadcrumb":{"@id":"https:\/\/tranthi.vn\/quangnam\/gia-xoong-noi-bat-dia-da-nang-inox-304-mo-nan-vuong\/#breadcrumb"},"inLanguage":"vi","potentialAction":[{"@type":"ReadAction","target":["https:\/\/tranthi.vn\/quangnam\/gia-xoong-noi-bat-dia-da-nang-inox-304-mo-nan-vuong\/"]}]},{"@type":"ImageObject","inLanguage":"vi","@id":"https:\/\/tranthi.vn\/quangnam\/gia-xoong-noi-bat-dia-da-nang-inox-304-mo-nan-vuong\/#primaryimage","url":"https:\/\/tranthi.vn\/quangnam\/wp-content\/uploads\/2024\/03\/Gia-xoong-noi-bat-dia-da-nang-inox-304-mo-gia-re-da-nang.jpg","contentUrl":"https:\/\/tranthi.vn\/quangnam\/wp-content\/uploads\/2024\/03\/Gia-xoong-noi-bat-dia-da-nang-inox-304-mo-gia-re-da-nang.jpg","width":296,"height":263},{"@type":"BreadcrumbList","@id":"https:\/\/tranthi.vn\/quangnam\/gia-xoong-noi-bat-dia-da-nang-inox-304-mo-nan-vuong\/#breadcrumb","itemListElement":[{"@type":"ListItem","position":1,"name":"Trang ch\u1ee7","item":"https:\/\/tranthi.vn\/quangnam\/"},{"@type":"ListItem","position":2,"name":"Shop","item":"https:\/\/tranthi.vn\/quangnam\/shop\/"},{"@type":"ListItem","position":3,"name":"Gi\u00e1 xoong n\u1ed3i b\u00e1t \u0111\u0129a \u0111a n\u0103ng inox 304 m\u1edd nan vu\u00f4ng"}]},{"@type":"WebSite","@id":"https:\/\/tranthi.vn\/quangnam\/#website","url":"https:\/\/tranthi.vn\/quangnam\/","name":"V\u1eadt Li\u1ec7u X\u00e2y D\u1ef1ng Tr\u1ea7n Th\u1ecb Chi Nh\u00e1nh Qu\u1ea3ng Nam","description":"V\u1eadt Li\u1ec7u X\u00e2y D\u1ef1ng - Qu\u1ea3ng Nam","potentialAction":[{"@type":"SearchAction","target":{"@type":"EntryPoint","urlTemplate":"https:\/\/tranthi.vn\/quangnam\/?s={search_term_string}"},"query-input":"required name=search_term_string"}],"inLanguage":"vi"},{"@type":"ImageObject","inLanguage":"vi","@id":"https:\/\/tranthi.vn\/quangnam\/gia-xoong-noi-bat-dia-da-nang-inox-304-mo-nan-vuong\/#local-main-organization-logo","url":"","contentUrl":"","caption":"V\u1eadt Li\u1ec7u X\u00e2y D\u1ef1ng Tr\u1ea7n Th\u1ecb Chi Nh\u00e1nh Qu\u1ea3ng Nam"}]},"product_price_amount":"1387000","product_price_currency":"VND","og_availability":"instock","product_availability":"instock","product_condition":"new"},"_links":{"self":[{"href":"https:\/\/tranthi.vn\/quangnam\/wp-json\/wp\/v2\/product\/6780","targetHints":{"allow":["GET"]}}],"collection":[{"href":"https:\/\/tranthi.vn\/quangnam\/wp-json\/wp\/v2\/product"}],"about":[{"href":"https:\/\/tranthi.vn\/quangnam\/wp-json\/wp\/v2\/types\/product"}],"replies":[{"embeddable":true,"href":"https:\/\/tranthi.vn\/quangnam\/wp-json\/wp\/v2\/comments?post=6780"}],"wp:featuredmedia":[{"embeddable":true,"href":"https:\/\/tranthi.vn\/quangnam\/wp-json\/wp\/v2\/media\/6886"}],"wp:attachment":[{"href":"https:\/\/tranthi.vn\/quangnam\/wp-json\/wp\/v2\/media?parent=6780"}],"wp:term":[{"taxonomy":"product_cat","embeddable":true,"href":"https:\/\/tranthi.vn\/quangnam\/wp-json\/wp\/v2\/product_cat?post=6780"},{"taxonomy":"product_tag","embeddable":true,"href":"https:\/\/tranthi.vn\/quangnam\/wp-json\/wp\/v2\/product_tag?post=6780"}],"curies":[{"name":"wp","href":"https:\/\/api.w.org\/{rel}","templated":true}]}}