{"id":6774,"date":"2024-03-13T10:11:18","date_gmt":"2024-03-13T03:11:18","guid":{"rendered":"https:\/\/tranthi.vn\/quangnam\/?post_type=product&#038;p=6774"},"modified":"2024-06-12T16:20:55","modified_gmt":"2024-06-12T09:20:55","slug":"bot-tret-jotun-ngoai-noi-that-bao-40kg-tdp","status":"publish","type":"product","link":"https:\/\/tranthi.vn\/quangnam\/bot-tret-jotun-ngoai-noi-that-bao-40kg-tdp\/","title":{"rendered":"B\u1ed9t Tr\u00e9t Jotun Ngo\u1ea1i &#8211; N\u1ed9i Th\u1ea5t \u2013 Bao 40kg"},"content":{"rendered":"","protected":false},"excerpt":{"rendered":"<p><span style=\"font-family: 'times new roman', times, serif; font-size: 130%;\"><img decoding=\"async\" class=\"emoji\" role=\"img\" draggable=\"false\" src=\"https:\/\/s.w.org\/images\/core\/emoji\/14.0.0\/svg\/1f61b.svg\" alt=\"\ud83d\ude1b\" \/>\u01afu \u0111i\u1ec3m:<\/span><\/p>\n<ul>\n<li><span style=\"font-family: 'times new roman', times, serif; font-size: 130%;\"><b>D\u00f9ng l\u00e0m m\u1ecbn b\u1ec1 m\u1eb7t t\u01b0\u1eddng <\/b><\/span><\/li>\n<li><span style=\"font-family: 'times new roman', times, serif; font-size: 130%;\"><b>B\u1ec1 m\u1eb7t \u0111anh ch\u1eafc<\/b><\/span><\/li>\n<li><span style=\"font-family: 'times new roman', times, serif; font-size: 130%;\"><b>\u0110\u1ed9 b\u00e1m d\u00ednh cao<\/b>.<\/span><\/li>\n<\/ul>\n<p><span style=\"font-size: 130%; font-family: 'times new roman', times, serif;\"><img decoding=\"async\" class=\"emoji\" role=\"img\" draggable=\"false\" src=\"https:\/\/s.w.org\/images\/core\/emoji\/14.0.0\/svg\/1f61b.svg\" alt=\"\ud83d\ude1b\" \/>Giao h\u00e0ng trong \u0111\u1ecba \u0111\u00e0n <strong><a href=\"https:\/\/danang.gov.vn\/\">\u0110\u00e0 N\u1eb5ng<\/a><\/strong><\/span><\/p>\n<p><span style=\"font-size: 130%; font-family: 'times new roman', times, serif;\"> <img decoding=\"async\" class=\"emoji\" role=\"img\" draggable=\"false\" src=\"https:\/\/s.w.org\/images\/core\/emoji\/14.0.0\/svg\/1f61b.svg\" alt=\"\ud83d\ude1b\" \/>\u0110\u01a1n v\u1ecb t\u00ednh: 40 kg<\/span><\/p>\n<p><span style=\"font-family: 'times new roman', times, serif; font-size: 130%;\"><img decoding=\"async\" class=\"emoji\" role=\"img\" draggable=\"false\" src=\"https:\/\/s.w.org\/images\/core\/emoji\/14.0.0\/svg\/1f61b.svg\" alt=\"\ud83d\ude1b\" \/>M\u00e0u: Tr\u1eafng<\/span><\/p>\n<p><span style=\"font-size: 130%; font-family: 'times new roman', times, serif;\"><img decoding=\"async\" class=\"emoji\" role=\"img\" draggable=\"false\" src=\"https:\/\/s.w.org\/images\/core\/emoji\/14.0.0\/svg\/1f61b.svg\" alt=\"\ud83d\ude1b\" \/>\u0110\u01a1n <a href=\"https:\/\/www.jotun.com\/vn\/vi\/b2c\/products\/putty\/jotun-interior-putty.aspx\"><strong>gi\u00e1 b\u1ed9t tr\u00e9t ngo\u1ea1i n\u1ed9i th\u1ea5t Jotun<\/strong><\/a> trong n\u1ed9i th\u00e0nh:<span style=\"color: #d83131;\"><strong> 370.000\u0111\/40kg<\/strong><\/span><\/span><\/p>\n<p><span style=\"font-family: 'times new roman', times, serif; font-size: 130%;\"><img decoding=\"async\" class=\"emoji\" role=\"img\" draggable=\"false\" src=\"https:\/\/s.w.org\/images\/core\/emoji\/14.0.0\/svg\/1f61b.svg\" alt=\"\ud83d\ude1b\" \/>\u0110\u01a1n<a href=\"https:\/\/jotunmienbac.com.vn\/bot-ba-jotun-ngoai-that-40kg\"><strong> gi\u00e1 b\u1ed9t tr\u00e9t ngo\u1ea1i n\u1ed9i th\u1ea5t Jotun<\/strong><\/a> \u00e1p d\u1ee5ng khi mua 5 s\u1ea3n ph\u1ea9m tr\u1edf l\u00ean.<\/span><\/p>\n<p><span style=\"font-family: 'times new roman', times, serif; font-size: 130%;\"><img decoding=\"async\" class=\"emoji\" role=\"img\" draggable=\"false\" src=\"https:\/\/s.w.org\/images\/core\/emoji\/14.0.0\/svg\/1f61b.svg\" alt=\"\ud83d\ude1b\" \/>\u00a0Ngo\u00e0i ra Tr\u1ea7n Th\u1ecb c\u00f2n nh\u1eadn giao h\u00e0ng \u0111\u1ebfn c\u00e1c \u0111i\u1ec3m\u00a0<strong><a href=\"https:\/\/vi.wikipedia.org\/wiki\/%C4%90%C3%B4ng_H%C3%A0\">\u0110\u00f4ng H\u00e0 Qu\u1ea3ng tr\u1ecb<\/a><\/strong>,\u00a0<strong><a href=\"https:\/\/vi.wikipedia.org\/wiki\/H%E1%BB%99i_An\">H\u1ed9i An<\/a><\/strong>,\u00a0<strong><a href=\"https:\/\/vi.wikipedia.org\/wiki\/Tam_K%E1%BB%B3\">Tam k\u1ef3 Qu\u1ea3ng Nam<\/a><\/strong>,<strong><a href=\"https:\/\/vi.wikipedia.org\/wiki\/Hu%E1%BA%BF\">\u00a0Hu\u1ebf<\/a><\/strong>\u00a0,\u00a0<strong><a href=\"https:\/\/vi.wikipedia.org\/wiki\/Qu%E1%BA%A3ng_Ng%C3%A3i\">Qu\u1ea3ng Ng\u00e3i<\/a><\/strong> <\/span><\/p>\n<p><span style=\"font-size: 130%; font-family: 'times new roman', times, serif;\"><em>Chi ph\u00ed v\u1eadn chuy\u1ec3n s\u1ebd t\u00ednh theo kho\u1ea3ng c\u00e1ch v\u00e0 s\u1ed1 l\u01b0\u1ee3ng h\u00e0ng h\u00f3a nh\u1eadp<\/em><\/span><\/p>\n","protected":false},"featured_media":6888,"comment_status":"closed","ping_status":"closed","template":"","meta":[],"product_cat":[154,153],"product_tag":[],"class_list":{"0":"post-6774","1":"product","2":"type-product","3":"status-publish","4":"has-post-thumbnail","6":"product_cat-bot-tret-jotun","7":"product_cat-son-jotun-tai-da-nang","9":"first","10":"instock","11":"sale","12":"shipping-taxable","13":"purchasable","14":"product-type-simple"},"yoast_head":"<!-- This site is optimized with the Yoast SEO Premium plugin v22.3 (Yoast SEO v22.8) - https:\/\/yoast.com\/wordpress\/plugins\/seo\/ -->\n<title>B\u1ed9t Tr\u00e9t Jotun Ngo\u1ea1i - N\u1ed9i Th\u1ea5t \u2013 Bao 40kg - V\u1eadt Li\u1ec7u X\u00e2y D\u1ef1ng Tr\u1ea7n Th\u1ecb Chi Nh\u00e1nh Qu\u1ea3ng Nam<\/title>\n<meta name=\"robots\" content=\"index, follow, max-snippet:-1, max-image-preview:large, max-video-preview:-1\" \/>\n<link rel=\"canonical\" href=\"https:\/\/tranthi.vn\/quangnam\/bot-tret-jotun-ngoai-noi-that-bao-40kg-tdp\/\" \/>\n<meta property=\"og:locale\" content=\"vi_VN\" \/>\n<meta property=\"og:type\" content=\"article\" \/>\n<meta property=\"og:title\" content=\"B\u1ed9t Tr\u00e9t Jotun Ngo\u1ea1i - N\u1ed9i Th\u1ea5t \u2013 Bao 40kg\" \/>\n<meta property=\"og:description\" content=\"\u01afu \u0111i\u1ec3m:   D\u00f9ng l\u00e0m m\u1ecbn b\u1ec1 m\u1eb7t t\u01b0\u1eddng   B\u1ec1 m\u1eb7t \u0111anh ch\u1eafc  \u0110\u1ed9 b\u00e1m d\u00ednh cao.  Giao h\u00e0ng trong \u0111\u1ecba \u0111\u00e0n \u0110\u00e0 N\u1eb5ng   \u0110\u01a1n v\u1ecb t\u00ednh: 40 kg  M\u00e0u: Tr\u1eafng  \u0110\u01a1n gi\u00e1 b\u1ed9t tr\u00e9t ngo\u1ea1i n\u1ed9i th\u1ea5t Jotun trong n\u1ed9i th\u00e0nh: 370.000\u0111\/40kg  \u0110\u01a1n gi\u00e1 b\u1ed9t tr\u00e9t ngo\u1ea1i n\u1ed9i th\u1ea5t Jotun \u00e1p d\u1ee5ng khi mua 5 s\u1ea3n ph\u1ea9m tr\u1edf l\u00ean.  \u00a0Ngo\u00e0i ra Tr\u1ea7n Th\u1ecb c\u00f2n nh\u1eadn giao h\u00e0ng \u0111\u1ebfn c\u00e1c \u0111i\u1ec3m\u00a0\u0110\u00f4ng H\u00e0 Qu\u1ea3ng tr\u1ecb,\u00a0H\u1ed9i An,\u00a0Tam k\u1ef3 Qu\u1ea3ng Nam,\u00a0Hu\u1ebf\u00a0,\u00a0Qu\u1ea3ng Ng\u00e3i   Chi ph\u00ed v\u1eadn chuy\u1ec3n s\u1ebd t\u00ednh theo kho\u1ea3ng c\u00e1ch v\u00e0 s\u1ed1 l\u01b0\u1ee3ng h\u00e0ng h\u00f3a nh\u1eadp\" \/>\n<meta property=\"og:url\" content=\"https:\/\/tranthi.vn\/quangnam\/bot-tret-jotun-ngoai-noi-that-bao-40kg-tdp\/\" \/>\n<meta property=\"og:site_name\" content=\"V\u1eadt Li\u1ec7u X\u00e2y D\u1ef1ng Tr\u1ea7n Th\u1ecb Chi Nh\u00e1nh Qu\u1ea3ng Nam\" \/>\n<meta property=\"article:modified_time\" content=\"2024-06-12T09:20:55+00:00\" \/>\n<meta property=\"og:image\" content=\"https:\/\/tranthi.vn\/quangnam\/wp-content\/uploads\/2024\/03\/Bot-Tret-Jotun-Ngoai-Noi-That-gia-re-da-nang.jpg\" \/>\n\t<meta property=\"og:image:width\" content=\"225\" \/>\n\t<meta property=\"og:image:height\" content=\"225\" \/>\n\t<meta property=\"og:image:type\" content=\"image\/jpeg\" \/>\n<meta name=\"twitter:card\" content=\"summary_large_image\" \/>\n<meta name=\"twitter:label1\" content=\"Gi\u00e1\" \/>\n\t<meta name=\"twitter:data1\" content=\"370,000&nbsp;&#8363;\" \/>\n\t<meta name=\"twitter:label2\" content=\"Kh\u1ea3 d\u1ee5ng\" \/>\n\t<meta name=\"twitter:data2\" content=\"Trong kho\" \/>\n<script type=\"application\/ld+json\" class=\"yoast-schema-graph\">{\"@context\":\"https:\/\/schema.org\",\"@graph\":[{\"@type\":[\"WebPage\",\"ItemPage\"],\"@id\":\"https:\/\/tranthi.vn\/quangnam\/bot-tret-jotun-ngoai-noi-that-bao-40kg-tdp\/\",\"url\":\"https:\/\/tranthi.vn\/quangnam\/bot-tret-jotun-ngoai-noi-that-bao-40kg-tdp\/\",\"name\":\"B\u1ed9t Tr\u00e9t Jotun Ngo\u1ea1i - N\u1ed9i Th\u1ea5t \u2013 Bao 40kg - V\u1eadt Li\u1ec7u X\u00e2y D\u1ef1ng Tr\u1ea7n Th\u1ecb Chi Nh\u00e1nh Qu\u1ea3ng Nam\",\"isPartOf\":{\"@id\":\"https:\/\/tranthi.vn\/quangnam\/#website\"},\"primaryImageOfPage\":{\"@id\":\"https:\/\/tranthi.vn\/quangnam\/bot-tret-jotun-ngoai-noi-that-bao-40kg-tdp\/#primaryimage\"},\"image\":{\"@id\":\"https:\/\/tranthi.vn\/quangnam\/bot-tret-jotun-ngoai-noi-that-bao-40kg-tdp\/#primaryimage\"},\"thumbnailUrl\":\"https:\/\/tranthi.vn\/quangnam\/wp-content\/uploads\/2024\/03\/Bot-Tret-Jotun-Ngoai-Noi-That-gia-re-da-nang.jpg\",\"datePublished\":\"2024-03-13T03:11:18+00:00\",\"dateModified\":\"2024-06-12T09:20:55+00:00\",\"breadcrumb\":{\"@id\":\"https:\/\/tranthi.vn\/quangnam\/bot-tret-jotun-ngoai-noi-that-bao-40kg-tdp\/#breadcrumb\"},\"inLanguage\":\"vi\",\"potentialAction\":[{\"@type\":\"ReadAction\",\"target\":[\"https:\/\/tranthi.vn\/quangnam\/bot-tret-jotun-ngoai-noi-that-bao-40kg-tdp\/\"]}]},{\"@type\":\"ImageObject\",\"inLanguage\":\"vi\",\"@id\":\"https:\/\/tranthi.vn\/quangnam\/bot-tret-jotun-ngoai-noi-that-bao-40kg-tdp\/#primaryimage\",\"url\":\"https:\/\/tranthi.vn\/quangnam\/wp-content\/uploads\/2024\/03\/Bot-Tret-Jotun-Ngoai-Noi-That-gia-re-da-nang.jpg\",\"contentUrl\":\"https:\/\/tranthi.vn\/quangnam\/wp-content\/uploads\/2024\/03\/Bot-Tret-Jotun-Ngoai-Noi-That-gia-re-da-nang.jpg\",\"width\":225,\"height\":225},{\"@type\":\"BreadcrumbList\",\"@id\":\"https:\/\/tranthi.vn\/quangnam\/bot-tret-jotun-ngoai-noi-that-bao-40kg-tdp\/#breadcrumb\",\"itemListElement\":[{\"@type\":\"ListItem\",\"position\":1,\"name\":\"Trang ch\u1ee7\",\"item\":\"https:\/\/tranthi.vn\/quangnam\/\"},{\"@type\":\"ListItem\",\"position\":2,\"name\":\"Shop\",\"item\":\"https:\/\/tranthi.vn\/quangnam\/shop\/\"},{\"@type\":\"ListItem\",\"position\":3,\"name\":\"B\u1ed9t Tr\u00e9t Jotun Ngo\u1ea1i &#8211; N\u1ed9i Th\u1ea5t \u2013 Bao 40kg\"}]},{\"@type\":\"WebSite\",\"@id\":\"https:\/\/tranthi.vn\/quangnam\/#website\",\"url\":\"https:\/\/tranthi.vn\/quangnam\/\",\"name\":\"V\u1eadt Li\u1ec7u X\u00e2y D\u1ef1ng Tr\u1ea7n Th\u1ecb Chi Nh\u00e1nh Qu\u1ea3ng Nam\",\"description\":\"V\u1eadt Li\u1ec7u X\u00e2y D\u1ef1ng - Qu\u1ea3ng Nam\",\"potentialAction\":[{\"@type\":\"SearchAction\",\"target\":{\"@type\":\"EntryPoint\",\"urlTemplate\":\"https:\/\/tranthi.vn\/quangnam\/?s={search_term_string}\"},\"query-input\":\"required name=search_term_string\"}],\"inLanguage\":\"vi\"},{\"@type\":\"ImageObject\",\"inLanguage\":\"vi\",\"@id\":\"https:\/\/tranthi.vn\/quangnam\/bot-tret-jotun-ngoai-noi-that-bao-40kg-tdp\/#local-main-organization-logo\",\"url\":\"\",\"contentUrl\":\"\",\"caption\":\"V\u1eadt Li\u1ec7u X\u00e2y D\u1ef1ng Tr\u1ea7n Th\u1ecb Chi Nh\u00e1nh Qu\u1ea3ng Nam\"}]}<\/script>\n<meta property=\"product:price:amount\" content=\"370000\" \/>\n<meta property=\"product:price:currency\" content=\"VND\" \/>\n<meta property=\"og:availability\" content=\"instock\" \/>\n<meta property=\"product:availability\" content=\"instock\" \/>\n<meta property=\"product:condition\" content=\"new\" \/>\n<!-- \/ Yoast SEO Premium plugin. -->","yoast_head_json":{"title":"B\u1ed9t Tr\u00e9t Jotun Ngo\u1ea1i - N\u1ed9i Th\u1ea5t \u2013 Bao 40kg - V\u1eadt Li\u1ec7u X\u00e2y D\u1ef1ng Tr\u1ea7n Th\u1ecb Chi Nh\u00e1nh Qu\u1ea3ng Nam","robots":{"index":"index","follow":"follow","max-snippet":"max-snippet:-1","max-image-preview":"max-image-preview:large","max-video-preview":"max-video-preview:-1"},"canonical":"https:\/\/tranthi.vn\/quangnam\/bot-tret-jotun-ngoai-noi-that-bao-40kg-tdp\/","og_locale":"vi_VN","og_type":"article","og_title":"B\u1ed9t Tr\u00e9t Jotun Ngo\u1ea1i - N\u1ed9i Th\u1ea5t \u2013 Bao 40kg","og_description":"\u01afu \u0111i\u1ec3m:   D\u00f9ng l\u00e0m m\u1ecbn b\u1ec1 m\u1eb7t t\u01b0\u1eddng   B\u1ec1 m\u1eb7t \u0111anh ch\u1eafc  \u0110\u1ed9 b\u00e1m d\u00ednh cao.  Giao h\u00e0ng trong \u0111\u1ecba \u0111\u00e0n \u0110\u00e0 N\u1eb5ng   \u0110\u01a1n v\u1ecb t\u00ednh: 40 kg  M\u00e0u: Tr\u1eafng  \u0110\u01a1n gi\u00e1 b\u1ed9t tr\u00e9t ngo\u1ea1i n\u1ed9i th\u1ea5t Jotun trong n\u1ed9i th\u00e0nh: 370.000\u0111\/40kg  \u0110\u01a1n gi\u00e1 b\u1ed9t tr\u00e9t ngo\u1ea1i n\u1ed9i th\u1ea5t Jotun \u00e1p d\u1ee5ng khi mua 5 s\u1ea3n ph\u1ea9m tr\u1edf l\u00ean.  \u00a0Ngo\u00e0i ra Tr\u1ea7n Th\u1ecb c\u00f2n nh\u1eadn giao h\u00e0ng \u0111\u1ebfn c\u00e1c \u0111i\u1ec3m\u00a0\u0110\u00f4ng H\u00e0 Qu\u1ea3ng tr\u1ecb,\u00a0H\u1ed9i An,\u00a0Tam k\u1ef3 Qu\u1ea3ng Nam,\u00a0Hu\u1ebf\u00a0,\u00a0Qu\u1ea3ng Ng\u00e3i   Chi ph\u00ed v\u1eadn chuy\u1ec3n s\u1ebd t\u00ednh theo kho\u1ea3ng c\u00e1ch v\u00e0 s\u1ed1 l\u01b0\u1ee3ng h\u00e0ng h\u00f3a nh\u1eadp","og_url":"https:\/\/tranthi.vn\/quangnam\/bot-tret-jotun-ngoai-noi-that-bao-40kg-tdp\/","og_site_name":"V\u1eadt Li\u1ec7u X\u00e2y D\u1ef1ng Tr\u1ea7n Th\u1ecb Chi Nh\u00e1nh Qu\u1ea3ng Nam","article_modified_time":"2024-06-12T09:20:55+00:00","og_image":[{"width":225,"height":225,"url":"https:\/\/tranthi.vn\/quangnam\/wp-content\/uploads\/2024\/03\/Bot-Tret-Jotun-Ngoai-Noi-That-gia-re-da-nang.jpg","type":"image\/jpeg"}],"twitter_card":"summary_large_image","twitter_misc":{"Gi\u00e1":"370,000&nbsp;&#8363;","Kh\u1ea3 d\u1ee5ng":"Trong kho"},"schema":{"@context":"https:\/\/schema.org","@graph":[{"@type":["WebPage","ItemPage"],"@id":"https:\/\/tranthi.vn\/quangnam\/bot-tret-jotun-ngoai-noi-that-bao-40kg-tdp\/","url":"https:\/\/tranthi.vn\/quangnam\/bot-tret-jotun-ngoai-noi-that-bao-40kg-tdp\/","name":"B\u1ed9t Tr\u00e9t Jotun Ngo\u1ea1i - N\u1ed9i Th\u1ea5t \u2013 Bao 40kg - V\u1eadt Li\u1ec7u X\u00e2y D\u1ef1ng Tr\u1ea7n Th\u1ecb Chi Nh\u00e1nh Qu\u1ea3ng Nam","isPartOf":{"@id":"https:\/\/tranthi.vn\/quangnam\/#website"},"primaryImageOfPage":{"@id":"https:\/\/tranthi.vn\/quangnam\/bot-tret-jotun-ngoai-noi-that-bao-40kg-tdp\/#primaryimage"},"image":{"@id":"https:\/\/tranthi.vn\/quangnam\/bot-tret-jotun-ngoai-noi-that-bao-40kg-tdp\/#primaryimage"},"thumbnailUrl":"https:\/\/tranthi.vn\/quangnam\/wp-content\/uploads\/2024\/03\/Bot-Tret-Jotun-Ngoai-Noi-That-gia-re-da-nang.jpg","datePublished":"2024-03-13T03:11:18+00:00","dateModified":"2024-06-12T09:20:55+00:00","breadcrumb":{"@id":"https:\/\/tranthi.vn\/quangnam\/bot-tret-jotun-ngoai-noi-that-bao-40kg-tdp\/#breadcrumb"},"inLanguage":"vi","potentialAction":[{"@type":"ReadAction","target":["https:\/\/tranthi.vn\/quangnam\/bot-tret-jotun-ngoai-noi-that-bao-40kg-tdp\/"]}]},{"@type":"ImageObject","inLanguage":"vi","@id":"https:\/\/tranthi.vn\/quangnam\/bot-tret-jotun-ngoai-noi-that-bao-40kg-tdp\/#primaryimage","url":"https:\/\/tranthi.vn\/quangnam\/wp-content\/uploads\/2024\/03\/Bot-Tret-Jotun-Ngoai-Noi-That-gia-re-da-nang.jpg","contentUrl":"https:\/\/tranthi.vn\/quangnam\/wp-content\/uploads\/2024\/03\/Bot-Tret-Jotun-Ngoai-Noi-That-gia-re-da-nang.jpg","width":225,"height":225},{"@type":"BreadcrumbList","@id":"https:\/\/tranthi.vn\/quangnam\/bot-tret-jotun-ngoai-noi-that-bao-40kg-tdp\/#breadcrumb","itemListElement":[{"@type":"ListItem","position":1,"name":"Trang ch\u1ee7","item":"https:\/\/tranthi.vn\/quangnam\/"},{"@type":"ListItem","position":2,"name":"Shop","item":"https:\/\/tranthi.vn\/quangnam\/shop\/"},{"@type":"ListItem","position":3,"name":"B\u1ed9t Tr\u00e9t Jotun Ngo\u1ea1i &#8211; N\u1ed9i Th\u1ea5t \u2013 Bao 40kg"}]},{"@type":"WebSite","@id":"https:\/\/tranthi.vn\/quangnam\/#website","url":"https:\/\/tranthi.vn\/quangnam\/","name":"V\u1eadt Li\u1ec7u X\u00e2y D\u1ef1ng Tr\u1ea7n Th\u1ecb Chi Nh\u00e1nh Qu\u1ea3ng Nam","description":"V\u1eadt Li\u1ec7u X\u00e2y D\u1ef1ng - Qu\u1ea3ng Nam","potentialAction":[{"@type":"SearchAction","target":{"@type":"EntryPoint","urlTemplate":"https:\/\/tranthi.vn\/quangnam\/?s={search_term_string}"},"query-input":"required name=search_term_string"}],"inLanguage":"vi"},{"@type":"ImageObject","inLanguage":"vi","@id":"https:\/\/tranthi.vn\/quangnam\/bot-tret-jotun-ngoai-noi-that-bao-40kg-tdp\/#local-main-organization-logo","url":"","contentUrl":"","caption":"V\u1eadt Li\u1ec7u X\u00e2y D\u1ef1ng Tr\u1ea7n Th\u1ecb Chi Nh\u00e1nh Qu\u1ea3ng Nam"}]},"product_price_amount":"370000","product_price_currency":"VND","og_availability":"instock","product_availability":"instock","product_condition":"new"},"_links":{"self":[{"href":"https:\/\/tranthi.vn\/quangnam\/wp-json\/wp\/v2\/product\/6774","targetHints":{"allow":["GET"]}}],"collection":[{"href":"https:\/\/tranthi.vn\/quangnam\/wp-json\/wp\/v2\/product"}],"about":[{"href":"https:\/\/tranthi.vn\/quangnam\/wp-json\/wp\/v2\/types\/product"}],"replies":[{"embeddable":true,"href":"https:\/\/tranthi.vn\/quangnam\/wp-json\/wp\/v2\/comments?post=6774"}],"wp:featuredmedia":[{"embeddable":true,"href":"https:\/\/tranthi.vn\/quangnam\/wp-json\/wp\/v2\/media\/6888"}],"wp:attachment":[{"href":"https:\/\/tranthi.vn\/quangnam\/wp-json\/wp\/v2\/media?parent=6774"}],"wp:term":[{"taxonomy":"product_cat","embeddable":true,"href":"https:\/\/tranthi.vn\/quangnam\/wp-json\/wp\/v2\/product_cat?post=6774"},{"taxonomy":"product_tag","embeddable":true,"href":"https:\/\/tranthi.vn\/quangnam\/wp-json\/wp\/v2\/product_tag?post=6774"}],"curies":[{"name":"wp","href":"https:\/\/api.w.org\/{rel}","templated":true}]}}