{"id":6618,"date":"2024-01-27T10:05:53","date_gmt":"2024-01-27T03:05:53","guid":{"rendered":"https:\/\/tranthi.vn\/quangnam\/?post_type=product&#038;p=6618"},"modified":"2024-07-19T14:03:33","modified_gmt":"2024-07-19T07:03:33","slug":"thiet-ke-noi-that-tron-goi-da-nang","status":"publish","type":"product","link":"https:\/\/tranthi.vn\/quangnam\/thiet-ke-noi-that-tron-goi-da-nang\/","title":{"rendered":"Thi\u1ebft k\u1ebf n\u1ed9i th\u1ea5t tr\u1ecdn g\u00f3i \u0110\u00e0 N\u1eb5ng"},"content":{"rendered":"<div class=\"w-full text-token-text-primary\" data-testid=\"conversation-turn-3\">\n<div class=\"px-4 py-2 justify-center text-base md:gap-6 m-auto\">\n<div class=\"flex flex-1 text-base mx-auto gap-3 md:px-5 lg:px-1 xl:px-5 md:max-w-3xl lg:max-w-[40rem] xl:max-w-[48rem] group\">\n<div class=\"relative flex w-full flex-col agent-turn\">\n<div class=\"flex-col gap-1 md:gap-3\">\n<div class=\"flex flex-grow flex-col max-w-full\">\n<div class=\"min-h-[20px] text-message flex flex-col items-start gap-3 whitespace-pre-wrap break-words [.text-message+&amp;]:mt-5 overflow-x-auto\" data-message-author-role=\"assistant\" data-message-id=\"153fe771-cc14-41c9-8fbb-c35a547b33ce\">\n<div class=\"markdown prose w-full break-words dark:prose-invert light\">\n<h1 style=\"text-align: center;\"><span style=\"font-family: 'times new roman', times, serif; font-size: 130%;\">Thi c\u00f4ng n\u1ed9i th\u1ea5t tr\u1ecdn g\u00f3i \u0110\u00e0 N\u1eb5ng<\/span><\/h1>\n<\/div>\n<p>&nbsp;<\/p>\n<div class=\"markdown prose w-full break-words dark:prose-invert light\">\n<p><span style=\"font-family: 'times new roman', times, serif; font-size: 130%;\"><em><strong>\u0110\u00e0 N\u1eb5ng<\/strong><\/em>, v\u1edbi v\u1ebb \u0111\u1eb9p t\u1ef1 nhi\u00ean h\u00f9ng v\u0129 v\u00e0 s\u1ef1 ph\u00e1t tri\u1ec3n v\u1ec1 kinh t\u1ebf, \u0111ang tr\u1edf th\u00e0nh trung t\u00e2m thu h\u00fat s\u1ef1 ch\u00fa \u00fd c\u1ee7a nhi\u1ec1u ng\u01b0\u1eddi. Trong qu\u00e1 tr\u00ecnh ph\u00e1t tri\u1ec3n, vi\u1ec7c thi\u1ebft k\u1ebf v\u00e0 <strong>thi c\u00f4ng n\u1ed9i th\u1ea5t<\/strong> \u0111\u00f3ng vai tr\u00f2 quan tr\u1ecdng trong vi\u1ec7c t\u1ea1o ra kh\u00f4ng gian s\u1ed1ng ti\u1ec7n nghi, \u0111\u1eb3ng c\u1ea5p v\u00e0 th\u1ea9m m\u1ef9 cho c\u01b0 d\u00e2n \u0111\u1ecba ph\u01b0\u01a1ng v\u00e0 du kh\u00e1ch. D\u01b0\u1edbi \u0111\u00e2y l\u00e0 m\u1ed9t s\u1ed1 \u0111i\u1ec3m n\u1ed5i b\u1eadt v\u1ec1 thi\u1ebft k\u1ebf v\u00e0 thi c\u00f4ng n\u1ed9i th\u1ea5t \u1edf \u0110\u00e0 N\u1eb5ng:<\/span><\/p>\n<ol>\n<li><span style=\"font-size: 130%;\"><span style=\"font-family: 'times new roman', times, serif;\"><strong>Ti\u00eau Chu\u1ea9n Ch\u1ea5t L\u01b0\u1ee3ng<\/strong><\/span><span style=\"font-family: 'times new roman', times, serif;\"><br \/>\n&#8211; Trong qu\u00e1 tr\u00ecnh thi\u1ebft k\u1ebf v\u00e0 thi c\u00f4ng n\u1ed9i th\u1ea5t, c\u00e1c nh\u00e0 thi\u1ebft k\u1ebf v\u00e0 c\u00e1c \u0111\u1ed9i th\u1ee3 chuy\u00ean nghi\u1ec7p t\u1ea1i<a href=\"https:\/\/vi.wikipedia.org\/wiki\/%C4%90%C3%A0_N%E1%BA%B5ng\"> \u0110\u00e0 N\u1eb5ng<\/a> lu\u00f4n \u0111\u1eb7t ti\u00eau chu\u1ea9n ch\u1ea5t l\u01b0\u1ee3ng l\u00ean h\u00e0ng \u0111\u1ea7u. S\u1ef1 k\u1ef9 l\u01b0\u1ee1ng, t\u1ec9 m\u1ec9 v\u00e0 chuy\u00ean nghi\u1ec7p trong t\u1eebng c\u00f4ng \u0111o\u1ea1n s\u1ea3n xu\u1ea5t \u0111\u1ea3m b\u1ea3o r\u1eb1ng m\u1ed7i s\u1ea3n ph\u1ea9m \u0111\u01b0\u1ee3c t\u1ea1o ra kh\u00f4ng ch\u1ec9 \u0111\u00e1p \u1ee9ng nhu c\u1ea7u s\u1eed d\u1ee5ng m\u00e0 c\u00f2n th\u1ec3 hi\u1ec7n phong c\u00e1ch v\u00e0 c\u00e1 t\u00ednh ri\u00eang c\u1ee7a gia ch\u1ee7.<\/span><\/span><\/li>\n<li><span style=\"font-size: 130%;\"><span style=\"font-family: 'times new roman', times, serif;\"><span style=\"font-family: 'times new roman', times, serif;\"><strong>S\u1ef1 S\u00e1ng T\u1ea1o v\u00e0 \u0110a D\u1ea1ng<\/strong>:<\/span><\/span>\u0110\u00e0 N\u1eb5ng kh\u00f4ng ng\u1eebng tr\u1edf th\u00e0nh \u0111i\u1ec3m \u0111\u1ebfn l\u00fd t\u01b0\u1edfng cho c\u00e1c nh\u00e0 thi\u1ebft k\u1ebf n\u1ed9i th\u1ea5t \u0111am m\u00ea s\u00e1ng t\u1ea1o. T\u1eeb phong c\u00e1ch hi\u1ec7n \u0111\u1ea1i, c\u1ed5 \u0111i\u1ec3n \u0111\u1ebfn vintage v\u00e0 minimalist, s\u1ef1 \u0111a d\u1ea1ng trong phong c\u00e1ch thi\u1ebft k\u1ebf n\u1ed9i th\u1ea5t t\u1ea1i \u0110\u00e0 N\u1eb5ng cho ph\u00e9p c\u01b0 d\u00e2n c\u00f3 nhi\u1ec1u l\u1ef1a ch\u1ecdn ph\u00f9 h\u1ee3p v\u1edbi s\u1edf th\u00edch v\u00e0 phong c\u00e1ch s\u1ed1ng.<\/span><\/li>\n<li><span style=\"font-size: 130%;\"><span style=\"font-family: 'times new roman', times, serif;\"><span style=\"font-family: 'times new roman', times, serif;\"><strong>S\u1eed D\u1ee5ng V\u1eadt Li\u1ec7u B\u1ec1n B\u1ec9 v\u00e0 Th\u00e2n Thi\u1ec7n<\/strong>:<\/span><\/span>Vi\u1ec7c s\u1eed d\u1ee5ng v\u1eadt li\u1ec7u t\u1ef1 nhi\u00ean v\u00e0 th\u00e2n thi\u1ec7n v\u1edbi m\u00f4i tr\u01b0\u1eddng l\u00e0 m\u1ed9t trong nh\u1eefng \u01b0u ti\u00ean h\u00e0ng \u0111\u1ea7u c\u1ee7a ng\u01b0\u1eddi thi\u1ebft k\u1ebf v\u00e0 ng\u01b0\u1eddi ti\u00eau d\u00f9ng t\u1ea1i \u0110\u00e0 N\u1eb5ng. B\u00ea\u0300n v\u1eefng v\u00e0 t\u00ednh th\u1ea9m m\u1ef9 cao c\u1ee7a c\u00e1c v\u1eadt li\u1ec7u nh\u01b0 g\u1ed7, \u0111\u00e1, kim lo\u1ea1i k\u1ebft h\u1ee3p v\u1edbi c\u00f4ng ngh\u1ec7 hi\u1ec7n \u0111\u1ea1i trong qu\u00e1 tr\u00ecnh s\u1ea3n xu\u1ea5t gi\u00fap t\u1ea1o ra nh\u1eefng s\u1ea3n ph\u1ea9m n\u1ed9i th\u1ea5t kh\u00f4ng ch\u1ec9 \u0111\u1eb9p m\u1eaft m\u00e0 c\u00f2n b\u1ec1n v\u1eefng theo th\u1eddi gian.<\/span><\/li>\n<li><span style=\"font-size: 130%;\"><span style=\"font-family: 'times new roman', times, serif;\"><span style=\"font-family: 'times new roman', times, serif;\"><strong>T\u1eadn D\u1ee5ng Kh\u00f4ng Gian S\u1ed1ng Hi\u1ec7u Qu\u1ea3<\/strong>:<\/span><\/span>V\u1edbi c\u00e1c c\u0103n h\u1ed9 ch\u1eadt h\u1eb9p v\u00e0 c\u00e1c bi\u1ec7t th\u1ef1 r\u1ed9ng l\u1edbn, vi\u1ec7c thi\u1ebft k\u1ebf v\u00e0 <em><strong>thi c\u00f4ng n\u1ed9i th\u1ea5t<\/strong><\/em> t\u1ea1i \u0110\u00e0 N\u1eb5ng lu\u00f4n nh\u1eafm \u0111\u1ebfn vi\u1ec7c t\u1eadn d\u1ee5ng m\u1ed7i centimet vu\u00f4ng kh\u00f4ng gian s\u1ed1ng m\u1ed9t c\u00e1ch hi\u1ec7u qu\u1ea3 nh\u1ea5t. S\u1ef1 s\u00e1ng t\u1ea1o trong vi\u1ec7c b\u1ed1 tr\u00ed, l\u1ef1a ch\u1ecdn n\u1ed9i th\u1ea5t v\u00e0 c\u00e1c gi\u1ea3i ph\u00e1p ti\u1ec7n \u00edch gi\u00fap m\u1edf r\u1ed9ng kh\u00f4ng gian v\u00e0 t\u1ea1o c\u1ea3m gi\u00e1c tho\u1ea3i m\u00e1i, ti\u1ec7n nghi cho c\u01b0 d\u00e2n.<\/span><\/li>\n<li><span style=\"font-size: 130%;\"><span style=\"font-family: 'times new roman', times, serif;\"><span style=\"font-family: 'times new roman', times, serif;\"><strong>D\u1ecbch V\u1ee5 H\u1eadu M\u00e3i T\u1eadn T\u00e2m<\/strong>:<\/span><\/span>S\u1ef1 h\u00e0i l\u00f2ng v\u00e0 ni\u1ec1m tin c\u1ee7a kh\u00e1ch h\u00e0ng l\u00e0 \u01b0u ti\u00ean h\u00e0ng \u0111\u1ea7u c\u1ee7a c\u00e1c doanh nghi\u1ec7p thi\u1ebft k\u1ebf v\u00e0 thi c\u00f4ng n\u1ed9i th\u1ea5t t\u1ea1i \u0110\u00e0 N\u1eb5ng. D\u1ecbch v\u1ee5 h\u1eadu m\u00e3i t\u1eadn t\u00e2m, s\u1ef1 ch\u0103m s\u00f3c v\u00e0 b\u1ea3o d\u01b0\u1ee1ng sau khi ho\u00e0n th\u00e0nh d\u1ef1 \u00e1n kh\u00f4ng ch\u1ec9 l\u00e0 cam k\u1ebft m\u00e0 c\u00f2n l\u00e0 n\u00e9t \u0111\u1eb7c tr\u01b0ng c\u1ee7a ng\u00e0nh c\u00f4ng nghi\u1ec7p n\u1ed9i th\u1ea5t t\u1ea1i th\u00e0nh ph\u1ed1 n\u00e0y.<\/span><\/li>\n<\/ol>\n<p><span style=\"font-family: 'times new roman', times, serif; font-size: 130%;\">Tr\u00ean c\u01a1 s\u1edf nh\u1eefng y\u1ebfu t\u1ed1 tr\u00ean, vi\u1ec7c thi\u1ebft k\u1ebf v\u00e0 thi c\u00f4ng n\u1ed9i th\u1ea5t t\u1ea1i \u0110\u00e0 N\u1eb5ng kh\u00f4ng ch\u1ec9 l\u00e0 vi\u1ec7c t\u1ea1o ra c\u00e1c kh\u00f4ng gian s\u1ed1ng \u0111\u1eb3ng c\u1ea5p m\u00e0 c\u00f2n l\u00e0 c\u00e1ch \u0111\u1ec3 th\u1ec3 hi\u1ec7n c\u00e1 t\u00ednh v\u00e0 phong c\u00e1ch s\u1ed1ng c\u1ee7a m\u1ed7i c\u00e1 nh\u00e2n, mang l\u1ea1i s\u1ef1 h\u00e0i l\u00f2ng v\u00e0 tr\u1ea3i nghi\u1ec7m tuy\u1ec7t v\u1eddi nh\u1ea5t cho kh\u00e1ch h\u00e0ng.<\/span><\/p>\n<\/div>\n<\/div>\n<\/div>\n<div class=\"mt-1 flex justify-start gap-3 empty:hidden\">\n<div class=\"text-gray-400 flex self-end lg:self-center items-center justify-center lg:justify-start mt-0 -ml-1 h-7 gap-[2px] visible\">\n<p>&nbsp;<\/p>\n<h2 class=\"flex\"><strong><span style=\"font-family: 'times new roman', times, serif;\">2. C\u00e1c h\u1ea1ng m\u1ee5c thi c\u00f4ng n\u1ed9i th\u1ea5t tr\u1ecdn goi<\/span><\/strong><\/h2>\n<\/div>\n<\/div>\n<div>\n<p><span style=\"font-family: 'times new roman', times, serif; font-size: 130%;\">Trong thi\u1ebft k\u1ebf n\u1ed9i th\u1ea5t, c\u00f3 m\u1ed9t s\u1ed1 h\u1ea1ng m\u1ee5c quan tr\u1ecdng m\u00e0 Tr\u1ea7n Th\u1ecb cung c\u1ea5p d\u1ecbch v\u1ee5 <strong><em>thi c\u00f4ng tr\u1ecdn g\u00f3i<\/em> <\/strong>v\u00e0 t\u01b0 v\u1ea5n. D\u01b0\u1edbi \u0111\u00e2y l\u00e0 m\u1ed9t s\u1ed1 h\u1ea1ng m\u1ee5c ph\u1ed5 bi\u1ebfn trong thi\u1ebft k\u1ebf n\u1ed9i th\u1ea5t:<\/span><\/p>\n<ol>\n<li><span style=\"font-family: 'times new roman', times, serif; font-size: 130%;\"><strong>T\u1ee7 B\u1ebfp v\u00e0 \u0110\u1ea3o B\u1ebfp<\/strong>: T\u1ee7 b\u1ebfp v\u00e0 \u0111\u1ea3o b\u1ebfp l\u00e0 trung t\u00e2m c\u1ee7a kh\u00f4ng gian n\u1ea5u n\u01b0\u1edbng. Tr\u1ea7n Th\u1ecb thi\u1ebft k\u1ebf v\u00e0 thi c\u00f4ng c\u00e1c lo\u1ea1i t\u1ee7 b\u1ebfp v\u00e0 \u0111\u1ea3o b\u1ebfp v\u1edbi \u0111a d\u1ea1ng ki\u1ec3u d\u00e1ng, ch\u1ea5t li\u1ec7u v\u00e0 t\u00ednh n\u0103ng \u0111\u1ec3 \u0111\u00e1p \u1ee9ng nhu c\u1ea7u s\u1eed d\u1ee5ng v\u00e0 th\u1ea9m m\u1ef9 c\u1ee7a kh\u00e1ch h\u00e0ng.<\/span><\/li>\n<li><span style=\"font-family: 'times new roman', times, serif; font-size: 130%;\"><strong>T\u1ee7 Qu\u1ea7n \u00c1o v\u00e0 T\u1ee7 \u0110\u1ed3 G\u1ed7<\/strong>: \u0110\u00e2y l\u00e0 c\u00e1c h\u1ea1ng m\u1ee5c thi\u1ebft k\u1ebf quan tr\u1ecdng trong ph\u00f2ng ng\u1ee7. Tr\u1ea7n Th\u1ecb cung c\u1ea5p c\u00e1c lo\u1ea1i t\u1ee7 qu\u1ea7n \u00e1o v\u00e0 t\u1ee7 \u0111\u1ed3 g\u1ed7 \u0111a d\u1ea1ng v\u1ec1 ki\u1ec3u d\u00e1ng v\u00e0 k\u00edch th\u01b0\u1edbc, gi\u00fap t\u1ed1i \u01b0u h\u00f3a kh\u00f4ng gian l\u01b0u tr\u1eef v\u00e0 t\u1ea1o ra kh\u00f4ng gian s\u1ed1ng g\u1ecdn g\u00e0ng v\u00e0 ti\u1ec7n nghi.<\/span><\/li>\n<li><span style=\"font-family: 'times new roman', times, serif; font-size: 130%;\"><strong>Sofa v\u00e0 Gh\u1ebf<\/strong>: Sofa v\u00e0 gh\u1ebf l\u00e0 nh\u1eefng m\u1ea3nh gh\u00e9p kh\u00f4ng th\u1ec3 thi\u1ebfu trong ph\u00f2ng kh\u00e1ch v\u00e0 kh\u00f4ng gian ti\u1ebfp kh\u00e1ch. Tr\u1ea7n Th\u1ecb cung c\u1ea5p c\u00e1c lo\u1ea1i sofa v\u00e0 gh\u1ebf \u0111a d\u1ea1ng v\u1ec1 ki\u1ec3u d\u00e1ng, ch\u1ea5t li\u1ec7u v\u00e0 m\u00e0u s\u1eafc, ph\u1ea3n \u00e1nh phong c\u00e1ch v\u00e0 c\u00e1 t\u00ednh c\u1ee7a t\u1eebng gia \u0111\u00ecnh.<\/span><\/li>\n<li><span style=\"font-family: 'times new roman', times, serif; font-size: 130%;\"><strong>B\u00e0n \u0102n v\u00e0 Gh\u1ebf \u0102n<\/strong>: Trong kh\u00f4ng gian ph\u00f2ng \u0103n, b\u00e0n \u0103n v\u00e0 gh\u1ebf \u0103n kh\u00f4ng ch\u1ec9 l\u00e0 n\u01a1i t\u1eadp trung gia \u0111\u00ecnh qu\u00e2y qu\u1ea7n m\u1ed7i b\u1eefa \u0103n m\u00e0 c\u00f2n l\u00e0 \u0111i\u1ec3m nh\u1ea5n c\u1ee7a kh\u00f4ng gian n\u1ed9i th\u1ea5t. Tr\u1ea7n Th\u1ecb cung c\u1ea5p c\u00e1c lo\u1ea1i b\u00e0n \u0103n v\u00e0 gh\u1ebf \u0103n \u0111a d\u1ea1ng v\u1ec1 ki\u1ec3u d\u00e1ng v\u00e0 ch\u1ea5t li\u1ec7u, ph\u00f9 h\u1ee3p v\u1edbi m\u1ecdi kh\u00f4ng gian v\u00e0 nhu c\u1ea7u s\u1eed d\u1ee5ng.<\/span><\/li>\n<li><span style=\"font-family: 'times new roman', times, serif; font-size: 130%;\"><strong>\u0110\u00e8n Trang Tr\u00ed v\u00e0 \u0110\u00e8n Chi\u1ebfu S\u00e1ng<\/strong>: \u00c1nh s\u00e1ng \u0111\u00f3ng vai tr\u00f2 quan tr\u1ecdng trong vi\u1ec7c t\u1ea1o ra kh\u00f4ng gian s\u1ed1ng tho\u1ea3i m\u00e1i v\u00e0 \u1ea5m \u00e1p. Tr\u1ea7n Th\u1ecb cung c\u1ea5p c\u00e1c lo\u1ea1i \u0111\u00e8n trang tr\u00ed v\u00e0 \u0111\u00e8n chi\u1ebfu s\u00e1ng \u0111a d\u1ea1ng v\u1ec1 ki\u1ec3u d\u00e1ng v\u00e0 ch\u1ea5t li\u1ec7u, gi\u00fap t\u1ea1o ra kh\u00f4ng gian s\u1ed1ng s\u00e1ng s\u1ee7a v\u00e0 \u0111\u1eb3ng c\u1ea5p.<\/span><\/li>\n<\/ol>\n<p><span style=\"font-family: 'times new roman', times, serif; font-size: 130%;\">Nh\u1eefng h\u1ea1ng m\u1ee5c tr\u00ean \u0111\u1ec1u l\u00e0 nh\u1eefng y\u1ebfu t\u1ed1 quan tr\u1ecdng trong vi\u1ec7c t\u1ea1o ra kh\u00f4ng gian s\u1ed1ng ti\u1ec7n nghi, \u0111\u1eb3ng c\u1ea5p v\u00e0 th\u1ea9m m\u1ef9 cho gia \u0111\u00ecnh. Tr\u1ea7n Th\u1ecb cam k\u1ebft mang l\u1ea1i d\u1ecbch v\u1ee5 thi\u1ebft k\u1ebf v\u00e0 thi c\u00f4ng ch\u1ea5t l\u01b0\u1ee3ng cao, \u0111\u00e1p \u1ee9ng m\u1ecdi nhu c\u1ea7u v\u00e0 mong mu\u1ed1n c\u1ee7a kh\u00e1ch h\u00e0ng.<\/span><\/p>\n<\/div>\n<\/div>\n<\/div>\n<\/div>\n<\/div>\n<\/div>\n<div class=\"w-full text-token-text-primary\" data-testid=\"conversation-turn-4\">\n<div class=\"px-4 py-2 justify-center text-base md:gap-6 m-auto\">\n<div class=\"flex flex-1 text-base mx-auto gap-3 md:px-5 lg:px-1 xl:px-5 md:max-w-3xl lg:max-w-[40rem] xl:max-w-[48rem] group\">\n<div class=\"flex-shrink-0 flex flex-col relative items-end\">\n<div>\n<div class=\"pt-0.5\">\n<div class=\"gizmo-shadow-stroke flex h-6 w-6 items-center justify-center overflow-hidden rounded-full\"><\/div>\n<\/div>\n<\/div>\n<\/div>\n<\/div>\n<\/div>\n<\/div>\n","protected":false},"excerpt":{"rendered":"<p>Thi c\u00f4ng n\u1ed9i th\u1ea5t tr\u1ecdn g\u00f3i \u0110\u00e0 N\u1eb5ng &nbsp; \u0110\u00e0 N\u1eb5ng, v\u1edbi v\u1ebb \u0111\u1eb9p t\u1ef1 nhi\u00ean h\u00f9ng v\u0129 v\u00e0 s\u1ef1 ph\u00e1t tri\u1ec3n v\u1ec1 kinh t\u1ebf, \u0111ang tr\u1edf th\u00e0nh trung t\u00e2m thu h\u00fat s\u1ef1 ch\u00fa \u00fd c\u1ee7a nhi\u1ec1u ng\u01b0\u1eddi. Trong qu\u00e1 tr\u00ecnh ph\u00e1t tri\u1ec3n, vi\u1ec7c thi\u1ebft k\u1ebf v\u00e0 thi c\u00f4ng n\u1ed9i th\u1ea5t \u0111\u00f3ng vai tr\u00f2 quan [&#8230;]\n","protected":false},"featured_media":0,"comment_status":"closed","ping_status":"closed","template":"","meta":[],"product_cat":[390],"product_tag":[],"class_list":{"0":"post-6618","1":"product","2":"type-product","3":"status-publish","5":"product_cat-thung-rac","7":"first","8":"instock","9":"shipping-taxable","10":"product-type-simple"},"yoast_head":"<!-- This site is optimized with the Yoast SEO Premium plugin v22.3 (Yoast SEO v22.8) - https:\/\/yoast.com\/wordpress\/plugins\/seo\/ -->\n<title>Thi\u1ebft k\u1ebf thi c\u00f4ng g\u1ed7 c\u00f4ng nghi\u1ec7p tr\u1ecdn g\u1ecdi n\u1ed9i th\u1ea5t \u0110\u00e0 N\u1eb5ng - 0903.595.049<\/title>\n<meta name=\"description\" content=\"Tr\u1ea7n Th\u1ecb l\u00e0 c\u00f4ng ty thi c\u00f4ng c\u00e1c lo\u1ea1i g\u1ed7 c\u00f4ng nghi\u1ec7p tr\u1ecdn g\u00f3i v\u1edbi c\u00e1c lo\u1ea1i nh\u1ef1a , g\u1ed7 mdf ch\u1ed1ng \u1ea9m v\u00e0 c\u00e1c lo\u1ea1i v\u1eadt d\u1ee5ng kh\u00e1c t\u1ea1i \u0111\u00e0 n\u1eb5ng\" \/>\n<meta name=\"robots\" content=\"index, follow, max-snippet:-1, max-image-preview:large, max-video-preview:-1\" \/>\n<link rel=\"canonical\" href=\"https:\/\/tranthi.vn\/quangnam\/thiet-ke-noi-that-tron-goi-da-nang\/\" \/>\n<meta property=\"og:locale\" content=\"vi_VN\" \/>\n<meta property=\"og:type\" content=\"article\" \/>\n<meta property=\"og:title\" content=\"Thi\u1ebft k\u1ebf n\u1ed9i th\u1ea5t tr\u1ecdn g\u00f3i \u0110\u00e0 N\u1eb5ng\" \/>\n<meta property=\"og:description\" content=\"Tr\u1ea7n Th\u1ecb l\u00e0 c\u00f4ng ty thi c\u00f4ng c\u00e1c lo\u1ea1i g\u1ed7 c\u00f4ng nghi\u1ec7p tr\u1ecdn g\u00f3i v\u1edbi c\u00e1c lo\u1ea1i nh\u1ef1a , g\u1ed7 mdf ch\u1ed1ng \u1ea9m v\u00e0 c\u00e1c lo\u1ea1i v\u1eadt d\u1ee5ng kh\u00e1c t\u1ea1i \u0111\u00e0 n\u1eb5ng\" \/>\n<meta property=\"og:url\" content=\"https:\/\/tranthi.vn\/quangnam\/thiet-ke-noi-that-tron-goi-da-nang\/\" \/>\n<meta property=\"og:site_name\" content=\"V\u1eadt Li\u1ec7u X\u00e2y D\u1ef1ng Tr\u1ea7n Th\u1ecb Chi Nh\u00e1nh Qu\u1ea3ng Nam\" \/>\n<meta property=\"article:modified_time\" content=\"2024-07-19T07:03:33+00:00\" \/>\n<meta name=\"twitter:card\" content=\"summary_large_image\" \/>\n<meta name=\"twitter:label1\" content=\"Gi\u00e1\" \/>\n\t<meta name=\"twitter:data1\" content=\"\" \/>\n\t<meta name=\"twitter:label2\" content=\"Kh\u1ea3 d\u1ee5ng\" \/>\n\t<meta name=\"twitter:data2\" content=\"Trong kho\" \/>\n<script type=\"application\/ld+json\" class=\"yoast-schema-graph\">{\"@context\":\"https:\/\/schema.org\",\"@graph\":[{\"@type\":[\"WebPage\",\"ItemPage\"],\"@id\":\"https:\/\/tranthi.vn\/quangnam\/thiet-ke-noi-that-tron-goi-da-nang\/\",\"url\":\"https:\/\/tranthi.vn\/quangnam\/thiet-ke-noi-that-tron-goi-da-nang\/\",\"name\":\"Thi\u1ebft k\u1ebf thi c\u00f4ng g\u1ed7 c\u00f4ng nghi\u1ec7p tr\u1ecdn g\u1ecdi n\u1ed9i th\u1ea5t \u0110\u00e0 N\u1eb5ng - 0903.595.049\",\"isPartOf\":{\"@id\":\"https:\/\/tranthi.vn\/quangnam\/#website\"},\"datePublished\":\"2024-01-27T03:05:53+00:00\",\"dateModified\":\"2024-07-19T07:03:33+00:00\",\"description\":\"Tr\u1ea7n Th\u1ecb l\u00e0 c\u00f4ng ty thi c\u00f4ng c\u00e1c lo\u1ea1i g\u1ed7 c\u00f4ng nghi\u1ec7p tr\u1ecdn g\u00f3i v\u1edbi c\u00e1c lo\u1ea1i nh\u1ef1a , g\u1ed7 mdf ch\u1ed1ng \u1ea9m v\u00e0 c\u00e1c lo\u1ea1i v\u1eadt d\u1ee5ng kh\u00e1c t\u1ea1i \u0111\u00e0 n\u1eb5ng\",\"breadcrumb\":{\"@id\":\"https:\/\/tranthi.vn\/quangnam\/thiet-ke-noi-that-tron-goi-da-nang\/#breadcrumb\"},\"inLanguage\":\"vi\",\"potentialAction\":[{\"@type\":\"ReadAction\",\"target\":[\"https:\/\/tranthi.vn\/quangnam\/thiet-ke-noi-that-tron-goi-da-nang\/\"]}]},{\"@type\":\"BreadcrumbList\",\"@id\":\"https:\/\/tranthi.vn\/quangnam\/thiet-ke-noi-that-tron-goi-da-nang\/#breadcrumb\",\"itemListElement\":[{\"@type\":\"ListItem\",\"position\":1,\"name\":\"Trang ch\u1ee7\",\"item\":\"https:\/\/tranthi.vn\/quangnam\/\"},{\"@type\":\"ListItem\",\"position\":2,\"name\":\"Shop\",\"item\":\"https:\/\/tranthi.vn\/quangnam\/shop\/\"},{\"@type\":\"ListItem\",\"position\":3,\"name\":\"Thi\u1ebft k\u1ebf n\u1ed9i th\u1ea5t tr\u1ecdn g\u00f3i \u0110\u00e0 N\u1eb5ng\"}]},{\"@type\":\"WebSite\",\"@id\":\"https:\/\/tranthi.vn\/quangnam\/#website\",\"url\":\"https:\/\/tranthi.vn\/quangnam\/\",\"name\":\"V\u1eadt Li\u1ec7u X\u00e2y D\u1ef1ng Tr\u1ea7n Th\u1ecb Chi Nh\u00e1nh Qu\u1ea3ng Nam\",\"description\":\"V\u1eadt Li\u1ec7u X\u00e2y D\u1ef1ng - Qu\u1ea3ng Nam\",\"potentialAction\":[{\"@type\":\"SearchAction\",\"target\":{\"@type\":\"EntryPoint\",\"urlTemplate\":\"https:\/\/tranthi.vn\/quangnam\/?s={search_term_string}\"},\"query-input\":\"required name=search_term_string\"}],\"inLanguage\":\"vi\"},{\"@type\":\"ImageObject\",\"inLanguage\":\"vi\",\"@id\":\"https:\/\/tranthi.vn\/quangnam\/thiet-ke-noi-that-tron-goi-da-nang\/#local-main-organization-logo\",\"url\":\"\",\"contentUrl\":\"\",\"caption\":\"V\u1eadt Li\u1ec7u X\u00e2y D\u1ef1ng Tr\u1ea7n Th\u1ecb Chi Nh\u00e1nh Qu\u1ea3ng Nam\"}]}<\/script>\n<meta property=\"product:price:amount\" content=\"0\" \/>\n<meta property=\"product:price:currency\" content=\"VND\" \/>\n<meta property=\"og:availability\" content=\"instock\" \/>\n<meta property=\"product:availability\" content=\"instock\" \/>\n<meta property=\"product:condition\" content=\"new\" \/>\n<!-- \/ Yoast SEO Premium plugin. -->","yoast_head_json":{"title":"Thi\u1ebft k\u1ebf thi c\u00f4ng g\u1ed7 c\u00f4ng nghi\u1ec7p tr\u1ecdn g\u1ecdi n\u1ed9i th\u1ea5t \u0110\u00e0 N\u1eb5ng - 0903.595.049","description":"Tr\u1ea7n Th\u1ecb l\u00e0 c\u00f4ng ty thi c\u00f4ng c\u00e1c lo\u1ea1i g\u1ed7 c\u00f4ng nghi\u1ec7p tr\u1ecdn g\u00f3i v\u1edbi c\u00e1c lo\u1ea1i nh\u1ef1a , g\u1ed7 mdf ch\u1ed1ng \u1ea9m v\u00e0 c\u00e1c lo\u1ea1i v\u1eadt d\u1ee5ng kh\u00e1c t\u1ea1i \u0111\u00e0 n\u1eb5ng","robots":{"index":"index","follow":"follow","max-snippet":"max-snippet:-1","max-image-preview":"max-image-preview:large","max-video-preview":"max-video-preview:-1"},"canonical":"https:\/\/tranthi.vn\/quangnam\/thiet-ke-noi-that-tron-goi-da-nang\/","og_locale":"vi_VN","og_type":"article","og_title":"Thi\u1ebft k\u1ebf n\u1ed9i th\u1ea5t tr\u1ecdn g\u00f3i \u0110\u00e0 N\u1eb5ng","og_description":"Tr\u1ea7n Th\u1ecb l\u00e0 c\u00f4ng ty thi c\u00f4ng c\u00e1c lo\u1ea1i g\u1ed7 c\u00f4ng nghi\u1ec7p tr\u1ecdn g\u00f3i v\u1edbi c\u00e1c lo\u1ea1i nh\u1ef1a , g\u1ed7 mdf ch\u1ed1ng \u1ea9m v\u00e0 c\u00e1c lo\u1ea1i v\u1eadt d\u1ee5ng kh\u00e1c t\u1ea1i \u0111\u00e0 n\u1eb5ng","og_url":"https:\/\/tranthi.vn\/quangnam\/thiet-ke-noi-that-tron-goi-da-nang\/","og_site_name":"V\u1eadt Li\u1ec7u X\u00e2y D\u1ef1ng Tr\u1ea7n Th\u1ecb Chi Nh\u00e1nh Qu\u1ea3ng Nam","article_modified_time":"2024-07-19T07:03:33+00:00","twitter_card":"summary_large_image","twitter_misc":{"Gi\u00e1":"","Kh\u1ea3 d\u1ee5ng":"Trong kho"},"schema":{"@context":"https:\/\/schema.org","@graph":[{"@type":["WebPage","ItemPage"],"@id":"https:\/\/tranthi.vn\/quangnam\/thiet-ke-noi-that-tron-goi-da-nang\/","url":"https:\/\/tranthi.vn\/quangnam\/thiet-ke-noi-that-tron-goi-da-nang\/","name":"Thi\u1ebft k\u1ebf thi c\u00f4ng g\u1ed7 c\u00f4ng nghi\u1ec7p tr\u1ecdn g\u1ecdi n\u1ed9i th\u1ea5t \u0110\u00e0 N\u1eb5ng - 0903.595.049","isPartOf":{"@id":"https:\/\/tranthi.vn\/quangnam\/#website"},"datePublished":"2024-01-27T03:05:53+00:00","dateModified":"2024-07-19T07:03:33+00:00","description":"Tr\u1ea7n Th\u1ecb l\u00e0 c\u00f4ng ty thi c\u00f4ng c\u00e1c lo\u1ea1i g\u1ed7 c\u00f4ng nghi\u1ec7p tr\u1ecdn g\u00f3i v\u1edbi c\u00e1c lo\u1ea1i nh\u1ef1a , g\u1ed7 mdf ch\u1ed1ng \u1ea9m v\u00e0 c\u00e1c lo\u1ea1i v\u1eadt d\u1ee5ng kh\u00e1c t\u1ea1i \u0111\u00e0 n\u1eb5ng","breadcrumb":{"@id":"https:\/\/tranthi.vn\/quangnam\/thiet-ke-noi-that-tron-goi-da-nang\/#breadcrumb"},"inLanguage":"vi","potentialAction":[{"@type":"ReadAction","target":["https:\/\/tranthi.vn\/quangnam\/thiet-ke-noi-that-tron-goi-da-nang\/"]}]},{"@type":"BreadcrumbList","@id":"https:\/\/tranthi.vn\/quangnam\/thiet-ke-noi-that-tron-goi-da-nang\/#breadcrumb","itemListElement":[{"@type":"ListItem","position":1,"name":"Trang ch\u1ee7","item":"https:\/\/tranthi.vn\/quangnam\/"},{"@type":"ListItem","position":2,"name":"Shop","item":"https:\/\/tranthi.vn\/quangnam\/shop\/"},{"@type":"ListItem","position":3,"name":"Thi\u1ebft k\u1ebf n\u1ed9i th\u1ea5t tr\u1ecdn g\u00f3i \u0110\u00e0 N\u1eb5ng"}]},{"@type":"WebSite","@id":"https:\/\/tranthi.vn\/quangnam\/#website","url":"https:\/\/tranthi.vn\/quangnam\/","name":"V\u1eadt Li\u1ec7u X\u00e2y D\u1ef1ng Tr\u1ea7n Th\u1ecb Chi Nh\u00e1nh Qu\u1ea3ng Nam","description":"V\u1eadt Li\u1ec7u X\u00e2y D\u1ef1ng - Qu\u1ea3ng Nam","potentialAction":[{"@type":"SearchAction","target":{"@type":"EntryPoint","urlTemplate":"https:\/\/tranthi.vn\/quangnam\/?s={search_term_string}"},"query-input":"required name=search_term_string"}],"inLanguage":"vi"},{"@type":"ImageObject","inLanguage":"vi","@id":"https:\/\/tranthi.vn\/quangnam\/thiet-ke-noi-that-tron-goi-da-nang\/#local-main-organization-logo","url":"","contentUrl":"","caption":"V\u1eadt Li\u1ec7u X\u00e2y D\u1ef1ng Tr\u1ea7n Th\u1ecb Chi Nh\u00e1nh Qu\u1ea3ng Nam"}]},"product_price_currency":"VND","og_availability":"instock","product_availability":"instock","product_condition":"new"},"_links":{"self":[{"href":"https:\/\/tranthi.vn\/quangnam\/wp-json\/wp\/v2\/product\/6618","targetHints":{"allow":["GET"]}}],"collection":[{"href":"https:\/\/tranthi.vn\/quangnam\/wp-json\/wp\/v2\/product"}],"about":[{"href":"https:\/\/tranthi.vn\/quangnam\/wp-json\/wp\/v2\/types\/product"}],"replies":[{"embeddable":true,"href":"https:\/\/tranthi.vn\/quangnam\/wp-json\/wp\/v2\/comments?post=6618"}],"wp:attachment":[{"href":"https:\/\/tranthi.vn\/quangnam\/wp-json\/wp\/v2\/media?parent=6618"}],"wp:term":[{"taxonomy":"product_cat","embeddable":true,"href":"https:\/\/tranthi.vn\/quangnam\/wp-json\/wp\/v2\/product_cat?post=6618"},{"taxonomy":"product_tag","embeddable":true,"href":"https:\/\/tranthi.vn\/quangnam\/wp-json\/wp\/v2\/product_tag?post=6618"}],"curies":[{"name":"wp","href":"https:\/\/api.w.org\/{rel}","templated":true}]}}