{"id":6552,"date":"2024-01-07T19:33:17","date_gmt":"2024-01-07T12:33:17","guid":{"rendered":"https:\/\/tranthi.vn\/quangnam\/?post_type=product&#038;p=6552"},"modified":"2024-07-31T16:42:02","modified_gmt":"2024-07-31T09:42:02","slug":"den-led-tron-op-am-tran-hoi-an-tam-ky-quang-nam","status":"publish","type":"product","link":"https:\/\/tranthi.vn\/quangnam\/den-led-tron-op-am-tran-hoi-an-tam-ky-quang-nam\/","title":{"rendered":"\u0110\u00e8n led \u00e2m tr\u1ea7n m\u1eb7t s\u01a1n tr\u1eafng"},"content":{"rendered":"<h1><span style=\"color: #ff0000;\"><strong><span style=\"font-family: 'times new roman', times, serif; font-size: 130%;\">Kh\u00e1m ph\u00e1 s\u1ea3n ph\u1ea9m \u0111\u00e8n led \u00e2m tr\u1ea7n tr\u00f2n,vu\u00f4ng Tr\u1ea7n Th\u1ecb t\u1ea1i H\u1ed9i An-Tam K\u1ef3-Qu\u1ea3ng Nam<\/span><\/strong><\/span><\/h1>\n<p><span style=\"font-family: 'times new roman', times, serif; font-size: 130%;\">Khi x\u00e3 h\u1ed9i ng\u00e0y c\u00e0ng ph\u00e1t tri\u1ec3n th\u00ec nhu c\u1ea7u s\u1eed d\u1ee5ng c\u1ee7a ng\u01b0\u1eddi d\u00f9ng ng\u00e0y c\u00e0ng \u0111a d\u1ea1ng. So v\u1edbi c\u00e1c lo\u1ea1i \u0111\u00e8n tr\u1ea7n c\u0169 th\u00ec <a href=\"https:\/\/tranthi.vn\/quangnam\/den-led-tron-op-am-tran\/\">\u0111\u00e8n led \u00e2m tr\u1ea7n<\/a> s\u1edf h\u1eefu nhi\u1ec1u \u01b0u \u0111i\u1ec3m. Thi\u1ebft k\u1ebf \u0111\u1eb9p m\u1eaft, ph\u00f9 h\u1ee3p v\u1edbi nhi\u1ec1u ki\u1ec3u d\u00e1ng thi\u1ebft k\u1ebf d\u00e2n d\u1ee5ng.<\/span><\/p>\n<h2><span style=\"font-size: 95%;\"><span style=\"font-family: 'times new roman', times, serif;\"><span style=\"font-size: 90%;\">\u0110\u00e8n led \u00e2m tr\u1ea7n tr\u00f2n,vu\u00f4ng Tr\u1ea7n Th\u1ecb t\u1ea1i <a href=\"https:\/\/vi.wikipedia.org\/wiki\/Qu%E1%BA%A3ng_Nam\">Qu\u1ea3ng Nam <\/a><\/span><\/span><span style=\"font-family: 'times new roman', times, serif; font-size: 90%;\">thay th\u1ebf tr\u1ef1c ti\u1ebfp \u00e1nh s\u00e1ng t\u1eeb \u0111\u00e8n Compact. S\u1eed d\u1ee5ng r\u1ed9ng r\u00e3i trong chi\u1ebfu s\u00e1ng trong nh\u00e0 th\u01b0\u01a1ng m\u1ea1i ho\u1eb7c nh\u01b0 si\u00eau th\u1ecb,\u00a0 kh\u00e1ch s\u1ea1n, v\u0103n ph\u00f2ng, tr\u01b0\u1eddng h\u1ecdc, gia \u0111\u00ecnh, showroom,\u2026L\u1eafp \u0111\u1eb7t \u00e2m tr\u1ea7n th\u1ea1ch cao, tr\u1ea7n g\u1ed7.<\/span><\/span><\/h2>\n<p><span style=\"font-family: 'times new roman', times, serif; font-size: 130%;\"><a href=\"https:\/\/tranthi.vn\/quangnam\/den-led-tron-op-am-tran\/\" target=\"_blank\" rel=\"noopener\">\u0110\u00e8n led \u00e2m tr\u1ea7n tr\u00f2n <\/a>c\u00f3 thi\u1ebft k\u1ebf vi\u1ec1n kim lo\u1ea1i \u1ea5n t\u01b0\u1ee3ng. M\u1eb7t mika ch\u1ed1ng l\u00f3a khi nh\u00ecn tr\u1ef1c ti\u1ebfp.<\/span><\/p>\n<h2><span style=\"font-family: 'times new roman', times, serif; font-size: 130%;\">\u00a0<strong>Xem th\u00eam s\u1ea3n ph\u1ea9m c\u00f9ng lo\u1ea1i:<\/strong><\/span><\/h2>\n<p><img loading=\"lazy\" decoding=\"async\" class=\"alignnone size-full wp-image-7389\" src=\"https:\/\/tranthi.vn\/quangnam\/wp-content\/uploads\/2024\/01\/den-led.jpg\" alt=\"\" width=\"743\" height=\"465\" \/> <img loading=\"lazy\" decoding=\"async\" class=\"alignnone size-medium wp-image-7390\" src=\"https:\/\/tranthi.vn\/quangnam\/wp-content\/uploads\/2024\/01\/Den-led-da-nang_optimized.jpg\" alt=\"\" width=\"660\" height=\"660\" srcset=\"https:\/\/tranthi.vn\/quangnam\/wp-content\/uploads\/2024\/01\/Den-led-da-nang_optimized.jpg 660w, https:\/\/tranthi.vn\/quangnam\/wp-content\/uploads\/2024\/01\/Den-led-da-nang_optimized-400x400.jpg 400w, https:\/\/tranthi.vn\/quangnam\/wp-content\/uploads\/2024\/01\/Den-led-da-nang_optimized-100x100.jpg 100w\" sizes=\"auto, (max-width: 660px) 100vw, 660px\" \/> <img loading=\"lazy\" decoding=\"async\" class=\"alignnone size-medium wp-image-7391\" src=\"https:\/\/tranthi.vn\/quangnam\/wp-content\/uploads\/2024\/01\/den-led-gia-re_optimized.jpg\" alt=\"\" width=\"660\" height=\"660\" srcset=\"https:\/\/tranthi.vn\/quangnam\/wp-content\/uploads\/2024\/01\/den-led-gia-re_optimized.jpg 660w, https:\/\/tranthi.vn\/quangnam\/wp-content\/uploads\/2024\/01\/den-led-gia-re_optimized-400x400.jpg 400w, https:\/\/tranthi.vn\/quangnam\/wp-content\/uploads\/2024\/01\/den-led-gia-re_optimized-100x100.jpg 100w\" sizes=\"auto, (max-width: 660px) 100vw, 660px\" \/> <img loading=\"lazy\" decoding=\"async\" class=\"alignnone size-medium wp-image-7392\" src=\"https:\/\/tranthi.vn\/quangnam\/wp-content\/uploads\/2024\/01\/den-led-gia-re-da-nang_optimized.jpg\" alt=\"\" width=\"660\" height=\"660\" srcset=\"https:\/\/tranthi.vn\/quangnam\/wp-content\/uploads\/2024\/01\/den-led-gia-re-da-nang_optimized.jpg 660w, https:\/\/tranthi.vn\/quangnam\/wp-content\/uploads\/2024\/01\/den-led-gia-re-da-nang_optimized-400x400.jpg 400w, https:\/\/tranthi.vn\/quangnam\/wp-content\/uploads\/2024\/01\/den-led-gia-re-da-nang_optimized-100x100.jpg 100w\" sizes=\"auto, (max-width: 660px) 100vw, 660px\" \/> <img loading=\"lazy\" decoding=\"async\" class=\"alignnone size-medium wp-image-7393\" src=\"https:\/\/tranthi.vn\/quangnam\/wp-content\/uploads\/2024\/01\/den-led-gia-re-dn_optimized.jpg\" alt=\"\" width=\"660\" height=\"660\" srcset=\"https:\/\/tranthi.vn\/quangnam\/wp-content\/uploads\/2024\/01\/den-led-gia-re-dn_optimized.jpg 660w, https:\/\/tranthi.vn\/quangnam\/wp-content\/uploads\/2024\/01\/den-led-gia-re-dn_optimized-400x400.jpg 400w, https:\/\/tranthi.vn\/quangnam\/wp-content\/uploads\/2024\/01\/den-led-gia-re-dn_optimized-100x100.jpg 100w\" sizes=\"auto, (max-width: 660px) 100vw, 660px\" \/><\/p>\n<p>&nbsp;<\/p>\n<p><strong><span style=\"font-family: 'times new roman', times, serif; font-size: 130%;\">H\u01af\u1edaNG D\u1eaaN L\u1eaeP \u0110\u1eb6T \u0110\u00daNG QUY C\u00c1CH<\/span><\/strong><\/p>\n<p><span style=\"font-family: 'times new roman', times, serif; font-size: 130%;\">1. Vi\u1ec7c \u0111\u1ea7u ti\u00ean n\u00ean l\u00e0m l\u00e0 t\u1eaft t\u1ea5t c\u1ea3 c\u00e1c ngu\u1ed3n\u00a0\u0111i\u1ec7n li\u00ean quan.<\/span><\/p>\n<p><span style=\"font-family: 'times new roman', times, serif; font-size: 130%;\">2. C\u1ea9n th\u1eadn, ch\u00fa \u00fd khoan l\u1ed7 sao cho ph\u00f9 h\u1ee3p v\u1edbi k\u00edch th\u01b0\u1edbc c\u1ee7a \u0111\u00e8n.<\/span><\/p>\n<p><span style=\"font-family: 'times new roman', times, serif; font-size: 130%;\">3. Th\u00e1o n\u1eafp b\u1ea3o v\u1ec7 b\u00ean tr\u00ean <em><a href=\"https:\/\/tranthi.vn\/quangnam\/den-led-tron-op-am-tran\/\">\u0111\u00e8n LED \u00e2m tr\u1ea7n<\/a>.<\/em><\/span><\/p>\n<p><span style=\"font-family: 'times new roman', times, serif; font-size: 130%;\">4. Ngu\u1ed3n \u0111i\u1ec7n t\u1eeb 100V \u2013 200V th\u00ec ph\u1ea3i n\u1ed1i d\u00e2y \u0111i\u1ec7n c\u1ea5p cho \u0111\u00e8n v\u00e0o v\u1ecb tr\u00ed c\u1ea7u c\u00f3 s\u1eb5n \u0111\u00e8n, v\u00e0 \u0111\u1ea3m b\u1ea3o hai d\u00e2y \u0111i\u1ec7n \u0111\u01b0\u1ee3c n\u1ed1i v\u00e0o hai ch\u1ed1t s\u1eb5n c\u00f3 c\u1ed1 \u0111\u1ecbnh.<\/span><\/p>\n<p><span style=\"font-family: 'times new roman', times, serif; font-size: 130%;\">5. \u0110\u00fat \u0111\u00e8n c\u1ea9n th\u1eadn v\u00e0o l\u1ed7 b\u1ea1n \u0111\u00e3 khoan r\u1ed3i \u0111\u1ea5u \u0111i\u1ec7n l\u1ea1i.<\/span><\/p>\n<h2><span style=\"font-family: 'times new roman', times, serif; font-size: 130%;\">T\u1ea1i sao b\u1ea1n n\u00ean ch\u1ecdn mua \u0111\u00e8n Led t\u1ea1i <a href=\"https:\/\/tranthi.vn\/quangnam\/\">tranthi.vn<\/a> c\u1ee7a ch\u00fang t\u00f4i?<\/span><\/h2>\n<p><span style=\"font-family: 'times new roman', times, serif; font-size: 130%;\">-Hi\u1ec7n nay tr\u00ean th\u1ecb tr\u01b0\u1eddng c\u00f3 r\u1ea5t nhi\u1ec1u ch\u1ee7ng lo\u1ea1i v\u00e0 th\u01b0\u01a1ng hi\u1ec7u \u0111\u00e8n Led t\u1ea1i <a href=\"https:\/\/vi.wikipedia.org\/wiki\/Qu%E1%BA%A3ng_Nam\"><em>Qu\u1ea3ng Nam<\/em><\/a>. Gi\u00e1 c\u1ea3 c\u1ee7a c\u00e1c lo\u1ea1i c\u0169ng kh\u00e1c nhau. V\u00e0 \u0111\u01b0\u01a1ng nhi\u00ean ch\u1ea5t l\u01b0\u1ee3ng c\u0169ng kh\u00e1c nhau. Ng\u01b0\u1eddi ti\u00eau d\u00f9ng r\u1ea5t kh\u00f3 \u0111\u1ec3 l\u1ef1a ch\u1ecdn \u0111\u00e8n led ph\u00f9 h\u1ee3p v\u1edbi nhu c\u1ea7u.\u00a0<\/span><\/p>\n<h4><span style=\"font-family: 'times new roman', times, serif; font-size: 130%;\">6. L\u00fd do b\u1ea1n n\u00ean ch\u1ecdn mua <em><strong>\u0111\u00e8n<\/strong><\/em> \u00e2m tr\u1ea7n t\u1ea1i tr\u1ea7n th\u1ecb.<\/span><\/h4>\n<p><span style=\"font-family: 'times new roman', times, serif; font-size: 130%;\">1. Tranthi.vn lu\u00f4n b\u00e1n h\u00e0ng ch\u00ednh h\u00e3ng, c\u00f3 ngu\u1ed3n g\u1ed1c xu\u1ea5t x\u1ee9 r\u00f5 r\u00e0ng, CO, CQ, ch\u1ee9ng nh\u1eadn xu\u1ea5t x\u01b0\u1edfng c\u1ee7a c\u00e1c h\u00e3ng c\u00f3 uy t\u00edn.<\/span><\/p>\n<p><span style=\"font-family: 'times new roman', times, serif; font-size: 130%;\">2. S\u1ea3n ph\u1ea9m ch\u00fang t\u00f4i b\u00e1n \u0111\u1ec1u \u0111\u00e3 \u0111\u01b0\u1ee3c kh\u1eb3ng \u0111\u1ecbnh ch\u1ea5t l\u01b0\u1ee3ng th\u1ef1c t\u1ebf tr\u00ean th\u1ecb tr\u01b0\u1eddng nhi\u1ec1u n\u0103m.<\/span><\/p>\n<p><span style=\"font-family: 'times new roman', times, serif; font-size: 130%;\">3. Tr\u00ean s\u1ea3n ph\u1ea9m c\u1ee7a ch\u00fang t\u00f4i \u0111\u1ec1u c\u00f3 tem nh\u00e3n c\u1ee7a nh\u00e0 s\u1ea3n xu\u1ea5t. Tem b\u1ea3o h\u00e0nh c\u1ee7a Nano Led. Trong th\u1eddi gian b\u1ea3o h\u00e0nh, c\u00e1c b\u1ea1n y\u00ean t\u00e2m l\u00e0 ch\u00fang t\u00f4i s\u1ebd \u0111\u1ed5i m\u1edbi s\u1ea3n ph\u1ea9m n\u1ebfu l\u1ed7i. Tr\u01b0\u1eddng h\u1ee3p sau th\u1eddi gian b\u1ea3o h\u00e0nh, ch\u00fang t\u00f4i s\u1ebd s\u1eeda ch\u1eefa cho b\u1ea1n \u0111\u1ec3 gi\u1ea3m chi ph\u00ed th\u1ea5p nh\u1ea5t.<\/span><\/p>\n<p><span style=\"font-family: 'times new roman', times, serif; font-size: 130%;\">4. Ch\u00fang t\u00f4i c\u00f3 d\u1ecbch v\u1ee5 l\u1eafp \u0111\u1eb7t n\u1ebfu c\u00e1c b\u1ea1n y\u00eau c\u1ea7u.<\/span><\/p>\n<p><span style=\"font-family: 'times new roman', times, serif; font-size: 130%;\">5. Ch\u00fang t\u00f4i th\u01b0\u1eddng xuy\u00ean c\u00f3 c\u00e1c ch\u01b0\u01a1ng tr\u00ecnh khuy\u1ebfn m\u00e3i \u01b0u \u0111\u00e3i cho kh\u00e1ch h\u00e0ng.<\/span><\/p>\n<p><span style=\"font-family: 'times new roman', times, serif; font-size: 130%;\">6. S\u1ea3n ph\u1ea9m c\u1ee7a ch\u00fang t\u00f4i b\u1ea3o h\u00e0nh 2 n\u0103m.<\/span><\/p>\n","protected":false},"excerpt":{"rendered":"<p><span style=\"font-size: 130%; font-family: 'times new roman', times, serif;\"><strong>\ud83e\udd70<\/strong>\u0110\u01a1n v\u1ecb t\u00ednh: C\u00e1i<\/span><\/p>\n<p><span style=\"font-family: 'times new roman', times, serif; font-size: 130%;\"><strong>\ud83e\udd70<span style=\"font-size: 90%;\">C\u00d4NG SU\u1ea4T\u00a0 &#8211;\u00a0 K\u00cdCH TH\u01af\u1edaC\u00a0 \u00a0&#8211;\u00a0 \u00a0\u0110\u01a0N GI\u00c1\u00a0<\/span><\/strong><\/span><\/p>\n<ul>\n<li><span style=\"font-size: 130%; font-family: 'times new roman', times, serif;\">7W-1C\u0110\u00a0 \u00a0 \u00a0 \u00a0 \u00a0 \u00a0 \u00a0 \u220590&#215;33\u00a0 \u00a0 \u00a0 \u00a0 \u00a0 \u00a0 \u00a0 \u00a0 \u00a0 \u00a0<span style=\"color: #ff0000;\"><strong>112<\/strong><strong><span style=\"color: #ff0000;\">.00<\/span>0\u0111<\/strong><\/span><\/span><\/li>\n<li><span style=\"font-size: 130%; font-family: 'times new roman', times, serif;\">7W-3C\u0110\u00a0 \u00a0 \u00a0 \u00a0 \u00a0 \u00a0 \u00a0 \u220590&#215;33\u00a0 \u00a0 \u00a0 \u00a0 \u00a0 \u00a0 \u00a0 \u00a0 \u00a0 \u00a0<span style=\"color: #ff0000;\"><strong>114.000\u0111<\/strong><\/span><\/span><\/li>\n<li><span style=\"font-size: 130%; font-family: 'times new roman', times, serif;\">9W-1C\u0110\u00a0 \u00a0 \u00a0 \u00a0 \u00a0 \u00a0 \u00a0 \u220590&#215;33 \u00a0 \u00a0 \u00a0 \u00a0 \u00a0 \u00a0 \u00a0 \u00a0 \u00a0 <span style=\"color: #ff0000;\"><strong>118.000\u0111<\/strong><\/span><\/span><\/li>\n<li><span style=\"font-size: 130%; font-family: 'times new roman', times, serif;\">9W-3C\u0110\u00a0 \u00a0 \u00a0 \u00a0 \u00a0 \u00a0 \u00a0 \u220590&#215;33 \u00a0 \u00a0 \u00a0 \u00a0 \u00a0 \u00a0 \u00a0 \u00a0 \u00a0 <span style=\"color: #ff0000;\"><strong>123<\/strong><strong><span style=\"color: #ff0000;\">.0<\/span>00\u0111<\/strong><\/span><\/span><\/li>\n<li><span style=\"font-size: 130%; font-family: 'times new roman', times, serif;\">9W-1C\u0110\u00a0 \u00a0 \u00a0 \u00a0 \u00a0 \u00a0 \u00a0 \u2205110&#215;33\u00a0 \u00a0 \u00a0 \u00a0 \u00a0 \u00a0 \u00a0 \u00a0 \u00a0<strong><span style=\"color: #ff0000;\">138.000\u0111<\/span><\/strong><\/span><\/li>\n<li><span style=\"font-size: 130%; font-family: 'times new roman', times, serif;\">9W-3C\u0110\u00a0 \u00a0 \u00a0 \u00a0 \u00a0 \u00a0 \u00a0 \u2205110&#215;33\u00a0 \u00a0 \u00a0 \u00a0 \u00a0 \u00a0 \u00a0 \u00a0 \u00a0<span style=\"color: #ff0000;\"><strong>148.000\u0111<\/strong><\/span><\/span><\/li>\n<li><span style=\"font-size: 130%; font-family: 'times new roman', times, serif;\">12W-1C\u0110\u00a0 \u00a0 \u00a0 \u00a0 \u00a0 \u00a0 \u2205110&#215;34\u00a0 \u00a0 \u00a0 \u00a0 \u00a0 \u00a0 \u00a0 \u00a0 \u00a0<span style=\"color: #ff0000;\"><strong>140.000\u0111<\/strong><\/span><\/span><\/li>\n<li><span style=\"font-size: 130%; font-family: 'times new roman', times, serif;\">12W-3C\u0110\u00a0 \u00a0 \u00a0 \u00a0 \u00a0 \u00a0 \u2205110&#215;34\u00a0 \u00a0 \u00a0 \u00a0 \u00a0 \u00a0 \u00a0 \u00a0 \u00a0<span style=\"color: #ff0000;\"><strong>152.000\u0111<\/strong><\/span><\/span><\/li>\n<\/ul>\n<p><span style=\"font-size: 130%; font-family: 'times new roman', times, serif;\"><strong>\ud83e\udd70Th\u00f4ng s\u1ed1 k\u1ef9 thu\u1eadt:\u00a0<\/strong><\/span><\/p>\n<ul>\n<li><span style=\"font-size: 130%; font-family: 'times new roman', times, serif;\">\u0110i\u1ec7n \u00e1p: 110 &#8211; 265V<\/span><\/li>\n<li><span style=\"font-size: 130%; font-family: 'times new roman', times, serif;\">Chip Led SMD Ch\u00e2u \u00c2u ti\u00ean ti\u1ebfn, ngu\u1ed3n cao c\u1ea5p c\u00f3 Tenta \u1ed5n \u0111\u1ecbnh d\u00f2ng.<\/span><\/li>\n<li><span style=\"font-size: 130%; font-family: 'times new roman', times, serif;\">\u0110\u1ebf t\u1ea3n nhi\u1ec7t nh\u00f4m.<\/span><\/li>\n<li><span style=\"font-size: 130%; font-family: 'times new roman', times, serif;\">H\u1ec7 s\u1ed1 c\u00f4ng su\u1ea5t: &gt;75Ra.<\/span><\/li>\n<li><span style=\"font-size: 130%; font-family: 'times new roman', times, serif;\">Quang th\u00f4ng: 100Lm\/W<\/span><\/li>\n<li><span style=\"font-size: 130%; font-family: 'times new roman', times, serif;\">Tu\u1ed5i th\u1ecd tr\u00ean 30.000h<\/span><\/li>\n<li><span style=\"font-size: 130%; font-family: 'times new roman', times, serif;\">B\u1ea3o h\u00e0nh: 24 Th\u00e1ng \u0111\u1ed5i m\u1edbi<\/span><\/li>\n<li><span style=\"font-size: 130%; font-family: 'times new roman', times, serif;\">\u00c1nh s\u00e1ng: v\u00e0ng, tr\u1eafng, trung t\u00ednh.<\/span><\/li>\n<li><span style=\"font-size: 130%; font-family: 'times new roman', times, serif;\">Ch\u1ec9 s\u1ed1 ho\u00e0n m\u00e0u (CRI) &gt;80.<\/span><\/li>\n<\/ul>\n<p><span style=\"font-family: 'times new roman', times, serif; font-size: 130%;\"><em style=\"color: #0000ff;\">V\u1eadn chuy\u1ec3n n\u1ed9i th\u00e0nh Qu\u1ea3ng Nam<\/em><\/span><\/p>\n<p><span style=\"color: #0000ff; font-size: 130%; font-family: 'times new roman', times, serif;\"><em>Ph\u00ed v\u1eadn chuy\u1ec3n ph\u1ee5 thu\u1ed9c v\u00e0o t\u1eebng v\u1ecb tr\u00ed<\/em><\/span><\/p>\n","protected":false},"featured_media":7381,"comment_status":"closed","ping_status":"closed","template":"","meta":[],"product_cat":[401],"product_tag":[],"class_list":{"0":"post-6552","1":"product","2":"type-product","3":"status-publish","4":"has-post-thumbnail","6":"product_cat-dien","8":"first","9":"instock","10":"sale","11":"shipping-taxable","12":"purchasable","13":"product-type-simple"},"yoast_head":"<!-- This site is optimized with the Yoast SEO Premium plugin v22.3 (Yoast SEO v22.8) - https:\/\/yoast.com\/wordpress\/plugins\/seo\/ -->\n<title>\u0110\u00e8n led tr\u00f2n \u1ed1p \u00e2m tr\u1ea7n Qu\u1ea3ng Nam-0947.335.871<\/title>\n<meta name=\"description\" content=\"Tr\u1ea7n Th\u1ecb l\u00e0 nh\u00e0 ph\u00e2n ph\u1ed1i \u0111\u00e8n led \u00e2m tr\u1ea7n t\u1ea1i Qu\u1ea3ng Nam v\u1edbi c\u00e1c lo\u1ea1i gi\u00e1 kh\u00e1c nhau, m\u00e0u s\u1eafc kh\u00e1c nhau: c\u00f3 c\u00e1c lo\u1ea1i vu\u00f4ng tr\u00f2n\" \/>\n<meta name=\"robots\" content=\"index, follow, max-snippet:-1, max-image-preview:large, max-video-preview:-1\" \/>\n<link rel=\"canonical\" href=\"https:\/\/tranthi.vn\/quangnam\/den-led-tron-op-am-tran-hoi-an-tam-ky-quang-nam\/\" \/>\n<meta property=\"og:locale\" content=\"vi_VN\" \/>\n<meta property=\"og:type\" content=\"article\" \/>\n<meta property=\"og:title\" content=\"\u0110\u00e8n led \u00e2m tr\u1ea7n m\u1eb7t s\u01a1n tr\u1eafng\" \/>\n<meta property=\"og:description\" content=\"Tr\u1ea7n Th\u1ecb l\u00e0 nh\u00e0 ph\u00e2n ph\u1ed1i \u0111\u00e8n led \u00e2m tr\u1ea7n t\u1ea1i Qu\u1ea3ng Nam v\u1edbi c\u00e1c lo\u1ea1i gi\u00e1 kh\u00e1c nhau, m\u00e0u s\u1eafc kh\u00e1c nhau: c\u00f3 c\u00e1c lo\u1ea1i vu\u00f4ng tr\u00f2n\" \/>\n<meta property=\"og:url\" content=\"https:\/\/tranthi.vn\/quangnam\/den-led-tron-op-am-tran-hoi-an-tam-ky-quang-nam\/\" \/>\n<meta property=\"og:site_name\" content=\"V\u1eadt Li\u1ec7u X\u00e2y D\u1ef1ng Tr\u1ea7n Th\u1ecb Chi Nh\u00e1nh Qu\u1ea3ng Nam\" \/>\n<meta property=\"article:modified_time\" content=\"2024-07-31T09:42:02+00:00\" \/>\n<meta property=\"og:image\" content=\"https:\/\/tranthi.vn\/quangnam\/wp-content\/uploads\/2024\/01\/den-led-am-tran-gia-re.jpg\" \/>\n\t<meta property=\"og:image:width\" content=\"320\" \/>\n\t<meta property=\"og:image:height\" content=\"260\" \/>\n\t<meta property=\"og:image:type\" content=\"image\/jpeg\" \/>\n<meta name=\"twitter:card\" content=\"summary_large_image\" \/>\n<meta name=\"twitter:label1\" content=\"Gi\u00e1\" \/>\n\t<meta name=\"twitter:data1\" content=\"112,000&nbsp;&#8363;\" \/>\n\t<meta name=\"twitter:label2\" content=\"Kh\u1ea3 d\u1ee5ng\" \/>\n\t<meta name=\"twitter:data2\" content=\"Trong kho\" \/>\n<script type=\"application\/ld+json\" class=\"yoast-schema-graph\">{\"@context\":\"https:\/\/schema.org\",\"@graph\":[{\"@type\":[\"WebPage\",\"ItemPage\"],\"@id\":\"https:\/\/tranthi.vn\/quangnam\/den-led-tron-op-am-tran-hoi-an-tam-ky-quang-nam\/\",\"url\":\"https:\/\/tranthi.vn\/quangnam\/den-led-tron-op-am-tran-hoi-an-tam-ky-quang-nam\/\",\"name\":\"\u0110\u00e8n led tr\u00f2n \u1ed1p \u00e2m tr\u1ea7n Qu\u1ea3ng Nam-0947.335.871\",\"isPartOf\":{\"@id\":\"https:\/\/tranthi.vn\/quangnam\/#website\"},\"primaryImageOfPage\":{\"@id\":\"https:\/\/tranthi.vn\/quangnam\/den-led-tron-op-am-tran-hoi-an-tam-ky-quang-nam\/#primaryimage\"},\"image\":{\"@id\":\"https:\/\/tranthi.vn\/quangnam\/den-led-tron-op-am-tran-hoi-an-tam-ky-quang-nam\/#primaryimage\"},\"thumbnailUrl\":\"https:\/\/tranthi.vn\/quangnam\/wp-content\/uploads\/2024\/01\/den-led-am-tran-gia-re.jpg\",\"datePublished\":\"2024-01-07T12:33:17+00:00\",\"dateModified\":\"2024-07-31T09:42:02+00:00\",\"description\":\"Tr\u1ea7n Th\u1ecb l\u00e0 nh\u00e0 ph\u00e2n ph\u1ed1i \u0111\u00e8n led \u00e2m tr\u1ea7n t\u1ea1i Qu\u1ea3ng Nam v\u1edbi c\u00e1c lo\u1ea1i gi\u00e1 kh\u00e1c nhau, m\u00e0u s\u1eafc kh\u00e1c nhau: c\u00f3 c\u00e1c lo\u1ea1i vu\u00f4ng tr\u00f2n\",\"breadcrumb\":{\"@id\":\"https:\/\/tranthi.vn\/quangnam\/den-led-tron-op-am-tran-hoi-an-tam-ky-quang-nam\/#breadcrumb\"},\"inLanguage\":\"vi\",\"potentialAction\":[{\"@type\":\"ReadAction\",\"target\":[\"https:\/\/tranthi.vn\/quangnam\/den-led-tron-op-am-tran-hoi-an-tam-ky-quang-nam\/\"]}]},{\"@type\":\"ImageObject\",\"inLanguage\":\"vi\",\"@id\":\"https:\/\/tranthi.vn\/quangnam\/den-led-tron-op-am-tran-hoi-an-tam-ky-quang-nam\/#primaryimage\",\"url\":\"https:\/\/tranthi.vn\/quangnam\/wp-content\/uploads\/2024\/01\/den-led-am-tran-gia-re.jpg\",\"contentUrl\":\"https:\/\/tranthi.vn\/quangnam\/wp-content\/uploads\/2024\/01\/den-led-am-tran-gia-re.jpg\",\"width\":320,\"height\":260},{\"@type\":\"BreadcrumbList\",\"@id\":\"https:\/\/tranthi.vn\/quangnam\/den-led-tron-op-am-tran-hoi-an-tam-ky-quang-nam\/#breadcrumb\",\"itemListElement\":[{\"@type\":\"ListItem\",\"position\":1,\"name\":\"Trang ch\u1ee7\",\"item\":\"https:\/\/tranthi.vn\/quangnam\/\"},{\"@type\":\"ListItem\",\"position\":2,\"name\":\"Shop\",\"item\":\"https:\/\/tranthi.vn\/quangnam\/shop\/\"},{\"@type\":\"ListItem\",\"position\":3,\"name\":\"\u0110\u00e8n led \u00e2m tr\u1ea7n m\u1eb7t s\u01a1n tr\u1eafng\"}]},{\"@type\":\"WebSite\",\"@id\":\"https:\/\/tranthi.vn\/quangnam\/#website\",\"url\":\"https:\/\/tranthi.vn\/quangnam\/\",\"name\":\"V\u1eadt Li\u1ec7u X\u00e2y D\u1ef1ng Tr\u1ea7n Th\u1ecb Chi Nh\u00e1nh Qu\u1ea3ng Nam\",\"description\":\"V\u1eadt Li\u1ec7u X\u00e2y D\u1ef1ng - Qu\u1ea3ng Nam\",\"potentialAction\":[{\"@type\":\"SearchAction\",\"target\":{\"@type\":\"EntryPoint\",\"urlTemplate\":\"https:\/\/tranthi.vn\/quangnam\/?s={search_term_string}\"},\"query-input\":\"required name=search_term_string\"}],\"inLanguage\":\"vi\"},{\"@type\":\"ImageObject\",\"inLanguage\":\"vi\",\"@id\":\"https:\/\/tranthi.vn\/quangnam\/den-led-tron-op-am-tran-hoi-an-tam-ky-quang-nam\/#local-main-organization-logo\",\"url\":\"\",\"contentUrl\":\"\",\"caption\":\"V\u1eadt Li\u1ec7u X\u00e2y D\u1ef1ng Tr\u1ea7n Th\u1ecb Chi Nh\u00e1nh Qu\u1ea3ng Nam\"}]}<\/script>\n<meta property=\"product:price:amount\" content=\"112000\" \/>\n<meta property=\"product:price:currency\" content=\"VND\" \/>\n<meta property=\"og:availability\" content=\"instock\" \/>\n<meta property=\"product:availability\" content=\"instock\" \/>\n<meta property=\"product:condition\" content=\"new\" \/>\n<!-- \/ Yoast SEO Premium plugin. -->","yoast_head_json":{"title":"\u0110\u00e8n led tr\u00f2n \u1ed1p \u00e2m tr\u1ea7n Qu\u1ea3ng Nam-0947.335.871","description":"Tr\u1ea7n Th\u1ecb l\u00e0 nh\u00e0 ph\u00e2n ph\u1ed1i \u0111\u00e8n led \u00e2m tr\u1ea7n t\u1ea1i Qu\u1ea3ng Nam v\u1edbi c\u00e1c lo\u1ea1i gi\u00e1 kh\u00e1c nhau, m\u00e0u s\u1eafc kh\u00e1c nhau: c\u00f3 c\u00e1c lo\u1ea1i vu\u00f4ng tr\u00f2n","robots":{"index":"index","follow":"follow","max-snippet":"max-snippet:-1","max-image-preview":"max-image-preview:large","max-video-preview":"max-video-preview:-1"},"canonical":"https:\/\/tranthi.vn\/quangnam\/den-led-tron-op-am-tran-hoi-an-tam-ky-quang-nam\/","og_locale":"vi_VN","og_type":"article","og_title":"\u0110\u00e8n led \u00e2m tr\u1ea7n m\u1eb7t s\u01a1n tr\u1eafng","og_description":"Tr\u1ea7n Th\u1ecb l\u00e0 nh\u00e0 ph\u00e2n ph\u1ed1i \u0111\u00e8n led \u00e2m tr\u1ea7n t\u1ea1i Qu\u1ea3ng Nam v\u1edbi c\u00e1c lo\u1ea1i gi\u00e1 kh\u00e1c nhau, m\u00e0u s\u1eafc kh\u00e1c nhau: c\u00f3 c\u00e1c lo\u1ea1i vu\u00f4ng tr\u00f2n","og_url":"https:\/\/tranthi.vn\/quangnam\/den-led-tron-op-am-tran-hoi-an-tam-ky-quang-nam\/","og_site_name":"V\u1eadt Li\u1ec7u X\u00e2y D\u1ef1ng Tr\u1ea7n Th\u1ecb Chi Nh\u00e1nh Qu\u1ea3ng Nam","article_modified_time":"2024-07-31T09:42:02+00:00","og_image":[{"width":320,"height":260,"url":"https:\/\/tranthi.vn\/quangnam\/wp-content\/uploads\/2024\/01\/den-led-am-tran-gia-re.jpg","type":"image\/jpeg"}],"twitter_card":"summary_large_image","twitter_misc":{"Gi\u00e1":"112,000&nbsp;&#8363;","Kh\u1ea3 d\u1ee5ng":"Trong kho"},"schema":{"@context":"https:\/\/schema.org","@graph":[{"@type":["WebPage","ItemPage"],"@id":"https:\/\/tranthi.vn\/quangnam\/den-led-tron-op-am-tran-hoi-an-tam-ky-quang-nam\/","url":"https:\/\/tranthi.vn\/quangnam\/den-led-tron-op-am-tran-hoi-an-tam-ky-quang-nam\/","name":"\u0110\u00e8n led tr\u00f2n \u1ed1p \u00e2m tr\u1ea7n Qu\u1ea3ng Nam-0947.335.871","isPartOf":{"@id":"https:\/\/tranthi.vn\/quangnam\/#website"},"primaryImageOfPage":{"@id":"https:\/\/tranthi.vn\/quangnam\/den-led-tron-op-am-tran-hoi-an-tam-ky-quang-nam\/#primaryimage"},"image":{"@id":"https:\/\/tranthi.vn\/quangnam\/den-led-tron-op-am-tran-hoi-an-tam-ky-quang-nam\/#primaryimage"},"thumbnailUrl":"https:\/\/tranthi.vn\/quangnam\/wp-content\/uploads\/2024\/01\/den-led-am-tran-gia-re.jpg","datePublished":"2024-01-07T12:33:17+00:00","dateModified":"2024-07-31T09:42:02+00:00","description":"Tr\u1ea7n Th\u1ecb l\u00e0 nh\u00e0 ph\u00e2n ph\u1ed1i \u0111\u00e8n led \u00e2m tr\u1ea7n t\u1ea1i Qu\u1ea3ng Nam v\u1edbi c\u00e1c lo\u1ea1i gi\u00e1 kh\u00e1c nhau, m\u00e0u s\u1eafc kh\u00e1c nhau: c\u00f3 c\u00e1c lo\u1ea1i vu\u00f4ng tr\u00f2n","breadcrumb":{"@id":"https:\/\/tranthi.vn\/quangnam\/den-led-tron-op-am-tran-hoi-an-tam-ky-quang-nam\/#breadcrumb"},"inLanguage":"vi","potentialAction":[{"@type":"ReadAction","target":["https:\/\/tranthi.vn\/quangnam\/den-led-tron-op-am-tran-hoi-an-tam-ky-quang-nam\/"]}]},{"@type":"ImageObject","inLanguage":"vi","@id":"https:\/\/tranthi.vn\/quangnam\/den-led-tron-op-am-tran-hoi-an-tam-ky-quang-nam\/#primaryimage","url":"https:\/\/tranthi.vn\/quangnam\/wp-content\/uploads\/2024\/01\/den-led-am-tran-gia-re.jpg","contentUrl":"https:\/\/tranthi.vn\/quangnam\/wp-content\/uploads\/2024\/01\/den-led-am-tran-gia-re.jpg","width":320,"height":260},{"@type":"BreadcrumbList","@id":"https:\/\/tranthi.vn\/quangnam\/den-led-tron-op-am-tran-hoi-an-tam-ky-quang-nam\/#breadcrumb","itemListElement":[{"@type":"ListItem","position":1,"name":"Trang ch\u1ee7","item":"https:\/\/tranthi.vn\/quangnam\/"},{"@type":"ListItem","position":2,"name":"Shop","item":"https:\/\/tranthi.vn\/quangnam\/shop\/"},{"@type":"ListItem","position":3,"name":"\u0110\u00e8n led \u00e2m tr\u1ea7n m\u1eb7t s\u01a1n tr\u1eafng"}]},{"@type":"WebSite","@id":"https:\/\/tranthi.vn\/quangnam\/#website","url":"https:\/\/tranthi.vn\/quangnam\/","name":"V\u1eadt Li\u1ec7u X\u00e2y D\u1ef1ng Tr\u1ea7n Th\u1ecb Chi Nh\u00e1nh Qu\u1ea3ng Nam","description":"V\u1eadt Li\u1ec7u X\u00e2y D\u1ef1ng - Qu\u1ea3ng Nam","potentialAction":[{"@type":"SearchAction","target":{"@type":"EntryPoint","urlTemplate":"https:\/\/tranthi.vn\/quangnam\/?s={search_term_string}"},"query-input":"required name=search_term_string"}],"inLanguage":"vi"},{"@type":"ImageObject","inLanguage":"vi","@id":"https:\/\/tranthi.vn\/quangnam\/den-led-tron-op-am-tran-hoi-an-tam-ky-quang-nam\/#local-main-organization-logo","url":"","contentUrl":"","caption":"V\u1eadt Li\u1ec7u X\u00e2y D\u1ef1ng Tr\u1ea7n Th\u1ecb Chi Nh\u00e1nh Qu\u1ea3ng Nam"}]},"product_price_amount":"112000","product_price_currency":"VND","og_availability":"instock","product_availability":"instock","product_condition":"new"},"_links":{"self":[{"href":"https:\/\/tranthi.vn\/quangnam\/wp-json\/wp\/v2\/product\/6552","targetHints":{"allow":["GET"]}}],"collection":[{"href":"https:\/\/tranthi.vn\/quangnam\/wp-json\/wp\/v2\/product"}],"about":[{"href":"https:\/\/tranthi.vn\/quangnam\/wp-json\/wp\/v2\/types\/product"}],"replies":[{"embeddable":true,"href":"https:\/\/tranthi.vn\/quangnam\/wp-json\/wp\/v2\/comments?post=6552"}],"wp:featuredmedia":[{"embeddable":true,"href":"https:\/\/tranthi.vn\/quangnam\/wp-json\/wp\/v2\/media\/7381"}],"wp:attachment":[{"href":"https:\/\/tranthi.vn\/quangnam\/wp-json\/wp\/v2\/media?parent=6552"}],"wp:term":[{"taxonomy":"product_cat","embeddable":true,"href":"https:\/\/tranthi.vn\/quangnam\/wp-json\/wp\/v2\/product_cat?post=6552"},{"taxonomy":"product_tag","embeddable":true,"href":"https:\/\/tranthi.vn\/quangnam\/wp-json\/wp\/v2\/product_tag?post=6552"}],"curies":[{"name":"wp","href":"https:\/\/api.w.org\/{rel}","templated":true}]}}