{"id":6457,"date":"2023-11-23T13:36:51","date_gmt":"2023-11-23T06:36:51","guid":{"rendered":"https:\/\/tranthi.vn\/quangnam\/?post_type=product&#038;p=6457"},"modified":"2024-07-20T07:55:37","modified_gmt":"2024-07-20T00:55:37","slug":"den-led-op-tran-son-den-tron-vuong-6w-24w-tron-6w-v","status":"publish","type":"product","link":"https:\/\/tranthi.vn\/quangnam\/den-led-op-tran-son-den-tron-vuong-6w-24w-tron-6w-v\/","title":{"rendered":"\u0110\u00e8n LED \u1ed0p Tr\u1ea7n S\u01a1n \u0110en"},"content":{"rendered":"","protected":false},"excerpt":{"rendered":"<p><span style=\"font-size: 130%; font-family: 'times new roman', times, serif;\"><strong>\ud83e\udd70<\/strong>\u0110\u01a1n v\u1ecb t\u00ednh: C\u00e1i<\/span><\/p>\n<p><span style=\"font-size: 130%; font-family: 'times new roman', times, serif;\"><strong>1.\u1ed0p n\u1ed5i tr\u00f2n vi\u1ec1n s\u01a1n tr\u1eafng:<\/strong><\/span><\/p>\n<p><span style=\"font-family: 'times new roman', times, serif; font-size: 130%;\"><strong>\ud83e\udd70<span style=\"font-size: 90%;\">C\u00d4NG SU\u1ea4T\u00a0 &#8211;\u00a0 K\u00cdCH TH\u01af\u1edaC\u00a0 \u00a0&#8211;\u00a0 \u00a0\u0110\u01a0N GI\u00c1\u00a0<\/span><\/strong><\/span><\/p>\n<ul>\n<li><span style=\"font-size: 130%; font-family: 'times new roman', times, serif;\">6W\u00a0 \u00a0 \u00a0 \u00a0 \u00a0 \u00a0 \u00a0 \u00a0 \u00a0 \u00a0 \u2205120&#215;34\u00a0 \u00a0 \u00a0 \u00a0 \u00a0 \u00a0 \u00a0 \u00a0 \u00a0 \u00a0 <span style=\"color: #ff0000;\"><strong>101.000\u0111<\/strong><\/span><\/span><\/li>\n<li><span style=\"font-size: 130%; font-family: 'times new roman', times, serif;\">12W\u00a0 \u00a0 \u00a0 \u00a0 \u00a0 \u00a0 \u00a0 \u00a0 \u00a0 \u2205170&#215;34\u00a0 \u00a0 \u00a0 \u00a0 \u00a0 \u00a0 \u00a0 \u00a0 \u00a0 \u00a0 <span style=\"color: #ff0000;\"><strong>130.000\u0111<\/strong><\/span><\/span><\/li>\n<li><span style=\"font-size: 130%; font-family: 'times new roman', times, serif;\">18W\u00a0 \u00a0 \u00a0 \u00a0 \u00a0 \u00a0 \u00a0 \u00a0 \u00a0 \u2205210&#215;34\u00a0 \u00a0 \u00a0 \u00a0 \u00a0 \u00a0 \u00a0 \u00a0 \u00a0 \u00a0 <span style=\"color: #ff0000;\"><strong>171.000\u0111<\/strong><\/span><\/span><\/li>\n<li><span style=\"font-size: 130%; font-family: 'times new roman', times, serif;\">24W\u00a0 \u00a0 \u00a0 \u00a0 \u00a0 \u00a0 \u00a0 \u00a0 \u00a0 \u2205290&#215;34\u00a0 \u00a0 \u00a0 \u00a0 \u00a0 \u00a0 \u00a0 \u00a0 \u00a0 \u00a0 <span style=\"color: #ff0000;\"><strong>234.000\u0111<\/strong><\/span><\/span><\/li>\n<li><span style=\"font-size: 130%; font-family: 'times new roman', times, serif;\">12W-3C\u0110\u00a0 \u00a0 \u00a0 \u00a0 \u00a0\u2205170&#215;34\u00a0 \u00a0 \u00a0 \u00a0 \u00a0 \u00a0 \u00a0 \u00a0 \u00a0 \u00a0<span style=\"color: #ff0000;\"><strong>163.000\u0111<\/strong><\/span><\/span><\/li>\n<li><span style=\"font-size: 130%; font-family: 'times new roman', times, serif;\">18W-3C\u0110\u00a0 \u00a0 \u00a0 \u00a0 \u00a0\u2205210&#215;34\u00a0 \u00a0 \u00a0 \u00a0 \u00a0 \u00a0 \u00a0 \u00a0 \u00a0 \u00a0<span style=\"color: #ff0000;\"><strong>212<\/strong><strong>.000\u0111<\/strong><\/span><\/span><\/li>\n<\/ul>\n<p><span style=\"font-size: 130%; font-family: 'times new roman', times, serif;\"><strong>2.\u1ed0p n\u1ed5i vu\u00f4ng vi\u1ec1n s\u01a1n tr\u1eafng:<\/strong><\/span><\/p>\n<p><span style=\"font-family: 'times new roman', times, serif; font-size: 130%;\"><strong>\ud83e\udd70<span style=\"font-size: 90%;\">C\u00d4NG SU\u1ea4T &#8211;\u00a0 \u00a0 K\u00cdCH TH\u01af\u1edaC\u00a0 \u00a0&#8211;\u00a0 \u00a0\u0110\u01a0N GI\u00c1\u00a0<\/span><\/strong><\/span><\/p>\n<ul>\n<li><span style=\"font-size: 130%; font-family: 'times new roman', times, serif;\">12W\u00a0 \u00a0 \u00a0 \u00a0 \u00a0 \u00a0 \u00a0 \u00a0 \u00a0 \u00a0\u2205170x34x170\u00a0 \u00a0 \u00a0 \u00a0 \u00a0 \u00a0<span style=\"color: #ff0000;\"><strong>139.000\u0111<\/strong><\/span><\/span><\/li>\n<li><span style=\"font-size: 130%; font-family: 'times new roman', times, serif;\">18W\u00a0 \u00a0 \u00a0 \u00a0 \u00a0 \u00a0 \u00a0 \u00a0 \u00a0 \u00a0\u2205210x34x210\u00a0 \u00a0 \u00a0 \u00a0 \u00a0 \u00a0<span style=\"color: #ff0000;\"><strong>175.000\u0111<\/strong><\/span><\/span><\/li>\n<li><span style=\"font-size: 130%; font-family: 'times new roman', times, serif;\">24W\u00a0 \u00a0 \u00a0 \u00a0 \u00a0 \u00a0 \u00a0 \u00a0 \u00a0 \u00a0\u2205290x34x290\u00a0 \u00a0 \u00a0 \u00a0 \u00a0 \u00a0<span style=\"color: #ff0000;\"><strong>244.000\u0111<\/strong><\/span><\/span><\/li>\n<li><span style=\"font-size: 130%; font-family: 'times new roman', times, serif;\">12W-3C\u0110\u00a0 \u00a0 \u00a0 \u00a0 \u00a0 \u2205170x34x170\u00a0 \u00a0 \u00a0 \u00a0 \u00a0 \u00a0<span style=\"color: #ff0000;\"><strong>178.000\u0111<\/strong><\/span><\/span><\/li>\n<li><span style=\"font-size: 130%; font-family: 'times new roman', times, serif;\">18W-3C\u0110\u00a0 \u00a0 \u00a0 \u00a0 \u00a0 \u2205210x34x210\u00a0 \u00a0 \u00a0 \u00a0 \u00a0 \u00a0<span style=\"color: #ff0000;\"><strong>228.000\u0111<\/strong><\/span><\/span><\/li>\n<\/ul>\n<p><span style=\"font-size: 130%; font-family: 'times new roman', times, serif;\"><strong>\ud83e\udd70Th\u00f4ng s\u1ed1 k\u1ef9 thu\u1eadt:\u00a0<\/strong><\/span><\/p>\n<ul>\n<li><span style=\"font-size: 130%; font-family: 'times new roman', times, serif;\">\u0110i\u1ec7n \u00e1p: 110 &#8211; 265V<\/span><\/li>\n<li><span style=\"font-size: 130%; font-family: 'times new roman', times, serif;\">Chip Led SMD Ch\u00e2u \u00c2u ti\u00ean ti\u1ebfn, ngu\u1ed3n Aishi c\u00f3 Tenta \u1ed5n \u0111\u1ecbnh d\u00f2ng<\/span><\/li>\n<li><span style=\"font-size: 130%; font-family: 'times new roman', times, serif;\">Quang th\u00f4ng: 90Lm\/W<\/span><\/li>\n<li><span style=\"font-size: 130%; font-family: 'times new roman', times, serif;\">Tu\u1ed5i th\u1ecd tr\u00ean 30.000h<\/span><\/li>\n<li><span style=\"font-size: 130%; font-family: 'times new roman', times, serif;\">B\u1ea3o h\u00e0nh: 24 Th\u00e1ng \u0111\u1ed5i m\u1edbi<\/span><\/li>\n<li><span style=\"font-size: 130%; font-family: 'times new roman', times, serif;\">\u00c1nh s\u00e1ng: v\u00e0ng, tr\u1eafng<\/span><\/li>\n<li><span style=\"font-size: 130%; font-family: 'times new roman', times, serif;\">Ch\u1ec9 s\u1ed1 ho\u00e0n m\u00e0u (CRI) &gt;80.<\/span><\/li>\n<\/ul>\n<p><span style=\"font-family: 'times new roman', times, serif; font-size: 130%;\"><em style=\"color: #0000ff;\">V\u1eadn chuy\u1ec3n n\u1ed9i th\u00e0nh \u0110\u00e0 N\u1eb5ng<\/em><\/span><\/p>\n<p><span style=\"color: #0000ff; font-size: 130%; font-family: 'times new roman', times, serif;\"><em>Ph\u00ed v\u1eadn chuy\u1ec3n ph\u1ee5 thu\u1ed9c v\u00e0o t\u1eebng v\u1ecb tr\u00ed<\/em><\/span><\/p>\n","protected":false},"featured_media":6459,"comment_status":"closed","ping_status":"closed","template":"","meta":[],"product_cat":[401],"product_tag":[452],"class_list":{"0":"post-6457","1":"product","2":"type-product","3":"status-publish","4":"has-post-thumbnail","6":"product_cat-dien","7":"product_tag-den-led-op-tran-o-da-nang","9":"first","10":"instock","11":"sale","12":"shipping-taxable","13":"purchasable","14":"product-type-simple"},"yoast_head":"<!-- This site is optimized with the Yoast SEO Premium plugin v22.3 (Yoast SEO v22.8) - https:\/\/yoast.com\/wordpress\/plugins\/seo\/ -->\n<title>\u0110\u00e8n LED \u1ed0p Tr\u1ea7n S\u01a1n \u0110en - V\u1eadt Li\u1ec7u X\u00e2y D\u1ef1ng Tr\u1ea7n Th\u1ecb Chi Nh\u00e1nh Qu\u1ea3ng Nam<\/title>\n<meta name=\"robots\" content=\"index, follow, max-snippet:-1, max-image-preview:large, max-video-preview:-1\" \/>\n<link rel=\"canonical\" href=\"https:\/\/tranthi.vn\/quangnam\/den-led-op-tran-son-den-tron-vuong-6w-24w-tron-6w-v\/\" \/>\n<meta property=\"og:locale\" content=\"vi_VN\" \/>\n<meta property=\"og:type\" content=\"article\" \/>\n<meta property=\"og:title\" content=\"\u0110\u00e8n LED \u1ed0p Tr\u1ea7n S\u01a1n \u0110en\" \/>\n<meta property=\"og:description\" content=\"\ud83e\udd70\u0110\u01a1n v\u1ecb t\u00ednh: C\u00e1i  1.\u1ed0p n\u1ed5i tr\u00f2n vi\u1ec1n s\u01a1n tr\u1eafng:  \ud83e\udd70C\u00d4NG SU\u1ea4T\u00a0 -\u00a0 K\u00cdCH TH\u01af\u1edaC\u00a0 \u00a0-\u00a0 \u00a0\u0110\u01a0N GI\u00c1\u00a0   6W\u00a0 \u00a0 \u00a0 \u00a0 \u00a0 \u00a0 \u00a0 \u00a0 \u00a0 \u00a0 \u2205120x34\u00a0 \u00a0 \u00a0 \u00a0 \u00a0 \u00a0 \u00a0 \u00a0 \u00a0 \u00a0 101.000\u0111  12W\u00a0 \u00a0 \u00a0 \u00a0 \u00a0 \u00a0 \u00a0 \u00a0 \u00a0 \u2205170x34\u00a0 \u00a0 \u00a0 \u00a0 \u00a0 \u00a0 \u00a0 \u00a0 \u00a0 \u00a0 130.000\u0111  18W\u00a0 \u00a0 \u00a0 \u00a0 \u00a0 \u00a0 \u00a0 \u00a0 \u00a0 \u2205210x34\u00a0 \u00a0 \u00a0 \u00a0 \u00a0 \u00a0 \u00a0 \u00a0 \u00a0 \u00a0 171.000\u0111  24W\u00a0 \u00a0 \u00a0 \u00a0 \u00a0 \u00a0 \u00a0 \u00a0 \u00a0 \u2205290x34\u00a0 \u00a0 \u00a0 \u00a0 \u00a0 \u00a0 \u00a0 \u00a0 \u00a0 \u00a0 234.000\u0111  12W-3C\u0110\u00a0 \u00a0 \u00a0 \u00a0 \u00a0\u2205170x34\u00a0 \u00a0 \u00a0 \u00a0 \u00a0 \u00a0 \u00a0 \u00a0 \u00a0 \u00a0163.000\u0111  18W-3C\u0110\u00a0 \u00a0 \u00a0 \u00a0 \u00a0\u2205210x34\u00a0 \u00a0 \u00a0 \u00a0 \u00a0 \u00a0 \u00a0 \u00a0 \u00a0 \u00a0212.000\u0111  2.\u1ed0p n\u1ed5i vu\u00f4ng vi\u1ec1n s\u01a1n tr\u1eafng:  \ud83e\udd70C\u00d4NG SU\u1ea4T -\u00a0 \u00a0 K\u00cdCH TH\u01af\u1edaC\u00a0 \u00a0-\u00a0 \u00a0\u0110\u01a0N GI\u00c1\u00a0   12W\u00a0 \u00a0 \u00a0 \u00a0 \u00a0 \u00a0 \u00a0 \u00a0 \u00a0 \u00a0\u2205170x34x170\u00a0 \u00a0 \u00a0 \u00a0 \u00a0 \u00a0139.000\u0111  18W\u00a0 \u00a0 \u00a0 \u00a0 \u00a0 \u00a0 \u00a0 \u00a0 \u00a0 \u00a0\u2205210x34x210\u00a0 \u00a0 \u00a0 \u00a0 \u00a0 \u00a0175.000\u0111  24W\u00a0 \u00a0 \u00a0 \u00a0 \u00a0 \u00a0 \u00a0 \u00a0 \u00a0 \u00a0\u2205290x34x290\u00a0 \u00a0 \u00a0 \u00a0 \u00a0 \u00a0244.000\u0111  12W-3C\u0110\u00a0 \u00a0 \u00a0 \u00a0 \u00a0 \u2205170x34x170\u00a0 \u00a0 \u00a0 \u00a0 \u00a0 \u00a0178.000\u0111  18W-3C\u0110\u00a0 \u00a0 \u00a0 \u00a0 \u00a0 \u2205210x34x210\u00a0 \u00a0 \u00a0 \u00a0 \u00a0 \u00a0228.000\u0111  \ud83e\udd70Th\u00f4ng s\u1ed1 k\u1ef9 thu\u1eadt:\u00a0   \u0110i\u1ec7n \u00e1p: 110 - 265V  Chip Led SMD Ch\u00e2u \u00c2u ti\u00ean ti\u1ebfn, ngu\u1ed3n Aishi c\u00f3 Tenta \u1ed5n \u0111\u1ecbnh d\u00f2ng  Quang th\u00f4ng: 90Lm\/W  Tu\u1ed5i th\u1ecd tr\u00ean 30.000h  B\u1ea3o h\u00e0nh: 24 Th\u00e1ng \u0111\u1ed5i m\u1edbi  \u00c1nh s\u00e1ng: v\u00e0ng, tr\u1eafng  Ch\u1ec9 s\u1ed1 ho\u00e0n m\u00e0u (CRI) &gt;80.  V\u1eadn chuy\u1ec3n n\u1ed9i th\u00e0nh \u0110\u00e0 N\u1eb5ng  Ph\u00ed v\u1eadn chuy\u1ec3n ph\u1ee5 thu\u1ed9c v\u00e0o t\u1eebng v\u1ecb tr\u00ed\" \/>\n<meta property=\"og:url\" content=\"https:\/\/tranthi.vn\/quangnam\/den-led-op-tran-son-den-tron-vuong-6w-24w-tron-6w-v\/\" \/>\n<meta property=\"og:site_name\" content=\"V\u1eadt Li\u1ec7u X\u00e2y D\u1ef1ng Tr\u1ea7n Th\u1ecb Chi Nh\u00e1nh Qu\u1ea3ng Nam\" \/>\n<meta property=\"article:modified_time\" content=\"2024-07-20T00:55:37+00:00\" \/>\n<meta property=\"og:image\" content=\"https:\/\/tranthi.vn\/quangnam\/wp-content\/uploads\/2023\/11\/Den-Led-Op-Tran-Son-Den-Da-Nang-1.jpg\" \/>\n\t<meta property=\"og:image:width\" content=\"200\" \/>\n\t<meta property=\"og:image:height\" content=\"200\" \/>\n\t<meta property=\"og:image:type\" content=\"image\/jpeg\" \/>\n<meta name=\"twitter:card\" content=\"summary_large_image\" \/>\n<meta name=\"twitter:label1\" content=\"Gi\u00e1\" \/>\n\t<meta name=\"twitter:data1\" content=\"101,000&nbsp;&#8363;\" \/>\n\t<meta name=\"twitter:label2\" content=\"Kh\u1ea3 d\u1ee5ng\" \/>\n\t<meta name=\"twitter:data2\" content=\"Trong kho\" \/>\n<script type=\"application\/ld+json\" class=\"yoast-schema-graph\">{\"@context\":\"https:\/\/schema.org\",\"@graph\":[{\"@type\":[\"WebPage\",\"ItemPage\"],\"@id\":\"https:\/\/tranthi.vn\/quangnam\/den-led-op-tran-son-den-tron-vuong-6w-24w-tron-6w-v\/\",\"url\":\"https:\/\/tranthi.vn\/quangnam\/den-led-op-tran-son-den-tron-vuong-6w-24w-tron-6w-v\/\",\"name\":\"\u0110\u00e8n LED \u1ed0p Tr\u1ea7n S\u01a1n \u0110en - V\u1eadt Li\u1ec7u X\u00e2y D\u1ef1ng Tr\u1ea7n Th\u1ecb Chi Nh\u00e1nh Qu\u1ea3ng Nam\",\"isPartOf\":{\"@id\":\"https:\/\/tranthi.vn\/quangnam\/#website\"},\"primaryImageOfPage\":{\"@id\":\"https:\/\/tranthi.vn\/quangnam\/den-led-op-tran-son-den-tron-vuong-6w-24w-tron-6w-v\/#primaryimage\"},\"image\":{\"@id\":\"https:\/\/tranthi.vn\/quangnam\/den-led-op-tran-son-den-tron-vuong-6w-24w-tron-6w-v\/#primaryimage\"},\"thumbnailUrl\":\"https:\/\/tranthi.vn\/quangnam\/wp-content\/uploads\/2023\/11\/Den-Led-Op-Tran-Son-Den-Da-Nang-1.jpg\",\"datePublished\":\"2023-11-23T06:36:51+00:00\",\"dateModified\":\"2024-07-20T00:55:37+00:00\",\"breadcrumb\":{\"@id\":\"https:\/\/tranthi.vn\/quangnam\/den-led-op-tran-son-den-tron-vuong-6w-24w-tron-6w-v\/#breadcrumb\"},\"inLanguage\":\"vi\",\"potentialAction\":[{\"@type\":\"ReadAction\",\"target\":[\"https:\/\/tranthi.vn\/quangnam\/den-led-op-tran-son-den-tron-vuong-6w-24w-tron-6w-v\/\"]}]},{\"@type\":\"ImageObject\",\"inLanguage\":\"vi\",\"@id\":\"https:\/\/tranthi.vn\/quangnam\/den-led-op-tran-son-den-tron-vuong-6w-24w-tron-6w-v\/#primaryimage\",\"url\":\"https:\/\/tranthi.vn\/quangnam\/wp-content\/uploads\/2023\/11\/Den-Led-Op-Tran-Son-Den-Da-Nang-1.jpg\",\"contentUrl\":\"https:\/\/tranthi.vn\/quangnam\/wp-content\/uploads\/2023\/11\/Den-Led-Op-Tran-Son-Den-Da-Nang-1.jpg\",\"width\":200,\"height\":200,\"caption\":\"Den-Led-Op-Tran-Son-Den-Da-Nang-1.jpg\"},{\"@type\":\"BreadcrumbList\",\"@id\":\"https:\/\/tranthi.vn\/quangnam\/den-led-op-tran-son-den-tron-vuong-6w-24w-tron-6w-v\/#breadcrumb\",\"itemListElement\":[{\"@type\":\"ListItem\",\"position\":1,\"name\":\"Trang ch\u1ee7\",\"item\":\"https:\/\/tranthi.vn\/quangnam\/\"},{\"@type\":\"ListItem\",\"position\":2,\"name\":\"Shop\",\"item\":\"https:\/\/tranthi.vn\/quangnam\/shop\/\"},{\"@type\":\"ListItem\",\"position\":3,\"name\":\"\u0110\u00e8n LED \u1ed0p Tr\u1ea7n S\u01a1n \u0110en\"}]},{\"@type\":\"WebSite\",\"@id\":\"https:\/\/tranthi.vn\/quangnam\/#website\",\"url\":\"https:\/\/tranthi.vn\/quangnam\/\",\"name\":\"V\u1eadt Li\u1ec7u X\u00e2y D\u1ef1ng Tr\u1ea7n Th\u1ecb Chi Nh\u00e1nh Qu\u1ea3ng Nam\",\"description\":\"V\u1eadt Li\u1ec7u X\u00e2y D\u1ef1ng - Qu\u1ea3ng Nam\",\"potentialAction\":[{\"@type\":\"SearchAction\",\"target\":{\"@type\":\"EntryPoint\",\"urlTemplate\":\"https:\/\/tranthi.vn\/quangnam\/?s={search_term_string}\"},\"query-input\":\"required name=search_term_string\"}],\"inLanguage\":\"vi\"},{\"@type\":\"ImageObject\",\"inLanguage\":\"vi\",\"@id\":\"https:\/\/tranthi.vn\/quangnam\/den-led-op-tran-son-den-tron-vuong-6w-24w-tron-6w-v\/#local-main-organization-logo\",\"url\":\"\",\"contentUrl\":\"\",\"caption\":\"V\u1eadt Li\u1ec7u X\u00e2y D\u1ef1ng Tr\u1ea7n Th\u1ecb Chi Nh\u00e1nh Qu\u1ea3ng Nam\"}]}<\/script>\n<meta property=\"product:price:amount\" content=\"101000\" \/>\n<meta property=\"product:price:currency\" content=\"VND\" \/>\n<meta property=\"og:availability\" content=\"instock\" \/>\n<meta property=\"product:availability\" content=\"instock\" \/>\n<meta property=\"product:condition\" content=\"new\" \/>\n<!-- \/ Yoast SEO Premium plugin. -->","yoast_head_json":{"title":"\u0110\u00e8n LED \u1ed0p Tr\u1ea7n S\u01a1n \u0110en - V\u1eadt Li\u1ec7u X\u00e2y D\u1ef1ng Tr\u1ea7n Th\u1ecb Chi Nh\u00e1nh Qu\u1ea3ng Nam","robots":{"index":"index","follow":"follow","max-snippet":"max-snippet:-1","max-image-preview":"max-image-preview:large","max-video-preview":"max-video-preview:-1"},"canonical":"https:\/\/tranthi.vn\/quangnam\/den-led-op-tran-son-den-tron-vuong-6w-24w-tron-6w-v\/","og_locale":"vi_VN","og_type":"article","og_title":"\u0110\u00e8n LED \u1ed0p Tr\u1ea7n S\u01a1n \u0110en","og_description":"\ud83e\udd70\u0110\u01a1n v\u1ecb t\u00ednh: C\u00e1i  1.\u1ed0p n\u1ed5i tr\u00f2n vi\u1ec1n s\u01a1n tr\u1eafng:  \ud83e\udd70C\u00d4NG SU\u1ea4T\u00a0 -\u00a0 K\u00cdCH TH\u01af\u1edaC\u00a0 \u00a0-\u00a0 \u00a0\u0110\u01a0N GI\u00c1\u00a0   6W\u00a0 \u00a0 \u00a0 \u00a0 \u00a0 \u00a0 \u00a0 \u00a0 \u00a0 \u00a0 \u2205120x34\u00a0 \u00a0 \u00a0 \u00a0 \u00a0 \u00a0 \u00a0 \u00a0 \u00a0 \u00a0 101.000\u0111  12W\u00a0 \u00a0 \u00a0 \u00a0 \u00a0 \u00a0 \u00a0 \u00a0 \u00a0 \u2205170x34\u00a0 \u00a0 \u00a0 \u00a0 \u00a0 \u00a0 \u00a0 \u00a0 \u00a0 \u00a0 130.000\u0111  18W\u00a0 \u00a0 \u00a0 \u00a0 \u00a0 \u00a0 \u00a0 \u00a0 \u00a0 \u2205210x34\u00a0 \u00a0 \u00a0 \u00a0 \u00a0 \u00a0 \u00a0 \u00a0 \u00a0 \u00a0 171.000\u0111  24W\u00a0 \u00a0 \u00a0 \u00a0 \u00a0 \u00a0 \u00a0 \u00a0 \u00a0 \u2205290x34\u00a0 \u00a0 \u00a0 \u00a0 \u00a0 \u00a0 \u00a0 \u00a0 \u00a0 \u00a0 234.000\u0111  12W-3C\u0110\u00a0 \u00a0 \u00a0 \u00a0 \u00a0\u2205170x34\u00a0 \u00a0 \u00a0 \u00a0 \u00a0 \u00a0 \u00a0 \u00a0 \u00a0 \u00a0163.000\u0111  18W-3C\u0110\u00a0 \u00a0 \u00a0 \u00a0 \u00a0\u2205210x34\u00a0 \u00a0 \u00a0 \u00a0 \u00a0 \u00a0 \u00a0 \u00a0 \u00a0 \u00a0212.000\u0111  2.\u1ed0p n\u1ed5i vu\u00f4ng vi\u1ec1n s\u01a1n tr\u1eafng:  \ud83e\udd70C\u00d4NG SU\u1ea4T -\u00a0 \u00a0 K\u00cdCH TH\u01af\u1edaC\u00a0 \u00a0-\u00a0 \u00a0\u0110\u01a0N GI\u00c1\u00a0   12W\u00a0 \u00a0 \u00a0 \u00a0 \u00a0 \u00a0 \u00a0 \u00a0 \u00a0 \u00a0\u2205170x34x170\u00a0 \u00a0 \u00a0 \u00a0 \u00a0 \u00a0139.000\u0111  18W\u00a0 \u00a0 \u00a0 \u00a0 \u00a0 \u00a0 \u00a0 \u00a0 \u00a0 \u00a0\u2205210x34x210\u00a0 \u00a0 \u00a0 \u00a0 \u00a0 \u00a0175.000\u0111  24W\u00a0 \u00a0 \u00a0 \u00a0 \u00a0 \u00a0 \u00a0 \u00a0 \u00a0 \u00a0\u2205290x34x290\u00a0 \u00a0 \u00a0 \u00a0 \u00a0 \u00a0244.000\u0111  12W-3C\u0110\u00a0 \u00a0 \u00a0 \u00a0 \u00a0 \u2205170x34x170\u00a0 \u00a0 \u00a0 \u00a0 \u00a0 \u00a0178.000\u0111  18W-3C\u0110\u00a0 \u00a0 \u00a0 \u00a0 \u00a0 \u2205210x34x210\u00a0 \u00a0 \u00a0 \u00a0 \u00a0 \u00a0228.000\u0111  \ud83e\udd70Th\u00f4ng s\u1ed1 k\u1ef9 thu\u1eadt:\u00a0   \u0110i\u1ec7n \u00e1p: 110 - 265V  Chip Led SMD Ch\u00e2u \u00c2u ti\u00ean ti\u1ebfn, ngu\u1ed3n Aishi c\u00f3 Tenta \u1ed5n \u0111\u1ecbnh d\u00f2ng  Quang th\u00f4ng: 90Lm\/W  Tu\u1ed5i th\u1ecd tr\u00ean 30.000h  B\u1ea3o h\u00e0nh: 24 Th\u00e1ng \u0111\u1ed5i m\u1edbi  \u00c1nh s\u00e1ng: v\u00e0ng, tr\u1eafng  Ch\u1ec9 s\u1ed1 ho\u00e0n m\u00e0u (CRI) &gt;80.  V\u1eadn chuy\u1ec3n n\u1ed9i th\u00e0nh \u0110\u00e0 N\u1eb5ng  Ph\u00ed v\u1eadn chuy\u1ec3n ph\u1ee5 thu\u1ed9c v\u00e0o t\u1eebng v\u1ecb tr\u00ed","og_url":"https:\/\/tranthi.vn\/quangnam\/den-led-op-tran-son-den-tron-vuong-6w-24w-tron-6w-v\/","og_site_name":"V\u1eadt Li\u1ec7u X\u00e2y D\u1ef1ng Tr\u1ea7n Th\u1ecb Chi Nh\u00e1nh Qu\u1ea3ng Nam","article_modified_time":"2024-07-20T00:55:37+00:00","og_image":[{"width":200,"height":200,"url":"https:\/\/tranthi.vn\/quangnam\/wp-content\/uploads\/2023\/11\/Den-Led-Op-Tran-Son-Den-Da-Nang-1.jpg","type":"image\/jpeg"}],"twitter_card":"summary_large_image","twitter_misc":{"Gi\u00e1":"101,000&nbsp;&#8363;","Kh\u1ea3 d\u1ee5ng":"Trong kho"},"schema":{"@context":"https:\/\/schema.org","@graph":[{"@type":["WebPage","ItemPage"],"@id":"https:\/\/tranthi.vn\/quangnam\/den-led-op-tran-son-den-tron-vuong-6w-24w-tron-6w-v\/","url":"https:\/\/tranthi.vn\/quangnam\/den-led-op-tran-son-den-tron-vuong-6w-24w-tron-6w-v\/","name":"\u0110\u00e8n LED \u1ed0p Tr\u1ea7n S\u01a1n \u0110en - V\u1eadt Li\u1ec7u X\u00e2y D\u1ef1ng Tr\u1ea7n Th\u1ecb Chi Nh\u00e1nh Qu\u1ea3ng Nam","isPartOf":{"@id":"https:\/\/tranthi.vn\/quangnam\/#website"},"primaryImageOfPage":{"@id":"https:\/\/tranthi.vn\/quangnam\/den-led-op-tran-son-den-tron-vuong-6w-24w-tron-6w-v\/#primaryimage"},"image":{"@id":"https:\/\/tranthi.vn\/quangnam\/den-led-op-tran-son-den-tron-vuong-6w-24w-tron-6w-v\/#primaryimage"},"thumbnailUrl":"https:\/\/tranthi.vn\/quangnam\/wp-content\/uploads\/2023\/11\/Den-Led-Op-Tran-Son-Den-Da-Nang-1.jpg","datePublished":"2023-11-23T06:36:51+00:00","dateModified":"2024-07-20T00:55:37+00:00","breadcrumb":{"@id":"https:\/\/tranthi.vn\/quangnam\/den-led-op-tran-son-den-tron-vuong-6w-24w-tron-6w-v\/#breadcrumb"},"inLanguage":"vi","potentialAction":[{"@type":"ReadAction","target":["https:\/\/tranthi.vn\/quangnam\/den-led-op-tran-son-den-tron-vuong-6w-24w-tron-6w-v\/"]}]},{"@type":"ImageObject","inLanguage":"vi","@id":"https:\/\/tranthi.vn\/quangnam\/den-led-op-tran-son-den-tron-vuong-6w-24w-tron-6w-v\/#primaryimage","url":"https:\/\/tranthi.vn\/quangnam\/wp-content\/uploads\/2023\/11\/Den-Led-Op-Tran-Son-Den-Da-Nang-1.jpg","contentUrl":"https:\/\/tranthi.vn\/quangnam\/wp-content\/uploads\/2023\/11\/Den-Led-Op-Tran-Son-Den-Da-Nang-1.jpg","width":200,"height":200,"caption":"Den-Led-Op-Tran-Son-Den-Da-Nang-1.jpg"},{"@type":"BreadcrumbList","@id":"https:\/\/tranthi.vn\/quangnam\/den-led-op-tran-son-den-tron-vuong-6w-24w-tron-6w-v\/#breadcrumb","itemListElement":[{"@type":"ListItem","position":1,"name":"Trang ch\u1ee7","item":"https:\/\/tranthi.vn\/quangnam\/"},{"@type":"ListItem","position":2,"name":"Shop","item":"https:\/\/tranthi.vn\/quangnam\/shop\/"},{"@type":"ListItem","position":3,"name":"\u0110\u00e8n LED \u1ed0p Tr\u1ea7n S\u01a1n \u0110en"}]},{"@type":"WebSite","@id":"https:\/\/tranthi.vn\/quangnam\/#website","url":"https:\/\/tranthi.vn\/quangnam\/","name":"V\u1eadt Li\u1ec7u X\u00e2y D\u1ef1ng Tr\u1ea7n Th\u1ecb Chi Nh\u00e1nh Qu\u1ea3ng Nam","description":"V\u1eadt Li\u1ec7u X\u00e2y D\u1ef1ng - Qu\u1ea3ng Nam","potentialAction":[{"@type":"SearchAction","target":{"@type":"EntryPoint","urlTemplate":"https:\/\/tranthi.vn\/quangnam\/?s={search_term_string}"},"query-input":"required name=search_term_string"}],"inLanguage":"vi"},{"@type":"ImageObject","inLanguage":"vi","@id":"https:\/\/tranthi.vn\/quangnam\/den-led-op-tran-son-den-tron-vuong-6w-24w-tron-6w-v\/#local-main-organization-logo","url":"","contentUrl":"","caption":"V\u1eadt Li\u1ec7u X\u00e2y D\u1ef1ng Tr\u1ea7n Th\u1ecb Chi Nh\u00e1nh Qu\u1ea3ng Nam"}]},"product_price_amount":"101000","product_price_currency":"VND","og_availability":"instock","product_availability":"instock","product_condition":"new"},"_links":{"self":[{"href":"https:\/\/tranthi.vn\/quangnam\/wp-json\/wp\/v2\/product\/6457","targetHints":{"allow":["GET"]}}],"collection":[{"href":"https:\/\/tranthi.vn\/quangnam\/wp-json\/wp\/v2\/product"}],"about":[{"href":"https:\/\/tranthi.vn\/quangnam\/wp-json\/wp\/v2\/types\/product"}],"replies":[{"embeddable":true,"href":"https:\/\/tranthi.vn\/quangnam\/wp-json\/wp\/v2\/comments?post=6457"}],"wp:featuredmedia":[{"embeddable":true,"href":"https:\/\/tranthi.vn\/quangnam\/wp-json\/wp\/v2\/media\/6459"}],"wp:attachment":[{"href":"https:\/\/tranthi.vn\/quangnam\/wp-json\/wp\/v2\/media?parent=6457"}],"wp:term":[{"taxonomy":"product_cat","embeddable":true,"href":"https:\/\/tranthi.vn\/quangnam\/wp-json\/wp\/v2\/product_cat?post=6457"},{"taxonomy":"product_tag","embeddable":true,"href":"https:\/\/tranthi.vn\/quangnam\/wp-json\/wp\/v2\/product_tag?post=6457"}],"curies":[{"name":"wp","href":"https:\/\/api.w.org\/{rel}","templated":true}]}}