{"id":6450,"date":"2023-11-23T09:40:06","date_gmt":"2023-11-23T02:40:06","guid":{"rendered":"https:\/\/tranthi.vn\/quangnam\/?post_type=product&#038;p=6450"},"modified":"2024-06-07T16:50:45","modified_gmt":"2024-06-07T09:50:45","slug":"den-led-op-tran-tran-vien-24w-32w-trang-den-tron-vuong","status":"publish","type":"product","link":"https:\/\/tranthi.vn\/quangnam\/den-led-op-tran-tran-vien-24w-32w-trang-den-tron-vuong\/","title":{"rendered":"\u0110\u00e8n Led \u1ed0p Tr\u1ea7n Tr\u00e0n Vi\u1ec1n"},"content":{"rendered":"","protected":false},"excerpt":{"rendered":"<p><span style=\"font-family: 'times new roman', times, serif; font-size: 130%;\">\ud83e\udd70\u0110\u01a1n v\u1ecb t\u00ednh: C\u00e1i<\/span><\/p>\n<p><span style=\"font-family: 'times new roman', times, serif; font-size: 130%;\"><strong>1. \u1ed0p n\u1ed5i tr\u00e0n vi\u1ec1n s\u01a1n tr\u1eafng:<\/strong><\/span><\/p>\n<p><span style=\"font-family: 'times new roman', times, serif; font-size: 130%;\"><strong>\ud83e\udd70<span style=\"font-size: 90%;\">C\u00d4NG SU\u1ea4T\u00a0 \u00a0&#8211;\u00a0 \u00a0K\u00cdCH TH\u01af\u1edaC\u00a0 \u00a0&#8211;\u00a0 \u00a0\u0110\u01a0N GI\u00c1\u00a0<\/span><\/strong><\/span><\/p>\n<ul>\n<li><span style=\"font-family: 'times new roman', times, serif; font-size: 130%;\">24W Tr\u00f2n\u00a0 \u00a0 \u00a0 \u00a0 \u00a0 \u00a0\u00d8175*35\u00a0 \u00a0 \u00a0 \u00a0 \u00a0 \u00a0 \u00a0 \u00a0<span style=\"color: #ff0000;\"><strong> 323.000\u0111<\/strong><\/span><\/span><\/li>\n<li><span style=\"font-family: 'times new roman', times, serif; font-size: 130%;\">24W Vu\u00f4ng\u00a0 \u00a0 \u00a0 \u00a0 \u00d8175*35\u00a0 \u00a0 \u00a0 \u00a0 \u00a0 \u00a0 \u00a0 \u00a0 <span style=\"color: #ff0000;\"><strong>411.000\u0111<\/strong><\/span><\/span><\/li>\n<li><span style=\"font-family: 'times new roman', times, serif; font-size: 130%;\">32W Tr\u00f2n\u00a0 \u00a0 \u00a0 \u00a0 \u00a0 \u00a0\u00d8225*35\u00a0 \u00a0 \u00a0 \u00a0 \u00a0 \u00a0 \u00a0 \u00a0<span style=\"color: #ff0000;\"><strong> 337.000\u0111<\/strong><\/span><\/span><\/li>\n<li><span style=\"font-family: 'times new roman', times, serif; font-size: 130%;\">32W Vu\u00f4ng\u00a0 \u00a0 \u00a0 \u00a0 \u00d8225*35\u00a0 \u00a0 \u00a0 \u00a0 \u00a0 \u00a0 \u00a0 \u00a0<span style=\"color: #ff0000;\"><strong> 439.000\u0111<\/strong><\/span><\/span><\/li>\n<\/ul>\n<p><span style=\"font-family: 'times new roman', times, serif; font-size: 130%;\"><strong>2. \u1ed0p n\u1ed5i tr\u00e0n vi\u1ec1n s\u01a1n \u0111en<span style=\"color: #333333;\">:<\/span><\/strong><\/span><\/p>\n<p><span style=\"font-family: 'times new roman', times, serif; font-size: 130%;\"><strong>\ud83e\udd70<span style=\"font-size: 90%;\">C\u00d4NG SU\u1ea4T\u00a0 \u00a0&#8211;\u00a0 \u00a0K\u00cdCH TH\u01af\u1edaC\u00a0 \u00a0&#8211;\u00a0 \u00a0\u0110\u01a0N GI\u00c1<\/span><\/strong><\/span><\/p>\n<ul>\n<li><span style=\"font-family: 'times new roman', times, serif; font-size: 130%;\">24W Tr\u00f2n\u00a0 \u00a0 \u00a0 \u00a0 \u00a0 \u00a0\u00d8175*35\u00a0 \u00a0 \u00a0 \u00a0 \u00a0 \u00a0 \u00a0 \u00a0<span style=\"color: #ff0000;\"><strong> 332.000\u0111<\/strong><\/span><\/span><\/li>\n<li><span style=\"font-family: 'times new roman', times, serif; font-size: 130%;\">24W Vu\u00f4ng\u00a0 \u00a0 \u00a0 \u00a0 \u00d8175*35\u00a0 \u00a0 \u00a0 \u00a0 \u00a0 \u00a0 \u00a0 \u00a0<span style=\"color: #ff0000;\"><strong> 419.000\u0111<\/strong><\/span><\/span><\/li>\n<li><span style=\"font-family: 'times new roman', times, serif; font-size: 130%;\">32W Tr\u00f2n\u00a0 \u00a0 \u00a0 \u00a0 \u00a0 \u00a0\u00d8225*35\u00a0 \u00a0 \u00a0 \u00a0 \u00a0 \u00a0 \u00a0 \u00a0<span style=\"color: #ff0000;\"><strong> 346.000\u0111<\/strong><\/span><\/span><\/li>\n<li><span style=\"font-family: 'times new roman', times, serif; font-size: 130%;\">32W Vu\u00f4ng\u00a0 \u00a0 \u00a0 \u00a0 \u00d8225*35\u00a0 \u00a0 \u00a0 \u00a0 \u00a0 \u00a0 \u00a0 \u00a0<span style=\"color: #ff0000;\"><strong> 451.000\u0111<\/strong><\/span><\/span><\/li>\n<\/ul>\n<p><span style=\"font-family: 'times new roman', times, serif; font-size: 130%;\"><strong>\ud83e\udd70Th\u00f4ng s\u1ed1 k\u1ef9 thu\u1eadt:<\/strong><\/span><\/p>\n<ul>\n<li><span style=\"font-family: 'times new roman', times, serif; font-size: 130%;\">\u0110i\u1ec7n \u00e1p: 110 &#8211; 265V<\/span><\/li>\n<li><span style=\"font-family: 'times new roman', times, serif; font-size: 130%;\">Chip Led SMD Ch\u00e2u \u00c2u ti\u00ean ti\u1ebfn, ngu\u1ed3n Aishi c\u00f3 Tenta \u1ed5n \u0111\u1ecbnh d\u00f2ng<\/span><\/li>\n<li><span style=\"font-family: 'times new roman', times, serif; font-size: 130%;\">Quang th\u00f4ng: 100Lm\/W<\/span><\/li>\n<li><span style=\"font-family: 'times new roman', times, serif; font-size: 130%;\">Tu\u1ed5i th\u1ecd tr\u00ean 30.000h<\/span><\/li>\n<li><span style=\"font-family: 'times new roman', times, serif; font-size: 130%;\">Ch\u1ec9 s\u1ed1 ho\u00e0n m\u00e0u (CRI) &gt;80.<\/span><\/li>\n<\/ul>\n<p><span style=\"font-family: 'times new roman', times, serif; font-size: 130%;\">\ud83e\udd70M\u00e0u \u00e1nh s\u00e1ng: V\u00e0ng, Tr\u1eafng<\/span><\/p>\n<p><span style=\"font-family: 'times new roman', times, serif; font-size: 130%;\">\ud83e\udd70B\u1ea3o h\u00e0nh: 24 Th\u00e1ng \u0111\u1ed5i m\u1edbi<\/span><\/p>\n<p><span style=\"font-family: 'times new roman', times, serif; font-size: 130%;\"><em style=\"color: #0000ff;\">V\u1eadn chuy\u1ec3n n\u1ed9i th\u00e0nh \u0110\u00e0 N\u1eb5ng<\/em><\/span><\/p>\n<p><span style=\"color: #0000ff; font-size: 130%; font-family: 'times new roman', times, serif;\"><em>Ph\u00ed v\u1eadn chuy\u1ec3n ph\u1ee5 thu\u1ed9c v\u00e0o t\u1eebng v\u1ecb tr\u00ed<\/em><\/span><\/p>\n<p>&nbsp;<\/p>\n<p>&nbsp;<\/p>\n<p>&nbsp;<\/p>\n","protected":false},"featured_media":6454,"comment_status":"closed","ping_status":"closed","template":"","meta":[],"product_cat":[401],"product_tag":[],"class_list":{"0":"post-6450","1":"product","2":"type-product","3":"status-publish","4":"has-post-thumbnail","6":"product_cat-dien","8":"first","9":"instock","10":"sale","11":"shipping-taxable","12":"purchasable","13":"product-type-simple"},"yoast_head":"<!-- This site is optimized with the Yoast SEO Premium plugin v22.3 (Yoast SEO v22.8) - https:\/\/yoast.com\/wordpress\/plugins\/seo\/ -->\n<title>\u0110\u00e8n Led \u1ed0p Tr\u1ea7n Tr\u00e0n Vi\u1ec1n - V\u1eadt Li\u1ec7u X\u00e2y D\u1ef1ng Tr\u1ea7n Th\u1ecb Chi Nh\u00e1nh Qu\u1ea3ng Nam<\/title>\n<meta name=\"robots\" content=\"index, follow, max-snippet:-1, max-image-preview:large, max-video-preview:-1\" \/>\n<link rel=\"canonical\" href=\"https:\/\/tranthi.vn\/quangnam\/den-led-op-tran-tran-vien-24w-32w-trang-den-tron-vuong\/\" \/>\n<meta property=\"og:locale\" content=\"vi_VN\" \/>\n<meta property=\"og:type\" content=\"article\" \/>\n<meta property=\"og:title\" content=\"\u0110\u00e8n Led \u1ed0p Tr\u1ea7n Tr\u00e0n Vi\u1ec1n\" \/>\n<meta property=\"og:description\" content=\"\ud83e\udd70\u0110\u01a1n v\u1ecb t\u00ednh: C\u00e1i  1. \u1ed0p n\u1ed5i tr\u00e0n vi\u1ec1n s\u01a1n tr\u1eafng:  \ud83e\udd70C\u00d4NG SU\u1ea4T\u00a0 \u00a0-\u00a0 \u00a0K\u00cdCH TH\u01af\u1edaC\u00a0 \u00a0-\u00a0 \u00a0\u0110\u01a0N GI\u00c1\u00a0   24W Tr\u00f2n\u00a0 \u00a0 \u00a0 \u00a0 \u00a0 \u00a0\u00d8175*35\u00a0 \u00a0 \u00a0 \u00a0 \u00a0 \u00a0 \u00a0 \u00a0 323.000\u0111  24W Vu\u00f4ng\u00a0 \u00a0 \u00a0 \u00a0 \u00d8175*35\u00a0 \u00a0 \u00a0 \u00a0 \u00a0 \u00a0 \u00a0 \u00a0 411.000\u0111  32W Tr\u00f2n\u00a0 \u00a0 \u00a0 \u00a0 \u00a0 \u00a0\u00d8225*35\u00a0 \u00a0 \u00a0 \u00a0 \u00a0 \u00a0 \u00a0 \u00a0 337.000\u0111  32W Vu\u00f4ng\u00a0 \u00a0 \u00a0 \u00a0 \u00d8225*35\u00a0 \u00a0 \u00a0 \u00a0 \u00a0 \u00a0 \u00a0 \u00a0 439.000\u0111  2. \u1ed0p n\u1ed5i tr\u00e0n vi\u1ec1n s\u01a1n \u0111en:  \ud83e\udd70C\u00d4NG SU\u1ea4T\u00a0 \u00a0-\u00a0 \u00a0K\u00cdCH TH\u01af\u1edaC\u00a0 \u00a0-\u00a0 \u00a0\u0110\u01a0N GI\u00c1   24W Tr\u00f2n\u00a0 \u00a0 \u00a0 \u00a0 \u00a0 \u00a0\u00d8175*35\u00a0 \u00a0 \u00a0 \u00a0 \u00a0 \u00a0 \u00a0 \u00a0 332.000\u0111  24W Vu\u00f4ng\u00a0 \u00a0 \u00a0 \u00a0 \u00d8175*35\u00a0 \u00a0 \u00a0 \u00a0 \u00a0 \u00a0 \u00a0 \u00a0 419.000\u0111  32W Tr\u00f2n\u00a0 \u00a0 \u00a0 \u00a0 \u00a0 \u00a0\u00d8225*35\u00a0 \u00a0 \u00a0 \u00a0 \u00a0 \u00a0 \u00a0 \u00a0 346.000\u0111  32W Vu\u00f4ng\u00a0 \u00a0 \u00a0 \u00a0 \u00d8225*35\u00a0 \u00a0 \u00a0 \u00a0 \u00a0 \u00a0 \u00a0 \u00a0 451.000\u0111  \ud83e\udd70Th\u00f4ng s\u1ed1 k\u1ef9 thu\u1eadt:   \u0110i\u1ec7n \u00e1p: 110 - 265V  Chip Led SMD Ch\u00e2u \u00c2u ti\u00ean ti\u1ebfn, ngu\u1ed3n Aishi c\u00f3 Tenta \u1ed5n \u0111\u1ecbnh d\u00f2ng  Quang th\u00f4ng: 100Lm\/W  Tu\u1ed5i th\u1ecd tr\u00ean 30.000h  Ch\u1ec9 s\u1ed1 ho\u00e0n m\u00e0u (CRI) &gt;80.  \ud83e\udd70M\u00e0u \u00e1nh s\u00e1ng: V\u00e0ng, Tr\u1eafng  \ud83e\udd70B\u1ea3o h\u00e0nh: 24 Th\u00e1ng \u0111\u1ed5i m\u1edbi  V\u1eadn chuy\u1ec3n n\u1ed9i th\u00e0nh \u0110\u00e0 N\u1eb5ng  Ph\u00ed v\u1eadn chuy\u1ec3n ph\u1ee5 thu\u1ed9c v\u00e0o t\u1eebng v\u1ecb tr\u00ed  &nbsp;  &nbsp;  &nbsp;\" \/>\n<meta property=\"og:url\" content=\"https:\/\/tranthi.vn\/quangnam\/den-led-op-tran-tran-vien-24w-32w-trang-den-tron-vuong\/\" \/>\n<meta property=\"og:site_name\" content=\"V\u1eadt Li\u1ec7u X\u00e2y D\u1ef1ng Tr\u1ea7n Th\u1ecb Chi Nh\u00e1nh Qu\u1ea3ng Nam\" \/>\n<meta property=\"article:modified_time\" content=\"2024-06-07T09:50:45+00:00\" \/>\n<meta property=\"og:image\" content=\"https:\/\/tranthi.vn\/quangnam\/wp-content\/uploads\/2023\/11\/Den-Led-Op-Tran-Tran-Vien-Da-Nang.jpg\" \/>\n\t<meta property=\"og:image:width\" content=\"200\" \/>\n\t<meta property=\"og:image:height\" content=\"200\" \/>\n\t<meta property=\"og:image:type\" content=\"image\/jpeg\" \/>\n<meta name=\"twitter:card\" content=\"summary_large_image\" \/>\n<meta name=\"twitter:label1\" content=\"Gi\u00e1\" \/>\n\t<meta name=\"twitter:data1\" content=\"323,000&nbsp;&#8363;\" \/>\n\t<meta name=\"twitter:label2\" content=\"Kh\u1ea3 d\u1ee5ng\" \/>\n\t<meta name=\"twitter:data2\" content=\"Trong kho\" \/>\n<script type=\"application\/ld+json\" class=\"yoast-schema-graph\">{\"@context\":\"https:\/\/schema.org\",\"@graph\":[{\"@type\":[\"WebPage\",\"ItemPage\"],\"@id\":\"https:\/\/tranthi.vn\/quangnam\/den-led-op-tran-tran-vien-24w-32w-trang-den-tron-vuong\/\",\"url\":\"https:\/\/tranthi.vn\/quangnam\/den-led-op-tran-tran-vien-24w-32w-trang-den-tron-vuong\/\",\"name\":\"\u0110\u00e8n Led \u1ed0p Tr\u1ea7n Tr\u00e0n Vi\u1ec1n - V\u1eadt Li\u1ec7u X\u00e2y D\u1ef1ng Tr\u1ea7n Th\u1ecb Chi Nh\u00e1nh Qu\u1ea3ng Nam\",\"isPartOf\":{\"@id\":\"https:\/\/tranthi.vn\/quangnam\/#website\"},\"primaryImageOfPage\":{\"@id\":\"https:\/\/tranthi.vn\/quangnam\/den-led-op-tran-tran-vien-24w-32w-trang-den-tron-vuong\/#primaryimage\"},\"image\":{\"@id\":\"https:\/\/tranthi.vn\/quangnam\/den-led-op-tran-tran-vien-24w-32w-trang-den-tron-vuong\/#primaryimage\"},\"thumbnailUrl\":\"https:\/\/tranthi.vn\/quangnam\/wp-content\/uploads\/2023\/11\/Den-Led-Op-Tran-Tran-Vien-Da-Nang.jpg\",\"datePublished\":\"2023-11-23T02:40:06+00:00\",\"dateModified\":\"2024-06-07T09:50:45+00:00\",\"breadcrumb\":{\"@id\":\"https:\/\/tranthi.vn\/quangnam\/den-led-op-tran-tran-vien-24w-32w-trang-den-tron-vuong\/#breadcrumb\"},\"inLanguage\":\"vi\",\"potentialAction\":[{\"@type\":\"ReadAction\",\"target\":[\"https:\/\/tranthi.vn\/quangnam\/den-led-op-tran-tran-vien-24w-32w-trang-den-tron-vuong\/\"]}]},{\"@type\":\"ImageObject\",\"inLanguage\":\"vi\",\"@id\":\"https:\/\/tranthi.vn\/quangnam\/den-led-op-tran-tran-vien-24w-32w-trang-den-tron-vuong\/#primaryimage\",\"url\":\"https:\/\/tranthi.vn\/quangnam\/wp-content\/uploads\/2023\/11\/Den-Led-Op-Tran-Tran-Vien-Da-Nang.jpg\",\"contentUrl\":\"https:\/\/tranthi.vn\/quangnam\/wp-content\/uploads\/2023\/11\/Den-Led-Op-Tran-Tran-Vien-Da-Nang.jpg\",\"width\":200,\"height\":200,\"caption\":\"Den-Led-Op-Tran-Tran-Vien-Da-Nang.jpg\"},{\"@type\":\"BreadcrumbList\",\"@id\":\"https:\/\/tranthi.vn\/quangnam\/den-led-op-tran-tran-vien-24w-32w-trang-den-tron-vuong\/#breadcrumb\",\"itemListElement\":[{\"@type\":\"ListItem\",\"position\":1,\"name\":\"Trang ch\u1ee7\",\"item\":\"https:\/\/tranthi.vn\/quangnam\/\"},{\"@type\":\"ListItem\",\"position\":2,\"name\":\"Shop\",\"item\":\"https:\/\/tranthi.vn\/quangnam\/shop\/\"},{\"@type\":\"ListItem\",\"position\":3,\"name\":\"\u0110\u00e8n Led \u1ed0p Tr\u1ea7n Tr\u00e0n Vi\u1ec1n\"}]},{\"@type\":\"WebSite\",\"@id\":\"https:\/\/tranthi.vn\/quangnam\/#website\",\"url\":\"https:\/\/tranthi.vn\/quangnam\/\",\"name\":\"V\u1eadt Li\u1ec7u X\u00e2y D\u1ef1ng Tr\u1ea7n Th\u1ecb Chi Nh\u00e1nh Qu\u1ea3ng Nam\",\"description\":\"V\u1eadt Li\u1ec7u X\u00e2y D\u1ef1ng - Qu\u1ea3ng Nam\",\"potentialAction\":[{\"@type\":\"SearchAction\",\"target\":{\"@type\":\"EntryPoint\",\"urlTemplate\":\"https:\/\/tranthi.vn\/quangnam\/?s={search_term_string}\"},\"query-input\":\"required name=search_term_string\"}],\"inLanguage\":\"vi\"},{\"@type\":\"ImageObject\",\"inLanguage\":\"vi\",\"@id\":\"https:\/\/tranthi.vn\/quangnam\/den-led-op-tran-tran-vien-24w-32w-trang-den-tron-vuong\/#local-main-organization-logo\",\"url\":\"\",\"contentUrl\":\"\",\"caption\":\"V\u1eadt Li\u1ec7u X\u00e2y D\u1ef1ng Tr\u1ea7n Th\u1ecb Chi Nh\u00e1nh Qu\u1ea3ng Nam\"}]}<\/script>\n<meta property=\"product:price:amount\" content=\"323000\" \/>\n<meta property=\"product:price:currency\" content=\"VND\" \/>\n<meta property=\"og:availability\" content=\"instock\" \/>\n<meta property=\"product:availability\" content=\"instock\" \/>\n<meta property=\"product:condition\" content=\"new\" \/>\n<!-- \/ Yoast SEO Premium plugin. -->","yoast_head_json":{"title":"\u0110\u00e8n Led \u1ed0p Tr\u1ea7n Tr\u00e0n Vi\u1ec1n - V\u1eadt Li\u1ec7u X\u00e2y D\u1ef1ng Tr\u1ea7n Th\u1ecb Chi Nh\u00e1nh Qu\u1ea3ng Nam","robots":{"index":"index","follow":"follow","max-snippet":"max-snippet:-1","max-image-preview":"max-image-preview:large","max-video-preview":"max-video-preview:-1"},"canonical":"https:\/\/tranthi.vn\/quangnam\/den-led-op-tran-tran-vien-24w-32w-trang-den-tron-vuong\/","og_locale":"vi_VN","og_type":"article","og_title":"\u0110\u00e8n Led \u1ed0p Tr\u1ea7n Tr\u00e0n Vi\u1ec1n","og_description":"\ud83e\udd70\u0110\u01a1n v\u1ecb t\u00ednh: C\u00e1i  1. \u1ed0p n\u1ed5i tr\u00e0n vi\u1ec1n s\u01a1n tr\u1eafng:  \ud83e\udd70C\u00d4NG SU\u1ea4T\u00a0 \u00a0-\u00a0 \u00a0K\u00cdCH TH\u01af\u1edaC\u00a0 \u00a0-\u00a0 \u00a0\u0110\u01a0N GI\u00c1\u00a0   24W Tr\u00f2n\u00a0 \u00a0 \u00a0 \u00a0 \u00a0 \u00a0\u00d8175*35\u00a0 \u00a0 \u00a0 \u00a0 \u00a0 \u00a0 \u00a0 \u00a0 323.000\u0111  24W Vu\u00f4ng\u00a0 \u00a0 \u00a0 \u00a0 \u00d8175*35\u00a0 \u00a0 \u00a0 \u00a0 \u00a0 \u00a0 \u00a0 \u00a0 411.000\u0111  32W Tr\u00f2n\u00a0 \u00a0 \u00a0 \u00a0 \u00a0 \u00a0\u00d8225*35\u00a0 \u00a0 \u00a0 \u00a0 \u00a0 \u00a0 \u00a0 \u00a0 337.000\u0111  32W Vu\u00f4ng\u00a0 \u00a0 \u00a0 \u00a0 \u00d8225*35\u00a0 \u00a0 \u00a0 \u00a0 \u00a0 \u00a0 \u00a0 \u00a0 439.000\u0111  2. \u1ed0p n\u1ed5i tr\u00e0n vi\u1ec1n s\u01a1n \u0111en:  \ud83e\udd70C\u00d4NG SU\u1ea4T\u00a0 \u00a0-\u00a0 \u00a0K\u00cdCH TH\u01af\u1edaC\u00a0 \u00a0-\u00a0 \u00a0\u0110\u01a0N GI\u00c1   24W Tr\u00f2n\u00a0 \u00a0 \u00a0 \u00a0 \u00a0 \u00a0\u00d8175*35\u00a0 \u00a0 \u00a0 \u00a0 \u00a0 \u00a0 \u00a0 \u00a0 332.000\u0111  24W Vu\u00f4ng\u00a0 \u00a0 \u00a0 \u00a0 \u00d8175*35\u00a0 \u00a0 \u00a0 \u00a0 \u00a0 \u00a0 \u00a0 \u00a0 419.000\u0111  32W Tr\u00f2n\u00a0 \u00a0 \u00a0 \u00a0 \u00a0 \u00a0\u00d8225*35\u00a0 \u00a0 \u00a0 \u00a0 \u00a0 \u00a0 \u00a0 \u00a0 346.000\u0111  32W Vu\u00f4ng\u00a0 \u00a0 \u00a0 \u00a0 \u00d8225*35\u00a0 \u00a0 \u00a0 \u00a0 \u00a0 \u00a0 \u00a0 \u00a0 451.000\u0111  \ud83e\udd70Th\u00f4ng s\u1ed1 k\u1ef9 thu\u1eadt:   \u0110i\u1ec7n \u00e1p: 110 - 265V  Chip Led SMD Ch\u00e2u \u00c2u ti\u00ean ti\u1ebfn, ngu\u1ed3n Aishi c\u00f3 Tenta \u1ed5n \u0111\u1ecbnh d\u00f2ng  Quang th\u00f4ng: 100Lm\/W  Tu\u1ed5i th\u1ecd tr\u00ean 30.000h  Ch\u1ec9 s\u1ed1 ho\u00e0n m\u00e0u (CRI) &gt;80.  \ud83e\udd70M\u00e0u \u00e1nh s\u00e1ng: V\u00e0ng, Tr\u1eafng  \ud83e\udd70B\u1ea3o h\u00e0nh: 24 Th\u00e1ng \u0111\u1ed5i m\u1edbi  V\u1eadn chuy\u1ec3n n\u1ed9i th\u00e0nh \u0110\u00e0 N\u1eb5ng  Ph\u00ed v\u1eadn chuy\u1ec3n ph\u1ee5 thu\u1ed9c v\u00e0o t\u1eebng v\u1ecb tr\u00ed  &nbsp;  &nbsp;  &nbsp;","og_url":"https:\/\/tranthi.vn\/quangnam\/den-led-op-tran-tran-vien-24w-32w-trang-den-tron-vuong\/","og_site_name":"V\u1eadt Li\u1ec7u X\u00e2y D\u1ef1ng Tr\u1ea7n Th\u1ecb Chi Nh\u00e1nh Qu\u1ea3ng Nam","article_modified_time":"2024-06-07T09:50:45+00:00","og_image":[{"width":200,"height":200,"url":"https:\/\/tranthi.vn\/quangnam\/wp-content\/uploads\/2023\/11\/Den-Led-Op-Tran-Tran-Vien-Da-Nang.jpg","type":"image\/jpeg"}],"twitter_card":"summary_large_image","twitter_misc":{"Gi\u00e1":"323,000&nbsp;&#8363;","Kh\u1ea3 d\u1ee5ng":"Trong kho"},"schema":{"@context":"https:\/\/schema.org","@graph":[{"@type":["WebPage","ItemPage"],"@id":"https:\/\/tranthi.vn\/quangnam\/den-led-op-tran-tran-vien-24w-32w-trang-den-tron-vuong\/","url":"https:\/\/tranthi.vn\/quangnam\/den-led-op-tran-tran-vien-24w-32w-trang-den-tron-vuong\/","name":"\u0110\u00e8n Led \u1ed0p Tr\u1ea7n Tr\u00e0n Vi\u1ec1n - V\u1eadt Li\u1ec7u X\u00e2y D\u1ef1ng Tr\u1ea7n Th\u1ecb Chi Nh\u00e1nh Qu\u1ea3ng Nam","isPartOf":{"@id":"https:\/\/tranthi.vn\/quangnam\/#website"},"primaryImageOfPage":{"@id":"https:\/\/tranthi.vn\/quangnam\/den-led-op-tran-tran-vien-24w-32w-trang-den-tron-vuong\/#primaryimage"},"image":{"@id":"https:\/\/tranthi.vn\/quangnam\/den-led-op-tran-tran-vien-24w-32w-trang-den-tron-vuong\/#primaryimage"},"thumbnailUrl":"https:\/\/tranthi.vn\/quangnam\/wp-content\/uploads\/2023\/11\/Den-Led-Op-Tran-Tran-Vien-Da-Nang.jpg","datePublished":"2023-11-23T02:40:06+00:00","dateModified":"2024-06-07T09:50:45+00:00","breadcrumb":{"@id":"https:\/\/tranthi.vn\/quangnam\/den-led-op-tran-tran-vien-24w-32w-trang-den-tron-vuong\/#breadcrumb"},"inLanguage":"vi","potentialAction":[{"@type":"ReadAction","target":["https:\/\/tranthi.vn\/quangnam\/den-led-op-tran-tran-vien-24w-32w-trang-den-tron-vuong\/"]}]},{"@type":"ImageObject","inLanguage":"vi","@id":"https:\/\/tranthi.vn\/quangnam\/den-led-op-tran-tran-vien-24w-32w-trang-den-tron-vuong\/#primaryimage","url":"https:\/\/tranthi.vn\/quangnam\/wp-content\/uploads\/2023\/11\/Den-Led-Op-Tran-Tran-Vien-Da-Nang.jpg","contentUrl":"https:\/\/tranthi.vn\/quangnam\/wp-content\/uploads\/2023\/11\/Den-Led-Op-Tran-Tran-Vien-Da-Nang.jpg","width":200,"height":200,"caption":"Den-Led-Op-Tran-Tran-Vien-Da-Nang.jpg"},{"@type":"BreadcrumbList","@id":"https:\/\/tranthi.vn\/quangnam\/den-led-op-tran-tran-vien-24w-32w-trang-den-tron-vuong\/#breadcrumb","itemListElement":[{"@type":"ListItem","position":1,"name":"Trang ch\u1ee7","item":"https:\/\/tranthi.vn\/quangnam\/"},{"@type":"ListItem","position":2,"name":"Shop","item":"https:\/\/tranthi.vn\/quangnam\/shop\/"},{"@type":"ListItem","position":3,"name":"\u0110\u00e8n Led \u1ed0p Tr\u1ea7n Tr\u00e0n Vi\u1ec1n"}]},{"@type":"WebSite","@id":"https:\/\/tranthi.vn\/quangnam\/#website","url":"https:\/\/tranthi.vn\/quangnam\/","name":"V\u1eadt Li\u1ec7u X\u00e2y D\u1ef1ng Tr\u1ea7n Th\u1ecb Chi Nh\u00e1nh Qu\u1ea3ng Nam","description":"V\u1eadt Li\u1ec7u X\u00e2y D\u1ef1ng - Qu\u1ea3ng Nam","potentialAction":[{"@type":"SearchAction","target":{"@type":"EntryPoint","urlTemplate":"https:\/\/tranthi.vn\/quangnam\/?s={search_term_string}"},"query-input":"required name=search_term_string"}],"inLanguage":"vi"},{"@type":"ImageObject","inLanguage":"vi","@id":"https:\/\/tranthi.vn\/quangnam\/den-led-op-tran-tran-vien-24w-32w-trang-den-tron-vuong\/#local-main-organization-logo","url":"","contentUrl":"","caption":"V\u1eadt Li\u1ec7u X\u00e2y D\u1ef1ng Tr\u1ea7n Th\u1ecb Chi Nh\u00e1nh Qu\u1ea3ng Nam"}]},"product_price_amount":"323000","product_price_currency":"VND","og_availability":"instock","product_availability":"instock","product_condition":"new"},"_links":{"self":[{"href":"https:\/\/tranthi.vn\/quangnam\/wp-json\/wp\/v2\/product\/6450","targetHints":{"allow":["GET"]}}],"collection":[{"href":"https:\/\/tranthi.vn\/quangnam\/wp-json\/wp\/v2\/product"}],"about":[{"href":"https:\/\/tranthi.vn\/quangnam\/wp-json\/wp\/v2\/types\/product"}],"replies":[{"embeddable":true,"href":"https:\/\/tranthi.vn\/quangnam\/wp-json\/wp\/v2\/comments?post=6450"}],"wp:featuredmedia":[{"embeddable":true,"href":"https:\/\/tranthi.vn\/quangnam\/wp-json\/wp\/v2\/media\/6454"}],"wp:attachment":[{"href":"https:\/\/tranthi.vn\/quangnam\/wp-json\/wp\/v2\/media?parent=6450"}],"wp:term":[{"taxonomy":"product_cat","embeddable":true,"href":"https:\/\/tranthi.vn\/quangnam\/wp-json\/wp\/v2\/product_cat?post=6450"},{"taxonomy":"product_tag","embeddable":true,"href":"https:\/\/tranthi.vn\/quangnam\/wp-json\/wp\/v2\/product_tag?post=6450"}],"curies":[{"name":"wp","href":"https:\/\/api.w.org\/{rel}","templated":true}]}}