{"id":6441,"date":"2023-11-22T14:49:44","date_gmt":"2023-11-22T07:49:44","guid":{"rendered":"https:\/\/tranthi.vn\/quangnam\/?post_type=product&#038;p=6441"},"modified":"2024-06-07T14:41:23","modified_gmt":"2024-06-07T07:41:23","slug":"den-pha-led-dan-dung-smd-10w-200w-10w-v","status":"publish","type":"product","link":"https:\/\/tranthi.vn\/quangnam\/den-pha-led-dan-dung-smd-10w-200w-10w-v\/","title":{"rendered":"\u0110\u00e8n Pha Led D\u00e2n D\u1ee5ng SMD"},"content":{"rendered":"","protected":false},"excerpt":{"rendered":"<p><span style=\"font-size: 130%; font-family: 'times new roman', times, serif;\">\ud83e\udd70\u0110\u01a1n v\u1ecb t\u00ednh: C\u00e1i<\/span><\/p>\n<p><span style=\"font-size: 130%; font-family: 'times new roman', times, serif;\"><strong>\ud83e\udd70<span style=\"font-size: 90%;\">C\u00d4NG SU\u1ea4T &#8211; K\u00cdCH TH\u01af\u1edaC\u00a0 &#8211;\u00a0 \u0110\u01a0N GI\u00c1\u00a0 <\/span>\u00a0 \u00a0 \u00a0 \u00a0<\/strong><\/span><\/p>\n<ul>\n<li><span style=\"font-size: 130%; font-family: 'times new roman', times, serif;\">10W\u00a0 \u00a0 \u00a0 \u00a0 \u00a0 \u00a0 \u00a0 \u00a0 \u00a0130*110*41\u00a0 \u00a0 \u00a0 \u00a0<strong> \u00a0<span style=\"color: #ff0000;\">241.000\u0111\u00a0<\/span> \u00a0 \u00a0 \u00a0 \u00a0<\/strong><\/span><\/li>\n<li><span style=\"font-size: 130%; font-family: 'times new roman', times, serif;\">30W\u00a0 \u00a0 \u00a0 \u00a0 \u00a0 \u00a0 \u00a0 \u00a0 \u00a0196*172*52\u00a0 \u00a0 \u00a0 \u00a0 \u00a0<span style=\"color: #ff0000;\"><strong>412.000\u0111<\/strong><\/span><\/span><\/li>\n<li><span style=\"font-size: 130%; font-family: 'times new roman', times, serif;\">50W\u00a0 \u00a0 \u00a0 \u00a0 \u00a0 \u00a0 \u00a0 \u00a0 \u00a0240*210*60\u00a0 \u00a0 \u00a0 <strong>\u00a0 <span style=\"color: #ff0000;\">500.000\u0111<\/span><\/strong><\/span><\/li>\n<li><span style=\"font-size: 130%; font-family: 'times new roman', times, serif;\">100W\u00a0 \u00a0 \u00a0 \u00a0 \u00a0 \u00a0 \u00a0 \u00a0285*255*75\u00a0 \u00a0 \u00a0 \u00a0<span style=\"color: #ff0000;\"><strong> 841.000\u0111<\/strong><\/span><\/span><\/li>\n<li><span style=\"font-size: 130%; font-family: 'times new roman', times, serif;\">150W\u00a0 \u00a0 \u00a0 \u00a0 \u00a0 \u00a0 \u00a0 \u00a0310*345*75\u00a0 \u00a0 \u00a0 \u00a0<span style=\"color: #ff0000;\"><strong> 1.128.000\u0111<\/strong><\/span><\/span><\/li>\n<li><span style=\"font-size: 130%; font-family: 'times new roman', times, serif;\">200W\u00a0 \u00a0 \u00a0 \u00a0 \u00a0 \u00a0 \u00a0 \u00a0350*380*90\u00a0 \u00a0 \u00a0 \u00a0<span style=\"color: #ff0000;\"><strong> 1.428.000\u0111<\/strong><\/span><\/span><\/li>\n<\/ul>\n<p><span style=\"font-size: 130%; font-family: 'times new roman', times, serif;\">\ud83e\udd70Th\u00f4ng s\u1ed1 k\u1ef9 thu\u1eadt:\u00a0<\/span><\/p>\n<ul>\n<li><span style=\"font-size: 130%; font-family: 'times new roman', times, serif;\">\u0110i\u1ec7n \u00e1p: 110 &#8211; 265V, 50Hz.<\/span><\/li>\n<li><span style=\"font-size: 130%; font-family: 'times new roman', times, serif;\">Chip Led SMD Ch\u00e2u \u00c2u ti\u00ean ti\u1ebfn, c\u00f3 Tenta \u1ed5n \u0111\u1ecbnh d\u00f2ng<\/span><\/li>\n<li><span style=\"font-size: 130%; font-family: 'times new roman', times, serif;\">Tu\u1ed5i th\u1ecd tr\u00ean 30.000h<\/span><\/li>\n<li><span style=\"font-size: 130%; font-family: 'times new roman', times, serif;\">Ch\u1ec9 s\u1ed1 ho\u00e0n m\u00e0u (CRI) &gt;70<\/span><\/li>\n<li><span style=\"font-size: 130%; font-family: 'times new roman', times, serif;\">M\u00e0u \u00e1nh s\u00e1ng: Tr\u1eafng\/v\u00e0ng.<\/span><\/li>\n<\/ul>\n<p><span style=\"font-size: 130%; font-family: 'times new roman', times, serif;\">\ud83e\udd70B\u1ea3o h\u00e0nh 24 th\u00e1ng<\/span><\/p>\n<p><em style=\"color: #0000ff; font-family: 'times new roman', times, serif; font-size: 130%;\">V\u1eadn chuy\u1ec3n n\u1ed9i th\u00e0nh \u0110\u00e0 N\u1eb5ng<\/em><\/p>\n<p><span style=\"color: #0000ff; font-size: 130%; font-family: 'times new roman', times, serif;\"><em>Ph\u00ed v\u1eadn chuy\u1ec3n ph\u1ee5 thu\u1ed9c v\u00e0o t\u1eebng v\u1ecb tr\u00ed<\/em><\/span><\/p>\n<p>&nbsp;<\/p>\n","protected":false},"featured_media":6442,"comment_status":"closed","ping_status":"closed","template":"","meta":[],"product_cat":[401],"product_tag":[],"class_list":{"0":"post-6441","1":"product","2":"type-product","3":"status-publish","4":"has-post-thumbnail","6":"product_cat-dien","8":"first","9":"instock","10":"sale","11":"shipping-taxable","12":"purchasable","13":"product-type-simple"},"yoast_head":"<!-- This site is optimized with the Yoast SEO Premium plugin v22.3 (Yoast SEO v22.8) - https:\/\/yoast.com\/wordpress\/plugins\/seo\/ -->\n<title>\u0110\u00e8n Pha Led D\u00e2n D\u1ee5ng SMD - V\u1eadt Li\u1ec7u X\u00e2y D\u1ef1ng Tr\u1ea7n Th\u1ecb Chi Nh\u00e1nh Qu\u1ea3ng Nam<\/title>\n<meta name=\"robots\" content=\"index, follow, max-snippet:-1, max-image-preview:large, max-video-preview:-1\" \/>\n<link rel=\"canonical\" href=\"https:\/\/tranthi.vn\/quangnam\/den-pha-led-dan-dung-smd-10w-200w-10w-v\/\" \/>\n<meta property=\"og:locale\" content=\"vi_VN\" \/>\n<meta property=\"og:type\" content=\"article\" \/>\n<meta property=\"og:title\" content=\"\u0110\u00e8n Pha Led D\u00e2n D\u1ee5ng SMD\" \/>\n<meta property=\"og:description\" content=\"\ud83e\udd70\u0110\u01a1n v\u1ecb t\u00ednh: C\u00e1i  \ud83e\udd70C\u00d4NG SU\u1ea4T - K\u00cdCH TH\u01af\u1edaC\u00a0 -\u00a0 \u0110\u01a0N GI\u00c1\u00a0 \u00a0 \u00a0 \u00a0 \u00a0   10W\u00a0 \u00a0 \u00a0 \u00a0 \u00a0 \u00a0 \u00a0 \u00a0 \u00a0130*110*41\u00a0 \u00a0 \u00a0 \u00a0 \u00a0241.000\u0111\u00a0 \u00a0 \u00a0 \u00a0 \u00a0  30W\u00a0 \u00a0 \u00a0 \u00a0 \u00a0 \u00a0 \u00a0 \u00a0 \u00a0196*172*52\u00a0 \u00a0 \u00a0 \u00a0 \u00a0412.000\u0111  50W\u00a0 \u00a0 \u00a0 \u00a0 \u00a0 \u00a0 \u00a0 \u00a0 \u00a0240*210*60\u00a0 \u00a0 \u00a0 \u00a0 500.000\u0111  100W\u00a0 \u00a0 \u00a0 \u00a0 \u00a0 \u00a0 \u00a0 \u00a0285*255*75\u00a0 \u00a0 \u00a0 \u00a0 841.000\u0111  150W\u00a0 \u00a0 \u00a0 \u00a0 \u00a0 \u00a0 \u00a0 \u00a0310*345*75\u00a0 \u00a0 \u00a0 \u00a0 1.128.000\u0111  200W\u00a0 \u00a0 \u00a0 \u00a0 \u00a0 \u00a0 \u00a0 \u00a0350*380*90\u00a0 \u00a0 \u00a0 \u00a0 1.428.000\u0111  \ud83e\udd70Th\u00f4ng s\u1ed1 k\u1ef9 thu\u1eadt:\u00a0   \u0110i\u1ec7n \u00e1p: 110 - 265V, 50Hz.  Chip Led SMD Ch\u00e2u \u00c2u ti\u00ean ti\u1ebfn, c\u00f3 Tenta \u1ed5n \u0111\u1ecbnh d\u00f2ng  Tu\u1ed5i th\u1ecd tr\u00ean 30.000h  Ch\u1ec9 s\u1ed1 ho\u00e0n m\u00e0u (CRI) &gt;70  M\u00e0u \u00e1nh s\u00e1ng: Tr\u1eafng\/v\u00e0ng.  \ud83e\udd70B\u1ea3o h\u00e0nh 24 th\u00e1ng  V\u1eadn chuy\u1ec3n n\u1ed9i th\u00e0nh \u0110\u00e0 N\u1eb5ng  Ph\u00ed v\u1eadn chuy\u1ec3n ph\u1ee5 thu\u1ed9c v\u00e0o t\u1eebng v\u1ecb tr\u00ed  &nbsp;\" \/>\n<meta property=\"og:url\" content=\"https:\/\/tranthi.vn\/quangnam\/den-pha-led-dan-dung-smd-10w-200w-10w-v\/\" \/>\n<meta property=\"og:site_name\" content=\"V\u1eadt Li\u1ec7u X\u00e2y D\u1ef1ng Tr\u1ea7n Th\u1ecb Chi Nh\u00e1nh Qu\u1ea3ng Nam\" \/>\n<meta property=\"article:modified_time\" content=\"2024-06-07T07:41:23+00:00\" \/>\n<meta property=\"og:image\" content=\"https:\/\/tranthi.vn\/quangnam\/wp-content\/uploads\/2023\/11\/Den-pha-led-dan-dung-SMD-Da-Nang.jpg\" \/>\n\t<meta property=\"og:image:width\" content=\"117\" \/>\n\t<meta property=\"og:image:height\" content=\"131\" \/>\n\t<meta property=\"og:image:type\" content=\"image\/jpeg\" \/>\n<meta name=\"twitter:card\" content=\"summary_large_image\" \/>\n<meta name=\"twitter:label1\" content=\"Gi\u00e1\" \/>\n\t<meta name=\"twitter:data1\" content=\"241,000&nbsp;&#8363;\" \/>\n\t<meta name=\"twitter:label2\" content=\"Kh\u1ea3 d\u1ee5ng\" \/>\n\t<meta name=\"twitter:data2\" content=\"Trong kho\" \/>\n<script type=\"application\/ld+json\" class=\"yoast-schema-graph\">{\"@context\":\"https:\/\/schema.org\",\"@graph\":[{\"@type\":[\"WebPage\",\"ItemPage\"],\"@id\":\"https:\/\/tranthi.vn\/quangnam\/den-pha-led-dan-dung-smd-10w-200w-10w-v\/\",\"url\":\"https:\/\/tranthi.vn\/quangnam\/den-pha-led-dan-dung-smd-10w-200w-10w-v\/\",\"name\":\"\u0110\u00e8n Pha Led D\u00e2n D\u1ee5ng SMD - V\u1eadt Li\u1ec7u X\u00e2y D\u1ef1ng Tr\u1ea7n Th\u1ecb Chi Nh\u00e1nh Qu\u1ea3ng Nam\",\"isPartOf\":{\"@id\":\"https:\/\/tranthi.vn\/quangnam\/#website\"},\"primaryImageOfPage\":{\"@id\":\"https:\/\/tranthi.vn\/quangnam\/den-pha-led-dan-dung-smd-10w-200w-10w-v\/#primaryimage\"},\"image\":{\"@id\":\"https:\/\/tranthi.vn\/quangnam\/den-pha-led-dan-dung-smd-10w-200w-10w-v\/#primaryimage\"},\"thumbnailUrl\":\"https:\/\/tranthi.vn\/quangnam\/wp-content\/uploads\/2023\/11\/Den-pha-led-dan-dung-SMD-Da-Nang.jpg\",\"datePublished\":\"2023-11-22T07:49:44+00:00\",\"dateModified\":\"2024-06-07T07:41:23+00:00\",\"breadcrumb\":{\"@id\":\"https:\/\/tranthi.vn\/quangnam\/den-pha-led-dan-dung-smd-10w-200w-10w-v\/#breadcrumb\"},\"inLanguage\":\"vi\",\"potentialAction\":[{\"@type\":\"ReadAction\",\"target\":[\"https:\/\/tranthi.vn\/quangnam\/den-pha-led-dan-dung-smd-10w-200w-10w-v\/\"]}]},{\"@type\":\"ImageObject\",\"inLanguage\":\"vi\",\"@id\":\"https:\/\/tranthi.vn\/quangnam\/den-pha-led-dan-dung-smd-10w-200w-10w-v\/#primaryimage\",\"url\":\"https:\/\/tranthi.vn\/quangnam\/wp-content\/uploads\/2023\/11\/Den-pha-led-dan-dung-SMD-Da-Nang.jpg\",\"contentUrl\":\"https:\/\/tranthi.vn\/quangnam\/wp-content\/uploads\/2023\/11\/Den-pha-led-dan-dung-SMD-Da-Nang.jpg\",\"width\":117,\"height\":131,\"caption\":\"Den-pha-led-dan-dung-SMD-Da-Nang.jpg\"},{\"@type\":\"BreadcrumbList\",\"@id\":\"https:\/\/tranthi.vn\/quangnam\/den-pha-led-dan-dung-smd-10w-200w-10w-v\/#breadcrumb\",\"itemListElement\":[{\"@type\":\"ListItem\",\"position\":1,\"name\":\"Trang ch\u1ee7\",\"item\":\"https:\/\/tranthi.vn\/quangnam\/\"},{\"@type\":\"ListItem\",\"position\":2,\"name\":\"Shop\",\"item\":\"https:\/\/tranthi.vn\/quangnam\/shop\/\"},{\"@type\":\"ListItem\",\"position\":3,\"name\":\"\u0110\u00e8n Pha Led D\u00e2n D\u1ee5ng SMD\"}]},{\"@type\":\"WebSite\",\"@id\":\"https:\/\/tranthi.vn\/quangnam\/#website\",\"url\":\"https:\/\/tranthi.vn\/quangnam\/\",\"name\":\"V\u1eadt Li\u1ec7u X\u00e2y D\u1ef1ng Tr\u1ea7n Th\u1ecb Chi Nh\u00e1nh Qu\u1ea3ng Nam\",\"description\":\"V\u1eadt Li\u1ec7u X\u00e2y D\u1ef1ng - Qu\u1ea3ng Nam\",\"potentialAction\":[{\"@type\":\"SearchAction\",\"target\":{\"@type\":\"EntryPoint\",\"urlTemplate\":\"https:\/\/tranthi.vn\/quangnam\/?s={search_term_string}\"},\"query-input\":\"required name=search_term_string\"}],\"inLanguage\":\"vi\"},{\"@type\":\"ImageObject\",\"inLanguage\":\"vi\",\"@id\":\"https:\/\/tranthi.vn\/quangnam\/den-pha-led-dan-dung-smd-10w-200w-10w-v\/#local-main-organization-logo\",\"url\":\"\",\"contentUrl\":\"\",\"caption\":\"V\u1eadt Li\u1ec7u X\u00e2y D\u1ef1ng Tr\u1ea7n Th\u1ecb Chi Nh\u00e1nh Qu\u1ea3ng Nam\"}]}<\/script>\n<meta property=\"product:price:amount\" content=\"241000\" \/>\n<meta property=\"product:price:currency\" content=\"VND\" \/>\n<meta property=\"og:availability\" content=\"instock\" \/>\n<meta property=\"product:availability\" content=\"instock\" \/>\n<meta property=\"product:condition\" content=\"new\" \/>\n<!-- \/ Yoast SEO Premium plugin. -->","yoast_head_json":{"title":"\u0110\u00e8n Pha Led D\u00e2n D\u1ee5ng SMD - V\u1eadt Li\u1ec7u X\u00e2y D\u1ef1ng Tr\u1ea7n Th\u1ecb Chi Nh\u00e1nh Qu\u1ea3ng Nam","robots":{"index":"index","follow":"follow","max-snippet":"max-snippet:-1","max-image-preview":"max-image-preview:large","max-video-preview":"max-video-preview:-1"},"canonical":"https:\/\/tranthi.vn\/quangnam\/den-pha-led-dan-dung-smd-10w-200w-10w-v\/","og_locale":"vi_VN","og_type":"article","og_title":"\u0110\u00e8n Pha Led D\u00e2n D\u1ee5ng SMD","og_description":"\ud83e\udd70\u0110\u01a1n v\u1ecb t\u00ednh: C\u00e1i  \ud83e\udd70C\u00d4NG SU\u1ea4T - K\u00cdCH TH\u01af\u1edaC\u00a0 -\u00a0 \u0110\u01a0N GI\u00c1\u00a0 \u00a0 \u00a0 \u00a0 \u00a0   10W\u00a0 \u00a0 \u00a0 \u00a0 \u00a0 \u00a0 \u00a0 \u00a0 \u00a0130*110*41\u00a0 \u00a0 \u00a0 \u00a0 \u00a0241.000\u0111\u00a0 \u00a0 \u00a0 \u00a0 \u00a0  30W\u00a0 \u00a0 \u00a0 \u00a0 \u00a0 \u00a0 \u00a0 \u00a0 \u00a0196*172*52\u00a0 \u00a0 \u00a0 \u00a0 \u00a0412.000\u0111  50W\u00a0 \u00a0 \u00a0 \u00a0 \u00a0 \u00a0 \u00a0 \u00a0 \u00a0240*210*60\u00a0 \u00a0 \u00a0 \u00a0 500.000\u0111  100W\u00a0 \u00a0 \u00a0 \u00a0 \u00a0 \u00a0 \u00a0 \u00a0285*255*75\u00a0 \u00a0 \u00a0 \u00a0 841.000\u0111  150W\u00a0 \u00a0 \u00a0 \u00a0 \u00a0 \u00a0 \u00a0 \u00a0310*345*75\u00a0 \u00a0 \u00a0 \u00a0 1.128.000\u0111  200W\u00a0 \u00a0 \u00a0 \u00a0 \u00a0 \u00a0 \u00a0 \u00a0350*380*90\u00a0 \u00a0 \u00a0 \u00a0 1.428.000\u0111  \ud83e\udd70Th\u00f4ng s\u1ed1 k\u1ef9 thu\u1eadt:\u00a0   \u0110i\u1ec7n \u00e1p: 110 - 265V, 50Hz.  Chip Led SMD Ch\u00e2u \u00c2u ti\u00ean ti\u1ebfn, c\u00f3 Tenta \u1ed5n \u0111\u1ecbnh d\u00f2ng  Tu\u1ed5i th\u1ecd tr\u00ean 30.000h  Ch\u1ec9 s\u1ed1 ho\u00e0n m\u00e0u (CRI) &gt;70  M\u00e0u \u00e1nh s\u00e1ng: Tr\u1eafng\/v\u00e0ng.  \ud83e\udd70B\u1ea3o h\u00e0nh 24 th\u00e1ng  V\u1eadn chuy\u1ec3n n\u1ed9i th\u00e0nh \u0110\u00e0 N\u1eb5ng  Ph\u00ed v\u1eadn chuy\u1ec3n ph\u1ee5 thu\u1ed9c v\u00e0o t\u1eebng v\u1ecb tr\u00ed  &nbsp;","og_url":"https:\/\/tranthi.vn\/quangnam\/den-pha-led-dan-dung-smd-10w-200w-10w-v\/","og_site_name":"V\u1eadt Li\u1ec7u X\u00e2y D\u1ef1ng Tr\u1ea7n Th\u1ecb Chi Nh\u00e1nh Qu\u1ea3ng Nam","article_modified_time":"2024-06-07T07:41:23+00:00","og_image":[{"width":117,"height":131,"url":"https:\/\/tranthi.vn\/quangnam\/wp-content\/uploads\/2023\/11\/Den-pha-led-dan-dung-SMD-Da-Nang.jpg","type":"image\/jpeg"}],"twitter_card":"summary_large_image","twitter_misc":{"Gi\u00e1":"241,000&nbsp;&#8363;","Kh\u1ea3 d\u1ee5ng":"Trong kho"},"schema":{"@context":"https:\/\/schema.org","@graph":[{"@type":["WebPage","ItemPage"],"@id":"https:\/\/tranthi.vn\/quangnam\/den-pha-led-dan-dung-smd-10w-200w-10w-v\/","url":"https:\/\/tranthi.vn\/quangnam\/den-pha-led-dan-dung-smd-10w-200w-10w-v\/","name":"\u0110\u00e8n Pha Led D\u00e2n D\u1ee5ng SMD - V\u1eadt Li\u1ec7u X\u00e2y D\u1ef1ng Tr\u1ea7n Th\u1ecb Chi Nh\u00e1nh Qu\u1ea3ng Nam","isPartOf":{"@id":"https:\/\/tranthi.vn\/quangnam\/#website"},"primaryImageOfPage":{"@id":"https:\/\/tranthi.vn\/quangnam\/den-pha-led-dan-dung-smd-10w-200w-10w-v\/#primaryimage"},"image":{"@id":"https:\/\/tranthi.vn\/quangnam\/den-pha-led-dan-dung-smd-10w-200w-10w-v\/#primaryimage"},"thumbnailUrl":"https:\/\/tranthi.vn\/quangnam\/wp-content\/uploads\/2023\/11\/Den-pha-led-dan-dung-SMD-Da-Nang.jpg","datePublished":"2023-11-22T07:49:44+00:00","dateModified":"2024-06-07T07:41:23+00:00","breadcrumb":{"@id":"https:\/\/tranthi.vn\/quangnam\/den-pha-led-dan-dung-smd-10w-200w-10w-v\/#breadcrumb"},"inLanguage":"vi","potentialAction":[{"@type":"ReadAction","target":["https:\/\/tranthi.vn\/quangnam\/den-pha-led-dan-dung-smd-10w-200w-10w-v\/"]}]},{"@type":"ImageObject","inLanguage":"vi","@id":"https:\/\/tranthi.vn\/quangnam\/den-pha-led-dan-dung-smd-10w-200w-10w-v\/#primaryimage","url":"https:\/\/tranthi.vn\/quangnam\/wp-content\/uploads\/2023\/11\/Den-pha-led-dan-dung-SMD-Da-Nang.jpg","contentUrl":"https:\/\/tranthi.vn\/quangnam\/wp-content\/uploads\/2023\/11\/Den-pha-led-dan-dung-SMD-Da-Nang.jpg","width":117,"height":131,"caption":"Den-pha-led-dan-dung-SMD-Da-Nang.jpg"},{"@type":"BreadcrumbList","@id":"https:\/\/tranthi.vn\/quangnam\/den-pha-led-dan-dung-smd-10w-200w-10w-v\/#breadcrumb","itemListElement":[{"@type":"ListItem","position":1,"name":"Trang ch\u1ee7","item":"https:\/\/tranthi.vn\/quangnam\/"},{"@type":"ListItem","position":2,"name":"Shop","item":"https:\/\/tranthi.vn\/quangnam\/shop\/"},{"@type":"ListItem","position":3,"name":"\u0110\u00e8n Pha Led D\u00e2n D\u1ee5ng SMD"}]},{"@type":"WebSite","@id":"https:\/\/tranthi.vn\/quangnam\/#website","url":"https:\/\/tranthi.vn\/quangnam\/","name":"V\u1eadt Li\u1ec7u X\u00e2y D\u1ef1ng Tr\u1ea7n Th\u1ecb Chi Nh\u00e1nh Qu\u1ea3ng Nam","description":"V\u1eadt Li\u1ec7u X\u00e2y D\u1ef1ng - Qu\u1ea3ng Nam","potentialAction":[{"@type":"SearchAction","target":{"@type":"EntryPoint","urlTemplate":"https:\/\/tranthi.vn\/quangnam\/?s={search_term_string}"},"query-input":"required name=search_term_string"}],"inLanguage":"vi"},{"@type":"ImageObject","inLanguage":"vi","@id":"https:\/\/tranthi.vn\/quangnam\/den-pha-led-dan-dung-smd-10w-200w-10w-v\/#local-main-organization-logo","url":"","contentUrl":"","caption":"V\u1eadt Li\u1ec7u X\u00e2y D\u1ef1ng Tr\u1ea7n Th\u1ecb Chi Nh\u00e1nh Qu\u1ea3ng Nam"}]},"product_price_amount":"241000","product_price_currency":"VND","og_availability":"instock","product_availability":"instock","product_condition":"new"},"_links":{"self":[{"href":"https:\/\/tranthi.vn\/quangnam\/wp-json\/wp\/v2\/product\/6441","targetHints":{"allow":["GET"]}}],"collection":[{"href":"https:\/\/tranthi.vn\/quangnam\/wp-json\/wp\/v2\/product"}],"about":[{"href":"https:\/\/tranthi.vn\/quangnam\/wp-json\/wp\/v2\/types\/product"}],"replies":[{"embeddable":true,"href":"https:\/\/tranthi.vn\/quangnam\/wp-json\/wp\/v2\/comments?post=6441"}],"wp:featuredmedia":[{"embeddable":true,"href":"https:\/\/tranthi.vn\/quangnam\/wp-json\/wp\/v2\/media\/6442"}],"wp:attachment":[{"href":"https:\/\/tranthi.vn\/quangnam\/wp-json\/wp\/v2\/media?parent=6441"}],"wp:term":[{"taxonomy":"product_cat","embeddable":true,"href":"https:\/\/tranthi.vn\/quangnam\/wp-json\/wp\/v2\/product_cat?post=6441"},{"taxonomy":"product_tag","embeddable":true,"href":"https:\/\/tranthi.vn\/quangnam\/wp-json\/wp\/v2\/product_tag?post=6441"}],"curies":[{"name":"wp","href":"https:\/\/api.w.org\/{rel}","templated":true}]}}