{"id":6436,"date":"2023-11-22T14:29:07","date_gmt":"2023-11-22T07:29:07","guid":{"rendered":"https:\/\/tranthi.vn\/quangnam\/?post_type=product&#038;p=6436"},"modified":"2024-11-18T14:02:31","modified_gmt":"2024-11-18T07:02:31","slug":"den-pha-led-sieu-sang-hoi-an-tam-ky-quang-nam","status":"publish","type":"product","link":"https:\/\/tranthi.vn\/quangnam\/den-pha-led-sieu-sang-hoi-an-tam-ky-quang-nam\/","title":{"rendered":"\u0110\u00e8n Pha Led Si\u00eau S\u00e1ng One Plus"},"content":{"rendered":"<h1 style=\"text-align: center;\"><span style=\"font-family: 'times new roman', times, serif; font-size: 140%;\">\u0110\u00e8n Led Pha H\u1ed9i An-Tam K\u1ef3-Qu\u1ea3ng Nam<\/span><\/h1>\n<h1><strong><span style=\"font-family: 'times new roman', times, serif; font-size: 120%;\">\u0110\u00e8n Led Pha &#8211; Gi\u1ea3i ph\u00e1p hi\u1ec7n \u0111\u1ea1i v\u00e0 hi\u1ec7u qu\u1ea3<\/span><\/strong><\/h1>\n<h3><span style=\"font-family: 'times new roman', times, serif; font-size: 120%;\">\u0110\u00e8n LED pha \u0111\u00e3 tr\u1edf th\u00e0nh l\u1ef1a ch\u1ecdn h\u00e0ng \u0111\u1ea7u cho c\u00e1c nhu c\u1ea7u chi\u1ebfu s\u00e1ng ngo\u00e0i tr\u1eddi v\u00e0 c\u00f4ng nghi\u1ec7p t\u1ea1i <a href=\"https:\/\/vi.wikipedia.org\/wiki\/Qu%E1%BA%A3ng_Nam\"><em>Qu\u1ea3ng Nam<\/em><\/a>. V\u1edbi kh\u1ea3 n\u0103ng chi\u1ebfu s\u00e1ng m\u1ea1nh m\u1ebd, tu\u1ed5i th\u1ecd cao v\u00e0 ti\u1ebft ki\u1ec7m n\u0103ng l\u01b0\u1ee3ng, \u0111\u00e8n LED pha kh\u00f4ng ch\u1ec9 \u0111\u00e1p \u1ee9ng y\u00eau c\u1ea7u chi\u1ebfu s\u00e1ng hi\u1ec7u qu\u1ea3 m\u00e0 c\u00f2n mang l\u1ea1i nhi\u1ec1u l\u1ee3i \u00edch kinh t\u1ebf v\u00e0 m\u00f4i tr\u01b0\u1eddng.<\/span><\/h3>\n<figure id=\"attachment_7842\" aria-describedby=\"caption-attachment-7842\" style=\"width: 355px\" class=\"wp-caption aligncenter\"><img loading=\"lazy\" decoding=\"async\" class=\" wp-image-7842\" src=\"https:\/\/tranthi.vn\/quangnam\/wp-content\/uploads\/2024\/01\/den-led-pha-tai-tam-ky-hoi-an-quang-nam.png\" alt=\"\u0111\u00e8n led pha t\u1ea1i tam k\u1ef3- h\u1ed9i an- qu\u1ea3ng nam\" width=\"355\" height=\"355\" srcset=\"https:\/\/tranthi.vn\/quangnam\/wp-content\/uploads\/2024\/01\/den-led-pha-tai-tam-ky-hoi-an-quang-nam.png 300w, https:\/\/tranthi.vn\/quangnam\/wp-content\/uploads\/2024\/01\/den-led-pha-tai-tam-ky-hoi-an-quang-nam-100x100.png 100w\" sizes=\"auto, (max-width: 355px) 100vw, 355px\" \/><figcaption id=\"caption-attachment-7842\" class=\"wp-caption-text\">\u0111\u00e8n led pha t\u1ea1i tam k\u1ef3- h\u1ed9i an- qu\u1ea3ng nam<\/figcaption><\/figure>\n<h1><strong><span style=\"font-family: 'times new roman', times, serif; font-size: 120%;\">1. \u0110\u00e8n LED pha l\u00e0 g\u00ec?<\/span><\/strong><\/h1>\n<h3><span style=\"font-family: 'times new roman', times, serif; font-size: 120%;\">\u0110\u00e8n LED pha l\u00e0 lo\u1ea1i \u0111\u00e8n s\u1eed d\u1ee5ng c\u00f4ng ngh\u1ec7 LED (Light Emitting Diode) \u0111\u1ec3 ph\u00e1t ra \u00e1nh s\u00e1ng m\u1ea1nh v\u00e0 \u0111\u1ed3ng \u0111\u1ec1u. Lo\u1ea1i \u0111\u00e8n n\u00e0y th\u01b0\u1eddng \u0111\u01b0\u1ee3c s\u1eed d\u1ee5ng cho c\u00e1c khu v\u1ef1c c\u1ea7n \u00e1nh s\u00e1ng r\u1ed9ng v\u00e0 m\u1ea1nh nh\u01b0 s\u00e2n v\u1eadn \u0111\u1ed9ng, b\u00e3i \u0111\u1ed7 xe, c\u00f4ng tr\u00ecnh x\u00e2y d\u1ef1ng, nh\u00e0 x\u01b0\u1edfng v\u00e0 c\u00e1c khu v\u1ef1c c\u00f4ng c\u1ed9ng kh\u00e1c. \u0110\u00e8n LED pha c\u00f3 thi\u1ebft k\u1ebf ch\u1eafc ch\u1eafn, kh\u1ea3 n\u0103ng ch\u1ed1ng ch\u1ecbu th\u1eddi ti\u1ebft t\u1ed1t, ph\u00f9 h\u1ee3p cho vi\u1ec7c l\u1eafp \u0111\u1eb7t ngo\u00e0i tr\u1eddi.<\/span><\/h3>\n<p style=\"text-align: center;\"><iframe loading=\"lazy\" src=\"\/\/www.youtube.com\/embed\/eST-RJIi0Y8\" width=\"560\" height=\"314\" allowfullscreen=\"allowfullscreen\"><\/iframe><\/p>\n<h1><strong><span style=\"font-family: 'times new roman', times, serif; font-size: 120%;\">2. \u01afu \u0111i\u1ec3m c\u1ee7a \u0111\u00e8n LED pha<\/span><\/strong><\/h1>\n<h3><span style=\"font-family: 'times new roman', times, serif; font-size: 120%;\">\u0110\u00e8n LED pha mang l\u1ea1i nhi\u1ec1u l\u1ee3i \u00edch \u0111\u00e1ng k\u1ec3, bao g\u1ed3m:<\/span><\/h3>\n<ul>\n<li>\n<h3><span style=\"font-family: 'times new roman', times, serif; font-size: 120%;\">Ti\u1ebft ki\u1ec7m n\u0103ng l\u01b0\u1ee3ng: \u0110\u00e8n LED pha ti\u00eau th\u1ee5 \u00edt \u0111i\u1ec7n n\u0103ng h\u01a1n so v\u1edbi c\u00e1c lo\u1ea1i \u0111\u00e8n truy\u1ec1n th\u1ed1ng nh\u01b0 \u0111\u00e8n halogen hay \u0111\u00e8n cao \u00e1p. \u0110i\u1ec1u n\u00e0y gi\u00fap gi\u1ea3m chi ph\u00ed \u0111i\u1ec7n n\u0103ng v\u00e0 b\u1ea3o v\u1ec7 m\u00f4i tr\u01b0\u1eddng.<\/span><\/h3>\n<\/li>\n<li>\n<h3><span style=\"font-family: 'times new roman', times, serif; font-size: 120%;\">Tu\u1ed5i th\u1ecd cao: \u0110\u00e8n LED pha c\u00f3 tu\u1ed5i th\u1ecd l\u00e2u d\u00e0i, t\u1eeb 30.000 \u0111\u1ebfn 50.000 gi\u1edd, gi\u1ea3m thi\u1ec3u chi ph\u00ed b\u1ea3o tr\u00ec v\u00e0 thay th\u1ebf.<\/span><\/h3>\n<\/li>\n<li>\n<h3><span style=\"font-family: 'times new roman', times, serif; font-size: 120%;\">\u00c1nh s\u00e1ng ch\u1ea5t l\u01b0\u1ee3ng cao: \u0110\u00e8n LED pha cung c\u1ea5p \u00e1nh s\u00e1ng m\u1ea1nh, r\u00f5 r\u00e0ng v\u00e0 kh\u00f4ng nh\u1ea5p nh\u00e1y, gi\u00fap c\u1ea3i thi\u1ec7n t\u1ea7m nh\u00ecn v\u00e0 hi\u1ec7u qu\u1ea3 l\u00e0m vi\u1ec7c.<\/span><\/h3>\n<\/li>\n<li>\n<h3><span style=\"font-family: 'times new roman', times, serif; font-size: 120%;\">Ch\u1ed1ng ch\u1ecbu th\u1eddi ti\u1ebft: \u0110\u00e8n LED pha \u0111\u01b0\u1ee3c thi\u1ebft k\u1ebf \u0111\u1ec3 ch\u1ed1ng ch\u1ecbu c\u00e1c \u0111i\u1ec1u ki\u1ec7n th\u1eddi ti\u1ebft kh\u1eafc nghi\u1ec7t nh\u01b0 m\u01b0a, gi\u00f3 v\u00e0 b\u1ee5i b\u1ea9n, \u0111\u1ea3m b\u1ea3o ho\u1ea1t \u0111\u1ed9ng \u1ed5n \u0111\u1ecbnh trong m\u1ecdi \u0111i\u1ec1u ki\u1ec7n.<\/span><\/h3>\n<\/li>\n<li>\n<h3><span style=\"font-family: 'times new roman', times, serif; font-size: 120%;\">An to\u00e0n v\u00e0 th\u00e2n thi\u1ec7n v\u1edbi m\u00f4i tr\u01b0\u1eddng: \u0110\u00e8n LED kh\u00f4ng ch\u1ee9a c\u00e1c ch\u1ea5t \u0111\u1ed9c h\u1ea1i nh\u01b0 th\u1ee7y ng\u00e2n, gi\u1ea3m thi\u1ec3u t\u00e1c \u0111\u1ed9ng ti\u00eau c\u1ef1c \u0111\u1ebfn m\u00f4i tr\u01b0\u1eddng v\u00e0 s\u1ee9c kh\u1ecfe con ng\u01b0\u1eddi.<\/span><\/h3>\n<\/li>\n<li>\n<figure id=\"attachment_7849\" aria-describedby=\"caption-attachment-7849\" style=\"width: 351px\" class=\"wp-caption aligncenter\"><img loading=\"lazy\" decoding=\"async\" class=\" wp-image-7849\" src=\"https:\/\/tranthi.vn\/quangnam\/wp-content\/uploads\/2023\/11\/Den-Led-Pha-Hoi-An-Tam-Ky-Quang-Nam.png\" alt=\"\u0110\u00e8n Led Pha H\u1ed9i An-Tam K\u1ef3-Qu\u1ea3ng Nam\" width=\"351\" height=\"351\" srcset=\"https:\/\/tranthi.vn\/quangnam\/wp-content\/uploads\/2023\/11\/Den-Led-Pha-Hoi-An-Tam-Ky-Quang-Nam.png 300w, https:\/\/tranthi.vn\/quangnam\/wp-content\/uploads\/2023\/11\/Den-Led-Pha-Hoi-An-Tam-Ky-Quang-Nam-100x100.png 100w\" sizes=\"auto, (max-width: 351px) 100vw, 351px\" \/><figcaption id=\"caption-attachment-7849\" class=\"wp-caption-text\">\u0110\u00e8n Led Pha H\u1ed9i An-Tam K\u1ef3-Qu\u1ea3ng Nam<\/figcaption><\/figure><\/li>\n<\/ul>\n<h1><strong><span style=\"font-family: 'times new roman', times, serif; font-size: 120%;\">3. L\u00fd do n\u00ean ch\u1ecdn \u0111\u00e8n LED pha t\u1ea1i Qu\u1ea3ng Nam<\/span><\/strong><\/h1>\n<h3><span style=\"font-family: 'times new roman', times, serif; font-size: 120%;\"><em>Qu\u1ea3ng Nam<\/em> l\u00e0 m\u1ed9t trong nh\u1eefng th\u00e0nh ph\u1ed1 ph\u00e1t tri\u1ec3n nhanh ch\u00f3ng v\u1edbi nhu c\u1ea7u chi\u1ebfu s\u00e1ng hi\u1ec7u qu\u1ea3 v\u00e0 ti\u1ebft ki\u1ec7m. D\u01b0\u1edbi \u0111\u00e2y l\u00e0 nh\u1eefng l\u00fd do b\u1ea1n n\u00ean ch\u1ecdn mua \u0111\u00e8n LED pha :<\/span><\/h3>\n<ul>\n<li>\n<h3><span style=\"font-family: 'times new roman', times, serif; font-size: 120%;\">S\u1ea3n ph\u1ea9m ch\u1ea5t l\u01b0\u1ee3ng: C\u00e1c nh\u00e0 cung c\u1ea5p t\u1ea1i <a href=\"https:\/\/vi.wikipedia.org\/wiki\/Qu%E1%BA%A3ng_Nam\"><em>Qu\u1ea3ng Nam<\/em><\/a>\u00a0cung c\u1ea5p \u0111\u00e8n LED pha t\u1eeb c\u00e1c th\u01b0\u01a1ng hi\u1ec7u uy t\u00edn, \u0111\u1ea3m b\u1ea3o ch\u1ea5t l\u01b0\u1ee3ng \u00e1nh s\u00e1ng v\u00e0 \u0111\u1ed9 b\u1ec1n cao.<\/span><\/h3>\n<\/li>\n<li>\n<h3><span style=\"font-family: 'times new roman', times, serif; font-size: 120%;\">D\u1ecbch v\u1ee5 l\u1eafp \u0111\u1eb7t chuy\u00ean nghi\u1ec7p: Nhi\u1ec1u c\u00f4ng ty t\u1ea1i \u0111\u00e2y cung c\u1ea5p d\u1ecbch v\u1ee5 l\u1eafp \u0111\u1eb7t \u0111\u00e8n LED pha chuy\u00ean nghi\u1ec7p, \u0111\u1ea3m b\u1ea3o c\u00f4ng tr\u00ecnh \u0111\u01b0\u1ee3c th\u1ef1c hi\u1ec7n ch\u00ednh x\u00e1c v\u00e0 an to\u00e0n.<\/span><\/h3>\n<\/li>\n<li>\n<h3><span style=\"font-family: 'times new roman', times, serif; font-size: 120%;\">Gi\u00e1 c\u1ea3 h\u1ee3p l\u00fd: V\u1edbi s\u1ef1 c\u1ea1nh tranh gi\u1eefa c\u00e1c nh\u00e0 cung c\u1ea5p, gi\u00e1 \u0111\u00e8n LED pha th\u01b0\u1eddng r\u1ea5t h\u1ee3p l\u00fd, ph\u00f9 h\u1ee3p v\u1edbi ng\u00e2n s\u00e1ch c\u1ee7a nhi\u1ec1u d\u1ef1 \u00e1n v\u00e0 h\u1ed9 gia \u0111\u00ecnh.<\/span><\/h3>\n<\/li>\n<li>\n<h3><span style=\"font-family: 'times new roman', times, serif; font-size: 120%;\">H\u1ed7 tr\u1ee3 kh\u00e1ch h\u00e0ng t\u1ed1t: C\u00e1c nh\u00e0 cung c\u1ea5p cung c\u1ea5p d\u1ecbch v\u1ee5 h\u1eadu m\u00e3i t\u1eadn t\u00e2m, bao g\u1ed3m b\u1ea3o tr\u00ec v\u00e0 s\u1eeda ch\u1eefa, gi\u00fap b\u1ea1n y\u00ean t\u00e2m khi s\u1eed d\u1ee5ng s\u1ea3n ph\u1ea9m.<\/span><\/h3>\n<\/li>\n<li style=\"text-align: center;\"><iframe loading=\"lazy\" src=\"\/\/www.youtube.com\/embed\/9VnQFWv1t0w\" width=\"560\" height=\"314\" allowfullscreen=\"allowfullscreen\"><\/iframe><\/li>\n<\/ul>\n","protected":false},"excerpt":{"rendered":"<p><span style=\"font-size: 130%; font-family: 'times new roman', times, serif;\">\ud83e\udd70\u0110\u01a1n v\u1ecb t\u00ednh: C\u00e1i<\/span><\/p>\n<p><span style=\"font-size: 130%; font-family: 'times new roman', times, serif;\"><strong>\ud83e\udd70C\u00d4NG SU\u1ea4T &#8211;\u00a0 K\u00cdCH TH\u01af\u1edaC\u00a0 &#8211;\u00a0 \u0110\u01a0N GI\u00c1<\/strong><\/span><\/p>\n<ul>\n<li><span style=\"font-size: 130%; font-family: 'times new roman', times, serif;\">50W\u00a0 \u00a0 \u00a0 \u00a0 \u00a0 \u00a0 \u00a0 \u00a0 \u00a0 \u00a0190*240\u00a0 \u00a0 \u00a0 \u00a0 \u00a0 \u00a0 <strong>\u00a0 <span style=\"color: #ff0000;\">337.000\u0111<\/span><\/strong><\/span><\/li>\n<li><span style=\"font-size: 130%; font-family: 'times new roman', times, serif;\">100W\u00a0 \u00a0 \u00a0 \u00a0 \u00a0 \u00a0 \u00a0 \u00a0 \u00a0220*280\u00a0 \u00a0 \u00a0 \u00a0 \u00a0 \u00a0 \u00a0<span style=\"color: #ff0000;\"><strong> 479.000\u0111<\/strong><\/span><\/span><\/li>\n<li><span style=\"font-size: 130%; font-family: 'times new roman', times, serif;\">200W\u00a0 \u00a0 \u00a0 \u00a0 \u00a0 \u00a0 \u00a0 \u00a0 \u00a0260*310\u00a0 \u00a0 \u00a0 \u00a0 \u00a0 \u00a0 \u00a0<span style=\"color: #ff0000;\"><strong> 685.000\u0111<\/strong><\/span><\/span><\/li>\n<li><span style=\"font-size: 130%; font-family: 'times new roman', times, serif;\">300W\u00a0 \u00a0 \u00a0 \u00a0 \u00a0 \u00a0 \u00a0 \u00a0 \u00a0300*350\u00a0 \u00a0 \u00a0 \u00a0 \u00a0 \u00a0 \u00a0<span style=\"color: #ff0000;\"><strong> 910.000\u0111<\/strong><\/span><\/span><\/li>\n<li><span style=\"font-size: 130%; font-family: 'times new roman', times, serif;\">400W\u00a0 \u00a0 \u00a0 \u00a0 \u00a0 \u00a0 \u00a0 \u00a0 \u00a0340*400\u00a0 \u00a0 \u00a0 \u00a0 \u00a0 \u00a0 \u00a0<span style=\"color: #ff0000;\"><strong> 1.075.000\u0111<\/strong><\/span><\/span><\/li>\n<\/ul>\n<p><span style=\"font-size: 130%; font-family: 'times new roman', times, serif;\">\ud83e\udd70Th\u00f4ng s\u1ed1 k\u1ef9 thu\u1eadt:\u00a0<\/span><\/p>\n<ul>\n<li><span style=\"font-size: 130%; font-family: 'times new roman', times, serif;\">\u0110i\u1ec7n \u00e1p: 110 &#8211; 265V<\/span><\/li>\n<li><span style=\"font-size: 130%; font-family: 'times new roman', times, serif;\">Chip Led 0303 Ch\u00e2u \u00c2u ti\u00ean ti\u1ebfn, c\u00f3 Tenta \u1ed5n \u0111\u1ecbnh d\u00f2ng.<\/span><\/li>\n<li><span style=\"font-size: 130%; font-family: 'times new roman', times, serif;\">Tu\u1ed5i th\u1ecd tr\u00ean 30.000h<\/span><\/li>\n<\/ul>\n<p><span style=\"font-size: 130%; font-family: 'times new roman', times, serif;\">\ud83e\udd70M\u00e0u \u00e1nh s\u00e1ng: Tr\u1eafng, V\u00e0ng.<\/span><\/p>\n<p><span style=\"font-family: 'times new roman', times, serif; font-size: 130%;\">\ud83e\udd70B\u1ea3o h\u00e0ng 24 th\u00e1ng.<\/span><\/p>\n<p><span style=\"color: #0000ff; font-size: 130%; font-family: 'times new roman', times, serif;\"><em>V\u1eadn chuy\u1ec3n n\u1ed9i th\u00e0nh Qu\u1ea3ng Nam<\/em><\/span><\/p>\n<p><span style=\"color: #0000ff; font-size: 130%; font-family: 'times new roman', times, serif;\"><em>Ph\u00ed v\u1eadn chuy\u1ec3n ph\u1ee5 thu\u1ed9c v\u00e0o t\u1eebng v\u1ecb tr\u00ed<\/em><\/span><\/p>\n","protected":false},"featured_media":6439,"comment_status":"closed","ping_status":"closed","template":"","meta":[],"product_cat":[401],"product_tag":[],"class_list":{"0":"post-6436","1":"product","2":"type-product","3":"status-publish","4":"has-post-thumbnail","6":"product_cat-dien","8":"first","9":"instock","10":"sale","11":"shipping-taxable","12":"purchasable","13":"product-type-simple"},"yoast_head":"<!-- This site is optimized with the Yoast SEO Premium plugin v22.3 (Yoast SEO v22.8) - https:\/\/yoast.com\/wordpress\/plugins\/seo\/ -->\n<title>Gi\u00e1 \u0111\u00e8n pha led t\u1ea1i Qu\u1ea3ng Nam-0947.335.871<\/title>\n<meta name=\"description\" content=\"Gi\u00e1 \u0111\u00e8n pha led t\u1ea1i Qu\u1ea3ng Nam- Tr\u1ea7n th\u1ecb. Cung c\u1ea5p h\u00e0ng h\u00f3a uy t\u00edn ch\u1ea5t l\u01b0\u1ee3ng tham kh\u1ea3o t\u1ea1i web: tranthi.vn \u0111\u1ec3 bi\u1ebft th\u00eam chi ti\u1ebft\" \/>\n<meta name=\"robots\" content=\"index, follow, max-snippet:-1, max-image-preview:large, max-video-preview:-1\" \/>\n<link rel=\"canonical\" href=\"https:\/\/tranthi.vn\/quangnam\/den-pha-led-sieu-sang-hoi-an-tam-ky-quang-nam\/\" \/>\n<meta property=\"og:locale\" content=\"vi_VN\" \/>\n<meta property=\"og:type\" content=\"article\" \/>\n<meta property=\"og:title\" content=\"\u0110\u00e8n Pha Led Si\u00eau S\u00e1ng One Plus\" \/>\n<meta property=\"og:description\" content=\"Gi\u00e1 \u0111\u00e8n pha led t\u1ea1i Qu\u1ea3ng Nam- Tr\u1ea7n th\u1ecb. Cung c\u1ea5p h\u00e0ng h\u00f3a uy t\u00edn ch\u1ea5t l\u01b0\u1ee3ng tham kh\u1ea3o t\u1ea1i web: tranthi.vn \u0111\u1ec3 bi\u1ebft th\u00eam chi ti\u1ebft\" \/>\n<meta property=\"og:url\" content=\"https:\/\/tranthi.vn\/quangnam\/den-pha-led-sieu-sang-hoi-an-tam-ky-quang-nam\/\" \/>\n<meta property=\"og:site_name\" content=\"V\u1eadt Li\u1ec7u X\u00e2y D\u1ef1ng Tr\u1ea7n Th\u1ecb Chi Nh\u00e1nh Qu\u1ea3ng Nam\" \/>\n<meta property=\"article:modified_time\" content=\"2024-11-18T07:02:31+00:00\" \/>\n<meta property=\"og:image\" content=\"https:\/\/tranthi.vn\/quangnam\/wp-content\/uploads\/2023\/11\/Den-pha-led-sieu-sang-One-Plus-Da-Nang.jpg\" \/>\n\t<meta property=\"og:image:width\" content=\"155\" \/>\n\t<meta property=\"og:image:height\" content=\"177\" \/>\n\t<meta property=\"og:image:type\" content=\"image\/jpeg\" \/>\n<meta name=\"twitter:card\" content=\"summary_large_image\" \/>\n<meta name=\"twitter:label1\" content=\"Gi\u00e1\" \/>\n\t<meta name=\"twitter:data1\" content=\"337,000&nbsp;&#8363;\" \/>\n\t<meta name=\"twitter:label2\" content=\"Kh\u1ea3 d\u1ee5ng\" \/>\n\t<meta name=\"twitter:data2\" content=\"Trong kho\" \/>\n<script type=\"application\/ld+json\" class=\"yoast-schema-graph\">{\"@context\":\"https:\/\/schema.org\",\"@graph\":[{\"@type\":[\"WebPage\",\"ItemPage\"],\"@id\":\"https:\/\/tranthi.vn\/quangnam\/den-pha-led-sieu-sang-hoi-an-tam-ky-quang-nam\/\",\"url\":\"https:\/\/tranthi.vn\/quangnam\/den-pha-led-sieu-sang-hoi-an-tam-ky-quang-nam\/\",\"name\":\"Gi\u00e1 \u0111\u00e8n pha led t\u1ea1i Qu\u1ea3ng Nam-0947.335.871\",\"isPartOf\":{\"@id\":\"https:\/\/tranthi.vn\/quangnam\/#website\"},\"primaryImageOfPage\":{\"@id\":\"https:\/\/tranthi.vn\/quangnam\/den-pha-led-sieu-sang-hoi-an-tam-ky-quang-nam\/#primaryimage\"},\"image\":{\"@id\":\"https:\/\/tranthi.vn\/quangnam\/den-pha-led-sieu-sang-hoi-an-tam-ky-quang-nam\/#primaryimage\"},\"thumbnailUrl\":\"https:\/\/tranthi.vn\/quangnam\/wp-content\/uploads\/2023\/11\/Den-pha-led-sieu-sang-One-Plus-Da-Nang.jpg\",\"datePublished\":\"2023-11-22T07:29:07+00:00\",\"dateModified\":\"2024-11-18T07:02:31+00:00\",\"description\":\"Gi\u00e1 \u0111\u00e8n pha led t\u1ea1i Qu\u1ea3ng Nam- Tr\u1ea7n th\u1ecb. Cung c\u1ea5p h\u00e0ng h\u00f3a uy t\u00edn ch\u1ea5t l\u01b0\u1ee3ng tham kh\u1ea3o t\u1ea1i web: tranthi.vn \u0111\u1ec3 bi\u1ebft th\u00eam chi ti\u1ebft\",\"breadcrumb\":{\"@id\":\"https:\/\/tranthi.vn\/quangnam\/den-pha-led-sieu-sang-hoi-an-tam-ky-quang-nam\/#breadcrumb\"},\"inLanguage\":\"vi\",\"potentialAction\":[{\"@type\":\"ReadAction\",\"target\":[\"https:\/\/tranthi.vn\/quangnam\/den-pha-led-sieu-sang-hoi-an-tam-ky-quang-nam\/\"]}]},{\"@type\":\"ImageObject\",\"inLanguage\":\"vi\",\"@id\":\"https:\/\/tranthi.vn\/quangnam\/den-pha-led-sieu-sang-hoi-an-tam-ky-quang-nam\/#primaryimage\",\"url\":\"https:\/\/tranthi.vn\/quangnam\/wp-content\/uploads\/2023\/11\/Den-pha-led-sieu-sang-One-Plus-Da-Nang.jpg\",\"contentUrl\":\"https:\/\/tranthi.vn\/quangnam\/wp-content\/uploads\/2023\/11\/Den-pha-led-sieu-sang-One-Plus-Da-Nang.jpg\",\"width\":155,\"height\":177,\"caption\":\"Den-pha-led-sieu-sang-One-Plus-Da-Nang.jpg\"},{\"@type\":\"BreadcrumbList\",\"@id\":\"https:\/\/tranthi.vn\/quangnam\/den-pha-led-sieu-sang-hoi-an-tam-ky-quang-nam\/#breadcrumb\",\"itemListElement\":[{\"@type\":\"ListItem\",\"position\":1,\"name\":\"Trang ch\u1ee7\",\"item\":\"https:\/\/tranthi.vn\/quangnam\/\"},{\"@type\":\"ListItem\",\"position\":2,\"name\":\"Shop\",\"item\":\"https:\/\/tranthi.vn\/quangnam\/shop\/\"},{\"@type\":\"ListItem\",\"position\":3,\"name\":\"\u0110\u00e8n Pha Led Si\u00eau S\u00e1ng One Plus\"}]},{\"@type\":\"WebSite\",\"@id\":\"https:\/\/tranthi.vn\/quangnam\/#website\",\"url\":\"https:\/\/tranthi.vn\/quangnam\/\",\"name\":\"V\u1eadt Li\u1ec7u X\u00e2y D\u1ef1ng Tr\u1ea7n Th\u1ecb Chi Nh\u00e1nh Qu\u1ea3ng Nam\",\"description\":\"V\u1eadt Li\u1ec7u X\u00e2y D\u1ef1ng - Qu\u1ea3ng Nam\",\"potentialAction\":[{\"@type\":\"SearchAction\",\"target\":{\"@type\":\"EntryPoint\",\"urlTemplate\":\"https:\/\/tranthi.vn\/quangnam\/?s={search_term_string}\"},\"query-input\":\"required name=search_term_string\"}],\"inLanguage\":\"vi\"},{\"@type\":\"ImageObject\",\"inLanguage\":\"vi\",\"@id\":\"https:\/\/tranthi.vn\/quangnam\/den-pha-led-sieu-sang-hoi-an-tam-ky-quang-nam\/#local-main-organization-logo\",\"url\":\"\",\"contentUrl\":\"\",\"caption\":\"V\u1eadt Li\u1ec7u X\u00e2y D\u1ef1ng Tr\u1ea7n Th\u1ecb Chi Nh\u00e1nh Qu\u1ea3ng Nam\"}]}<\/script>\n<meta property=\"product:price:amount\" content=\"337000\" \/>\n<meta property=\"product:price:currency\" content=\"VND\" \/>\n<meta property=\"og:availability\" content=\"instock\" \/>\n<meta property=\"product:availability\" content=\"instock\" \/>\n<meta property=\"product:condition\" content=\"new\" \/>\n<!-- \/ Yoast SEO Premium plugin. -->","yoast_head_json":{"title":"Gi\u00e1 \u0111\u00e8n pha led t\u1ea1i Qu\u1ea3ng Nam-0947.335.871","description":"Gi\u00e1 \u0111\u00e8n pha led t\u1ea1i Qu\u1ea3ng Nam- Tr\u1ea7n th\u1ecb. Cung c\u1ea5p h\u00e0ng h\u00f3a uy t\u00edn ch\u1ea5t l\u01b0\u1ee3ng tham kh\u1ea3o t\u1ea1i web: tranthi.vn \u0111\u1ec3 bi\u1ebft th\u00eam chi ti\u1ebft","robots":{"index":"index","follow":"follow","max-snippet":"max-snippet:-1","max-image-preview":"max-image-preview:large","max-video-preview":"max-video-preview:-1"},"canonical":"https:\/\/tranthi.vn\/quangnam\/den-pha-led-sieu-sang-hoi-an-tam-ky-quang-nam\/","og_locale":"vi_VN","og_type":"article","og_title":"\u0110\u00e8n Pha Led Si\u00eau S\u00e1ng One Plus","og_description":"Gi\u00e1 \u0111\u00e8n pha led t\u1ea1i Qu\u1ea3ng Nam- Tr\u1ea7n th\u1ecb. Cung c\u1ea5p h\u00e0ng h\u00f3a uy t\u00edn ch\u1ea5t l\u01b0\u1ee3ng tham kh\u1ea3o t\u1ea1i web: tranthi.vn \u0111\u1ec3 bi\u1ebft th\u00eam chi ti\u1ebft","og_url":"https:\/\/tranthi.vn\/quangnam\/den-pha-led-sieu-sang-hoi-an-tam-ky-quang-nam\/","og_site_name":"V\u1eadt Li\u1ec7u X\u00e2y D\u1ef1ng Tr\u1ea7n Th\u1ecb Chi Nh\u00e1nh Qu\u1ea3ng Nam","article_modified_time":"2024-11-18T07:02:31+00:00","og_image":[{"width":155,"height":177,"url":"https:\/\/tranthi.vn\/quangnam\/wp-content\/uploads\/2023\/11\/Den-pha-led-sieu-sang-One-Plus-Da-Nang.jpg","type":"image\/jpeg"}],"twitter_card":"summary_large_image","twitter_misc":{"Gi\u00e1":"337,000&nbsp;&#8363;","Kh\u1ea3 d\u1ee5ng":"Trong kho"},"schema":{"@context":"https:\/\/schema.org","@graph":[{"@type":["WebPage","ItemPage"],"@id":"https:\/\/tranthi.vn\/quangnam\/den-pha-led-sieu-sang-hoi-an-tam-ky-quang-nam\/","url":"https:\/\/tranthi.vn\/quangnam\/den-pha-led-sieu-sang-hoi-an-tam-ky-quang-nam\/","name":"Gi\u00e1 \u0111\u00e8n pha led t\u1ea1i Qu\u1ea3ng Nam-0947.335.871","isPartOf":{"@id":"https:\/\/tranthi.vn\/quangnam\/#website"},"primaryImageOfPage":{"@id":"https:\/\/tranthi.vn\/quangnam\/den-pha-led-sieu-sang-hoi-an-tam-ky-quang-nam\/#primaryimage"},"image":{"@id":"https:\/\/tranthi.vn\/quangnam\/den-pha-led-sieu-sang-hoi-an-tam-ky-quang-nam\/#primaryimage"},"thumbnailUrl":"https:\/\/tranthi.vn\/quangnam\/wp-content\/uploads\/2023\/11\/Den-pha-led-sieu-sang-One-Plus-Da-Nang.jpg","datePublished":"2023-11-22T07:29:07+00:00","dateModified":"2024-11-18T07:02:31+00:00","description":"Gi\u00e1 \u0111\u00e8n pha led t\u1ea1i Qu\u1ea3ng Nam- Tr\u1ea7n th\u1ecb. Cung c\u1ea5p h\u00e0ng h\u00f3a uy t\u00edn ch\u1ea5t l\u01b0\u1ee3ng tham kh\u1ea3o t\u1ea1i web: tranthi.vn \u0111\u1ec3 bi\u1ebft th\u00eam chi ti\u1ebft","breadcrumb":{"@id":"https:\/\/tranthi.vn\/quangnam\/den-pha-led-sieu-sang-hoi-an-tam-ky-quang-nam\/#breadcrumb"},"inLanguage":"vi","potentialAction":[{"@type":"ReadAction","target":["https:\/\/tranthi.vn\/quangnam\/den-pha-led-sieu-sang-hoi-an-tam-ky-quang-nam\/"]}]},{"@type":"ImageObject","inLanguage":"vi","@id":"https:\/\/tranthi.vn\/quangnam\/den-pha-led-sieu-sang-hoi-an-tam-ky-quang-nam\/#primaryimage","url":"https:\/\/tranthi.vn\/quangnam\/wp-content\/uploads\/2023\/11\/Den-pha-led-sieu-sang-One-Plus-Da-Nang.jpg","contentUrl":"https:\/\/tranthi.vn\/quangnam\/wp-content\/uploads\/2023\/11\/Den-pha-led-sieu-sang-One-Plus-Da-Nang.jpg","width":155,"height":177,"caption":"Den-pha-led-sieu-sang-One-Plus-Da-Nang.jpg"},{"@type":"BreadcrumbList","@id":"https:\/\/tranthi.vn\/quangnam\/den-pha-led-sieu-sang-hoi-an-tam-ky-quang-nam\/#breadcrumb","itemListElement":[{"@type":"ListItem","position":1,"name":"Trang ch\u1ee7","item":"https:\/\/tranthi.vn\/quangnam\/"},{"@type":"ListItem","position":2,"name":"Shop","item":"https:\/\/tranthi.vn\/quangnam\/shop\/"},{"@type":"ListItem","position":3,"name":"\u0110\u00e8n Pha Led Si\u00eau S\u00e1ng One Plus"}]},{"@type":"WebSite","@id":"https:\/\/tranthi.vn\/quangnam\/#website","url":"https:\/\/tranthi.vn\/quangnam\/","name":"V\u1eadt Li\u1ec7u X\u00e2y D\u1ef1ng Tr\u1ea7n Th\u1ecb Chi Nh\u00e1nh Qu\u1ea3ng Nam","description":"V\u1eadt Li\u1ec7u X\u00e2y D\u1ef1ng - Qu\u1ea3ng Nam","potentialAction":[{"@type":"SearchAction","target":{"@type":"EntryPoint","urlTemplate":"https:\/\/tranthi.vn\/quangnam\/?s={search_term_string}"},"query-input":"required name=search_term_string"}],"inLanguage":"vi"},{"@type":"ImageObject","inLanguage":"vi","@id":"https:\/\/tranthi.vn\/quangnam\/den-pha-led-sieu-sang-hoi-an-tam-ky-quang-nam\/#local-main-organization-logo","url":"","contentUrl":"","caption":"V\u1eadt Li\u1ec7u X\u00e2y D\u1ef1ng Tr\u1ea7n Th\u1ecb Chi Nh\u00e1nh Qu\u1ea3ng Nam"}]},"product_price_amount":"337000","product_price_currency":"VND","og_availability":"instock","product_availability":"instock","product_condition":"new"},"_links":{"self":[{"href":"https:\/\/tranthi.vn\/quangnam\/wp-json\/wp\/v2\/product\/6436","targetHints":{"allow":["GET"]}}],"collection":[{"href":"https:\/\/tranthi.vn\/quangnam\/wp-json\/wp\/v2\/product"}],"about":[{"href":"https:\/\/tranthi.vn\/quangnam\/wp-json\/wp\/v2\/types\/product"}],"replies":[{"embeddable":true,"href":"https:\/\/tranthi.vn\/quangnam\/wp-json\/wp\/v2\/comments?post=6436"}],"wp:featuredmedia":[{"embeddable":true,"href":"https:\/\/tranthi.vn\/quangnam\/wp-json\/wp\/v2\/media\/6439"}],"wp:attachment":[{"href":"https:\/\/tranthi.vn\/quangnam\/wp-json\/wp\/v2\/media?parent=6436"}],"wp:term":[{"taxonomy":"product_cat","embeddable":true,"href":"https:\/\/tranthi.vn\/quangnam\/wp-json\/wp\/v2\/product_cat?post=6436"},{"taxonomy":"product_tag","embeddable":true,"href":"https:\/\/tranthi.vn\/quangnam\/wp-json\/wp\/v2\/product_tag?post=6436"}],"curies":[{"name":"wp","href":"https:\/\/api.w.org\/{rel}","templated":true}]}}