{"id":6408,"date":"2023-11-14T14:58:26","date_gmt":"2023-11-14T07:58:26","guid":{"rendered":"https:\/\/tranthi.vn\/quangnam\/?post_type=product&#038;p=6408"},"modified":"2024-06-07T14:33:50","modified_gmt":"2024-06-07T07:33:50","slug":"den-led-xuong-70-200w-70w-v","status":"publish","type":"product","link":"https:\/\/tranthi.vn\/quangnam\/den-led-xuong-70-200w-70w-v\/","title":{"rendered":"\u0110\u00e8n Led nh\u00e0 x\u01b0\u1edfng SMD"},"content":{"rendered":"","protected":false},"excerpt":{"rendered":"<p><span style=\"font-family: 'times new roman', times, serif; font-size: 130%;\"><img decoding=\"async\" class=\"emoji\" role=\"img\" draggable=\"false\" src=\"https:\/\/s.w.org\/images\/core\/emoji\/14.0.0\/svg\/1f61b.svg\" alt=\"\ud83d\ude1b\" \/><span style=\"color: #000000;\"><strong>\u00a0<\/strong>\u0110\u01a1n v\u1ecb t\u00ednh: C\u00e1i<\/span><\/span><\/p>\n<p><span style=\"font-family: 'times new roman', times, serif; font-size: 130%; color: #000000;\"><img decoding=\"async\" class=\"emoji\" role=\"img\" draggable=\"false\" src=\"https:\/\/s.w.org\/images\/core\/emoji\/14.0.0\/svg\/1f61b.svg\" alt=\"\ud83d\ude1b\" \/><strong>\u00a0C\u00f4ng su\u1ea5t &#8211; K\u00edch th\u01b0\u1edbc &#8211; \u0110\u01a1n gi\u00e1<\/strong><\/span><\/p>\n<ul>\n<li><span style=\"font-family: 'times new roman', times, serif; font-size: 130%; color: #000000;\">70W &#8211; D450*H270mm &#8211; <span style=\"color: #ff0000;\"><strong>790.000\u0111<\/strong><\/span><\/span><\/li>\n<li><span style=\"font-family: 'times new roman', times, serif; font-size: 130%; color: #000000;\">100W &#8211; D450*H270mm &#8211; <strong><span style=\"color: #ff0000;\">838<\/span><span style=\"color: #ff0000;\"><strong>.<\/strong>000\u0111<\/span><\/strong><\/span><\/li>\n<li><span style=\"font-family: 'times new roman', times, serif; font-size: 130%; color: #000000;\">150W &#8211; D450*H270mm &#8211; <span style=\"color: #ff0000;\"><strong>1.015.000\u0111<\/strong><\/span><\/span><\/li>\n<li><span style=\"font-family: 'times new roman', times, serif; font-size: 130%; color: #000000;\">200W &#8211; D500*H310mm &#8211; <strong><span style=\"color: #ff0000;\">1<\/span><span style=\"color: #ff0000;\"><strong>.370.00<\/strong>0\u0111<\/span><\/strong><\/span><\/li>\n<li><span style=\"font-family: 'times new roman', times, serif; font-size: 130%; color: #000000;\">250W &#8211; D500*H410mm &#8211; <span style=\"color: #ff0000;\"><strong>1<\/strong><strong><span style=\"color: #ff0000;\">.957.<\/span>000\u0111<\/strong><\/span><\/span><\/li>\n<\/ul>\n<p><span style=\"font-family: 'times new roman', times, serif; font-size: 130%; color: #000000;\"><img decoding=\"async\" class=\"emoji\" role=\"img\" draggable=\"false\" src=\"https:\/\/s.w.org\/images\/core\/emoji\/14.0.0\/svg\/1f61b.svg\" alt=\"\ud83d\ude1b\" \/> Ch\u1ea5t li\u1ec7u: V\u1ecf h\u1ee3p kim nh\u00f4m cao c\u1ea5p<\/span><\/p>\n<p><span style=\"font-family: 'times new roman', times, serif; font-size: 130%; color: #000000;\"><img decoding=\"async\" class=\"emoji\" role=\"img\" draggable=\"false\" src=\"https:\/\/s.w.org\/images\/core\/emoji\/14.0.0\/svg\/1f61b.svg\" alt=\"\ud83d\ude1b\" \/> \u00c1nh s\u00e1ng: Tr\u1eafng &#8211; V\u00e0ng.<\/span><\/p>\n<p><span style=\"font-family: 'times new roman', times, serif; font-size: 130%; color: #000000;\"><img decoding=\"async\" class=\"emoji\" role=\"img\" draggable=\"false\" src=\"https:\/\/s.w.org\/images\/core\/emoji\/14.0.0\/svg\/1f61b.svg\" alt=\"\ud83d\ude1b\" \/> Th\u00f4ng s\u1ed1 k\u1ef9 thu\u1eadt: <\/span><\/p>\n<ol>\n<li><span style=\"font-family: 'times new roman', times, serif; font-size: 130%; color: #000000;\">Chip Led SMD Bridgelux 3030(USA).<\/span><\/li>\n<li><span style=\"font-family: 'times new roman', times, serif; font-size: 130%; color: #000000;\"> Quang th\u00f4ng: 100-120Lm\/W.<\/span><\/li>\n<li><span style=\"font-size: 130%; font-family: 'times new roman', times, serif;\"><span style=\"color: #000000; font-family: times new roman, times, serif;\">Ngu\u1ed3n DONE\/Philips.<\/span><\/span><\/li>\n<li><span style=\"font-family: 'times new roman', times, serif; font-size: 130%; color: #000000;\">\u0110i\u1ec7n \u00e1p: 110-265V<\/span><\/li>\n<li><span style=\"font-size: 130%; font-family: 'times new roman', times, serif;\">Th\u00e2n b\u1eb1ng h\u1ee3p kim nh\u00f4m \u0111\u00fac cho\u00e1 ph\u1ea3n quang.<\/span><\/li>\n<li><span style=\"font-family: 'times new roman', times, serif; font-size: 130%; color: #000000;\">Tu\u1ed5i th\u1ecd: 30.000h.\u00a0<\/span><\/li>\n<\/ol>\n<p><span style=\"font-family: 'times new roman', times, serif;\"><span style=\"font-size: 130%; color: #000000;\"><img decoding=\"async\" class=\"emoji\" role=\"img\" draggable=\"false\" src=\"https:\/\/s.w.org\/images\/core\/emoji\/14.0.0\/svg\/1f61b.svg\" alt=\"\ud83d\ude1b\" \/><\/span><span style=\"font-size: 130%;\">B\u1ea3o h\u00e0nh 24 th\u00e1ng.<\/span><\/span><\/p>\n<p><span style=\"color: #0000ff; font-size: 130%; font-family: 'times new roman', times, serif;\"><em>V\u1eadn chuy\u1ec3n n\u1ed9i th\u00e0nh \u0110\u00e0 N\u1eb5ng<\/em><\/span><\/p>\n<p><span style=\"color: #0000ff; font-size: 130%; font-family: 'times new roman', times, serif;\"><em>Ph\u00ed v\u1eadn chuy\u1ec3n ph\u1ee5 thu\u1ed9c v\u00e0o t\u1eebng v\u1ecb tr\u00ed<\/em><\/span><\/p>\n","protected":false},"featured_media":6409,"comment_status":"closed","ping_status":"closed","template":"","meta":[],"product_cat":[401],"product_tag":[],"class_list":{"0":"post-6408","1":"product","2":"type-product","3":"status-publish","4":"has-post-thumbnail","6":"product_cat-dien","8":"first","9":"instock","10":"sale","11":"shipping-taxable","12":"purchasable","13":"product-type-simple"},"yoast_head":"<!-- This site is optimized with the Yoast SEO Premium plugin v22.3 (Yoast SEO v22.8) - https:\/\/yoast.com\/wordpress\/plugins\/seo\/ -->\n<title>\u0110\u00e8n Led nh\u00e0 x\u01b0\u1edfng SMD - V\u1eadt Li\u1ec7u X\u00e2y D\u1ef1ng Tr\u1ea7n Th\u1ecb Chi Nh\u00e1nh Qu\u1ea3ng Nam<\/title>\n<meta name=\"robots\" content=\"index, follow, max-snippet:-1, max-image-preview:large, max-video-preview:-1\" \/>\n<link rel=\"canonical\" href=\"https:\/\/tranthi.vn\/quangnam\/den-led-xuong-70-200w-70w-v\/\" \/>\n<meta property=\"og:locale\" content=\"vi_VN\" \/>\n<meta property=\"og:type\" content=\"article\" \/>\n<meta property=\"og:title\" content=\"\u0110\u00e8n Led nh\u00e0 x\u01b0\u1edfng SMD\" \/>\n<meta property=\"og:description\" content=\"\u00a0\u0110\u01a1n v\u1ecb t\u00ednh: C\u00e1i  \u00a0C\u00f4ng su\u1ea5t - K\u00edch th\u01b0\u1edbc - \u0110\u01a1n gi\u00e1   70W - D450*H270mm - 790.000\u0111  100W - D450*H270mm - 838.000\u0111  150W - D450*H270mm - 1.015.000\u0111  200W - D500*H310mm - 1.370.000\u0111  250W - D500*H410mm - 1.957.000\u0111   Ch\u1ea5t li\u1ec7u: V\u1ecf h\u1ee3p kim nh\u00f4m cao c\u1ea5p   \u00c1nh s\u00e1ng: Tr\u1eafng - V\u00e0ng.   Th\u00f4ng s\u1ed1 k\u1ef9 thu\u1eadt:    Chip Led SMD Bridgelux 3030(USA).   Quang th\u00f4ng: 100-120Lm\/W.  Ngu\u1ed3n DONE\/Philips.  \u0110i\u1ec7n \u00e1p: 110-265V  Th\u00e2n b\u1eb1ng h\u1ee3p kim nh\u00f4m \u0111\u00fac cho\u00e1 ph\u1ea3n quang.  Tu\u1ed5i th\u1ecd: 30.000h.\u00a0  B\u1ea3o h\u00e0nh 24 th\u00e1ng.  V\u1eadn chuy\u1ec3n n\u1ed9i th\u00e0nh \u0110\u00e0 N\u1eb5ng  Ph\u00ed v\u1eadn chuy\u1ec3n ph\u1ee5 thu\u1ed9c v\u00e0o t\u1eebng v\u1ecb tr\u00ed\" \/>\n<meta property=\"og:url\" content=\"https:\/\/tranthi.vn\/quangnam\/den-led-xuong-70-200w-70w-v\/\" \/>\n<meta property=\"og:site_name\" content=\"V\u1eadt Li\u1ec7u X\u00e2y D\u1ef1ng Tr\u1ea7n Th\u1ecb Chi Nh\u00e1nh Qu\u1ea3ng Nam\" \/>\n<meta property=\"article:modified_time\" content=\"2024-06-07T07:33:50+00:00\" \/>\n<meta property=\"og:image\" content=\"https:\/\/tranthi.vn\/quangnam\/wp-content\/uploads\/2023\/11\/Den-led-xuong-high-bay-da-nang.jpg\" \/>\n\t<meta property=\"og:image:width\" content=\"150\" \/>\n\t<meta property=\"og:image:height\" content=\"150\" \/>\n\t<meta property=\"og:image:type\" content=\"image\/jpeg\" \/>\n<meta name=\"twitter:card\" content=\"summary_large_image\" \/>\n<meta name=\"twitter:label1\" content=\"Gi\u00e1\" \/>\n\t<meta name=\"twitter:data1\" content=\"790,000&nbsp;&#8363;\" \/>\n\t<meta name=\"twitter:label2\" content=\"Kh\u1ea3 d\u1ee5ng\" \/>\n\t<meta name=\"twitter:data2\" content=\"Trong kho\" \/>\n<script type=\"application\/ld+json\" class=\"yoast-schema-graph\">{\"@context\":\"https:\/\/schema.org\",\"@graph\":[{\"@type\":[\"WebPage\",\"ItemPage\"],\"@id\":\"https:\/\/tranthi.vn\/quangnam\/den-led-xuong-70-200w-70w-v\/\",\"url\":\"https:\/\/tranthi.vn\/quangnam\/den-led-xuong-70-200w-70w-v\/\",\"name\":\"\u0110\u00e8n Led nh\u00e0 x\u01b0\u1edfng SMD - V\u1eadt Li\u1ec7u X\u00e2y D\u1ef1ng Tr\u1ea7n Th\u1ecb Chi Nh\u00e1nh Qu\u1ea3ng Nam\",\"isPartOf\":{\"@id\":\"https:\/\/tranthi.vn\/quangnam\/#website\"},\"primaryImageOfPage\":{\"@id\":\"https:\/\/tranthi.vn\/quangnam\/den-led-xuong-70-200w-70w-v\/#primaryimage\"},\"image\":{\"@id\":\"https:\/\/tranthi.vn\/quangnam\/den-led-xuong-70-200w-70w-v\/#primaryimage\"},\"thumbnailUrl\":\"https:\/\/tranthi.vn\/quangnam\/wp-content\/uploads\/2023\/11\/Den-led-xuong-high-bay-da-nang.jpg\",\"datePublished\":\"2023-11-14T07:58:26+00:00\",\"dateModified\":\"2024-06-07T07:33:50+00:00\",\"breadcrumb\":{\"@id\":\"https:\/\/tranthi.vn\/quangnam\/den-led-xuong-70-200w-70w-v\/#breadcrumb\"},\"inLanguage\":\"vi\",\"potentialAction\":[{\"@type\":\"ReadAction\",\"target\":[\"https:\/\/tranthi.vn\/quangnam\/den-led-xuong-70-200w-70w-v\/\"]}]},{\"@type\":\"ImageObject\",\"inLanguage\":\"vi\",\"@id\":\"https:\/\/tranthi.vn\/quangnam\/den-led-xuong-70-200w-70w-v\/#primaryimage\",\"url\":\"https:\/\/tranthi.vn\/quangnam\/wp-content\/uploads\/2023\/11\/Den-led-xuong-high-bay-da-nang.jpg\",\"contentUrl\":\"https:\/\/tranthi.vn\/quangnam\/wp-content\/uploads\/2023\/11\/Den-led-xuong-high-bay-da-nang.jpg\",\"width\":150,\"height\":150,\"caption\":\"Den-led-xuong-high-bay-da-nang.jpg\"},{\"@type\":\"BreadcrumbList\",\"@id\":\"https:\/\/tranthi.vn\/quangnam\/den-led-xuong-70-200w-70w-v\/#breadcrumb\",\"itemListElement\":[{\"@type\":\"ListItem\",\"position\":1,\"name\":\"Trang ch\u1ee7\",\"item\":\"https:\/\/tranthi.vn\/quangnam\/\"},{\"@type\":\"ListItem\",\"position\":2,\"name\":\"Shop\",\"item\":\"https:\/\/tranthi.vn\/quangnam\/shop\/\"},{\"@type\":\"ListItem\",\"position\":3,\"name\":\"\u0110\u00e8n Led nh\u00e0 x\u01b0\u1edfng SMD\"}]},{\"@type\":\"WebSite\",\"@id\":\"https:\/\/tranthi.vn\/quangnam\/#website\",\"url\":\"https:\/\/tranthi.vn\/quangnam\/\",\"name\":\"V\u1eadt Li\u1ec7u X\u00e2y D\u1ef1ng Tr\u1ea7n Th\u1ecb Chi Nh\u00e1nh Qu\u1ea3ng Nam\",\"description\":\"V\u1eadt Li\u1ec7u X\u00e2y D\u1ef1ng - Qu\u1ea3ng Nam\",\"potentialAction\":[{\"@type\":\"SearchAction\",\"target\":{\"@type\":\"EntryPoint\",\"urlTemplate\":\"https:\/\/tranthi.vn\/quangnam\/?s={search_term_string}\"},\"query-input\":\"required name=search_term_string\"}],\"inLanguage\":\"vi\"},{\"@type\":\"ImageObject\",\"inLanguage\":\"vi\",\"@id\":\"https:\/\/tranthi.vn\/quangnam\/den-led-xuong-70-200w-70w-v\/#local-main-organization-logo\",\"url\":\"\",\"contentUrl\":\"\",\"caption\":\"V\u1eadt Li\u1ec7u X\u00e2y D\u1ef1ng Tr\u1ea7n Th\u1ecb Chi Nh\u00e1nh Qu\u1ea3ng Nam\"}]}<\/script>\n<meta property=\"product:price:amount\" content=\"790000\" \/>\n<meta property=\"product:price:currency\" content=\"VND\" \/>\n<meta property=\"og:availability\" content=\"instock\" \/>\n<meta property=\"product:availability\" content=\"instock\" \/>\n<meta property=\"product:condition\" content=\"new\" \/>\n<!-- \/ Yoast SEO Premium plugin. -->","yoast_head_json":{"title":"\u0110\u00e8n Led nh\u00e0 x\u01b0\u1edfng SMD - V\u1eadt Li\u1ec7u X\u00e2y D\u1ef1ng Tr\u1ea7n Th\u1ecb Chi Nh\u00e1nh Qu\u1ea3ng Nam","robots":{"index":"index","follow":"follow","max-snippet":"max-snippet:-1","max-image-preview":"max-image-preview:large","max-video-preview":"max-video-preview:-1"},"canonical":"https:\/\/tranthi.vn\/quangnam\/den-led-xuong-70-200w-70w-v\/","og_locale":"vi_VN","og_type":"article","og_title":"\u0110\u00e8n Led nh\u00e0 x\u01b0\u1edfng SMD","og_description":"\u00a0\u0110\u01a1n v\u1ecb t\u00ednh: C\u00e1i  \u00a0C\u00f4ng su\u1ea5t - K\u00edch th\u01b0\u1edbc - \u0110\u01a1n gi\u00e1   70W - D450*H270mm - 790.000\u0111  100W - D450*H270mm - 838.000\u0111  150W - D450*H270mm - 1.015.000\u0111  200W - D500*H310mm - 1.370.000\u0111  250W - D500*H410mm - 1.957.000\u0111   Ch\u1ea5t li\u1ec7u: V\u1ecf h\u1ee3p kim nh\u00f4m cao c\u1ea5p   \u00c1nh s\u00e1ng: Tr\u1eafng - V\u00e0ng.   Th\u00f4ng s\u1ed1 k\u1ef9 thu\u1eadt:    Chip Led SMD Bridgelux 3030(USA).   Quang th\u00f4ng: 100-120Lm\/W.  Ngu\u1ed3n DONE\/Philips.  \u0110i\u1ec7n \u00e1p: 110-265V  Th\u00e2n b\u1eb1ng h\u1ee3p kim nh\u00f4m \u0111\u00fac cho\u00e1 ph\u1ea3n quang.  Tu\u1ed5i th\u1ecd: 30.000h.\u00a0  B\u1ea3o h\u00e0nh 24 th\u00e1ng.  V\u1eadn chuy\u1ec3n n\u1ed9i th\u00e0nh \u0110\u00e0 N\u1eb5ng  Ph\u00ed v\u1eadn chuy\u1ec3n ph\u1ee5 thu\u1ed9c v\u00e0o t\u1eebng v\u1ecb tr\u00ed","og_url":"https:\/\/tranthi.vn\/quangnam\/den-led-xuong-70-200w-70w-v\/","og_site_name":"V\u1eadt Li\u1ec7u X\u00e2y D\u1ef1ng Tr\u1ea7n Th\u1ecb Chi Nh\u00e1nh Qu\u1ea3ng Nam","article_modified_time":"2024-06-07T07:33:50+00:00","og_image":[{"width":150,"height":150,"url":"https:\/\/tranthi.vn\/quangnam\/wp-content\/uploads\/2023\/11\/Den-led-xuong-high-bay-da-nang.jpg","type":"image\/jpeg"}],"twitter_card":"summary_large_image","twitter_misc":{"Gi\u00e1":"790,000&nbsp;&#8363;","Kh\u1ea3 d\u1ee5ng":"Trong kho"},"schema":{"@context":"https:\/\/schema.org","@graph":[{"@type":["WebPage","ItemPage"],"@id":"https:\/\/tranthi.vn\/quangnam\/den-led-xuong-70-200w-70w-v\/","url":"https:\/\/tranthi.vn\/quangnam\/den-led-xuong-70-200w-70w-v\/","name":"\u0110\u00e8n Led nh\u00e0 x\u01b0\u1edfng SMD - V\u1eadt Li\u1ec7u X\u00e2y D\u1ef1ng Tr\u1ea7n Th\u1ecb Chi Nh\u00e1nh Qu\u1ea3ng Nam","isPartOf":{"@id":"https:\/\/tranthi.vn\/quangnam\/#website"},"primaryImageOfPage":{"@id":"https:\/\/tranthi.vn\/quangnam\/den-led-xuong-70-200w-70w-v\/#primaryimage"},"image":{"@id":"https:\/\/tranthi.vn\/quangnam\/den-led-xuong-70-200w-70w-v\/#primaryimage"},"thumbnailUrl":"https:\/\/tranthi.vn\/quangnam\/wp-content\/uploads\/2023\/11\/Den-led-xuong-high-bay-da-nang.jpg","datePublished":"2023-11-14T07:58:26+00:00","dateModified":"2024-06-07T07:33:50+00:00","breadcrumb":{"@id":"https:\/\/tranthi.vn\/quangnam\/den-led-xuong-70-200w-70w-v\/#breadcrumb"},"inLanguage":"vi","potentialAction":[{"@type":"ReadAction","target":["https:\/\/tranthi.vn\/quangnam\/den-led-xuong-70-200w-70w-v\/"]}]},{"@type":"ImageObject","inLanguage":"vi","@id":"https:\/\/tranthi.vn\/quangnam\/den-led-xuong-70-200w-70w-v\/#primaryimage","url":"https:\/\/tranthi.vn\/quangnam\/wp-content\/uploads\/2023\/11\/Den-led-xuong-high-bay-da-nang.jpg","contentUrl":"https:\/\/tranthi.vn\/quangnam\/wp-content\/uploads\/2023\/11\/Den-led-xuong-high-bay-da-nang.jpg","width":150,"height":150,"caption":"Den-led-xuong-high-bay-da-nang.jpg"},{"@type":"BreadcrumbList","@id":"https:\/\/tranthi.vn\/quangnam\/den-led-xuong-70-200w-70w-v\/#breadcrumb","itemListElement":[{"@type":"ListItem","position":1,"name":"Trang ch\u1ee7","item":"https:\/\/tranthi.vn\/quangnam\/"},{"@type":"ListItem","position":2,"name":"Shop","item":"https:\/\/tranthi.vn\/quangnam\/shop\/"},{"@type":"ListItem","position":3,"name":"\u0110\u00e8n Led nh\u00e0 x\u01b0\u1edfng SMD"}]},{"@type":"WebSite","@id":"https:\/\/tranthi.vn\/quangnam\/#website","url":"https:\/\/tranthi.vn\/quangnam\/","name":"V\u1eadt Li\u1ec7u X\u00e2y D\u1ef1ng Tr\u1ea7n Th\u1ecb Chi Nh\u00e1nh Qu\u1ea3ng Nam","description":"V\u1eadt Li\u1ec7u X\u00e2y D\u1ef1ng - Qu\u1ea3ng Nam","potentialAction":[{"@type":"SearchAction","target":{"@type":"EntryPoint","urlTemplate":"https:\/\/tranthi.vn\/quangnam\/?s={search_term_string}"},"query-input":"required name=search_term_string"}],"inLanguage":"vi"},{"@type":"ImageObject","inLanguage":"vi","@id":"https:\/\/tranthi.vn\/quangnam\/den-led-xuong-70-200w-70w-v\/#local-main-organization-logo","url":"","contentUrl":"","caption":"V\u1eadt Li\u1ec7u X\u00e2y D\u1ef1ng Tr\u1ea7n Th\u1ecb Chi Nh\u00e1nh Qu\u1ea3ng Nam"}]},"product_price_amount":"790000","product_price_currency":"VND","og_availability":"instock","product_availability":"instock","product_condition":"new"},"_links":{"self":[{"href":"https:\/\/tranthi.vn\/quangnam\/wp-json\/wp\/v2\/product\/6408","targetHints":{"allow":["GET"]}}],"collection":[{"href":"https:\/\/tranthi.vn\/quangnam\/wp-json\/wp\/v2\/product"}],"about":[{"href":"https:\/\/tranthi.vn\/quangnam\/wp-json\/wp\/v2\/types\/product"}],"replies":[{"embeddable":true,"href":"https:\/\/tranthi.vn\/quangnam\/wp-json\/wp\/v2\/comments?post=6408"}],"wp:featuredmedia":[{"embeddable":true,"href":"https:\/\/tranthi.vn\/quangnam\/wp-json\/wp\/v2\/media\/6409"}],"wp:attachment":[{"href":"https:\/\/tranthi.vn\/quangnam\/wp-json\/wp\/v2\/media?parent=6408"}],"wp:term":[{"taxonomy":"product_cat","embeddable":true,"href":"https:\/\/tranthi.vn\/quangnam\/wp-json\/wp\/v2\/product_cat?post=6408"},{"taxonomy":"product_tag","embeddable":true,"href":"https:\/\/tranthi.vn\/quangnam\/wp-json\/wp\/v2\/product_tag?post=6408"}],"curies":[{"name":"wp","href":"https:\/\/api.w.org\/{rel}","templated":true}]}}