{"id":6399,"date":"2023-11-14T09:37:56","date_gmt":"2023-11-14T02:37:56","guid":{"rendered":"https:\/\/tranthi.vn\/quangnam\/?post_type=product&#038;p=6399"},"modified":"2024-06-07T11:13:09","modified_gmt":"2024-06-07T04:13:09","slug":"den-bud-led-tru-cao-cap-5-60w-30w-v","status":"publish","type":"product","link":"https:\/\/tranthi.vn\/quangnam\/den-bud-led-tru-cao-cap-5-60w-30w-v\/","title":{"rendered":"\u0110\u00e8n Led Bulb nh\u00f4m b\u1ecdc nh\u1ef1a"},"content":{"rendered":"","protected":false},"excerpt":{"rendered":"<p><span style=\"font-size: 130%; font-family: 'times new roman', times, serif;\">\ud83e\udd70Th\u00f4ng tin k\u1ef9 thu\u1eadt:<\/span><\/p>\n<ol>\n<li><span style=\"font-size: 130%; font-family: 'times new roman', times, serif;\">Th\u00e2n b\u1eb1ng nh\u1ef1a ABS ch\u1ecbu nhi\u1ec7t t\u1ed1t, n\u1eafp ch\u1ee5p b\u1eb1ng nh\u1ef1a PC gi\u00fap t\u1ea3n \u0111\u1ec1u \u00e1nh s\u00e1ng.<\/span><\/li>\n<li><span style=\"font-size: 130%; font-family: 'times new roman', times, serif;\">B\u1ea7u tr\u00e1ng b\u1eb1ng nh\u00f4m gi\u00fap tho\u00e1t nhi\u1ec7t, nh\u1eb1m t\u0103ng tu\u1ed5i th\u1ecd ho\u1ea1t \u0111\u1ed9ng c\u1ee7a Chip Led.<\/span><\/li>\n<li><span style=\"font-size: 130%; font-family: 'times new roman', times, serif;\">S\u1eed d\u1ee5ng Chip Led SMD ti\u00ean ti\u1ebfn.<\/span><\/li>\n<li><span style=\"font-size: 130%; font-family: 'times new roman', times, serif;\">Ngu\u1ed3n DOB c\u00f4ng ngh\u1ec7 m\u1edbi.<\/span><\/li>\n<\/ol>\n<p><span style=\"font-size: 130%; font-family: 'times new roman', times, serif;\">\ud83e\udd70\u0110\u01a1n v\u1ecb t\u00ednh: C\u00e1i<\/span><\/p>\n<p><span style=\"font-size: 130%; font-family: 'times new roman', times, serif;\">\ud83e\udd70\u0110\u01a1n gi\u00e1:\u00a0<\/span><\/p>\n<ul>\n<li><span style=\"font-size: 130%; font-family: 'times new roman', times, serif;\">5W: <span style=\"color: #ff0000;\"><strong>49<span style=\"color: #ff0000;\">.0<\/span>00\u0111, <\/strong><span style=\"color: #333333;\">Th\u00f4ng quang (Im): &gt;400, \u0110\u01b0\u1eddng k\u00ednh: \u220560<\/span><\/span><\/span><\/li>\n<li><span style=\"font-size: 130%; font-family: 'times new roman', times, serif;\">10W: <span style=\"color: #ff0000;\"><strong>53.000\u0111, <\/strong><span style=\"color: #333333;\">Th\u00f4ng quang (Im): &gt;900, \u0110\u01b0\u1eddng k\u00ednh: \u220570<\/span><\/span><\/span><\/li>\n<li><span style=\"font-size: 130%; font-family: 'times new roman', times, serif;\">15W: <span style=\"color: #ff0000;\"><strong>58<\/strong><strong><span style=\"color: #ff0000;\">.0<\/span>00\u0111,<\/strong><\/span> <span style=\"color: #ff0000;\"><span style=\"color: #333333;\">Th\u00f4ng quang (Im): &gt;1400, \u0110\u01b0\u1eddng k\u00ednh: \u220575<\/span><\/span><\/span><\/li>\n<li><span style=\"font-size: 130%; font-family: 'times new roman', times, serif;\">20W: <span style=\"color: #ff0000;\"><strong>64<\/strong><strong><span style=\"color: #ff0000;\">.0<\/span>00\u0111,<\/strong><\/span> <span style=\"color: #ff0000;\"><span style=\"color: #333333;\">Th\u00f4ng quang (Im): &gt;1900, \u0110\u01b0\u1eddng k\u00ednh: \u220580<\/span><\/span><\/span><\/li>\n<li><span style=\"font-size: 130%; font-family: 'times new roman', times, serif;\">30W: <span style=\"color: #ff0000;\"><strong>78<\/strong><strong><span style=\"color: #ff0000;\">.0<\/span>00\u0111,<\/strong><\/span> <span style=\"color: #ff0000;\"><span style=\"color: #333333;\">Th\u00f4ng quang (Im): &gt;2900, \u0110\u01b0\u1eddng k\u00ednh: \u2205100<\/span><\/span><\/span><\/li>\n<li><span style=\"font-size: 130%; font-family: 'times new roman', times, serif;\">40W: <span style=\"color: #ff0000;\"><strong>97<\/strong><strong>.000\u0111,<\/strong><\/span> <span style=\"color: #ff0000;\"><span style=\"color: #333333;\">Th\u00f4ng quang (Im): &gt;3900, \u0110\u01b0\u1eddng k\u00ednh: \u2205120<\/span><\/span><\/span><\/li>\n<li><span style=\"font-size: 130%; font-family: 'times new roman', times, serif;\">50W: <span style=\"color: #ff0000;\"><strong>117<\/strong><strong><span style=\"color: #ff0000;\">.0<\/span>00\u0111,<\/strong><\/span> <span style=\"color: #ff0000;\"><span style=\"color: #333333;\">Th\u00f4ng quang (Im): &gt;4500, \u0110\u01b0\u1eddng k\u00ednh: \u2205125<\/span><\/span><\/span><\/li>\n<li><span style=\"font-size: 130%; font-family: 'times new roman', times, serif;\">60W: <span style=\"color: #ff0000;\"><strong>135<\/strong><strong><span style=\"color: #ff0000;\">.00<\/span>0\u0111,<\/strong><\/span> <span style=\"color: #ff0000;\"><span style=\"color: #333333;\">Th\u00f4ng quang (Im): &gt;5400, \u0110\u01b0\u1eddng k\u00ednh: \u2205135<\/span><\/span><\/span><\/li>\n<\/ul>\n<p><span style=\"font-size: 130%; font-family: 'times new roman', times, serif;\">\ud83e\udd70M\u00e0u \u00e1nh s\u00e1ng: <\/span><\/p>\n<ul>\n<li><span style=\"font-size: 130%; font-family: 'times new roman', times, serif;\">T\u1eeb 5W \u0111\u1ebfn 15W: Tr\u1eafng<\/span><\/li>\n<li><span style=\"font-size: 130%; font-family: 'times new roman', times, serif;\">T\u1eeb 20W \u0111\u1ebfn 60W: Tr\u1eafng, V\u00e0ng.<\/span><\/li>\n<\/ul>\n<p><span style=\"font-size: 130%; font-family: 'times new roman', times, serif;\">\ud83e\udd70Ch\u1ec9 s\u1ed1 ho\u00e0n m\u00e0u (CRI): &gt;75<\/span><\/p>\n<p><span style=\"font-size: 130%; font-family: 'times new roman', times, serif;\"><span style=\"color: #000000;\"><span style=\"color: #0000ff;\">\ud83e\udd70<\/span><\/span>B\u1ea3o h\u00e0nh 24 th\u00e1ng<\/span><\/p>\n<p><span style=\"font-size: 130%; font-family: 'times new roman', times, serif;\"><span style=\"color: #000000;\"><span style=\"color: #0000ff;\">\ud83e\udd70<\/span><\/span><em><span style=\"color: #000000;\"><span style=\"color: #0000ff;\">\u00a0V\u1eadn chuy\u1ec3n n\u1ed9i th\u00e0nh \u0110\u00e0 N\u1eb5ng<\/span><\/span><\/em><\/span><\/p>\n<p><span style=\"color: #0000ff; font-size: 130%; font-family: 'times new roman', times, serif;\"><em>Ph\u00ed v\u1eadn chuy\u1ec3n ph\u1ee5 thu\u1ed9c v\u00e0o t\u1eebng v\u1ecb tr\u00ed<\/em><\/span><\/p>\n","protected":false},"featured_media":7349,"comment_status":"closed","ping_status":"closed","template":"","meta":[],"product_cat":[401],"product_tag":[],"class_list":{"0":"post-6399","1":"product","2":"type-product","3":"status-publish","4":"has-post-thumbnail","6":"product_cat-dien","8":"first","9":"instock","10":"sale","11":"shipping-taxable","12":"purchasable","13":"product-type-simple"},"yoast_head":"<!-- This site is optimized with the Yoast SEO Premium plugin v22.3 (Yoast SEO v22.8) - https:\/\/yoast.com\/wordpress\/plugins\/seo\/ -->\n<title>\u0110\u00e8n Led Bulb nh\u00f4m b\u1ecdc nh\u1ef1a - V\u1eadt Li\u1ec7u X\u00e2y D\u1ef1ng Tr\u1ea7n Th\u1ecb Chi Nh\u00e1nh Qu\u1ea3ng Nam<\/title>\n<meta name=\"robots\" content=\"index, follow, max-snippet:-1, max-image-preview:large, max-video-preview:-1\" \/>\n<link rel=\"canonical\" href=\"https:\/\/tranthi.vn\/quangnam\/den-bud-led-tru-cao-cap-5-60w-30w-v\/\" \/>\n<meta property=\"og:locale\" content=\"vi_VN\" \/>\n<meta property=\"og:type\" content=\"article\" \/>\n<meta property=\"og:title\" content=\"\u0110\u00e8n Led Bulb nh\u00f4m b\u1ecdc nh\u1ef1a\" \/>\n<meta property=\"og:description\" content=\"\ud83e\udd70Th\u00f4ng tin k\u1ef9 thu\u1eadt:   Th\u00e2n b\u1eb1ng nh\u1ef1a ABS ch\u1ecbu nhi\u1ec7t t\u1ed1t, n\u1eafp ch\u1ee5p b\u1eb1ng nh\u1ef1a PC gi\u00fap t\u1ea3n \u0111\u1ec1u \u00e1nh s\u00e1ng.  B\u1ea7u tr\u00e1ng b\u1eb1ng nh\u00f4m gi\u00fap tho\u00e1t nhi\u1ec7t, nh\u1eb1m t\u0103ng tu\u1ed5i th\u1ecd ho\u1ea1t \u0111\u1ed9ng c\u1ee7a Chip Led.  S\u1eed d\u1ee5ng Chip Led SMD ti\u00ean ti\u1ebfn.  Ngu\u1ed3n DOB c\u00f4ng ngh\u1ec7 m\u1edbi.  \ud83e\udd70\u0110\u01a1n v\u1ecb t\u00ednh: C\u00e1i  \ud83e\udd70\u0110\u01a1n gi\u00e1:\u00a0   5W: 49.000\u0111, Th\u00f4ng quang (Im): &gt;400, \u0110\u01b0\u1eddng k\u00ednh: \u220560  10W: 53.000\u0111, Th\u00f4ng quang (Im): &gt;900, \u0110\u01b0\u1eddng k\u00ednh: \u220570  15W: 58.000\u0111, Th\u00f4ng quang (Im): &gt;1400, \u0110\u01b0\u1eddng k\u00ednh: \u220575  20W: 64.000\u0111, Th\u00f4ng quang (Im): &gt;1900, \u0110\u01b0\u1eddng k\u00ednh: \u220580  30W: 78.000\u0111, Th\u00f4ng quang (Im): &gt;2900, \u0110\u01b0\u1eddng k\u00ednh: \u2205100  40W: 97.000\u0111, Th\u00f4ng quang (Im): &gt;3900, \u0110\u01b0\u1eddng k\u00ednh: \u2205120  50W: 117.000\u0111, Th\u00f4ng quang (Im): &gt;4500, \u0110\u01b0\u1eddng k\u00ednh: \u2205125  60W: 135.000\u0111, Th\u00f4ng quang (Im): &gt;5400, \u0110\u01b0\u1eddng k\u00ednh: \u2205135  \ud83e\udd70M\u00e0u \u00e1nh s\u00e1ng:    T\u1eeb 5W \u0111\u1ebfn 15W: Tr\u1eafng  T\u1eeb 20W \u0111\u1ebfn 60W: Tr\u1eafng, V\u00e0ng.  \ud83e\udd70Ch\u1ec9 s\u1ed1 ho\u00e0n m\u00e0u (CRI): &gt;75  \ud83e\udd70B\u1ea3o h\u00e0nh 24 th\u00e1ng  \ud83e\udd70\u00a0V\u1eadn chuy\u1ec3n n\u1ed9i th\u00e0nh \u0110\u00e0 N\u1eb5ng  Ph\u00ed v\u1eadn chuy\u1ec3n ph\u1ee5 thu\u1ed9c v\u00e0o t\u1eebng v\u1ecb tr\u00ed\" \/>\n<meta property=\"og:url\" content=\"https:\/\/tranthi.vn\/quangnam\/den-bud-led-tru-cao-cap-5-60w-30w-v\/\" \/>\n<meta property=\"og:site_name\" content=\"V\u1eadt Li\u1ec7u X\u00e2y D\u1ef1ng Tr\u1ea7n Th\u1ecb Chi Nh\u00e1nh Qu\u1ea3ng Nam\" \/>\n<meta property=\"article:modified_time\" content=\"2024-06-07T04:13:09+00:00\" \/>\n<meta property=\"og:image\" content=\"https:\/\/tranthi.vn\/quangnam\/wp-content\/uploads\/2023\/11\/den-led-gia-re-da-nang.jpg\" \/>\n\t<meta property=\"og:image:width\" content=\"284\" \/>\n\t<meta property=\"og:image:height\" content=\"330\" \/>\n\t<meta property=\"og:image:type\" content=\"image\/jpeg\" \/>\n<meta name=\"twitter:card\" content=\"summary_large_image\" \/>\n<meta name=\"twitter:label1\" content=\"Gi\u00e1\" \/>\n\t<meta name=\"twitter:data1\" content=\"49,000&nbsp;&#8363;\" \/>\n\t<meta name=\"twitter:label2\" content=\"Kh\u1ea3 d\u1ee5ng\" \/>\n\t<meta name=\"twitter:data2\" content=\"Trong kho\" \/>\n<script type=\"application\/ld+json\" class=\"yoast-schema-graph\">{\"@context\":\"https:\/\/schema.org\",\"@graph\":[{\"@type\":[\"WebPage\",\"ItemPage\"],\"@id\":\"https:\/\/tranthi.vn\/quangnam\/den-bud-led-tru-cao-cap-5-60w-30w-v\/\",\"url\":\"https:\/\/tranthi.vn\/quangnam\/den-bud-led-tru-cao-cap-5-60w-30w-v\/\",\"name\":\"\u0110\u00e8n Led Bulb nh\u00f4m b\u1ecdc nh\u1ef1a - V\u1eadt Li\u1ec7u X\u00e2y D\u1ef1ng Tr\u1ea7n Th\u1ecb Chi Nh\u00e1nh Qu\u1ea3ng Nam\",\"isPartOf\":{\"@id\":\"https:\/\/tranthi.vn\/quangnam\/#website\"},\"primaryImageOfPage\":{\"@id\":\"https:\/\/tranthi.vn\/quangnam\/den-bud-led-tru-cao-cap-5-60w-30w-v\/#primaryimage\"},\"image\":{\"@id\":\"https:\/\/tranthi.vn\/quangnam\/den-bud-led-tru-cao-cap-5-60w-30w-v\/#primaryimage\"},\"thumbnailUrl\":\"https:\/\/tranthi.vn\/quangnam\/wp-content\/uploads\/2023\/11\/den-led-gia-re-da-nang.jpg\",\"datePublished\":\"2023-11-14T02:37:56+00:00\",\"dateModified\":\"2024-06-07T04:13:09+00:00\",\"breadcrumb\":{\"@id\":\"https:\/\/tranthi.vn\/quangnam\/den-bud-led-tru-cao-cap-5-60w-30w-v\/#breadcrumb\"},\"inLanguage\":\"vi\",\"potentialAction\":[{\"@type\":\"ReadAction\",\"target\":[\"https:\/\/tranthi.vn\/quangnam\/den-bud-led-tru-cao-cap-5-60w-30w-v\/\"]}]},{\"@type\":\"ImageObject\",\"inLanguage\":\"vi\",\"@id\":\"https:\/\/tranthi.vn\/quangnam\/den-bud-led-tru-cao-cap-5-60w-30w-v\/#primaryimage\",\"url\":\"https:\/\/tranthi.vn\/quangnam\/wp-content\/uploads\/2023\/11\/den-led-gia-re-da-nang.jpg\",\"contentUrl\":\"https:\/\/tranthi.vn\/quangnam\/wp-content\/uploads\/2023\/11\/den-led-gia-re-da-nang.jpg\",\"width\":284,\"height\":330},{\"@type\":\"BreadcrumbList\",\"@id\":\"https:\/\/tranthi.vn\/quangnam\/den-bud-led-tru-cao-cap-5-60w-30w-v\/#breadcrumb\",\"itemListElement\":[{\"@type\":\"ListItem\",\"position\":1,\"name\":\"Trang ch\u1ee7\",\"item\":\"https:\/\/tranthi.vn\/quangnam\/\"},{\"@type\":\"ListItem\",\"position\":2,\"name\":\"Shop\",\"item\":\"https:\/\/tranthi.vn\/quangnam\/shop\/\"},{\"@type\":\"ListItem\",\"position\":3,\"name\":\"\u0110\u00e8n Led Bulb nh\u00f4m b\u1ecdc nh\u1ef1a\"}]},{\"@type\":\"WebSite\",\"@id\":\"https:\/\/tranthi.vn\/quangnam\/#website\",\"url\":\"https:\/\/tranthi.vn\/quangnam\/\",\"name\":\"V\u1eadt Li\u1ec7u X\u00e2y D\u1ef1ng Tr\u1ea7n Th\u1ecb Chi Nh\u00e1nh Qu\u1ea3ng Nam\",\"description\":\"V\u1eadt Li\u1ec7u X\u00e2y D\u1ef1ng - Qu\u1ea3ng Nam\",\"potentialAction\":[{\"@type\":\"SearchAction\",\"target\":{\"@type\":\"EntryPoint\",\"urlTemplate\":\"https:\/\/tranthi.vn\/quangnam\/?s={search_term_string}\"},\"query-input\":\"required name=search_term_string\"}],\"inLanguage\":\"vi\"},{\"@type\":\"ImageObject\",\"inLanguage\":\"vi\",\"@id\":\"https:\/\/tranthi.vn\/quangnam\/den-bud-led-tru-cao-cap-5-60w-30w-v\/#local-main-organization-logo\",\"url\":\"\",\"contentUrl\":\"\",\"caption\":\"V\u1eadt Li\u1ec7u X\u00e2y D\u1ef1ng Tr\u1ea7n Th\u1ecb Chi Nh\u00e1nh Qu\u1ea3ng Nam\"}]}<\/script>\n<meta property=\"product:price:amount\" content=\"49000\" \/>\n<meta property=\"product:price:currency\" content=\"VND\" \/>\n<meta property=\"og:availability\" content=\"instock\" \/>\n<meta property=\"product:availability\" content=\"instock\" \/>\n<meta property=\"product:condition\" content=\"new\" \/>\n<!-- \/ Yoast SEO Premium plugin. -->","yoast_head_json":{"title":"\u0110\u00e8n Led Bulb nh\u00f4m b\u1ecdc nh\u1ef1a - V\u1eadt Li\u1ec7u X\u00e2y D\u1ef1ng Tr\u1ea7n Th\u1ecb Chi Nh\u00e1nh Qu\u1ea3ng Nam","robots":{"index":"index","follow":"follow","max-snippet":"max-snippet:-1","max-image-preview":"max-image-preview:large","max-video-preview":"max-video-preview:-1"},"canonical":"https:\/\/tranthi.vn\/quangnam\/den-bud-led-tru-cao-cap-5-60w-30w-v\/","og_locale":"vi_VN","og_type":"article","og_title":"\u0110\u00e8n Led Bulb nh\u00f4m b\u1ecdc nh\u1ef1a","og_description":"\ud83e\udd70Th\u00f4ng tin k\u1ef9 thu\u1eadt:   Th\u00e2n b\u1eb1ng nh\u1ef1a ABS ch\u1ecbu nhi\u1ec7t t\u1ed1t, n\u1eafp ch\u1ee5p b\u1eb1ng nh\u1ef1a PC gi\u00fap t\u1ea3n \u0111\u1ec1u \u00e1nh s\u00e1ng.  B\u1ea7u tr\u00e1ng b\u1eb1ng nh\u00f4m gi\u00fap tho\u00e1t nhi\u1ec7t, nh\u1eb1m t\u0103ng tu\u1ed5i th\u1ecd ho\u1ea1t \u0111\u1ed9ng c\u1ee7a Chip Led.  S\u1eed d\u1ee5ng Chip Led SMD ti\u00ean ti\u1ebfn.  Ngu\u1ed3n DOB c\u00f4ng ngh\u1ec7 m\u1edbi.  \ud83e\udd70\u0110\u01a1n v\u1ecb t\u00ednh: C\u00e1i  \ud83e\udd70\u0110\u01a1n gi\u00e1:\u00a0   5W: 49.000\u0111, Th\u00f4ng quang (Im): &gt;400, \u0110\u01b0\u1eddng k\u00ednh: \u220560  10W: 53.000\u0111, Th\u00f4ng quang (Im): &gt;900, \u0110\u01b0\u1eddng k\u00ednh: \u220570  15W: 58.000\u0111, Th\u00f4ng quang (Im): &gt;1400, \u0110\u01b0\u1eddng k\u00ednh: \u220575  20W: 64.000\u0111, Th\u00f4ng quang (Im): &gt;1900, \u0110\u01b0\u1eddng k\u00ednh: \u220580  30W: 78.000\u0111, Th\u00f4ng quang (Im): &gt;2900, \u0110\u01b0\u1eddng k\u00ednh: \u2205100  40W: 97.000\u0111, Th\u00f4ng quang (Im): &gt;3900, \u0110\u01b0\u1eddng k\u00ednh: \u2205120  50W: 117.000\u0111, Th\u00f4ng quang (Im): &gt;4500, \u0110\u01b0\u1eddng k\u00ednh: \u2205125  60W: 135.000\u0111, Th\u00f4ng quang (Im): &gt;5400, \u0110\u01b0\u1eddng k\u00ednh: \u2205135  \ud83e\udd70M\u00e0u \u00e1nh s\u00e1ng:    T\u1eeb 5W \u0111\u1ebfn 15W: Tr\u1eafng  T\u1eeb 20W \u0111\u1ebfn 60W: Tr\u1eafng, V\u00e0ng.  \ud83e\udd70Ch\u1ec9 s\u1ed1 ho\u00e0n m\u00e0u (CRI): &gt;75  \ud83e\udd70B\u1ea3o h\u00e0nh 24 th\u00e1ng  \ud83e\udd70\u00a0V\u1eadn chuy\u1ec3n n\u1ed9i th\u00e0nh \u0110\u00e0 N\u1eb5ng  Ph\u00ed v\u1eadn chuy\u1ec3n ph\u1ee5 thu\u1ed9c v\u00e0o t\u1eebng v\u1ecb tr\u00ed","og_url":"https:\/\/tranthi.vn\/quangnam\/den-bud-led-tru-cao-cap-5-60w-30w-v\/","og_site_name":"V\u1eadt Li\u1ec7u X\u00e2y D\u1ef1ng Tr\u1ea7n Th\u1ecb Chi Nh\u00e1nh Qu\u1ea3ng Nam","article_modified_time":"2024-06-07T04:13:09+00:00","og_image":[{"width":284,"height":330,"url":"https:\/\/tranthi.vn\/quangnam\/wp-content\/uploads\/2023\/11\/den-led-gia-re-da-nang.jpg","type":"image\/jpeg"}],"twitter_card":"summary_large_image","twitter_misc":{"Gi\u00e1":"49,000&nbsp;&#8363;","Kh\u1ea3 d\u1ee5ng":"Trong kho"},"schema":{"@context":"https:\/\/schema.org","@graph":[{"@type":["WebPage","ItemPage"],"@id":"https:\/\/tranthi.vn\/quangnam\/den-bud-led-tru-cao-cap-5-60w-30w-v\/","url":"https:\/\/tranthi.vn\/quangnam\/den-bud-led-tru-cao-cap-5-60w-30w-v\/","name":"\u0110\u00e8n Led Bulb nh\u00f4m b\u1ecdc nh\u1ef1a - V\u1eadt Li\u1ec7u X\u00e2y D\u1ef1ng Tr\u1ea7n Th\u1ecb Chi Nh\u00e1nh Qu\u1ea3ng Nam","isPartOf":{"@id":"https:\/\/tranthi.vn\/quangnam\/#website"},"primaryImageOfPage":{"@id":"https:\/\/tranthi.vn\/quangnam\/den-bud-led-tru-cao-cap-5-60w-30w-v\/#primaryimage"},"image":{"@id":"https:\/\/tranthi.vn\/quangnam\/den-bud-led-tru-cao-cap-5-60w-30w-v\/#primaryimage"},"thumbnailUrl":"https:\/\/tranthi.vn\/quangnam\/wp-content\/uploads\/2023\/11\/den-led-gia-re-da-nang.jpg","datePublished":"2023-11-14T02:37:56+00:00","dateModified":"2024-06-07T04:13:09+00:00","breadcrumb":{"@id":"https:\/\/tranthi.vn\/quangnam\/den-bud-led-tru-cao-cap-5-60w-30w-v\/#breadcrumb"},"inLanguage":"vi","potentialAction":[{"@type":"ReadAction","target":["https:\/\/tranthi.vn\/quangnam\/den-bud-led-tru-cao-cap-5-60w-30w-v\/"]}]},{"@type":"ImageObject","inLanguage":"vi","@id":"https:\/\/tranthi.vn\/quangnam\/den-bud-led-tru-cao-cap-5-60w-30w-v\/#primaryimage","url":"https:\/\/tranthi.vn\/quangnam\/wp-content\/uploads\/2023\/11\/den-led-gia-re-da-nang.jpg","contentUrl":"https:\/\/tranthi.vn\/quangnam\/wp-content\/uploads\/2023\/11\/den-led-gia-re-da-nang.jpg","width":284,"height":330},{"@type":"BreadcrumbList","@id":"https:\/\/tranthi.vn\/quangnam\/den-bud-led-tru-cao-cap-5-60w-30w-v\/#breadcrumb","itemListElement":[{"@type":"ListItem","position":1,"name":"Trang ch\u1ee7","item":"https:\/\/tranthi.vn\/quangnam\/"},{"@type":"ListItem","position":2,"name":"Shop","item":"https:\/\/tranthi.vn\/quangnam\/shop\/"},{"@type":"ListItem","position":3,"name":"\u0110\u00e8n Led Bulb nh\u00f4m b\u1ecdc nh\u1ef1a"}]},{"@type":"WebSite","@id":"https:\/\/tranthi.vn\/quangnam\/#website","url":"https:\/\/tranthi.vn\/quangnam\/","name":"V\u1eadt Li\u1ec7u X\u00e2y D\u1ef1ng Tr\u1ea7n Th\u1ecb Chi Nh\u00e1nh Qu\u1ea3ng Nam","description":"V\u1eadt Li\u1ec7u X\u00e2y D\u1ef1ng - Qu\u1ea3ng Nam","potentialAction":[{"@type":"SearchAction","target":{"@type":"EntryPoint","urlTemplate":"https:\/\/tranthi.vn\/quangnam\/?s={search_term_string}"},"query-input":"required name=search_term_string"}],"inLanguage":"vi"},{"@type":"ImageObject","inLanguage":"vi","@id":"https:\/\/tranthi.vn\/quangnam\/den-bud-led-tru-cao-cap-5-60w-30w-v\/#local-main-organization-logo","url":"","contentUrl":"","caption":"V\u1eadt Li\u1ec7u X\u00e2y D\u1ef1ng Tr\u1ea7n Th\u1ecb Chi Nh\u00e1nh Qu\u1ea3ng Nam"}]},"product_price_amount":"49000","product_price_currency":"VND","og_availability":"instock","product_availability":"instock","product_condition":"new"},"_links":{"self":[{"href":"https:\/\/tranthi.vn\/quangnam\/wp-json\/wp\/v2\/product\/6399","targetHints":{"allow":["GET"]}}],"collection":[{"href":"https:\/\/tranthi.vn\/quangnam\/wp-json\/wp\/v2\/product"}],"about":[{"href":"https:\/\/tranthi.vn\/quangnam\/wp-json\/wp\/v2\/types\/product"}],"replies":[{"embeddable":true,"href":"https:\/\/tranthi.vn\/quangnam\/wp-json\/wp\/v2\/comments?post=6399"}],"wp:featuredmedia":[{"embeddable":true,"href":"https:\/\/tranthi.vn\/quangnam\/wp-json\/wp\/v2\/media\/7349"}],"wp:attachment":[{"href":"https:\/\/tranthi.vn\/quangnam\/wp-json\/wp\/v2\/media?parent=6399"}],"wp:term":[{"taxonomy":"product_cat","embeddable":true,"href":"https:\/\/tranthi.vn\/quangnam\/wp-json\/wp\/v2\/product_cat?post=6399"},{"taxonomy":"product_tag","embeddable":true,"href":"https:\/\/tranthi.vn\/quangnam\/wp-json\/wp\/v2\/product_tag?post=6399"}],"curies":[{"name":"wp","href":"https:\/\/api.w.org\/{rel}","templated":true}]}}