{"id":6305,"date":"2023-11-01T16:55:27","date_gmt":"2023-11-01T09:55:27","guid":{"rendered":"https:\/\/tranthi.vn\/quangnam\/?post_type=product&#038;p=6305"},"modified":"2024-11-14T14:45:14","modified_gmt":"2024-11-14T07:45:14","slug":"lot-kiem-goc-dau-1800-hoi-an-tam-ky-quang-nam","status":"publish","type":"product","link":"https:\/\/tranthi.vn\/quangnam\/lot-kiem-goc-dau-1800-hoi-an-tam-ky-quang-nam\/","title":{"rendered":"L\u00f3t ki\u1ec1m g\u1ed1c d\u1ea7u 1800 18L &#8211; H"},"content":{"rendered":"<h1 style=\"text-align: center;\"><span style=\"font-family: 'times new roman', times, serif; font-size: 140%;\">S\u01a1n Seamaster H\u1ed9i An-Tam K\u1ef3-Qu\u1ea3ng Nam<\/span><\/h1>\n<h1><strong><span style=\"font-family: 'times new roman', times, serif; font-size: 120%;\">S\u01a1n Seamaster &#8211; Gi\u1ea3i Ph\u00e1p S\u01a1n Cao C\u1ea5p Cho M\u1ecdi C\u00f4ng Tr\u00ecnh<\/span><\/strong><\/h1>\n<h3><span style=\"font-family: 'times new roman', times, serif; font-size: 120%;\">S\u01a1n Seamaster \u0111ang tr\u1edf th\u00e0nh m\u1ed9t trong nh\u1eefng l\u1ef1a ch\u1ecdn h\u00e0ng \u0111\u1ea7u t\u1ea1i<a href=\"https:\/\/vi.wikipedia.org\/wiki\/Qu%E1%BA%A3ng_Nam\"><strong><em> Qu\u1ea3ng Nam<\/em><\/strong><\/a>\u00a0khi n\u00f3i \u0111\u1ebfn vi\u1ec7c ho\u00e0n thi\u1ec7n v\u00e0 b\u1ea3o v\u1ec7 c\u00e1c c\u00f4ng tr\u00ecnh x\u00e2y d\u1ef1ng. \u0110\u01b0\u1ee3c bi\u1ebft \u0111\u1ebfn v\u1edbi ch\u1ea5t l\u01b0\u1ee3ng v\u01b0\u1ee3t tr\u1ed9i v\u00e0 t\u00ednh n\u0103ng \u01b0u vi\u1ec7t, s\u01a1n Seamaster mang l\u1ea1i gi\u1ea3i ph\u00e1p l\u00fd t\u01b0\u1edfng cho vi\u1ec7c s\u01a1n t\u01b0\u1eddng, s\u01a1n ngo\u1ea1i th\u1ea5t, v\u00e0 c\u00e1c b\u1ec1 m\u1eb7t kh\u00e1c.<\/span><\/h3>\n<figure id=\"attachment_7688\" aria-describedby=\"caption-attachment-7688\" style=\"width: 300px\" class=\"wp-caption aligncenter\"><img loading=\"lazy\" decoding=\"async\" class=\"size-full wp-image-7688\" src=\"https:\/\/tranthi.vn\/quangnam\/wp-content\/uploads\/2023\/11\/son-seamaster-tai-tam-ky-hoi-an-quang-nam-2.png\" alt=\"s\u01a1n seamaster t\u1ea1i tam k\u1ef3- h\u1ed9i an- qu\u1ea3ng nam\" width=\"300\" height=\"300\" srcset=\"https:\/\/tranthi.vn\/quangnam\/wp-content\/uploads\/2023\/11\/son-seamaster-tai-tam-ky-hoi-an-quang-nam-2.png 300w, https:\/\/tranthi.vn\/quangnam\/wp-content\/uploads\/2023\/11\/son-seamaster-tai-tam-ky-hoi-an-quang-nam-2-100x100.png 100w\" sizes=\"auto, (max-width: 300px) 100vw, 300px\" \/><figcaption id=\"caption-attachment-7688\" class=\"wp-caption-text\">s\u01a1n seamaster t\u1ea1i tam k\u1ef3- h\u1ed9i an- qu\u1ea3ng nam<\/figcaption><\/figure>\n<h1><strong><span style=\"font-family: 'times new roman', times, serif; font-size: 120%;\">1. Gi\u1edbi Thi\u1ec7u V\u1ec1 S\u01a1n Seamaster<\/span><\/strong><\/h1>\n<h3><span style=\"font-family: 'times new roman', times, serif; font-size: 120%;\">S\u01a1n Seamaster l\u00e0 s\u1ea3n ph\u1ea9m s\u01a1n cao c\u1ea5p \u0111\u01b0\u1ee3c s\u1ea3n xu\u1ea5t v\u1edbi c\u00f4ng ngh\u1ec7 ti\u00ean ti\u1ebfn, n\u1ed5i b\u1eadt v\u1edbi kh\u1ea3 n\u0103ng ch\u1ed1ng th\u1ea5m, ch\u1ed1ng b\u00e1m b\u1ea9n v\u00e0 b\u1ec1n m\u00e0u l\u00e2u d\u00e0i. S\u01a1n Seamaster cung c\u1ea5p nhi\u1ec1u lo\u1ea1i s\u01a1n kh\u00e1c nhau nh\u01b0 s\u01a1n n\u1ed9i th\u1ea5t, s\u01a1n ngo\u1ea1i th\u1ea5t, v\u00e0 s\u01a1n ch\u1ed1ng r\u1ec9, \u0111\u00e1p \u1ee9ng nhu c\u1ea7u \u0111a d\u1ea1ng c\u1ee7a c\u00e1c c\u00f4ng tr\u00ecnh x\u00e2y d\u1ef1ng.<\/span><\/h3>\n<p style=\"text-align: center;\"><iframe loading=\"lazy\" src=\"\/\/www.youtube.com\/embed\/dD8HFojz_UQ\" width=\"560\" height=\"314\" allowfullscreen=\"allowfullscreen\"><\/iframe><\/p>\n<h1><strong><span style=\"font-family: 'times new roman', times, serif; font-size: 120%;\">2. L\u1ee3i \u00cdch C\u1ee7a S\u01a1n Seamaster\u00a0<\/span><\/strong><\/h1>\n<ul>\n<li>\n<h3><span style=\"font-family: 'times new roman', times, serif; font-size: 120%;\">Ch\u1ed1ng th\u1ea5m v\u00e0 b\u00e1m b\u1ea9n: S\u01a1n Seamaster n\u1ed5i b\u1eadt v\u1edbi kh\u1ea3 n\u0103ng ch\u1ed1ng th\u1ea5m n\u01b0\u1edbc v\u00e0 b\u00e1m b\u1ea9n t\u1ed1t, \u0111\u1eb7c bi\u1ec7t h\u1eefu \u00edch trong \u0111i\u1ec1u ki\u1ec7n kh\u00ed h\u1eadu nhi\u1ec7t \u0111\u1edbi v\u00e0 \u1ea9m \u01b0\u1edbt c\u1ee7a \u0110\u00e0 N\u1eb5ng. \u0110i\u1ec1u n\u00e0y gi\u00fap b\u1ea3o v\u1ec7 b\u1ec1 m\u1eb7t s\u01a1n kh\u1ecfi s\u1ef1 x\u00e2m nh\u1eadp c\u1ee7a n\u01b0\u1edbc v\u00e0 b\u1ee5i b\u1ea9n, duy tr\u00ec v\u1ebb \u0111\u1eb9p v\u00e0 \u0111\u1ed9 b\u1ec1n l\u00e2u d\u00e0i.<\/span><\/h3>\n<\/li>\n<li>\n<figure id=\"attachment_7690\" aria-describedby=\"caption-attachment-7690\" style=\"width: 300px\" class=\"wp-caption aligncenter\"><img loading=\"lazy\" decoding=\"async\" class=\"wp-image-7690 size-full\" src=\"https:\/\/tranthi.vn\/quangnam\/wp-content\/uploads\/2023\/11\/son-seamaster-tai-tam-ky-hoi-an-quang-nam.png\" alt=\"s\u01a1n seamaster t\u1ea1i tam k\u1ef3- h\u1ed9i an- qu\u1ea3ng nam\" width=\"300\" height=\"300\" srcset=\"https:\/\/tranthi.vn\/quangnam\/wp-content\/uploads\/2023\/11\/son-seamaster-tai-tam-ky-hoi-an-quang-nam.png 300w, https:\/\/tranthi.vn\/quangnam\/wp-content\/uploads\/2023\/11\/son-seamaster-tai-tam-ky-hoi-an-quang-nam-100x100.png 100w\" sizes=\"auto, (max-width: 300px) 100vw, 300px\" \/><figcaption id=\"caption-attachment-7690\" class=\"wp-caption-text\">s\u01a1n seamaster t\u1ea1i tam k\u1ef3- h\u1ed9i an- qu\u1ea3ng nam<\/figcaption><\/figure><\/li>\n<li>\n<h3><span style=\"font-family: 'times new roman', times, serif; font-size: 120%;\">\u0110\u1ed9 b\u1ec1n m\u00e0u cao: S\u01a1n Seamaster c\u00f3 kh\u1ea3 n\u0103ng gi\u1eef m\u00e0u s\u1eafc l\u00e2u d\u00e0i, kh\u00f4ng b\u1ecb phai m\u00e0u d\u00f9 ch\u1ecbu t\u00e1c \u0111\u1ed9ng c\u1ee7a \u00e1nh s\u00e1ng m\u1eb7t tr\u1eddi v\u00e0 th\u1eddi ti\u1ebft. S\u1ea3n ph\u1ea9m n\u00e0y gi\u00fap gi\u1eef cho c\u00f4ng tr\u00ecnh lu\u00f4n m\u1edbi m\u1ebb v\u00e0 h\u1ea5p d\u1eabn theo th\u1eddi gian.<\/span><\/h3>\n<\/li>\n<li>\n<h3><span style=\"font-family: 'times new roman', times, serif; font-size: 120%;\">D\u1ec5 thi c\u00f4ng v\u00e0 b\u1ea3o tr\u00ec: S\u01a1n Seamaster d\u1ec5 d\u00e0ng thi c\u00f4ng v\u1edbi \u0111\u1ed9 ph\u1ee7 cao v\u00e0 th\u1eddi gian kh\u00f4 nhanh, gi\u00fap ti\u1ebft ki\u1ec7m th\u1eddi gian v\u00e0 c\u00f4ng s\u1ee9c. B\u1ec1 m\u1eb7t s\u01a1n c\u0169ng d\u1ec5 d\u00e0ng v\u1ec7 sinh v\u00e0 b\u1ea3o tr\u00ec, gi\u1ea3m thi\u1ec3u chi ph\u00ed cho vi\u1ec7c b\u1ea3o d\u01b0\u1ee1ng.<\/span><\/h3>\n<\/li>\n<li>\n<h3><span style=\"font-family: 'times new roman', times, serif; font-size: 120%;\">\u0110\u1ea1t ti\u00eau chu\u1ea9n ch\u1ea5t l\u01b0\u1ee3ng qu\u1ed1c t\u1ebf: S\u01a1n Seamaster \u0111\u01b0\u1ee3c s\u1ea3n xu\u1ea5t theo ti\u00eau chu\u1ea9n ch\u1ea5t l\u01b0\u1ee3ng qu\u1ed1c t\u1ebf, \u0111\u1ea3m b\u1ea3o an to\u00e0n cho s\u1ee9c kh\u1ecfe ng\u01b0\u1eddi s\u1eed d\u1ee5ng v\u00e0 b\u1ea3o v\u1ec7 m\u00f4i tr\u01b0\u1eddng. S\u1ea3n ph\u1ea9m n\u00e0y kh\u00f4ng ch\u1ee9a c\u00e1c h\u00f3a ch\u1ea5t \u0111\u1ed9c h\u1ea1i v\u00e0 c\u00f3 \u0111\u1ed9 b\u1ec1n cao.<\/span><\/h3>\n<\/li>\n<\/ul>\n<p style=\"text-align: center;\"><iframe loading=\"lazy\" src=\"\/\/www.youtube.com\/embed\/LYE_jVc5-bA\" width=\"560\" height=\"314\" allowfullscreen=\"allowfullscreen\"><\/iframe><\/p>\n<h1><strong><span style=\"font-family: 'times new roman', times, serif; font-size: 120%;\">3. L\u00fd Do N\u00ean Ch\u1ecdn S\u01a1n Seamaster\u00a0<\/span><\/strong><\/h1>\n<ul>\n<li>\n<h3><span style=\"font-family: 'times new roman', times, serif; font-size: 120%;\">Ph\u00f9 h\u1ee3p v\u1edbi kh\u00ed h\u1eadu \u0111\u1ecba ph\u01b0\u01a1ng: V\u1edbi kh\u00ed h\u1eadu nhi\u1ec7t \u0111\u1edbi \u1ea9m c\u1ee7a <a href=\"https:\/\/vi.wikipedia.org\/wiki\/Qu%E1%BA%A3ng_Nam\"><strong><em>Qu\u1ea3ng Nam<\/em><\/strong><\/a>, s\u01a1n Seamaster v\u1edbi kh\u1ea3 n\u0103ng ch\u1ed1ng th\u1ea5m v\u00e0 b\u00e1m b\u1ea9n t\u1ed1t l\u00e0 s\u1ef1 l\u1ef1a ch\u1ecdn l\u00fd t\u01b0\u1edfng \u0111\u1ec3 b\u1ea3o v\u1ec7 c\u00f4ng tr\u00ecnh kh\u1ecfi t\u00e1c \u0111\u1ed9ng c\u1ee7a m\u00f4i tr\u01b0\u1eddng.<\/span><\/h3>\n<\/li>\n<li>\n<h3><span style=\"font-family: 'times new roman', times, serif; font-size: 120%;\">Th\u1ecb tr\u01b0\u1eddng \u0111a d\u1ea1ng: T\u1ea1i \u0111\u00e2y, b\u1ea1n c\u00f3 th\u1ec3 d\u1ec5 d\u00e0ng t\u00ecm th\u1ea5y c\u00e1c \u0111\u1ea1i l\u00fd v\u00e0 c\u1eeda h\u00e0ng cung c\u1ea5p s\u01a1n Seamaster v\u1edbi nhi\u1ec1u m\u1eabu m\u00e3 v\u00e0 gi\u00e1 c\u1ea3 kh\u00e1c nhau, gi\u00fap b\u1ea1n ch\u1ecdn l\u1ef1a s\u1ea3n ph\u1ea9m ph\u00f9 h\u1ee3p v\u1edbi nhu c\u1ea7u v\u00e0 ng\u00e2n s\u00e1ch c\u1ee7a m\u00ecnh.<\/span><\/h3>\n<\/li>\n<li>\n<h3><span style=\"font-family: 'times new roman', times, serif; font-size: 120%;\">D\u1ecbch v\u1ee5 h\u1ed7 tr\u1ee3 chuy\u00ean nghi\u1ec7p: C\u00e1c nh\u00e0 cung c\u1ea5p s\u01a1n Seamaster\u00a0th\u01b0\u1eddng cung c\u1ea5p d\u1ecbch v\u1ee5 t\u01b0 v\u1ea5n, thi c\u00f4ng v\u00e0 b\u1ea3o tr\u00ec chuy\u00ean nghi\u1ec7p, gi\u00fap b\u1ea1n y\u00ean t\u00e2m v\u1ec1 ch\u1ea5t l\u01b0\u1ee3ng v\u00e0 hi\u1ec7u qu\u1ea3 s\u1eed d\u1ee5ng s\u1ea3n ph\u1ea9m.<\/span><\/h3>\n<\/li>\n<\/ul>\n<h1><strong><span style=\"font-family: 'times new roman', times, serif; font-size: 120%;\">4. M\u1ed9t S\u1ed1 \u0110\u1ecba Ch\u1ec9 Uy T\u00edn\u00a0<\/span><\/strong><\/h1>\n<h3><span style=\"font-family: 'times new roman', times, serif; font-size: 120%;\">Khi t\u00ecm ki\u1ebfm s\u01a1n Seamaster t\u1ea1i <a href=\"https:\/\/vi.wikipedia.org\/wiki\/Qu%E1%BA%A3ng_Nam\"><strong>Qu\u1ea3ng Nam<\/strong><\/a>, b\u1ea1n c\u00f3 th\u1ec3 tham kh\u1ea3o c\u00e1c \u0111\u1ecba ch\u1ec9 uy t\u00edn nh\u01b0:<\/span><\/h3>\n<ul>\n<li>\n<h3><span style=\"font-family: 'times new roman', times, serif; font-size: 120%;\">C\u1eeda H\u00e0ng S\u01a1n Tinh T\u1ebf: Cung c\u1ea5p \u0111a d\u1ea1ng c\u00e1c lo\u1ea1i s\u01a1n Seamaster v\u1edbi ch\u1ea5t l\u01b0\u1ee3ng \u0111\u1ea3m b\u1ea3o v\u00e0 gi\u00e1 c\u1ea3 h\u1ee3p l\u00fd.<\/span><\/h3>\n<\/li>\n<li>\n<h3><span style=\"font-family: 'times new roman', times, serif; font-size: 120%;\">Showroom V\u1eadt Li\u1ec7u X\u00e2y D\u1ef1ng Minh Ph\u00e1t: C\u00f3 nhi\u1ec1u l\u1ef1a ch\u1ecdn s\u01a1n Seamaster v\u1edbi d\u1ecbch v\u1ee5 t\u01b0 v\u1ea5n v\u00e0 h\u1ed7 tr\u1ee3 t\u1eadn t\u00ecnh.<\/span><\/h3>\n<\/li>\n<li>\n<h3><span style=\"font-family: 'times new roman', times, serif; font-size: 120%;\">Si\u00eau Th\u1ecb V\u1eadt Li\u1ec7u X\u00e2y D\u1ef1ng H\u00f2a Ph\u00e1t: Cung c\u1ea5p s\u01a1n Seamaster v\u1edbi gi\u00e1 c\u1ea3 c\u1ea1nh tranh v\u00e0 d\u1ecbch v\u1ee5 giao h\u00e0ng nhanh ch\u00f3ng.<\/span><\/h3>\n<\/li>\n<\/ul>\n","protected":false},"excerpt":{"rendered":"<p><span style=\"font-size: 130%; font-family: 'times new roman', times, serif;\"><strong><span style=\"color: #000000;\">Acrylic wall sealer 1800 &#8211; Tr\u1eafng, M\u00e0u<\/span><\/strong><\/span><\/p>\n<p><span style=\"font-family: 'times new roman', times, serif; font-size: 130%; color: #000000;\"><img decoding=\"async\" class=\"emoji\" role=\"img\" draggable=\"false\" src=\"https:\/\/s.w.org\/images\/core\/emoji\/14.0.0\/svg\/1f61b.svg\" alt=\"\ud83d\ude1b\" \/> Ch\u1ed1ng th\u1ea5m n\u01b0\u1edbc<\/span><\/p>\n<p><span style=\"font-family: 'times new roman', times, serif; font-size: 130%; color: #000000;\"><img decoding=\"async\" class=\"emoji\" role=\"img\" draggable=\"false\" src=\"https:\/\/s.w.org\/images\/core\/emoji\/14.0.0\/svg\/1f61b.svg\" alt=\"\ud83d\ude1b\" \/> \u0110\u1ed9 k\u1ebft d\u00ednh cao<\/span><\/p>\n<p><span style=\"font-family: 'times new roman', times, serif; font-size: 130%; color: #000000;\"><img decoding=\"async\" class=\"emoji\" role=\"img\" draggable=\"false\" src=\"https:\/\/s.w.org\/images\/core\/emoji\/14.0.0\/svg\/1f61b.svg\" alt=\"\ud83d\ude1b\" \/> Ch\u1ed1ng \u1ed1 v\u00e0ng<\/span><\/p>\n<p><span style=\"font-family: 'times new roman', times, serif; font-size: 130%; color: #000000;\"><img decoding=\"async\" class=\"emoji\" role=\"img\" draggable=\"false\" src=\"https:\/\/s.w.org\/images\/core\/emoji\/14.0.0\/svg\/1f61b.svg\" alt=\"\ud83d\ude1b\" \/> \u0110\u01a1n gi\u00e1:<\/span><\/p>\n<ul>\n<li><span style=\"font-family: 'times new roman', times, serif; font-size: 130%; color: #000000;\">Th\u00f9ng 18L &#8211; Gi\u00e1 <strong><span style=\"color: #ff0000;\">3.505.000\u0111 <span style=\"color: #000000;\">&#8211; Tr\u1eafng, M\u00e0u<\/span><\/span><\/strong><\/span><\/li>\n<li><span style=\"font-family: 'times new roman', times, serif; font-size: 130%; color: #000000;\">Th\u00f9ng 5L &#8211; Gi\u00e1 <span style=\"color: #ff0000;\"><strong>1.193.000\u0111 <span style=\"color: #000000;\">&#8211; Tr\u1eafng, M\u00e0u<\/span><\/strong><\/span><\/span><\/li>\n<\/ul>\n<p><span style=\"color: #0000ff; font-size: 130%; font-family: 'times new roman', times, serif;\"><em>\u0110\u01a1n gi\u00e1 \u00e1p d\u1ee5ng khi mua tr\u00ean 3 s\u1ea3n ph\u1ea9m<\/em><\/span><\/p>\n<p><span style=\"color: #0000ff; font-size: 130%; font-family: 'times new roman', times, serif;\"><em>V\u1eadn chuy\u1ec3n n\u1ed9i th\u00e0nh <strong>H\u1ed9i An-Tam-K\u1ef3-<a href=\"https:\/\/vi.wikipedia.org\/wiki\/Qu%E1%BA%A3ng_Nam\">Qu\u1ea3ng Nam<\/a><\/strong><\/em><\/span><\/p>\n<p><span style=\"font-size: 130%; font-family: 'times new roman', times, serif;\"><em><span style=\"color: #0000ff;\">Ph\u00ed v\u1eadn chuy\u1ec3n tu\u1ef3 thu\u1ed9c v\u00e0o t\u1eebng v\u1ecb tr\u00ed<\/span><\/em><\/span><\/p>\n","protected":false},"featured_media":6306,"comment_status":"closed","ping_status":"closed","template":"","meta":[],"product_cat":[139,407,404],"product_tag":[474],"class_list":{"0":"post-6305","1":"product","2":"type-product","3":"status-publish","4":"has-post-thumbnail","6":"product_cat-son","7":"product_cat-son-lot","8":"product_cat-son-seamaster","9":"product_tag-gia-son-seamaster-o-da-nang","11":"first","12":"instock","13":"sale","14":"shipping-taxable","15":"purchasable","16":"product-type-simple"},"yoast_head":"<!-- This site is optimized with the Yoast SEO Premium plugin v22.3 (Yoast SEO v22.8) - https:\/\/yoast.com\/wordpress\/plugins\/seo\/ -->\n<title>S\u01a1n l\u00f3t ki\u1ec1m g\u1ed1c d\u1ea7u t\u1ea1i Qu\u1ea3ng Nam-0947.335.871<\/title>\n<meta name=\"description\" content=\"Tr\u1ea7n Th\u1ecb chuy\u00ean cung c\u1ea5p s\u01a1n seamaster ch\u00ednh h\u00e3ng, Acrylic wall sealer 1800 - Tr\u1eafng, Ch\u1ed1ng th\u1ea5m n\u01b0\u1edbc \u0110\u1ed9 k\u1ebft d\u00ednh cao Ch\u1ed1ng \u1ed1 v\u00e0ng t\u1ea1i Qu\u1ea3ng Nam\" \/>\n<meta name=\"robots\" content=\"index, follow, max-snippet:-1, max-image-preview:large, max-video-preview:-1\" \/>\n<link rel=\"canonical\" href=\"https:\/\/tranthi.vn\/quangnam\/lot-kiem-goc-dau-1800-hoi-an-tam-ky-quang-nam\/\" \/>\n<meta property=\"og:locale\" content=\"vi_VN\" \/>\n<meta property=\"og:type\" content=\"article\" \/>\n<meta property=\"og:title\" content=\"L\u00f3t ki\u1ec1m g\u1ed1c d\u1ea7u 1800 18L - H\" \/>\n<meta property=\"og:description\" content=\"Tr\u1ea7n Th\u1ecb chuy\u00ean cung c\u1ea5p s\u01a1n seamaster ch\u00ednh h\u00e3ng, Acrylic wall sealer 1800 - Tr\u1eafng, Ch\u1ed1ng th\u1ea5m n\u01b0\u1edbc \u0110\u1ed9 k\u1ebft d\u00ednh cao Ch\u1ed1ng \u1ed1 v\u00e0ng t\u1ea1i Qu\u1ea3ng Nam\" \/>\n<meta property=\"og:url\" content=\"https:\/\/tranthi.vn\/quangnam\/lot-kiem-goc-dau-1800-hoi-an-tam-ky-quang-nam\/\" \/>\n<meta property=\"og:site_name\" content=\"V\u1eadt Li\u1ec7u X\u00e2y D\u1ef1ng Tr\u1ea7n Th\u1ecb Chi Nh\u00e1nh Qu\u1ea3ng Nam\" \/>\n<meta property=\"article:modified_time\" content=\"2024-11-14T07:45:14+00:00\" \/>\n<meta property=\"og:image\" content=\"https:\/\/tranthi.vn\/quangnam\/wp-content\/uploads\/2023\/11\/Acrylic-wall-sealer-1800-da-nang.jpg\" \/>\n\t<meta property=\"og:image:width\" content=\"150\" \/>\n\t<meta property=\"og:image:height\" content=\"150\" \/>\n\t<meta property=\"og:image:type\" content=\"image\/jpeg\" \/>\n<meta name=\"twitter:card\" content=\"summary_large_image\" \/>\n<meta name=\"twitter:label1\" content=\"Gi\u00e1\" \/>\n\t<meta name=\"twitter:data1\" content=\"3,505,000&nbsp;&#8363;\" \/>\n\t<meta name=\"twitter:label2\" content=\"Kh\u1ea3 d\u1ee5ng\" \/>\n\t<meta name=\"twitter:data2\" content=\"Trong kho\" \/>\n<script type=\"application\/ld+json\" class=\"yoast-schema-graph\">{\"@context\":\"https:\/\/schema.org\",\"@graph\":[{\"@type\":[\"WebPage\",\"ItemPage\"],\"@id\":\"https:\/\/tranthi.vn\/quangnam\/lot-kiem-goc-dau-1800-hoi-an-tam-ky-quang-nam\/\",\"url\":\"https:\/\/tranthi.vn\/quangnam\/lot-kiem-goc-dau-1800-hoi-an-tam-ky-quang-nam\/\",\"name\":\"S\u01a1n l\u00f3t ki\u1ec1m g\u1ed1c d\u1ea7u t\u1ea1i Qu\u1ea3ng Nam-0947.335.871\",\"isPartOf\":{\"@id\":\"https:\/\/tranthi.vn\/quangnam\/#website\"},\"primaryImageOfPage\":{\"@id\":\"https:\/\/tranthi.vn\/quangnam\/lot-kiem-goc-dau-1800-hoi-an-tam-ky-quang-nam\/#primaryimage\"},\"image\":{\"@id\":\"https:\/\/tranthi.vn\/quangnam\/lot-kiem-goc-dau-1800-hoi-an-tam-ky-quang-nam\/#primaryimage\"},\"thumbnailUrl\":\"https:\/\/tranthi.vn\/quangnam\/wp-content\/uploads\/2023\/11\/Acrylic-wall-sealer-1800-da-nang.jpg\",\"datePublished\":\"2023-11-01T09:55:27+00:00\",\"dateModified\":\"2024-11-14T07:45:14+00:00\",\"description\":\"Tr\u1ea7n Th\u1ecb chuy\u00ean cung c\u1ea5p s\u01a1n seamaster ch\u00ednh h\u00e3ng, Acrylic wall sealer 1800 - Tr\u1eafng, Ch\u1ed1ng th\u1ea5m n\u01b0\u1edbc \u0110\u1ed9 k\u1ebft d\u00ednh cao Ch\u1ed1ng \u1ed1 v\u00e0ng t\u1ea1i Qu\u1ea3ng Nam\",\"breadcrumb\":{\"@id\":\"https:\/\/tranthi.vn\/quangnam\/lot-kiem-goc-dau-1800-hoi-an-tam-ky-quang-nam\/#breadcrumb\"},\"inLanguage\":\"vi\",\"potentialAction\":[{\"@type\":\"ReadAction\",\"target\":[\"https:\/\/tranthi.vn\/quangnam\/lot-kiem-goc-dau-1800-hoi-an-tam-ky-quang-nam\/\"]}]},{\"@type\":\"ImageObject\",\"inLanguage\":\"vi\",\"@id\":\"https:\/\/tranthi.vn\/quangnam\/lot-kiem-goc-dau-1800-hoi-an-tam-ky-quang-nam\/#primaryimage\",\"url\":\"https:\/\/tranthi.vn\/quangnam\/wp-content\/uploads\/2023\/11\/Acrylic-wall-sealer-1800-da-nang.jpg\",\"contentUrl\":\"https:\/\/tranthi.vn\/quangnam\/wp-content\/uploads\/2023\/11\/Acrylic-wall-sealer-1800-da-nang.jpg\",\"width\":150,\"height\":150,\"caption\":\"Acrylic-wall-sealer-1800-da-nang.jpg\"},{\"@type\":\"BreadcrumbList\",\"@id\":\"https:\/\/tranthi.vn\/quangnam\/lot-kiem-goc-dau-1800-hoi-an-tam-ky-quang-nam\/#breadcrumb\",\"itemListElement\":[{\"@type\":\"ListItem\",\"position\":1,\"name\":\"Trang ch\u1ee7\",\"item\":\"https:\/\/tranthi.vn\/quangnam\/\"},{\"@type\":\"ListItem\",\"position\":2,\"name\":\"Shop\",\"item\":\"https:\/\/tranthi.vn\/quangnam\/shop\/\"},{\"@type\":\"ListItem\",\"position\":3,\"name\":\"L\u00f3t ki\u1ec1m g\u1ed1c d\u1ea7u 1800 18L &#8211; H\"}]},{\"@type\":\"WebSite\",\"@id\":\"https:\/\/tranthi.vn\/quangnam\/#website\",\"url\":\"https:\/\/tranthi.vn\/quangnam\/\",\"name\":\"V\u1eadt Li\u1ec7u X\u00e2y D\u1ef1ng Tr\u1ea7n Th\u1ecb Chi Nh\u00e1nh Qu\u1ea3ng Nam\",\"description\":\"V\u1eadt Li\u1ec7u X\u00e2y D\u1ef1ng - Qu\u1ea3ng Nam\",\"potentialAction\":[{\"@type\":\"SearchAction\",\"target\":{\"@type\":\"EntryPoint\",\"urlTemplate\":\"https:\/\/tranthi.vn\/quangnam\/?s={search_term_string}\"},\"query-input\":\"required name=search_term_string\"}],\"inLanguage\":\"vi\"},{\"@type\":\"ImageObject\",\"inLanguage\":\"vi\",\"@id\":\"https:\/\/tranthi.vn\/quangnam\/lot-kiem-goc-dau-1800-hoi-an-tam-ky-quang-nam\/#local-main-organization-logo\",\"url\":\"\",\"contentUrl\":\"\",\"caption\":\"V\u1eadt Li\u1ec7u X\u00e2y D\u1ef1ng Tr\u1ea7n Th\u1ecb Chi Nh\u00e1nh Qu\u1ea3ng Nam\"}]}<\/script>\n<meta property=\"product:price:amount\" content=\"3505000\" \/>\n<meta property=\"product:price:currency\" content=\"VND\" \/>\n<meta property=\"og:availability\" content=\"instock\" \/>\n<meta property=\"product:availability\" content=\"instock\" \/>\n<meta property=\"product:condition\" content=\"new\" \/>\n<!-- \/ Yoast SEO Premium plugin. -->","yoast_head_json":{"title":"S\u01a1n l\u00f3t ki\u1ec1m g\u1ed1c d\u1ea7u t\u1ea1i Qu\u1ea3ng Nam-0947.335.871","description":"Tr\u1ea7n Th\u1ecb chuy\u00ean cung c\u1ea5p s\u01a1n seamaster ch\u00ednh h\u00e3ng, Acrylic wall sealer 1800 - Tr\u1eafng, Ch\u1ed1ng th\u1ea5m n\u01b0\u1edbc \u0110\u1ed9 k\u1ebft d\u00ednh cao Ch\u1ed1ng \u1ed1 v\u00e0ng t\u1ea1i Qu\u1ea3ng Nam","robots":{"index":"index","follow":"follow","max-snippet":"max-snippet:-1","max-image-preview":"max-image-preview:large","max-video-preview":"max-video-preview:-1"},"canonical":"https:\/\/tranthi.vn\/quangnam\/lot-kiem-goc-dau-1800-hoi-an-tam-ky-quang-nam\/","og_locale":"vi_VN","og_type":"article","og_title":"L\u00f3t ki\u1ec1m g\u1ed1c d\u1ea7u 1800 18L - H","og_description":"Tr\u1ea7n Th\u1ecb chuy\u00ean cung c\u1ea5p s\u01a1n seamaster ch\u00ednh h\u00e3ng, Acrylic wall sealer 1800 - Tr\u1eafng, Ch\u1ed1ng th\u1ea5m n\u01b0\u1edbc \u0110\u1ed9 k\u1ebft d\u00ednh cao Ch\u1ed1ng \u1ed1 v\u00e0ng t\u1ea1i Qu\u1ea3ng Nam","og_url":"https:\/\/tranthi.vn\/quangnam\/lot-kiem-goc-dau-1800-hoi-an-tam-ky-quang-nam\/","og_site_name":"V\u1eadt Li\u1ec7u X\u00e2y D\u1ef1ng Tr\u1ea7n Th\u1ecb Chi Nh\u00e1nh Qu\u1ea3ng Nam","article_modified_time":"2024-11-14T07:45:14+00:00","og_image":[{"width":150,"height":150,"url":"https:\/\/tranthi.vn\/quangnam\/wp-content\/uploads\/2023\/11\/Acrylic-wall-sealer-1800-da-nang.jpg","type":"image\/jpeg"}],"twitter_card":"summary_large_image","twitter_misc":{"Gi\u00e1":"3,505,000&nbsp;&#8363;","Kh\u1ea3 d\u1ee5ng":"Trong kho"},"schema":{"@context":"https:\/\/schema.org","@graph":[{"@type":["WebPage","ItemPage"],"@id":"https:\/\/tranthi.vn\/quangnam\/lot-kiem-goc-dau-1800-hoi-an-tam-ky-quang-nam\/","url":"https:\/\/tranthi.vn\/quangnam\/lot-kiem-goc-dau-1800-hoi-an-tam-ky-quang-nam\/","name":"S\u01a1n l\u00f3t ki\u1ec1m g\u1ed1c d\u1ea7u t\u1ea1i Qu\u1ea3ng Nam-0947.335.871","isPartOf":{"@id":"https:\/\/tranthi.vn\/quangnam\/#website"},"primaryImageOfPage":{"@id":"https:\/\/tranthi.vn\/quangnam\/lot-kiem-goc-dau-1800-hoi-an-tam-ky-quang-nam\/#primaryimage"},"image":{"@id":"https:\/\/tranthi.vn\/quangnam\/lot-kiem-goc-dau-1800-hoi-an-tam-ky-quang-nam\/#primaryimage"},"thumbnailUrl":"https:\/\/tranthi.vn\/quangnam\/wp-content\/uploads\/2023\/11\/Acrylic-wall-sealer-1800-da-nang.jpg","datePublished":"2023-11-01T09:55:27+00:00","dateModified":"2024-11-14T07:45:14+00:00","description":"Tr\u1ea7n Th\u1ecb chuy\u00ean cung c\u1ea5p s\u01a1n seamaster ch\u00ednh h\u00e3ng, Acrylic wall sealer 1800 - Tr\u1eafng, Ch\u1ed1ng th\u1ea5m n\u01b0\u1edbc \u0110\u1ed9 k\u1ebft d\u00ednh cao Ch\u1ed1ng \u1ed1 v\u00e0ng t\u1ea1i Qu\u1ea3ng Nam","breadcrumb":{"@id":"https:\/\/tranthi.vn\/quangnam\/lot-kiem-goc-dau-1800-hoi-an-tam-ky-quang-nam\/#breadcrumb"},"inLanguage":"vi","potentialAction":[{"@type":"ReadAction","target":["https:\/\/tranthi.vn\/quangnam\/lot-kiem-goc-dau-1800-hoi-an-tam-ky-quang-nam\/"]}]},{"@type":"ImageObject","inLanguage":"vi","@id":"https:\/\/tranthi.vn\/quangnam\/lot-kiem-goc-dau-1800-hoi-an-tam-ky-quang-nam\/#primaryimage","url":"https:\/\/tranthi.vn\/quangnam\/wp-content\/uploads\/2023\/11\/Acrylic-wall-sealer-1800-da-nang.jpg","contentUrl":"https:\/\/tranthi.vn\/quangnam\/wp-content\/uploads\/2023\/11\/Acrylic-wall-sealer-1800-da-nang.jpg","width":150,"height":150,"caption":"Acrylic-wall-sealer-1800-da-nang.jpg"},{"@type":"BreadcrumbList","@id":"https:\/\/tranthi.vn\/quangnam\/lot-kiem-goc-dau-1800-hoi-an-tam-ky-quang-nam\/#breadcrumb","itemListElement":[{"@type":"ListItem","position":1,"name":"Trang ch\u1ee7","item":"https:\/\/tranthi.vn\/quangnam\/"},{"@type":"ListItem","position":2,"name":"Shop","item":"https:\/\/tranthi.vn\/quangnam\/shop\/"},{"@type":"ListItem","position":3,"name":"L\u00f3t ki\u1ec1m g\u1ed1c d\u1ea7u 1800 18L &#8211; H"}]},{"@type":"WebSite","@id":"https:\/\/tranthi.vn\/quangnam\/#website","url":"https:\/\/tranthi.vn\/quangnam\/","name":"V\u1eadt Li\u1ec7u X\u00e2y D\u1ef1ng Tr\u1ea7n Th\u1ecb Chi Nh\u00e1nh Qu\u1ea3ng Nam","description":"V\u1eadt Li\u1ec7u X\u00e2y D\u1ef1ng - Qu\u1ea3ng Nam","potentialAction":[{"@type":"SearchAction","target":{"@type":"EntryPoint","urlTemplate":"https:\/\/tranthi.vn\/quangnam\/?s={search_term_string}"},"query-input":"required name=search_term_string"}],"inLanguage":"vi"},{"@type":"ImageObject","inLanguage":"vi","@id":"https:\/\/tranthi.vn\/quangnam\/lot-kiem-goc-dau-1800-hoi-an-tam-ky-quang-nam\/#local-main-organization-logo","url":"","contentUrl":"","caption":"V\u1eadt Li\u1ec7u X\u00e2y D\u1ef1ng Tr\u1ea7n Th\u1ecb Chi Nh\u00e1nh Qu\u1ea3ng Nam"}]},"product_price_amount":"3505000","product_price_currency":"VND","og_availability":"instock","product_availability":"instock","product_condition":"new"},"_links":{"self":[{"href":"https:\/\/tranthi.vn\/quangnam\/wp-json\/wp\/v2\/product\/6305","targetHints":{"allow":["GET"]}}],"collection":[{"href":"https:\/\/tranthi.vn\/quangnam\/wp-json\/wp\/v2\/product"}],"about":[{"href":"https:\/\/tranthi.vn\/quangnam\/wp-json\/wp\/v2\/types\/product"}],"replies":[{"embeddable":true,"href":"https:\/\/tranthi.vn\/quangnam\/wp-json\/wp\/v2\/comments?post=6305"}],"wp:featuredmedia":[{"embeddable":true,"href":"https:\/\/tranthi.vn\/quangnam\/wp-json\/wp\/v2\/media\/6306"}],"wp:attachment":[{"href":"https:\/\/tranthi.vn\/quangnam\/wp-json\/wp\/v2\/media?parent=6305"}],"wp:term":[{"taxonomy":"product_cat","embeddable":true,"href":"https:\/\/tranthi.vn\/quangnam\/wp-json\/wp\/v2\/product_cat?post=6305"},{"taxonomy":"product_tag","embeddable":true,"href":"https:\/\/tranthi.vn\/quangnam\/wp-json\/wp\/v2\/product_tag?post=6305"}],"curies":[{"name":"wp","href":"https:\/\/api.w.org\/{rel}","templated":true}]}}