{"id":6293,"date":"2023-10-31T15:16:41","date_gmt":"2023-10-31T08:16:41","guid":{"rendered":"https:\/\/tranthi.vn\/quangnam\/?post_type=product&#038;p=6293"},"modified":"2024-05-22T14:46:37","modified_gmt":"2024-05-22T07:46:37","slug":"lot-kiem-noi-that-8602-18l-h","status":"publish","type":"product","link":"https:\/\/tranthi.vn\/quangnam\/lot-kiem-noi-that-8602-18l-h\/","title":{"rendered":"L\u00f3t ki\u1ec1m n\u1ed9i th\u1ea5t 8602 18L &#8211; H"},"content":{"rendered":"","protected":false},"excerpt":{"rendered":"<p><span style=\"font-family: 'times new roman', times, serif; font-size: 130%;\"><strong><span style=\"color: #000000;\">Acryseal interior 8602 &#8211; Tr\u1eafng Ng\u00e0<\/span><\/strong><\/span><\/p>\n<p><span style=\"font-family: 'times new roman', times, serif; font-size: 130%; color: #000000;\"><img decoding=\"async\" class=\"emoji\" role=\"img\" draggable=\"false\" src=\"https:\/\/s.w.org\/images\/core\/emoji\/14.0.0\/svg\/1f61b.svg\" alt=\"\ud83d\ude1b\" \/> Ch\u1ed1ng ki\u1ec1m ho\u00e1<\/span><\/p>\n<p><span style=\"font-family: 'times new roman', times, serif; font-size: 130%; color: #000000;\"><img decoding=\"async\" class=\"emoji\" role=\"img\" draggable=\"false\" src=\"https:\/\/s.w.org\/images\/core\/emoji\/14.0.0\/svg\/1f61b.svg\" alt=\"\ud83d\ude1b\" \/> Kh\u1ea3 n\u0103ng th\u1ea9m th\u1ea5u cao<\/span><\/p>\n<p><span style=\"font-family: 'times new roman', times, serif; font-size: 130%; color: #000000;\"><img decoding=\"async\" class=\"emoji\" role=\"img\" draggable=\"false\" src=\"https:\/\/s.w.org\/images\/core\/emoji\/14.0.0\/svg\/1f61b.svg\" alt=\"\ud83d\ude1b\" \/> T\u1ea1o \u0111\u1ed9 b\u00e1m d\u00ednh cao<\/span><\/p>\n<p><span style=\"font-family: 'times new roman', times, serif; font-size: 130%; color: #000000;\"><img decoding=\"async\" class=\"emoji\" role=\"img\" draggable=\"false\" src=\"https:\/\/s.w.org\/images\/core\/emoji\/14.0.0\/svg\/1f61b.svg\" alt=\"\ud83d\ude1b\" \/> \u0110\u01a1n gi\u00e1:<\/span><\/p>\n<ul>\n<li><span style=\"font-family: 'times new roman', times, serif; font-size: 130%; color: #000000;\">\u00a0 Th\u00f9ng 18L &#8211; Gi\u00e1 <strong><span style=\"color: #ff0000;\">1.488.000\u0111 &#8211; <span style=\"color: #000000;\">Tr\u1eafng Ng\u00e0<\/span><\/span><\/strong><\/span><\/li>\n<li><span style=\"font-family: 'times new roman', times, serif; font-size: 130%; color: #000000;\">\u00a0Th\u00f9ng 5L &#8211; Gi\u00e1 <span style=\"color: #ff0000;\"><strong>582.000\u0111 &#8211; <span style=\"color: #000000;\">Tr\u1eafng Ng\u00e0<\/span><\/strong><\/span><\/span><\/li>\n<\/ul>\n<p><span style=\"font-family: 'times new roman', times, serif; font-size: 130%;\"><em><span style=\"color: #0000ff;\">\u0110\u01a1n gi\u00e1 \u00e1p d\u1ee5ng khi mua tr\u00ean 3 s\u1ea3n ph\u1ea9m<\/span><\/em><\/span><\/p>\n<p><span style=\"font-family: 'times new roman', times, serif; font-size: 130%;\"><em><span style=\"color: #0000ff;\">V\u1eadn chuy\u1ec3n n\u1ed9i th\u00e0nh \u0110\u00e0 N\u1eb5ng<\/span><\/em><\/span><\/p>\n","protected":false},"featured_media":6294,"comment_status":"closed","ping_status":"closed","template":"","meta":[],"product_cat":[139,407,404],"product_tag":[],"class_list":{"0":"post-6293","1":"product","2":"type-product","3":"status-publish","4":"has-post-thumbnail","6":"product_cat-son","7":"product_cat-son-lot","8":"product_cat-son-seamaster","10":"first","11":"instock","12":"sale","13":"shipping-taxable","14":"purchasable","15":"product-type-simple"},"yoast_head":"<!-- This site is optimized with the Yoast SEO Premium plugin v22.3 (Yoast SEO v22.8) - https:\/\/yoast.com\/wordpress\/plugins\/seo\/ -->\n<title>L\u00f3t ki\u1ec1m n\u1ed9i th\u1ea5t 8602 18L - H - V\u1eadt Li\u1ec7u X\u00e2y D\u1ef1ng Tr\u1ea7n Th\u1ecb Chi Nh\u00e1nh Qu\u1ea3ng Nam<\/title>\n<meta name=\"robots\" content=\"index, follow, max-snippet:-1, max-image-preview:large, max-video-preview:-1\" \/>\n<link rel=\"canonical\" href=\"https:\/\/tranthi.vn\/quangnam\/lot-kiem-noi-that-8602-18l-h\/\" \/>\n<meta property=\"og:locale\" content=\"vi_VN\" \/>\n<meta property=\"og:type\" content=\"article\" \/>\n<meta property=\"og:title\" content=\"L\u00f3t ki\u1ec1m n\u1ed9i th\u1ea5t 8602 18L - H\" \/>\n<meta property=\"og:description\" content=\"Acryseal interior 8602 - Tr\u1eafng Ng\u00e0   Ch\u1ed1ng ki\u1ec1m ho\u00e1   Kh\u1ea3 n\u0103ng th\u1ea9m th\u1ea5u cao   T\u1ea1o \u0111\u1ed9 b\u00e1m d\u00ednh cao   \u0110\u01a1n gi\u00e1:   \u00a0 Th\u00f9ng 18L - Gi\u00e1 1.488.000\u0111 - Tr\u1eafng Ng\u00e0  \u00a0Th\u00f9ng 5L - Gi\u00e1 582.000\u0111 - Tr\u1eafng Ng\u00e0  \u0110\u01a1n gi\u00e1 \u00e1p d\u1ee5ng khi mua tr\u00ean 3 s\u1ea3n ph\u1ea9m  V\u1eadn chuy\u1ec3n n\u1ed9i th\u00e0nh \u0110\u00e0 N\u1eb5ng\" \/>\n<meta property=\"og:url\" content=\"https:\/\/tranthi.vn\/quangnam\/lot-kiem-noi-that-8602-18l-h\/\" \/>\n<meta property=\"og:site_name\" content=\"V\u1eadt Li\u1ec7u X\u00e2y D\u1ef1ng Tr\u1ea7n Th\u1ecb Chi Nh\u00e1nh Qu\u1ea3ng Nam\" \/>\n<meta property=\"article:modified_time\" content=\"2024-05-22T07:46:37+00:00\" \/>\n<meta property=\"og:image\" content=\"https:\/\/tranthi.vn\/quangnam\/wp-content\/uploads\/2023\/10\/Acryseal-interior-8602-da-nang.jpg\" \/>\n\t<meta property=\"og:image:width\" content=\"150\" \/>\n\t<meta property=\"og:image:height\" content=\"150\" \/>\n\t<meta property=\"og:image:type\" content=\"image\/jpeg\" \/>\n<meta name=\"twitter:card\" content=\"summary_large_image\" \/>\n<meta name=\"twitter:label1\" content=\"Gi\u00e1\" \/>\n\t<meta name=\"twitter:data1\" content=\"1,488,000&nbsp;&#8363;\" \/>\n\t<meta name=\"twitter:label2\" content=\"Kh\u1ea3 d\u1ee5ng\" \/>\n\t<meta name=\"twitter:data2\" content=\"Trong kho\" \/>\n<script type=\"application\/ld+json\" class=\"yoast-schema-graph\">{\"@context\":\"https:\/\/schema.org\",\"@graph\":[{\"@type\":[\"WebPage\",\"ItemPage\"],\"@id\":\"https:\/\/tranthi.vn\/quangnam\/lot-kiem-noi-that-8602-18l-h\/\",\"url\":\"https:\/\/tranthi.vn\/quangnam\/lot-kiem-noi-that-8602-18l-h\/\",\"name\":\"L\u00f3t ki\u1ec1m n\u1ed9i th\u1ea5t 8602 18L - H - V\u1eadt Li\u1ec7u X\u00e2y D\u1ef1ng Tr\u1ea7n Th\u1ecb Chi Nh\u00e1nh Qu\u1ea3ng Nam\",\"isPartOf\":{\"@id\":\"https:\/\/tranthi.vn\/quangnam\/#website\"},\"primaryImageOfPage\":{\"@id\":\"https:\/\/tranthi.vn\/quangnam\/lot-kiem-noi-that-8602-18l-h\/#primaryimage\"},\"image\":{\"@id\":\"https:\/\/tranthi.vn\/quangnam\/lot-kiem-noi-that-8602-18l-h\/#primaryimage\"},\"thumbnailUrl\":\"https:\/\/tranthi.vn\/quangnam\/wp-content\/uploads\/2023\/10\/Acryseal-interior-8602-da-nang.jpg\",\"datePublished\":\"2023-10-31T08:16:41+00:00\",\"dateModified\":\"2024-05-22T07:46:37+00:00\",\"breadcrumb\":{\"@id\":\"https:\/\/tranthi.vn\/quangnam\/lot-kiem-noi-that-8602-18l-h\/#breadcrumb\"},\"inLanguage\":\"vi\",\"potentialAction\":[{\"@type\":\"ReadAction\",\"target\":[\"https:\/\/tranthi.vn\/quangnam\/lot-kiem-noi-that-8602-18l-h\/\"]}]},{\"@type\":\"ImageObject\",\"inLanguage\":\"vi\",\"@id\":\"https:\/\/tranthi.vn\/quangnam\/lot-kiem-noi-that-8602-18l-h\/#primaryimage\",\"url\":\"https:\/\/tranthi.vn\/quangnam\/wp-content\/uploads\/2023\/10\/Acryseal-interior-8602-da-nang.jpg\",\"contentUrl\":\"https:\/\/tranthi.vn\/quangnam\/wp-content\/uploads\/2023\/10\/Acryseal-interior-8602-da-nang.jpg\",\"width\":150,\"height\":150,\"caption\":\"Acryseal-interior-8602-da-nang.jpg\"},{\"@type\":\"BreadcrumbList\",\"@id\":\"https:\/\/tranthi.vn\/quangnam\/lot-kiem-noi-that-8602-18l-h\/#breadcrumb\",\"itemListElement\":[{\"@type\":\"ListItem\",\"position\":1,\"name\":\"Trang ch\u1ee7\",\"item\":\"https:\/\/tranthi.vn\/quangnam\/\"},{\"@type\":\"ListItem\",\"position\":2,\"name\":\"Shop\",\"item\":\"https:\/\/tranthi.vn\/quangnam\/shop\/\"},{\"@type\":\"ListItem\",\"position\":3,\"name\":\"L\u00f3t ki\u1ec1m n\u1ed9i th\u1ea5t 8602 18L &#8211; H\"}]},{\"@type\":\"WebSite\",\"@id\":\"https:\/\/tranthi.vn\/quangnam\/#website\",\"url\":\"https:\/\/tranthi.vn\/quangnam\/\",\"name\":\"V\u1eadt Li\u1ec7u X\u00e2y D\u1ef1ng Tr\u1ea7n Th\u1ecb Chi Nh\u00e1nh Qu\u1ea3ng Nam\",\"description\":\"V\u1eadt Li\u1ec7u X\u00e2y D\u1ef1ng - Qu\u1ea3ng Nam\",\"potentialAction\":[{\"@type\":\"SearchAction\",\"target\":{\"@type\":\"EntryPoint\",\"urlTemplate\":\"https:\/\/tranthi.vn\/quangnam\/?s={search_term_string}\"},\"query-input\":\"required name=search_term_string\"}],\"inLanguage\":\"vi\"},{\"@type\":\"ImageObject\",\"inLanguage\":\"vi\",\"@id\":\"https:\/\/tranthi.vn\/quangnam\/lot-kiem-noi-that-8602-18l-h\/#local-main-organization-logo\",\"url\":\"\",\"contentUrl\":\"\",\"caption\":\"V\u1eadt Li\u1ec7u X\u00e2y D\u1ef1ng Tr\u1ea7n Th\u1ecb Chi Nh\u00e1nh Qu\u1ea3ng Nam\"}]}<\/script>\n<meta property=\"product:price:amount\" content=\"1488000\" \/>\n<meta property=\"product:price:currency\" content=\"VND\" \/>\n<meta property=\"og:availability\" content=\"instock\" \/>\n<meta property=\"product:availability\" content=\"instock\" \/>\n<meta property=\"product:condition\" content=\"new\" \/>\n<!-- \/ Yoast SEO Premium plugin. -->","yoast_head_json":{"title":"L\u00f3t ki\u1ec1m n\u1ed9i th\u1ea5t 8602 18L - H - V\u1eadt Li\u1ec7u X\u00e2y D\u1ef1ng Tr\u1ea7n Th\u1ecb Chi Nh\u00e1nh Qu\u1ea3ng Nam","robots":{"index":"index","follow":"follow","max-snippet":"max-snippet:-1","max-image-preview":"max-image-preview:large","max-video-preview":"max-video-preview:-1"},"canonical":"https:\/\/tranthi.vn\/quangnam\/lot-kiem-noi-that-8602-18l-h\/","og_locale":"vi_VN","og_type":"article","og_title":"L\u00f3t ki\u1ec1m n\u1ed9i th\u1ea5t 8602 18L - H","og_description":"Acryseal interior 8602 - Tr\u1eafng Ng\u00e0   Ch\u1ed1ng ki\u1ec1m ho\u00e1   Kh\u1ea3 n\u0103ng th\u1ea9m th\u1ea5u cao   T\u1ea1o \u0111\u1ed9 b\u00e1m d\u00ednh cao   \u0110\u01a1n gi\u00e1:   \u00a0 Th\u00f9ng 18L - Gi\u00e1 1.488.000\u0111 - Tr\u1eafng Ng\u00e0  \u00a0Th\u00f9ng 5L - Gi\u00e1 582.000\u0111 - Tr\u1eafng Ng\u00e0  \u0110\u01a1n gi\u00e1 \u00e1p d\u1ee5ng khi mua tr\u00ean 3 s\u1ea3n ph\u1ea9m  V\u1eadn chuy\u1ec3n n\u1ed9i th\u00e0nh \u0110\u00e0 N\u1eb5ng","og_url":"https:\/\/tranthi.vn\/quangnam\/lot-kiem-noi-that-8602-18l-h\/","og_site_name":"V\u1eadt Li\u1ec7u X\u00e2y D\u1ef1ng Tr\u1ea7n Th\u1ecb Chi Nh\u00e1nh Qu\u1ea3ng Nam","article_modified_time":"2024-05-22T07:46:37+00:00","og_image":[{"width":150,"height":150,"url":"https:\/\/tranthi.vn\/quangnam\/wp-content\/uploads\/2023\/10\/Acryseal-interior-8602-da-nang.jpg","type":"image\/jpeg"}],"twitter_card":"summary_large_image","twitter_misc":{"Gi\u00e1":"1,488,000&nbsp;&#8363;","Kh\u1ea3 d\u1ee5ng":"Trong kho"},"schema":{"@context":"https:\/\/schema.org","@graph":[{"@type":["WebPage","ItemPage"],"@id":"https:\/\/tranthi.vn\/quangnam\/lot-kiem-noi-that-8602-18l-h\/","url":"https:\/\/tranthi.vn\/quangnam\/lot-kiem-noi-that-8602-18l-h\/","name":"L\u00f3t ki\u1ec1m n\u1ed9i th\u1ea5t 8602 18L - H - V\u1eadt Li\u1ec7u X\u00e2y D\u1ef1ng Tr\u1ea7n Th\u1ecb Chi Nh\u00e1nh Qu\u1ea3ng Nam","isPartOf":{"@id":"https:\/\/tranthi.vn\/quangnam\/#website"},"primaryImageOfPage":{"@id":"https:\/\/tranthi.vn\/quangnam\/lot-kiem-noi-that-8602-18l-h\/#primaryimage"},"image":{"@id":"https:\/\/tranthi.vn\/quangnam\/lot-kiem-noi-that-8602-18l-h\/#primaryimage"},"thumbnailUrl":"https:\/\/tranthi.vn\/quangnam\/wp-content\/uploads\/2023\/10\/Acryseal-interior-8602-da-nang.jpg","datePublished":"2023-10-31T08:16:41+00:00","dateModified":"2024-05-22T07:46:37+00:00","breadcrumb":{"@id":"https:\/\/tranthi.vn\/quangnam\/lot-kiem-noi-that-8602-18l-h\/#breadcrumb"},"inLanguage":"vi","potentialAction":[{"@type":"ReadAction","target":["https:\/\/tranthi.vn\/quangnam\/lot-kiem-noi-that-8602-18l-h\/"]}]},{"@type":"ImageObject","inLanguage":"vi","@id":"https:\/\/tranthi.vn\/quangnam\/lot-kiem-noi-that-8602-18l-h\/#primaryimage","url":"https:\/\/tranthi.vn\/quangnam\/wp-content\/uploads\/2023\/10\/Acryseal-interior-8602-da-nang.jpg","contentUrl":"https:\/\/tranthi.vn\/quangnam\/wp-content\/uploads\/2023\/10\/Acryseal-interior-8602-da-nang.jpg","width":150,"height":150,"caption":"Acryseal-interior-8602-da-nang.jpg"},{"@type":"BreadcrumbList","@id":"https:\/\/tranthi.vn\/quangnam\/lot-kiem-noi-that-8602-18l-h\/#breadcrumb","itemListElement":[{"@type":"ListItem","position":1,"name":"Trang ch\u1ee7","item":"https:\/\/tranthi.vn\/quangnam\/"},{"@type":"ListItem","position":2,"name":"Shop","item":"https:\/\/tranthi.vn\/quangnam\/shop\/"},{"@type":"ListItem","position":3,"name":"L\u00f3t ki\u1ec1m n\u1ed9i th\u1ea5t 8602 18L &#8211; H"}]},{"@type":"WebSite","@id":"https:\/\/tranthi.vn\/quangnam\/#website","url":"https:\/\/tranthi.vn\/quangnam\/","name":"V\u1eadt Li\u1ec7u X\u00e2y D\u1ef1ng Tr\u1ea7n Th\u1ecb Chi Nh\u00e1nh Qu\u1ea3ng Nam","description":"V\u1eadt Li\u1ec7u X\u00e2y D\u1ef1ng - Qu\u1ea3ng Nam","potentialAction":[{"@type":"SearchAction","target":{"@type":"EntryPoint","urlTemplate":"https:\/\/tranthi.vn\/quangnam\/?s={search_term_string}"},"query-input":"required name=search_term_string"}],"inLanguage":"vi"},{"@type":"ImageObject","inLanguage":"vi","@id":"https:\/\/tranthi.vn\/quangnam\/lot-kiem-noi-that-8602-18l-h\/#local-main-organization-logo","url":"","contentUrl":"","caption":"V\u1eadt Li\u1ec7u X\u00e2y D\u1ef1ng Tr\u1ea7n Th\u1ecb Chi Nh\u00e1nh Qu\u1ea3ng Nam"}]},"product_price_amount":"1488000","product_price_currency":"VND","og_availability":"instock","product_availability":"instock","product_condition":"new"},"_links":{"self":[{"href":"https:\/\/tranthi.vn\/quangnam\/wp-json\/wp\/v2\/product\/6293","targetHints":{"allow":["GET"]}}],"collection":[{"href":"https:\/\/tranthi.vn\/quangnam\/wp-json\/wp\/v2\/product"}],"about":[{"href":"https:\/\/tranthi.vn\/quangnam\/wp-json\/wp\/v2\/types\/product"}],"replies":[{"embeddable":true,"href":"https:\/\/tranthi.vn\/quangnam\/wp-json\/wp\/v2\/comments?post=6293"}],"wp:featuredmedia":[{"embeddable":true,"href":"https:\/\/tranthi.vn\/quangnam\/wp-json\/wp\/v2\/media\/6294"}],"wp:attachment":[{"href":"https:\/\/tranthi.vn\/quangnam\/wp-json\/wp\/v2\/media?parent=6293"}],"wp:term":[{"taxonomy":"product_cat","embeddable":true,"href":"https:\/\/tranthi.vn\/quangnam\/wp-json\/wp\/v2\/product_cat?post=6293"},{"taxonomy":"product_tag","embeddable":true,"href":"https:\/\/tranthi.vn\/quangnam\/wp-json\/wp\/v2\/product_tag?post=6293"}],"curies":[{"name":"wp","href":"https:\/\/api.w.org\/{rel}","templated":true}]}}