{"id":6209,"date":"2023-10-25T16:10:44","date_gmt":"2023-10-25T09:10:44","guid":{"rendered":"https:\/\/tranthi.vn\/quangnam\/?post_type=product&#038;p=6209"},"modified":"2024-04-24T10:58:00","modified_gmt":"2024-04-24T03:58:00","slug":"ke-goc-sofa-ks02-vh-09-x-035","status":"publish","type":"product","link":"https:\/\/tranthi.vn\/quangnam\/ke-goc-sofa-ks02-vh-09-x-035\/","title":{"rendered":"K\u1ec7 g\u00f3c Sofa KS02-VH (0,9 x 0,35)"},"content":{"rendered":"","protected":false},"excerpt":{"rendered":"<p><span style=\"font-size: 130%; font-family: 'times new roman', times, serif;\">\ud83e\udd70M\u1eb7t K\u1ec7: \u0110\u00e1 Granite b\u00f3ng\/matt , kh\u00f4ng b\u1ecb \u1ed1, kh\u00f4ng b\u1ecb th\u1ea5m \u2026.<\/span><\/p>\n<p><span style=\"font-size: 130%; font-family: 'times new roman', times, serif;\">\ud83e\udd70\u0110\u01a1n gi\u00e1: <span style=\"color: #ff0000;\"><strong>1.462.000\u0111\/c\u00e1i<\/strong><\/span><\/span><\/p>\n<p><span style=\"font-size: 130%; font-family: 'times new roman', times, serif;\">\ud83e\udd70\u0110\u1ed9 d\u00e0y 9mm\u00a0<\/span><\/p>\n<p><span style=\"font-size: 130%; font-family: 'times new roman', times, serif;\">\ud83e\udd70Ch\u00e2n k\u1ec7: S\u1eaft m\u1ea1 k\u1ebdm<\/span><\/p>\n<p><span style=\"font-size: 130%; font-family: 'times new roman', times, serif;\">\ud83e\udd70K\u00edch th\u01b0\u1edbc: Cao x R\u1ed9ng-(0,9 x 0,35)<\/span><\/p>\n<p><span style=\"font-family: 'times new roman', times, serif; font-size: 130%;\">\u00a0<\/span><span style=\"color: #3366ff;\"><em>Giao h\u00e0ng n\u1ed9i th\u00e0nh\u00a0\u0110\u00e0 N\u1eb5ng<\/em><\/span><\/p>\n","protected":false},"featured_media":6211,"comment_status":"closed","ping_status":"closed","template":"","meta":[],"product_cat":[392,398],"product_tag":[],"class_list":{"0":"post-6209","1":"product","2":"type-product","3":"status-publish","4":"has-post-thumbnail","6":"product_cat-ban-ghe-tu-dong-san","7":"product_cat-ke","9":"first","10":"instock","11":"sale","12":"shipping-taxable","13":"purchasable","14":"product-type-simple"},"yoast_head":"<!-- This site is optimized with the Yoast SEO Premium plugin v22.3 (Yoast SEO v22.8) - https:\/\/yoast.com\/wordpress\/plugins\/seo\/ -->\n<title>K\u1ec7 g\u00f3c Sofa KS02-VH (0,9 x 0,35) - V\u1eadt Li\u1ec7u X\u00e2y D\u1ef1ng Tr\u1ea7n Th\u1ecb Chi Nh\u00e1nh Qu\u1ea3ng Nam<\/title>\n<meta name=\"robots\" content=\"index, follow, max-snippet:-1, max-image-preview:large, max-video-preview:-1\" \/>\n<link rel=\"canonical\" href=\"https:\/\/tranthi.vn\/quangnam\/ke-goc-sofa-ks02-vh-09-x-035\/\" \/>\n<meta property=\"og:locale\" content=\"vi_VN\" \/>\n<meta property=\"og:type\" content=\"article\" \/>\n<meta property=\"og:title\" content=\"K\u1ec7 g\u00f3c Sofa KS02-VH (0,9 x 0,35)\" \/>\n<meta property=\"og:description\" content=\"\ud83e\udd70M\u1eb7t K\u1ec7: \u0110\u00e1 Granite b\u00f3ng\/matt , kh\u00f4ng b\u1ecb \u1ed1, kh\u00f4ng b\u1ecb th\u1ea5m \u2026.  \ud83e\udd70\u0110\u01a1n gi\u00e1: 1.462.000\u0111\/c\u00e1i  \ud83e\udd70\u0110\u1ed9 d\u00e0y 9mm\u00a0  \ud83e\udd70Ch\u00e2n k\u1ec7: S\u1eaft m\u1ea1 k\u1ebdm  \ud83e\udd70K\u00edch th\u01b0\u1edbc: Cao x R\u1ed9ng-(0,9 x 0,35)  \u00a0Giao h\u00e0ng n\u1ed9i th\u00e0nh\u00a0\u0110\u00e0 N\u1eb5ng\" \/>\n<meta property=\"og:url\" content=\"https:\/\/tranthi.vn\/quangnam\/ke-goc-sofa-ks02-vh-09-x-035\/\" \/>\n<meta property=\"og:site_name\" content=\"V\u1eadt Li\u1ec7u X\u00e2y D\u1ef1ng Tr\u1ea7n Th\u1ecb Chi Nh\u00e1nh Qu\u1ea3ng Nam\" \/>\n<meta property=\"article:modified_time\" content=\"2024-04-24T03:58:00+00:00\" \/>\n<meta property=\"og:image\" content=\"https:\/\/tranthi.vn\/quangnam\/wp-content\/uploads\/2023\/10\/ke-goc-sofa-KS02-da-nang.jpg\" \/>\n\t<meta property=\"og:image:width\" content=\"144\" \/>\n\t<meta property=\"og:image:height\" content=\"237\" \/>\n\t<meta property=\"og:image:type\" content=\"image\/jpeg\" \/>\n<meta name=\"twitter:card\" content=\"summary_large_image\" \/>\n<meta name=\"twitter:label1\" content=\"Gi\u00e1\" \/>\n\t<meta name=\"twitter:data1\" content=\"1,462,000&nbsp;&#8363;\" \/>\n\t<meta name=\"twitter:label2\" content=\"Kh\u1ea3 d\u1ee5ng\" \/>\n\t<meta name=\"twitter:data2\" content=\"Trong kho\" \/>\n<script type=\"application\/ld+json\" class=\"yoast-schema-graph\">{\"@context\":\"https:\/\/schema.org\",\"@graph\":[{\"@type\":[\"WebPage\",\"ItemPage\"],\"@id\":\"https:\/\/tranthi.vn\/quangnam\/ke-goc-sofa-ks02-vh-09-x-035\/\",\"url\":\"https:\/\/tranthi.vn\/quangnam\/ke-goc-sofa-ks02-vh-09-x-035\/\",\"name\":\"K\u1ec7 g\u00f3c Sofa KS02-VH (0,9 x 0,35) - V\u1eadt Li\u1ec7u X\u00e2y D\u1ef1ng Tr\u1ea7n Th\u1ecb Chi Nh\u00e1nh Qu\u1ea3ng Nam\",\"isPartOf\":{\"@id\":\"https:\/\/tranthi.vn\/quangnam\/#website\"},\"primaryImageOfPage\":{\"@id\":\"https:\/\/tranthi.vn\/quangnam\/ke-goc-sofa-ks02-vh-09-x-035\/#primaryimage\"},\"image\":{\"@id\":\"https:\/\/tranthi.vn\/quangnam\/ke-goc-sofa-ks02-vh-09-x-035\/#primaryimage\"},\"thumbnailUrl\":\"https:\/\/tranthi.vn\/quangnam\/wp-content\/uploads\/2023\/10\/ke-goc-sofa-KS02-da-nang.jpg\",\"datePublished\":\"2023-10-25T09:10:44+00:00\",\"dateModified\":\"2024-04-24T03:58:00+00:00\",\"breadcrumb\":{\"@id\":\"https:\/\/tranthi.vn\/quangnam\/ke-goc-sofa-ks02-vh-09-x-035\/#breadcrumb\"},\"inLanguage\":\"vi\",\"potentialAction\":[{\"@type\":\"ReadAction\",\"target\":[\"https:\/\/tranthi.vn\/quangnam\/ke-goc-sofa-ks02-vh-09-x-035\/\"]}]},{\"@type\":\"ImageObject\",\"inLanguage\":\"vi\",\"@id\":\"https:\/\/tranthi.vn\/quangnam\/ke-goc-sofa-ks02-vh-09-x-035\/#primaryimage\",\"url\":\"https:\/\/tranthi.vn\/quangnam\/wp-content\/uploads\/2023\/10\/ke-goc-sofa-KS02-da-nang.jpg\",\"contentUrl\":\"https:\/\/tranthi.vn\/quangnam\/wp-content\/uploads\/2023\/10\/ke-goc-sofa-KS02-da-nang.jpg\",\"width\":144,\"height\":237},{\"@type\":\"BreadcrumbList\",\"@id\":\"https:\/\/tranthi.vn\/quangnam\/ke-goc-sofa-ks02-vh-09-x-035\/#breadcrumb\",\"itemListElement\":[{\"@type\":\"ListItem\",\"position\":1,\"name\":\"Trang ch\u1ee7\",\"item\":\"https:\/\/tranthi.vn\/quangnam\/\"},{\"@type\":\"ListItem\",\"position\":2,\"name\":\"Shop\",\"item\":\"https:\/\/tranthi.vn\/quangnam\/shop\/\"},{\"@type\":\"ListItem\",\"position\":3,\"name\":\"K\u1ec7 g\u00f3c Sofa KS02-VH (0,9 x 0,35)\"}]},{\"@type\":\"WebSite\",\"@id\":\"https:\/\/tranthi.vn\/quangnam\/#website\",\"url\":\"https:\/\/tranthi.vn\/quangnam\/\",\"name\":\"V\u1eadt Li\u1ec7u X\u00e2y D\u1ef1ng Tr\u1ea7n Th\u1ecb Chi Nh\u00e1nh Qu\u1ea3ng Nam\",\"description\":\"V\u1eadt Li\u1ec7u X\u00e2y D\u1ef1ng - Qu\u1ea3ng Nam\",\"potentialAction\":[{\"@type\":\"SearchAction\",\"target\":{\"@type\":\"EntryPoint\",\"urlTemplate\":\"https:\/\/tranthi.vn\/quangnam\/?s={search_term_string}\"},\"query-input\":\"required name=search_term_string\"}],\"inLanguage\":\"vi\"},{\"@type\":\"ImageObject\",\"inLanguage\":\"vi\",\"@id\":\"https:\/\/tranthi.vn\/quangnam\/ke-goc-sofa-ks02-vh-09-x-035\/#local-main-organization-logo\",\"url\":\"\",\"contentUrl\":\"\",\"caption\":\"V\u1eadt Li\u1ec7u X\u00e2y D\u1ef1ng Tr\u1ea7n Th\u1ecb Chi Nh\u00e1nh Qu\u1ea3ng Nam\"}]}<\/script>\n<meta property=\"product:price:amount\" content=\"1462000\" \/>\n<meta property=\"product:price:currency\" content=\"VND\" \/>\n<meta property=\"og:availability\" content=\"instock\" \/>\n<meta property=\"product:availability\" content=\"instock\" \/>\n<meta property=\"product:condition\" content=\"new\" \/>\n<!-- \/ Yoast SEO Premium plugin. -->","yoast_head_json":{"title":"K\u1ec7 g\u00f3c Sofa KS02-VH (0,9 x 0,35) - V\u1eadt Li\u1ec7u X\u00e2y D\u1ef1ng Tr\u1ea7n Th\u1ecb Chi Nh\u00e1nh Qu\u1ea3ng Nam","robots":{"index":"index","follow":"follow","max-snippet":"max-snippet:-1","max-image-preview":"max-image-preview:large","max-video-preview":"max-video-preview:-1"},"canonical":"https:\/\/tranthi.vn\/quangnam\/ke-goc-sofa-ks02-vh-09-x-035\/","og_locale":"vi_VN","og_type":"article","og_title":"K\u1ec7 g\u00f3c Sofa KS02-VH (0,9 x 0,35)","og_description":"\ud83e\udd70M\u1eb7t K\u1ec7: \u0110\u00e1 Granite b\u00f3ng\/matt , kh\u00f4ng b\u1ecb \u1ed1, kh\u00f4ng b\u1ecb th\u1ea5m \u2026.  \ud83e\udd70\u0110\u01a1n gi\u00e1: 1.462.000\u0111\/c\u00e1i  \ud83e\udd70\u0110\u1ed9 d\u00e0y 9mm\u00a0  \ud83e\udd70Ch\u00e2n k\u1ec7: S\u1eaft m\u1ea1 k\u1ebdm  \ud83e\udd70K\u00edch th\u01b0\u1edbc: Cao x R\u1ed9ng-(0,9 x 0,35)  \u00a0Giao h\u00e0ng n\u1ed9i th\u00e0nh\u00a0\u0110\u00e0 N\u1eb5ng","og_url":"https:\/\/tranthi.vn\/quangnam\/ke-goc-sofa-ks02-vh-09-x-035\/","og_site_name":"V\u1eadt Li\u1ec7u X\u00e2y D\u1ef1ng Tr\u1ea7n Th\u1ecb Chi Nh\u00e1nh Qu\u1ea3ng Nam","article_modified_time":"2024-04-24T03:58:00+00:00","og_image":[{"width":144,"height":237,"url":"https:\/\/tranthi.vn\/quangnam\/wp-content\/uploads\/2023\/10\/ke-goc-sofa-KS02-da-nang.jpg","type":"image\/jpeg"}],"twitter_card":"summary_large_image","twitter_misc":{"Gi\u00e1":"1,462,000&nbsp;&#8363;","Kh\u1ea3 d\u1ee5ng":"Trong kho"},"schema":{"@context":"https:\/\/schema.org","@graph":[{"@type":["WebPage","ItemPage"],"@id":"https:\/\/tranthi.vn\/quangnam\/ke-goc-sofa-ks02-vh-09-x-035\/","url":"https:\/\/tranthi.vn\/quangnam\/ke-goc-sofa-ks02-vh-09-x-035\/","name":"K\u1ec7 g\u00f3c Sofa KS02-VH (0,9 x 0,35) - V\u1eadt Li\u1ec7u X\u00e2y D\u1ef1ng Tr\u1ea7n Th\u1ecb Chi Nh\u00e1nh Qu\u1ea3ng Nam","isPartOf":{"@id":"https:\/\/tranthi.vn\/quangnam\/#website"},"primaryImageOfPage":{"@id":"https:\/\/tranthi.vn\/quangnam\/ke-goc-sofa-ks02-vh-09-x-035\/#primaryimage"},"image":{"@id":"https:\/\/tranthi.vn\/quangnam\/ke-goc-sofa-ks02-vh-09-x-035\/#primaryimage"},"thumbnailUrl":"https:\/\/tranthi.vn\/quangnam\/wp-content\/uploads\/2023\/10\/ke-goc-sofa-KS02-da-nang.jpg","datePublished":"2023-10-25T09:10:44+00:00","dateModified":"2024-04-24T03:58:00+00:00","breadcrumb":{"@id":"https:\/\/tranthi.vn\/quangnam\/ke-goc-sofa-ks02-vh-09-x-035\/#breadcrumb"},"inLanguage":"vi","potentialAction":[{"@type":"ReadAction","target":["https:\/\/tranthi.vn\/quangnam\/ke-goc-sofa-ks02-vh-09-x-035\/"]}]},{"@type":"ImageObject","inLanguage":"vi","@id":"https:\/\/tranthi.vn\/quangnam\/ke-goc-sofa-ks02-vh-09-x-035\/#primaryimage","url":"https:\/\/tranthi.vn\/quangnam\/wp-content\/uploads\/2023\/10\/ke-goc-sofa-KS02-da-nang.jpg","contentUrl":"https:\/\/tranthi.vn\/quangnam\/wp-content\/uploads\/2023\/10\/ke-goc-sofa-KS02-da-nang.jpg","width":144,"height":237},{"@type":"BreadcrumbList","@id":"https:\/\/tranthi.vn\/quangnam\/ke-goc-sofa-ks02-vh-09-x-035\/#breadcrumb","itemListElement":[{"@type":"ListItem","position":1,"name":"Trang ch\u1ee7","item":"https:\/\/tranthi.vn\/quangnam\/"},{"@type":"ListItem","position":2,"name":"Shop","item":"https:\/\/tranthi.vn\/quangnam\/shop\/"},{"@type":"ListItem","position":3,"name":"K\u1ec7 g\u00f3c Sofa KS02-VH (0,9 x 0,35)"}]},{"@type":"WebSite","@id":"https:\/\/tranthi.vn\/quangnam\/#website","url":"https:\/\/tranthi.vn\/quangnam\/","name":"V\u1eadt Li\u1ec7u X\u00e2y D\u1ef1ng Tr\u1ea7n Th\u1ecb Chi Nh\u00e1nh Qu\u1ea3ng Nam","description":"V\u1eadt Li\u1ec7u X\u00e2y D\u1ef1ng - Qu\u1ea3ng Nam","potentialAction":[{"@type":"SearchAction","target":{"@type":"EntryPoint","urlTemplate":"https:\/\/tranthi.vn\/quangnam\/?s={search_term_string}"},"query-input":"required name=search_term_string"}],"inLanguage":"vi"},{"@type":"ImageObject","inLanguage":"vi","@id":"https:\/\/tranthi.vn\/quangnam\/ke-goc-sofa-ks02-vh-09-x-035\/#local-main-organization-logo","url":"","contentUrl":"","caption":"V\u1eadt Li\u1ec7u X\u00e2y D\u1ef1ng Tr\u1ea7n Th\u1ecb Chi Nh\u00e1nh Qu\u1ea3ng Nam"}]},"product_price_amount":"1462000","product_price_currency":"VND","og_availability":"instock","product_availability":"instock","product_condition":"new"},"_links":{"self":[{"href":"https:\/\/tranthi.vn\/quangnam\/wp-json\/wp\/v2\/product\/6209","targetHints":{"allow":["GET"]}}],"collection":[{"href":"https:\/\/tranthi.vn\/quangnam\/wp-json\/wp\/v2\/product"}],"about":[{"href":"https:\/\/tranthi.vn\/quangnam\/wp-json\/wp\/v2\/types\/product"}],"replies":[{"embeddable":true,"href":"https:\/\/tranthi.vn\/quangnam\/wp-json\/wp\/v2\/comments?post=6209"}],"wp:featuredmedia":[{"embeddable":true,"href":"https:\/\/tranthi.vn\/quangnam\/wp-json\/wp\/v2\/media\/6211"}],"wp:attachment":[{"href":"https:\/\/tranthi.vn\/quangnam\/wp-json\/wp\/v2\/media?parent=6209"}],"wp:term":[{"taxonomy":"product_cat","embeddable":true,"href":"https:\/\/tranthi.vn\/quangnam\/wp-json\/wp\/v2\/product_cat?post=6209"},{"taxonomy":"product_tag","embeddable":true,"href":"https:\/\/tranthi.vn\/quangnam\/wp-json\/wp\/v2\/product_tag?post=6209"}],"curies":[{"name":"wp","href":"https:\/\/api.w.org\/{rel}","templated":true}]}}