{"id":6193,"date":"2023-10-25T15:35:50","date_gmt":"2023-10-25T08:35:50","guid":{"rendered":"https:\/\/tranthi.vn\/quangnam\/?post_type=product&#038;p=6193"},"modified":"2024-04-09T09:49:08","modified_gmt":"2024-04-09T02:49:08","slug":"bc-1-khoi-tdp","status":"publish","type":"product","link":"https:\/\/tranthi.vn\/quangnam\/bc-1-khoi-tdp\/","title":{"rendered":"B\u1ed3n c\u1ea7u 1 kh\u1ed1i \u0111en &#8211; T\u0110P"},"content":{"rendered":"<h1 style=\"text-align: center;\"><span style=\"color: #ff0000;\"><strong><span style=\"font-size: 100%;\"><a style=\"color: #ff0000;\" href=\"https:\/\/tranthi.vn\/quangnam\/bon-cau-bc2238\/\"><span style=\"font-family: 'times new roman', times, serif;\">B\u1ed2N C\u1ea6U LI\u1ec0N 1 KH\u1ed0I GI\u00c1 R\u1eba T\u1ea0I \u0110\u00c0 N\u1eb4NG<\/span><\/a><\/span><\/strong><\/span><\/h1>\n<p><span style=\"font-family: 'times new roman', times, serif; font-size: 130%; color: #000000;\">T\u1ea1i <strong><em>\u0110\u00e0 N\u1eb5ng b\u1ed3n c\u1ea7u li\u1ec1n 1 kh\u1ed1i<\/em><\/strong> c\u00f3 nhi\u1ec1u m\u1ee9c <a href=\"https:\/\/vi.wikipedia.org\/wiki\/Gi%C3%A1_c%E1%BA%A3#:~:text=Gi%C3%A1%20c%E1%BA%A3%20l%C3%A0%20bi%E1%BB%83u%20hi%E1%BB%87n,%C4%91%E1%BB%95i%20xoay%20quanh%20gi%C3%A1%20tr%E1%BB%8B.\"><strong><em>gi\u00e1<\/em> <\/strong><\/a>kh\u00e1c nhau ph\u1ee5 thu\u1ed9c v\u00e0o th\u01b0\u01a1ng hi\u1ec7u, ngu\u1ed3n g\u1ed1c xu\u1ea5t x\u1ee9. Gi\u00e1 nh\u1eefng chi\u1ebfc b\u1ed3n c\u1ea7u 1 kh\u1ed1i c\u1ee7a nh\u1eefng th\u01b0\u01a1ng hi\u1ec7u l\u1edbn th\u01b0\u1eddng t\u1eeb 3 tri\u1ec7u tr\u1edf l\u00ean. V\u1eady li\u1ec7u d\u01b0\u1edbi 2 tri\u1ec7u b\u1ea1n s\u1ebd mua \u0111\u01b0\u1ee3c 1 chi\u1ebfc b\u1ed3n c\u1ea7u nh\u01b0 th\u1ebf n\u00e0o? <\/span><span style=\"color: #000000; font-family: 'times new roman', times, serif; font-size: 130%;\">c\u00f3 th\u1ef1c s\u1ef1 t\u1ed1t v\u00e0 \u0111\u1eb9p kh\u00f4ng?<\/span><\/p>\n<h2><span style=\"color: #ff0000; font-size: 100%;\"><strong><span style=\"font-family: 'times new roman', times, serif;\">1. B\u1ed3n c\u1ea7u li\u1ec1n 1 kh\u1ed1i gi\u00e1 r\u1ebb t\u1ea1i \u0110\u00e0 N\u1eb5ng<\/span><\/strong><\/span><\/h2>\n<p><span style=\"font-family: 'times new roman', times, serif; font-size: 130%; color: #000000;\">T\u1ea1i <em><strong>\u0110\u00e0 n\u1eb5ng<\/strong><\/em> h\u1ea7u h\u1ebft nh\u1eefng m\u1eabu <strong><em>b\u1ed3n c\u1ea7u li\u1ec1n 1<\/em><\/strong> kh\u1ed1i ho\u1eb7c 2 kh\u1ed1i tr\u00ean th\u1ecb tr\u01b0\u1eddng \u0111\u1ec1u c\u00f3 ngu\u1ed3n g\u1ed1c t\u1eeb trung qu\u1ed1c \u0111\u01b0\u1ee3c nh\u1eadp v\u1ec1 v\u1edbi <strong><em>gi\u00e1<\/em><\/strong> th\u1ea5p sau \u0111\u00f3 in t\u00ean th\u01b0\u01a1ng hi\u1ec7u c\u1ee7a \u0111\u01a1n v\u1ecb. \u0110i\u1ec1u n\u00e0y gi\u00fap cho nhi\u1ec1u \u0111\u01a1n b\u1ecb b\u00e1n h\u00e0ng kh\u00f4ng c\u00f3 t\u00e2m l\u1ee3i d\u1ee5ng l\u00e0m h\u00e0ng gi\u1ea3 h\u00e0ng nh\u00e1i b\u00e1n ra v\u1edbi m\u1ee9c gi\u00e1 cao ng\u1ea5t ng\u01b0\u1ee1ng<\/span><\/p>\n<p><span style=\"font-family: 'times new roman', times, serif; font-size: 130%; color: #000000;\">Nh\u1eefng chi\u1ebfc b\u1ed3n c\u1ea7u li\u1ec1n 1 kh\u1ed1i \u0111\u01b0\u1ee3c nh\u1eadp t\u1eeb trung qu\u1ed1c c\u00f3 m\u1ee9c gi\u00e1 giao \u0111\u1ed9ng t\u1eeb 1.500.000 \u0111\u1ebfn 2.500.000\/c\u00e1i. M\u1ed9t m\u1ee9c gi\u00e1 ph\u00f9 h\u1ee3p \u0111\u1ec1 l\u00e0m nh\u00e0 tr\u1ecd, c\u0103n h\u1ed9, kh\u00e1ch s\u1ea1n, nh\u00e0 \u1edf &#8230;.<\/span><\/p>\n<div id='gallery-1' class='gallery galleryid-6193 gallery-columns-3 gallery-size-medium'><figure class='gallery-item'>\n\t\t\t<div class='gallery-icon landscape'>\n\t\t\t\t<a href='https:\/\/tranthi.vn\/quangnam\/?attachment_id=4145'><img loading=\"lazy\" decoding=\"async\" width=\"400\" height=\"400\" src=\"https:\/\/tranthi.vn\/quangnam\/wp-content\/uploads\/2022\/07\/gia-bon-cau-re-tai-da-nang-8820_optimized.jpg\" class=\"attachment-medium size-medium\" alt=\"\" srcset=\"https:\/\/tranthi.vn\/quangnam\/wp-content\/uploads\/2022\/07\/gia-bon-cau-re-tai-da-nang-8820_optimized.jpg 400w, https:\/\/tranthi.vn\/quangnam\/wp-content\/uploads\/2022\/07\/gia-bon-cau-re-tai-da-nang-8820_optimized-100x100.jpg 100w\" sizes=\"auto, (max-width: 400px) 100vw, 400px\" \/><\/a>\n\t\t\t<\/div><\/figure><figure class='gallery-item'>\n\t\t\t<div class='gallery-icon landscape'>\n\t\t\t\t<a href='https:\/\/tranthi.vn\/quangnam\/?attachment_id=4146'><img loading=\"lazy\" decoding=\"async\" width=\"400\" height=\"400\" src=\"https:\/\/tranthi.vn\/quangnam\/wp-content\/uploads\/2022\/07\/gia-bon-cau-re-tai-da-nang-t05_optimized.jpg\" class=\"attachment-medium size-medium\" alt=\"\" srcset=\"https:\/\/tranthi.vn\/quangnam\/wp-content\/uploads\/2022\/07\/gia-bon-cau-re-tai-da-nang-t05_optimized.jpg 400w, https:\/\/tranthi.vn\/quangnam\/wp-content\/uploads\/2022\/07\/gia-bon-cau-re-tai-da-nang-t05_optimized-100x100.jpg 100w\" sizes=\"auto, (max-width: 400px) 100vw, 400px\" \/><\/a>\n\t\t\t<\/div><\/figure><figure class='gallery-item'>\n\t\t\t<div class='gallery-icon landscape'>\n\t\t\t\t<a href='https:\/\/tranthi.vn\/quangnam\/?attachment_id=4144'><img loading=\"lazy\" decoding=\"async\" width=\"400\" height=\"400\" src=\"https:\/\/tranthi.vn\/quangnam\/wp-content\/uploads\/2022\/07\/gia-bon-cau-re-tai-da-nang-8023_optimized.jpg\" class=\"attachment-medium size-medium\" alt=\"\" srcset=\"https:\/\/tranthi.vn\/quangnam\/wp-content\/uploads\/2022\/07\/gia-bon-cau-re-tai-da-nang-8023_optimized.jpg 400w, https:\/\/tranthi.vn\/quangnam\/wp-content\/uploads\/2022\/07\/gia-bon-cau-re-tai-da-nang-8023_optimized-100x100.jpg 100w\" sizes=\"auto, (max-width: 400px) 100vw, 400px\" \/><\/a>\n\t\t\t<\/div><\/figure><figure class='gallery-item'>\n\t\t\t<div class='gallery-icon landscape'>\n\t\t\t\t<a href='https:\/\/tranthi.vn\/quangnam\/?attachment_id=4143'><img loading=\"lazy\" decoding=\"async\" width=\"400\" height=\"400\" src=\"https:\/\/tranthi.vn\/quangnam\/wp-content\/uploads\/2022\/07\/gia-bon-cau-re-tai-da-nang-2289_optimized.jpg\" class=\"attachment-medium size-medium\" alt=\"\" srcset=\"https:\/\/tranthi.vn\/quangnam\/wp-content\/uploads\/2022\/07\/gia-bon-cau-re-tai-da-nang-2289_optimized.jpg 400w, https:\/\/tranthi.vn\/quangnam\/wp-content\/uploads\/2022\/07\/gia-bon-cau-re-tai-da-nang-2289_optimized-100x100.jpg 100w\" sizes=\"auto, (max-width: 400px) 100vw, 400px\" \/><\/a>\n\t\t\t<\/div><\/figure><figure class='gallery-item'>\n\t\t\t<div class='gallery-icon landscape'>\n\t\t\t\t<a href='https:\/\/tranthi.vn\/quangnam\/?attachment_id=4142'><img loading=\"lazy\" decoding=\"async\" width=\"400\" height=\"400\" src=\"https:\/\/tranthi.vn\/quangnam\/wp-content\/uploads\/2022\/07\/gia-bon-cau-re-tai-da-nang-2218_optimized.jpg\" class=\"attachment-medium size-medium\" alt=\"\" srcset=\"https:\/\/tranthi.vn\/quangnam\/wp-content\/uploads\/2022\/07\/gia-bon-cau-re-tai-da-nang-2218_optimized.jpg 400w, https:\/\/tranthi.vn\/quangnam\/wp-content\/uploads\/2022\/07\/gia-bon-cau-re-tai-da-nang-2218_optimized-100x100.jpg 100w\" sizes=\"auto, (max-width: 400px) 100vw, 400px\" \/><\/a>\n\t\t\t<\/div><\/figure><figure class='gallery-item'>\n\t\t\t<div class='gallery-icon landscape'>\n\t\t\t\t<a href='https:\/\/tranthi.vn\/quangnam\/?attachment_id=4141'><img loading=\"lazy\" decoding=\"async\" width=\"400\" height=\"400\" src=\"https:\/\/tranthi.vn\/quangnam\/wp-content\/uploads\/2022\/07\/gia-bon-cau-re-tai-da-nang-2019g7_optimized.jpg\" class=\"attachment-medium size-medium\" alt=\"\" srcset=\"https:\/\/tranthi.vn\/quangnam\/wp-content\/uploads\/2022\/07\/gia-bon-cau-re-tai-da-nang-2019g7_optimized.jpg 400w, https:\/\/tranthi.vn\/quangnam\/wp-content\/uploads\/2022\/07\/gia-bon-cau-re-tai-da-nang-2019g7_optimized-100x100.jpg 100w\" sizes=\"auto, (max-width: 400px) 100vw, 400px\" \/><\/a>\n\t\t\t<\/div><\/figure>\n\t\t<\/div>\n\n<p style=\"text-align: center;\"><strong><em><span style=\"font-family: 'times new roman', times, serif; font-size: 130%; color: #008000;\">M\u1eabu m\u00e3 nh\u1eefng chi\u1ebfc b\u1ed3n c\u1ea7u gi\u00e1 r\u1ebb t\u1ea1i \u0110\u00e0 N\u1eb5ng<\/span><\/em><\/strong><\/p>\n<h2><strong><span style=\"font-family: 'times new roman', times, serif; font-size: 100%; color: #ff0000;\">2. B\u1ed3n c\u1ea7u gi\u00e1 r\u1ebb d\u01b0\u1edbi 2 tri\u1ec7u c\u00f3 th\u1ef1c s\u1ef1 t\u1ed1t<\/span><\/strong><\/h2>\n<p><span style=\"font-family: 'times new roman', times, serif; font-size: 130%; color: #000000;\"><strong><em>T\u1ea1i <a href=\"https:\/\/vi.wikipedia.org\/wiki\/%C4%90%C3%A0_N%E1%BA%B5ng\">\u0110\u00e0 N\u1eb5ng<\/a><\/em><\/strong> s\u1edf h\u1eefu 1 chi\u1ebfc <strong><em>b\u1ed3n c\u1ea7u li\u1ec1n kh\u1ed1i<\/em> <\/strong>v\u1edbi gi\u00e1 d\u01b0\u1edbi 2 tri\u1ec7u kh\u00f4ng h\u1ec1 kh\u00f3, tuy nhi\u00ean v\u1edbi m\u1ee9c gi\u00e1 \u0111\u00f3 b\u1ea1n kh\u00f4ng th\u1ec3 y\u00eau c\u1ea7u c\u00f3 th\u1ec3 s\u1edf h\u1eefu \u0111\u01b0\u1ee3c 1 chi\u1ebfc b\u1ed3n c\u1ea7u v\u1edbi tu\u1ed5i \u0111\u1eddi l\u00ean t\u1edbi\u00a0 h\u01a1n 10 n\u0103m<\/span><\/p>\n<p><span style=\"font-family: 'times new roman', times, serif; font-size: 130%; color: #000000;\">Nh\u01b0ng t\u1eeb 5 t\u1edbi 10 n\u00f3 c\u00f3 th\u1ec3 \u0111\u00e1p \u1ee9ng \u0111\u01b0\u1ee3c, nh\u1eefng v\u1ecb tr\u00ed th\u01b0\u1eddng h\u1ecfng nh\u1ea5t c\u1ee7a b\u1ed3n c\u1ea7u l\u00e0 ph\u1ee5 ki\u1ec7n trong k\u00e9t n\u01b0\u1edbc v\u00e0 n\u1eafp<\/span><\/p>\n<ul style=\"list-style-type: square;\">\n<li><span style=\"font-family: 'times new roman', times, serif; font-size: 130%; color: #000000;\">\u0110\u1ed1i v\u1edbi ph\u1ee5 ki\u1ec7n k\u00e9t n\u01b0\u1edbc, c\u00e1c s\u1ea3n ph\u1ea9m Tr\u1ea7n Th\u1ecb b\u00e1n ra s\u1ebd \u0111\u01b0\u1ee3c b\u1ea3o h\u00e0nh 1 n\u0103m, khi h\u1ecfng c\u1eeda h\u00e0ng s\u1ebd thay\u00a0 m\u1edbi mi\u1ec5n ph\u00ed. H\u1ebft b\u1ea3o h\u00e0nh n\u1ebfu h\u1ecfng kh\u00e1ch h\u00e0ng c\u00f3 th\u1ec3 ho\u00e0n to\u00e0n mua c\u00e1c linh ki\u1ec7n n\u00e0y \u1edf ngo\u00e0i v\u1edbi m\u1ee9c chi ph\u00ed kh\u00f4ng h\u1ec1 cao<\/span><\/li>\n<li><span style=\"font-family: 'times new roman', times, serif; font-size: 130%; color: #000000;\">\u0110\u1ed1i v\u1edbi ph\u1ea7n n\u1eafp, cho d\u00f9 l\u00e0 s\u1ea3n ph\u1ea9m m\u1eafc ti\u1ec1n th\u00ec ph\u1ea7n n\u1eafp c\u1ee7a b\u1ed3n c\u1ea7u c\u0169ng s\u1ebd b\u1ecb c\u0169, \u1ed1 v\u00e0ng ho\u1eb7c b\u1ecb s\u01b0\u1edbt sau 1 th\u1eddi gian s\u1eed d\u1ee5ng<\/span><\/li>\n<\/ul>\n<p><img loading=\"lazy\" decoding=\"async\" class=\"alignnone size-full wp-image-3429 aligncenter\" src=\"https:\/\/tranthi.vn\/quangnam\/wp-content\/uploads\/2020\/02\/men-su-dat-chat-luong_optimized-1.jpg\" alt=\"\" width=\"300\" height=\"300\" srcset=\"https:\/\/tranthi.vn\/quangnam\/wp-content\/uploads\/2020\/02\/men-su-dat-chat-luong_optimized-1.jpg 300w, https:\/\/tranthi.vn\/quangnam\/wp-content\/uploads\/2020\/02\/men-su-dat-chat-luong_optimized-1-100x100.jpg 100w\" sizes=\"auto, (max-width: 300px) 100vw, 300px\" \/><\/p>\n<p style=\"text-align: center;\"><span style=\"font-family: 'times new roman', times, serif; font-size: 130%; color: #008000;\"><em><strong>V\u1ec7 sinh th\u01b0\u1eddng xuy\u00ean \u0111\u1ec3 s\u1ee9 kh\u00f4ng b\u1ecb \u1ed1 v\u00e0ng<\/strong><\/em><\/span><\/p>\n<p><span style=\"font-family: 'times new roman', times, serif; font-size: 130%; color: #000000;\">Chung quy b\u1ed3n c\u1ea7u d\u01b0\u1edbi 2 tri\u1ec7u th\u1ef1c s\u1ef1 t\u1ed1t, th\u1eddi gian s\u1eed d\u1ee5ng v\u1eeba ph\u1ea3i. V\u1edbi m\u1ee9c chi ph\u00ed \u0111\u00f3 khi \u0111\u00e3 s\u1eed d\u1ee5ng \u0111\u01b0\u1ee3c 5, 7 n\u0103m b\u1ea1n ho\u00e0n to\u00e0n c\u00f3 th\u1ec3 tho\u00e1i m\u00e1i thay c\u00e1i m\u1edbi . C\u00f2n l\u00e0 \u0111i\u1ec1u ki\u1ec7n \u0111\u1ec3 b\u1ea1n c\u00f3 th\u1ec3 s\u1eed d\u1ee5ng \u0111\u01b0\u1ee3c nh\u1eefng s\u1ea3n ph\u1ea9m m\u1eabu m\u00e3 m\u1edbi c\u1ee7a th\u1ecb tr\u01b0\u1eddng<\/span><\/p>\n<h2><span style=\"font-size: 100%; color: #ff0000;\"><strong><span style=\"font-family: 'times new roman', times, serif;\">3. C\u00e1ch \u0111\u1ec3 ch\u1ecdn \u0111\u01b0\u1ee3c 1 chi\u1ebfc b\u1ed3n c\u1ea7u h\u1ee3p v\u1edbi ph\u00f2ng v\u1ec7 sinh<\/span><\/strong><\/span><\/h2>\n<p><span style=\"font-family: 'times new roman', times, serif; font-size: 130%; color: #000000;\">\u0110a s\u1ed1 c\u00e1c gia \u0111\u00ecnh tr\u01b0\u1edbc khi mua b\u1ed3n c\u1ea7u \u0111\u1ec1u \u0111\u00e3 x\u00e1c \u0111\u1ecbnh v\u1ecb tr\u00ed b\u1ed3n c\u1ea7u n\u1eb1m \u1edf \u0111\u00e2u v\u00e0 ch\u1eeba s\u1eb5n l\u1ed7 tho\u00e1t<\/span><\/p>\n<p><span style=\"font-family: 'times new roman', times, serif; font-size: 130%; color: #000000;\">N\u1ebfu nh\u01b0 th\u1ebf khi mua b\u1ed3n c\u1ea7u kh\u00e1ch h\u00e0ng \u0111o xem v\u1ecb tr\u00ed t\u1eeb t\u01b0\u1eddng ra t\u1edbi l\u1ed7 tho\u00e1t l\u00e0 bao nhi\u00eau. Th\u00f4ng th\u01b0\u1eddng l\u00e0 300mm. Nhi\u1ec1u nh\u00e0 ch\u1eeba qu\u00e1 s\u00e1t t\u01b0\u1eddng khi\u1ebfn b\u1ed3n c\u1ea7u kh\u00f4ng v\u1eeba v\u1ecb tr\u00ed l\u1ed7 tho\u00e1t b\u1ecb l\u1ec7ch r\u1ea5t m\u1ea5t th\u1eddi gian v\u00e0 c\u00f4ng s\u1ee9c<\/span><\/p>\n<p><span style=\"font-family: 'times new roman', times, serif; font-size: 130%; color: #000000;\">Khi ch\u1ecdn b\u1ed3n c\u1ea7u n\u00ean xem ph\u00f2ng c\u1ee7a m\u00ecnh c\u00f3 kh\u00f4ng gian \u0111\u1ee7 l\u1edbn kh\u00f4ng. Ch\u1ecdn m\u1ed9t chi\u1ebfc b\u1ed3n c\u1ea7u qu\u00e1 to chi\u1ebfm nhi\u1ec1u di\u1ec7n t\u00edch l\u00e0m ph\u00f2ng tr\u1edf n\u00ean ch\u1eadt ch\u1ed9i kh\u00f3 sinh ho\u1ea1t<\/span><\/p>\n<p><img loading=\"lazy\" decoding=\"async\" class=\"wp-image-4163 aligncenter\" src=\"https:\/\/tranthi.vn\/quangnam\/wp-content\/uploads\/2022\/07\/bon-cau-gia-re-da-nang_optimized.jpg\" alt=\"bon-cau-lien-1-khoi-gia-re-da-nang\" width=\"389\" height=\"331\" \/><\/p>\n<p style=\"text-align: center;\"><strong><em><span style=\"color: #008000; font-size: 130%; font-family: 'times new roman', times, serif;\">Ch\u1ecdn k\u00edch th\u01b0\u1edbc b\u1ed3n c\u1ea7u ph\u00f9 h\u1ee3p v\u1edbi kh\u00f4ng gian ph\u00f2ng<\/span><\/em><\/strong><\/p>\n<p><span style=\"font-family: 'times new roman', times, serif; font-size: 130%; color: #000000;\">M\u1ee5c \u0111\u00edch s\u1eed d\u1ee5ng c\u1ee7a gian ph\u00f2ng \u0111\u00f3, n\u1ebfu l\u00e0 c\u0103n ph\u00f2ng cho thu\u00ea th\u00ec m\u00ecnh ngh\u0129 nh\u1eefng chi\u1ebfc <strong><em>b\u1ed3n c\u1ea7u gi\u00e1 r\u1ebb<\/em> <\/strong>l\u00e0 ph\u01b0\u01a1ng \u00e1n h\u1ee3p l\u00fd nh\u1ea5t. Khi c\u00f3 s\u1ef1 c\u1ed1 x\u1ea3y ra s\u1ebd nh\u1eb9 cho kh\u00e1ch h\u00e0ng v\u00e0 c\u0169ng nh\u1eb9 cho ch\u1ee7 nh\u00e0. B\u00ean c\u1ea1nh \u0111\u00f3 b\u1ea1n s\u1ebd\u00a0 tho\u1ea3i m\u00e1i h\u01a1n khi mu\u1ed1n thay \u0111\u1ed5i 1 chi\u1ebfc b\u1ed3n c\u1ea7u theo xu h\u01b0\u1edbng ho\u1eb7c theo y\u00eau c\u1ea7u ng\u01b0\u1eddi thu\u00ea<\/span><\/p>\n<p><span style=\"font-size: 130%; font-family: 'times new roman', times, serif; color: #000000;\">Hi v\u1ecdng v\u1edbi nh\u1eefng th\u00f4ng tin tr\u00ean s\u1ebd gi\u00fap kh\u00e1ch h\u00e0ng an t\u00e2m h\u01a1n v\u00e0 l\u1ef1a ch\u1ecdn \u0111\u01b0\u1ee3c cho m\u00ecnh \u0111\u01b0\u1ee3c nh\u1eefng s\u1ea3n ph\u1ea9m \u01b0ng \u00fd nh\u1ea5t<\/span><\/p>\n","protected":false},"excerpt":{"rendered":"<p><span style=\"font-family: 'times new roman', times, serif; font-size: 130%;\">\ud83e\udd70B\u1ed3n C\u1ea7u 1 Kh\u1ed1i \u0110en<\/span><\/p>\n<p><span style=\"font-family: 'times new roman', times, serif; font-size: 130%;\">\ud83e\udd70\u0110\u01a1n gi\u00e1\u00a0 <strong><span style=\"color: #ff0000;\">2.350.000\u0111\/b\u1ed9 <\/span>(kh\u00f4ng bao g\u1ed3m d\u00e2y c\u1ea5p n\u01b0\u1edbc)<\/strong><\/span><\/p>\n<p><span style=\"font-family: 'times new roman', times, serif; font-size: 130%;\">\ud83e\udd70K\u00edch th\u01b0\u1edbc: 750x400x800 mm<\/span><\/p>\n<p><span style=\"font-family: 'times new roman', times, serif; font-size: 130%;\">\ud83e\udd70Ch\u1ebf \u0111\u1ed9: 2 ch\u1ebf \u0111\u1ed9 x\u1ea3 si\u00eau m\u1ea1nh, n\u1eafp \u0111\u00f3ng \u00eam nh\u1ef1a PP<\/span><\/p>\n<p><span style=\"font-family: 'times new roman', times, serif; font-size: 130%;\">\ud83e\udd70C\u00f4ng ngh\u1ec7 men nano cao c\u1ea5p<\/span><\/p>\n<p><span style=\"font-family: 'times new roman', times, serif; font-size: 130%; color: #0000ff;\"><em>Giao h\u00e0ng trong \u0111\u1ecba b\u00e0n<strong>\u00a0<a style=\"color: #0000ff;\" href=\"https:\/\/fr.wikipedia.org\/wiki\/Da_Nang\">\u0110\u00e0 N\u1eb5ng<\/a><\/strong><\/em><\/span><\/p>\n","protected":false},"featured_media":6194,"comment_status":"closed","ping_status":"closed","template":"","meta":[],"product_cat":[180,243,179],"product_tag":[],"class_list":{"0":"post-6193","1":"product","2":"type-product","3":"status-publish","4":"has-post-thumbnail","6":"product_cat-bon-cau","7":"product_cat-bon-cau-1-khoi","8":"product_cat-thiet-bi-ve-sinh-da-nang","10":"first","11":"instock","12":"sale","13":"shipping-taxable","14":"purchasable","15":"product-type-simple"},"yoast_head":"<!-- This site is optimized with the Yoast SEO Premium plugin v22.3 (Yoast SEO v22.8) - https:\/\/yoast.com\/wordpress\/plugins\/seo\/ -->\n<title>B\u1ed3n c\u1ea7u 1 kh\u1ed1i \u0111en - T\u0110P - V\u1eadt Li\u1ec7u X\u00e2y D\u1ef1ng Tr\u1ea7n Th\u1ecb Chi Nh\u00e1nh Qu\u1ea3ng Nam<\/title>\n<meta name=\"robots\" content=\"index, follow, max-snippet:-1, max-image-preview:large, max-video-preview:-1\" \/>\n<link rel=\"canonical\" href=\"https:\/\/tranthi.vn\/quangnam\/bc-1-khoi-tdp\/\" \/>\n<meta property=\"og:locale\" content=\"vi_VN\" \/>\n<meta property=\"og:type\" content=\"article\" \/>\n<meta property=\"og:title\" content=\"B\u1ed3n c\u1ea7u 1 kh\u1ed1i \u0111en - T\u0110P\" \/>\n<meta property=\"og:description\" content=\"\ud83e\udd70B\u1ed3n C\u1ea7u 1 Kh\u1ed1i \u0110en  \ud83e\udd70\u0110\u01a1n gi\u00e1\u00a0 2.350.000\u0111\/b\u1ed9 (kh\u00f4ng bao g\u1ed3m d\u00e2y c\u1ea5p n\u01b0\u1edbc)  \ud83e\udd70K\u00edch th\u01b0\u1edbc: 750x400x800 mm  \ud83e\udd70Ch\u1ebf \u0111\u1ed9: 2 ch\u1ebf \u0111\u1ed9 x\u1ea3 si\u00eau m\u1ea1nh, n\u1eafp \u0111\u00f3ng \u00eam nh\u1ef1a PP  \ud83e\udd70C\u00f4ng ngh\u1ec7 men nano cao c\u1ea5p  Giao h\u00e0ng trong \u0111\u1ecba b\u00e0n\u00a0\u0110\u00e0 N\u1eb5ng\" \/>\n<meta property=\"og:url\" content=\"https:\/\/tranthi.vn\/quangnam\/bc-1-khoi-tdp\/\" \/>\n<meta property=\"og:site_name\" content=\"V\u1eadt Li\u1ec7u X\u00e2y D\u1ef1ng Tr\u1ea7n Th\u1ecb Chi Nh\u00e1nh Qu\u1ea3ng Nam\" \/>\n<meta property=\"article:modified_time\" content=\"2024-04-09T02:49:08+00:00\" \/>\n<meta property=\"og:image\" content=\"https:\/\/tranthi.vn\/quangnam\/wp-content\/uploads\/2023\/10\/mau-bon-cau-1-khoi-mau-den-tai-da-nang.jpg\" \/>\n\t<meta property=\"og:image:width\" content=\"150\" \/>\n\t<meta property=\"og:image:height\" content=\"150\" \/>\n\t<meta property=\"og:image:type\" content=\"image\/jpeg\" \/>\n<meta name=\"twitter:card\" content=\"summary_large_image\" \/>\n<meta name=\"twitter:label1\" content=\"Gi\u00e1\" \/>\n\t<meta name=\"twitter:data1\" content=\"2,350,000&nbsp;&#8363;\" \/>\n\t<meta name=\"twitter:label2\" content=\"Kh\u1ea3 d\u1ee5ng\" \/>\n\t<meta name=\"twitter:data2\" content=\"Trong kho\" \/>\n<script type=\"application\/ld+json\" class=\"yoast-schema-graph\">{\"@context\":\"https:\/\/schema.org\",\"@graph\":[{\"@type\":[\"WebPage\",\"ItemPage\"],\"@id\":\"https:\/\/tranthi.vn\/quangnam\/bc-1-khoi-tdp\/\",\"url\":\"https:\/\/tranthi.vn\/quangnam\/bc-1-khoi-tdp\/\",\"name\":\"B\u1ed3n c\u1ea7u 1 kh\u1ed1i \u0111en - T\u0110P - V\u1eadt Li\u1ec7u X\u00e2y D\u1ef1ng Tr\u1ea7n Th\u1ecb Chi Nh\u00e1nh Qu\u1ea3ng Nam\",\"isPartOf\":{\"@id\":\"https:\/\/tranthi.vn\/quangnam\/#website\"},\"primaryImageOfPage\":{\"@id\":\"https:\/\/tranthi.vn\/quangnam\/bc-1-khoi-tdp\/#primaryimage\"},\"image\":{\"@id\":\"https:\/\/tranthi.vn\/quangnam\/bc-1-khoi-tdp\/#primaryimage\"},\"thumbnailUrl\":\"https:\/\/tranthi.vn\/quangnam\/wp-content\/uploads\/2023\/10\/mau-bon-cau-1-khoi-mau-den-tai-da-nang.jpg\",\"datePublished\":\"2023-10-25T08:35:50+00:00\",\"dateModified\":\"2024-04-09T02:49:08+00:00\",\"breadcrumb\":{\"@id\":\"https:\/\/tranthi.vn\/quangnam\/bc-1-khoi-tdp\/#breadcrumb\"},\"inLanguage\":\"vi\",\"potentialAction\":[{\"@type\":\"ReadAction\",\"target\":[\"https:\/\/tranthi.vn\/quangnam\/bc-1-khoi-tdp\/\"]}]},{\"@type\":\"ImageObject\",\"inLanguage\":\"vi\",\"@id\":\"https:\/\/tranthi.vn\/quangnam\/bc-1-khoi-tdp\/#primaryimage\",\"url\":\"https:\/\/tranthi.vn\/quangnam\/wp-content\/uploads\/2023\/10\/mau-bon-cau-1-khoi-mau-den-tai-da-nang.jpg\",\"contentUrl\":\"https:\/\/tranthi.vn\/quangnam\/wp-content\/uploads\/2023\/10\/mau-bon-cau-1-khoi-mau-den-tai-da-nang.jpg\",\"width\":150,\"height\":150,\"caption\":\"mau-bon-cau-1-khoi-mau-den-tai-da-nang.jpg\"},{\"@type\":\"BreadcrumbList\",\"@id\":\"https:\/\/tranthi.vn\/quangnam\/bc-1-khoi-tdp\/#breadcrumb\",\"itemListElement\":[{\"@type\":\"ListItem\",\"position\":1,\"name\":\"Trang ch\u1ee7\",\"item\":\"https:\/\/tranthi.vn\/quangnam\/\"},{\"@type\":\"ListItem\",\"position\":2,\"name\":\"Shop\",\"item\":\"https:\/\/tranthi.vn\/quangnam\/shop\/\"},{\"@type\":\"ListItem\",\"position\":3,\"name\":\"B\u1ed3n c\u1ea7u 1 kh\u1ed1i \u0111en &#8211; T\u0110P\"}]},{\"@type\":\"WebSite\",\"@id\":\"https:\/\/tranthi.vn\/quangnam\/#website\",\"url\":\"https:\/\/tranthi.vn\/quangnam\/\",\"name\":\"V\u1eadt Li\u1ec7u X\u00e2y D\u1ef1ng Tr\u1ea7n Th\u1ecb Chi Nh\u00e1nh Qu\u1ea3ng Nam\",\"description\":\"V\u1eadt Li\u1ec7u X\u00e2y D\u1ef1ng - Qu\u1ea3ng Nam\",\"potentialAction\":[{\"@type\":\"SearchAction\",\"target\":{\"@type\":\"EntryPoint\",\"urlTemplate\":\"https:\/\/tranthi.vn\/quangnam\/?s={search_term_string}\"},\"query-input\":\"required name=search_term_string\"}],\"inLanguage\":\"vi\"},{\"@type\":\"ImageObject\",\"inLanguage\":\"vi\",\"@id\":\"https:\/\/tranthi.vn\/quangnam\/bc-1-khoi-tdp\/#local-main-organization-logo\",\"url\":\"\",\"contentUrl\":\"\",\"caption\":\"V\u1eadt Li\u1ec7u X\u00e2y D\u1ef1ng Tr\u1ea7n Th\u1ecb Chi Nh\u00e1nh Qu\u1ea3ng Nam\"}]}<\/script>\n<meta property=\"product:price:amount\" content=\"2350000\" \/>\n<meta property=\"product:price:currency\" content=\"VND\" \/>\n<meta property=\"og:availability\" content=\"instock\" \/>\n<meta property=\"product:availability\" content=\"instock\" \/>\n<meta property=\"product:condition\" content=\"new\" \/>\n<!-- \/ Yoast SEO Premium plugin. -->","yoast_head_json":{"title":"B\u1ed3n c\u1ea7u 1 kh\u1ed1i \u0111en - T\u0110P - V\u1eadt Li\u1ec7u X\u00e2y D\u1ef1ng Tr\u1ea7n Th\u1ecb Chi Nh\u00e1nh Qu\u1ea3ng Nam","robots":{"index":"index","follow":"follow","max-snippet":"max-snippet:-1","max-image-preview":"max-image-preview:large","max-video-preview":"max-video-preview:-1"},"canonical":"https:\/\/tranthi.vn\/quangnam\/bc-1-khoi-tdp\/","og_locale":"vi_VN","og_type":"article","og_title":"B\u1ed3n c\u1ea7u 1 kh\u1ed1i \u0111en - T\u0110P","og_description":"\ud83e\udd70B\u1ed3n C\u1ea7u 1 Kh\u1ed1i \u0110en  \ud83e\udd70\u0110\u01a1n gi\u00e1\u00a0 2.350.000\u0111\/b\u1ed9 (kh\u00f4ng bao g\u1ed3m d\u00e2y c\u1ea5p n\u01b0\u1edbc)  \ud83e\udd70K\u00edch th\u01b0\u1edbc: 750x400x800 mm  \ud83e\udd70Ch\u1ebf \u0111\u1ed9: 2 ch\u1ebf \u0111\u1ed9 x\u1ea3 si\u00eau m\u1ea1nh, n\u1eafp \u0111\u00f3ng \u00eam nh\u1ef1a PP  \ud83e\udd70C\u00f4ng ngh\u1ec7 men nano cao c\u1ea5p  Giao h\u00e0ng trong \u0111\u1ecba b\u00e0n\u00a0\u0110\u00e0 N\u1eb5ng","og_url":"https:\/\/tranthi.vn\/quangnam\/bc-1-khoi-tdp\/","og_site_name":"V\u1eadt Li\u1ec7u X\u00e2y D\u1ef1ng Tr\u1ea7n Th\u1ecb Chi Nh\u00e1nh Qu\u1ea3ng Nam","article_modified_time":"2024-04-09T02:49:08+00:00","og_image":[{"width":150,"height":150,"url":"https:\/\/tranthi.vn\/quangnam\/wp-content\/uploads\/2023\/10\/mau-bon-cau-1-khoi-mau-den-tai-da-nang.jpg","type":"image\/jpeg"}],"twitter_card":"summary_large_image","twitter_misc":{"Gi\u00e1":"2,350,000&nbsp;&#8363;","Kh\u1ea3 d\u1ee5ng":"Trong kho"},"schema":{"@context":"https:\/\/schema.org","@graph":[{"@type":["WebPage","ItemPage"],"@id":"https:\/\/tranthi.vn\/quangnam\/bc-1-khoi-tdp\/","url":"https:\/\/tranthi.vn\/quangnam\/bc-1-khoi-tdp\/","name":"B\u1ed3n c\u1ea7u 1 kh\u1ed1i \u0111en - T\u0110P - V\u1eadt Li\u1ec7u X\u00e2y D\u1ef1ng Tr\u1ea7n Th\u1ecb Chi Nh\u00e1nh Qu\u1ea3ng Nam","isPartOf":{"@id":"https:\/\/tranthi.vn\/quangnam\/#website"},"primaryImageOfPage":{"@id":"https:\/\/tranthi.vn\/quangnam\/bc-1-khoi-tdp\/#primaryimage"},"image":{"@id":"https:\/\/tranthi.vn\/quangnam\/bc-1-khoi-tdp\/#primaryimage"},"thumbnailUrl":"https:\/\/tranthi.vn\/quangnam\/wp-content\/uploads\/2023\/10\/mau-bon-cau-1-khoi-mau-den-tai-da-nang.jpg","datePublished":"2023-10-25T08:35:50+00:00","dateModified":"2024-04-09T02:49:08+00:00","breadcrumb":{"@id":"https:\/\/tranthi.vn\/quangnam\/bc-1-khoi-tdp\/#breadcrumb"},"inLanguage":"vi","potentialAction":[{"@type":"ReadAction","target":["https:\/\/tranthi.vn\/quangnam\/bc-1-khoi-tdp\/"]}]},{"@type":"ImageObject","inLanguage":"vi","@id":"https:\/\/tranthi.vn\/quangnam\/bc-1-khoi-tdp\/#primaryimage","url":"https:\/\/tranthi.vn\/quangnam\/wp-content\/uploads\/2023\/10\/mau-bon-cau-1-khoi-mau-den-tai-da-nang.jpg","contentUrl":"https:\/\/tranthi.vn\/quangnam\/wp-content\/uploads\/2023\/10\/mau-bon-cau-1-khoi-mau-den-tai-da-nang.jpg","width":150,"height":150,"caption":"mau-bon-cau-1-khoi-mau-den-tai-da-nang.jpg"},{"@type":"BreadcrumbList","@id":"https:\/\/tranthi.vn\/quangnam\/bc-1-khoi-tdp\/#breadcrumb","itemListElement":[{"@type":"ListItem","position":1,"name":"Trang ch\u1ee7","item":"https:\/\/tranthi.vn\/quangnam\/"},{"@type":"ListItem","position":2,"name":"Shop","item":"https:\/\/tranthi.vn\/quangnam\/shop\/"},{"@type":"ListItem","position":3,"name":"B\u1ed3n c\u1ea7u 1 kh\u1ed1i \u0111en &#8211; T\u0110P"}]},{"@type":"WebSite","@id":"https:\/\/tranthi.vn\/quangnam\/#website","url":"https:\/\/tranthi.vn\/quangnam\/","name":"V\u1eadt Li\u1ec7u X\u00e2y D\u1ef1ng Tr\u1ea7n Th\u1ecb Chi Nh\u00e1nh Qu\u1ea3ng Nam","description":"V\u1eadt Li\u1ec7u X\u00e2y D\u1ef1ng - Qu\u1ea3ng Nam","potentialAction":[{"@type":"SearchAction","target":{"@type":"EntryPoint","urlTemplate":"https:\/\/tranthi.vn\/quangnam\/?s={search_term_string}"},"query-input":"required name=search_term_string"}],"inLanguage":"vi"},{"@type":"ImageObject","inLanguage":"vi","@id":"https:\/\/tranthi.vn\/quangnam\/bc-1-khoi-tdp\/#local-main-organization-logo","url":"","contentUrl":"","caption":"V\u1eadt Li\u1ec7u X\u00e2y D\u1ef1ng Tr\u1ea7n Th\u1ecb Chi Nh\u00e1nh Qu\u1ea3ng Nam"}]},"product_price_amount":"2350000","product_price_currency":"VND","og_availability":"instock","product_availability":"instock","product_condition":"new"},"_links":{"self":[{"href":"https:\/\/tranthi.vn\/quangnam\/wp-json\/wp\/v2\/product\/6193","targetHints":{"allow":["GET"]}}],"collection":[{"href":"https:\/\/tranthi.vn\/quangnam\/wp-json\/wp\/v2\/product"}],"about":[{"href":"https:\/\/tranthi.vn\/quangnam\/wp-json\/wp\/v2\/types\/product"}],"replies":[{"embeddable":true,"href":"https:\/\/tranthi.vn\/quangnam\/wp-json\/wp\/v2\/comments?post=6193"}],"wp:featuredmedia":[{"embeddable":true,"href":"https:\/\/tranthi.vn\/quangnam\/wp-json\/wp\/v2\/media\/6194"}],"wp:attachment":[{"href":"https:\/\/tranthi.vn\/quangnam\/wp-json\/wp\/v2\/media?parent=6193"}],"wp:term":[{"taxonomy":"product_cat","embeddable":true,"href":"https:\/\/tranthi.vn\/quangnam\/wp-json\/wp\/v2\/product_cat?post=6193"},{"taxonomy":"product_tag","embeddable":true,"href":"https:\/\/tranthi.vn\/quangnam\/wp-json\/wp\/v2\/product_tag?post=6193"}],"curies":[{"name":"wp","href":"https:\/\/api.w.org\/{rel}","templated":true}]}}