{"id":6168,"date":"2023-10-25T13:45:40","date_gmt":"2023-10-25T06:45:40","guid":{"rendered":"https:\/\/tranthi.vn\/quangnam\/?post_type=product&#038;p=6168"},"modified":"2023-10-25T13:53:04","modified_gmt":"2023-10-25T06:53:04","slug":"ban-tron-mt04-vh-kt-06x06","status":"publish","type":"product","link":"https:\/\/tranthi.vn\/quangnam\/ban-tron-mt04-vh-kt-06x06\/","title":{"rendered":"B\u00e0n tr\u00f2n MT04-VH (0,6&#215;0,6)"},"content":{"rendered":"","protected":false},"excerpt":{"rendered":"<p><em> &#8211; M\u1eb7t b\u00e0n:<\/em><strong> \u0110\u00e1 Granite b\u00f3ng\/matt d\u00e0y 9mm, kh\u00f4ng b\u1ecb \u1ed1, kh\u00f4ng b\u1ecb th\u1ea5m \u2026<\/strong><em>.<\/em><br \/>\n<em>&#8211; Ch\u00e2n b\u00e0n:<\/em><strong> S\u1eaft m\u1ea1 k\u1ebdm <\/strong><\/p>\n<p><em> &#8211; K\u00edch th\u01b0\u1edbc: <\/em><span style=\"color: #ff0000;\"><strong>Cao x R\u1ed9ng 0,6&#215;0,6<\/strong><\/span><\/p>\n<p><img decoding=\"async\" class=\"emoji\" role=\"img\" draggable=\"false\" src=\"https:\/\/s.w.org\/images\/core\/emoji\/14.0.0\/svg\/1f61b.svg\" alt=\"\ud83d\ude1b\" \/><span style=\"color: #00aae7;\">\u0110\u01a1n v\u1ecb t\u00ednh: c\u00e1i<\/span><\/p>\n<p><img decoding=\"async\" class=\"emoji\" style=\"background-color: #ffffff; font-size: 14.4px;\" role=\"img\" draggable=\"false\" src=\"https:\/\/s.w.org\/images\/core\/emoji\/14.0.0\/svg\/1f61b.svg\" alt=\"\ud83d\ude1b\" \/><span style=\"font-size: 14.4px; color: #00aae7;\">Giao h\u00e0ng t\u1ea1i n\u1ed9i th\u00e0nh \u0110\u00e0 N\u1eb5ng.<\/span><\/p>\n","protected":false},"featured_media":6169,"comment_status":"closed","ping_status":"closed","template":"","meta":[],"product_cat":[394,395],"product_tag":[],"class_list":{"0":"post-6168","1":"product","2":"type-product","3":"status-publish","4":"has-post-thumbnail","6":"product_cat-ban","7":"product_cat-ke-chan-sat-mat-da-men","9":"first","10":"instock","11":"sale","12":"shipping-taxable","13":"purchasable","14":"product-type-simple"},"yoast_head":"<!-- This site is optimized with the Yoast SEO Premium plugin v22.3 (Yoast SEO v22.8) - https:\/\/yoast.com\/wordpress\/plugins\/seo\/ -->\n<title>B\u00e0n tr\u00f2n MT04-VH (0,6x0,6) - V\u1eadt Li\u1ec7u X\u00e2y D\u1ef1ng Tr\u1ea7n Th\u1ecb Chi Nh\u00e1nh Qu\u1ea3ng Nam<\/title>\n<meta name=\"robots\" content=\"index, follow, max-snippet:-1, max-image-preview:large, max-video-preview:-1\" \/>\n<link rel=\"canonical\" href=\"https:\/\/tranthi.vn\/quangnam\/ban-tron-mt04-vh-kt-06x06\/\" \/>\n<meta property=\"og:locale\" content=\"vi_VN\" \/>\n<meta property=\"og:type\" content=\"article\" \/>\n<meta property=\"og:title\" content=\"B\u00e0n tr\u00f2n MT04-VH (0,6x0,6)\" \/>\n<meta property=\"og:description\" content=\"- M\u1eb7t b\u00e0n: \u0110\u00e1 Granite b\u00f3ng\/matt d\u00e0y 9mm, kh\u00f4ng b\u1ecb \u1ed1, kh\u00f4ng b\u1ecb th\u1ea5m \u2026. - Ch\u00e2n b\u00e0n: S\u1eaft m\u1ea1 k\u1ebdm   - K\u00edch th\u01b0\u1edbc: Cao x R\u1ed9ng 0,6x0,6  \u0110\u01a1n v\u1ecb t\u00ednh: c\u00e1i  Giao h\u00e0ng t\u1ea1i n\u1ed9i th\u00e0nh \u0110\u00e0 N\u1eb5ng.\" \/>\n<meta property=\"og:url\" content=\"https:\/\/tranthi.vn\/quangnam\/ban-tron-mt04-vh-kt-06x06\/\" \/>\n<meta property=\"og:site_name\" content=\"V\u1eadt Li\u1ec7u X\u00e2y D\u1ef1ng Tr\u1ea7n Th\u1ecb Chi Nh\u00e1nh Qu\u1ea3ng Nam\" \/>\n<meta property=\"article:modified_time\" content=\"2023-10-25T06:53:04+00:00\" \/>\n<meta property=\"og:image\" content=\"https:\/\/tranthi.vn\/quangnam\/wp-content\/uploads\/2023\/10\/ban-tron-MT04-da-nang.jpg\" \/>\n\t<meta property=\"og:image:width\" content=\"195\" \/>\n\t<meta property=\"og:image:height\" content=\"239\" \/>\n\t<meta property=\"og:image:type\" content=\"image\/jpeg\" \/>\n<meta name=\"twitter:card\" content=\"summary_large_image\" \/>\n<meta name=\"twitter:label1\" content=\"Gi\u00e1\" \/>\n\t<meta name=\"twitter:data1\" content=\"858,000&nbsp;&#8363;\" \/>\n\t<meta name=\"twitter:label2\" content=\"Kh\u1ea3 d\u1ee5ng\" \/>\n\t<meta name=\"twitter:data2\" content=\"Trong kho\" \/>\n<script type=\"application\/ld+json\" class=\"yoast-schema-graph\">{\"@context\":\"https:\/\/schema.org\",\"@graph\":[{\"@type\":[\"WebPage\",\"ItemPage\"],\"@id\":\"https:\/\/tranthi.vn\/quangnam\/ban-tron-mt04-vh-kt-06x06\/\",\"url\":\"https:\/\/tranthi.vn\/quangnam\/ban-tron-mt04-vh-kt-06x06\/\",\"name\":\"B\u00e0n tr\u00f2n MT04-VH (0,6x0,6) - V\u1eadt Li\u1ec7u X\u00e2y D\u1ef1ng Tr\u1ea7n Th\u1ecb Chi Nh\u00e1nh Qu\u1ea3ng Nam\",\"isPartOf\":{\"@id\":\"https:\/\/tranthi.vn\/quangnam\/#website\"},\"primaryImageOfPage\":{\"@id\":\"https:\/\/tranthi.vn\/quangnam\/ban-tron-mt04-vh-kt-06x06\/#primaryimage\"},\"image\":{\"@id\":\"https:\/\/tranthi.vn\/quangnam\/ban-tron-mt04-vh-kt-06x06\/#primaryimage\"},\"thumbnailUrl\":\"https:\/\/tranthi.vn\/quangnam\/wp-content\/uploads\/2023\/10\/ban-tron-MT04-da-nang.jpg\",\"datePublished\":\"2023-10-25T06:45:40+00:00\",\"dateModified\":\"2023-10-25T06:53:04+00:00\",\"breadcrumb\":{\"@id\":\"https:\/\/tranthi.vn\/quangnam\/ban-tron-mt04-vh-kt-06x06\/#breadcrumb\"},\"inLanguage\":\"vi\",\"potentialAction\":[{\"@type\":\"ReadAction\",\"target\":[\"https:\/\/tranthi.vn\/quangnam\/ban-tron-mt04-vh-kt-06x06\/\"]}]},{\"@type\":\"ImageObject\",\"inLanguage\":\"vi\",\"@id\":\"https:\/\/tranthi.vn\/quangnam\/ban-tron-mt04-vh-kt-06x06\/#primaryimage\",\"url\":\"https:\/\/tranthi.vn\/quangnam\/wp-content\/uploads\/2023\/10\/ban-tron-MT04-da-nang.jpg\",\"contentUrl\":\"https:\/\/tranthi.vn\/quangnam\/wp-content\/uploads\/2023\/10\/ban-tron-MT04-da-nang.jpg\",\"width\":195,\"height\":239},{\"@type\":\"BreadcrumbList\",\"@id\":\"https:\/\/tranthi.vn\/quangnam\/ban-tron-mt04-vh-kt-06x06\/#breadcrumb\",\"itemListElement\":[{\"@type\":\"ListItem\",\"position\":1,\"name\":\"Trang ch\u1ee7\",\"item\":\"https:\/\/tranthi.vn\/quangnam\/\"},{\"@type\":\"ListItem\",\"position\":2,\"name\":\"Shop\",\"item\":\"https:\/\/tranthi.vn\/quangnam\/shop\/\"},{\"@type\":\"ListItem\",\"position\":3,\"name\":\"B\u00e0n tr\u00f2n MT04-VH (0,6&#215;0,6)\"}]},{\"@type\":\"WebSite\",\"@id\":\"https:\/\/tranthi.vn\/quangnam\/#website\",\"url\":\"https:\/\/tranthi.vn\/quangnam\/\",\"name\":\"V\u1eadt Li\u1ec7u X\u00e2y D\u1ef1ng Tr\u1ea7n Th\u1ecb Chi Nh\u00e1nh Qu\u1ea3ng Nam\",\"description\":\"V\u1eadt Li\u1ec7u X\u00e2y D\u1ef1ng - Qu\u1ea3ng Nam\",\"potentialAction\":[{\"@type\":\"SearchAction\",\"target\":{\"@type\":\"EntryPoint\",\"urlTemplate\":\"https:\/\/tranthi.vn\/quangnam\/?s={search_term_string}\"},\"query-input\":\"required name=search_term_string\"}],\"inLanguage\":\"vi\"},{\"@type\":\"ImageObject\",\"inLanguage\":\"vi\",\"@id\":\"https:\/\/tranthi.vn\/quangnam\/ban-tron-mt04-vh-kt-06x06\/#local-main-organization-logo\",\"url\":\"\",\"contentUrl\":\"\",\"caption\":\"V\u1eadt Li\u1ec7u X\u00e2y D\u1ef1ng Tr\u1ea7n Th\u1ecb Chi Nh\u00e1nh Qu\u1ea3ng Nam\"}]}<\/script>\n<meta property=\"product:price:amount\" content=\"858000\" \/>\n<meta property=\"product:price:currency\" content=\"VND\" \/>\n<meta property=\"og:availability\" content=\"instock\" \/>\n<meta property=\"product:availability\" content=\"instock\" \/>\n<meta property=\"product:condition\" content=\"new\" \/>\n<!-- \/ Yoast SEO Premium plugin. -->","yoast_head_json":{"title":"B\u00e0n tr\u00f2n MT04-VH (0,6x0,6) - V\u1eadt Li\u1ec7u X\u00e2y D\u1ef1ng Tr\u1ea7n Th\u1ecb Chi Nh\u00e1nh Qu\u1ea3ng Nam","robots":{"index":"index","follow":"follow","max-snippet":"max-snippet:-1","max-image-preview":"max-image-preview:large","max-video-preview":"max-video-preview:-1"},"canonical":"https:\/\/tranthi.vn\/quangnam\/ban-tron-mt04-vh-kt-06x06\/","og_locale":"vi_VN","og_type":"article","og_title":"B\u00e0n tr\u00f2n MT04-VH (0,6x0,6)","og_description":"- M\u1eb7t b\u00e0n: \u0110\u00e1 Granite b\u00f3ng\/matt d\u00e0y 9mm, kh\u00f4ng b\u1ecb \u1ed1, kh\u00f4ng b\u1ecb th\u1ea5m \u2026. - Ch\u00e2n b\u00e0n: S\u1eaft m\u1ea1 k\u1ebdm   - K\u00edch th\u01b0\u1edbc: Cao x R\u1ed9ng 0,6x0,6  \u0110\u01a1n v\u1ecb t\u00ednh: c\u00e1i  Giao h\u00e0ng t\u1ea1i n\u1ed9i th\u00e0nh \u0110\u00e0 N\u1eb5ng.","og_url":"https:\/\/tranthi.vn\/quangnam\/ban-tron-mt04-vh-kt-06x06\/","og_site_name":"V\u1eadt Li\u1ec7u X\u00e2y D\u1ef1ng Tr\u1ea7n Th\u1ecb Chi Nh\u00e1nh Qu\u1ea3ng Nam","article_modified_time":"2023-10-25T06:53:04+00:00","og_image":[{"width":195,"height":239,"url":"https:\/\/tranthi.vn\/quangnam\/wp-content\/uploads\/2023\/10\/ban-tron-MT04-da-nang.jpg","type":"image\/jpeg"}],"twitter_card":"summary_large_image","twitter_misc":{"Gi\u00e1":"858,000&nbsp;&#8363;","Kh\u1ea3 d\u1ee5ng":"Trong kho"},"schema":{"@context":"https:\/\/schema.org","@graph":[{"@type":["WebPage","ItemPage"],"@id":"https:\/\/tranthi.vn\/quangnam\/ban-tron-mt04-vh-kt-06x06\/","url":"https:\/\/tranthi.vn\/quangnam\/ban-tron-mt04-vh-kt-06x06\/","name":"B\u00e0n tr\u00f2n MT04-VH (0,6x0,6) - V\u1eadt Li\u1ec7u X\u00e2y D\u1ef1ng Tr\u1ea7n Th\u1ecb Chi Nh\u00e1nh Qu\u1ea3ng Nam","isPartOf":{"@id":"https:\/\/tranthi.vn\/quangnam\/#website"},"primaryImageOfPage":{"@id":"https:\/\/tranthi.vn\/quangnam\/ban-tron-mt04-vh-kt-06x06\/#primaryimage"},"image":{"@id":"https:\/\/tranthi.vn\/quangnam\/ban-tron-mt04-vh-kt-06x06\/#primaryimage"},"thumbnailUrl":"https:\/\/tranthi.vn\/quangnam\/wp-content\/uploads\/2023\/10\/ban-tron-MT04-da-nang.jpg","datePublished":"2023-10-25T06:45:40+00:00","dateModified":"2023-10-25T06:53:04+00:00","breadcrumb":{"@id":"https:\/\/tranthi.vn\/quangnam\/ban-tron-mt04-vh-kt-06x06\/#breadcrumb"},"inLanguage":"vi","potentialAction":[{"@type":"ReadAction","target":["https:\/\/tranthi.vn\/quangnam\/ban-tron-mt04-vh-kt-06x06\/"]}]},{"@type":"ImageObject","inLanguage":"vi","@id":"https:\/\/tranthi.vn\/quangnam\/ban-tron-mt04-vh-kt-06x06\/#primaryimage","url":"https:\/\/tranthi.vn\/quangnam\/wp-content\/uploads\/2023\/10\/ban-tron-MT04-da-nang.jpg","contentUrl":"https:\/\/tranthi.vn\/quangnam\/wp-content\/uploads\/2023\/10\/ban-tron-MT04-da-nang.jpg","width":195,"height":239},{"@type":"BreadcrumbList","@id":"https:\/\/tranthi.vn\/quangnam\/ban-tron-mt04-vh-kt-06x06\/#breadcrumb","itemListElement":[{"@type":"ListItem","position":1,"name":"Trang ch\u1ee7","item":"https:\/\/tranthi.vn\/quangnam\/"},{"@type":"ListItem","position":2,"name":"Shop","item":"https:\/\/tranthi.vn\/quangnam\/shop\/"},{"@type":"ListItem","position":3,"name":"B\u00e0n tr\u00f2n MT04-VH (0,6&#215;0,6)"}]},{"@type":"WebSite","@id":"https:\/\/tranthi.vn\/quangnam\/#website","url":"https:\/\/tranthi.vn\/quangnam\/","name":"V\u1eadt Li\u1ec7u X\u00e2y D\u1ef1ng Tr\u1ea7n Th\u1ecb Chi Nh\u00e1nh Qu\u1ea3ng Nam","description":"V\u1eadt Li\u1ec7u X\u00e2y D\u1ef1ng - Qu\u1ea3ng Nam","potentialAction":[{"@type":"SearchAction","target":{"@type":"EntryPoint","urlTemplate":"https:\/\/tranthi.vn\/quangnam\/?s={search_term_string}"},"query-input":"required name=search_term_string"}],"inLanguage":"vi"},{"@type":"ImageObject","inLanguage":"vi","@id":"https:\/\/tranthi.vn\/quangnam\/ban-tron-mt04-vh-kt-06x06\/#local-main-organization-logo","url":"","contentUrl":"","caption":"V\u1eadt Li\u1ec7u X\u00e2y D\u1ef1ng Tr\u1ea7n Th\u1ecb Chi Nh\u00e1nh Qu\u1ea3ng Nam"}]},"product_price_amount":"858000","product_price_currency":"VND","og_availability":"instock","product_availability":"instock","product_condition":"new"},"_links":{"self":[{"href":"https:\/\/tranthi.vn\/quangnam\/wp-json\/wp\/v2\/product\/6168","targetHints":{"allow":["GET"]}}],"collection":[{"href":"https:\/\/tranthi.vn\/quangnam\/wp-json\/wp\/v2\/product"}],"about":[{"href":"https:\/\/tranthi.vn\/quangnam\/wp-json\/wp\/v2\/types\/product"}],"replies":[{"embeddable":true,"href":"https:\/\/tranthi.vn\/quangnam\/wp-json\/wp\/v2\/comments?post=6168"}],"wp:featuredmedia":[{"embeddable":true,"href":"https:\/\/tranthi.vn\/quangnam\/wp-json\/wp\/v2\/media\/6169"}],"wp:attachment":[{"href":"https:\/\/tranthi.vn\/quangnam\/wp-json\/wp\/v2\/media?parent=6168"}],"wp:term":[{"taxonomy":"product_cat","embeddable":true,"href":"https:\/\/tranthi.vn\/quangnam\/wp-json\/wp\/v2\/product_cat?post=6168"},{"taxonomy":"product_tag","embeddable":true,"href":"https:\/\/tranthi.vn\/quangnam\/wp-json\/wp\/v2\/product_tag?post=6168"}],"curies":[{"name":"wp","href":"https:\/\/api.w.org\/{rel}","templated":true}]}}