{"id":6072,"date":"2023-10-17T14:55:53","date_gmt":"2023-10-17T07:55:53","guid":{"rendered":"https:\/\/tranthi.vn\/quangnam\/?post_type=product&#038;p=6072"},"modified":"2024-07-23T08:46:14","modified_gmt":"2024-07-23T01:46:14","slug":"thanh-treo-do-dc-07t-dc","status":"publish","type":"product","link":"https:\/\/tranthi.vn\/quangnam\/thanh-treo-do-dc-07t-dc\/","title":{"rendered":"Thanh treo \u0111\u1ed3 kt:47x5x6 &#8211; DC 07T"},"content":{"rendered":"<h1 style=\"text-align: center;\"><span style=\"font-size: 130%;\"><a href=\"https:\/\/tranthi.vn\/quangnam\/thanh-treo-do-dc-07t-dc\/\"><span style=\"font-family: 'times new roman', times, serif;\">Thanh treo kh\u0103n \u0110\u00e0 N\u1eb5ng<\/span><\/a><\/span><\/h1>\n<h1><strong><span style=\"font-family: 'times new roman', times, serif; font-size: 120%;\">Thanh Treo Kh\u0103n &#8211; Gi\u1ea3i Ph\u00e1p Ti\u1ec7n \u00cdch Cho Ph\u00f2ng T\u1eafm Hi\u1ec7n \u0110\u1ea1i<\/span><\/strong><\/h1>\n<h3><span style=\"font-family: 'times new roman', times, serif; font-size: 120%;\">Thanh treo kh\u0103n l\u00e0 m\u1ed9t trong nh\u1eefng ph\u1ee5 ki\u1ec7n kh\u00f4ng th\u1ec3 thi\u1ebfu trong kh\u00f4ng gian ph\u00f2ng t\u1eafm hi\u1ec7n \u0111\u1ea1i. T\u1ea1i <a href=\"https:\/\/vi.wikipedia.org\/wiki\/Th%C3%A0nh_%E1%BB%A7y_%C4%90%C3%A0_N%E1%BA%B5ng\"><em>\u0110\u00e0 N\u1eb5ng<\/em><\/a>, v\u1edbi nhu c\u1ea7u ng\u00e0y c\u00e0ng t\u0103ng cao v\u1ec1 s\u1ef1 ti\u1ec7n nghi v\u00e0 th\u1ea9m m\u1ef9, thanh treo kh\u0103n \u0111\u00e3 tr\u1edf th\u00e0nh l\u1ef1a ch\u1ecdn \u01b0u vi\u1ec7t cho nhi\u1ec1u gia \u0111\u00ecnh.\u00a0<\/span><\/h3>\n<h1><strong><span style=\"font-family: 'times new roman', times, serif; font-size: 120%;\">1. Gi\u1edbi Thi\u1ec7u V\u1ec1 Thanh Treo Kh\u0103n<\/span><\/strong><\/h1>\n<h3><span style=\"font-family: 'times new roman', times, serif; font-size: 120%;\">Thanh treo kh\u0103n l\u00e0 m\u1ed9t ph\u1ee5 ki\u1ec7n \u0111\u01b0\u1ee3c l\u1eafp \u0111\u1eb7t trong ph\u00f2ng t\u1eafm d\u00f9ng \u0111\u1ec3 treo kh\u0103n t\u1eafm, kh\u0103n m\u1eb7t v\u00e0 c\u00e1c lo\u1ea1i kh\u0103n kh\u00e1c. V\u1edbi thi\u1ebft k\u1ebf \u0111a d\u1ea1ng v\u1ec1 ki\u1ec3u d\u00e1ng, ch\u1ea5t li\u1ec7u v\u00e0 k\u00edch th\u01b0\u1edbc, thanh treo kh\u0103n kh\u00f4ng ch\u1ec9 gi\u00fap t\u1ed5 ch\u1ee9c kh\u0103n g\u1ecdn g\u00e0ng m\u00e0 c\u00f2n g\u00f3p ph\u1ea7n t\u0103ng t\u00ednh th\u1ea9m m\u1ef9 cho ph\u00f2ng t\u1eafm.<\/span><\/h3>\n<p style=\"text-align: center;\"><iframe loading=\"lazy\" src=\"\/\/www.youtube.com\/embed\/uBPxzNDSB1w?pp=ygUabcOzYyB0cmVvIGtoxINuIG5ow6AgdOG6r20\" width=\"560\" height=\"314\" allowfullscreen=\"allowfullscreen\"><\/iframe><\/p>\n<h1><strong><span style=\"font-family: 'times new roman', times, serif; font-size: 120%;\">2. L\u1ee3i \u00cdch C\u1ee7a Thanh Treo Kh\u0103n T\u1ea1i <a href=\"https:\/\/vi.wikipedia.org\/wiki\/Th%C3%A0nh_%E1%BB%A7y_%C4%90%C3%A0_N%E1%BA%B5ng\">\u0110\u00e0 N\u1eb5ng<\/a><\/span><\/strong><\/h1>\n<ul>\n<li>\n<h3><span style=\"font-family: 'times new roman', times, serif; font-size: 120%;\">Ti\u1ebft ki\u1ec7m kh\u00f4ng gian: Thanh treo kh\u0103n gi\u00fap ti\u1ebft ki\u1ec7m kh\u00f4ng gian trong ph\u00f2ng t\u1eafm b\u1eb1ng c\u00e1ch t\u1ea1o ra n\u01a1i \u0111\u1ec3 treo kh\u0103n g\u1ecdn g\u00e0ng v\u00e0 ng\u0103n n\u1eafp. \u0110i\u1ec1u n\u00e0y \u0111\u1eb7c bi\u1ec7t h\u1eefu \u00edch \u0111\u1ed1i v\u1edbi nh\u1eefng ph\u00f2ng t\u1eafm c\u00f3 di\u1ec7n t\u00edch nh\u1ecf.<\/span><\/h3>\n<\/li>\n<li>\n<h3><span style=\"font-family: 'times new roman', times, serif; font-size: 120%;\">D\u1ec5 d\u00e0ng s\u1eed d\u1ee5ng: V\u1edbi thanh treo kh\u0103n, b\u1ea1n c\u00f3 th\u1ec3 d\u1ec5 d\u00e0ng treo v\u00e0 l\u1ea5y kh\u0103n khi c\u1ea7n thi\u1ebft, gi\u00fap ti\u1ec7n l\u1ee3i trong qu\u00e1 tr\u00ecnh s\u1eed d\u1ee5ng h\u00e0ng ng\u00e0y.<\/span><\/h3>\n<\/li>\n<li>\n<h3><span style=\"font-family: 'times new roman', times, serif; font-size: 120%;\">\u0110a d\u1ea1ng ki\u1ec3u d\u00e1ng v\u00e0 ch\u1ea5t li\u1ec7u: Thanh treo kh\u0103n c\u00f3 nhi\u1ec1u ki\u1ec3u d\u00e1ng v\u00e0 ch\u1ea5t li\u1ec7u kh\u00e1c nhau nh\u01b0 inox, nh\u00f4m, \u0111\u1ed3ng, ho\u1eb7c nh\u1ef1a, ph\u00f9 h\u1ee3p v\u1edbi nhi\u1ec1u phong c\u00e1ch thi\u1ebft k\u1ebf ph\u00f2ng t\u1eafm t\u1eeb hi\u1ec7n \u0111\u1ea1i \u0111\u1ebfn c\u1ed5 \u0111i\u1ec3n.<\/span><\/h3>\n<\/li>\n<li>\n<h3><span style=\"font-family: 'times new roman', times, serif; font-size: 120%;\">T\u0103ng t\u00ednh th\u1ea9m m\u1ef9: S\u1ef1 xu\u1ea5t hi\u1ec7n c\u1ee7a thanh treo kh\u0103n v\u1edbi thi\u1ebft k\u1ebf \u0111\u1eb9p m\u1eaft v\u00e0 tinh t\u1ebf kh\u00f4ng ch\u1ec9 gi\u00fap kh\u00f4ng gian ph\u00f2ng t\u1eafm tr\u1edf n\u00ean g\u1ecdn g\u00e0ng m\u00e0 c\u00f2n t\u1ea1o \u0111i\u1ec3m nh\u1ea5n th\u1ea9m m\u1ef9, n\u00e2ng t\u1ea7m v\u1ebb \u0111\u1eb9p cho ph\u00f2ng t\u1eafm c\u1ee7a b\u1ea1n.<\/span><\/h3>\n<\/li>\n<\/ul>\n<p style=\"text-align: center;\"><iframe loading=\"lazy\" src=\"\/\/www.youtube.com\/embed\/JIkOsmPBCxo?pp=ygUabcOzYyB0cmVvIGtoxINuIG5ow6AgdOG6r20\" width=\"560\" height=\"314\" allowfullscreen=\"allowfullscreen\"><\/iframe><\/p>\n<h1><strong><span style=\"font-family: 'times new roman', times, serif; font-size: 120%;\">3. L\u00fd Do N\u00ean Ch\u1ecdn Thanh Treo Kh\u0103n\u00a0<\/span><\/strong><\/h1>\n<ul>\n<li>\n<h3><span style=\"font-family: 'times new roman', times, serif; font-size: 120%;\">Kh\u00ed h\u1eadu \u0111\u1eb7c th\u00f9:<a href=\"https:\/\/vi.wikipedia.org\/wiki\/Th%C3%A0nh_%E1%BB%A7y_%C4%90%C3%A0_N%E1%BA%B5ng\"><em> \u0110\u00e0 N\u1eb5ng<\/em><\/a> c\u00f3 kh\u00ed h\u1eadu nhi\u1ec7t \u0111\u1edbi gi\u00f3 m\u00f9a, \u0111\u1ed9 \u1ea9m cao, n\u00ean vi\u1ec7c s\u1eed d\u1ee5ng c\u00e1c thanh treo kh\u0103n b\u1eb1ng ch\u1ea5t li\u1ec7u ch\u1ed1ng g\u1ec9 s\u00e9t nh\u01b0 inox, nh\u00f4m ho\u1eb7c \u0111\u1ed3ng l\u00e0 l\u1ef1a ch\u1ecdn t\u1ed1i \u01b0u \u0111\u1ec3 \u0111\u1ea3m b\u1ea3o \u0111\u1ed9 b\u1ec1n v\u00e0 th\u1ea9m m\u1ef9.<\/span><\/h3>\n<\/li>\n<li>\n<h3><span style=\"font-family: 'times new roman', times, serif; font-size: 120%;\">Th\u1ecb tr\u01b0\u1eddng \u0111a d\u1ea1ng: C\u00f3 nhi\u1ec1u c\u1eeda h\u00e0ng v\u00e0 showroom cung c\u1ea5p thanh treo kh\u0103n v\u1edbi \u0111a d\u1ea1ng m\u1eabu m\u00e3 v\u00e0 ch\u1ea5t li\u1ec7u, gi\u00fap b\u1ea1n d\u1ec5 d\u00e0ng l\u1ef1a ch\u1ecdn s\u1ea3n ph\u1ea9m ph\u00f9 h\u1ee3p v\u1edbi nhu c\u1ea7u v\u00e0 phong c\u00e1ch thi\u1ebft k\u1ebf c\u1ee7a m\u00ecnh.<\/span><\/h3>\n<\/li>\n<li>\n<h3><span style=\"font-family: 'times new roman', times, serif; font-size: 120%;\">D\u1ecbch v\u1ee5 h\u1ed7 tr\u1ee3 ch\u1ea5t l\u01b0\u1ee3ng: C\u00e1c nh\u00e0 cung c\u1ea5p thanh treo kh\u0103n t\u1ea1i \u0110\u00e0 N\u1eb5ng th\u01b0\u1eddng cung c\u1ea5p d\u1ecbch v\u1ee5 t\u01b0 v\u1ea5n, l\u1eafp \u0111\u1eb7t v\u00e0 b\u1ea3o tr\u00ec chuy\u00ean nghi\u1ec7p, gi\u00fap b\u1ea1n y\u00ean t\u00e2m v\u1ec1 ch\u1ea5t l\u01b0\u1ee3ng v\u00e0 hi\u1ec7u qu\u1ea3 s\u1eed d\u1ee5ng s\u1ea3n ph\u1ea9m.<\/span><\/h3>\n<\/li>\n<\/ul>\n<h1><strong><span style=\"font-family: 'times new roman', times, serif; font-size: 120%;\">4. M\u1ed9t S\u1ed1 \u0110\u1ecba Ch\u1ec9 Uy T\u00edn T\u1ea1i \u0110\u00e0 N\u1eb5ng<\/span><\/strong><\/h1>\n<h3><span style=\"font-family: 'times new roman', times, serif; font-size: 120%;\">Khi t\u00ecm ki\u1ebfm thanh treo kh\u0103n t\u1ea1i <a href=\"https:\/\/vi.wikipedia.org\/wiki\/Th%C3%A0nh_%E1%BB%A7y_%C4%90%C3%A0_N%E1%BA%B5ng\"><em>\u0110\u00e0 N\u1eb5ng<\/em><\/a>, b\u1ea1n c\u00f3 th\u1ec3 tham kh\u1ea3o c\u00e1c \u0111\u1ecba ch\u1ec9 uy t\u00edn nh\u01b0:<\/span><\/h3>\n<ul>\n<li>\n<h3><span style=\"font-family: 'times new roman', times, serif; font-size: 120%;\">C\u1eeda H\u00e0ng Thi\u1ebft B\u1ecb V\u1ec7 Sinh An Ph\u00e1t: Cung c\u1ea5p nhi\u1ec1u lo\u1ea1i thanh treo kh\u0103n v\u1edbi c\u00e1c m\u1eabu m\u00e3 v\u00e0 ch\u1ea5t li\u1ec7u \u0111a d\u1ea1ng.<\/span><\/h3>\n<\/li>\n<li>\n<h3><span style=\"font-family: 'times new roman', times, serif; font-size: 120%;\">Showroom N\u1ed9i Th\u1ea5t H\u01b0ng Th\u1ecbnh: C\u00f3 nhi\u1ec1u l\u1ef1a ch\u1ecdn thanh treo kh\u0103n v\u1edbi thi\u1ebft k\u1ebf tinh t\u1ebf v\u00e0 ch\u1ea5t l\u01b0\u1ee3ng cao.<\/span><\/h3>\n<\/li>\n<li>\n<h3><span style=\"font-family: 'times new roman', times, serif; font-size: 120%;\">Si\u00eau Th\u1ecb V\u1eadt Li\u1ec7u X\u00e2y D\u1ef1ng Minh T\u00e2n: Cung c\u1ea5p thanh treo kh\u0103n v\u1edbi gi\u00e1 c\u1ea3 c\u1ea1nh tranh v\u00e0 d\u1ecbch v\u1ee5 t\u01b0 v\u1ea5n chuy\u00ean nghi\u1ec7p.<\/span><\/h3>\n<\/li>\n<\/ul>\n","protected":false},"excerpt":{"rendered":"<p><span style=\"font-family: 'times new roman', times, serif; font-size: 130%;\"><strong><span style=\"text-decoration: underline;\"><span style=\"color: #000000; text-decoration: underline;\">THANH TREO KH\u0102N 7 M\u00d3C<\/span><\/span><\/strong><\/span><\/p>\n<p><span style=\"font-family: 'times new roman', times, serif; font-size: 130%; color: #000000;\">\ud83e\udd70K\u00edch th\u01b0\u1edbc: 47x5x6<\/span><\/p>\n<p><span style=\"font-family: 'times new roman', times, serif; font-size: 130%; color: #000000;\">\ud83e\udd70\u0110\u01a1n gi\u00e1: <strong><span style=\"color: #ff0000;\">53.000\u0111\/c\u00e1i<\/span><\/strong><\/span><\/p>\n<p><span style=\"font-family: 'times new roman', times, serif; font-size: 130%; color: #000000;\">\ud83e\udd70\u0110\u01a1n v\u1ecb t\u00ednh: c\u00e1i<\/span><\/p>\n<p><span style=\"font-family: 'times new roman', times, serif; font-size: 130%; color: #000000;\">\ud83e\udd70\u0110\u01a1n gi\u00e1:\u00a0<\/span><\/p>\n<ul>\n<li><span style=\"font-family: 'times new roman', times, serif; font-size: 130%; color: #000000;\">DC 07T: KT 47x5x6: gi\u00e1<strong> <span style=\"color: #ff0000;\">53.000\u0111<\/span><\/strong><\/span><\/li>\n<li><span style=\"font-family: 'times new roman', times, serif; font-size: 130%;\">\u00a0DC 08T:<span style=\"color: #000000;\">KT<\/span> 53x5x6: gi\u00e1<strong style=\"color: #000000;\"><span style=\"color: #ff0000;\"> 58.000\u0111<\/span><\/strong><\/span><\/li>\n<li><span style=\"font-family: 'times new roman', times, serif; font-size: 130%;\">\u00a0DC 09T: <span style=\"color: #000000;\">KT<\/span> 60x5x6: gi\u00e1 <strong style=\"color: #000000;\"><span style=\"color: #ff0000;\">62.000\u0111<\/span><\/strong><\/span><\/li>\n<li><span style=\"font-family: 'times new roman', times, serif; font-size: 130%;\">DC 10T: <span style=\"color: #000000;\">KT<\/span> 66x5x6: gi\u00e1 <strong style=\"color: #000000;\"><span style=\"color: #ff0000;\">76.000\u0111<\/span><\/strong><\/span><\/li>\n<\/ul>\n<p><span style=\"color: #0000ff; font-family: 'times new roman', times, serif; font-size: 130%;\"><em>V\u1eadn chuy\u1ec3n n\u1ed9i th\u00e0nh<span style=\"text-decoration: underline;\"> \u0110\u00e0 N\u1eb5ng<\/span><\/em><\/span><\/p>\n<p><span style=\"font-family: 'times new roman', times, serif; font-size: 130%; color: #000000;\">Ph\u00ed v\u1eadn chy\u1ec3n ph\u1ee5 thu\u1ed9c v\u00e0o v\u1ecb tr\u00ed<\/span><\/p>\n","protected":false},"featured_media":6073,"comment_status":"closed","ping_status":"closed","template":"","meta":[],"product_cat":[187,179],"product_tag":[469],"class_list":{"0":"post-6072","1":"product","2":"type-product","3":"status-publish","4":"has-post-thumbnail","6":"product_cat-thanh-treo-khan","7":"product_cat-thiet-bi-ve-sinh-da-nang","8":"product_tag-gia-thanh-treo-khan-o-da-nang","10":"first","11":"instock","12":"sale","13":"shipping-taxable","14":"purchasable","15":"product-type-simple"},"yoast_head":"<!-- This site is optimized with the Yoast SEO Premium plugin v22.3 (Yoast SEO v22.8) - https:\/\/yoast.com\/wordpress\/plugins\/seo\/ -->\n<title>Thanh treo \u0111\u1ed3 kt:47x5x6 - DC 07T - V\u1eadt Li\u1ec7u X\u00e2y D\u1ef1ng Tr\u1ea7n Th\u1ecb Chi Nh\u00e1nh Qu\u1ea3ng Nam<\/title>\n<meta name=\"robots\" content=\"index, follow, max-snippet:-1, max-image-preview:large, max-video-preview:-1\" \/>\n<link rel=\"canonical\" href=\"https:\/\/tranthi.vn\/quangnam\/thanh-treo-do-dc-07t-dc\/\" \/>\n<meta property=\"og:locale\" content=\"vi_VN\" \/>\n<meta property=\"og:type\" content=\"article\" \/>\n<meta property=\"og:title\" content=\"Thanh treo \u0111\u1ed3 kt:47x5x6 - DC 07T\" \/>\n<meta property=\"og:description\" content=\"THANH TREO KH\u0102N 7 M\u00d3C  \ud83e\udd70K\u00edch th\u01b0\u1edbc: 47x5x6  \ud83e\udd70\u0110\u01a1n gi\u00e1: 53.000\u0111\/c\u00e1i  \ud83e\udd70\u0110\u01a1n v\u1ecb t\u00ednh: c\u00e1i  \ud83e\udd70\u0110\u01a1n gi\u00e1:\u00a0   DC 07T: KT 47x5x6: gi\u00e1 53.000\u0111  \u00a0DC 08T:KT 53x5x6: gi\u00e1 58.000\u0111  \u00a0DC 09T: KT 60x5x6: gi\u00e1 62.000\u0111  DC 10T: KT 66x5x6: gi\u00e1 76.000\u0111  V\u1eadn chuy\u1ec3n n\u1ed9i th\u00e0nh \u0110\u00e0 N\u1eb5ng  Ph\u00ed v\u1eadn chy\u1ec3n ph\u1ee5 thu\u1ed9c v\u00e0o v\u1ecb tr\u00ed\" \/>\n<meta property=\"og:url\" content=\"https:\/\/tranthi.vn\/quangnam\/thanh-treo-do-dc-07t-dc\/\" \/>\n<meta property=\"og:site_name\" content=\"V\u1eadt Li\u1ec7u X\u00e2y D\u1ef1ng Tr\u1ea7n Th\u1ecb Chi Nh\u00e1nh Qu\u1ea3ng Nam\" \/>\n<meta property=\"article:modified_time\" content=\"2024-07-23T01:46:14+00:00\" \/>\n<meta property=\"og:image\" content=\"https:\/\/tranthi.vn\/quangnam\/wp-content\/uploads\/2023\/10\/thanh-treo-khan-7-moc-tai-da-nang.jpg\" \/>\n\t<meta property=\"og:image:width\" content=\"290\" \/>\n\t<meta property=\"og:image:height\" content=\"142\" \/>\n\t<meta property=\"og:image:type\" content=\"image\/jpeg\" \/>\n<meta name=\"twitter:card\" content=\"summary_large_image\" \/>\n<meta name=\"twitter:label1\" content=\"Gi\u00e1\" \/>\n\t<meta name=\"twitter:data1\" content=\"53,000&nbsp;&#8363;\" \/>\n\t<meta name=\"twitter:label2\" content=\"Kh\u1ea3 d\u1ee5ng\" \/>\n\t<meta name=\"twitter:data2\" content=\"Trong kho\" \/>\n<script type=\"application\/ld+json\" class=\"yoast-schema-graph\">{\"@context\":\"https:\/\/schema.org\",\"@graph\":[{\"@type\":[\"WebPage\",\"ItemPage\"],\"@id\":\"https:\/\/tranthi.vn\/quangnam\/thanh-treo-do-dc-07t-dc\/\",\"url\":\"https:\/\/tranthi.vn\/quangnam\/thanh-treo-do-dc-07t-dc\/\",\"name\":\"Thanh treo \u0111\u1ed3 kt:47x5x6 - DC 07T - V\u1eadt Li\u1ec7u X\u00e2y D\u1ef1ng Tr\u1ea7n Th\u1ecb Chi Nh\u00e1nh Qu\u1ea3ng Nam\",\"isPartOf\":{\"@id\":\"https:\/\/tranthi.vn\/quangnam\/#website\"},\"primaryImageOfPage\":{\"@id\":\"https:\/\/tranthi.vn\/quangnam\/thanh-treo-do-dc-07t-dc\/#primaryimage\"},\"image\":{\"@id\":\"https:\/\/tranthi.vn\/quangnam\/thanh-treo-do-dc-07t-dc\/#primaryimage\"},\"thumbnailUrl\":\"https:\/\/tranthi.vn\/quangnam\/wp-content\/uploads\/2023\/10\/thanh-treo-khan-7-moc-tai-da-nang.jpg\",\"datePublished\":\"2023-10-17T07:55:53+00:00\",\"dateModified\":\"2024-07-23T01:46:14+00:00\",\"breadcrumb\":{\"@id\":\"https:\/\/tranthi.vn\/quangnam\/thanh-treo-do-dc-07t-dc\/#breadcrumb\"},\"inLanguage\":\"vi\",\"potentialAction\":[{\"@type\":\"ReadAction\",\"target\":[\"https:\/\/tranthi.vn\/quangnam\/thanh-treo-do-dc-07t-dc\/\"]}]},{\"@type\":\"ImageObject\",\"inLanguage\":\"vi\",\"@id\":\"https:\/\/tranthi.vn\/quangnam\/thanh-treo-do-dc-07t-dc\/#primaryimage\",\"url\":\"https:\/\/tranthi.vn\/quangnam\/wp-content\/uploads\/2023\/10\/thanh-treo-khan-7-moc-tai-da-nang.jpg\",\"contentUrl\":\"https:\/\/tranthi.vn\/quangnam\/wp-content\/uploads\/2023\/10\/thanh-treo-khan-7-moc-tai-da-nang.jpg\",\"width\":290,\"height\":142,\"caption\":\"thanh-treo-khan-7-moc-tai-da-nang.jpg\"},{\"@type\":\"BreadcrumbList\",\"@id\":\"https:\/\/tranthi.vn\/quangnam\/thanh-treo-do-dc-07t-dc\/#breadcrumb\",\"itemListElement\":[{\"@type\":\"ListItem\",\"position\":1,\"name\":\"Trang ch\u1ee7\",\"item\":\"https:\/\/tranthi.vn\/quangnam\/\"},{\"@type\":\"ListItem\",\"position\":2,\"name\":\"Shop\",\"item\":\"https:\/\/tranthi.vn\/quangnam\/shop\/\"},{\"@type\":\"ListItem\",\"position\":3,\"name\":\"Thanh treo \u0111\u1ed3 kt:47x5x6 &#8211; DC 07T\"}]},{\"@type\":\"WebSite\",\"@id\":\"https:\/\/tranthi.vn\/quangnam\/#website\",\"url\":\"https:\/\/tranthi.vn\/quangnam\/\",\"name\":\"V\u1eadt Li\u1ec7u X\u00e2y D\u1ef1ng Tr\u1ea7n Th\u1ecb Chi Nh\u00e1nh Qu\u1ea3ng Nam\",\"description\":\"V\u1eadt Li\u1ec7u X\u00e2y D\u1ef1ng - Qu\u1ea3ng Nam\",\"potentialAction\":[{\"@type\":\"SearchAction\",\"target\":{\"@type\":\"EntryPoint\",\"urlTemplate\":\"https:\/\/tranthi.vn\/quangnam\/?s={search_term_string}\"},\"query-input\":\"required name=search_term_string\"}],\"inLanguage\":\"vi\"},{\"@type\":\"ImageObject\",\"inLanguage\":\"vi\",\"@id\":\"https:\/\/tranthi.vn\/quangnam\/thanh-treo-do-dc-07t-dc\/#local-main-organization-logo\",\"url\":\"\",\"contentUrl\":\"\",\"caption\":\"V\u1eadt Li\u1ec7u X\u00e2y D\u1ef1ng Tr\u1ea7n Th\u1ecb Chi Nh\u00e1nh Qu\u1ea3ng Nam\"}]}<\/script>\n<meta property=\"product:price:amount\" content=\"53000\" \/>\n<meta property=\"product:price:currency\" content=\"VND\" \/>\n<meta property=\"og:availability\" content=\"instock\" \/>\n<meta property=\"product:availability\" content=\"instock\" \/>\n<meta property=\"product:condition\" content=\"new\" \/>\n<!-- \/ Yoast SEO Premium plugin. -->","yoast_head_json":{"title":"Thanh treo \u0111\u1ed3 kt:47x5x6 - DC 07T - V\u1eadt Li\u1ec7u X\u00e2y D\u1ef1ng Tr\u1ea7n Th\u1ecb Chi Nh\u00e1nh Qu\u1ea3ng Nam","robots":{"index":"index","follow":"follow","max-snippet":"max-snippet:-1","max-image-preview":"max-image-preview:large","max-video-preview":"max-video-preview:-1"},"canonical":"https:\/\/tranthi.vn\/quangnam\/thanh-treo-do-dc-07t-dc\/","og_locale":"vi_VN","og_type":"article","og_title":"Thanh treo \u0111\u1ed3 kt:47x5x6 - DC 07T","og_description":"THANH TREO KH\u0102N 7 M\u00d3C  \ud83e\udd70K\u00edch th\u01b0\u1edbc: 47x5x6  \ud83e\udd70\u0110\u01a1n gi\u00e1: 53.000\u0111\/c\u00e1i  \ud83e\udd70\u0110\u01a1n v\u1ecb t\u00ednh: c\u00e1i  \ud83e\udd70\u0110\u01a1n gi\u00e1:\u00a0   DC 07T: KT 47x5x6: gi\u00e1 53.000\u0111  \u00a0DC 08T:KT 53x5x6: gi\u00e1 58.000\u0111  \u00a0DC 09T: KT 60x5x6: gi\u00e1 62.000\u0111  DC 10T: KT 66x5x6: gi\u00e1 76.000\u0111  V\u1eadn chuy\u1ec3n n\u1ed9i th\u00e0nh \u0110\u00e0 N\u1eb5ng  Ph\u00ed v\u1eadn chy\u1ec3n ph\u1ee5 thu\u1ed9c v\u00e0o v\u1ecb tr\u00ed","og_url":"https:\/\/tranthi.vn\/quangnam\/thanh-treo-do-dc-07t-dc\/","og_site_name":"V\u1eadt Li\u1ec7u X\u00e2y D\u1ef1ng Tr\u1ea7n Th\u1ecb Chi Nh\u00e1nh Qu\u1ea3ng Nam","article_modified_time":"2024-07-23T01:46:14+00:00","og_image":[{"width":290,"height":142,"url":"https:\/\/tranthi.vn\/quangnam\/wp-content\/uploads\/2023\/10\/thanh-treo-khan-7-moc-tai-da-nang.jpg","type":"image\/jpeg"}],"twitter_card":"summary_large_image","twitter_misc":{"Gi\u00e1":"53,000&nbsp;&#8363;","Kh\u1ea3 d\u1ee5ng":"Trong kho"},"schema":{"@context":"https:\/\/schema.org","@graph":[{"@type":["WebPage","ItemPage"],"@id":"https:\/\/tranthi.vn\/quangnam\/thanh-treo-do-dc-07t-dc\/","url":"https:\/\/tranthi.vn\/quangnam\/thanh-treo-do-dc-07t-dc\/","name":"Thanh treo \u0111\u1ed3 kt:47x5x6 - DC 07T - V\u1eadt Li\u1ec7u X\u00e2y D\u1ef1ng Tr\u1ea7n Th\u1ecb Chi Nh\u00e1nh Qu\u1ea3ng Nam","isPartOf":{"@id":"https:\/\/tranthi.vn\/quangnam\/#website"},"primaryImageOfPage":{"@id":"https:\/\/tranthi.vn\/quangnam\/thanh-treo-do-dc-07t-dc\/#primaryimage"},"image":{"@id":"https:\/\/tranthi.vn\/quangnam\/thanh-treo-do-dc-07t-dc\/#primaryimage"},"thumbnailUrl":"https:\/\/tranthi.vn\/quangnam\/wp-content\/uploads\/2023\/10\/thanh-treo-khan-7-moc-tai-da-nang.jpg","datePublished":"2023-10-17T07:55:53+00:00","dateModified":"2024-07-23T01:46:14+00:00","breadcrumb":{"@id":"https:\/\/tranthi.vn\/quangnam\/thanh-treo-do-dc-07t-dc\/#breadcrumb"},"inLanguage":"vi","potentialAction":[{"@type":"ReadAction","target":["https:\/\/tranthi.vn\/quangnam\/thanh-treo-do-dc-07t-dc\/"]}]},{"@type":"ImageObject","inLanguage":"vi","@id":"https:\/\/tranthi.vn\/quangnam\/thanh-treo-do-dc-07t-dc\/#primaryimage","url":"https:\/\/tranthi.vn\/quangnam\/wp-content\/uploads\/2023\/10\/thanh-treo-khan-7-moc-tai-da-nang.jpg","contentUrl":"https:\/\/tranthi.vn\/quangnam\/wp-content\/uploads\/2023\/10\/thanh-treo-khan-7-moc-tai-da-nang.jpg","width":290,"height":142,"caption":"thanh-treo-khan-7-moc-tai-da-nang.jpg"},{"@type":"BreadcrumbList","@id":"https:\/\/tranthi.vn\/quangnam\/thanh-treo-do-dc-07t-dc\/#breadcrumb","itemListElement":[{"@type":"ListItem","position":1,"name":"Trang ch\u1ee7","item":"https:\/\/tranthi.vn\/quangnam\/"},{"@type":"ListItem","position":2,"name":"Shop","item":"https:\/\/tranthi.vn\/quangnam\/shop\/"},{"@type":"ListItem","position":3,"name":"Thanh treo \u0111\u1ed3 kt:47x5x6 &#8211; DC 07T"}]},{"@type":"WebSite","@id":"https:\/\/tranthi.vn\/quangnam\/#website","url":"https:\/\/tranthi.vn\/quangnam\/","name":"V\u1eadt Li\u1ec7u X\u00e2y D\u1ef1ng Tr\u1ea7n Th\u1ecb Chi Nh\u00e1nh Qu\u1ea3ng Nam","description":"V\u1eadt Li\u1ec7u X\u00e2y D\u1ef1ng - Qu\u1ea3ng Nam","potentialAction":[{"@type":"SearchAction","target":{"@type":"EntryPoint","urlTemplate":"https:\/\/tranthi.vn\/quangnam\/?s={search_term_string}"},"query-input":"required name=search_term_string"}],"inLanguage":"vi"},{"@type":"ImageObject","inLanguage":"vi","@id":"https:\/\/tranthi.vn\/quangnam\/thanh-treo-do-dc-07t-dc\/#local-main-organization-logo","url":"","contentUrl":"","caption":"V\u1eadt Li\u1ec7u X\u00e2y D\u1ef1ng Tr\u1ea7n Th\u1ecb Chi Nh\u00e1nh Qu\u1ea3ng Nam"}]},"product_price_amount":"53000","product_price_currency":"VND","og_availability":"instock","product_availability":"instock","product_condition":"new"},"_links":{"self":[{"href":"https:\/\/tranthi.vn\/quangnam\/wp-json\/wp\/v2\/product\/6072","targetHints":{"allow":["GET"]}}],"collection":[{"href":"https:\/\/tranthi.vn\/quangnam\/wp-json\/wp\/v2\/product"}],"about":[{"href":"https:\/\/tranthi.vn\/quangnam\/wp-json\/wp\/v2\/types\/product"}],"replies":[{"embeddable":true,"href":"https:\/\/tranthi.vn\/quangnam\/wp-json\/wp\/v2\/comments?post=6072"}],"wp:featuredmedia":[{"embeddable":true,"href":"https:\/\/tranthi.vn\/quangnam\/wp-json\/wp\/v2\/media\/6073"}],"wp:attachment":[{"href":"https:\/\/tranthi.vn\/quangnam\/wp-json\/wp\/v2\/media?parent=6072"}],"wp:term":[{"taxonomy":"product_cat","embeddable":true,"href":"https:\/\/tranthi.vn\/quangnam\/wp-json\/wp\/v2\/product_cat?post=6072"},{"taxonomy":"product_tag","embeddable":true,"href":"https:\/\/tranthi.vn\/quangnam\/wp-json\/wp\/v2\/product_tag?post=6072"}],"curies":[{"name":"wp","href":"https:\/\/api.w.org\/{rel}","templated":true}]}}