{"id":6015,"date":"2023-09-28T14:30:28","date_gmt":"2023-09-28T07:30:28","guid":{"rendered":"https:\/\/tranthi.vn\/quangnam\/?post_type=product&#038;p=6015"},"modified":"2024-06-07T09:17:28","modified_gmt":"2024-06-07T02:17:28","slug":"gach-kinh-hinh-chu-nhat","status":"publish","type":"product","link":"https:\/\/tranthi.vn\/quangnam\/gach-kinh-hinh-chu-nhat\/","title":{"rendered":"G\u1ea1ch K\u00ednh H\u00ecnh Ch\u1eef Nh\u1eadt"},"content":{"rendered":"","protected":false},"excerpt":{"rendered":"<p><span style=\"font-family: 'times new roman', times, serif; color: #000000;\"><span style=\"font-size: 130%;\"><img decoding=\"async\" class=\"emoji\" draggable=\"false\" src=\"https:\/\/s.w.org\/images\/core\/emoji\/12.0.0-1\/svg\/1f61b.svg\" alt=\"\ud83d\ude1b\" \/> G\u1ea1ch K\u00ednh L\u1ea5y S\u00e1ng<\/span><\/span><\/p>\n<p><span style=\"font-family: 'times new roman', times, serif; font-size: 130%; color: #000000;\"><img decoding=\"async\" class=\"emoji\" draggable=\"false\" src=\"https:\/\/s.w.org\/images\/core\/emoji\/12.0.0-1\/svg\/1f61b.svg\" alt=\"\ud83d\ude1b\" \/> K\u00edch th\u01b0\u1edbc: 90x190x80mm<\/span><\/p>\n<p><span style=\"font-family: 'times new roman', times, serif; font-size: 130%; color: #000000;\"><img decoding=\"async\" class=\"emoji\" draggable=\"false\" src=\"https:\/\/s.w.org\/images\/core\/emoji\/12.0.0-1\/svg\/1f61b.svg\" alt=\"\ud83d\ude1b\" \/> \u0110\u01a1n gi\u00e1: <span style=\"color: #ed1c24;\"><strong>73.000\u0111\/vi\u00ean <\/strong><span style=\"color: #282828;\">khi mua 60 vi\u00ean.<\/span><\/span><\/span><\/p>\n<p><span style=\"font-family: 'times new roman', times, serif; font-size: 130%; color: #000000;\"><img decoding=\"async\" class=\"emoji\" draggable=\"false\" src=\"https:\/\/s.w.org\/images\/core\/emoji\/12.0.0-1\/svg\/1f61b.svg\" alt=\"\ud83d\ude1b\" \/> <strong><em>Mi\u1ec5n ph\u00ed v\u1eadn chuy\u1ec3n trong n\u1ed9i th\u00e0nh <span style=\"text-decoration: underline; color: #0000ff;\">\u0110\u00e0 N\u1eb5ng<\/span> khi mua 60 vi\u00ean tr\u1edf l\u00ean.<\/em><\/strong>\u00a0<\/span><\/p>\n<p>&nbsp;<\/p>\n","protected":false},"featured_media":6016,"comment_status":"closed","ping_status":"closed","template":"","meta":[],"product_cat":[99,414],"product_tag":[],"class_list":{"0":"post-6015","1":"product","2":"type-product","3":"status-publish","4":"has-post-thumbnail","6":"product_cat-gach-kinh-lay-sang","7":"product_cat-gach-kinh-rong","9":"first","10":"instock","11":"sale","12":"shipping-taxable","13":"purchasable","14":"product-type-simple"},"yoast_head":"<!-- This site is optimized with the Yoast SEO Premium plugin v22.3 (Yoast SEO v22.8) - https:\/\/yoast.com\/wordpress\/plugins\/seo\/ -->\n<title>G\u1ea1ch K\u00ednh H\u00ecnh Ch\u1eef Nh\u1eadt - V\u1eadt Li\u1ec7u X\u00e2y D\u1ef1ng Tr\u1ea7n Th\u1ecb Chi Nh\u00e1nh Qu\u1ea3ng Nam<\/title>\n<meta name=\"robots\" content=\"index, follow, max-snippet:-1, max-image-preview:large, max-video-preview:-1\" \/>\n<link rel=\"canonical\" href=\"https:\/\/tranthi.vn\/quangnam\/gach-kinh-hinh-chu-nhat\/\" \/>\n<meta property=\"og:locale\" content=\"vi_VN\" \/>\n<meta property=\"og:type\" content=\"article\" \/>\n<meta property=\"og:title\" content=\"G\u1ea1ch K\u00ednh H\u00ecnh Ch\u1eef Nh\u1eadt\" \/>\n<meta property=\"og:description\" content=\"G\u1ea1ch K\u00ednh L\u1ea5y S\u00e1ng   K\u00edch th\u01b0\u1edbc: 90x190x80mm   \u0110\u01a1n gi\u00e1: 73.000\u0111\/vi\u00ean khi mua 60 vi\u00ean.   Mi\u1ec5n ph\u00ed v\u1eadn chuy\u1ec3n trong n\u1ed9i th\u00e0nh \u0110\u00e0 N\u1eb5ng khi mua 60 vi\u00ean tr\u1edf l\u00ean.\u00a0  &nbsp;\" \/>\n<meta property=\"og:url\" content=\"https:\/\/tranthi.vn\/quangnam\/gach-kinh-hinh-chu-nhat\/\" \/>\n<meta property=\"og:site_name\" content=\"V\u1eadt Li\u1ec7u X\u00e2y D\u1ef1ng Tr\u1ea7n Th\u1ecb Chi Nh\u00e1nh Qu\u1ea3ng Nam\" \/>\n<meta property=\"article:modified_time\" content=\"2024-06-07T02:17:28+00:00\" \/>\n<meta property=\"og:image\" content=\"https:\/\/tranthi.vn\/quangnam\/wp-content\/uploads\/2023\/09\/gach-kinh-lay-sang-hinh-chu-nhat-da-nang.jpg\" \/>\n\t<meta property=\"og:image:width\" content=\"1000\" \/>\n\t<meta property=\"og:image:height\" content=\"1000\" \/>\n\t<meta property=\"og:image:type\" content=\"image\/jpeg\" \/>\n<meta name=\"twitter:card\" content=\"summary_large_image\" \/>\n<meta name=\"twitter:label1\" content=\"Gi\u00e1\" \/>\n\t<meta name=\"twitter:data1\" content=\"73,000&nbsp;&#8363;\" \/>\n\t<meta name=\"twitter:label2\" content=\"Kh\u1ea3 d\u1ee5ng\" \/>\n\t<meta name=\"twitter:data2\" content=\"Trong kho\" \/>\n<script type=\"application\/ld+json\" class=\"yoast-schema-graph\">{\"@context\":\"https:\/\/schema.org\",\"@graph\":[{\"@type\":[\"WebPage\",\"ItemPage\"],\"@id\":\"https:\/\/tranthi.vn\/quangnam\/gach-kinh-hinh-chu-nhat\/\",\"url\":\"https:\/\/tranthi.vn\/quangnam\/gach-kinh-hinh-chu-nhat\/\",\"name\":\"G\u1ea1ch K\u00ednh H\u00ecnh Ch\u1eef Nh\u1eadt - V\u1eadt Li\u1ec7u X\u00e2y D\u1ef1ng Tr\u1ea7n Th\u1ecb Chi Nh\u00e1nh Qu\u1ea3ng Nam\",\"isPartOf\":{\"@id\":\"https:\/\/tranthi.vn\/quangnam\/#website\"},\"primaryImageOfPage\":{\"@id\":\"https:\/\/tranthi.vn\/quangnam\/gach-kinh-hinh-chu-nhat\/#primaryimage\"},\"image\":{\"@id\":\"https:\/\/tranthi.vn\/quangnam\/gach-kinh-hinh-chu-nhat\/#primaryimage\"},\"thumbnailUrl\":\"https:\/\/tranthi.vn\/quangnam\/wp-content\/uploads\/2023\/09\/gach-kinh-lay-sang-hinh-chu-nhat-da-nang.jpg\",\"datePublished\":\"2023-09-28T07:30:28+00:00\",\"dateModified\":\"2024-06-07T02:17:28+00:00\",\"breadcrumb\":{\"@id\":\"https:\/\/tranthi.vn\/quangnam\/gach-kinh-hinh-chu-nhat\/#breadcrumb\"},\"inLanguage\":\"vi\",\"potentialAction\":[{\"@type\":\"ReadAction\",\"target\":[\"https:\/\/tranthi.vn\/quangnam\/gach-kinh-hinh-chu-nhat\/\"]}]},{\"@type\":\"ImageObject\",\"inLanguage\":\"vi\",\"@id\":\"https:\/\/tranthi.vn\/quangnam\/gach-kinh-hinh-chu-nhat\/#primaryimage\",\"url\":\"https:\/\/tranthi.vn\/quangnam\/wp-content\/uploads\/2023\/09\/gach-kinh-lay-sang-hinh-chu-nhat-da-nang.jpg\",\"contentUrl\":\"https:\/\/tranthi.vn\/quangnam\/wp-content\/uploads\/2023\/09\/gach-kinh-lay-sang-hinh-chu-nhat-da-nang.jpg\",\"width\":1000,\"height\":1000,\"caption\":\"gach-kinh-lay-sang-hinh-chu-nhat-da-nang.jpg\"},{\"@type\":\"BreadcrumbList\",\"@id\":\"https:\/\/tranthi.vn\/quangnam\/gach-kinh-hinh-chu-nhat\/#breadcrumb\",\"itemListElement\":[{\"@type\":\"ListItem\",\"position\":1,\"name\":\"Trang ch\u1ee7\",\"item\":\"https:\/\/tranthi.vn\/quangnam\/\"},{\"@type\":\"ListItem\",\"position\":2,\"name\":\"Shop\",\"item\":\"https:\/\/tranthi.vn\/quangnam\/shop\/\"},{\"@type\":\"ListItem\",\"position\":3,\"name\":\"G\u1ea1ch K\u00ednh H\u00ecnh Ch\u1eef Nh\u1eadt\"}]},{\"@type\":\"WebSite\",\"@id\":\"https:\/\/tranthi.vn\/quangnam\/#website\",\"url\":\"https:\/\/tranthi.vn\/quangnam\/\",\"name\":\"V\u1eadt Li\u1ec7u X\u00e2y D\u1ef1ng Tr\u1ea7n Th\u1ecb Chi Nh\u00e1nh Qu\u1ea3ng Nam\",\"description\":\"V\u1eadt Li\u1ec7u X\u00e2y D\u1ef1ng - Qu\u1ea3ng Nam\",\"potentialAction\":[{\"@type\":\"SearchAction\",\"target\":{\"@type\":\"EntryPoint\",\"urlTemplate\":\"https:\/\/tranthi.vn\/quangnam\/?s={search_term_string}\"},\"query-input\":\"required name=search_term_string\"}],\"inLanguage\":\"vi\"},{\"@type\":\"ImageObject\",\"inLanguage\":\"vi\",\"@id\":\"https:\/\/tranthi.vn\/quangnam\/gach-kinh-hinh-chu-nhat\/#local-main-organization-logo\",\"url\":\"\",\"contentUrl\":\"\",\"caption\":\"V\u1eadt Li\u1ec7u X\u00e2y D\u1ef1ng Tr\u1ea7n Th\u1ecb Chi Nh\u00e1nh Qu\u1ea3ng Nam\"}]}<\/script>\n<meta property=\"product:price:amount\" content=\"73000\" \/>\n<meta property=\"product:price:currency\" content=\"VND\" \/>\n<meta property=\"og:availability\" content=\"instock\" \/>\n<meta property=\"product:availability\" content=\"instock\" \/>\n<meta property=\"product:condition\" content=\"new\" \/>\n<!-- \/ Yoast SEO Premium plugin. -->","yoast_head_json":{"title":"G\u1ea1ch K\u00ednh H\u00ecnh Ch\u1eef Nh\u1eadt - V\u1eadt Li\u1ec7u X\u00e2y D\u1ef1ng Tr\u1ea7n Th\u1ecb Chi Nh\u00e1nh Qu\u1ea3ng Nam","robots":{"index":"index","follow":"follow","max-snippet":"max-snippet:-1","max-image-preview":"max-image-preview:large","max-video-preview":"max-video-preview:-1"},"canonical":"https:\/\/tranthi.vn\/quangnam\/gach-kinh-hinh-chu-nhat\/","og_locale":"vi_VN","og_type":"article","og_title":"G\u1ea1ch K\u00ednh H\u00ecnh Ch\u1eef Nh\u1eadt","og_description":"G\u1ea1ch K\u00ednh L\u1ea5y S\u00e1ng   K\u00edch th\u01b0\u1edbc: 90x190x80mm   \u0110\u01a1n gi\u00e1: 73.000\u0111\/vi\u00ean khi mua 60 vi\u00ean.   Mi\u1ec5n ph\u00ed v\u1eadn chuy\u1ec3n trong n\u1ed9i th\u00e0nh \u0110\u00e0 N\u1eb5ng khi mua 60 vi\u00ean tr\u1edf l\u00ean.\u00a0  &nbsp;","og_url":"https:\/\/tranthi.vn\/quangnam\/gach-kinh-hinh-chu-nhat\/","og_site_name":"V\u1eadt Li\u1ec7u X\u00e2y D\u1ef1ng Tr\u1ea7n Th\u1ecb Chi Nh\u00e1nh Qu\u1ea3ng Nam","article_modified_time":"2024-06-07T02:17:28+00:00","og_image":[{"width":1000,"height":1000,"url":"https:\/\/tranthi.vn\/quangnam\/wp-content\/uploads\/2023\/09\/gach-kinh-lay-sang-hinh-chu-nhat-da-nang.jpg","type":"image\/jpeg"}],"twitter_card":"summary_large_image","twitter_misc":{"Gi\u00e1":"73,000&nbsp;&#8363;","Kh\u1ea3 d\u1ee5ng":"Trong kho"},"schema":{"@context":"https:\/\/schema.org","@graph":[{"@type":["WebPage","ItemPage"],"@id":"https:\/\/tranthi.vn\/quangnam\/gach-kinh-hinh-chu-nhat\/","url":"https:\/\/tranthi.vn\/quangnam\/gach-kinh-hinh-chu-nhat\/","name":"G\u1ea1ch K\u00ednh H\u00ecnh Ch\u1eef Nh\u1eadt - V\u1eadt Li\u1ec7u X\u00e2y D\u1ef1ng Tr\u1ea7n Th\u1ecb Chi Nh\u00e1nh Qu\u1ea3ng Nam","isPartOf":{"@id":"https:\/\/tranthi.vn\/quangnam\/#website"},"primaryImageOfPage":{"@id":"https:\/\/tranthi.vn\/quangnam\/gach-kinh-hinh-chu-nhat\/#primaryimage"},"image":{"@id":"https:\/\/tranthi.vn\/quangnam\/gach-kinh-hinh-chu-nhat\/#primaryimage"},"thumbnailUrl":"https:\/\/tranthi.vn\/quangnam\/wp-content\/uploads\/2023\/09\/gach-kinh-lay-sang-hinh-chu-nhat-da-nang.jpg","datePublished":"2023-09-28T07:30:28+00:00","dateModified":"2024-06-07T02:17:28+00:00","breadcrumb":{"@id":"https:\/\/tranthi.vn\/quangnam\/gach-kinh-hinh-chu-nhat\/#breadcrumb"},"inLanguage":"vi","potentialAction":[{"@type":"ReadAction","target":["https:\/\/tranthi.vn\/quangnam\/gach-kinh-hinh-chu-nhat\/"]}]},{"@type":"ImageObject","inLanguage":"vi","@id":"https:\/\/tranthi.vn\/quangnam\/gach-kinh-hinh-chu-nhat\/#primaryimage","url":"https:\/\/tranthi.vn\/quangnam\/wp-content\/uploads\/2023\/09\/gach-kinh-lay-sang-hinh-chu-nhat-da-nang.jpg","contentUrl":"https:\/\/tranthi.vn\/quangnam\/wp-content\/uploads\/2023\/09\/gach-kinh-lay-sang-hinh-chu-nhat-da-nang.jpg","width":1000,"height":1000,"caption":"gach-kinh-lay-sang-hinh-chu-nhat-da-nang.jpg"},{"@type":"BreadcrumbList","@id":"https:\/\/tranthi.vn\/quangnam\/gach-kinh-hinh-chu-nhat\/#breadcrumb","itemListElement":[{"@type":"ListItem","position":1,"name":"Trang ch\u1ee7","item":"https:\/\/tranthi.vn\/quangnam\/"},{"@type":"ListItem","position":2,"name":"Shop","item":"https:\/\/tranthi.vn\/quangnam\/shop\/"},{"@type":"ListItem","position":3,"name":"G\u1ea1ch K\u00ednh H\u00ecnh Ch\u1eef Nh\u1eadt"}]},{"@type":"WebSite","@id":"https:\/\/tranthi.vn\/quangnam\/#website","url":"https:\/\/tranthi.vn\/quangnam\/","name":"V\u1eadt Li\u1ec7u X\u00e2y D\u1ef1ng Tr\u1ea7n Th\u1ecb Chi Nh\u00e1nh Qu\u1ea3ng Nam","description":"V\u1eadt Li\u1ec7u X\u00e2y D\u1ef1ng - Qu\u1ea3ng Nam","potentialAction":[{"@type":"SearchAction","target":{"@type":"EntryPoint","urlTemplate":"https:\/\/tranthi.vn\/quangnam\/?s={search_term_string}"},"query-input":"required name=search_term_string"}],"inLanguage":"vi"},{"@type":"ImageObject","inLanguage":"vi","@id":"https:\/\/tranthi.vn\/quangnam\/gach-kinh-hinh-chu-nhat\/#local-main-organization-logo","url":"","contentUrl":"","caption":"V\u1eadt Li\u1ec7u X\u00e2y D\u1ef1ng Tr\u1ea7n Th\u1ecb Chi Nh\u00e1nh Qu\u1ea3ng Nam"}]},"product_price_amount":"73000","product_price_currency":"VND","og_availability":"instock","product_availability":"instock","product_condition":"new"},"_links":{"self":[{"href":"https:\/\/tranthi.vn\/quangnam\/wp-json\/wp\/v2\/product\/6015","targetHints":{"allow":["GET"]}}],"collection":[{"href":"https:\/\/tranthi.vn\/quangnam\/wp-json\/wp\/v2\/product"}],"about":[{"href":"https:\/\/tranthi.vn\/quangnam\/wp-json\/wp\/v2\/types\/product"}],"replies":[{"embeddable":true,"href":"https:\/\/tranthi.vn\/quangnam\/wp-json\/wp\/v2\/comments?post=6015"}],"wp:featuredmedia":[{"embeddable":true,"href":"https:\/\/tranthi.vn\/quangnam\/wp-json\/wp\/v2\/media\/6016"}],"wp:attachment":[{"href":"https:\/\/tranthi.vn\/quangnam\/wp-json\/wp\/v2\/media?parent=6015"}],"wp:term":[{"taxonomy":"product_cat","embeddable":true,"href":"https:\/\/tranthi.vn\/quangnam\/wp-json\/wp\/v2\/product_cat?post=6015"},{"taxonomy":"product_tag","embeddable":true,"href":"https:\/\/tranthi.vn\/quangnam\/wp-json\/wp\/v2\/product_tag?post=6015"}],"curies":[{"name":"wp","href":"https:\/\/api.w.org\/{rel}","templated":true}]}}