{"id":5824,"date":"2023-08-18T11:03:00","date_gmt":"2023-08-18T04:03:00","guid":{"rendered":"https:\/\/tranthi.vn\/quangnam\/?post_type=product&#038;p=5824"},"modified":"2024-03-06T13:53:09","modified_gmt":"2024-03-06T06:53:09","slug":"toa-4-seasons-tropic-shield-18l","status":"publish","type":"product","link":"https:\/\/tranthi.vn\/quangnam\/toa-4-seasons-tropic-shield-18l\/","title":{"rendered":"TOA 4 Seasons Tropic Shield &#8211; 18L"},"content":{"rendered":"","protected":false},"excerpt":{"rendered":"<p><span style=\"color: #ed1c24; font-family: 'times new roman', times, serif; font-size: 130%;\"><em><strong>\u01afu \u0111i\u1ec3m:<\/strong><\/em><\/span><\/p>\n<p><span style=\"font-family: 'times new roman', times, serif; font-size: 130%;\"><img decoding=\"async\" class=\"emoji\" role=\"img\" draggable=\"false\" src=\"https:\/\/s.w.org\/images\/core\/emoji\/14.0.0\/svg\/1f61b.svg\" alt=\"\ud83d\ude1b\" \/>\u00a0Ch\u1ed1ng b\u00e1m b\u1ee5i<\/span><\/p>\n<p><span style=\"font-family: 'times new roman', times, serif; font-size: 130%;\"><img decoding=\"async\" class=\"emoji\" role=\"img\" draggable=\"false\" src=\"https:\/\/s.w.org\/images\/core\/emoji\/14.0.0\/svg\/1f61b.svg\" alt=\"\ud83d\ude1b\" \/>\u00a0Ch\u1ed1ng tia c\u1ef1c t\u00edm<\/span><\/p>\n<p><span style=\"font-family: 'times new roman', times, serif; font-size: 130%;\"><img decoding=\"async\" class=\"emoji\" role=\"img\" draggable=\"false\" src=\"https:\/\/s.w.org\/images\/core\/emoji\/14.0.0\/svg\/1f61b.svg\" alt=\"\ud83d\ude1b\" \/>\u00a0\u0110\u1ed9 b\u1ec1n cao<\/span><\/p>\n<p><span style=\"font-family: 'times new roman', times, serif; font-size: 130%;\"><img decoding=\"async\" class=\"emoji\" role=\"img\" draggable=\"false\" src=\"https:\/\/s.w.org\/images\/core\/emoji\/14.0.0\/svg\/1f61b.svg\" alt=\"\ud83d\ude1b\" \/>\u00a0Ch\u1ee9ng nh\u1eadn xanh \u2013 Green Label<\/span><\/p>\n<p><span style=\"font-family: 'times new roman', times, serif; font-size: 130%;\"><img decoding=\"async\" class=\"emoji\" role=\"img\" draggable=\"false\" src=\"https:\/\/s.w.org\/images\/core\/emoji\/14.0.0\/svg\/1f61b.svg\" alt=\"\ud83d\ude1b\" \/> \u0110\u1ed9 ph\u1ee7: 11m2\/1 l\u1edbp\/1 l\u00edt<\/span><\/p>\n<p><span style=\"font-family: 'times new roman', times, serif; font-size: 130%;\"><img decoding=\"async\" class=\"emoji\" role=\"img\" draggable=\"false\" src=\"https:\/\/s.w.org\/images\/core\/emoji\/14.0.0\/svg\/1f61b.svg\" alt=\"\ud83d\ude1b\" \/>\u00a0\u0110\u01a1n v\u1ecb t\u00ednh: th\u00f9ng<\/span><\/p>\n<p><span style=\"font-family: 'times new roman', times, serif; font-size: 130%;\"><img decoding=\"async\" class=\"emoji\" role=\"img\" draggable=\"false\" src=\"https:\/\/s.w.org\/images\/core\/emoji\/14.0.0\/svg\/1f61b.svg\" alt=\"\ud83d\ude1b\" \/>\u00a0\u0110\u01a1n gi\u00e1\u00a0<a href=\"http:\/\/sonanthai.vn\/son-jotun\/son-jotun-ngoai-that---jotashield-chong-phai-mau-\/178-1757.html\"><strong>s\u01a1n ph\u1ee7 ngo\u1ea1i th\u1ea5t TOA 4 Seasons Tropic Shield <\/strong><\/a>\u00a0b\u1ec1n m\u00e0u t\u1ed1i \u01b0u<\/span><\/p>\n<p><span style=\"color: #ed1c24; font-family: 'times new roman', times, serif; font-size: 130%;\"><strong>+ 1.620.000\/18L\u00a0<\/strong><\/span><\/p>\n<p><span style=\"color: #ed1c24; font-family: 'times new roman', times, serif; font-size: 130%;\"><strong>+ 550.000\/5L<\/strong><\/span><\/p>\n<p><span style=\"color: #ed1c24; font-family: 'times new roman', times, serif; font-size: 130%;\"><strong>+ 180.000\/1L<\/strong><\/span><\/p>\n<p><span style=\"font-family: 'times new roman', times, serif; font-size: 130%;\">\ud83e\udd70<strong><em>\u0110\u01a1n gi\u00e1 \u00e1p d\u1ee5ng khi mua tr\u00ean 5 s\u1ea3n ph\u1ea9m<\/em><\/strong><\/span><\/p>\n<p><span style=\"font-family: 'times new roman', times, serif; font-size: 130%;\"><img decoding=\"async\" class=\"emoji\" role=\"img\" draggable=\"false\" src=\"https:\/\/s.w.org\/images\/core\/emoji\/14.0.0\/svg\/1f61b.svg\" alt=\"\ud83d\ude1b\" \/>\u00a0Giao h\u00e0ng trong \u0111\u1ecba b\u00e0n\u00a0<strong><a href=\"https:\/\/fr.wikipedia.org\/wiki\/Da_Nang\">\u0110\u00e0 N\u1eb5ng<\/a><\/strong><\/span><\/p>\n<p><span style=\"color: #0000ff; font-family: 'times new roman', times, serif; font-size: 130%;\"><em><strong>( H\u00e0ng pha m\u00e0u kh\u00f4ng \u0111\u1ed5i tr\u1ea3 gi\u00fap em nh\u00e9 \u1ea1 )<\/strong><\/em><\/span><\/p>\n<p><span style=\"color: #0000ff; font-family: 'times new roman', times, serif; font-size: 130%;\"><em><b>( Gi\u00e1 S\u01a1n m\u00e0u pha li\u00ean h\u1ec7 \u0111\u1ec3 \u0111\u1ec3 bi\u1ebft chi ti\u1ebft )\u00a0<\/b><\/em><\/span><\/p>\n","protected":false},"featured_media":5825,"comment_status":"closed","ping_status":"closed","template":"","meta":[],"product_cat":[139,169,165],"product_tag":[],"class_list":{"0":"post-5824","1":"product","2":"type-product","3":"status-publish","4":"has-post-thumbnail","6":"product_cat-son","7":"product_cat-son-phu-ngoai-that-toa","8":"product_cat-gia-son-toa-da-nang","10":"first","11":"instock","12":"sale","13":"shipping-taxable","14":"purchasable","15":"product-type-simple"},"yoast_head":"<!-- This site is optimized with the Yoast SEO Premium plugin v22.3 (Yoast SEO v22.8) - https:\/\/yoast.com\/wordpress\/plugins\/seo\/ -->\n<title>TOA 4 Seasons Tropic Shield - 18L - V\u1eadt Li\u1ec7u X\u00e2y D\u1ef1ng Tr\u1ea7n Th\u1ecb Chi Nh\u00e1nh Qu\u1ea3ng Nam<\/title>\n<meta name=\"robots\" content=\"index, follow, max-snippet:-1, max-image-preview:large, max-video-preview:-1\" \/>\n<link rel=\"canonical\" href=\"https:\/\/tranthi.vn\/quangnam\/toa-4-seasons-tropic-shield-18l\/\" \/>\n<meta property=\"og:locale\" content=\"vi_VN\" \/>\n<meta property=\"og:type\" content=\"article\" \/>\n<meta property=\"og:title\" content=\"TOA 4 Seasons Tropic Shield - 18L\" \/>\n<meta property=\"og:description\" content=\"\u01afu \u0111i\u1ec3m:  \u00a0Ch\u1ed1ng b\u00e1m b\u1ee5i  \u00a0Ch\u1ed1ng tia c\u1ef1c t\u00edm  \u00a0\u0110\u1ed9 b\u1ec1n cao  \u00a0Ch\u1ee9ng nh\u1eadn xanh \u2013 Green Label   \u0110\u1ed9 ph\u1ee7: 11m2\/1 l\u1edbp\/1 l\u00edt  \u00a0\u0110\u01a1n v\u1ecb t\u00ednh: th\u00f9ng  \u00a0\u0110\u01a1n gi\u00e1\u00a0s\u01a1n ph\u1ee7 ngo\u1ea1i th\u1ea5t TOA 4 Seasons Tropic Shield \u00a0b\u1ec1n m\u00e0u t\u1ed1i \u01b0u  + 1.620.000\/18L\u00a0  + 550.000\/5L  + 180.000\/1L  \ud83e\udd70\u0110\u01a1n gi\u00e1 \u00e1p d\u1ee5ng khi mua tr\u00ean 5 s\u1ea3n ph\u1ea9m  \u00a0Giao h\u00e0ng trong \u0111\u1ecba b\u00e0n\u00a0\u0110\u00e0 N\u1eb5ng  ( H\u00e0ng pha m\u00e0u kh\u00f4ng \u0111\u1ed5i tr\u1ea3 gi\u00fap em nh\u00e9 \u1ea1 )  ( Gi\u00e1 S\u01a1n m\u00e0u pha li\u00ean h\u1ec7 \u0111\u1ec3 \u0111\u1ec3 bi\u1ebft chi ti\u1ebft )\u00a0\" \/>\n<meta property=\"og:url\" content=\"https:\/\/tranthi.vn\/quangnam\/toa-4-seasons-tropic-shield-18l\/\" \/>\n<meta property=\"og:site_name\" content=\"V\u1eadt Li\u1ec7u X\u00e2y D\u1ef1ng Tr\u1ea7n Th\u1ecb Chi Nh\u00e1nh Qu\u1ea3ng Nam\" \/>\n<meta property=\"article:modified_time\" content=\"2024-03-06T06:53:09+00:00\" \/>\n<meta property=\"og:image\" content=\"https:\/\/tranthi.vn\/quangnam\/wp-content\/uploads\/2023\/08\/toa-4-seasons-tropic-shield-da-nang-copy_optimized.jpg\" \/>\n\t<meta property=\"og:image:width\" content=\"319\" \/>\n\t<meta property=\"og:image:height\" content=\"267\" \/>\n\t<meta property=\"og:image:type\" content=\"image\/jpeg\" \/>\n<meta name=\"twitter:card\" content=\"summary_large_image\" \/>\n<meta name=\"twitter:label1\" content=\"Gi\u00e1\" \/>\n\t<meta name=\"twitter:data1\" content=\"1,620,000&nbsp;&#8363;\" \/>\n\t<meta name=\"twitter:label2\" content=\"Kh\u1ea3 d\u1ee5ng\" \/>\n\t<meta name=\"twitter:data2\" content=\"Trong kho\" \/>\n<script type=\"application\/ld+json\" class=\"yoast-schema-graph\">{\"@context\":\"https:\/\/schema.org\",\"@graph\":[{\"@type\":[\"WebPage\",\"ItemPage\"],\"@id\":\"https:\/\/tranthi.vn\/quangnam\/toa-4-seasons-tropic-shield-18l\/\",\"url\":\"https:\/\/tranthi.vn\/quangnam\/toa-4-seasons-tropic-shield-18l\/\",\"name\":\"TOA 4 Seasons Tropic Shield - 18L - V\u1eadt Li\u1ec7u X\u00e2y D\u1ef1ng Tr\u1ea7n Th\u1ecb Chi Nh\u00e1nh Qu\u1ea3ng Nam\",\"isPartOf\":{\"@id\":\"https:\/\/tranthi.vn\/quangnam\/#website\"},\"primaryImageOfPage\":{\"@id\":\"https:\/\/tranthi.vn\/quangnam\/toa-4-seasons-tropic-shield-18l\/#primaryimage\"},\"image\":{\"@id\":\"https:\/\/tranthi.vn\/quangnam\/toa-4-seasons-tropic-shield-18l\/#primaryimage\"},\"thumbnailUrl\":\"https:\/\/tranthi.vn\/quangnam\/wp-content\/uploads\/2023\/08\/toa-4-seasons-tropic-shield-da-nang-copy_optimized.jpg\",\"datePublished\":\"2023-08-18T04:03:00+00:00\",\"dateModified\":\"2024-03-06T06:53:09+00:00\",\"breadcrumb\":{\"@id\":\"https:\/\/tranthi.vn\/quangnam\/toa-4-seasons-tropic-shield-18l\/#breadcrumb\"},\"inLanguage\":\"vi\",\"potentialAction\":[{\"@type\":\"ReadAction\",\"target\":[\"https:\/\/tranthi.vn\/quangnam\/toa-4-seasons-tropic-shield-18l\/\"]}]},{\"@type\":\"ImageObject\",\"inLanguage\":\"vi\",\"@id\":\"https:\/\/tranthi.vn\/quangnam\/toa-4-seasons-tropic-shield-18l\/#primaryimage\",\"url\":\"https:\/\/tranthi.vn\/quangnam\/wp-content\/uploads\/2023\/08\/toa-4-seasons-tropic-shield-da-nang-copy_optimized.jpg\",\"contentUrl\":\"https:\/\/tranthi.vn\/quangnam\/wp-content\/uploads\/2023\/08\/toa-4-seasons-tropic-shield-da-nang-copy_optimized.jpg\",\"width\":319,\"height\":267,\"caption\":\"toa-4-seasons-tropic-shield-da-nang-copy_optimized.jpg\"},{\"@type\":\"BreadcrumbList\",\"@id\":\"https:\/\/tranthi.vn\/quangnam\/toa-4-seasons-tropic-shield-18l\/#breadcrumb\",\"itemListElement\":[{\"@type\":\"ListItem\",\"position\":1,\"name\":\"Trang ch\u1ee7\",\"item\":\"https:\/\/tranthi.vn\/quangnam\/\"},{\"@type\":\"ListItem\",\"position\":2,\"name\":\"Shop\",\"item\":\"https:\/\/tranthi.vn\/quangnam\/shop\/\"},{\"@type\":\"ListItem\",\"position\":3,\"name\":\"TOA 4 Seasons Tropic Shield &#8211; 18L\"}]},{\"@type\":\"WebSite\",\"@id\":\"https:\/\/tranthi.vn\/quangnam\/#website\",\"url\":\"https:\/\/tranthi.vn\/quangnam\/\",\"name\":\"V\u1eadt Li\u1ec7u X\u00e2y D\u1ef1ng Tr\u1ea7n Th\u1ecb Chi Nh\u00e1nh Qu\u1ea3ng Nam\",\"description\":\"V\u1eadt Li\u1ec7u X\u00e2y D\u1ef1ng - Qu\u1ea3ng Nam\",\"potentialAction\":[{\"@type\":\"SearchAction\",\"target\":{\"@type\":\"EntryPoint\",\"urlTemplate\":\"https:\/\/tranthi.vn\/quangnam\/?s={search_term_string}\"},\"query-input\":\"required name=search_term_string\"}],\"inLanguage\":\"vi\"},{\"@type\":\"ImageObject\",\"inLanguage\":\"vi\",\"@id\":\"https:\/\/tranthi.vn\/quangnam\/toa-4-seasons-tropic-shield-18l\/#local-main-organization-logo\",\"url\":\"\",\"contentUrl\":\"\",\"caption\":\"V\u1eadt Li\u1ec7u X\u00e2y D\u1ef1ng Tr\u1ea7n Th\u1ecb Chi Nh\u00e1nh Qu\u1ea3ng Nam\"}]}<\/script>\n<meta property=\"product:price:amount\" content=\"1620000\" \/>\n<meta property=\"product:price:currency\" content=\"VND\" \/>\n<meta property=\"og:availability\" content=\"instock\" \/>\n<meta property=\"product:availability\" content=\"instock\" \/>\n<meta property=\"product:condition\" content=\"new\" \/>\n<!-- \/ Yoast SEO Premium plugin. -->","yoast_head_json":{"title":"TOA 4 Seasons Tropic Shield - 18L - V\u1eadt Li\u1ec7u X\u00e2y D\u1ef1ng Tr\u1ea7n Th\u1ecb Chi Nh\u00e1nh Qu\u1ea3ng Nam","robots":{"index":"index","follow":"follow","max-snippet":"max-snippet:-1","max-image-preview":"max-image-preview:large","max-video-preview":"max-video-preview:-1"},"canonical":"https:\/\/tranthi.vn\/quangnam\/toa-4-seasons-tropic-shield-18l\/","og_locale":"vi_VN","og_type":"article","og_title":"TOA 4 Seasons Tropic Shield - 18L","og_description":"\u01afu \u0111i\u1ec3m:  \u00a0Ch\u1ed1ng b\u00e1m b\u1ee5i  \u00a0Ch\u1ed1ng tia c\u1ef1c t\u00edm  \u00a0\u0110\u1ed9 b\u1ec1n cao  \u00a0Ch\u1ee9ng nh\u1eadn xanh \u2013 Green Label   \u0110\u1ed9 ph\u1ee7: 11m2\/1 l\u1edbp\/1 l\u00edt  \u00a0\u0110\u01a1n v\u1ecb t\u00ednh: th\u00f9ng  \u00a0\u0110\u01a1n gi\u00e1\u00a0s\u01a1n ph\u1ee7 ngo\u1ea1i th\u1ea5t TOA 4 Seasons Tropic Shield \u00a0b\u1ec1n m\u00e0u t\u1ed1i \u01b0u  + 1.620.000\/18L\u00a0  + 550.000\/5L  + 180.000\/1L  \ud83e\udd70\u0110\u01a1n gi\u00e1 \u00e1p d\u1ee5ng khi mua tr\u00ean 5 s\u1ea3n ph\u1ea9m  \u00a0Giao h\u00e0ng trong \u0111\u1ecba b\u00e0n\u00a0\u0110\u00e0 N\u1eb5ng  ( H\u00e0ng pha m\u00e0u kh\u00f4ng \u0111\u1ed5i tr\u1ea3 gi\u00fap em nh\u00e9 \u1ea1 )  ( Gi\u00e1 S\u01a1n m\u00e0u pha li\u00ean h\u1ec7 \u0111\u1ec3 \u0111\u1ec3 bi\u1ebft chi ti\u1ebft )\u00a0","og_url":"https:\/\/tranthi.vn\/quangnam\/toa-4-seasons-tropic-shield-18l\/","og_site_name":"V\u1eadt Li\u1ec7u X\u00e2y D\u1ef1ng Tr\u1ea7n Th\u1ecb Chi Nh\u00e1nh Qu\u1ea3ng Nam","article_modified_time":"2024-03-06T06:53:09+00:00","og_image":[{"width":319,"height":267,"url":"https:\/\/tranthi.vn\/quangnam\/wp-content\/uploads\/2023\/08\/toa-4-seasons-tropic-shield-da-nang-copy_optimized.jpg","type":"image\/jpeg"}],"twitter_card":"summary_large_image","twitter_misc":{"Gi\u00e1":"1,620,000&nbsp;&#8363;","Kh\u1ea3 d\u1ee5ng":"Trong kho"},"schema":{"@context":"https:\/\/schema.org","@graph":[{"@type":["WebPage","ItemPage"],"@id":"https:\/\/tranthi.vn\/quangnam\/toa-4-seasons-tropic-shield-18l\/","url":"https:\/\/tranthi.vn\/quangnam\/toa-4-seasons-tropic-shield-18l\/","name":"TOA 4 Seasons Tropic Shield - 18L - V\u1eadt Li\u1ec7u X\u00e2y D\u1ef1ng Tr\u1ea7n Th\u1ecb Chi Nh\u00e1nh Qu\u1ea3ng Nam","isPartOf":{"@id":"https:\/\/tranthi.vn\/quangnam\/#website"},"primaryImageOfPage":{"@id":"https:\/\/tranthi.vn\/quangnam\/toa-4-seasons-tropic-shield-18l\/#primaryimage"},"image":{"@id":"https:\/\/tranthi.vn\/quangnam\/toa-4-seasons-tropic-shield-18l\/#primaryimage"},"thumbnailUrl":"https:\/\/tranthi.vn\/quangnam\/wp-content\/uploads\/2023\/08\/toa-4-seasons-tropic-shield-da-nang-copy_optimized.jpg","datePublished":"2023-08-18T04:03:00+00:00","dateModified":"2024-03-06T06:53:09+00:00","breadcrumb":{"@id":"https:\/\/tranthi.vn\/quangnam\/toa-4-seasons-tropic-shield-18l\/#breadcrumb"},"inLanguage":"vi","potentialAction":[{"@type":"ReadAction","target":["https:\/\/tranthi.vn\/quangnam\/toa-4-seasons-tropic-shield-18l\/"]}]},{"@type":"ImageObject","inLanguage":"vi","@id":"https:\/\/tranthi.vn\/quangnam\/toa-4-seasons-tropic-shield-18l\/#primaryimage","url":"https:\/\/tranthi.vn\/quangnam\/wp-content\/uploads\/2023\/08\/toa-4-seasons-tropic-shield-da-nang-copy_optimized.jpg","contentUrl":"https:\/\/tranthi.vn\/quangnam\/wp-content\/uploads\/2023\/08\/toa-4-seasons-tropic-shield-da-nang-copy_optimized.jpg","width":319,"height":267,"caption":"toa-4-seasons-tropic-shield-da-nang-copy_optimized.jpg"},{"@type":"BreadcrumbList","@id":"https:\/\/tranthi.vn\/quangnam\/toa-4-seasons-tropic-shield-18l\/#breadcrumb","itemListElement":[{"@type":"ListItem","position":1,"name":"Trang ch\u1ee7","item":"https:\/\/tranthi.vn\/quangnam\/"},{"@type":"ListItem","position":2,"name":"Shop","item":"https:\/\/tranthi.vn\/quangnam\/shop\/"},{"@type":"ListItem","position":3,"name":"TOA 4 Seasons Tropic Shield &#8211; 18L"}]},{"@type":"WebSite","@id":"https:\/\/tranthi.vn\/quangnam\/#website","url":"https:\/\/tranthi.vn\/quangnam\/","name":"V\u1eadt Li\u1ec7u X\u00e2y D\u1ef1ng Tr\u1ea7n Th\u1ecb Chi Nh\u00e1nh Qu\u1ea3ng Nam","description":"V\u1eadt Li\u1ec7u X\u00e2y D\u1ef1ng - Qu\u1ea3ng Nam","potentialAction":[{"@type":"SearchAction","target":{"@type":"EntryPoint","urlTemplate":"https:\/\/tranthi.vn\/quangnam\/?s={search_term_string}"},"query-input":"required name=search_term_string"}],"inLanguage":"vi"},{"@type":"ImageObject","inLanguage":"vi","@id":"https:\/\/tranthi.vn\/quangnam\/toa-4-seasons-tropic-shield-18l\/#local-main-organization-logo","url":"","contentUrl":"","caption":"V\u1eadt Li\u1ec7u X\u00e2y D\u1ef1ng Tr\u1ea7n Th\u1ecb Chi Nh\u00e1nh Qu\u1ea3ng Nam"}]},"product_price_amount":"1620000","product_price_currency":"VND","og_availability":"instock","product_availability":"instock","product_condition":"new"},"_links":{"self":[{"href":"https:\/\/tranthi.vn\/quangnam\/wp-json\/wp\/v2\/product\/5824","targetHints":{"allow":["GET"]}}],"collection":[{"href":"https:\/\/tranthi.vn\/quangnam\/wp-json\/wp\/v2\/product"}],"about":[{"href":"https:\/\/tranthi.vn\/quangnam\/wp-json\/wp\/v2\/types\/product"}],"replies":[{"embeddable":true,"href":"https:\/\/tranthi.vn\/quangnam\/wp-json\/wp\/v2\/comments?post=5824"}],"wp:featuredmedia":[{"embeddable":true,"href":"https:\/\/tranthi.vn\/quangnam\/wp-json\/wp\/v2\/media\/5825"}],"wp:attachment":[{"href":"https:\/\/tranthi.vn\/quangnam\/wp-json\/wp\/v2\/media?parent=5824"}],"wp:term":[{"taxonomy":"product_cat","embeddable":true,"href":"https:\/\/tranthi.vn\/quangnam\/wp-json\/wp\/v2\/product_cat?post=5824"},{"taxonomy":"product_tag","embeddable":true,"href":"https:\/\/tranthi.vn\/quangnam\/wp-json\/wp\/v2\/product_tag?post=5824"}],"curies":[{"name":"wp","href":"https:\/\/api.w.org\/{rel}","templated":true}]}}