{"id":5788,"date":"2023-08-14T14:38:44","date_gmt":"2023-08-14T07:38:44","guid":{"rendered":"https:\/\/tranthi.vn\/quangnam\/?post_type=product&#038;p=5788"},"modified":"2023-08-14T14:38:45","modified_gmt":"2023-08-14T07:38:45","slug":"gt33-ta","status":"publish","type":"product","link":"https:\/\/tranthi.vn\/quangnam\/gt33-ta\/","title":{"rendered":"GT33 &#8211; TA"},"content":{"rendered":"","protected":false},"excerpt":{"rendered":"<p><span style=\"font-family: 'times new roman', times, serif; font-size: 130%; color: #008000;\">G\u1ea1ch tranh ph\u1ee7 b\u00f3ng UV t\u1ea1i\u00a0<a style=\"color: #008000;\" href=\"https:\/\/vi.wikipedia.org\/wiki\/%C4%90%C3%A0_N%E1%BA%B5ng\">\u0110\u00e0 N\u1eb5ng<\/a><\/span><\/p>\n<ul>\n<li><span style=\"font-family: 'times new roman', times, serif; font-size: 130%;\">K\u00edch th\u01b0\u1edbc kh\u1ed5:<span style=\"color: #d83131;\"> 1m2 x 1m8: <strong>1.546.000\/ b\u1ed9<\/strong><\/span>\u00a0( vi\u00ean g\u1ea1ch k\u00edch th\u01b0\u1edbc 60\u00d760)<\/span><\/li>\n<li><span style=\"font-family: 'times new roman', times, serif; font-size: 130%;\">Nh\u1eadn l\u00e0m theo k\u00edch th\u01b0\u1edbc c\u1ee7a kh\u00e1ch<\/span><\/li>\n<li><span style=\"font-family: 'times new roman', times, serif; font-size: 130%;\">H\u00e0ng \u0111\u1eb7t tr\u01b0\u1edbc<\/span><\/li>\n<\/ul>\n<p><em><span style=\"font-family: 'times new roman', times, serif; font-size: 130%; color: #0000ff;\">V\u1eadn chuy\u1ec3n trong n\u1ed9i th\u00e0nh \u0110\u00e0 N\u1eb5ng<\/span><\/em><\/p>\n","protected":false},"featured_media":5789,"comment_status":"closed","ping_status":"closed","template":"","meta":[],"product_cat":[256,288],"product_tag":[],"class_list":{"0":"post-5788","1":"product","2":"type-product","3":"status-publish","4":"has-post-thumbnail","6":"product_cat-gach-op-lat","7":"product_cat-gach-tranh","9":"first","10":"instock","11":"sale","12":"shipping-taxable","13":"purchasable","14":"product-type-simple"},"yoast_head":"<!-- This site is optimized with the Yoast SEO Premium plugin v22.3 (Yoast SEO v22.8) - https:\/\/yoast.com\/wordpress\/plugins\/seo\/ -->\n<title>GT33 - TA - V\u1eadt Li\u1ec7u X\u00e2y D\u1ef1ng Tr\u1ea7n Th\u1ecb Chi Nh\u00e1nh Qu\u1ea3ng Nam<\/title>\n<meta name=\"robots\" content=\"index, follow, max-snippet:-1, max-image-preview:large, max-video-preview:-1\" \/>\n<link rel=\"canonical\" href=\"https:\/\/tranthi.vn\/quangnam\/gt33-ta\/\" \/>\n<meta property=\"og:locale\" content=\"vi_VN\" \/>\n<meta property=\"og:type\" content=\"article\" \/>\n<meta property=\"og:title\" content=\"GT33 - TA\" \/>\n<meta property=\"og:description\" content=\"G\u1ea1ch tranh ph\u1ee7 b\u00f3ng UV t\u1ea1i\u00a0\u0110\u00e0 N\u1eb5ng   K\u00edch th\u01b0\u1edbc kh\u1ed5: 1m2 x 1m8: 1.546.000\/ b\u1ed9\u00a0( vi\u00ean g\u1ea1ch k\u00edch th\u01b0\u1edbc 60\u00d760)  Nh\u1eadn l\u00e0m theo k\u00edch th\u01b0\u1edbc c\u1ee7a kh\u00e1ch  H\u00e0ng \u0111\u1eb7t tr\u01b0\u1edbc  V\u1eadn chuy\u1ec3n trong n\u1ed9i th\u00e0nh \u0110\u00e0 N\u1eb5ng\" \/>\n<meta property=\"og:url\" content=\"https:\/\/tranthi.vn\/quangnam\/gt33-ta\/\" \/>\n<meta property=\"og:site_name\" content=\"V\u1eadt Li\u1ec7u X\u00e2y D\u1ef1ng Tr\u1ea7n Th\u1ecb Chi Nh\u00e1nh Qu\u1ea3ng Nam\" \/>\n<meta property=\"article:modified_time\" content=\"2023-08-14T07:38:45+00:00\" \/>\n<meta property=\"og:image\" content=\"https:\/\/tranthi.vn\/quangnam\/wp-content\/uploads\/2023\/08\/mau-gach-tranh-gia-re-tai-da-nang.jpeg\" \/>\n\t<meta property=\"og:image:width\" content=\"400\" \/>\n\t<meta property=\"og:image:height\" content=\"350\" \/>\n\t<meta property=\"og:image:type\" content=\"image\/jpeg\" \/>\n<meta name=\"twitter:card\" content=\"summary_large_image\" \/>\n<meta name=\"twitter:label1\" content=\"Gi\u00e1\" \/>\n\t<meta name=\"twitter:data1\" content=\"1,546,000&nbsp;&#8363;\" \/>\n\t<meta name=\"twitter:label2\" content=\"Kh\u1ea3 d\u1ee5ng\" \/>\n\t<meta name=\"twitter:data2\" content=\"Trong kho\" \/>\n<script type=\"application\/ld+json\" class=\"yoast-schema-graph\">{\"@context\":\"https:\/\/schema.org\",\"@graph\":[{\"@type\":[\"WebPage\",\"ItemPage\"],\"@id\":\"https:\/\/tranthi.vn\/quangnam\/gt33-ta\/\",\"url\":\"https:\/\/tranthi.vn\/quangnam\/gt33-ta\/\",\"name\":\"GT33 - TA - V\u1eadt Li\u1ec7u X\u00e2y D\u1ef1ng Tr\u1ea7n Th\u1ecb Chi Nh\u00e1nh Qu\u1ea3ng Nam\",\"isPartOf\":{\"@id\":\"https:\/\/tranthi.vn\/quangnam\/#website\"},\"primaryImageOfPage\":{\"@id\":\"https:\/\/tranthi.vn\/quangnam\/gt33-ta\/#primaryimage\"},\"image\":{\"@id\":\"https:\/\/tranthi.vn\/quangnam\/gt33-ta\/#primaryimage\"},\"thumbnailUrl\":\"https:\/\/tranthi.vn\/quangnam\/wp-content\/uploads\/2023\/08\/mau-gach-tranh-gia-re-tai-da-nang.jpeg\",\"datePublished\":\"2023-08-14T07:38:44+00:00\",\"dateModified\":\"2023-08-14T07:38:45+00:00\",\"breadcrumb\":{\"@id\":\"https:\/\/tranthi.vn\/quangnam\/gt33-ta\/#breadcrumb\"},\"inLanguage\":\"vi\",\"potentialAction\":[{\"@type\":\"ReadAction\",\"target\":[\"https:\/\/tranthi.vn\/quangnam\/gt33-ta\/\"]}]},{\"@type\":\"ImageObject\",\"inLanguage\":\"vi\",\"@id\":\"https:\/\/tranthi.vn\/quangnam\/gt33-ta\/#primaryimage\",\"url\":\"https:\/\/tranthi.vn\/quangnam\/wp-content\/uploads\/2023\/08\/mau-gach-tranh-gia-re-tai-da-nang.jpeg\",\"contentUrl\":\"https:\/\/tranthi.vn\/quangnam\/wp-content\/uploads\/2023\/08\/mau-gach-tranh-gia-re-tai-da-nang.jpeg\",\"width\":400,\"height\":350,\"caption\":\"m\u1eabu-g\u1ea1ch-tranh-gi\u00e1-r\u1ebb-t\u1ea1i-\u0111\u00e0-n\u1eb5ng\"},{\"@type\":\"BreadcrumbList\",\"@id\":\"https:\/\/tranthi.vn\/quangnam\/gt33-ta\/#breadcrumb\",\"itemListElement\":[{\"@type\":\"ListItem\",\"position\":1,\"name\":\"Trang ch\u1ee7\",\"item\":\"https:\/\/tranthi.vn\/quangnam\/\"},{\"@type\":\"ListItem\",\"position\":2,\"name\":\"Shop\",\"item\":\"https:\/\/tranthi.vn\/quangnam\/shop\/\"},{\"@type\":\"ListItem\",\"position\":3,\"name\":\"GT33 &#8211; TA\"}]},{\"@type\":\"WebSite\",\"@id\":\"https:\/\/tranthi.vn\/quangnam\/#website\",\"url\":\"https:\/\/tranthi.vn\/quangnam\/\",\"name\":\"V\u1eadt Li\u1ec7u X\u00e2y D\u1ef1ng Tr\u1ea7n Th\u1ecb Chi Nh\u00e1nh Qu\u1ea3ng Nam\",\"description\":\"V\u1eadt Li\u1ec7u X\u00e2y D\u1ef1ng - Qu\u1ea3ng Nam\",\"potentialAction\":[{\"@type\":\"SearchAction\",\"target\":{\"@type\":\"EntryPoint\",\"urlTemplate\":\"https:\/\/tranthi.vn\/quangnam\/?s={search_term_string}\"},\"query-input\":\"required name=search_term_string\"}],\"inLanguage\":\"vi\"},{\"@type\":\"ImageObject\",\"inLanguage\":\"vi\",\"@id\":\"https:\/\/tranthi.vn\/quangnam\/gt33-ta\/#local-main-organization-logo\",\"url\":\"\",\"contentUrl\":\"\",\"caption\":\"V\u1eadt Li\u1ec7u X\u00e2y D\u1ef1ng Tr\u1ea7n Th\u1ecb Chi Nh\u00e1nh Qu\u1ea3ng Nam\"}]}<\/script>\n<meta property=\"product:price:amount\" content=\"1546000\" \/>\n<meta property=\"product:price:currency\" content=\"VND\" \/>\n<meta property=\"og:availability\" content=\"instock\" \/>\n<meta property=\"product:availability\" content=\"instock\" \/>\n<meta property=\"product:condition\" content=\"new\" \/>\n<!-- \/ Yoast SEO Premium plugin. -->","yoast_head_json":{"title":"GT33 - TA - V\u1eadt Li\u1ec7u X\u00e2y D\u1ef1ng Tr\u1ea7n Th\u1ecb Chi Nh\u00e1nh Qu\u1ea3ng Nam","robots":{"index":"index","follow":"follow","max-snippet":"max-snippet:-1","max-image-preview":"max-image-preview:large","max-video-preview":"max-video-preview:-1"},"canonical":"https:\/\/tranthi.vn\/quangnam\/gt33-ta\/","og_locale":"vi_VN","og_type":"article","og_title":"GT33 - TA","og_description":"G\u1ea1ch tranh ph\u1ee7 b\u00f3ng UV t\u1ea1i\u00a0\u0110\u00e0 N\u1eb5ng   K\u00edch th\u01b0\u1edbc kh\u1ed5: 1m2 x 1m8: 1.546.000\/ b\u1ed9\u00a0( vi\u00ean g\u1ea1ch k\u00edch th\u01b0\u1edbc 60\u00d760)  Nh\u1eadn l\u00e0m theo k\u00edch th\u01b0\u1edbc c\u1ee7a kh\u00e1ch  H\u00e0ng \u0111\u1eb7t tr\u01b0\u1edbc  V\u1eadn chuy\u1ec3n trong n\u1ed9i th\u00e0nh \u0110\u00e0 N\u1eb5ng","og_url":"https:\/\/tranthi.vn\/quangnam\/gt33-ta\/","og_site_name":"V\u1eadt Li\u1ec7u X\u00e2y D\u1ef1ng Tr\u1ea7n Th\u1ecb Chi Nh\u00e1nh Qu\u1ea3ng Nam","article_modified_time":"2023-08-14T07:38:45+00:00","og_image":[{"width":400,"height":350,"url":"https:\/\/tranthi.vn\/quangnam\/wp-content\/uploads\/2023\/08\/mau-gach-tranh-gia-re-tai-da-nang.jpeg","type":"image\/jpeg"}],"twitter_card":"summary_large_image","twitter_misc":{"Gi\u00e1":"1,546,000&nbsp;&#8363;","Kh\u1ea3 d\u1ee5ng":"Trong kho"},"schema":{"@context":"https:\/\/schema.org","@graph":[{"@type":["WebPage","ItemPage"],"@id":"https:\/\/tranthi.vn\/quangnam\/gt33-ta\/","url":"https:\/\/tranthi.vn\/quangnam\/gt33-ta\/","name":"GT33 - TA - V\u1eadt Li\u1ec7u X\u00e2y D\u1ef1ng Tr\u1ea7n Th\u1ecb Chi Nh\u00e1nh Qu\u1ea3ng Nam","isPartOf":{"@id":"https:\/\/tranthi.vn\/quangnam\/#website"},"primaryImageOfPage":{"@id":"https:\/\/tranthi.vn\/quangnam\/gt33-ta\/#primaryimage"},"image":{"@id":"https:\/\/tranthi.vn\/quangnam\/gt33-ta\/#primaryimage"},"thumbnailUrl":"https:\/\/tranthi.vn\/quangnam\/wp-content\/uploads\/2023\/08\/mau-gach-tranh-gia-re-tai-da-nang.jpeg","datePublished":"2023-08-14T07:38:44+00:00","dateModified":"2023-08-14T07:38:45+00:00","breadcrumb":{"@id":"https:\/\/tranthi.vn\/quangnam\/gt33-ta\/#breadcrumb"},"inLanguage":"vi","potentialAction":[{"@type":"ReadAction","target":["https:\/\/tranthi.vn\/quangnam\/gt33-ta\/"]}]},{"@type":"ImageObject","inLanguage":"vi","@id":"https:\/\/tranthi.vn\/quangnam\/gt33-ta\/#primaryimage","url":"https:\/\/tranthi.vn\/quangnam\/wp-content\/uploads\/2023\/08\/mau-gach-tranh-gia-re-tai-da-nang.jpeg","contentUrl":"https:\/\/tranthi.vn\/quangnam\/wp-content\/uploads\/2023\/08\/mau-gach-tranh-gia-re-tai-da-nang.jpeg","width":400,"height":350,"caption":"m\u1eabu-g\u1ea1ch-tranh-gi\u00e1-r\u1ebb-t\u1ea1i-\u0111\u00e0-n\u1eb5ng"},{"@type":"BreadcrumbList","@id":"https:\/\/tranthi.vn\/quangnam\/gt33-ta\/#breadcrumb","itemListElement":[{"@type":"ListItem","position":1,"name":"Trang ch\u1ee7","item":"https:\/\/tranthi.vn\/quangnam\/"},{"@type":"ListItem","position":2,"name":"Shop","item":"https:\/\/tranthi.vn\/quangnam\/shop\/"},{"@type":"ListItem","position":3,"name":"GT33 &#8211; TA"}]},{"@type":"WebSite","@id":"https:\/\/tranthi.vn\/quangnam\/#website","url":"https:\/\/tranthi.vn\/quangnam\/","name":"V\u1eadt Li\u1ec7u X\u00e2y D\u1ef1ng Tr\u1ea7n Th\u1ecb Chi Nh\u00e1nh Qu\u1ea3ng Nam","description":"V\u1eadt Li\u1ec7u X\u00e2y D\u1ef1ng - Qu\u1ea3ng Nam","potentialAction":[{"@type":"SearchAction","target":{"@type":"EntryPoint","urlTemplate":"https:\/\/tranthi.vn\/quangnam\/?s={search_term_string}"},"query-input":"required name=search_term_string"}],"inLanguage":"vi"},{"@type":"ImageObject","inLanguage":"vi","@id":"https:\/\/tranthi.vn\/quangnam\/gt33-ta\/#local-main-organization-logo","url":"","contentUrl":"","caption":"V\u1eadt Li\u1ec7u X\u00e2y D\u1ef1ng Tr\u1ea7n Th\u1ecb Chi Nh\u00e1nh Qu\u1ea3ng Nam"}]},"product_price_amount":"1546000","product_price_currency":"VND","og_availability":"instock","product_availability":"instock","product_condition":"new"},"_links":{"self":[{"href":"https:\/\/tranthi.vn\/quangnam\/wp-json\/wp\/v2\/product\/5788","targetHints":{"allow":["GET"]}}],"collection":[{"href":"https:\/\/tranthi.vn\/quangnam\/wp-json\/wp\/v2\/product"}],"about":[{"href":"https:\/\/tranthi.vn\/quangnam\/wp-json\/wp\/v2\/types\/product"}],"replies":[{"embeddable":true,"href":"https:\/\/tranthi.vn\/quangnam\/wp-json\/wp\/v2\/comments?post=5788"}],"wp:featuredmedia":[{"embeddable":true,"href":"https:\/\/tranthi.vn\/quangnam\/wp-json\/wp\/v2\/media\/5789"}],"wp:attachment":[{"href":"https:\/\/tranthi.vn\/quangnam\/wp-json\/wp\/v2\/media?parent=5788"}],"wp:term":[{"taxonomy":"product_cat","embeddable":true,"href":"https:\/\/tranthi.vn\/quangnam\/wp-json\/wp\/v2\/product_cat?post=5788"},{"taxonomy":"product_tag","embeddable":true,"href":"https:\/\/tranthi.vn\/quangnam\/wp-json\/wp\/v2\/product_tag?post=5788"}],"curies":[{"name":"wp","href":"https:\/\/api.w.org\/{rel}","templated":true}]}}