{"id":557,"date":"2021-02-16T05:28:02","date_gmt":"2021-02-16T05:28:02","guid":{"rendered":"http:\/\/new-tranthi.test\/san-pham\/ban-lam-viec-dl02\/"},"modified":"2024-05-01T12:17:16","modified_gmt":"2024-05-01T05:17:16","slug":"ban-lam-viec-dl02","status":"publish","type":"product","link":"https:\/\/tranthi.vn\/quangnam\/ban-lam-viec-dl02\/","title":{"rendered":"B\u00e0n L\u00e0m Vi\u1ec7c DL02"},"content":{"rendered":"","protected":false},"excerpt":{"rendered":"<div class=\"woocommerce-product-details__short-description\">\n<p><span style=\"font-family: 'times new roman', times, serif;\"><em><img decoding=\"async\" class=\"emoji\" draggable=\"false\" src=\"https:\/\/s.w.org\/images\/core\/emoji\/12.0.0-1\/svg\/1f606.svg\" alt=\"\ud83d\ude06\" \/><\/em><span style=\"font-size: 14pt; color: #000000;\">\u00a0V\u1eadn chuy\u1ec3n n\u1ed9i th\u00e0nh<span style=\"color: #008000;\">\u00a0<a style=\"color: #008000;\" href=\"https:\/\/fr.wikipedia.org\/wiki\/Da_Nang\">\u0110\u00e0 N\u1eb5ng<\/a><\/span><\/span><\/span><\/p>\n<p><span style=\"font-family: 'times new roman', times, serif; font-size: 14pt; color: #000000;\"><img decoding=\"async\" class=\"emoji\" draggable=\"false\" src=\"https:\/\/s.w.org\/images\/core\/emoji\/12.0.0-1\/svg\/1f606.svg\" alt=\"\ud83d\ude06\" \/> K\u00edch th\u01b0\u1edbc: Cao 75 x ngang 80 x s\u00e2u 45cm<\/span><\/p>\n<p><span style=\"font-family: 'times new roman', times, serif; font-size: 14pt; color: #000000;\"><img decoding=\"async\" class=\"emoji\" draggable=\"false\" src=\"https:\/\/s.w.org\/images\/core\/emoji\/12.0.0-1\/svg\/1f606.svg\" alt=\"\ud83d\ude06\" \/>\u00a0M\u00e0u s\u1eafc: t\u1ef1 ch\u1ecdn<\/span><\/p>\n<p><span style=\"font-family: 'times new roman', times, serif; font-size: 14pt; color: #000000;\"><img decoding=\"async\" class=\"emoji\" draggable=\"false\" src=\"https:\/\/s.w.org\/images\/core\/emoji\/12.0.0-1\/svg\/1f606.svg\" alt=\"\ud83d\ude06\" \/> B\u00e0n nh\u1ef1a \u0111\u00e0i loan DL02:<span style=\"color: #ff0000;\"><strong> 1.650.000\u0111<\/strong><\/span><\/span><\/p>\n<p><span style=\"font-family: 'times new roman', times, serif; font-size: 14pt; color: #000000;\">Ngo\u00e0i ra Tr\u1ea7n Th\u1ecb c\u00f2n nh\u1eadn giao h\u00e0ng \u0111\u1ebfn c\u00e1c \u0111i\u1ec3m\u00a0<span style=\"color: #008000;\"><a style=\"color: #008000;\" href=\"https:\/\/vi.wikipedia.org\/wiki\/%C4%90%C3%B4ng_H%C3%A0\">\u0110\u00f4ng H\u00e0 Qu\u1ea3ng tr\u1ecb<\/a>,\u00a0<a style=\"color: #008000;\" href=\"https:\/\/vi.wikipedia.org\/wiki\/H%E1%BB%99i_An\">H\u1ed9i An<\/a>,\u00a0<a style=\"color: #008000;\" href=\"https:\/\/vi.wikipedia.org\/wiki\/Tam_K%E1%BB%B3\">Tam k\u1ef3 Qu\u1ea3ng Nam<\/a>,<a style=\"color: #008000;\" href=\"https:\/\/vi.wikipedia.org\/wiki\/Hu%E1%BA%BF\">\u00a0Hu\u1ebf<\/a>\u00a0,\u00a0<a style=\"color: #008000;\" href=\"https:\/\/vi.wikipedia.org\/wiki\/Qu%E1%BA%A3ng_Ng%C3%A3i\">Qu\u1ea3ng Ng\u00e3i<\/a>\u00a0<\/span>-Chi ph\u00ed v\u1eadn chuy\u1ec3n s\u1ebd t\u00ednh theo kho\u1ea3ng c\u00e1ch v\u00e0 s\u1ed1 l\u01b0\u1ee3ng h\u00e0ng h\u00f3a nh\u1eadp<\/span><\/p>\n<\/div>\n<div class=\"yith-wcwl-add-to-wishlist add-to-wishlist-5615\"><\/div>\n","protected":false},"featured_media":556,"comment_status":"open","ping_status":"closed","template":"","meta":[],"product_cat":[121,116],"product_tag":[],"class_list":{"0":"post-557","1":"product","2":"type-product","3":"status-publish","4":"has-post-thumbnail","6":"product_cat-ban-nhua-hoc-sinh","7":"product_cat-nhua-dai-loan","9":"first","10":"instock","11":"sale","12":"shipping-taxable","13":"purchasable","14":"product-type-simple"},"yoast_head":"<!-- This site is optimized with the Yoast SEO Premium plugin v22.3 (Yoast SEO v22.8) - https:\/\/yoast.com\/wordpress\/plugins\/seo\/ -->\n<title>B\u00e0n L\u00e0m Vi\u1ec7c DL02 - V\u1eadt Li\u1ec7u X\u00e2y D\u1ef1ng Tr\u1ea7n Th\u1ecb Chi Nh\u00e1nh Qu\u1ea3ng Nam<\/title>\n<meta name=\"robots\" content=\"index, follow, max-snippet:-1, max-image-preview:large, max-video-preview:-1\" \/>\n<link rel=\"canonical\" href=\"https:\/\/tranthi.vn\/quangnam\/ban-lam-viec-dl02\/\" \/>\n<meta property=\"og:locale\" content=\"vi_VN\" \/>\n<meta property=\"og:type\" content=\"article\" \/>\n<meta property=\"og:title\" content=\"B\u00e0n L\u00e0m Vi\u1ec7c DL02\" \/>\n<meta property=\"og:description\" content=\"\u00a0V\u1eadn chuy\u1ec3n n\u1ed9i th\u00e0nh\u00a0\u0110\u00e0 N\u1eb5ng   K\u00edch th\u01b0\u1edbc: Cao 75 x ngang 80 x s\u00e2u 45cm  \u00a0M\u00e0u s\u1eafc: t\u1ef1 ch\u1ecdn   B\u00e0n nh\u1ef1a \u0111\u00e0i loan DL02: 1.650.000\u0111  Ngo\u00e0i ra Tr\u1ea7n Th\u1ecb c\u00f2n nh\u1eadn giao h\u00e0ng \u0111\u1ebfn c\u00e1c \u0111i\u1ec3m\u00a0\u0110\u00f4ng H\u00e0 Qu\u1ea3ng tr\u1ecb,\u00a0H\u1ed9i An,\u00a0Tam k\u1ef3 Qu\u1ea3ng Nam,\u00a0Hu\u1ebf\u00a0,\u00a0Qu\u1ea3ng Ng\u00e3i\u00a0-Chi ph\u00ed v\u1eadn chuy\u1ec3n s\u1ebd t\u00ednh theo kho\u1ea3ng c\u00e1ch v\u00e0 s\u1ed1 l\u01b0\u1ee3ng h\u00e0ng h\u00f3a nh\u1eadp\" \/>\n<meta property=\"og:url\" content=\"https:\/\/tranthi.vn\/quangnam\/ban-lam-viec-dl02\/\" \/>\n<meta property=\"og:site_name\" content=\"V\u1eadt Li\u1ec7u X\u00e2y D\u1ef1ng Tr\u1ea7n Th\u1ecb Chi Nh\u00e1nh Qu\u1ea3ng Nam\" \/>\n<meta property=\"article:modified_time\" content=\"2024-05-01T05:17:16+00:00\" \/>\n<meta property=\"og:image\" content=\"https:\/\/tranthi.vn\/quangnam\/wp-content\/uploads\/2021\/02\/img2017102017072.jpg\" \/>\n\t<meta property=\"og:image:width\" content=\"800\" \/>\n\t<meta property=\"og:image:height\" content=\"600\" \/>\n\t<meta property=\"og:image:type\" content=\"image\/jpeg\" \/>\n<meta name=\"twitter:card\" content=\"summary_large_image\" \/>\n<meta name=\"twitter:label1\" content=\"Gi\u00e1\" \/>\n\t<meta name=\"twitter:data1\" content=\"1,650,000&nbsp;&#8363;\" \/>\n\t<meta name=\"twitter:label2\" content=\"Kh\u1ea3 d\u1ee5ng\" \/>\n\t<meta name=\"twitter:data2\" content=\"Trong kho\" \/>\n<script type=\"application\/ld+json\" class=\"yoast-schema-graph\">{\"@context\":\"https:\/\/schema.org\",\"@graph\":[{\"@type\":[\"WebPage\",\"ItemPage\"],\"@id\":\"https:\/\/tranthi.vn\/quangnam\/ban-lam-viec-dl02\/\",\"url\":\"https:\/\/tranthi.vn\/quangnam\/ban-lam-viec-dl02\/\",\"name\":\"B\u00e0n L\u00e0m Vi\u1ec7c DL02 - V\u1eadt Li\u1ec7u X\u00e2y D\u1ef1ng Tr\u1ea7n Th\u1ecb Chi Nh\u00e1nh Qu\u1ea3ng Nam\",\"isPartOf\":{\"@id\":\"https:\/\/tranthi.vn\/quangnam\/#website\"},\"primaryImageOfPage\":{\"@id\":\"https:\/\/tranthi.vn\/quangnam\/ban-lam-viec-dl02\/#primaryimage\"},\"image\":{\"@id\":\"https:\/\/tranthi.vn\/quangnam\/ban-lam-viec-dl02\/#primaryimage\"},\"thumbnailUrl\":\"https:\/\/tranthi.vn\/quangnam\/wp-content\/uploads\/2021\/02\/img2017102017072.jpg\",\"datePublished\":\"2021-02-16T05:28:02+00:00\",\"dateModified\":\"2024-05-01T05:17:16+00:00\",\"breadcrumb\":{\"@id\":\"https:\/\/tranthi.vn\/quangnam\/ban-lam-viec-dl02\/#breadcrumb\"},\"inLanguage\":\"vi\",\"potentialAction\":[{\"@type\":\"ReadAction\",\"target\":[\"https:\/\/tranthi.vn\/quangnam\/ban-lam-viec-dl02\/\"]}]},{\"@type\":\"ImageObject\",\"inLanguage\":\"vi\",\"@id\":\"https:\/\/tranthi.vn\/quangnam\/ban-lam-viec-dl02\/#primaryimage\",\"url\":\"https:\/\/tranthi.vn\/quangnam\/wp-content\/uploads\/2021\/02\/img2017102017072.jpg\",\"contentUrl\":\"https:\/\/tranthi.vn\/quangnam\/wp-content\/uploads\/2021\/02\/img2017102017072.jpg\",\"width\":800,\"height\":600},{\"@type\":\"BreadcrumbList\",\"@id\":\"https:\/\/tranthi.vn\/quangnam\/ban-lam-viec-dl02\/#breadcrumb\",\"itemListElement\":[{\"@type\":\"ListItem\",\"position\":1,\"name\":\"Trang ch\u1ee7\",\"item\":\"https:\/\/tranthi.vn\/quangnam\/\"},{\"@type\":\"ListItem\",\"position\":2,\"name\":\"Shop\",\"item\":\"https:\/\/tranthi.vn\/quangnam\/shop\/\"},{\"@type\":\"ListItem\",\"position\":3,\"name\":\"B\u00e0n L\u00e0m Vi\u1ec7c DL02\"}]},{\"@type\":\"WebSite\",\"@id\":\"https:\/\/tranthi.vn\/quangnam\/#website\",\"url\":\"https:\/\/tranthi.vn\/quangnam\/\",\"name\":\"V\u1eadt Li\u1ec7u X\u00e2y D\u1ef1ng Tr\u1ea7n Th\u1ecb Chi Nh\u00e1nh Qu\u1ea3ng Nam\",\"description\":\"V\u1eadt Li\u1ec7u X\u00e2y D\u1ef1ng - Qu\u1ea3ng Nam\",\"potentialAction\":[{\"@type\":\"SearchAction\",\"target\":{\"@type\":\"EntryPoint\",\"urlTemplate\":\"https:\/\/tranthi.vn\/quangnam\/?s={search_term_string}\"},\"query-input\":\"required name=search_term_string\"}],\"inLanguage\":\"vi\"},{\"@type\":\"ImageObject\",\"inLanguage\":\"vi\",\"@id\":\"https:\/\/tranthi.vn\/quangnam\/ban-lam-viec-dl02\/#local-main-organization-logo\",\"url\":\"\",\"contentUrl\":\"\",\"caption\":\"V\u1eadt Li\u1ec7u X\u00e2y D\u1ef1ng Tr\u1ea7n Th\u1ecb Chi Nh\u00e1nh Qu\u1ea3ng Nam\"}]}<\/script>\n<meta property=\"product:price:amount\" content=\"1650000\" \/>\n<meta property=\"product:price:currency\" content=\"VND\" \/>\n<meta property=\"og:availability\" content=\"instock\" \/>\n<meta property=\"product:availability\" content=\"instock\" \/>\n<meta property=\"product:condition\" content=\"new\" \/>\n<!-- \/ Yoast SEO Premium plugin. -->","yoast_head_json":{"title":"B\u00e0n L\u00e0m Vi\u1ec7c DL02 - V\u1eadt Li\u1ec7u X\u00e2y D\u1ef1ng Tr\u1ea7n Th\u1ecb Chi Nh\u00e1nh Qu\u1ea3ng Nam","robots":{"index":"index","follow":"follow","max-snippet":"max-snippet:-1","max-image-preview":"max-image-preview:large","max-video-preview":"max-video-preview:-1"},"canonical":"https:\/\/tranthi.vn\/quangnam\/ban-lam-viec-dl02\/","og_locale":"vi_VN","og_type":"article","og_title":"B\u00e0n L\u00e0m Vi\u1ec7c DL02","og_description":"\u00a0V\u1eadn chuy\u1ec3n n\u1ed9i th\u00e0nh\u00a0\u0110\u00e0 N\u1eb5ng   K\u00edch th\u01b0\u1edbc: Cao 75 x ngang 80 x s\u00e2u 45cm  \u00a0M\u00e0u s\u1eafc: t\u1ef1 ch\u1ecdn   B\u00e0n nh\u1ef1a \u0111\u00e0i loan DL02: 1.650.000\u0111  Ngo\u00e0i ra Tr\u1ea7n Th\u1ecb c\u00f2n nh\u1eadn giao h\u00e0ng \u0111\u1ebfn c\u00e1c \u0111i\u1ec3m\u00a0\u0110\u00f4ng H\u00e0 Qu\u1ea3ng tr\u1ecb,\u00a0H\u1ed9i An,\u00a0Tam k\u1ef3 Qu\u1ea3ng Nam,\u00a0Hu\u1ebf\u00a0,\u00a0Qu\u1ea3ng Ng\u00e3i\u00a0-Chi ph\u00ed v\u1eadn chuy\u1ec3n s\u1ebd t\u00ednh theo kho\u1ea3ng c\u00e1ch v\u00e0 s\u1ed1 l\u01b0\u1ee3ng h\u00e0ng h\u00f3a nh\u1eadp","og_url":"https:\/\/tranthi.vn\/quangnam\/ban-lam-viec-dl02\/","og_site_name":"V\u1eadt Li\u1ec7u X\u00e2y D\u1ef1ng Tr\u1ea7n Th\u1ecb Chi Nh\u00e1nh Qu\u1ea3ng Nam","article_modified_time":"2024-05-01T05:17:16+00:00","og_image":[{"width":800,"height":600,"url":"https:\/\/tranthi.vn\/quangnam\/wp-content\/uploads\/2021\/02\/img2017102017072.jpg","type":"image\/jpeg"}],"twitter_card":"summary_large_image","twitter_misc":{"Gi\u00e1":"1,650,000&nbsp;&#8363;","Kh\u1ea3 d\u1ee5ng":"Trong kho"},"schema":{"@context":"https:\/\/schema.org","@graph":[{"@type":["WebPage","ItemPage"],"@id":"https:\/\/tranthi.vn\/quangnam\/ban-lam-viec-dl02\/","url":"https:\/\/tranthi.vn\/quangnam\/ban-lam-viec-dl02\/","name":"B\u00e0n L\u00e0m Vi\u1ec7c DL02 - V\u1eadt Li\u1ec7u X\u00e2y D\u1ef1ng Tr\u1ea7n Th\u1ecb Chi Nh\u00e1nh Qu\u1ea3ng Nam","isPartOf":{"@id":"https:\/\/tranthi.vn\/quangnam\/#website"},"primaryImageOfPage":{"@id":"https:\/\/tranthi.vn\/quangnam\/ban-lam-viec-dl02\/#primaryimage"},"image":{"@id":"https:\/\/tranthi.vn\/quangnam\/ban-lam-viec-dl02\/#primaryimage"},"thumbnailUrl":"https:\/\/tranthi.vn\/quangnam\/wp-content\/uploads\/2021\/02\/img2017102017072.jpg","datePublished":"2021-02-16T05:28:02+00:00","dateModified":"2024-05-01T05:17:16+00:00","breadcrumb":{"@id":"https:\/\/tranthi.vn\/quangnam\/ban-lam-viec-dl02\/#breadcrumb"},"inLanguage":"vi","potentialAction":[{"@type":"ReadAction","target":["https:\/\/tranthi.vn\/quangnam\/ban-lam-viec-dl02\/"]}]},{"@type":"ImageObject","inLanguage":"vi","@id":"https:\/\/tranthi.vn\/quangnam\/ban-lam-viec-dl02\/#primaryimage","url":"https:\/\/tranthi.vn\/quangnam\/wp-content\/uploads\/2021\/02\/img2017102017072.jpg","contentUrl":"https:\/\/tranthi.vn\/quangnam\/wp-content\/uploads\/2021\/02\/img2017102017072.jpg","width":800,"height":600},{"@type":"BreadcrumbList","@id":"https:\/\/tranthi.vn\/quangnam\/ban-lam-viec-dl02\/#breadcrumb","itemListElement":[{"@type":"ListItem","position":1,"name":"Trang ch\u1ee7","item":"https:\/\/tranthi.vn\/quangnam\/"},{"@type":"ListItem","position":2,"name":"Shop","item":"https:\/\/tranthi.vn\/quangnam\/shop\/"},{"@type":"ListItem","position":3,"name":"B\u00e0n L\u00e0m Vi\u1ec7c DL02"}]},{"@type":"WebSite","@id":"https:\/\/tranthi.vn\/quangnam\/#website","url":"https:\/\/tranthi.vn\/quangnam\/","name":"V\u1eadt Li\u1ec7u X\u00e2y D\u1ef1ng Tr\u1ea7n Th\u1ecb Chi Nh\u00e1nh Qu\u1ea3ng Nam","description":"V\u1eadt Li\u1ec7u X\u00e2y D\u1ef1ng - Qu\u1ea3ng Nam","potentialAction":[{"@type":"SearchAction","target":{"@type":"EntryPoint","urlTemplate":"https:\/\/tranthi.vn\/quangnam\/?s={search_term_string}"},"query-input":"required name=search_term_string"}],"inLanguage":"vi"},{"@type":"ImageObject","inLanguage":"vi","@id":"https:\/\/tranthi.vn\/quangnam\/ban-lam-viec-dl02\/#local-main-organization-logo","url":"","contentUrl":"","caption":"V\u1eadt Li\u1ec7u X\u00e2y D\u1ef1ng Tr\u1ea7n Th\u1ecb Chi Nh\u00e1nh Qu\u1ea3ng Nam"}]},"product_price_amount":"1650000","product_price_currency":"VND","og_availability":"instock","product_availability":"instock","product_condition":"new"},"_links":{"self":[{"href":"https:\/\/tranthi.vn\/quangnam\/wp-json\/wp\/v2\/product\/557","targetHints":{"allow":["GET"]}}],"collection":[{"href":"https:\/\/tranthi.vn\/quangnam\/wp-json\/wp\/v2\/product"}],"about":[{"href":"https:\/\/tranthi.vn\/quangnam\/wp-json\/wp\/v2\/types\/product"}],"replies":[{"embeddable":true,"href":"https:\/\/tranthi.vn\/quangnam\/wp-json\/wp\/v2\/comments?post=557"}],"wp:featuredmedia":[{"embeddable":true,"href":"https:\/\/tranthi.vn\/quangnam\/wp-json\/wp\/v2\/media\/556"}],"wp:attachment":[{"href":"https:\/\/tranthi.vn\/quangnam\/wp-json\/wp\/v2\/media?parent=557"}],"wp:term":[{"taxonomy":"product_cat","embeddable":true,"href":"https:\/\/tranthi.vn\/quangnam\/wp-json\/wp\/v2\/product_cat?post=557"},{"taxonomy":"product_tag","embeddable":true,"href":"https:\/\/tranthi.vn\/quangnam\/wp-json\/wp\/v2\/product_tag?post=557"}],"curies":[{"name":"wp","href":"https:\/\/api.w.org\/{rel}","templated":true}]}}