{"id":5532,"date":"2023-08-04T11:02:24","date_gmt":"2023-08-04T04:02:24","guid":{"rendered":"https:\/\/tranthi.vn\/quangnam\/?post_type=product&#038;p=5532"},"modified":"2024-03-18T11:12:41","modified_gmt":"2024-03-18T04:12:41","slug":"thung-gao-guong-2-ngan-dang-ngan-keo-tg","status":"publish","type":"product","link":"https:\/\/tranthi.vn\/quangnam\/thung-gao-guong-2-ngan-dang-ngan-keo-tg\/","title":{"rendered":"Th\u00f9ng G\u1ea1o G\u01b0\u01a1ng 2 Ng\u0103n D\u1ea1ng Ng\u0103n K\u00e9o -TG"},"content":{"rendered":"","protected":false},"excerpt":{"rendered":"<p><span style=\"font-family: 'times new roman', times, serif; font-size: 130%;\"><strong><span style=\"color: #008000;\">Th\u00f9ng g\u1ea1o g\u01b0\u01a1ng 2 ng\u0103n d\u1ea1ng ng\u0103n k\u00e9o tr\u1eafng &#8211; \u0111en<\/span><\/strong><\/span><\/p>\n<p><span style=\"font-family: 'times new roman', times, serif; font-size: 130%;\"><strong>KT: W300*D450*H650_(kt t\u1ee7, ph\u1ee7 b\u00ec : 300)<\/strong><\/span><\/p>\n<p><span style=\"font-family: 'times new roman', times, serif; font-size: 130%;\"><strong>\u0110\u01a1n gi\u00e1: <span style=\"color: #ed1c24;\">1.667.000\/b\u1ed9<\/span><\/strong><\/span><\/p>\n<p><span style=\"color: #008000; font-family: 'times new roman', times, serif; font-size: 130%;\"><strong>+ \u0110\u01b0\u1ee3c B\u1ea3o H\u00e0nh: 12 th\u00e1ng<\/strong><\/span><\/p>\n<p><span style=\"font-family: 'times new roman', times, serif; font-size: 130%;\"><strong><span style=\"color: #008000;\">+ C\u00e1c Tr\u01b0\u1eddng H\u1ee3p S\u1ea3n Ph\u1ea9m Kh\u00f4ng \u0110\u01b0\u1ee3c B\u1ea3o H\u00e0nh:<\/span><\/strong><\/span><\/p>\n<ul>\n<li><span style=\"font-family: 'times new roman', times, serif; font-size: 130%;\"><strong>S\u1ea3n ph\u1ea9m s\u1eed d\u1ee5ng trong m\u00f4i tr\u01b0\u1eddng \u1ea9m \u01b0\u1edbt<\/strong><\/span><\/li>\n<li><span style=\"font-family: 'times new roman', times, serif; font-size: 130%;\"><strong>S\u1ea3n ph\u1ea9m s\u1eed d\u1ee5ng trong m\u00f4i tr\u01b0\u1eddng c\u00f3 axit, \u0111\u1ed9 m\u1eb7n cao<\/strong><\/span><\/li>\n<li><span style=\"font-family: 'times new roman', times, serif; font-size: 130%;\"><strong>S\u1ea3n ph\u1ea9m b\u1ecb d\u1eabm \u0111\u1ea1p, l\u00e0m bi\u1ebfn d\u1ea1ng do t\u00e1c \u0111\u1ed9ng b\u00ean ngo\u00e0i<\/strong><\/span><\/li>\n<\/ul>\n<p><span style=\"font-family: 'times new roman', times, serif; font-size: 130%;\"><strong>\ud83d\ude1b <span style=\"color: #008000;\"><em>S\u1eed d\u1ee5ng chung s\u1ea3n ph\u1ea9m v\u1edbi l\u1eafp \u0111\u1eb7t t\u1ee7 b\u1ebfp s\u1ebd nh\u1eadn \u0111\u01b0\u1ee3c gi\u00e1 \u01b0u \u0111\u00e3i<\/em><\/span><\/strong><\/span><\/p>\n<p><span style=\"font-family: 'times new roman', times, serif; font-size: 130%;\"><strong><span style=\"color: #008000;\"><em>V\u1eadn chuy\u1ec3n mi\u1ec5n ph\u00ed trong n\u1ed9i th\u00e0nh \u0110\u00e0 N\u1eb5ng.<\/em><\/span><\/strong><\/span><\/p>\n","protected":false},"featured_media":5534,"comment_status":"closed","ping_status":"closed","template":"","meta":[],"product_cat":[312,266,381],"product_tag":[],"class_list":{"0":"post-5532","1":"product","2":"type-product","3":"status-publish","4":"has-post-thumbnail","6":"product_cat-phu-kien-tu-bep-thong-minh","7":"product_cat-thiet-bi-nha-bep","8":"product_cat-phu-kien-nha-bep-phu-kien-tu-bep-thong-minh-thung-gao","10":"first","11":"instock","12":"sale","13":"shipping-taxable","14":"purchasable","15":"product-type-simple"},"yoast_head":"<!-- This site is optimized with the Yoast SEO Premium plugin v22.3 (Yoast SEO v22.8) - https:\/\/yoast.com\/wordpress\/plugins\/seo\/ -->\n<title>Th\u00f9ng G\u1ea1o G\u01b0\u01a1ng 2 Ng\u0103n D\u1ea1ng Ng\u0103n K\u00e9o -TG - V\u1eadt Li\u1ec7u X\u00e2y D\u1ef1ng Tr\u1ea7n Th\u1ecb Chi Nh\u00e1nh Qu\u1ea3ng Nam<\/title>\n<meta name=\"robots\" content=\"index, follow, max-snippet:-1, max-image-preview:large, max-video-preview:-1\" \/>\n<link rel=\"canonical\" href=\"https:\/\/tranthi.vn\/quangnam\/thung-gao-guong-2-ngan-dang-ngan-keo-tg\/\" \/>\n<meta property=\"og:locale\" content=\"vi_VN\" \/>\n<meta property=\"og:type\" content=\"article\" \/>\n<meta property=\"og:title\" content=\"Th\u00f9ng G\u1ea1o G\u01b0\u01a1ng 2 Ng\u0103n D\u1ea1ng Ng\u0103n K\u00e9o -TG\" \/>\n<meta property=\"og:description\" content=\"Th\u00f9ng g\u1ea1o g\u01b0\u01a1ng 2 ng\u0103n d\u1ea1ng ng\u0103n k\u00e9o tr\u1eafng - \u0111en  KT: W300*D450*H650_(kt t\u1ee7, ph\u1ee7 b\u00ec : 300)  \u0110\u01a1n gi\u00e1: 1.667.000\/b\u1ed9  + \u0110\u01b0\u1ee3c B\u1ea3o H\u00e0nh: 12 th\u00e1ng  + C\u00e1c Tr\u01b0\u1eddng H\u1ee3p S\u1ea3n Ph\u1ea9m Kh\u00f4ng \u0110\u01b0\u1ee3c B\u1ea3o H\u00e0nh:   S\u1ea3n ph\u1ea9m s\u1eed d\u1ee5ng trong m\u00f4i tr\u01b0\u1eddng \u1ea9m \u01b0\u1edbt  S\u1ea3n ph\u1ea9m s\u1eed d\u1ee5ng trong m\u00f4i tr\u01b0\u1eddng c\u00f3 axit, \u0111\u1ed9 m\u1eb7n cao  S\u1ea3n ph\u1ea9m b\u1ecb d\u1eabm \u0111\u1ea1p, l\u00e0m bi\u1ebfn d\u1ea1ng do t\u00e1c \u0111\u1ed9ng b\u00ean ngo\u00e0i  \ud83d\ude1b S\u1eed d\u1ee5ng chung s\u1ea3n ph\u1ea9m v\u1edbi l\u1eafp \u0111\u1eb7t t\u1ee7 b\u1ebfp s\u1ebd nh\u1eadn \u0111\u01b0\u1ee3c gi\u00e1 \u01b0u \u0111\u00e3i  V\u1eadn chuy\u1ec3n mi\u1ec5n ph\u00ed trong n\u1ed9i th\u00e0nh \u0110\u00e0 N\u1eb5ng.\" \/>\n<meta property=\"og:url\" content=\"https:\/\/tranthi.vn\/quangnam\/thung-gao-guong-2-ngan-dang-ngan-keo-tg\/\" \/>\n<meta property=\"og:site_name\" content=\"V\u1eadt Li\u1ec7u X\u00e2y D\u1ef1ng Tr\u1ea7n Th\u1ecb Chi Nh\u00e1nh Qu\u1ea3ng Nam\" \/>\n<meta property=\"article:modified_time\" content=\"2024-03-18T04:12:41+00:00\" \/>\n<meta property=\"og:image\" content=\"https:\/\/tranthi.vn\/quangnam\/wp-content\/uploads\/2023\/08\/thung-gao-guong-2-ngan-dang-ngan-keo_da-nang.jpeg\" \/>\n\t<meta property=\"og:image:width\" content=\"400\" \/>\n\t<meta property=\"og:image:height\" content=\"350\" \/>\n\t<meta property=\"og:image:type\" content=\"image\/jpeg\" \/>\n<meta name=\"twitter:card\" content=\"summary_large_image\" \/>\n<meta name=\"twitter:label1\" content=\"Gi\u00e1\" \/>\n\t<meta name=\"twitter:data1\" content=\"1,667,000&nbsp;&#8363;\" \/>\n\t<meta name=\"twitter:label2\" content=\"Kh\u1ea3 d\u1ee5ng\" \/>\n\t<meta name=\"twitter:data2\" content=\"Trong kho\" \/>\n<script type=\"application\/ld+json\" class=\"yoast-schema-graph\">{\"@context\":\"https:\/\/schema.org\",\"@graph\":[{\"@type\":[\"WebPage\",\"ItemPage\"],\"@id\":\"https:\/\/tranthi.vn\/quangnam\/thung-gao-guong-2-ngan-dang-ngan-keo-tg\/\",\"url\":\"https:\/\/tranthi.vn\/quangnam\/thung-gao-guong-2-ngan-dang-ngan-keo-tg\/\",\"name\":\"Th\u00f9ng G\u1ea1o G\u01b0\u01a1ng 2 Ng\u0103n D\u1ea1ng Ng\u0103n K\u00e9o -TG - V\u1eadt Li\u1ec7u X\u00e2y D\u1ef1ng Tr\u1ea7n Th\u1ecb Chi Nh\u00e1nh Qu\u1ea3ng Nam\",\"isPartOf\":{\"@id\":\"https:\/\/tranthi.vn\/quangnam\/#website\"},\"primaryImageOfPage\":{\"@id\":\"https:\/\/tranthi.vn\/quangnam\/thung-gao-guong-2-ngan-dang-ngan-keo-tg\/#primaryimage\"},\"image\":{\"@id\":\"https:\/\/tranthi.vn\/quangnam\/thung-gao-guong-2-ngan-dang-ngan-keo-tg\/#primaryimage\"},\"thumbnailUrl\":\"https:\/\/tranthi.vn\/quangnam\/wp-content\/uploads\/2023\/08\/thung-gao-guong-2-ngan-dang-ngan-keo_da-nang.jpeg\",\"datePublished\":\"2023-08-04T04:02:24+00:00\",\"dateModified\":\"2024-03-18T04:12:41+00:00\",\"breadcrumb\":{\"@id\":\"https:\/\/tranthi.vn\/quangnam\/thung-gao-guong-2-ngan-dang-ngan-keo-tg\/#breadcrumb\"},\"inLanguage\":\"vi\",\"potentialAction\":[{\"@type\":\"ReadAction\",\"target\":[\"https:\/\/tranthi.vn\/quangnam\/thung-gao-guong-2-ngan-dang-ngan-keo-tg\/\"]}]},{\"@type\":\"ImageObject\",\"inLanguage\":\"vi\",\"@id\":\"https:\/\/tranthi.vn\/quangnam\/thung-gao-guong-2-ngan-dang-ngan-keo-tg\/#primaryimage\",\"url\":\"https:\/\/tranthi.vn\/quangnam\/wp-content\/uploads\/2023\/08\/thung-gao-guong-2-ngan-dang-ngan-keo_da-nang.jpeg\",\"contentUrl\":\"https:\/\/tranthi.vn\/quangnam\/wp-content\/uploads\/2023\/08\/thung-gao-guong-2-ngan-dang-ngan-keo_da-nang.jpeg\",\"width\":400,\"height\":350,\"caption\":\"th\u00f9ng-g\u1ea1o-g\u01b0\u01a1ng-2-ng\u0103n-d\u1ea1ng-ng\u0103n-k\u00e9o_\u0111\u00e0 n\u1eb5ng\"},{\"@type\":\"BreadcrumbList\",\"@id\":\"https:\/\/tranthi.vn\/quangnam\/thung-gao-guong-2-ngan-dang-ngan-keo-tg\/#breadcrumb\",\"itemListElement\":[{\"@type\":\"ListItem\",\"position\":1,\"name\":\"Trang ch\u1ee7\",\"item\":\"https:\/\/tranthi.vn\/quangnam\/\"},{\"@type\":\"ListItem\",\"position\":2,\"name\":\"Shop\",\"item\":\"https:\/\/tranthi.vn\/quangnam\/shop\/\"},{\"@type\":\"ListItem\",\"position\":3,\"name\":\"Th\u00f9ng G\u1ea1o G\u01b0\u01a1ng 2 Ng\u0103n D\u1ea1ng Ng\u0103n K\u00e9o -TG\"}]},{\"@type\":\"WebSite\",\"@id\":\"https:\/\/tranthi.vn\/quangnam\/#website\",\"url\":\"https:\/\/tranthi.vn\/quangnam\/\",\"name\":\"V\u1eadt Li\u1ec7u X\u00e2y D\u1ef1ng Tr\u1ea7n Th\u1ecb Chi Nh\u00e1nh Qu\u1ea3ng Nam\",\"description\":\"V\u1eadt Li\u1ec7u X\u00e2y D\u1ef1ng - Qu\u1ea3ng Nam\",\"potentialAction\":[{\"@type\":\"SearchAction\",\"target\":{\"@type\":\"EntryPoint\",\"urlTemplate\":\"https:\/\/tranthi.vn\/quangnam\/?s={search_term_string}\"},\"query-input\":\"required name=search_term_string\"}],\"inLanguage\":\"vi\"},{\"@type\":\"ImageObject\",\"inLanguage\":\"vi\",\"@id\":\"https:\/\/tranthi.vn\/quangnam\/thung-gao-guong-2-ngan-dang-ngan-keo-tg\/#local-main-organization-logo\",\"url\":\"\",\"contentUrl\":\"\",\"caption\":\"V\u1eadt Li\u1ec7u X\u00e2y D\u1ef1ng Tr\u1ea7n Th\u1ecb Chi Nh\u00e1nh Qu\u1ea3ng Nam\"}]}<\/script>\n<meta property=\"product:price:amount\" content=\"1667000\" \/>\n<meta property=\"product:price:currency\" content=\"VND\" \/>\n<meta property=\"og:availability\" content=\"instock\" \/>\n<meta property=\"product:availability\" content=\"instock\" \/>\n<meta property=\"product:condition\" content=\"new\" \/>\n<!-- \/ Yoast SEO Premium plugin. -->","yoast_head_json":{"title":"Th\u00f9ng G\u1ea1o G\u01b0\u01a1ng 2 Ng\u0103n D\u1ea1ng Ng\u0103n K\u00e9o -TG - V\u1eadt Li\u1ec7u X\u00e2y D\u1ef1ng Tr\u1ea7n Th\u1ecb Chi Nh\u00e1nh Qu\u1ea3ng Nam","robots":{"index":"index","follow":"follow","max-snippet":"max-snippet:-1","max-image-preview":"max-image-preview:large","max-video-preview":"max-video-preview:-1"},"canonical":"https:\/\/tranthi.vn\/quangnam\/thung-gao-guong-2-ngan-dang-ngan-keo-tg\/","og_locale":"vi_VN","og_type":"article","og_title":"Th\u00f9ng G\u1ea1o G\u01b0\u01a1ng 2 Ng\u0103n D\u1ea1ng Ng\u0103n K\u00e9o -TG","og_description":"Th\u00f9ng g\u1ea1o g\u01b0\u01a1ng 2 ng\u0103n d\u1ea1ng ng\u0103n k\u00e9o tr\u1eafng - \u0111en  KT: W300*D450*H650_(kt t\u1ee7, ph\u1ee7 b\u00ec : 300)  \u0110\u01a1n gi\u00e1: 1.667.000\/b\u1ed9  + \u0110\u01b0\u1ee3c B\u1ea3o H\u00e0nh: 12 th\u00e1ng  + C\u00e1c Tr\u01b0\u1eddng H\u1ee3p S\u1ea3n Ph\u1ea9m Kh\u00f4ng \u0110\u01b0\u1ee3c B\u1ea3o H\u00e0nh:   S\u1ea3n ph\u1ea9m s\u1eed d\u1ee5ng trong m\u00f4i tr\u01b0\u1eddng \u1ea9m \u01b0\u1edbt  S\u1ea3n ph\u1ea9m s\u1eed d\u1ee5ng trong m\u00f4i tr\u01b0\u1eddng c\u00f3 axit, \u0111\u1ed9 m\u1eb7n cao  S\u1ea3n ph\u1ea9m b\u1ecb d\u1eabm \u0111\u1ea1p, l\u00e0m bi\u1ebfn d\u1ea1ng do t\u00e1c \u0111\u1ed9ng b\u00ean ngo\u00e0i  \ud83d\ude1b S\u1eed d\u1ee5ng chung s\u1ea3n ph\u1ea9m v\u1edbi l\u1eafp \u0111\u1eb7t t\u1ee7 b\u1ebfp s\u1ebd nh\u1eadn \u0111\u01b0\u1ee3c gi\u00e1 \u01b0u \u0111\u00e3i  V\u1eadn chuy\u1ec3n mi\u1ec5n ph\u00ed trong n\u1ed9i th\u00e0nh \u0110\u00e0 N\u1eb5ng.","og_url":"https:\/\/tranthi.vn\/quangnam\/thung-gao-guong-2-ngan-dang-ngan-keo-tg\/","og_site_name":"V\u1eadt Li\u1ec7u X\u00e2y D\u1ef1ng Tr\u1ea7n Th\u1ecb Chi Nh\u00e1nh Qu\u1ea3ng Nam","article_modified_time":"2024-03-18T04:12:41+00:00","og_image":[{"width":400,"height":350,"url":"https:\/\/tranthi.vn\/quangnam\/wp-content\/uploads\/2023\/08\/thung-gao-guong-2-ngan-dang-ngan-keo_da-nang.jpeg","type":"image\/jpeg"}],"twitter_card":"summary_large_image","twitter_misc":{"Gi\u00e1":"1,667,000&nbsp;&#8363;","Kh\u1ea3 d\u1ee5ng":"Trong kho"},"schema":{"@context":"https:\/\/schema.org","@graph":[{"@type":["WebPage","ItemPage"],"@id":"https:\/\/tranthi.vn\/quangnam\/thung-gao-guong-2-ngan-dang-ngan-keo-tg\/","url":"https:\/\/tranthi.vn\/quangnam\/thung-gao-guong-2-ngan-dang-ngan-keo-tg\/","name":"Th\u00f9ng G\u1ea1o G\u01b0\u01a1ng 2 Ng\u0103n D\u1ea1ng Ng\u0103n K\u00e9o -TG - V\u1eadt Li\u1ec7u X\u00e2y D\u1ef1ng Tr\u1ea7n Th\u1ecb Chi Nh\u00e1nh Qu\u1ea3ng Nam","isPartOf":{"@id":"https:\/\/tranthi.vn\/quangnam\/#website"},"primaryImageOfPage":{"@id":"https:\/\/tranthi.vn\/quangnam\/thung-gao-guong-2-ngan-dang-ngan-keo-tg\/#primaryimage"},"image":{"@id":"https:\/\/tranthi.vn\/quangnam\/thung-gao-guong-2-ngan-dang-ngan-keo-tg\/#primaryimage"},"thumbnailUrl":"https:\/\/tranthi.vn\/quangnam\/wp-content\/uploads\/2023\/08\/thung-gao-guong-2-ngan-dang-ngan-keo_da-nang.jpeg","datePublished":"2023-08-04T04:02:24+00:00","dateModified":"2024-03-18T04:12:41+00:00","breadcrumb":{"@id":"https:\/\/tranthi.vn\/quangnam\/thung-gao-guong-2-ngan-dang-ngan-keo-tg\/#breadcrumb"},"inLanguage":"vi","potentialAction":[{"@type":"ReadAction","target":["https:\/\/tranthi.vn\/quangnam\/thung-gao-guong-2-ngan-dang-ngan-keo-tg\/"]}]},{"@type":"ImageObject","inLanguage":"vi","@id":"https:\/\/tranthi.vn\/quangnam\/thung-gao-guong-2-ngan-dang-ngan-keo-tg\/#primaryimage","url":"https:\/\/tranthi.vn\/quangnam\/wp-content\/uploads\/2023\/08\/thung-gao-guong-2-ngan-dang-ngan-keo_da-nang.jpeg","contentUrl":"https:\/\/tranthi.vn\/quangnam\/wp-content\/uploads\/2023\/08\/thung-gao-guong-2-ngan-dang-ngan-keo_da-nang.jpeg","width":400,"height":350,"caption":"th\u00f9ng-g\u1ea1o-g\u01b0\u01a1ng-2-ng\u0103n-d\u1ea1ng-ng\u0103n-k\u00e9o_\u0111\u00e0 n\u1eb5ng"},{"@type":"BreadcrumbList","@id":"https:\/\/tranthi.vn\/quangnam\/thung-gao-guong-2-ngan-dang-ngan-keo-tg\/#breadcrumb","itemListElement":[{"@type":"ListItem","position":1,"name":"Trang ch\u1ee7","item":"https:\/\/tranthi.vn\/quangnam\/"},{"@type":"ListItem","position":2,"name":"Shop","item":"https:\/\/tranthi.vn\/quangnam\/shop\/"},{"@type":"ListItem","position":3,"name":"Th\u00f9ng G\u1ea1o G\u01b0\u01a1ng 2 Ng\u0103n D\u1ea1ng Ng\u0103n K\u00e9o -TG"}]},{"@type":"WebSite","@id":"https:\/\/tranthi.vn\/quangnam\/#website","url":"https:\/\/tranthi.vn\/quangnam\/","name":"V\u1eadt Li\u1ec7u X\u00e2y D\u1ef1ng Tr\u1ea7n Th\u1ecb Chi Nh\u00e1nh Qu\u1ea3ng Nam","description":"V\u1eadt Li\u1ec7u X\u00e2y D\u1ef1ng - Qu\u1ea3ng Nam","potentialAction":[{"@type":"SearchAction","target":{"@type":"EntryPoint","urlTemplate":"https:\/\/tranthi.vn\/quangnam\/?s={search_term_string}"},"query-input":"required name=search_term_string"}],"inLanguage":"vi"},{"@type":"ImageObject","inLanguage":"vi","@id":"https:\/\/tranthi.vn\/quangnam\/thung-gao-guong-2-ngan-dang-ngan-keo-tg\/#local-main-organization-logo","url":"","contentUrl":"","caption":"V\u1eadt Li\u1ec7u X\u00e2y D\u1ef1ng Tr\u1ea7n Th\u1ecb Chi Nh\u00e1nh Qu\u1ea3ng Nam"}]},"product_price_amount":"1667000","product_price_currency":"VND","og_availability":"instock","product_availability":"instock","product_condition":"new"},"_links":{"self":[{"href":"https:\/\/tranthi.vn\/quangnam\/wp-json\/wp\/v2\/product\/5532","targetHints":{"allow":["GET"]}}],"collection":[{"href":"https:\/\/tranthi.vn\/quangnam\/wp-json\/wp\/v2\/product"}],"about":[{"href":"https:\/\/tranthi.vn\/quangnam\/wp-json\/wp\/v2\/types\/product"}],"replies":[{"embeddable":true,"href":"https:\/\/tranthi.vn\/quangnam\/wp-json\/wp\/v2\/comments?post=5532"}],"wp:featuredmedia":[{"embeddable":true,"href":"https:\/\/tranthi.vn\/quangnam\/wp-json\/wp\/v2\/media\/5534"}],"wp:attachment":[{"href":"https:\/\/tranthi.vn\/quangnam\/wp-json\/wp\/v2\/media?parent=5532"}],"wp:term":[{"taxonomy":"product_cat","embeddable":true,"href":"https:\/\/tranthi.vn\/quangnam\/wp-json\/wp\/v2\/product_cat?post=5532"},{"taxonomy":"product_tag","embeddable":true,"href":"https:\/\/tranthi.vn\/quangnam\/wp-json\/wp\/v2\/product_tag?post=5532"}],"curies":[{"name":"wp","href":"https:\/\/api.w.org\/{rel}","templated":true}]}}