{"id":5271,"date":"2023-07-26T08:39:51","date_gmt":"2023-07-26T01:39:51","guid":{"rendered":"https:\/\/tranthi.vn\/quangnam\/?post_type=product&#038;p=5271"},"modified":"2024-04-09T14:43:59","modified_gmt":"2024-04-09T07:43:59","slug":"lt-007","status":"publish","type":"product","link":"https:\/\/tranthi.vn\/quangnam\/lt-007\/","title":{"rendered":"Lavabo g\u1ed1m s\u1ee9 LT-007"},"content":{"rendered":"<p style=\"text-align: center;\"><strong><span style=\"font-family: 'times new roman', times, serif; font-size: 130%; color: #ff0000;\">GI\u00c1 LAVABO G\u1ed0M S\u1ee8 NGH\u1ec6 THU\u1eacT T\u1ea0I \u0110\u00c0 N\u1eb4NG<\/span><\/strong><\/p>\n<p><span style=\"font-family: 'times new roman', times, serif; font-size: 130%; color: #000000;\">Tr\u00ean th\u1ecb tr\u01b0\u1eddng <strong><em>\u0110\u00e0 N\u1eb5ng<\/em><\/strong> hi\u1ec7n nay \u0111\u1ea7y \u0111\u1ee7 c\u00e1c lo\u1ea1i lavabo n\u00e0o \u0111\u1ec3 b\u00e0n, \u00e2m b\u00e0n, b\u00e0n \u1ea5m \u0111\u01b0\u1ee3c l\u00e0m t\u1eeb nhi\u1ec1u ch\u1ea5t li\u1ec7u nh\u01b0 s\u1ee9, \u0111\u00e1 cu\u1ed9i, \u0111\u00e1 t\u1ef1 nhi\u00ean v\u00e0 gi\u00e1 th\u00e0nh c\u0169ng kh\u00e1c nhau. Trong \u0111\u00f3 nh\u1eefng ng\u01b0\u1eddi th\u00edch ph\u00f2ng c\u00e1ch c\u1ed5 \u0111i\u1ec3n v\u00e0 sang tr\u1ecdng th\u00ec ch\u1eafc kh\u00f4ng xa l\u1ea1 g\u00ec v\u1edbi nh\u1eefng chi\u1ebfc <strong><em>lavabo g\u1ed1m s\u1ee9 ngh\u1ec7 thu\u1eadt<\/em><\/strong> \u0111\u1ea7y tinh t\u1ebf v\u00e0 \u0111\u1ed9c \u0111\u00e1o<\/span><\/p>\n<h2><span style=\"font-size: 100%;\"><strong><span style=\"font-family: 'times new roman', times, serif; color: #ff0000;\">1. \u0110\u01a1n gi\u00e1 ch\u1eadu r\u1eeda m\u1eb7t g\u1ed1m s\u1ee9<\/span><\/strong><\/span><\/h2>\n<p><span style=\"font-family: 'times new roman', times, serif; font-size: 130%; color: #000000;\">Ch\u1eadu r\u1eeda m\u1eb7t ngh\u1ec7 thu\u1eadt \u0111\u01b0\u1ee3c t\u1ea1o th\u00e0nh t\u1eeb \u0111\u1ea5t s\u00e9t tr\u1eafng, s\u1ea3n ph\u1ea9m sau khi ho\u00e0n th\u00e0nh \u0111\u01b0\u1ee3c nung \u1edf nhi\u1ec7t \u0111\u1ed9 1200 \u0111\u1ed9c<\/span><\/p>\n<p><span style=\"font-family: 'times new roman', times, serif; font-size: 130%; color: #000000;\">Ch\u1eadu r\u1eeda m\u1eb7t sau khi \u0111\u01b0\u1ee3c nung \u0111\u1ea1t ch\u1ea5t l\u01b0\u1ee3ng s\u1ebd \u0111\u01b0\u1ee3c v\u1ebd hoa v\u0103n l\u00ean v\u00e0 sau \u0111\u00f3 ph\u1ee7 1 l\u1edbp tr\u00e1ng men \u0111\u1ec3 h\u1ea1n ch\u1ebf bay m\u00e0u v\u00e0 d\u1ec5 d\u00e0ng lau ch\u00f9i trong qu\u00e1 tr\u00ecnh s\u1eed d\u1ee5ng<\/span><\/p>\n<p><span style=\"font-family: 'times new roman', times, serif; font-size: 130%; color: #000000;\">So v\u1edbi nh\u1eefng lo\u1ea1i ch\u1eadu r\u1eeda m\u1eb7t kh\u00e1ch th\u00ec ch\u1eadu g\u1ed1m s\u1ee9 ngh\u1ec7 thu\u1eadt c\u00f3 quy tr\u00ecnh thi c\u00f4ng ph\u1ee9c t\u1ea1p h\u01a1n n\u00ean gi\u00e1 th\u00e0nh c\u0169ng cao h\u01a1n<\/span><\/p>\n<p><span style=\"font-family: 'times new roman', times, serif; font-size: 130%; color: #000000;\">\u0110\u01a1n gi\u00e1 t\u1eeb 1.000.000 \u0111\u1ebfn 2.500.000\/c\u00e1i ( ch\u01b0a g\u1ed3 v\u00f2i v\u00e0 ph\u1ee5 ki\u1ec7n x\u1ea3 n\u01b0\u1edbc \u0111i k\u00e8m)<\/span><\/p>\n<p><span style=\"font-family: 'times new roman', times, serif; font-size: 130%; color: #000000;\">Ch\u00ednh nh\u1edd s\u1ef1 \u0111\u1ed9c \u0111\u00e1o trong m\u1eabu m\u00e3 v\u00e0 quy tr\u00ecnh thi c\u00f4ng l\u00e0m cho gi\u00e1 th\u00e0nh c\u1ee7a nh\u1eefng chi\u1ebfc ch\u1eadu r\u1eeda m\u1eb7t g\u1ed1m s\u1eed m\u1ef9 thu\u1eadt cao<\/span><\/p>\n<h2><strong><span style=\"font-family: 'times new roman', times, serif; font-size: 100%; color: #ff0000;\">2. Nh\u1eefng m\u1eabu ch\u1eadu r\u1eeda m\u1eb7t g\u1ed1m s\u1ee9 ngh\u1ec7 thu\u1eadt<\/span><\/strong><\/h2>\n<p><span style=\"font-family: 'times new roman', times, serif; font-size: 130%; color: #000000;\">T\u1ea1i \u0110\u00e0 N\u1eb5ng ph\u1ea7n l\u1edbn nh\u1eefng m\u1eabu lavabo \u0111\u00e1 ngh\u1ec7 thu\u1eadt \u0111\u01b0\u1ee3c nh\u1eadp t\u1eeb Trung Qu\u1ed1c gi\u00e1 th\u00e0nh v\u00e0 m\u1eabu m\u00e3 r\u1ea5t \u0111a d\u1ea1ng. N\u1ebfu nh\u1eefng b\u1ea1n mu\u1ed1n trang tr\u00ed homstay, qu\u00e1n \u0103n, qu\u00e1n cafe hay spa&#8230; theo phong c\u00e1ch m\u1ed9c m\u1ea1c g\u1ea7n gi\u0169i v\u1edbi thi\u00ean nhi\u00ean th\u00ec nh\u1eefng m\u1eabu lavabo n\u00e0y v\u00f4 c\u00f9ng h\u1ee3p<\/span><\/p>\n<div id='gallery-1' class='gallery galleryid-5271 gallery-columns-3 gallery-size-thumbnail'><figure class='gallery-item'>\n\t\t\t<div class='gallery-icon landscape'>\n\t\t\t\t<a href='https:\/\/tranthi.vn\/quangnam\/?attachment_id=3639#main'><img loading=\"lazy\" decoding=\"async\" width=\"96\" height=\"96\" src=\"https:\/\/tranthi.vn\/quangnam\/wp-content\/uploads\/2021\/10\/mau-lavabo-gom-su-nghe-thuat_optimized.jpg\" class=\"attachment-thumbnail size-thumbnail\" alt=\"\" srcset=\"https:\/\/tranthi.vn\/quangnam\/wp-content\/uploads\/2021\/10\/mau-lavabo-gom-su-nghe-thuat_optimized.jpg 400w, https:\/\/tranthi.vn\/quangnam\/wp-content\/uploads\/2021\/10\/mau-lavabo-gom-su-nghe-thuat_optimized-100x100.jpg 100w\" sizes=\"auto, (max-width: 96px) 100vw, 96px\" \/><\/a>\n\t\t\t<\/div><\/figure><figure class='gallery-item'>\n\t\t\t<div class='gallery-icon landscape'>\n\t\t\t\t<a href='https:\/\/tranthi.vn\/quangnam\/?attachment_id=3640#main'><img loading=\"lazy\" decoding=\"async\" width=\"96\" height=\"96\" src=\"https:\/\/tranthi.vn\/quangnam\/wp-content\/uploads\/2021\/10\/mau-lavabo-gom-su-nghe-thuat2_optimized.jpg\" class=\"attachment-thumbnail size-thumbnail\" alt=\"\" srcset=\"https:\/\/tranthi.vn\/quangnam\/wp-content\/uploads\/2021\/10\/mau-lavabo-gom-su-nghe-thuat2_optimized.jpg 400w, https:\/\/tranthi.vn\/quangnam\/wp-content\/uploads\/2021\/10\/mau-lavabo-gom-su-nghe-thuat2_optimized-100x100.jpg 100w\" sizes=\"auto, (max-width: 96px) 100vw, 96px\" \/><\/a>\n\t\t\t<\/div><\/figure><figure class='gallery-item'>\n\t\t\t<div class='gallery-icon landscape'>\n\t\t\t\t<a href='https:\/\/tranthi.vn\/quangnam\/?attachment_id=3641#main'><img loading=\"lazy\" decoding=\"async\" width=\"96\" height=\"96\" src=\"https:\/\/tranthi.vn\/quangnam\/wp-content\/uploads\/2021\/10\/mau-lavabo-gom-su-nghe-thuat3_optimized.jpg\" class=\"attachment-thumbnail size-thumbnail\" alt=\"\" srcset=\"https:\/\/tranthi.vn\/quangnam\/wp-content\/uploads\/2021\/10\/mau-lavabo-gom-su-nghe-thuat3_optimized.jpg 400w, https:\/\/tranthi.vn\/quangnam\/wp-content\/uploads\/2021\/10\/mau-lavabo-gom-su-nghe-thuat3_optimized-100x100.jpg 100w\" sizes=\"auto, (max-width: 96px) 100vw, 96px\" \/><\/a>\n\t\t\t<\/div><\/figure><figure class='gallery-item'>\n\t\t\t<div class='gallery-icon landscape'>\n\t\t\t\t<a href='https:\/\/tranthi.vn\/quangnam\/?attachment_id=3642#main'><img loading=\"lazy\" decoding=\"async\" width=\"96\" height=\"96\" src=\"https:\/\/tranthi.vn\/quangnam\/wp-content\/uploads\/2021\/10\/mau-lavabo-gom-su-nghe-thuat4_optimized.jpg\" class=\"attachment-thumbnail size-thumbnail\" alt=\"\" srcset=\"https:\/\/tranthi.vn\/quangnam\/wp-content\/uploads\/2021\/10\/mau-lavabo-gom-su-nghe-thuat4_optimized.jpg 400w, https:\/\/tranthi.vn\/quangnam\/wp-content\/uploads\/2021\/10\/mau-lavabo-gom-su-nghe-thuat4_optimized-100x100.jpg 100w\" sizes=\"auto, (max-width: 96px) 100vw, 96px\" \/><\/a>\n\t\t\t<\/div><\/figure><figure class='gallery-item'>\n\t\t\t<div class='gallery-icon landscape'>\n\t\t\t\t<a href='https:\/\/tranthi.vn\/quangnam\/?attachment_id=3643#main'><img loading=\"lazy\" decoding=\"async\" width=\"96\" height=\"96\" src=\"https:\/\/tranthi.vn\/quangnam\/wp-content\/uploads\/2021\/10\/mau-lavabo-gom-su-nghe-thuat5_optimized.jpg\" class=\"attachment-thumbnail size-thumbnail\" alt=\"\" srcset=\"https:\/\/tranthi.vn\/quangnam\/wp-content\/uploads\/2021\/10\/mau-lavabo-gom-su-nghe-thuat5_optimized.jpg 400w, https:\/\/tranthi.vn\/quangnam\/wp-content\/uploads\/2021\/10\/mau-lavabo-gom-su-nghe-thuat5_optimized-100x100.jpg 100w\" sizes=\"auto, (max-width: 96px) 100vw, 96px\" \/><\/a>\n\t\t\t<\/div><\/figure><figure class='gallery-item'>\n\t\t\t<div class='gallery-icon landscape'>\n\t\t\t\t<a href='https:\/\/tranthi.vn\/quangnam\/?attachment_id=3644#main'><img loading=\"lazy\" decoding=\"async\" width=\"96\" height=\"96\" src=\"https:\/\/tranthi.vn\/quangnam\/wp-content\/uploads\/2021\/10\/mau-lavabo-gom-su-nghe-thuat6_optimized.jpg\" class=\"attachment-thumbnail size-thumbnail\" alt=\"\" srcset=\"https:\/\/tranthi.vn\/quangnam\/wp-content\/uploads\/2021\/10\/mau-lavabo-gom-su-nghe-thuat6_optimized.jpg 400w, https:\/\/tranthi.vn\/quangnam\/wp-content\/uploads\/2021\/10\/mau-lavabo-gom-su-nghe-thuat6_optimized-100x100.jpg 100w\" sizes=\"auto, (max-width: 96px) 100vw, 96px\" \/><\/a>\n\t\t\t<\/div><\/figure><figure class='gallery-item'>\n\t\t\t<div class='gallery-icon landscape'>\n\t\t\t\t<a href='https:\/\/tranthi.vn\/quangnam\/?attachment_id=3645#main'><img loading=\"lazy\" decoding=\"async\" width=\"96\" height=\"96\" src=\"https:\/\/tranthi.vn\/quangnam\/wp-content\/uploads\/2021\/10\/mau-lavabo-gom-su-nghe-thuat7_optimized.jpg\" class=\"attachment-thumbnail size-thumbnail\" alt=\"\" srcset=\"https:\/\/tranthi.vn\/quangnam\/wp-content\/uploads\/2021\/10\/mau-lavabo-gom-su-nghe-thuat7_optimized.jpg 400w, https:\/\/tranthi.vn\/quangnam\/wp-content\/uploads\/2021\/10\/mau-lavabo-gom-su-nghe-thuat7_optimized-100x100.jpg 100w\" sizes=\"auto, (max-width: 96px) 100vw, 96px\" \/><\/a>\n\t\t\t<\/div><\/figure><figure class='gallery-item'>\n\t\t\t<div class='gallery-icon landscape'>\n\t\t\t\t<a href='https:\/\/tranthi.vn\/quangnam\/?attachment_id=3646#main'><img loading=\"lazy\" decoding=\"async\" width=\"96\" height=\"96\" src=\"https:\/\/tranthi.vn\/quangnam\/wp-content\/uploads\/2021\/10\/mau-lavabo-gom-su-nghe-thuat8_optimized.jpg\" class=\"attachment-thumbnail size-thumbnail\" alt=\"\" srcset=\"https:\/\/tranthi.vn\/quangnam\/wp-content\/uploads\/2021\/10\/mau-lavabo-gom-su-nghe-thuat8_optimized.jpg 400w, https:\/\/tranthi.vn\/quangnam\/wp-content\/uploads\/2021\/10\/mau-lavabo-gom-su-nghe-thuat8_optimized-100x100.jpg 100w\" sizes=\"auto, (max-width: 96px) 100vw, 96px\" \/><\/a>\n\t\t\t<\/div><\/figure><figure class='gallery-item'>\n\t\t\t<div class='gallery-icon landscape'>\n\t\t\t\t<a href='https:\/\/tranthi.vn\/quangnam\/?attachment_id=3647#main'><img loading=\"lazy\" decoding=\"async\" width=\"96\" height=\"96\" src=\"https:\/\/tranthi.vn\/quangnam\/wp-content\/uploads\/2021\/10\/mau-chau-rua-mat-dep-da-nang_optimized-1.jpg\" class=\"attachment-thumbnail size-thumbnail\" alt=\"\" srcset=\"https:\/\/tranthi.vn\/quangnam\/wp-content\/uploads\/2021\/10\/mau-chau-rua-mat-dep-da-nang_optimized-1.jpg 400w, https:\/\/tranthi.vn\/quangnam\/wp-content\/uploads\/2021\/10\/mau-chau-rua-mat-dep-da-nang_optimized-1-100x100.jpg 100w\" sizes=\"auto, (max-width: 96px) 100vw, 96px\" \/><\/a>\n\t\t\t<\/div><\/figure>\n\t\t<\/div>\n\n<p><span style=\"font-family: 'times new roman', times, serif; font-size: 130%; color: #000000;\">\u0111i k\u00e8m v\u1edbi nh\u1eefng chi\u1ebfc ch\u1eadu ngh\u1ec7 thu\u1eadt l\u00e0 sen v\u00f2i \u0111\u1ed3ng c\u1ed5 \u0111i\u1ec3n. Nh\u1eefng chi\u1ebfn sen v\u00f2i c\u00f3 k\u00edch th\u01b0\u1edbc c\u0169ng nh\u01b0 m\u00e0u s\u1eafc r\u1ea5t h\u00e0i h\u00f2a, t\u0103ng s\u1ef1 c\u1ed5 \u0111i\u1ec3n cho kh\u00f4ng gian<\/span><\/p>\n<p>&nbsp;<\/p>\n","protected":false},"excerpt":{"rendered":"<p><span style=\"font-family: 'times new roman', times, serif; font-size: 130%;\"><img decoding=\"async\" class=\"emoji\" draggable=\"false\" src=\"https:\/\/s.w.org\/images\/core\/emoji\/12.0.0-1\/svg\/1f61b.svg\" alt=\"\ud83d\ude1b\" \/>\u00a0\u0110\u01a1n v\u1ecb t\u00ednh: C\u00e1i<\/span><\/p>\n<p><span style=\"font-family: 'times new roman', times, serif; font-size: 130%;\"><img decoding=\"async\" class=\"emoji\" draggable=\"false\" src=\"https:\/\/s.w.org\/images\/core\/emoji\/12.0.0-1\/svg\/1f61b.svg\" alt=\"\ud83d\ude1b\" \/>\u00a0\u0110\u01a1n gi\u00e1<em><strong>: <\/strong><\/em><span style=\"color: #d83131;\"><strong>1.295.000\u0111\/C\u00e1i\u00a0<\/strong><\/span><em>(Ch\u01b0a bao g\u1ed3m b\u1ed9 x\u1ea3 v\u00e0 v\u00f2i lavabo)<\/em><\/span><\/p>\n<p><span style=\"font-family: 'times new roman', times, serif; font-size: 130%;\"><img decoding=\"async\" class=\"emoji\" draggable=\"false\" src=\"https:\/\/s.w.org\/images\/core\/emoji\/12.0.0-1\/svg\/1f61b.svg\" alt=\"\ud83d\ude1b\" \/> \u0110\u01b0\u1eddng k\u00ednh: 40cm<\/span><\/p>\n<p><span style=\"font-family: 'times new roman', times, serif; font-size: 130%;\"><img decoding=\"async\" class=\"emoji\" draggable=\"false\" src=\"https:\/\/s.w.org\/images\/core\/emoji\/12.0.0-1\/svg\/1f61b.svg\" alt=\"\ud83d\ude1b\" \/>\u00a0Giao h\u00e0ng trong \u0111\u1ecba b\u00e0n\u00a0<em><a href=\"https:\/\/fr.wikipedia.org\/wiki\/Da_Nang\"><strong>\u0110\u00e0 N\u1eb5ng<\/strong><\/a><\/em><\/span><\/p>\n","protected":false},"featured_media":5273,"comment_status":"closed","ping_status":"closed","template":"","meta":[],"product_cat":[184,276,179],"product_tag":[],"class_list":{"0":"post-5271","1":"product","2":"type-product","3":"status-publish","4":"has-post-thumbnail","6":"product_cat-lavabo-gia-re-tai-da-nang","7":"product_cat-lavabo-nghe-thuat-co-dien","8":"product_cat-thiet-bi-ve-sinh-da-nang","10":"first","11":"instock","12":"sale","13":"shipping-taxable","14":"purchasable","15":"product-type-simple"},"yoast_head":"<!-- This site is optimized with the Yoast SEO Premium plugin v22.3 (Yoast SEO v22.8) - https:\/\/yoast.com\/wordpress\/plugins\/seo\/ -->\n<title>Lavabo g\u1ed1m s\u1ee9 LT-007 - V\u1eadt Li\u1ec7u X\u00e2y D\u1ef1ng Tr\u1ea7n Th\u1ecb Chi Nh\u00e1nh Qu\u1ea3ng Nam<\/title>\n<meta name=\"robots\" content=\"index, follow, max-snippet:-1, max-image-preview:large, max-video-preview:-1\" \/>\n<link rel=\"canonical\" href=\"https:\/\/tranthi.vn\/quangnam\/lt-007\/\" \/>\n<meta property=\"og:locale\" content=\"vi_VN\" \/>\n<meta property=\"og:type\" content=\"article\" \/>\n<meta property=\"og:title\" content=\"Lavabo g\u1ed1m s\u1ee9 LT-007\" \/>\n<meta property=\"og:description\" content=\"\u00a0\u0110\u01a1n v\u1ecb t\u00ednh: C\u00e1i  \u00a0\u0110\u01a1n gi\u00e1: 1.295.000\u0111\/C\u00e1i\u00a0(Ch\u01b0a bao g\u1ed3m b\u1ed9 x\u1ea3 v\u00e0 v\u00f2i lavabo)   \u0110\u01b0\u1eddng k\u00ednh: 40cm  \u00a0Giao h\u00e0ng trong \u0111\u1ecba b\u00e0n\u00a0\u0110\u00e0 N\u1eb5ng\" \/>\n<meta property=\"og:url\" content=\"https:\/\/tranthi.vn\/quangnam\/lt-007\/\" \/>\n<meta property=\"og:site_name\" content=\"V\u1eadt Li\u1ec7u X\u00e2y D\u1ef1ng Tr\u1ea7n Th\u1ecb Chi Nh\u00e1nh Qu\u1ea3ng Nam\" \/>\n<meta property=\"article:modified_time\" content=\"2024-04-09T07:43:59+00:00\" \/>\n<meta property=\"og:image\" content=\"https:\/\/tranthi.vn\/quangnam\/wp-content\/uploads\/2023\/07\/lavabo6_da-nang.jpg\" \/>\n\t<meta property=\"og:image:width\" content=\"300\" \/>\n\t<meta property=\"og:image:height\" content=\"310\" \/>\n\t<meta property=\"og:image:type\" content=\"image\/jpeg\" \/>\n<meta name=\"twitter:card\" content=\"summary_large_image\" \/>\n<meta name=\"twitter:label1\" content=\"Gi\u00e1\" \/>\n\t<meta name=\"twitter:data1\" content=\"1,295,000&nbsp;&#8363;\" \/>\n\t<meta name=\"twitter:label2\" content=\"Kh\u1ea3 d\u1ee5ng\" \/>\n\t<meta name=\"twitter:data2\" content=\"Trong kho\" \/>\n<script type=\"application\/ld+json\" class=\"yoast-schema-graph\">{\"@context\":\"https:\/\/schema.org\",\"@graph\":[{\"@type\":[\"WebPage\",\"ItemPage\"],\"@id\":\"https:\/\/tranthi.vn\/quangnam\/lt-007\/\",\"url\":\"https:\/\/tranthi.vn\/quangnam\/lt-007\/\",\"name\":\"Lavabo g\u1ed1m s\u1ee9 LT-007 - V\u1eadt Li\u1ec7u X\u00e2y D\u1ef1ng Tr\u1ea7n Th\u1ecb Chi Nh\u00e1nh Qu\u1ea3ng Nam\",\"isPartOf\":{\"@id\":\"https:\/\/tranthi.vn\/quangnam\/#website\"},\"primaryImageOfPage\":{\"@id\":\"https:\/\/tranthi.vn\/quangnam\/lt-007\/#primaryimage\"},\"image\":{\"@id\":\"https:\/\/tranthi.vn\/quangnam\/lt-007\/#primaryimage\"},\"thumbnailUrl\":\"https:\/\/tranthi.vn\/quangnam\/wp-content\/uploads\/2023\/07\/lavabo6_da-nang.jpg\",\"datePublished\":\"2023-07-26T01:39:51+00:00\",\"dateModified\":\"2024-04-09T07:43:59+00:00\",\"breadcrumb\":{\"@id\":\"https:\/\/tranthi.vn\/quangnam\/lt-007\/#breadcrumb\"},\"inLanguage\":\"vi\",\"potentialAction\":[{\"@type\":\"ReadAction\",\"target\":[\"https:\/\/tranthi.vn\/quangnam\/lt-007\/\"]}]},{\"@type\":\"ImageObject\",\"inLanguage\":\"vi\",\"@id\":\"https:\/\/tranthi.vn\/quangnam\/lt-007\/#primaryimage\",\"url\":\"https:\/\/tranthi.vn\/quangnam\/wp-content\/uploads\/2023\/07\/lavabo6_da-nang.jpg\",\"contentUrl\":\"https:\/\/tranthi.vn\/quangnam\/wp-content\/uploads\/2023\/07\/lavabo6_da-nang.jpg\",\"width\":300,\"height\":310,\"caption\":\"lavabo6_\u0111\u00e0 n\u1eb5ng\"},{\"@type\":\"BreadcrumbList\",\"@id\":\"https:\/\/tranthi.vn\/quangnam\/lt-007\/#breadcrumb\",\"itemListElement\":[{\"@type\":\"ListItem\",\"position\":1,\"name\":\"Trang ch\u1ee7\",\"item\":\"https:\/\/tranthi.vn\/quangnam\/\"},{\"@type\":\"ListItem\",\"position\":2,\"name\":\"Shop\",\"item\":\"https:\/\/tranthi.vn\/quangnam\/shop\/\"},{\"@type\":\"ListItem\",\"position\":3,\"name\":\"Lavabo g\u1ed1m s\u1ee9 LT-007\"}]},{\"@type\":\"WebSite\",\"@id\":\"https:\/\/tranthi.vn\/quangnam\/#website\",\"url\":\"https:\/\/tranthi.vn\/quangnam\/\",\"name\":\"V\u1eadt Li\u1ec7u X\u00e2y D\u1ef1ng Tr\u1ea7n Th\u1ecb Chi Nh\u00e1nh Qu\u1ea3ng Nam\",\"description\":\"V\u1eadt Li\u1ec7u X\u00e2y D\u1ef1ng - Qu\u1ea3ng Nam\",\"potentialAction\":[{\"@type\":\"SearchAction\",\"target\":{\"@type\":\"EntryPoint\",\"urlTemplate\":\"https:\/\/tranthi.vn\/quangnam\/?s={search_term_string}\"},\"query-input\":\"required name=search_term_string\"}],\"inLanguage\":\"vi\"},{\"@type\":\"ImageObject\",\"inLanguage\":\"vi\",\"@id\":\"https:\/\/tranthi.vn\/quangnam\/lt-007\/#local-main-organization-logo\",\"url\":\"\",\"contentUrl\":\"\",\"caption\":\"V\u1eadt Li\u1ec7u X\u00e2y D\u1ef1ng Tr\u1ea7n Th\u1ecb Chi Nh\u00e1nh Qu\u1ea3ng Nam\"}]}<\/script>\n<meta property=\"product:price:amount\" content=\"1295000\" \/>\n<meta property=\"product:price:currency\" content=\"VND\" \/>\n<meta property=\"og:availability\" content=\"instock\" \/>\n<meta property=\"product:availability\" content=\"instock\" \/>\n<meta property=\"product:condition\" content=\"new\" \/>\n<!-- \/ Yoast SEO Premium plugin. -->","yoast_head_json":{"title":"Lavabo g\u1ed1m s\u1ee9 LT-007 - V\u1eadt Li\u1ec7u X\u00e2y D\u1ef1ng Tr\u1ea7n Th\u1ecb Chi Nh\u00e1nh Qu\u1ea3ng Nam","robots":{"index":"index","follow":"follow","max-snippet":"max-snippet:-1","max-image-preview":"max-image-preview:large","max-video-preview":"max-video-preview:-1"},"canonical":"https:\/\/tranthi.vn\/quangnam\/lt-007\/","og_locale":"vi_VN","og_type":"article","og_title":"Lavabo g\u1ed1m s\u1ee9 LT-007","og_description":"\u00a0\u0110\u01a1n v\u1ecb t\u00ednh: C\u00e1i  \u00a0\u0110\u01a1n gi\u00e1: 1.295.000\u0111\/C\u00e1i\u00a0(Ch\u01b0a bao g\u1ed3m b\u1ed9 x\u1ea3 v\u00e0 v\u00f2i lavabo)   \u0110\u01b0\u1eddng k\u00ednh: 40cm  \u00a0Giao h\u00e0ng trong \u0111\u1ecba b\u00e0n\u00a0\u0110\u00e0 N\u1eb5ng","og_url":"https:\/\/tranthi.vn\/quangnam\/lt-007\/","og_site_name":"V\u1eadt Li\u1ec7u X\u00e2y D\u1ef1ng Tr\u1ea7n Th\u1ecb Chi Nh\u00e1nh Qu\u1ea3ng Nam","article_modified_time":"2024-04-09T07:43:59+00:00","og_image":[{"width":300,"height":310,"url":"https:\/\/tranthi.vn\/quangnam\/wp-content\/uploads\/2023\/07\/lavabo6_da-nang.jpg","type":"image\/jpeg"}],"twitter_card":"summary_large_image","twitter_misc":{"Gi\u00e1":"1,295,000&nbsp;&#8363;","Kh\u1ea3 d\u1ee5ng":"Trong kho"},"schema":{"@context":"https:\/\/schema.org","@graph":[{"@type":["WebPage","ItemPage"],"@id":"https:\/\/tranthi.vn\/quangnam\/lt-007\/","url":"https:\/\/tranthi.vn\/quangnam\/lt-007\/","name":"Lavabo g\u1ed1m s\u1ee9 LT-007 - V\u1eadt Li\u1ec7u X\u00e2y D\u1ef1ng Tr\u1ea7n Th\u1ecb Chi Nh\u00e1nh Qu\u1ea3ng Nam","isPartOf":{"@id":"https:\/\/tranthi.vn\/quangnam\/#website"},"primaryImageOfPage":{"@id":"https:\/\/tranthi.vn\/quangnam\/lt-007\/#primaryimage"},"image":{"@id":"https:\/\/tranthi.vn\/quangnam\/lt-007\/#primaryimage"},"thumbnailUrl":"https:\/\/tranthi.vn\/quangnam\/wp-content\/uploads\/2023\/07\/lavabo6_da-nang.jpg","datePublished":"2023-07-26T01:39:51+00:00","dateModified":"2024-04-09T07:43:59+00:00","breadcrumb":{"@id":"https:\/\/tranthi.vn\/quangnam\/lt-007\/#breadcrumb"},"inLanguage":"vi","potentialAction":[{"@type":"ReadAction","target":["https:\/\/tranthi.vn\/quangnam\/lt-007\/"]}]},{"@type":"ImageObject","inLanguage":"vi","@id":"https:\/\/tranthi.vn\/quangnam\/lt-007\/#primaryimage","url":"https:\/\/tranthi.vn\/quangnam\/wp-content\/uploads\/2023\/07\/lavabo6_da-nang.jpg","contentUrl":"https:\/\/tranthi.vn\/quangnam\/wp-content\/uploads\/2023\/07\/lavabo6_da-nang.jpg","width":300,"height":310,"caption":"lavabo6_\u0111\u00e0 n\u1eb5ng"},{"@type":"BreadcrumbList","@id":"https:\/\/tranthi.vn\/quangnam\/lt-007\/#breadcrumb","itemListElement":[{"@type":"ListItem","position":1,"name":"Trang ch\u1ee7","item":"https:\/\/tranthi.vn\/quangnam\/"},{"@type":"ListItem","position":2,"name":"Shop","item":"https:\/\/tranthi.vn\/quangnam\/shop\/"},{"@type":"ListItem","position":3,"name":"Lavabo g\u1ed1m s\u1ee9 LT-007"}]},{"@type":"WebSite","@id":"https:\/\/tranthi.vn\/quangnam\/#website","url":"https:\/\/tranthi.vn\/quangnam\/","name":"V\u1eadt Li\u1ec7u X\u00e2y D\u1ef1ng Tr\u1ea7n Th\u1ecb Chi Nh\u00e1nh Qu\u1ea3ng Nam","description":"V\u1eadt Li\u1ec7u X\u00e2y D\u1ef1ng - Qu\u1ea3ng Nam","potentialAction":[{"@type":"SearchAction","target":{"@type":"EntryPoint","urlTemplate":"https:\/\/tranthi.vn\/quangnam\/?s={search_term_string}"},"query-input":"required name=search_term_string"}],"inLanguage":"vi"},{"@type":"ImageObject","inLanguage":"vi","@id":"https:\/\/tranthi.vn\/quangnam\/lt-007\/#local-main-organization-logo","url":"","contentUrl":"","caption":"V\u1eadt Li\u1ec7u X\u00e2y D\u1ef1ng Tr\u1ea7n Th\u1ecb Chi Nh\u00e1nh Qu\u1ea3ng Nam"}]},"product_price_amount":"1295000","product_price_currency":"VND","og_availability":"instock","product_availability":"instock","product_condition":"new"},"_links":{"self":[{"href":"https:\/\/tranthi.vn\/quangnam\/wp-json\/wp\/v2\/product\/5271","targetHints":{"allow":["GET"]}}],"collection":[{"href":"https:\/\/tranthi.vn\/quangnam\/wp-json\/wp\/v2\/product"}],"about":[{"href":"https:\/\/tranthi.vn\/quangnam\/wp-json\/wp\/v2\/types\/product"}],"replies":[{"embeddable":true,"href":"https:\/\/tranthi.vn\/quangnam\/wp-json\/wp\/v2\/comments?post=5271"}],"wp:featuredmedia":[{"embeddable":true,"href":"https:\/\/tranthi.vn\/quangnam\/wp-json\/wp\/v2\/media\/5273"}],"wp:attachment":[{"href":"https:\/\/tranthi.vn\/quangnam\/wp-json\/wp\/v2\/media?parent=5271"}],"wp:term":[{"taxonomy":"product_cat","embeddable":true,"href":"https:\/\/tranthi.vn\/quangnam\/wp-json\/wp\/v2\/product_cat?post=5271"},{"taxonomy":"product_tag","embeddable":true,"href":"https:\/\/tranthi.vn\/quangnam\/wp-json\/wp\/v2\/product_tag?post=5271"}],"curies":[{"name":"wp","href":"https:\/\/api.w.org\/{rel}","templated":true}]}}