{"id":5232,"date":"2023-07-24T17:15:15","date_gmt":"2023-07-24T10:15:15","guid":{"rendered":"https:\/\/tranthi.vn\/quangnam\/?post_type=product&#038;p=5232"},"modified":"2024-11-15T10:24:07","modified_gmt":"2024-11-15T03:24:07","slug":"voi-xit-304-gia-re-hoi-an-tam-ky-quang-nam","status":"publish","type":"product","link":"https:\/\/tranthi.vn\/quangnam\/voi-xit-304-gia-re-hoi-an-tam-ky-quang-nam\/","title":{"rendered":"V\u00f2i X\u1ecbt VX 09-TL"},"content":{"rendered":"<h1 style=\"text-align: center;\"><span style=\"font-family: 'times new roman', times, serif; font-size: 130%;\">V\u00f2i x\u1ecbt WC H\u1ed9i An-Tam K\u1ef3-Qu\u1ea3ng Nam<\/span><\/h1>\n<h1><strong><span style=\"font-family: 'times new roman', times, serif; font-size: 120%;\">V\u00f2i X\u1ecbt WC &#8211; Gi\u1ea3i Ph\u00e1p Ti\u1ec7n L\u1ee3i V\u00e0 Hi\u1ec7n \u0110\u1ea1i Cho Nh\u00e0 V\u1ec7 Sinh<\/span><\/strong><\/h1>\n<h3><span style=\"font-family: 'times new roman', times, serif; font-size: 120%;\">V\u00f2i x\u1ecbt WC, hay c\u00f2n g\u1ecdi l\u00e0 v\u00f2i x\u1ecbt v\u1ec7 sinh, \u0111ang ng\u00e0y c\u00e0ng tr\u1edf th\u00e0nh l\u1ef1a ch\u1ecdn ph\u1ed5 bi\u1ebfn trong c\u00e1c thi\u1ebft k\u1ebf nh\u00e0 v\u1ec7 sinh hi\u1ec7n \u0111\u1ea1i t\u1ea1i <a href=\"https:\/\/vi.wikipedia.org\/wiki\/Qu%E1%BA%A3ng_Nam\"><em>Qu\u1ea3ng Nam<\/em><\/a>. V\u1edbi thi\u1ebft k\u1ebf ti\u1ec7n l\u1ee3i v\u00e0 t\u00ednh n\u0103ng \u01b0u vi\u1ec7t, v\u00f2i x\u1ecbt WC kh\u00f4ng ch\u1ec9 mang l\u1ea1i s\u1ef1 ti\u1ec7n nghi m\u00e0 c\u00f2n gi\u00fap n\u00e2ng cao ch\u1ea5t l\u01b0\u1ee3ng v\u1ec7 sinh v\u00e0 ti\u1ebft ki\u1ec7m n\u01b0\u1edbc.<\/span><\/h3>\n<figure id=\"attachment_7750\" aria-describedby=\"caption-attachment-7750\" style=\"width: 300px\" class=\"wp-caption aligncenter\"><img loading=\"lazy\" decoding=\"async\" class=\"size-full wp-image-7750\" src=\"https:\/\/tranthi.vn\/quangnam\/wp-content\/uploads\/2023\/07\/voi-xit-tai-tam-ky-hoi-an-quang-nam-2.png\" alt=\"v\u00f2i x\u1ecbt t\u1ea1i tam k\u1ef3- h\u1ed9i an- qu\u1ea3ng nam\" width=\"300\" height=\"300\" srcset=\"https:\/\/tranthi.vn\/quangnam\/wp-content\/uploads\/2023\/07\/voi-xit-tai-tam-ky-hoi-an-quang-nam-2.png 300w, https:\/\/tranthi.vn\/quangnam\/wp-content\/uploads\/2023\/07\/voi-xit-tai-tam-ky-hoi-an-quang-nam-2-100x100.png 100w\" sizes=\"auto, (max-width: 300px) 100vw, 300px\" \/><figcaption id=\"caption-attachment-7750\" class=\"wp-caption-text\">v\u00f2i x\u1ecbt t\u1ea1i tam k\u1ef3- h\u1ed9i an- qu\u1ea3ng nam<\/figcaption><\/figure>\n<h1><strong><span style=\"font-family: 'times new roman', times, serif; font-size: 120%;\">1. Gi\u1edbi Thi\u1ec7u V\u1ec1 V\u00f2i X\u1ecbt WC<\/span><\/strong><\/h1>\n<h3><span style=\"font-family: 'times new roman', times, serif; font-size: 120%;\">V\u00f2i x\u1ecbt WC l\u00e0 thi\u1ebft b\u1ecb \u0111\u01b0\u1ee3c l\u1eafp \u0111\u1eb7t trong nh\u00e0 v\u1ec7 sinh \u0111\u1ec3 cung c\u1ea5p n\u01b0\u1edbc x\u1ecbt gi\u00fap v\u1ec7 sinh c\u01a1 th\u1ec3 sau khi s\u1eed d\u1ee5ng toilet. S\u1ea3n ph\u1ea9m th\u01b0\u1eddng c\u00f3 thi\u1ebft k\u1ebf \u0111\u01a1n gi\u1ea3n v\u1edbi m\u1ed9t tay c\u1ea7m v\u00e0 \u0111\u1ea7u x\u1ecbt c\u00f3 th\u1ec3 \u0111i\u1ec1u ch\u1ec9nh \u00e1p l\u1ef1c n\u01b0\u1edbc. V\u00f2i x\u1ecbt WC \u0111\u01b0\u1ee3c l\u00e0m t\u1eeb ch\u1ea5t li\u1ec7u inox, \u0111\u1ed3ng ho\u1eb7c nh\u1ef1a cao c\u1ea5p, \u0111\u1ea3m b\u1ea3o \u0111\u1ed9 b\u1ec1n v\u00e0 d\u1ec5 d\u00e0ng v\u1ec7 sinh.<\/span><\/h3>\n<p style=\"text-align: center;\"><iframe loading=\"lazy\" src=\"\/\/www.youtube.com\/embed\/HIdNW7ZSjzc?pp=ygUNdsOyaSB44buLdCB3Yw\" width=\"560\" height=\"314\" allowfullscreen=\"allowfullscreen\"><\/iframe><\/p>\n<h1><strong><span style=\"font-family: 'times new roman', times, serif; font-size: 120%;\">2. L\u1ee3i \u00edch C\u1ee7a V\u00f2i X\u1ecbt WC T\u1ea1i<\/span><\/strong><a href=\"https:\/\/vi.wikipedia.org\/wiki\/Qu%E1%BA%A3ng_Nam\"><span style=\"font-family: 'times new roman', times, serif; font-size: 120%;\"><em> Qu\u1ea3ng Nam<\/em><\/span><\/a><\/h1>\n<ul>\n<li>\n<h3><span style=\"font-family: 'times new roman', times, serif; font-size: 120%;\">Ti\u1ec7n l\u1ee3i v\u00e0 v\u1ec7 sinh: V\u00f2i x\u1ecbt WC gi\u00fap ng\u01b0\u1eddi d\u00f9ng d\u1ec5 d\u00e0ng v\u1ec7 sinh c\u01a1 th\u1ec3 sau khi s\u1eed d\u1ee5ng toilet, mang l\u1ea1i c\u1ea3m gi\u00e1c s\u1ea1ch s\u1ebd v\u00e0 tho\u1ea3i m\u00e1i h\u01a1n so v\u1edbi gi\u1ea5y v\u1ec7 sinh.<\/span><\/h3>\n<\/li>\n<li>\n<h3><span style=\"font-family: 'times new roman', times, serif; font-size: 120%;\">Ti\u1ebft ki\u1ec7m n\u01b0\u1edbc: V\u00f2i x\u1ecbt WC s\u1eed d\u1ee5ng n\u01b0\u1edbc m\u1ed9t c\u00e1ch ti\u1ebft ki\u1ec7m v\u00e0 hi\u1ec7u qu\u1ea3, gi\u00fap gi\u1ea3m l\u01b0\u1ee3ng gi\u1ea5y v\u1ec7 sinh c\u1ea7n thi\u1ebft v\u00e0 b\u1ea3o v\u1ec7 m\u00f4i tr\u01b0\u1eddng.<\/span><\/h3>\n<\/li>\n<li>\n<h3><span style=\"font-family: 'times new roman', times, serif; font-size: 120%;\">D\u1ec5 d\u00e0ng l\u1eafp \u0111\u1eb7t: V\u00f2i x\u1ecbt WC c\u00f3 th\u1ec3 \u0111\u01b0\u1ee3c l\u1eafp \u0111\u1eb7t d\u1ec5 d\u00e0ng trong nh\u00e0 v\u1ec7 sinh hi\u1ec7n c\u00f3 m\u00e0 kh\u00f4ng c\u1ea7n ph\u1ea3i thay \u0111\u1ed5i c\u1ea5u tr\u00fac nhi\u1ec1u. S\u1ea3n ph\u1ea9m th\u01b0\u1eddng \u0111i k\u00e8m v\u1edbi c\u00e1c ph\u1ee5 ki\u1ec7n c\u1ea7n thi\u1ebft cho vi\u1ec7c l\u1eafp \u0111\u1eb7t.<\/span><\/h3>\n<\/li>\n<li>\n<h3><span style=\"font-family: 'times new roman', times, serif; font-size: 120%;\">Thi\u1ebft k\u1ebf hi\u1ec7n \u0111\u1ea1i: V\u00f2i x\u1ecbt WC hi\u1ec7n nay c\u00f3 nhi\u1ec1u m\u1eabu m\u00e3 v\u00e0 ki\u1ec3u d\u00e1ng \u0111a d\u1ea1ng, t\u1eeb \u0111\u01a1n gi\u1ea3n \u0111\u1ebfn sang tr\u1ecdng, ph\u00f9 h\u1ee3p v\u1edbi m\u1ecdi phong c\u00e1ch thi\u1ebft k\u1ebf n\u1ed9i th\u1ea5t.<\/span><\/h3>\n<\/li>\n<\/ul>\n<p style=\"text-align: center;\"><iframe loading=\"lazy\" src=\"\/\/www.youtube.com\/embed\/L9EIQ6wjQlE\" width=\"560\" height=\"314\" allowfullscreen=\"allowfullscreen\"><\/iframe><\/p>\n<h1><strong><span style=\"font-family: 'times new roman', times, serif; font-size: 120%;\">3. L\u00fd Do N\u00ean Ch\u1ecdn V\u00f2i X\u1ecbt WC\u00a0<\/span><\/strong><\/h1>\n<ul>\n<li>\n<h3><span style=\"font-family: 'times new roman', times, serif; font-size: 120%;\">Kh\u00ed h\u1eadu v\u00e0 \u0111i\u1ec1u ki\u1ec7n s\u1eed d\u1ee5ng: <a href=\"https:\/\/vi.wikipedia.org\/wiki\/Qu%E1%BA%A3ng_Nam\"><em>Qu\u1ea3ng Nam<\/em><\/a> c\u00f3 kh\u00ed h\u1eadu n\u00f3ng \u1ea9m, vi\u1ec7c s\u1eed d\u1ee5ng v\u00f2i x\u1ecbt WC gi\u00fap ng\u01b0\u1eddi d\u00f9ng c\u1ea3m th\u1ea5y m\u00e1t m\u1ebb v\u00e0 tho\u1ea3i m\u00e1i h\u01a1n. N\u01b0\u1edbc x\u1ecbt c\u0169ng gi\u00fap l\u00e0m s\u1ea1ch c\u01a1 th\u1ec3 nhanh ch\u00f3ng v\u00e0 hi\u1ec7u qu\u1ea3 trong \u0111i\u1ec1u ki\u1ec7n th\u1eddi ti\u1ebft n\u00f3ng.<\/span><\/h3>\n<\/li>\n<li>\n<h3><span style=\"font-family: 'times new roman', times, serif; font-size: 120%;\">D\u1ecbch v\u1ee5 v\u00e0 h\u1ed7 tr\u1ee3 ch\u1ea5t l\u01b0\u1ee3ng: C\u00f3 nhi\u1ec1u c\u1eeda h\u00e0ng v\u00e0 nh\u00e0 ph\u00e2n ph\u1ed1i v\u00f2i x\u1ecbt WC cung c\u1ea5p d\u1ecbch v\u1ee5 t\u01b0 v\u1ea5n, l\u1eafp \u0111\u1eb7t v\u00e0 b\u1ea3o tr\u00ec chuy\u00ean nghi\u1ec7p, gi\u00fap b\u1ea1n d\u1ec5 d\u00e0ng l\u1ef1a ch\u1ecdn s\u1ea3n ph\u1ea9m ph\u00f9 h\u1ee3p v\u00e0 \u0111\u1ea3m b\u1ea3o hi\u1ec7u su\u1ea5t s\u1eed d\u1ee5ng.<\/span><\/h3>\n<\/li>\n<li>\n<h3><span style=\"font-family: 'times new roman', times, serif; font-size: 120%;\">Gi\u00e1 c\u1ea3 h\u1ee3p l\u00fd: V\u00f2i x\u1ecbt WC\u00a0 t\u1ea1i \u0111\u00e2y c\u00f3 nhi\u1ec1u m\u1ee9c gi\u00e1 kh\u00e1c nhau, ph\u00f9 h\u1ee3p v\u1edbi nhu c\u1ea7u v\u00e0 ng\u00e2n s\u00e1ch c\u1ee7a b\u1ea1n. B\u1ea1n c\u00f3 th\u1ec3 t\u00ecm th\u1ea5y c\u00e1c s\u1ea3n ph\u1ea9m ch\u1ea5t l\u01b0\u1ee3ng v\u1edbi gi\u00e1 c\u1ea3 c\u1ea1nh tranh.<\/span><\/h3>\n<\/li>\n<\/ul>\n<figure id=\"attachment_7751\" aria-describedby=\"caption-attachment-7751\" style=\"width: 300px\" class=\"wp-caption aligncenter\"><img loading=\"lazy\" decoding=\"async\" class=\"wp-image-7751 size-full\" src=\"https:\/\/tranthi.vn\/quangnam\/wp-content\/uploads\/2023\/07\/voi-xit-tai-tam-ky-hoi-an-quang-nam.png\" alt=\"v\u00f2i x\u1ecbt t\u1ea1i tam k\u1ef3- h\u1ed9i an- qu\u1ea3ng nam\" width=\"300\" height=\"300\" srcset=\"https:\/\/tranthi.vn\/quangnam\/wp-content\/uploads\/2023\/07\/voi-xit-tai-tam-ky-hoi-an-quang-nam.png 300w, https:\/\/tranthi.vn\/quangnam\/wp-content\/uploads\/2023\/07\/voi-xit-tai-tam-ky-hoi-an-quang-nam-100x100.png 100w\" sizes=\"auto, (max-width: 300px) 100vw, 300px\" \/><figcaption id=\"caption-attachment-7751\" class=\"wp-caption-text\">v\u00f2i x\u1ecbt t\u1ea1i tam k\u1ef3- h\u1ed9i an- qu\u1ea3ng nam<\/figcaption><\/figure>\n","protected":false},"excerpt":{"rendered":"<p><span style=\"font-family: 'times new roman', times, serif; font-size: 130%;\"><img decoding=\"async\" class=\"emoji\" draggable=\"false\" src=\"https:\/\/s.w.org\/images\/core\/emoji\/12.0.0-1\/svg\/1f61b.svg\" alt=\"\ud83d\ude1b\" \/>\u00a0\u0110\u01a1n v\u1ecb t\u00ednh: C\u00e1i<\/span><\/p>\n<p><span style=\"font-family: 'times new roman', times, serif; font-size: 130%;\"><img decoding=\"async\" class=\"emoji\" draggable=\"false\" src=\"https:\/\/s.w.org\/images\/core\/emoji\/12.0.0-1\/svg\/1f61b.svg\" alt=\"\ud83d\ude1b\" \/> V\u00f2i x\u1ecbt m\u00e3 VX 09<\/span><\/p>\n<p><span style=\"font-family: 'times new roman', times, serif; font-size: 130%;\"><img decoding=\"async\" class=\"emoji\" draggable=\"false\" src=\"https:\/\/s.w.org\/images\/core\/emoji\/12.0.0-1\/svg\/1f61b.svg\" alt=\"\ud83d\ude1b\" \/> \u0110\u01a1n gi\u00e1: <span style=\"color: #ff0000;\"><b>210.000\u0111\/c\u00e1i<\/b><\/span><\/span><\/p>\n<p><span style=\"font-family: 'times new roman', times, serif; font-size: 130%;\"><img decoding=\"async\" class=\"emoji\" draggable=\"false\" src=\"https:\/\/s.w.org\/images\/core\/emoji\/12.0.0-1\/svg\/1f61b.svg\" alt=\"\ud83d\ude1b\" \/> \u00a0Giao h\u00e0ng trong \u0111\u1ecba b\u00e0n <a href=\"https:\/\/vi.wikipedia.org\/wiki\/Qu%E1%BA%A3ng_Nam\"><em>Qu\u1ea3ng Nam<\/em><\/a><\/span><\/p>\n","protected":false},"featured_media":5233,"comment_status":"closed","ping_status":"closed","template":"","meta":[],"product_cat":[179,264],"product_tag":[464],"class_list":{"0":"post-5232","1":"product","2":"type-product","3":"status-publish","4":"has-post-thumbnail","6":"product_cat-thiet-bi-ve-sinh-da-nang","7":"product_cat-voi-xit","8":"product_tag-gia-voi-xit-wc-o-da-nang","10":"first","11":"instock","12":"sale","13":"shipping-taxable","14":"purchasable","15":"product-type-simple"},"yoast_head":"<!-- This site is optimized with the Yoast SEO Premium plugin v22.3 (Yoast SEO v22.8) - https:\/\/yoast.com\/wordpress\/plugins\/seo\/ -->\n<title>Gi\u00e1 v\u00f2i x\u1ecbt nh\u00e0 v\u1ec7 sinh Qu\u1ea3ng Nam-0947.335.871<\/title>\n<meta name=\"description\" content=\"Gi\u00e1 v\u00f2i x\u1ecbt nh\u00e0 v\u1ec7 sinh t\u1ea1i Qu\u1ea3ng Nam-0947.335.871 Tr\u1ea7n th\u1ecb. Cung c\u1ea5p h\u00e0ng ho\u00e1 uy t\u00edn ch\u1ea5t l\u01b0\u1ee3ng tham kh\u1ea3o t\u1ea1i web: tranthi.vn \u0111\u1ec3 bi\u1ebft th\u00eam chi ti\u1ebft\" \/>\n<meta name=\"robots\" content=\"index, follow, max-snippet:-1, max-image-preview:large, max-video-preview:-1\" \/>\n<link rel=\"canonical\" href=\"https:\/\/tranthi.vn\/quangnam\/voi-xit-304-gia-re-hoi-an-tam-ky-quang-nam\/\" \/>\n<meta property=\"og:locale\" content=\"vi_VN\" \/>\n<meta property=\"og:type\" content=\"article\" \/>\n<meta property=\"og:title\" content=\"V\u00f2i X\u1ecbt VX 09-TL\" \/>\n<meta property=\"og:description\" content=\"Gi\u00e1 v\u00f2i x\u1ecbt nh\u00e0 v\u1ec7 sinh t\u1ea1i Qu\u1ea3ng Nam-0947.335.871 Tr\u1ea7n th\u1ecb. Cung c\u1ea5p h\u00e0ng ho\u00e1 uy t\u00edn ch\u1ea5t l\u01b0\u1ee3ng tham kh\u1ea3o t\u1ea1i web: tranthi.vn \u0111\u1ec3 bi\u1ebft th\u00eam chi ti\u1ebft\" \/>\n<meta property=\"og:url\" content=\"https:\/\/tranthi.vn\/quangnam\/voi-xit-304-gia-re-hoi-an-tam-ky-quang-nam\/\" \/>\n<meta property=\"og:site_name\" content=\"V\u1eadt Li\u1ec7u X\u00e2y D\u1ef1ng Tr\u1ea7n Th\u1ecb Chi Nh\u00e1nh Qu\u1ea3ng Nam\" \/>\n<meta property=\"article:modified_time\" content=\"2024-11-15T03:24:07+00:00\" \/>\n<meta property=\"og:image\" content=\"https:\/\/tranthi.vn\/quangnam\/wp-content\/uploads\/2023\/07\/VOI-XIT-VX-09-DA-NANG.jpg\" \/>\n\t<meta property=\"og:image:width\" content=\"400\" \/>\n\t<meta property=\"og:image:height\" content=\"350\" \/>\n\t<meta property=\"og:image:type\" content=\"image\/jpeg\" \/>\n<meta name=\"twitter:card\" content=\"summary_large_image\" \/>\n<meta name=\"twitter:label1\" content=\"Gi\u00e1\" \/>\n\t<meta name=\"twitter:data1\" content=\"210,000&nbsp;&#8363;\" \/>\n\t<meta name=\"twitter:label2\" content=\"Kh\u1ea3 d\u1ee5ng\" \/>\n\t<meta name=\"twitter:data2\" content=\"Trong kho\" \/>\n<script type=\"application\/ld+json\" class=\"yoast-schema-graph\">{\"@context\":\"https:\/\/schema.org\",\"@graph\":[{\"@type\":[\"WebPage\",\"ItemPage\"],\"@id\":\"https:\/\/tranthi.vn\/quangnam\/voi-xit-304-gia-re-hoi-an-tam-ky-quang-nam\/\",\"url\":\"https:\/\/tranthi.vn\/quangnam\/voi-xit-304-gia-re-hoi-an-tam-ky-quang-nam\/\",\"name\":\"Gi\u00e1 v\u00f2i x\u1ecbt nh\u00e0 v\u1ec7 sinh Qu\u1ea3ng Nam-0947.335.871\",\"isPartOf\":{\"@id\":\"https:\/\/tranthi.vn\/quangnam\/#website\"},\"primaryImageOfPage\":{\"@id\":\"https:\/\/tranthi.vn\/quangnam\/voi-xit-304-gia-re-hoi-an-tam-ky-quang-nam\/#primaryimage\"},\"image\":{\"@id\":\"https:\/\/tranthi.vn\/quangnam\/voi-xit-304-gia-re-hoi-an-tam-ky-quang-nam\/#primaryimage\"},\"thumbnailUrl\":\"https:\/\/tranthi.vn\/quangnam\/wp-content\/uploads\/2023\/07\/VOI-XIT-VX-09-DA-NANG.jpg\",\"datePublished\":\"2023-07-24T10:15:15+00:00\",\"dateModified\":\"2024-11-15T03:24:07+00:00\",\"description\":\"Gi\u00e1 v\u00f2i x\u1ecbt nh\u00e0 v\u1ec7 sinh t\u1ea1i Qu\u1ea3ng Nam-0947.335.871 Tr\u1ea7n th\u1ecb. Cung c\u1ea5p h\u00e0ng ho\u00e1 uy t\u00edn ch\u1ea5t l\u01b0\u1ee3ng tham kh\u1ea3o t\u1ea1i web: tranthi.vn \u0111\u1ec3 bi\u1ebft th\u00eam chi ti\u1ebft\",\"breadcrumb\":{\"@id\":\"https:\/\/tranthi.vn\/quangnam\/voi-xit-304-gia-re-hoi-an-tam-ky-quang-nam\/#breadcrumb\"},\"inLanguage\":\"vi\",\"potentialAction\":[{\"@type\":\"ReadAction\",\"target\":[\"https:\/\/tranthi.vn\/quangnam\/voi-xit-304-gia-re-hoi-an-tam-ky-quang-nam\/\"]}]},{\"@type\":\"ImageObject\",\"inLanguage\":\"vi\",\"@id\":\"https:\/\/tranthi.vn\/quangnam\/voi-xit-304-gia-re-hoi-an-tam-ky-quang-nam\/#primaryimage\",\"url\":\"https:\/\/tranthi.vn\/quangnam\/wp-content\/uploads\/2023\/07\/VOI-XIT-VX-09-DA-NANG.jpg\",\"contentUrl\":\"https:\/\/tranthi.vn\/quangnam\/wp-content\/uploads\/2023\/07\/VOI-XIT-VX-09-DA-NANG.jpg\",\"width\":400,\"height\":350,\"caption\":\"V\u00d2I X\u1ecaT VX 09 \u0110\u00c0 N\u1eb4NG\"},{\"@type\":\"BreadcrumbList\",\"@id\":\"https:\/\/tranthi.vn\/quangnam\/voi-xit-304-gia-re-hoi-an-tam-ky-quang-nam\/#breadcrumb\",\"itemListElement\":[{\"@type\":\"ListItem\",\"position\":1,\"name\":\"Trang ch\u1ee7\",\"item\":\"https:\/\/tranthi.vn\/quangnam\/\"},{\"@type\":\"ListItem\",\"position\":2,\"name\":\"Shop\",\"item\":\"https:\/\/tranthi.vn\/quangnam\/shop\/\"},{\"@type\":\"ListItem\",\"position\":3,\"name\":\"V\u00f2i X\u1ecbt VX 09-TL\"}]},{\"@type\":\"WebSite\",\"@id\":\"https:\/\/tranthi.vn\/quangnam\/#website\",\"url\":\"https:\/\/tranthi.vn\/quangnam\/\",\"name\":\"V\u1eadt Li\u1ec7u X\u00e2y D\u1ef1ng Tr\u1ea7n Th\u1ecb Chi Nh\u00e1nh Qu\u1ea3ng Nam\",\"description\":\"V\u1eadt Li\u1ec7u X\u00e2y D\u1ef1ng - Qu\u1ea3ng Nam\",\"potentialAction\":[{\"@type\":\"SearchAction\",\"target\":{\"@type\":\"EntryPoint\",\"urlTemplate\":\"https:\/\/tranthi.vn\/quangnam\/?s={search_term_string}\"},\"query-input\":\"required name=search_term_string\"}],\"inLanguage\":\"vi\"},{\"@type\":\"ImageObject\",\"inLanguage\":\"vi\",\"@id\":\"https:\/\/tranthi.vn\/quangnam\/voi-xit-304-gia-re-hoi-an-tam-ky-quang-nam\/#local-main-organization-logo\",\"url\":\"\",\"contentUrl\":\"\",\"caption\":\"V\u1eadt Li\u1ec7u X\u00e2y D\u1ef1ng Tr\u1ea7n Th\u1ecb Chi Nh\u00e1nh Qu\u1ea3ng Nam\"}]}<\/script>\n<meta property=\"product:price:amount\" content=\"210000\" \/>\n<meta property=\"product:price:currency\" content=\"VND\" \/>\n<meta property=\"og:availability\" content=\"instock\" \/>\n<meta property=\"product:availability\" content=\"instock\" \/>\n<meta property=\"product:condition\" content=\"new\" \/>\n<!-- \/ Yoast SEO Premium plugin. -->","yoast_head_json":{"title":"Gi\u00e1 v\u00f2i x\u1ecbt nh\u00e0 v\u1ec7 sinh Qu\u1ea3ng Nam-0947.335.871","description":"Gi\u00e1 v\u00f2i x\u1ecbt nh\u00e0 v\u1ec7 sinh t\u1ea1i Qu\u1ea3ng Nam-0947.335.871 Tr\u1ea7n th\u1ecb. Cung c\u1ea5p h\u00e0ng ho\u00e1 uy t\u00edn ch\u1ea5t l\u01b0\u1ee3ng tham kh\u1ea3o t\u1ea1i web: tranthi.vn \u0111\u1ec3 bi\u1ebft th\u00eam chi ti\u1ebft","robots":{"index":"index","follow":"follow","max-snippet":"max-snippet:-1","max-image-preview":"max-image-preview:large","max-video-preview":"max-video-preview:-1"},"canonical":"https:\/\/tranthi.vn\/quangnam\/voi-xit-304-gia-re-hoi-an-tam-ky-quang-nam\/","og_locale":"vi_VN","og_type":"article","og_title":"V\u00f2i X\u1ecbt VX 09-TL","og_description":"Gi\u00e1 v\u00f2i x\u1ecbt nh\u00e0 v\u1ec7 sinh t\u1ea1i Qu\u1ea3ng Nam-0947.335.871 Tr\u1ea7n th\u1ecb. Cung c\u1ea5p h\u00e0ng ho\u00e1 uy t\u00edn ch\u1ea5t l\u01b0\u1ee3ng tham kh\u1ea3o t\u1ea1i web: tranthi.vn \u0111\u1ec3 bi\u1ebft th\u00eam chi ti\u1ebft","og_url":"https:\/\/tranthi.vn\/quangnam\/voi-xit-304-gia-re-hoi-an-tam-ky-quang-nam\/","og_site_name":"V\u1eadt Li\u1ec7u X\u00e2y D\u1ef1ng Tr\u1ea7n Th\u1ecb Chi Nh\u00e1nh Qu\u1ea3ng Nam","article_modified_time":"2024-11-15T03:24:07+00:00","og_image":[{"width":400,"height":350,"url":"https:\/\/tranthi.vn\/quangnam\/wp-content\/uploads\/2023\/07\/VOI-XIT-VX-09-DA-NANG.jpg","type":"image\/jpeg"}],"twitter_card":"summary_large_image","twitter_misc":{"Gi\u00e1":"210,000&nbsp;&#8363;","Kh\u1ea3 d\u1ee5ng":"Trong kho"},"schema":{"@context":"https:\/\/schema.org","@graph":[{"@type":["WebPage","ItemPage"],"@id":"https:\/\/tranthi.vn\/quangnam\/voi-xit-304-gia-re-hoi-an-tam-ky-quang-nam\/","url":"https:\/\/tranthi.vn\/quangnam\/voi-xit-304-gia-re-hoi-an-tam-ky-quang-nam\/","name":"Gi\u00e1 v\u00f2i x\u1ecbt nh\u00e0 v\u1ec7 sinh Qu\u1ea3ng Nam-0947.335.871","isPartOf":{"@id":"https:\/\/tranthi.vn\/quangnam\/#website"},"primaryImageOfPage":{"@id":"https:\/\/tranthi.vn\/quangnam\/voi-xit-304-gia-re-hoi-an-tam-ky-quang-nam\/#primaryimage"},"image":{"@id":"https:\/\/tranthi.vn\/quangnam\/voi-xit-304-gia-re-hoi-an-tam-ky-quang-nam\/#primaryimage"},"thumbnailUrl":"https:\/\/tranthi.vn\/quangnam\/wp-content\/uploads\/2023\/07\/VOI-XIT-VX-09-DA-NANG.jpg","datePublished":"2023-07-24T10:15:15+00:00","dateModified":"2024-11-15T03:24:07+00:00","description":"Gi\u00e1 v\u00f2i x\u1ecbt nh\u00e0 v\u1ec7 sinh t\u1ea1i Qu\u1ea3ng Nam-0947.335.871 Tr\u1ea7n th\u1ecb. Cung c\u1ea5p h\u00e0ng ho\u00e1 uy t\u00edn ch\u1ea5t l\u01b0\u1ee3ng tham kh\u1ea3o t\u1ea1i web: tranthi.vn \u0111\u1ec3 bi\u1ebft th\u00eam chi ti\u1ebft","breadcrumb":{"@id":"https:\/\/tranthi.vn\/quangnam\/voi-xit-304-gia-re-hoi-an-tam-ky-quang-nam\/#breadcrumb"},"inLanguage":"vi","potentialAction":[{"@type":"ReadAction","target":["https:\/\/tranthi.vn\/quangnam\/voi-xit-304-gia-re-hoi-an-tam-ky-quang-nam\/"]}]},{"@type":"ImageObject","inLanguage":"vi","@id":"https:\/\/tranthi.vn\/quangnam\/voi-xit-304-gia-re-hoi-an-tam-ky-quang-nam\/#primaryimage","url":"https:\/\/tranthi.vn\/quangnam\/wp-content\/uploads\/2023\/07\/VOI-XIT-VX-09-DA-NANG.jpg","contentUrl":"https:\/\/tranthi.vn\/quangnam\/wp-content\/uploads\/2023\/07\/VOI-XIT-VX-09-DA-NANG.jpg","width":400,"height":350,"caption":"V\u00d2I X\u1ecaT VX 09 \u0110\u00c0 N\u1eb4NG"},{"@type":"BreadcrumbList","@id":"https:\/\/tranthi.vn\/quangnam\/voi-xit-304-gia-re-hoi-an-tam-ky-quang-nam\/#breadcrumb","itemListElement":[{"@type":"ListItem","position":1,"name":"Trang ch\u1ee7","item":"https:\/\/tranthi.vn\/quangnam\/"},{"@type":"ListItem","position":2,"name":"Shop","item":"https:\/\/tranthi.vn\/quangnam\/shop\/"},{"@type":"ListItem","position":3,"name":"V\u00f2i X\u1ecbt VX 09-TL"}]},{"@type":"WebSite","@id":"https:\/\/tranthi.vn\/quangnam\/#website","url":"https:\/\/tranthi.vn\/quangnam\/","name":"V\u1eadt Li\u1ec7u X\u00e2y D\u1ef1ng Tr\u1ea7n Th\u1ecb Chi Nh\u00e1nh Qu\u1ea3ng Nam","description":"V\u1eadt Li\u1ec7u X\u00e2y D\u1ef1ng - Qu\u1ea3ng Nam","potentialAction":[{"@type":"SearchAction","target":{"@type":"EntryPoint","urlTemplate":"https:\/\/tranthi.vn\/quangnam\/?s={search_term_string}"},"query-input":"required name=search_term_string"}],"inLanguage":"vi"},{"@type":"ImageObject","inLanguage":"vi","@id":"https:\/\/tranthi.vn\/quangnam\/voi-xit-304-gia-re-hoi-an-tam-ky-quang-nam\/#local-main-organization-logo","url":"","contentUrl":"","caption":"V\u1eadt Li\u1ec7u X\u00e2y D\u1ef1ng Tr\u1ea7n Th\u1ecb Chi Nh\u00e1nh Qu\u1ea3ng Nam"}]},"product_price_amount":"210000","product_price_currency":"VND","og_availability":"instock","product_availability":"instock","product_condition":"new"},"_links":{"self":[{"href":"https:\/\/tranthi.vn\/quangnam\/wp-json\/wp\/v2\/product\/5232","targetHints":{"allow":["GET"]}}],"collection":[{"href":"https:\/\/tranthi.vn\/quangnam\/wp-json\/wp\/v2\/product"}],"about":[{"href":"https:\/\/tranthi.vn\/quangnam\/wp-json\/wp\/v2\/types\/product"}],"replies":[{"embeddable":true,"href":"https:\/\/tranthi.vn\/quangnam\/wp-json\/wp\/v2\/comments?post=5232"}],"wp:featuredmedia":[{"embeddable":true,"href":"https:\/\/tranthi.vn\/quangnam\/wp-json\/wp\/v2\/media\/5233"}],"wp:attachment":[{"href":"https:\/\/tranthi.vn\/quangnam\/wp-json\/wp\/v2\/media?parent=5232"}],"wp:term":[{"taxonomy":"product_cat","embeddable":true,"href":"https:\/\/tranthi.vn\/quangnam\/wp-json\/wp\/v2\/product_cat?post=5232"},{"taxonomy":"product_tag","embeddable":true,"href":"https:\/\/tranthi.vn\/quangnam\/wp-json\/wp\/v2\/product_tag?post=5232"}],"curies":[{"name":"wp","href":"https:\/\/api.w.org\/{rel}","templated":true}]}}