{"id":5058,"date":"2023-07-06T11:16:05","date_gmt":"2023-07-06T04:16:05","guid":{"rendered":"https:\/\/tranthi.vn\/quangnam\/?post_type=product&#038;p=5058"},"modified":"2024-04-24T09:38:49","modified_gmt":"2024-04-24T02:38:49","slug":"da-da-tu-nhien-da-op-lat-30-20-da-nang","status":"publish","type":"product","link":"https:\/\/tranthi.vn\/quangnam\/da-da-tu-nhien-da-op-lat-30-20-da-nang\/","title":{"rendered":"\u0110\u00e1 20&#215;40 cm"},"content":{"rendered":"","protected":false},"excerpt":{"rendered":"<p><span style=\"color: #000000;\"><strong><span style=\"font-family: 'times new roman', times, serif; font-size: 130%;\">\u0110\u00e1 \u1ed1p l\u00e1t<\/span><\/strong><\/span><\/p>\n<p><span style=\"font-family: 'times new roman', times, serif; font-size: 130%; color: #3366ff;\">\ud83e\udd70\u01afu \u0111i\u1ec3m:<\/span><\/p>\n<ul>\n<li><span style=\"font-family: 'times new roman', times, serif; font-size: 130%; color: #000000;\">Lo\u1ea1i \u0111\u00e1 ch\u1ebb phi\u1ebfn t\u1ef1 nhi\u00ean<\/span><\/li>\n<li><span style=\"font-family: 'times new roman', times, serif; font-size: 130%; color: #000000;\">B\u1ec1 m\u1eb7t s\u1ea7n t\u1ef1 nhi\u00ean ch\u1ed1ng tr\u01a1n tr\u01b0\u1ee3t<\/span><\/li>\n<li><span style=\"font-family: 'times new roman', times, serif; font-size: 130%; color: #000000;\">C\u00f3 \u0111\u1ed9 c\u1ee9ng cao, ch\u1ecbu l\u1ef1c t\u1ed1t, m\u00e0u s\u1eafc b\u1ec1n m\u00e0u<\/span><\/li>\n<li><span style=\"font-family: 'times new roman', times, serif; font-size: 130%; color: #000000;\">Ho\u00e0n to\u00e0n ch\u1ed1ng r\u00eau m\u1ed1c, d\u1ec5 lau ch\u00f9i v\u00e0 ch\u1ed1ng b\u00e1m b\u1ea9n<\/span><\/li>\n<\/ul>\n<p><strong><span style=\"font-family: 'times new roman', times, serif; font-size: 140%; color: #ff0000;\"><span style=\"color: #000000;\">\ud83e\udd70<\/span><\/span><\/strong><span style=\"font-family: 'times new roman', times, serif; font-size: 140%; color: #ff0000;\"><span style=\"color: #000000;\">K\u00edch th\u01b0\u1edbc: <\/span><\/span><span style=\"font-family: 'times new roman', times, serif; font-size: 140%; color: #ff0000;\"><span style=\"color: #000000;\">20x40cm<\/span><\/span><\/p>\n<p><span style=\"font-family: 'times new roman', times, serif; font-size: 130%;\"><span style=\"color: #000000;\"><strong>\ud83e\udd70<\/strong>\u0110\u1ed9 d\u00e0y:<\/span> <span style=\"color: #000000;\">1 ph\u00e2n<\/span><\/span><\/p>\n<p><strong><span style=\"font-family: 'times new roman', times, serif; font-size: 140%; color: #ff0000;\"><span style=\"color: #000000;\">\ud83e\udd70<\/span><\/span><\/strong><span style=\"font-family: 'times new roman', times, serif; font-size: 140%; color: #ff0000;\"><span style=\"color: #000000;\">\u0110\u01a1n Gi\u00e1:<\/span><\/span><strong><span style=\"font-family: 'times new roman', times, serif; font-size: 140%; color: #ff0000;\"> 105.000\u0111\/m2<\/span><\/strong><\/p>\n<p><span style=\"font-family: 'times new roman', times, serif; font-size: 130%;\">Giao h\u00e0ng khu v\u1ef1c \u0110\u00e0 N\u1eb5ng<\/span><\/p>\n<p><span style=\"color: #3366ff;\"><em><span style=\"font-family: 'times new roman', times, serif; font-size: 130%;\">(Ph\u00ed giao h\u00e0ng ph\u1ee5 thu\u1ed9c v\u1ecb tr\u00ed)<\/span><\/em><\/span><\/p>\n","protected":false},"featured_media":5060,"comment_status":"closed","ping_status":"closed","template":"","meta":[],"product_cat":[336,108,107],"product_tag":[],"class_list":{"0":"post-5058","1":"product","2":"type-product","3":"status-publish","4":"has-post-thumbnail","6":"product_cat-da-tu-nhien-op-lat-da-nang","7":"product_cat-da","8":"product_cat-gach-ngoi-da","10":"first","11":"instock","12":"sale","13":"shipping-taxable","14":"purchasable","15":"product-type-simple"},"yoast_head":"<!-- This site is optimized with the Yoast SEO Premium plugin v22.3 (Yoast SEO v22.8) - https:\/\/yoast.com\/wordpress\/plugins\/seo\/ -->\n<title>\u0110\u00e1 T\u1ef1 Nhi\u00ean \u0110\u00e1 \u1ed1p l\u00e1t 30x20 cm \u0110\u00e0 N\u1eb5ng_0903595049<\/title>\n<meta name=\"description\" content=\"Tr\u1ea7n th\u1ecb l\u00e0 \u0111\u01a1n v\u1ecb chuy\u00ean cung c\u1ea5p v\u1eadt li\u1ec7u x\u00e2y d\u1ef1ng, c\u00e1c trang thi\u1ebft b\u1ecb n\u1ed9i, ngo\u1ea1i th\u1ea5t uy t\u00edn t\u1ea1i \u0110\u00e0 N\u1eb5ng\" \/>\n<meta name=\"robots\" content=\"index, follow, max-snippet:-1, max-image-preview:large, max-video-preview:-1\" \/>\n<link rel=\"canonical\" href=\"https:\/\/tranthi.vn\/quangnam\/da-da-tu-nhien-da-op-lat-30-20-da-nang\/\" \/>\n<meta property=\"og:locale\" content=\"vi_VN\" \/>\n<meta property=\"og:type\" content=\"article\" \/>\n<meta property=\"og:title\" content=\"\u0110\u00e1 20x40 cm\" \/>\n<meta property=\"og:description\" content=\"Tr\u1ea7n th\u1ecb l\u00e0 \u0111\u01a1n v\u1ecb chuy\u00ean cung c\u1ea5p v\u1eadt li\u1ec7u x\u00e2y d\u1ef1ng, c\u00e1c trang thi\u1ebft b\u1ecb n\u1ed9i, ngo\u1ea1i th\u1ea5t uy t\u00edn t\u1ea1i \u0110\u00e0 N\u1eb5ng\" \/>\n<meta property=\"og:url\" content=\"https:\/\/tranthi.vn\/quangnam\/da-da-tu-nhien-da-op-lat-30-20-da-nang\/\" \/>\n<meta property=\"og:site_name\" content=\"V\u1eadt Li\u1ec7u X\u00e2y D\u1ef1ng Tr\u1ea7n Th\u1ecb Chi Nh\u00e1nh Qu\u1ea3ng Nam\" \/>\n<meta property=\"article:modified_time\" content=\"2024-04-24T02:38:49+00:00\" \/>\n<meta property=\"og:image\" content=\"https:\/\/tranthi.vn\/quangnam\/wp-content\/uploads\/2023\/07\/da-op-lat-30x20-da-nang.jpeg\" \/>\n\t<meta property=\"og:image:width\" content=\"400\" \/>\n\t<meta property=\"og:image:height\" content=\"350\" \/>\n\t<meta property=\"og:image:type\" content=\"image\/jpeg\" \/>\n<meta name=\"twitter:card\" content=\"summary_large_image\" \/>\n<meta name=\"twitter:label1\" content=\"Gi\u00e1\" \/>\n\t<meta name=\"twitter:data1\" content=\"105,000&nbsp;&#8363;\" \/>\n\t<meta name=\"twitter:label2\" content=\"Kh\u1ea3 d\u1ee5ng\" \/>\n\t<meta name=\"twitter:data2\" content=\"Trong kho\" \/>\n<script type=\"application\/ld+json\" class=\"yoast-schema-graph\">{\"@context\":\"https:\/\/schema.org\",\"@graph\":[{\"@type\":[\"WebPage\",\"ItemPage\"],\"@id\":\"https:\/\/tranthi.vn\/quangnam\/da-da-tu-nhien-da-op-lat-30-20-da-nang\/\",\"url\":\"https:\/\/tranthi.vn\/quangnam\/da-da-tu-nhien-da-op-lat-30-20-da-nang\/\",\"name\":\"\u0110\u00e1 T\u1ef1 Nhi\u00ean \u0110\u00e1 \u1ed1p l\u00e1t 30x20 cm \u0110\u00e0 N\u1eb5ng_0903595049\",\"isPartOf\":{\"@id\":\"https:\/\/tranthi.vn\/quangnam\/#website\"},\"primaryImageOfPage\":{\"@id\":\"https:\/\/tranthi.vn\/quangnam\/da-da-tu-nhien-da-op-lat-30-20-da-nang\/#primaryimage\"},\"image\":{\"@id\":\"https:\/\/tranthi.vn\/quangnam\/da-da-tu-nhien-da-op-lat-30-20-da-nang\/#primaryimage\"},\"thumbnailUrl\":\"https:\/\/tranthi.vn\/quangnam\/wp-content\/uploads\/2023\/07\/da-op-lat-30x20-da-nang.jpeg\",\"datePublished\":\"2023-07-06T04:16:05+00:00\",\"dateModified\":\"2024-04-24T02:38:49+00:00\",\"description\":\"Tr\u1ea7n th\u1ecb l\u00e0 \u0111\u01a1n v\u1ecb chuy\u00ean cung c\u1ea5p v\u1eadt li\u1ec7u x\u00e2y d\u1ef1ng, c\u00e1c trang thi\u1ebft b\u1ecb n\u1ed9i, ngo\u1ea1i th\u1ea5t uy t\u00edn t\u1ea1i \u0110\u00e0 N\u1eb5ng\",\"breadcrumb\":{\"@id\":\"https:\/\/tranthi.vn\/quangnam\/da-da-tu-nhien-da-op-lat-30-20-da-nang\/#breadcrumb\"},\"inLanguage\":\"vi\",\"potentialAction\":[{\"@type\":\"ReadAction\",\"target\":[\"https:\/\/tranthi.vn\/quangnam\/da-da-tu-nhien-da-op-lat-30-20-da-nang\/\"]}]},{\"@type\":\"ImageObject\",\"inLanguage\":\"vi\",\"@id\":\"https:\/\/tranthi.vn\/quangnam\/da-da-tu-nhien-da-op-lat-30-20-da-nang\/#primaryimage\",\"url\":\"https:\/\/tranthi.vn\/quangnam\/wp-content\/uploads\/2023\/07\/da-op-lat-30x20-da-nang.jpeg\",\"contentUrl\":\"https:\/\/tranthi.vn\/quangnam\/wp-content\/uploads\/2023\/07\/da-op-lat-30x20-da-nang.jpeg\",\"width\":400,\"height\":350,\"caption\":\"da-op-lat-30x20-da-nang.jpeg\"},{\"@type\":\"BreadcrumbList\",\"@id\":\"https:\/\/tranthi.vn\/quangnam\/da-da-tu-nhien-da-op-lat-30-20-da-nang\/#breadcrumb\",\"itemListElement\":[{\"@type\":\"ListItem\",\"position\":1,\"name\":\"Trang ch\u1ee7\",\"item\":\"https:\/\/tranthi.vn\/quangnam\/\"},{\"@type\":\"ListItem\",\"position\":2,\"name\":\"Shop\",\"item\":\"https:\/\/tranthi.vn\/quangnam\/shop\/\"},{\"@type\":\"ListItem\",\"position\":3,\"name\":\"\u0110\u00e1 20&#215;40 cm\"}]},{\"@type\":\"WebSite\",\"@id\":\"https:\/\/tranthi.vn\/quangnam\/#website\",\"url\":\"https:\/\/tranthi.vn\/quangnam\/\",\"name\":\"V\u1eadt Li\u1ec7u X\u00e2y D\u1ef1ng Tr\u1ea7n Th\u1ecb Chi Nh\u00e1nh Qu\u1ea3ng Nam\",\"description\":\"V\u1eadt Li\u1ec7u X\u00e2y D\u1ef1ng - Qu\u1ea3ng Nam\",\"potentialAction\":[{\"@type\":\"SearchAction\",\"target\":{\"@type\":\"EntryPoint\",\"urlTemplate\":\"https:\/\/tranthi.vn\/quangnam\/?s={search_term_string}\"},\"query-input\":\"required name=search_term_string\"}],\"inLanguage\":\"vi\"},{\"@type\":\"ImageObject\",\"inLanguage\":\"vi\",\"@id\":\"https:\/\/tranthi.vn\/quangnam\/da-da-tu-nhien-da-op-lat-30-20-da-nang\/#local-main-organization-logo\",\"url\":\"\",\"contentUrl\":\"\",\"caption\":\"V\u1eadt Li\u1ec7u X\u00e2y D\u1ef1ng Tr\u1ea7n Th\u1ecb Chi Nh\u00e1nh Qu\u1ea3ng Nam\"}]}<\/script>\n<meta property=\"product:price:amount\" content=\"105000\" \/>\n<meta property=\"product:price:currency\" content=\"VND\" \/>\n<meta property=\"og:availability\" content=\"instock\" \/>\n<meta property=\"product:availability\" content=\"instock\" \/>\n<meta property=\"product:condition\" content=\"new\" \/>\n<!-- \/ Yoast SEO Premium plugin. -->","yoast_head_json":{"title":"\u0110\u00e1 T\u1ef1 Nhi\u00ean \u0110\u00e1 \u1ed1p l\u00e1t 30x20 cm \u0110\u00e0 N\u1eb5ng_0903595049","description":"Tr\u1ea7n th\u1ecb l\u00e0 \u0111\u01a1n v\u1ecb chuy\u00ean cung c\u1ea5p v\u1eadt li\u1ec7u x\u00e2y d\u1ef1ng, c\u00e1c trang thi\u1ebft b\u1ecb n\u1ed9i, ngo\u1ea1i th\u1ea5t uy t\u00edn t\u1ea1i \u0110\u00e0 N\u1eb5ng","robots":{"index":"index","follow":"follow","max-snippet":"max-snippet:-1","max-image-preview":"max-image-preview:large","max-video-preview":"max-video-preview:-1"},"canonical":"https:\/\/tranthi.vn\/quangnam\/da-da-tu-nhien-da-op-lat-30-20-da-nang\/","og_locale":"vi_VN","og_type":"article","og_title":"\u0110\u00e1 20x40 cm","og_description":"Tr\u1ea7n th\u1ecb l\u00e0 \u0111\u01a1n v\u1ecb chuy\u00ean cung c\u1ea5p v\u1eadt li\u1ec7u x\u00e2y d\u1ef1ng, c\u00e1c trang thi\u1ebft b\u1ecb n\u1ed9i, ngo\u1ea1i th\u1ea5t uy t\u00edn t\u1ea1i \u0110\u00e0 N\u1eb5ng","og_url":"https:\/\/tranthi.vn\/quangnam\/da-da-tu-nhien-da-op-lat-30-20-da-nang\/","og_site_name":"V\u1eadt Li\u1ec7u X\u00e2y D\u1ef1ng Tr\u1ea7n Th\u1ecb Chi Nh\u00e1nh Qu\u1ea3ng Nam","article_modified_time":"2024-04-24T02:38:49+00:00","og_image":[{"width":400,"height":350,"url":"https:\/\/tranthi.vn\/quangnam\/wp-content\/uploads\/2023\/07\/da-op-lat-30x20-da-nang.jpeg","type":"image\/jpeg"}],"twitter_card":"summary_large_image","twitter_misc":{"Gi\u00e1":"105,000&nbsp;&#8363;","Kh\u1ea3 d\u1ee5ng":"Trong kho"},"schema":{"@context":"https:\/\/schema.org","@graph":[{"@type":["WebPage","ItemPage"],"@id":"https:\/\/tranthi.vn\/quangnam\/da-da-tu-nhien-da-op-lat-30-20-da-nang\/","url":"https:\/\/tranthi.vn\/quangnam\/da-da-tu-nhien-da-op-lat-30-20-da-nang\/","name":"\u0110\u00e1 T\u1ef1 Nhi\u00ean \u0110\u00e1 \u1ed1p l\u00e1t 30x20 cm \u0110\u00e0 N\u1eb5ng_0903595049","isPartOf":{"@id":"https:\/\/tranthi.vn\/quangnam\/#website"},"primaryImageOfPage":{"@id":"https:\/\/tranthi.vn\/quangnam\/da-da-tu-nhien-da-op-lat-30-20-da-nang\/#primaryimage"},"image":{"@id":"https:\/\/tranthi.vn\/quangnam\/da-da-tu-nhien-da-op-lat-30-20-da-nang\/#primaryimage"},"thumbnailUrl":"https:\/\/tranthi.vn\/quangnam\/wp-content\/uploads\/2023\/07\/da-op-lat-30x20-da-nang.jpeg","datePublished":"2023-07-06T04:16:05+00:00","dateModified":"2024-04-24T02:38:49+00:00","description":"Tr\u1ea7n th\u1ecb l\u00e0 \u0111\u01a1n v\u1ecb chuy\u00ean cung c\u1ea5p v\u1eadt li\u1ec7u x\u00e2y d\u1ef1ng, c\u00e1c trang thi\u1ebft b\u1ecb n\u1ed9i, ngo\u1ea1i th\u1ea5t uy t\u00edn t\u1ea1i \u0110\u00e0 N\u1eb5ng","breadcrumb":{"@id":"https:\/\/tranthi.vn\/quangnam\/da-da-tu-nhien-da-op-lat-30-20-da-nang\/#breadcrumb"},"inLanguage":"vi","potentialAction":[{"@type":"ReadAction","target":["https:\/\/tranthi.vn\/quangnam\/da-da-tu-nhien-da-op-lat-30-20-da-nang\/"]}]},{"@type":"ImageObject","inLanguage":"vi","@id":"https:\/\/tranthi.vn\/quangnam\/da-da-tu-nhien-da-op-lat-30-20-da-nang\/#primaryimage","url":"https:\/\/tranthi.vn\/quangnam\/wp-content\/uploads\/2023\/07\/da-op-lat-30x20-da-nang.jpeg","contentUrl":"https:\/\/tranthi.vn\/quangnam\/wp-content\/uploads\/2023\/07\/da-op-lat-30x20-da-nang.jpeg","width":400,"height":350,"caption":"da-op-lat-30x20-da-nang.jpeg"},{"@type":"BreadcrumbList","@id":"https:\/\/tranthi.vn\/quangnam\/da-da-tu-nhien-da-op-lat-30-20-da-nang\/#breadcrumb","itemListElement":[{"@type":"ListItem","position":1,"name":"Trang ch\u1ee7","item":"https:\/\/tranthi.vn\/quangnam\/"},{"@type":"ListItem","position":2,"name":"Shop","item":"https:\/\/tranthi.vn\/quangnam\/shop\/"},{"@type":"ListItem","position":3,"name":"\u0110\u00e1 20&#215;40 cm"}]},{"@type":"WebSite","@id":"https:\/\/tranthi.vn\/quangnam\/#website","url":"https:\/\/tranthi.vn\/quangnam\/","name":"V\u1eadt Li\u1ec7u X\u00e2y D\u1ef1ng Tr\u1ea7n Th\u1ecb Chi Nh\u00e1nh Qu\u1ea3ng Nam","description":"V\u1eadt Li\u1ec7u X\u00e2y D\u1ef1ng - Qu\u1ea3ng Nam","potentialAction":[{"@type":"SearchAction","target":{"@type":"EntryPoint","urlTemplate":"https:\/\/tranthi.vn\/quangnam\/?s={search_term_string}"},"query-input":"required name=search_term_string"}],"inLanguage":"vi"},{"@type":"ImageObject","inLanguage":"vi","@id":"https:\/\/tranthi.vn\/quangnam\/da-da-tu-nhien-da-op-lat-30-20-da-nang\/#local-main-organization-logo","url":"","contentUrl":"","caption":"V\u1eadt Li\u1ec7u X\u00e2y D\u1ef1ng Tr\u1ea7n Th\u1ecb Chi Nh\u00e1nh Qu\u1ea3ng Nam"}]},"product_price_amount":"105000","product_price_currency":"VND","og_availability":"instock","product_availability":"instock","product_condition":"new"},"_links":{"self":[{"href":"https:\/\/tranthi.vn\/quangnam\/wp-json\/wp\/v2\/product\/5058","targetHints":{"allow":["GET"]}}],"collection":[{"href":"https:\/\/tranthi.vn\/quangnam\/wp-json\/wp\/v2\/product"}],"about":[{"href":"https:\/\/tranthi.vn\/quangnam\/wp-json\/wp\/v2\/types\/product"}],"replies":[{"embeddable":true,"href":"https:\/\/tranthi.vn\/quangnam\/wp-json\/wp\/v2\/comments?post=5058"}],"wp:featuredmedia":[{"embeddable":true,"href":"https:\/\/tranthi.vn\/quangnam\/wp-json\/wp\/v2\/media\/5060"}],"wp:attachment":[{"href":"https:\/\/tranthi.vn\/quangnam\/wp-json\/wp\/v2\/media?parent=5058"}],"wp:term":[{"taxonomy":"product_cat","embeddable":true,"href":"https:\/\/tranthi.vn\/quangnam\/wp-json\/wp\/v2\/product_cat?post=5058"},{"taxonomy":"product_tag","embeddable":true,"href":"https:\/\/tranthi.vn\/quangnam\/wp-json\/wp\/v2\/product_tag?post=5058"}],"curies":[{"name":"wp","href":"https:\/\/api.w.org\/{rel}","templated":true}]}}