{"id":4955,"date":"2023-06-26T14:04:59","date_gmt":"2023-06-26T07:04:59","guid":{"rendered":"https:\/\/tranthi.vn\/quangnam\/?post_type=product&#038;p=4955"},"modified":"2024-05-04T14:11:43","modified_gmt":"2024-05-04T07:11:43","slug":"keo-dan-gach-premiumtile-mau-xam","status":"publish","type":"product","link":"https:\/\/tranthi.vn\/quangnam\/keo-dan-gach-premiumtile-mau-xam\/","title":{"rendered":"Keo D\u00e1n G\u1ea1ch Premiumtile (m\u00e0u x\u00e1m)"},"content":{"rendered":"","protected":false},"excerpt":{"rendered":"<p><span style=\"color: #0000ff;\"><strong><span style=\"font-family: 'times new roman', times, serif; font-size: 130%;\">\ud83e\udd70\u01afu \u0111i\u1ec3m:<\/span><\/strong><\/span><\/p>\n<ul>\n<li><span style=\"font-family: 'times new roman', times, serif; font-size: 130%;\">G\u1ed1c xi m\u0103ng, ch\u1ea5t l\u01b0\u1ee3ng \u1ed5n \u0111\u1ecbnh<\/span><\/li>\n<li><span style=\"font-family: 'times new roman', times, serif; font-size: 130%;\">S\u1eed d\u1ee5ng d\u1ec5 d\u00e0ng, ch\u1ec9 c\u1ea7n pha n\u01b0\u1edbc<\/span><\/li>\n<li><span style=\"font-family: 'times new roman', times, serif; font-size: 130%;\">Ph\u00f9 h\u1ee3p v\u1edbi nhi\u1ec1u khu v\u1ef1c kh\u00e1c nhau, ch\u1ecbu tr\u1ecdng t\u1ea3i l\u1edbn<\/span><\/li>\n<li><span style=\"font-family: 'times new roman', times, serif; font-size: 130%;\">Ch\u1ecbu \u0111\u01b0\u1ee3c m\u1ecdi \u0111i\u1ec1u ki\u1ec7n th\u1eddi ti\u1ebft v\u00e0 \u0111\u1ed9 rung<\/span><\/li>\n<li><span style=\"font-family: 'times new roman', times, serif; font-size: 130%;\">G\u1ea1ch c\u00f3 th\u1ec3 \u0111\u01b0\u1ee3c \u0111i\u1ec1u ch\u1ec9nh trong v\u00f2ng 15 ph\u00fat sau khi thi c\u00f4ng<\/span><\/li>\n<li><span style=\"font-family: 'times new roman', times, serif; font-size: 130%;\">Th\u00edch h\u1ee3p cho s\u00e0n v\u00e0 t\u01b0\u1eddng, c\u1ea3 n\u1ed9i th\u1ea5t, khu v\u1ef1c h\u1ed3 b\u01a1i, b\u1ec3 n\u01b0\u1edbc, spa ph\u00f2ng x\u00f4ng h\u01a1i, khu v\u1ef1c ch\u1ecbu t\u1ea3i tr\u1ecdng l\u1ef1c<\/span><\/li>\n<li><span style=\"font-family: 'times new roman', times, serif; font-size: 130%;\">Ph\u00f9 h\u1ee3p thi c\u00f4ng t\u1ea5t c\u1ea3 c\u00e1c lo\u1ea1i g\u1ea1ch, \u0111\u00e1 c\u00f3 kh\u00edch th\u01b0\u1edbc l\u00ean \u0111\u1ebfn <span style=\"color: #d83131;\">1,2*1,2m<\/span><\/span><\/li>\n<\/ul>\n<p><span style=\"font-family: 'times new roman', times, serif; font-size: 130%;\">\ud83e\udd70\u0110\u01a1n v\u1ecb t\u00ednh: bao 20kg<\/span><\/p>\n<p><span style=\"font-family: 'times new roman', times, serif; font-size: 130%;\">\ud83e\udd70\u0110\u01a1n gi\u00e1 bao: <span style=\"color: #ff0000;\"><strong>519.000\u0111<\/strong><\/span><\/span><\/p>\n<p><em><span style=\"color: #0000ff;\"><strong><span style=\"font-family: 'times new roman', times, serif; font-size: 130%;\">Giao h\u00e0ng trong \u0111\u1ecba b\u00e0n\u00a0<a style=\"color: #0000ff;\" href=\"https:\/\/fr.wikipedia.org\/wiki\/Da_Nang\">\u0110\u00e0 N\u1eb5ng<\/a><\/span><\/strong><\/span><\/em><\/p>\n","protected":false},"featured_media":4958,"comment_status":"closed","ping_status":"closed","template":"","meta":[],"product_cat":[100],"product_tag":[],"class_list":{"0":"post-4955","1":"product","2":"type-product","3":"status-publish","4":"has-post-thumbnail","6":"product_cat-keo-dan-gach","8":"first","9":"instock","10":"sale","11":"shipping-taxable","12":"purchasable","13":"product-type-simple"},"yoast_head":"<!-- This site is optimized with the Yoast SEO Premium plugin v22.3 (Yoast SEO v22.8) - https:\/\/yoast.com\/wordpress\/plugins\/seo\/ -->\n<title>Keo D\u00e1n G\u1ea1ch Premiumtile (m\u00e0u x\u00e1m) - V\u1eadt Li\u1ec7u X\u00e2y D\u1ef1ng Tr\u1ea7n Th\u1ecb Chi Nh\u00e1nh Qu\u1ea3ng Nam<\/title>\n<meta name=\"robots\" content=\"index, follow, max-snippet:-1, max-image-preview:large, max-video-preview:-1\" \/>\n<link rel=\"canonical\" href=\"https:\/\/tranthi.vn\/quangnam\/keo-dan-gach-premiumtile-mau-xam\/\" \/>\n<meta property=\"og:locale\" content=\"vi_VN\" \/>\n<meta property=\"og:type\" content=\"article\" \/>\n<meta property=\"og:title\" content=\"Keo D\u00e1n G\u1ea1ch Premiumtile (m\u00e0u x\u00e1m)\" \/>\n<meta property=\"og:description\" content=\"\ud83e\udd70\u01afu \u0111i\u1ec3m:   G\u1ed1c xi m\u0103ng, ch\u1ea5t l\u01b0\u1ee3ng \u1ed5n \u0111\u1ecbnh  S\u1eed d\u1ee5ng d\u1ec5 d\u00e0ng, ch\u1ec9 c\u1ea7n pha n\u01b0\u1edbc  Ph\u00f9 h\u1ee3p v\u1edbi nhi\u1ec1u khu v\u1ef1c kh\u00e1c nhau, ch\u1ecbu tr\u1ecdng t\u1ea3i l\u1edbn  Ch\u1ecbu \u0111\u01b0\u1ee3c m\u1ecdi \u0111i\u1ec1u ki\u1ec7n th\u1eddi ti\u1ebft v\u00e0 \u0111\u1ed9 rung  G\u1ea1ch c\u00f3 th\u1ec3 \u0111\u01b0\u1ee3c \u0111i\u1ec1u ch\u1ec9nh trong v\u00f2ng 15 ph\u00fat sau khi thi c\u00f4ng  Th\u00edch h\u1ee3p cho s\u00e0n v\u00e0 t\u01b0\u1eddng, c\u1ea3 n\u1ed9i th\u1ea5t, khu v\u1ef1c h\u1ed3 b\u01a1i, b\u1ec3 n\u01b0\u1edbc, spa ph\u00f2ng x\u00f4ng h\u01a1i, khu v\u1ef1c ch\u1ecbu t\u1ea3i tr\u1ecdng l\u1ef1c  Ph\u00f9 h\u1ee3p thi c\u00f4ng t\u1ea5t c\u1ea3 c\u00e1c lo\u1ea1i g\u1ea1ch, \u0111\u00e1 c\u00f3 kh\u00edch th\u01b0\u1edbc l\u00ean \u0111\u1ebfn 1,2*1,2m  \ud83e\udd70\u0110\u01a1n v\u1ecb t\u00ednh: bao 20kg  \ud83e\udd70\u0110\u01a1n gi\u00e1 bao: 519.000\u0111  Giao h\u00e0ng trong \u0111\u1ecba b\u00e0n\u00a0\u0110\u00e0 N\u1eb5ng\" \/>\n<meta property=\"og:url\" content=\"https:\/\/tranthi.vn\/quangnam\/keo-dan-gach-premiumtile-mau-xam\/\" \/>\n<meta property=\"og:site_name\" content=\"V\u1eadt Li\u1ec7u X\u00e2y D\u1ef1ng Tr\u1ea7n Th\u1ecb Chi Nh\u00e1nh Qu\u1ea3ng Nam\" \/>\n<meta property=\"article:modified_time\" content=\"2024-05-04T07:11:43+00:00\" \/>\n<meta property=\"og:image\" content=\"https:\/\/tranthi.vn\/quangnam\/wp-content\/uploads\/2023\/06\/keo-dan-gach-premiumtile-mau-xam-da-nang.jpg\" \/>\n\t<meta property=\"og:image:width\" content=\"400\" \/>\n\t<meta property=\"og:image:height\" content=\"350\" \/>\n\t<meta property=\"og:image:type\" content=\"image\/jpeg\" \/>\n<meta name=\"twitter:card\" content=\"summary_large_image\" \/>\n<meta name=\"twitter:label1\" content=\"Gi\u00e1\" \/>\n\t<meta name=\"twitter:data1\" content=\"519,000&nbsp;&#8363;\" \/>\n\t<meta name=\"twitter:label2\" content=\"Kh\u1ea3 d\u1ee5ng\" \/>\n\t<meta name=\"twitter:data2\" content=\"Trong kho\" \/>\n<script type=\"application\/ld+json\" class=\"yoast-schema-graph\">{\"@context\":\"https:\/\/schema.org\",\"@graph\":[{\"@type\":[\"WebPage\",\"ItemPage\"],\"@id\":\"https:\/\/tranthi.vn\/quangnam\/keo-dan-gach-premiumtile-mau-xam\/\",\"url\":\"https:\/\/tranthi.vn\/quangnam\/keo-dan-gach-premiumtile-mau-xam\/\",\"name\":\"Keo D\u00e1n G\u1ea1ch Premiumtile (m\u00e0u x\u00e1m) - V\u1eadt Li\u1ec7u X\u00e2y D\u1ef1ng Tr\u1ea7n Th\u1ecb Chi Nh\u00e1nh Qu\u1ea3ng Nam\",\"isPartOf\":{\"@id\":\"https:\/\/tranthi.vn\/quangnam\/#website\"},\"primaryImageOfPage\":{\"@id\":\"https:\/\/tranthi.vn\/quangnam\/keo-dan-gach-premiumtile-mau-xam\/#primaryimage\"},\"image\":{\"@id\":\"https:\/\/tranthi.vn\/quangnam\/keo-dan-gach-premiumtile-mau-xam\/#primaryimage\"},\"thumbnailUrl\":\"https:\/\/tranthi.vn\/quangnam\/wp-content\/uploads\/2023\/06\/keo-dan-gach-premiumtile-mau-xam-da-nang.jpg\",\"datePublished\":\"2023-06-26T07:04:59+00:00\",\"dateModified\":\"2024-05-04T07:11:43+00:00\",\"breadcrumb\":{\"@id\":\"https:\/\/tranthi.vn\/quangnam\/keo-dan-gach-premiumtile-mau-xam\/#breadcrumb\"},\"inLanguage\":\"vi\",\"potentialAction\":[{\"@type\":\"ReadAction\",\"target\":[\"https:\/\/tranthi.vn\/quangnam\/keo-dan-gach-premiumtile-mau-xam\/\"]}]},{\"@type\":\"ImageObject\",\"inLanguage\":\"vi\",\"@id\":\"https:\/\/tranthi.vn\/quangnam\/keo-dan-gach-premiumtile-mau-xam\/#primaryimage\",\"url\":\"https:\/\/tranthi.vn\/quangnam\/wp-content\/uploads\/2023\/06\/keo-dan-gach-premiumtile-mau-xam-da-nang.jpg\",\"contentUrl\":\"https:\/\/tranthi.vn\/quangnam\/wp-content\/uploads\/2023\/06\/keo-dan-gach-premiumtile-mau-xam-da-nang.jpg\",\"width\":400,\"height\":350,\"caption\":\"keo-d\u00e1n-g\u1ea1ch-premiumtile-m\u00e0u-x\u00e1m-\u0111\u00e0-n\u1eb5ng\"},{\"@type\":\"BreadcrumbList\",\"@id\":\"https:\/\/tranthi.vn\/quangnam\/keo-dan-gach-premiumtile-mau-xam\/#breadcrumb\",\"itemListElement\":[{\"@type\":\"ListItem\",\"position\":1,\"name\":\"Trang ch\u1ee7\",\"item\":\"https:\/\/tranthi.vn\/quangnam\/\"},{\"@type\":\"ListItem\",\"position\":2,\"name\":\"Shop\",\"item\":\"https:\/\/tranthi.vn\/quangnam\/shop\/\"},{\"@type\":\"ListItem\",\"position\":3,\"name\":\"Keo D\u00e1n G\u1ea1ch Premiumtile (m\u00e0u x\u00e1m)\"}]},{\"@type\":\"WebSite\",\"@id\":\"https:\/\/tranthi.vn\/quangnam\/#website\",\"url\":\"https:\/\/tranthi.vn\/quangnam\/\",\"name\":\"V\u1eadt Li\u1ec7u X\u00e2y D\u1ef1ng Tr\u1ea7n Th\u1ecb Chi Nh\u00e1nh Qu\u1ea3ng Nam\",\"description\":\"V\u1eadt Li\u1ec7u X\u00e2y D\u1ef1ng - Qu\u1ea3ng Nam\",\"potentialAction\":[{\"@type\":\"SearchAction\",\"target\":{\"@type\":\"EntryPoint\",\"urlTemplate\":\"https:\/\/tranthi.vn\/quangnam\/?s={search_term_string}\"},\"query-input\":\"required name=search_term_string\"}],\"inLanguage\":\"vi\"},{\"@type\":\"ImageObject\",\"inLanguage\":\"vi\",\"@id\":\"https:\/\/tranthi.vn\/quangnam\/keo-dan-gach-premiumtile-mau-xam\/#local-main-organization-logo\",\"url\":\"\",\"contentUrl\":\"\",\"caption\":\"V\u1eadt Li\u1ec7u X\u00e2y D\u1ef1ng Tr\u1ea7n Th\u1ecb Chi Nh\u00e1nh Qu\u1ea3ng Nam\"}]}<\/script>\n<meta property=\"product:price:amount\" content=\"519000\" \/>\n<meta property=\"product:price:currency\" content=\"VND\" \/>\n<meta property=\"og:availability\" content=\"instock\" \/>\n<meta property=\"product:availability\" content=\"instock\" \/>\n<meta property=\"product:condition\" content=\"new\" \/>\n<!-- \/ Yoast SEO Premium plugin. -->","yoast_head_json":{"title":"Keo D\u00e1n G\u1ea1ch Premiumtile (m\u00e0u x\u00e1m) - V\u1eadt Li\u1ec7u X\u00e2y D\u1ef1ng Tr\u1ea7n Th\u1ecb Chi Nh\u00e1nh Qu\u1ea3ng Nam","robots":{"index":"index","follow":"follow","max-snippet":"max-snippet:-1","max-image-preview":"max-image-preview:large","max-video-preview":"max-video-preview:-1"},"canonical":"https:\/\/tranthi.vn\/quangnam\/keo-dan-gach-premiumtile-mau-xam\/","og_locale":"vi_VN","og_type":"article","og_title":"Keo D\u00e1n G\u1ea1ch Premiumtile (m\u00e0u x\u00e1m)","og_description":"\ud83e\udd70\u01afu \u0111i\u1ec3m:   G\u1ed1c xi m\u0103ng, ch\u1ea5t l\u01b0\u1ee3ng \u1ed5n \u0111\u1ecbnh  S\u1eed d\u1ee5ng d\u1ec5 d\u00e0ng, ch\u1ec9 c\u1ea7n pha n\u01b0\u1edbc  Ph\u00f9 h\u1ee3p v\u1edbi nhi\u1ec1u khu v\u1ef1c kh\u00e1c nhau, ch\u1ecbu tr\u1ecdng t\u1ea3i l\u1edbn  Ch\u1ecbu \u0111\u01b0\u1ee3c m\u1ecdi \u0111i\u1ec1u ki\u1ec7n th\u1eddi ti\u1ebft v\u00e0 \u0111\u1ed9 rung  G\u1ea1ch c\u00f3 th\u1ec3 \u0111\u01b0\u1ee3c \u0111i\u1ec1u ch\u1ec9nh trong v\u00f2ng 15 ph\u00fat sau khi thi c\u00f4ng  Th\u00edch h\u1ee3p cho s\u00e0n v\u00e0 t\u01b0\u1eddng, c\u1ea3 n\u1ed9i th\u1ea5t, khu v\u1ef1c h\u1ed3 b\u01a1i, b\u1ec3 n\u01b0\u1edbc, spa ph\u00f2ng x\u00f4ng h\u01a1i, khu v\u1ef1c ch\u1ecbu t\u1ea3i tr\u1ecdng l\u1ef1c  Ph\u00f9 h\u1ee3p thi c\u00f4ng t\u1ea5t c\u1ea3 c\u00e1c lo\u1ea1i g\u1ea1ch, \u0111\u00e1 c\u00f3 kh\u00edch th\u01b0\u1edbc l\u00ean \u0111\u1ebfn 1,2*1,2m  \ud83e\udd70\u0110\u01a1n v\u1ecb t\u00ednh: bao 20kg  \ud83e\udd70\u0110\u01a1n gi\u00e1 bao: 519.000\u0111  Giao h\u00e0ng trong \u0111\u1ecba b\u00e0n\u00a0\u0110\u00e0 N\u1eb5ng","og_url":"https:\/\/tranthi.vn\/quangnam\/keo-dan-gach-premiumtile-mau-xam\/","og_site_name":"V\u1eadt Li\u1ec7u X\u00e2y D\u1ef1ng Tr\u1ea7n Th\u1ecb Chi Nh\u00e1nh Qu\u1ea3ng Nam","article_modified_time":"2024-05-04T07:11:43+00:00","og_image":[{"width":400,"height":350,"url":"https:\/\/tranthi.vn\/quangnam\/wp-content\/uploads\/2023\/06\/keo-dan-gach-premiumtile-mau-xam-da-nang.jpg","type":"image\/jpeg"}],"twitter_card":"summary_large_image","twitter_misc":{"Gi\u00e1":"519,000&nbsp;&#8363;","Kh\u1ea3 d\u1ee5ng":"Trong kho"},"schema":{"@context":"https:\/\/schema.org","@graph":[{"@type":["WebPage","ItemPage"],"@id":"https:\/\/tranthi.vn\/quangnam\/keo-dan-gach-premiumtile-mau-xam\/","url":"https:\/\/tranthi.vn\/quangnam\/keo-dan-gach-premiumtile-mau-xam\/","name":"Keo D\u00e1n G\u1ea1ch Premiumtile (m\u00e0u x\u00e1m) - V\u1eadt Li\u1ec7u X\u00e2y D\u1ef1ng Tr\u1ea7n Th\u1ecb Chi Nh\u00e1nh Qu\u1ea3ng Nam","isPartOf":{"@id":"https:\/\/tranthi.vn\/quangnam\/#website"},"primaryImageOfPage":{"@id":"https:\/\/tranthi.vn\/quangnam\/keo-dan-gach-premiumtile-mau-xam\/#primaryimage"},"image":{"@id":"https:\/\/tranthi.vn\/quangnam\/keo-dan-gach-premiumtile-mau-xam\/#primaryimage"},"thumbnailUrl":"https:\/\/tranthi.vn\/quangnam\/wp-content\/uploads\/2023\/06\/keo-dan-gach-premiumtile-mau-xam-da-nang.jpg","datePublished":"2023-06-26T07:04:59+00:00","dateModified":"2024-05-04T07:11:43+00:00","breadcrumb":{"@id":"https:\/\/tranthi.vn\/quangnam\/keo-dan-gach-premiumtile-mau-xam\/#breadcrumb"},"inLanguage":"vi","potentialAction":[{"@type":"ReadAction","target":["https:\/\/tranthi.vn\/quangnam\/keo-dan-gach-premiumtile-mau-xam\/"]}]},{"@type":"ImageObject","inLanguage":"vi","@id":"https:\/\/tranthi.vn\/quangnam\/keo-dan-gach-premiumtile-mau-xam\/#primaryimage","url":"https:\/\/tranthi.vn\/quangnam\/wp-content\/uploads\/2023\/06\/keo-dan-gach-premiumtile-mau-xam-da-nang.jpg","contentUrl":"https:\/\/tranthi.vn\/quangnam\/wp-content\/uploads\/2023\/06\/keo-dan-gach-premiumtile-mau-xam-da-nang.jpg","width":400,"height":350,"caption":"keo-d\u00e1n-g\u1ea1ch-premiumtile-m\u00e0u-x\u00e1m-\u0111\u00e0-n\u1eb5ng"},{"@type":"BreadcrumbList","@id":"https:\/\/tranthi.vn\/quangnam\/keo-dan-gach-premiumtile-mau-xam\/#breadcrumb","itemListElement":[{"@type":"ListItem","position":1,"name":"Trang ch\u1ee7","item":"https:\/\/tranthi.vn\/quangnam\/"},{"@type":"ListItem","position":2,"name":"Shop","item":"https:\/\/tranthi.vn\/quangnam\/shop\/"},{"@type":"ListItem","position":3,"name":"Keo D\u00e1n G\u1ea1ch Premiumtile (m\u00e0u x\u00e1m)"}]},{"@type":"WebSite","@id":"https:\/\/tranthi.vn\/quangnam\/#website","url":"https:\/\/tranthi.vn\/quangnam\/","name":"V\u1eadt Li\u1ec7u X\u00e2y D\u1ef1ng Tr\u1ea7n Th\u1ecb Chi Nh\u00e1nh Qu\u1ea3ng Nam","description":"V\u1eadt Li\u1ec7u X\u00e2y D\u1ef1ng - Qu\u1ea3ng Nam","potentialAction":[{"@type":"SearchAction","target":{"@type":"EntryPoint","urlTemplate":"https:\/\/tranthi.vn\/quangnam\/?s={search_term_string}"},"query-input":"required name=search_term_string"}],"inLanguage":"vi"},{"@type":"ImageObject","inLanguage":"vi","@id":"https:\/\/tranthi.vn\/quangnam\/keo-dan-gach-premiumtile-mau-xam\/#local-main-organization-logo","url":"","contentUrl":"","caption":"V\u1eadt Li\u1ec7u X\u00e2y D\u1ef1ng Tr\u1ea7n Th\u1ecb Chi Nh\u00e1nh Qu\u1ea3ng Nam"}]},"product_price_amount":"519000","product_price_currency":"VND","og_availability":"instock","product_availability":"instock","product_condition":"new"},"_links":{"self":[{"href":"https:\/\/tranthi.vn\/quangnam\/wp-json\/wp\/v2\/product\/4955","targetHints":{"allow":["GET"]}}],"collection":[{"href":"https:\/\/tranthi.vn\/quangnam\/wp-json\/wp\/v2\/product"}],"about":[{"href":"https:\/\/tranthi.vn\/quangnam\/wp-json\/wp\/v2\/types\/product"}],"replies":[{"embeddable":true,"href":"https:\/\/tranthi.vn\/quangnam\/wp-json\/wp\/v2\/comments?post=4955"}],"wp:featuredmedia":[{"embeddable":true,"href":"https:\/\/tranthi.vn\/quangnam\/wp-json\/wp\/v2\/media\/4958"}],"wp:attachment":[{"href":"https:\/\/tranthi.vn\/quangnam\/wp-json\/wp\/v2\/media?parent=4955"}],"wp:term":[{"taxonomy":"product_cat","embeddable":true,"href":"https:\/\/tranthi.vn\/quangnam\/wp-json\/wp\/v2\/product_cat?post=4955"},{"taxonomy":"product_tag","embeddable":true,"href":"https:\/\/tranthi.vn\/quangnam\/wp-json\/wp\/v2\/product_tag?post=4955"}],"curies":[{"name":"wp","href":"https:\/\/api.w.org\/{rel}","templated":true}]}}