{"id":4894,"date":"2023-06-23T14:48:57","date_gmt":"2023-06-23T07:48:57","guid":{"rendered":"https:\/\/tranthi.vn\/quangnam\/?post_type=product&#038;p=4894"},"modified":"2023-06-24T16:05:16","modified_gmt":"2023-06-24T09:05:16","slug":"mst25121","status":"publish","type":"product","link":"https:\/\/tranthi.vn\/quangnam\/mst25121\/","title":{"rendered":"MST25121"},"content":{"rendered":"","protected":false},"excerpt":{"rendered":"<p><strong><span style=\"font-family: 'times new roman', times, serif; font-size: 130%; color: #0000ff;\">\u1ee8ng d\u1ee5ng:<\/span><\/strong><\/p>\n<ul>\n<li><strong><span style=\"font-family: 'times new roman', times, serif; font-size: 130%;\">\u1ed0p b\u1ec3 b\u01a1i, trang tr\u00ed n\u1ed9i ngo\u1ea1i th\u1ea5t, nh\u00e0 v\u1ec7 sinh, ph\u00f2ng t\u1eafm, t\u01b0\u1eddng trang tr\u00ed,\u2026<\/span><\/strong><\/li>\n<\/ul>\n<p><strong><span style=\"font-family: 'times new roman', times, serif; font-size: 130%;\">Ch\u1ea5t li\u1ec7u: Th\u1ee7y tinh<\/span><\/strong><\/p>\n<p><strong><span style=\"font-family: 'times new roman', times, serif; font-size: 130%;\">K\u00edch th\u01b0\u1edbc vi\u00ean: <span style=\"color: #d83131;\">25*25mm<\/span><\/span><\/strong><\/p>\n<p><strong><span style=\"font-family: 'times new roman', times, serif; font-size: 130%;\">K\u00edch th\u01b0\u1edbc v\u1ec9: <span style=\"color: #d83131;\">300*300mm<\/span><\/span><\/strong><\/p>\n<p><strong><span style=\"font-family: 'times new roman', times, serif; font-size: 130%;\">Tr\u1ecdng l\u01b0\u1ee3ng 14-19 kg\/ th\u00f9ng = 22 v\u1ec9 = 2m2<\/span><\/strong><\/p>\n<p><strong><span style=\"font-family: 'times new roman', times, serif; font-size: 130%;\">G\u00eda b\u00e1n : <span style=\"color: #d83131;\">485.000\u0111\/m<\/span><\/span><\/strong><\/p>\n<p><strong><span style=\"color: #0000ff;\"><em><span style=\"font-family: 'times new roman', times, serif; font-size: 130%;\">Mi\u1ec5n ph\u00ed giao h\u00e0ng n\u1ed9i th\u00e0nh \u0110\u00e0 N\u1eb5ng 5m tr\u1edf l\u00ean.<\/span><\/em><\/span><\/strong><\/p>\n<p>&nbsp;<\/p>\n","protected":false},"featured_media":4895,"comment_status":"closed","ping_status":"closed","template":"","meta":[],"product_cat":[342,370],"product_tag":[],"class_list":{"0":"post-4894","1":"product","2":"type-product","3":"status-publish","4":"has-post-thumbnail","6":"product_cat-gach-op-lat-gach-mosaic-da-nang","7":"product_cat-gach-op-lat-gach-mosaic-gach-mosaic-thuy-tinh-da-nang","9":"first","10":"instock","11":"sale","12":"shipping-taxable","13":"purchasable","14":"product-type-simple"},"yoast_head":"<!-- This site is optimized with the Yoast SEO Premium plugin v22.3 (Yoast SEO v22.8) - https:\/\/yoast.com\/wordpress\/plugins\/seo\/ -->\n<title>MST25121 - V\u1eadt Li\u1ec7u X\u00e2y D\u1ef1ng Tr\u1ea7n Th\u1ecb Chi Nh\u00e1nh Qu\u1ea3ng Nam<\/title>\n<meta name=\"robots\" content=\"index, follow, max-snippet:-1, max-image-preview:large, max-video-preview:-1\" \/>\n<link rel=\"canonical\" href=\"https:\/\/tranthi.vn\/quangnam\/mst25121\/\" \/>\n<meta property=\"og:locale\" content=\"vi_VN\" \/>\n<meta property=\"og:type\" content=\"article\" \/>\n<meta property=\"og:title\" content=\"MST25121\" \/>\n<meta property=\"og:description\" content=\"\u1ee8ng d\u1ee5ng:   \u1ed0p b\u1ec3 b\u01a1i, trang tr\u00ed n\u1ed9i ngo\u1ea1i th\u1ea5t, nh\u00e0 v\u1ec7 sinh, ph\u00f2ng t\u1eafm, t\u01b0\u1eddng trang tr\u00ed,\u2026  Ch\u1ea5t li\u1ec7u: Th\u1ee7y tinh  K\u00edch th\u01b0\u1edbc vi\u00ean: 25*25mm  K\u00edch th\u01b0\u1edbc v\u1ec9: 300*300mm  Tr\u1ecdng l\u01b0\u1ee3ng 14-19 kg\/ th\u00f9ng = 22 v\u1ec9 = 2m2  G\u00eda b\u00e1n : 485.000\u0111\/m  Mi\u1ec5n ph\u00ed giao h\u00e0ng n\u1ed9i th\u00e0nh \u0110\u00e0 N\u1eb5ng 5m tr\u1edf l\u00ean.  &nbsp;\" \/>\n<meta property=\"og:url\" content=\"https:\/\/tranthi.vn\/quangnam\/mst25121\/\" \/>\n<meta property=\"og:site_name\" content=\"V\u1eadt Li\u1ec7u X\u00e2y D\u1ef1ng Tr\u1ea7n Th\u1ecb Chi Nh\u00e1nh Qu\u1ea3ng Nam\" \/>\n<meta property=\"article:modified_time\" content=\"2023-06-24T09:05:16+00:00\" \/>\n<meta property=\"og:image\" content=\"https:\/\/tranthi.vn\/quangnam\/wp-content\/uploads\/2023\/06\/gach-mosaic-be-boi-MST25121-Da-Nang.jpg\" \/>\n\t<meta property=\"og:image:width\" content=\"400\" \/>\n\t<meta property=\"og:image:height\" content=\"350\" \/>\n\t<meta property=\"og:image:type\" content=\"image\/jpeg\" \/>\n<meta name=\"twitter:card\" content=\"summary_large_image\" \/>\n<meta name=\"twitter:label1\" content=\"Gi\u00e1\" \/>\n\t<meta name=\"twitter:data1\" content=\"485,000&nbsp;&#8363;\" \/>\n\t<meta name=\"twitter:label2\" content=\"Kh\u1ea3 d\u1ee5ng\" \/>\n\t<meta name=\"twitter:data2\" content=\"Trong kho\" \/>\n<script type=\"application\/ld+json\" class=\"yoast-schema-graph\">{\"@context\":\"https:\/\/schema.org\",\"@graph\":[{\"@type\":[\"WebPage\",\"ItemPage\"],\"@id\":\"https:\/\/tranthi.vn\/quangnam\/mst25121\/\",\"url\":\"https:\/\/tranthi.vn\/quangnam\/mst25121\/\",\"name\":\"MST25121 - V\u1eadt Li\u1ec7u X\u00e2y D\u1ef1ng Tr\u1ea7n Th\u1ecb Chi Nh\u00e1nh Qu\u1ea3ng Nam\",\"isPartOf\":{\"@id\":\"https:\/\/tranthi.vn\/quangnam\/#website\"},\"primaryImageOfPage\":{\"@id\":\"https:\/\/tranthi.vn\/quangnam\/mst25121\/#primaryimage\"},\"image\":{\"@id\":\"https:\/\/tranthi.vn\/quangnam\/mst25121\/#primaryimage\"},\"thumbnailUrl\":\"https:\/\/tranthi.vn\/quangnam\/wp-content\/uploads\/2023\/06\/gach-mosaic-be-boi-MST25121-Da-Nang.jpg\",\"datePublished\":\"2023-06-23T07:48:57+00:00\",\"dateModified\":\"2023-06-24T09:05:16+00:00\",\"breadcrumb\":{\"@id\":\"https:\/\/tranthi.vn\/quangnam\/mst25121\/#breadcrumb\"},\"inLanguage\":\"vi\",\"potentialAction\":[{\"@type\":\"ReadAction\",\"target\":[\"https:\/\/tranthi.vn\/quangnam\/mst25121\/\"]}]},{\"@type\":\"ImageObject\",\"inLanguage\":\"vi\",\"@id\":\"https:\/\/tranthi.vn\/quangnam\/mst25121\/#primaryimage\",\"url\":\"https:\/\/tranthi.vn\/quangnam\/wp-content\/uploads\/2023\/06\/gach-mosaic-be-boi-MST25121-Da-Nang.jpg\",\"contentUrl\":\"https:\/\/tranthi.vn\/quangnam\/wp-content\/uploads\/2023\/06\/gach-mosaic-be-boi-MST25121-Da-Nang.jpg\",\"width\":400,\"height\":350,\"caption\":\"g\u1ea1ch mosaic b\u1ec3 b\u01a1i MST25121 \u0110\u00e0 N\u1eb5ng.\"},{\"@type\":\"BreadcrumbList\",\"@id\":\"https:\/\/tranthi.vn\/quangnam\/mst25121\/#breadcrumb\",\"itemListElement\":[{\"@type\":\"ListItem\",\"position\":1,\"name\":\"Trang ch\u1ee7\",\"item\":\"https:\/\/tranthi.vn\/quangnam\/\"},{\"@type\":\"ListItem\",\"position\":2,\"name\":\"Shop\",\"item\":\"https:\/\/tranthi.vn\/quangnam\/shop\/\"},{\"@type\":\"ListItem\",\"position\":3,\"name\":\"MST25121\"}]},{\"@type\":\"WebSite\",\"@id\":\"https:\/\/tranthi.vn\/quangnam\/#website\",\"url\":\"https:\/\/tranthi.vn\/quangnam\/\",\"name\":\"V\u1eadt Li\u1ec7u X\u00e2y D\u1ef1ng Tr\u1ea7n Th\u1ecb Chi Nh\u00e1nh Qu\u1ea3ng Nam\",\"description\":\"V\u1eadt Li\u1ec7u X\u00e2y D\u1ef1ng - Qu\u1ea3ng Nam\",\"potentialAction\":[{\"@type\":\"SearchAction\",\"target\":{\"@type\":\"EntryPoint\",\"urlTemplate\":\"https:\/\/tranthi.vn\/quangnam\/?s={search_term_string}\"},\"query-input\":\"required name=search_term_string\"}],\"inLanguage\":\"vi\"},{\"@type\":\"ImageObject\",\"inLanguage\":\"vi\",\"@id\":\"https:\/\/tranthi.vn\/quangnam\/mst25121\/#local-main-organization-logo\",\"url\":\"\",\"contentUrl\":\"\",\"caption\":\"V\u1eadt Li\u1ec7u X\u00e2y D\u1ef1ng Tr\u1ea7n Th\u1ecb Chi Nh\u00e1nh Qu\u1ea3ng Nam\"}]}<\/script>\n<meta property=\"product:price:amount\" content=\"485000\" \/>\n<meta property=\"product:price:currency\" content=\"VND\" \/>\n<meta property=\"og:availability\" content=\"instock\" \/>\n<meta property=\"product:availability\" content=\"instock\" \/>\n<meta property=\"product:condition\" content=\"new\" \/>\n<!-- \/ Yoast SEO Premium plugin. -->","yoast_head_json":{"title":"MST25121 - V\u1eadt Li\u1ec7u X\u00e2y D\u1ef1ng Tr\u1ea7n Th\u1ecb Chi Nh\u00e1nh Qu\u1ea3ng Nam","robots":{"index":"index","follow":"follow","max-snippet":"max-snippet:-1","max-image-preview":"max-image-preview:large","max-video-preview":"max-video-preview:-1"},"canonical":"https:\/\/tranthi.vn\/quangnam\/mst25121\/","og_locale":"vi_VN","og_type":"article","og_title":"MST25121","og_description":"\u1ee8ng d\u1ee5ng:   \u1ed0p b\u1ec3 b\u01a1i, trang tr\u00ed n\u1ed9i ngo\u1ea1i th\u1ea5t, nh\u00e0 v\u1ec7 sinh, ph\u00f2ng t\u1eafm, t\u01b0\u1eddng trang tr\u00ed,\u2026  Ch\u1ea5t li\u1ec7u: Th\u1ee7y tinh  K\u00edch th\u01b0\u1edbc vi\u00ean: 25*25mm  K\u00edch th\u01b0\u1edbc v\u1ec9: 300*300mm  Tr\u1ecdng l\u01b0\u1ee3ng 14-19 kg\/ th\u00f9ng = 22 v\u1ec9 = 2m2  G\u00eda b\u00e1n : 485.000\u0111\/m  Mi\u1ec5n ph\u00ed giao h\u00e0ng n\u1ed9i th\u00e0nh \u0110\u00e0 N\u1eb5ng 5m tr\u1edf l\u00ean.  &nbsp;","og_url":"https:\/\/tranthi.vn\/quangnam\/mst25121\/","og_site_name":"V\u1eadt Li\u1ec7u X\u00e2y D\u1ef1ng Tr\u1ea7n Th\u1ecb Chi Nh\u00e1nh Qu\u1ea3ng Nam","article_modified_time":"2023-06-24T09:05:16+00:00","og_image":[{"width":400,"height":350,"url":"https:\/\/tranthi.vn\/quangnam\/wp-content\/uploads\/2023\/06\/gach-mosaic-be-boi-MST25121-Da-Nang.jpg","type":"image\/jpeg"}],"twitter_card":"summary_large_image","twitter_misc":{"Gi\u00e1":"485,000&nbsp;&#8363;","Kh\u1ea3 d\u1ee5ng":"Trong kho"},"schema":{"@context":"https:\/\/schema.org","@graph":[{"@type":["WebPage","ItemPage"],"@id":"https:\/\/tranthi.vn\/quangnam\/mst25121\/","url":"https:\/\/tranthi.vn\/quangnam\/mst25121\/","name":"MST25121 - V\u1eadt Li\u1ec7u X\u00e2y D\u1ef1ng Tr\u1ea7n Th\u1ecb Chi Nh\u00e1nh Qu\u1ea3ng Nam","isPartOf":{"@id":"https:\/\/tranthi.vn\/quangnam\/#website"},"primaryImageOfPage":{"@id":"https:\/\/tranthi.vn\/quangnam\/mst25121\/#primaryimage"},"image":{"@id":"https:\/\/tranthi.vn\/quangnam\/mst25121\/#primaryimage"},"thumbnailUrl":"https:\/\/tranthi.vn\/quangnam\/wp-content\/uploads\/2023\/06\/gach-mosaic-be-boi-MST25121-Da-Nang.jpg","datePublished":"2023-06-23T07:48:57+00:00","dateModified":"2023-06-24T09:05:16+00:00","breadcrumb":{"@id":"https:\/\/tranthi.vn\/quangnam\/mst25121\/#breadcrumb"},"inLanguage":"vi","potentialAction":[{"@type":"ReadAction","target":["https:\/\/tranthi.vn\/quangnam\/mst25121\/"]}]},{"@type":"ImageObject","inLanguage":"vi","@id":"https:\/\/tranthi.vn\/quangnam\/mst25121\/#primaryimage","url":"https:\/\/tranthi.vn\/quangnam\/wp-content\/uploads\/2023\/06\/gach-mosaic-be-boi-MST25121-Da-Nang.jpg","contentUrl":"https:\/\/tranthi.vn\/quangnam\/wp-content\/uploads\/2023\/06\/gach-mosaic-be-boi-MST25121-Da-Nang.jpg","width":400,"height":350,"caption":"g\u1ea1ch mosaic b\u1ec3 b\u01a1i MST25121 \u0110\u00e0 N\u1eb5ng."},{"@type":"BreadcrumbList","@id":"https:\/\/tranthi.vn\/quangnam\/mst25121\/#breadcrumb","itemListElement":[{"@type":"ListItem","position":1,"name":"Trang ch\u1ee7","item":"https:\/\/tranthi.vn\/quangnam\/"},{"@type":"ListItem","position":2,"name":"Shop","item":"https:\/\/tranthi.vn\/quangnam\/shop\/"},{"@type":"ListItem","position":3,"name":"MST25121"}]},{"@type":"WebSite","@id":"https:\/\/tranthi.vn\/quangnam\/#website","url":"https:\/\/tranthi.vn\/quangnam\/","name":"V\u1eadt Li\u1ec7u X\u00e2y D\u1ef1ng Tr\u1ea7n Th\u1ecb Chi Nh\u00e1nh Qu\u1ea3ng Nam","description":"V\u1eadt Li\u1ec7u X\u00e2y D\u1ef1ng - Qu\u1ea3ng Nam","potentialAction":[{"@type":"SearchAction","target":{"@type":"EntryPoint","urlTemplate":"https:\/\/tranthi.vn\/quangnam\/?s={search_term_string}"},"query-input":"required name=search_term_string"}],"inLanguage":"vi"},{"@type":"ImageObject","inLanguage":"vi","@id":"https:\/\/tranthi.vn\/quangnam\/mst25121\/#local-main-organization-logo","url":"","contentUrl":"","caption":"V\u1eadt Li\u1ec7u X\u00e2y D\u1ef1ng Tr\u1ea7n Th\u1ecb Chi Nh\u00e1nh Qu\u1ea3ng Nam"}]},"product_price_amount":"485000","product_price_currency":"VND","og_availability":"instock","product_availability":"instock","product_condition":"new"},"_links":{"self":[{"href":"https:\/\/tranthi.vn\/quangnam\/wp-json\/wp\/v2\/product\/4894","targetHints":{"allow":["GET"]}}],"collection":[{"href":"https:\/\/tranthi.vn\/quangnam\/wp-json\/wp\/v2\/product"}],"about":[{"href":"https:\/\/tranthi.vn\/quangnam\/wp-json\/wp\/v2\/types\/product"}],"replies":[{"embeddable":true,"href":"https:\/\/tranthi.vn\/quangnam\/wp-json\/wp\/v2\/comments?post=4894"}],"wp:featuredmedia":[{"embeddable":true,"href":"https:\/\/tranthi.vn\/quangnam\/wp-json\/wp\/v2\/media\/4895"}],"wp:attachment":[{"href":"https:\/\/tranthi.vn\/quangnam\/wp-json\/wp\/v2\/media?parent=4894"}],"wp:term":[{"taxonomy":"product_cat","embeddable":true,"href":"https:\/\/tranthi.vn\/quangnam\/wp-json\/wp\/v2\/product_cat?post=4894"},{"taxonomy":"product_tag","embeddable":true,"href":"https:\/\/tranthi.vn\/quangnam\/wp-json\/wp\/v2\/product_tag?post=4894"}],"curies":[{"name":"wp","href":"https:\/\/api.w.org\/{rel}","templated":true}]}}